{"id":8449,"date":"2023-07-14T08:43:25","date_gmt":"2023-07-14T06:43:25","guid":{"rendered":"https:\/\/www.kliinikum.ee\/aikliinik\/?page_id=8449"},"modified":"2025-11-05T10:27:08","modified_gmt":"2025-11-05T08:27:08","slug":"emo","status":"publish","type":"page","link":"https:\/\/www.kliinikum.ee\/aikliinik\/kliinikust\/emo\/","title":{"rendered":"EMO"},"content":{"rendered":"\n<p class=\"has-medium-font-size\"><strong>L. Puusepa 8, 51014 Tartu; M-korpus, I korrus<\/strong><\/p>\n\n\n\n<p class=\"has-medium-font-size\">731 8183 valve\u00f5de (triaa\u017ei\u00f5de)<br>731 8111 info teise osakonda hospitaliseeritud haigete kohta<\/p>\n\n\n\n<p class=\"has-medium-font-size\">Erakorraliste haigete vastuv\u00f5tt toimub L. Puusepa tn 8 asuva M-korpuse I korrusel. Erakorralise meditsiini osakonnas v\u00f5etakse vastu k\u00f5iki erakorralist abi vajavaid patsiente \u00f6\u00f6p\u00e4evaringselt.<\/p>\n\n\n\n<p class=\"has-medium-font-size\">Helistage valve\u00f5e telefonil, kui Te pole kindel, kas Teie seisund vajab erakorralist abi!<\/p>\n\n\n\n<p class=\"has-medium-font-size\"><strong>Osakonnajuht<\/strong> | Aime Keis | 731 8850 | <a href=\"mailto:Aime.Keis@kliinikum.ee\">Aime.Keis@kliinikum.ee<\/a> <br><strong>Osakonna \u00f5endusjuht <\/strong>| Eve Sarja | 731 8307 | <a href=\"mailto:Eve.Sarja@kliinikum.ee\">Eve.Sarja@kliinikum.ee<\/a><br><strong>Osakonna \u00f5endusjuht <\/strong>| Mari Teugjas-Koit | 731 8851 | <a href=\"mailto:mari.teugjas-koit@kliinikum.ee\">Mari.Teugjas-Koit@kliinikum.ee<\/a><br><strong>Tervishoiusekret\u00e4r<\/strong> | Helerin M\u00e4lksoo | 731 8187 | <a href=\"mailto:helerin.malksoo@kliinikum.ee\">Helerin.Malksoo@kliinikum.ee<\/a><\/p>\n\n\n\n<p class=\"has-medium-font-size\"><a href=\"http:\/\/kliinikum.ee\/patsiendile\/erakorraline-vastuvott\/erakorralise-meditsiini-osakond-emo\/\"><strong>Vaata EMOsse p\u00f6\u00f6rdumise infot<\/strong><\/a><\/p>\n\n\n\n<figure class=\"wp-block-image size-large\"><img loading=\"lazy\" decoding=\"async\" width=\"1024\" height=\"683\" src=\"https:\/\/www.kliinikum.ee\/aikliinik\/wp-content\/uploads\/2023\/11\/IMG_6661-1024x683.jpg\" alt=\"\" class=\"wp-image-8600\" srcset=\"https:\/\/www.kliinikum.ee\/aikliinik\/wp-content\/uploads\/2023\/11\/IMG_6661-1024x683.jpg 1024w, https:\/\/www.kliinikum.ee\/aikliinik\/wp-content\/uploads\/2023\/11\/IMG_6661-300x200.jpg 300w, https:\/\/www.kliinikum.ee\/aikliinik\/wp-content\/uploads\/2023\/11\/IMG_6661-768x512.jpg 768w, https:\/\/www.kliinikum.ee\/aikliinik\/wp-content\/uploads\/2023\/11\/IMG_6661-1536x1024.jpg 1536w, https:\/\/www.kliinikum.ee\/aikliinik\/wp-content\/uploads\/2023\/11\/IMG_6661-2048x1365.jpg 2048w, https:\/\/www.kliinikum.ee\/aikliinik\/wp-content\/uploads\/2023\/11\/IMG_6661-scaled.jpg 2560w\" sizes=\"auto, (max-width: 1024px) 100vw, 1024px\" \/><\/figure>\n","protected":false},"excerpt":{"rendered":"<p>L. Puusepa 8, 51014 Tartu; M-korpus, I korrus 731 8183 valve\u00f5de (triaa\u017ei\u00f5de)731 8111 info teise osakonda hospitaliseeritud haigete kohta Erakorraliste haigete vastuv\u00f5tt toimub L. Puusepa tn 8 asuva M-korpuse I korrusel. Erakorralise meditsiini osakonnas v\u00f5etakse vastu k\u00f5iki erakorralist abi vajavaid patsiente \u00f6\u00f6p\u00e4evaringselt. Helistage valve\u00f5e telefonil, kui Te pole kindel, kas Teie seisund vajab erakorralist abi! [&hellip;]<\/p>\n","protected":false},"author":36,"featured_media":0,"parent":17,"menu_order":3,"comment_status":"closed","ping_status":"closed","template":"","meta":{"_acf_changed":false,"_uag_custom_page_level_css":"","footnotes":""},"class_list":["post-8449","page","type-page","status-publish","hentry"],"acf":[],"yoast_head":"<!-- This site is optimized with the Yoast SEO plugin v27.5 - https:\/\/yoast.com\/product\/yoast-seo-wordpress\/ -->\n<title>EMO - Anestesioloogia ja intensiivravi kliinik<\/title>\n<meta name=\"robots\" content=\"index, follow, max-snippet:-1, max-image-preview:large, max-video-preview:-1\" \/>\n<link rel=\"canonical\" href=\"https:\/\/www.kliinikum.ee\/aikliinik\/kliinikust\/emo\/\" \/>\n<meta property=\"og:locale\" content=\"et_EE\" \/>\n<meta property=\"og:type\" content=\"article\" \/>\n<meta property=\"og:title\" content=\"EMO - Anestesioloogia ja intensiivravi kliinik\" \/>\n<meta property=\"og:description\" content=\"L. Puusepa 8, 51014 Tartu; M-korpus, I korrus 731 8183 valve\u00f5de (triaa\u017ei\u00f5de)731 8111 info teise osakonda hospitaliseeritud haigete kohta Erakorraliste haigete vastuv\u00f5tt toimub L. Puusepa tn 8 asuva M-korpuse I korrusel. Erakorralise meditsiini osakonnas v\u00f5etakse vastu k\u00f5iki erakorralist abi vajavaid patsiente \u00f6\u00f6p\u00e4evaringselt. Helistage valve\u00f5e telefonil, kui Te pole kindel, kas Teie seisund vajab erakorralist abi! [&hellip;]\" \/>\n<meta property=\"og:url\" content=\"https:\/\/www.kliinikum.ee\/aikliinik\/kliinikust\/emo\/\" \/>\n<meta property=\"og:site_name\" content=\"Anestesioloogia ja intensiivravi kliinik\" \/>\n<meta property=\"article:modified_time\" content=\"2025-11-05T08:27:08+00:00\" \/>\n<meta property=\"og:image\" content=\"https:\/\/www.kliinikum.ee\/aikliinik\/wp-content\/uploads\/2023\/11\/IMG_6661-scaled.jpg\" \/>\n\t<meta property=\"og:image:width\" content=\"2560\" \/>\n\t<meta property=\"og:image:height\" content=\"1706\" \/>\n\t<meta property=\"og:image:type\" content=\"image\/jpeg\" \/>\n<meta name=\"twitter:card\" content=\"summary_large_image\" \/>\n<meta name=\"twitter:label1\" content=\"Est. reading time\" \/>\n\t<meta name=\"twitter:data1\" content=\"1 minut\" \/>\n<script type=\"application\/ld+json\" class=\"yoast-schema-graph\">{\"@context\":\"https:\\\/\\\/schema.org\",\"@graph\":[{\"@type\":\"WebPage\",\"@id\":\"https:\\\/\\\/www.kliinikum.ee\\\/aikliinik\\\/kliinikust\\\/emo\\\/\",\"url\":\"https:\\\/\\\/www.kliinikum.ee\\\/aikliinik\\\/kliinikust\\\/emo\\\/\",\"name\":\"EMO - Anestesioloogia ja intensiivravi kliinik\",\"isPartOf\":{\"@id\":\"https:\\\/\\\/www.kliinikum.ee\\\/aikliinik\\\/#website\"},\"primaryImageOfPage\":{\"@id\":\"https:\\\/\\\/www.kliinikum.ee\\\/aikliinik\\\/kliinikust\\\/emo\\\/#primaryimage\"},\"image\":{\"@id\":\"https:\\\/\\\/www.kliinikum.ee\\\/aikliinik\\\/kliinikust\\\/emo\\\/#primaryimage\"},\"thumbnailUrl\":\"https:\\\/\\\/www.kliinikum.ee\\\/aikliinik\\\/wp-content\\\/uploads\\\/2023\\\/11\\\/IMG_6661-1024x683.jpg\",\"datePublished\":\"2023-07-14T06:43:25+00:00\",\"dateModified\":\"2025-11-05T08:27:08+00:00\",\"breadcrumb\":{\"@id\":\"https:\\\/\\\/www.kliinikum.ee\\\/aikliinik\\\/kliinikust\\\/emo\\\/#breadcrumb\"},\"inLanguage\":\"et\",\"potentialAction\":[{\"@type\":\"ReadAction\",\"target\":[\"https:\\\/\\\/www.kliinikum.ee\\\/aikliinik\\\/kliinikust\\\/emo\\\/\"]}]},{\"@type\":\"ImageObject\",\"inLanguage\":\"et\",\"@id\":\"https:\\\/\\\/www.kliinikum.ee\\\/aikliinik\\\/kliinikust\\\/emo\\\/#primaryimage\",\"url\":\"https:\\\/\\\/www.kliinikum.ee\\\/aikliinik\\\/wp-content\\\/uploads\\\/2023\\\/11\\\/IMG_6661-scaled.jpg\",\"contentUrl\":\"https:\\\/\\\/www.kliinikum.ee\\\/aikliinik\\\/wp-content\\\/uploads\\\/2023\\\/11\\\/IMG_6661-scaled.jpg\",\"width\":2560,\"height\":1706},{\"@type\":\"BreadcrumbList\",\"@id\":\"https:\\\/\\\/www.kliinikum.ee\\\/aikliinik\\\/kliinikust\\\/emo\\\/#breadcrumb\",\"itemListElement\":[{\"@type\":\"ListItem\",\"position\":1,\"name\":\"Home\",\"item\":\"https:\\\/\\\/www.kliinikum.ee\\\/aikliinik\\\/\"},{\"@type\":\"ListItem\",\"position\":2,\"name\":\"Kliinikust\",\"item\":\"https:\\\/\\\/www.kliinikum.ee\\\/aikliinik\\\/kliinikust\\\/\"},{\"@type\":\"ListItem\",\"position\":3,\"name\":\"EMO\"}]},{\"@type\":\"WebSite\",\"@id\":\"https:\\\/\\\/www.kliinikum.ee\\\/aikliinik\\\/#website\",\"url\":\"https:\\\/\\\/www.kliinikum.ee\\\/aikliinik\\\/\",\"name\":\"Anestesioloogia ja intensiivravi kliinik\",\"description\":\"Hoolivus, Uuendusmeelsus, P\u00e4devus ja Usaldusv\u00e4\u00e4rsus\",\"potentialAction\":[{\"@type\":\"SearchAction\",\"target\":{\"@type\":\"EntryPoint\",\"urlTemplate\":\"https:\\\/\\\/www.kliinikum.ee\\\/aikliinik\\\/?s={search_term_string}\"},\"query-input\":{\"@type\":\"PropertyValueSpecification\",\"valueRequired\":true,\"valueName\":\"search_term_string\"}}],\"inLanguage\":\"et\"}]}<\/script>\n<!-- \/ Yoast SEO plugin. -->","yoast_head_json":{"title":"EMO - Anestesioloogia ja intensiivravi kliinik","robots":{"index":"index","follow":"follow","max-snippet":"max-snippet:-1","max-image-preview":"max-image-preview:large","max-video-preview":"max-video-preview:-1"},"canonical":"https:\/\/www.kliinikum.ee\/aikliinik\/kliinikust\/emo\/","og_locale":"et_EE","og_type":"article","og_title":"EMO - Anestesioloogia ja intensiivravi kliinik","og_description":"L. Puusepa 8, 51014 Tartu; M-korpus, I korrus 731 8183 valve\u00f5de (triaa\u017ei\u00f5de)731 8111 info teise osakonda hospitaliseeritud haigete kohta Erakorraliste haigete vastuv\u00f5tt toimub L. Puusepa tn 8 asuva M-korpuse I korrusel. Erakorralise meditsiini osakonnas v\u00f5etakse vastu k\u00f5iki erakorralist abi vajavaid patsiente \u00f6\u00f6p\u00e4evaringselt. Helistage valve\u00f5e telefonil, kui Te pole kindel, kas Teie seisund vajab erakorralist abi! [&hellip;]","og_url":"https:\/\/www.kliinikum.ee\/aikliinik\/kliinikust\/emo\/","og_site_name":"Anestesioloogia ja intensiivravi kliinik","article_modified_time":"2025-11-05T08:27:08+00:00","og_image":[{"width":2560,"height":1706,"url":"https:\/\/www.kliinikum.ee\/aikliinik\/wp-content\/uploads\/2023\/11\/IMG_6661-scaled.jpg","type":"image\/jpeg"}],"twitter_card":"summary_large_image","twitter_misc":{"Est. reading time":"1 minut"},"schema":{"@context":"https:\/\/schema.org","@graph":[{"@type":"WebPage","@id":"https:\/\/www.kliinikum.ee\/aikliinik\/kliinikust\/emo\/","url":"https:\/\/www.kliinikum.ee\/aikliinik\/kliinikust\/emo\/","name":"EMO - Anestesioloogia ja intensiivravi kliinik","isPartOf":{"@id":"https:\/\/www.kliinikum.ee\/aikliinik\/#website"},"primaryImageOfPage":{"@id":"https:\/\/www.kliinikum.ee\/aikliinik\/kliinikust\/emo\/#primaryimage"},"image":{"@id":"https:\/\/www.kliinikum.ee\/aikliinik\/kliinikust\/emo\/#primaryimage"},"thumbnailUrl":"https:\/\/www.kliinikum.ee\/aikliinik\/wp-content\/uploads\/2023\/11\/IMG_6661-1024x683.jpg","datePublished":"2023-07-14T06:43:25+00:00","dateModified":"2025-11-05T08:27:08+00:00","breadcrumb":{"@id":"https:\/\/www.kliinikum.ee\/aikliinik\/kliinikust\/emo\/#breadcrumb"},"inLanguage":"et","potentialAction":[{"@type":"ReadAction","target":["https:\/\/www.kliinikum.ee\/aikliinik\/kliinikust\/emo\/"]}]},{"@type":"ImageObject","inLanguage":"et","@id":"https:\/\/www.kliinikum.ee\/aikliinik\/kliinikust\/emo\/#primaryimage","url":"https:\/\/www.kliinikum.ee\/aikliinik\/wp-content\/uploads\/2023\/11\/IMG_6661-scaled.jpg","contentUrl":"https:\/\/www.kliinikum.ee\/aikliinik\/wp-content\/uploads\/2023\/11\/IMG_6661-scaled.jpg","width":2560,"height":1706},{"@type":"BreadcrumbList","@id":"https:\/\/www.kliinikum.ee\/aikliinik\/kliinikust\/emo\/#breadcrumb","itemListElement":[{"@type":"ListItem","position":1,"name":"Home","item":"https:\/\/www.kliinikum.ee\/aikliinik\/"},{"@type":"ListItem","position":2,"name":"Kliinikust","item":"https:\/\/www.kliinikum.ee\/aikliinik\/kliinikust\/"},{"@type":"ListItem","position":3,"name":"EMO"}]},{"@type":"WebSite","@id":"https:\/\/www.kliinikum.ee\/aikliinik\/#website","url":"https:\/\/www.kliinikum.ee\/aikliinik\/","name":"Anestesioloogia ja intensiivravi kliinik","description":"Hoolivus, Uuendusmeelsus, P\u00e4devus ja Usaldusv\u00e4\u00e4rsus","potentialAction":[{"@type":"SearchAction","target":{"@type":"EntryPoint","urlTemplate":"https:\/\/www.kliinikum.ee\/aikliinik\/?s={search_term_string}"},"query-input":{"@type":"PropertyValueSpecification","valueRequired":true,"valueName":"search_term_string"}}],"inLanguage":"et"}]}},"uagb_featured_image_src":{"full":false,"thumbnail":false,"medium":false,"medium_large":false,"large":false,"1536x1536":false,"2048x2048":false},"uagb_author_info":{"display_name":"Jane Freimann","author_link":"https:\/\/www.kliinikum.ee\/aikliinik\/author\/janef\/"},"uagb_comment_info":0,"uagb_excerpt":"L. Puusepa 8, 51014 Tartu; M-korpus, I korrus 731 8183 valve\u00f5de (triaa\u017ei\u00f5de)731 8111 info teise osakonda hospitaliseeritud haigete kohta Erakorraliste haigete vastuv\u00f5tt toimub L. Puusepa tn 8 asuva M-korpuse I korrusel. Erakorralise meditsiini osakonnas v\u00f5etakse vastu k\u00f5iki erakorralist abi vajavaid patsiente \u00f6\u00f6p\u00e4evaringselt. Helistage valve\u00f5e telefonil, kui Te pole kindel, kas Teie seisund vajab erakorralist abi!&hellip;","_links":{"self":[{"href":"https:\/\/www.kliinikum.ee\/aikliinik\/wp-json\/wp\/v2\/pages\/8449","targetHints":{"allow":["GET"]}}],"collection":[{"href":"https:\/\/www.kliinikum.ee\/aikliinik\/wp-json\/wp\/v2\/pages"}],"about":[{"href":"https:\/\/www.kliinikum.ee\/aikliinik\/wp-json\/wp\/v2\/types\/page"}],"author":[{"embeddable":true,"href":"https:\/\/www.kliinikum.ee\/aikliinik\/wp-json\/wp\/v2\/users\/36"}],"replies":[{"embeddable":true,"href":"https:\/\/www.kliinikum.ee\/aikliinik\/wp-json\/wp\/v2\/comments?post=8449"}],"version-history":[{"count":0,"href":"https:\/\/www.kliinikum.ee\/aikliinik\/wp-json\/wp\/v2\/pages\/8449\/revisions"}],"up":[{"embeddable":true,"href":"https:\/\/www.kliinikum.ee\/aikliinik\/wp-json\/wp\/v2\/pages\/17"}],"wp:attachment":[{"href":"https:\/\/www.kliinikum.ee\/aikliinik\/wp-json\/wp\/v2\/media?parent=8449"}],"curies":[{"name":"wp","href":"https:\/\/api.w.org\/{rel}","templated":true}]}}