{"id":8453,"date":"2023-07-14T08:45:08","date_gmt":"2023-07-14T06:45:08","guid":{"rendered":"https:\/\/www.kliinikum.ee\/aikliinik\/?page_id=8453"},"modified":"2025-01-02T13:52:52","modified_gmt":"2025-01-02T11:52:52","slug":"anestesioloogia","status":"publish","type":"page","link":"https:\/\/www.kliinikum.ee\/aikliinik\/kliinikust\/anestesioloogia\/","title":{"rendered":"Anestesioloogia osakond"},"content":{"rendered":"\n<p class=\"has-medium-font-size\"><strong>Anestesioloogia osakond<\/strong><\/p>\n\n\n\n<p class=\"has-medium-font-size\"><strong>L. Puusepa 8, 51014 Tartu; G1-korpus, III korrus<\/strong> ja <strong>C-korpus II <\/strong>(p\u00e4evakirurgia)<strong> ja IV korrus<\/strong> (k\u00f5rvakliiniku operatsioonid).<\/p>\n\n\n\n<p class=\"has-medium-font-size\">Osakonna p\u00f5hi\u00fclesandeks on anestesioloogilise teenistuse tagamine kliinikumi operatsiooniteenistuse, aga samuti k\u00f5rvakliiniku, silmakliiniku ja ambulatoorse kirurgia operatsioonitubades. Osakonna personal osaleb ka perioperatiivse ravi korraldamises kirurgia-, traumatoloogia ja ortopeedia-, naiste- ja hematoloogia- onkoloogia kliiniku intensiivravi palatites.<\/p>\n\n\n\n<p class=\"has-medium-font-size\"><strong>Anestesioloogi ambulatoorne vastuv\u00f5tt<\/strong><\/p>\n\n\n\n<p class=\"has-medium-font-size\">Vastuv\u00f5tule eelregistreerimine telefonil 731 9100<br>L. Puusepa 8, C1080 tel 731 8843<br><strong>Vastuv\u00f5tuajad<\/strong><br>Teisip\u00e4ev, neljap\u00e4ev, reede 9-15<br>Kolmap\u00e4ev 9-13<\/p>\n\n\n\n<p class=\"has-medium-font-size\"><strong>Osakonnajuht<\/strong> | Kaie Stroo | 731 8416 | <a href=\"mailto:kaie.stroo@kliinikum.ee\">Kaie.Stroo@kliinikum.ee<\/a><br><strong>Osakonna \u00f5endusjuht<\/strong> | Janika Hein | 731 8386 |&nbsp;<a href=\"mailto:janika.hein@kliinikum.ee\">Janika.Hein@kliinikum.ee<\/a><br><strong>Osakonna \u00f5endusjuht<\/strong>&nbsp;| Ilona Sarits | 731 8849 |&nbsp;<a href=\"mailto:ilona.sarits@kliinikum.ee\">Ilona.Sarits@kliinikum.ee<\/a> <\/p>\n\n\n\n<p class=\"has-medium-font-size\"><strong>Tervishoiusekret\u00e4r<\/strong> | Kerli Porro | 731 8847 | <a href=\"mailto:Kerli.Porro@kliinikum.ee\">Kerli.Porro@kliinikum.ee<\/a><\/p>\n\n\n\n<figure class=\"wp-block-image size-large\"><img loading=\"lazy\" decoding=\"async\" width=\"1024\" height=\"683\" src=\"https:\/\/www.kliinikum.ee\/aikliinik\/wp-content\/uploads\/2023\/11\/IMG_6261-1024x683.jpg\" alt=\"\" class=\"wp-image-8617\" srcset=\"https:\/\/www.kliinikum.ee\/aikliinik\/wp-content\/uploads\/2023\/11\/IMG_6261-1024x683.jpg 1024w, https:\/\/www.kliinikum.ee\/aikliinik\/wp-content\/uploads\/2023\/11\/IMG_6261-300x200.jpg 300w, https:\/\/www.kliinikum.ee\/aikliinik\/wp-content\/uploads\/2023\/11\/IMG_6261-768x512.jpg 768w, https:\/\/www.kliinikum.ee\/aikliinik\/wp-content\/uploads\/2023\/11\/IMG_6261-1536x1024.jpg 1536w, https:\/\/www.kliinikum.ee\/aikliinik\/wp-content\/uploads\/2023\/11\/IMG_6261-2048x1365.jpg 2048w, https:\/\/www.kliinikum.ee\/aikliinik\/wp-content\/uploads\/2023\/11\/IMG_6261-scaled.jpg 2560w\" sizes=\"auto, (max-width: 1024px) 100vw, 1024px\" \/><\/figure>\n","protected":false},"excerpt":{"rendered":"<p>Anestesioloogia osakond L. Puusepa 8, 51014 Tartu; G1-korpus, III korrus ja C-korpus II (p\u00e4evakirurgia) ja IV korrus (k\u00f5rvakliiniku operatsioonid). Osakonna p\u00f5hi\u00fclesandeks on anestesioloogilise teenistuse tagamine kliinikumi operatsiooniteenistuse, aga samuti k\u00f5rvakliiniku, silmakliiniku ja ambulatoorse kirurgia operatsioonitubades. Osakonna personal osaleb ka perioperatiivse ravi korraldamises kirurgia-, traumatoloogia ja ortopeedia-, naiste- ja hematoloogia- onkoloogia kliiniku intensiivravi palatites. Anestesioloogi ambulatoorne [&hellip;]<\/p>\n","protected":false},"author":36,"featured_media":0,"parent":17,"menu_order":2,"comment_status":"closed","ping_status":"closed","template":"","meta":{"_acf_changed":false,"_uag_custom_page_level_css":"","footnotes":""},"class_list":["post-8453","page","type-page","status-publish","hentry"],"acf":[],"yoast_head":"<!-- This site is optimized with the Yoast SEO plugin v27.5 - https:\/\/yoast.com\/product\/yoast-seo-wordpress\/ -->\n<title>Anestesioloogia osakond - Anestesioloogia ja intensiivravi kliinik<\/title>\n<meta name=\"robots\" content=\"index, follow, max-snippet:-1, max-image-preview:large, max-video-preview:-1\" \/>\n<link rel=\"canonical\" href=\"https:\/\/www.kliinikum.ee\/aikliinik\/kliinikust\/anestesioloogia\/\" \/>\n<meta property=\"og:locale\" content=\"et_EE\" \/>\n<meta property=\"og:type\" content=\"article\" \/>\n<meta property=\"og:title\" content=\"Anestesioloogia osakond - Anestesioloogia ja intensiivravi kliinik\" \/>\n<meta property=\"og:description\" content=\"Anestesioloogia osakond L. Puusepa 8, 51014 Tartu; G1-korpus, III korrus ja C-korpus II (p\u00e4evakirurgia) ja IV korrus (k\u00f5rvakliiniku operatsioonid). Osakonna p\u00f5hi\u00fclesandeks on anestesioloogilise teenistuse tagamine kliinikumi operatsiooniteenistuse, aga samuti k\u00f5rvakliiniku, silmakliiniku ja ambulatoorse kirurgia operatsioonitubades. Osakonna personal osaleb ka perioperatiivse ravi korraldamises kirurgia-, traumatoloogia ja ortopeedia-, naiste- ja hematoloogia- onkoloogia kliiniku intensiivravi palatites. Anestesioloogi ambulatoorne [&hellip;]\" \/>\n<meta property=\"og:url\" content=\"https:\/\/www.kliinikum.ee\/aikliinik\/kliinikust\/anestesioloogia\/\" \/>\n<meta property=\"og:site_name\" content=\"Anestesioloogia ja intensiivravi kliinik\" \/>\n<meta property=\"article:modified_time\" content=\"2025-01-02T11:52:52+00:00\" \/>\n<meta property=\"og:image\" content=\"https:\/\/www.kliinikum.ee\/aikliinik\/wp-content\/uploads\/2023\/11\/IMG_6261-scaled.jpg\" \/>\n\t<meta property=\"og:image:width\" content=\"2560\" \/>\n\t<meta property=\"og:image:height\" content=\"1706\" \/>\n\t<meta property=\"og:image:type\" content=\"image\/jpeg\" \/>\n<meta name=\"twitter:card\" content=\"summary_large_image\" \/>\n<meta name=\"twitter:label1\" content=\"Est. reading time\" \/>\n\t<meta name=\"twitter:data1\" content=\"1 minut\" \/>\n<script type=\"application\/ld+json\" class=\"yoast-schema-graph\">{\"@context\":\"https:\\\/\\\/schema.org\",\"@graph\":[{\"@type\":\"WebPage\",\"@id\":\"https:\\\/\\\/www.kliinikum.ee\\\/aikliinik\\\/kliinikust\\\/anestesioloogia\\\/\",\"url\":\"https:\\\/\\\/www.kliinikum.ee\\\/aikliinik\\\/kliinikust\\\/anestesioloogia\\\/\",\"name\":\"Anestesioloogia osakond - Anestesioloogia ja intensiivravi kliinik\",\"isPartOf\":{\"@id\":\"https:\\\/\\\/www.kliinikum.ee\\\/aikliinik\\\/#website\"},\"primaryImageOfPage\":{\"@id\":\"https:\\\/\\\/www.kliinikum.ee\\\/aikliinik\\\/kliinikust\\\/anestesioloogia\\\/#primaryimage\"},\"image\":{\"@id\":\"https:\\\/\\\/www.kliinikum.ee\\\/aikliinik\\\/kliinikust\\\/anestesioloogia\\\/#primaryimage\"},\"thumbnailUrl\":\"https:\\\/\\\/www.kliinikum.ee\\\/aikliinik\\\/wp-content\\\/uploads\\\/2023\\\/11\\\/IMG_6261-1024x683.jpg\",\"datePublished\":\"2023-07-14T06:45:08+00:00\",\"dateModified\":\"2025-01-02T11:52:52+00:00\",\"breadcrumb\":{\"@id\":\"https:\\\/\\\/www.kliinikum.ee\\\/aikliinik\\\/kliinikust\\\/anestesioloogia\\\/#breadcrumb\"},\"inLanguage\":\"et\",\"potentialAction\":[{\"@type\":\"ReadAction\",\"target\":[\"https:\\\/\\\/www.kliinikum.ee\\\/aikliinik\\\/kliinikust\\\/anestesioloogia\\\/\"]}]},{\"@type\":\"ImageObject\",\"inLanguage\":\"et\",\"@id\":\"https:\\\/\\\/www.kliinikum.ee\\\/aikliinik\\\/kliinikust\\\/anestesioloogia\\\/#primaryimage\",\"url\":\"https:\\\/\\\/www.kliinikum.ee\\\/aikliinik\\\/wp-content\\\/uploads\\\/2023\\\/11\\\/IMG_6261-scaled.jpg\",\"contentUrl\":\"https:\\\/\\\/www.kliinikum.ee\\\/aikliinik\\\/wp-content\\\/uploads\\\/2023\\\/11\\\/IMG_6261-scaled.jpg\",\"width\":2560,\"height\":1706},{\"@type\":\"BreadcrumbList\",\"@id\":\"https:\\\/\\\/www.kliinikum.ee\\\/aikliinik\\\/kliinikust\\\/anestesioloogia\\\/#breadcrumb\",\"itemListElement\":[{\"@type\":\"ListItem\",\"position\":1,\"name\":\"Home\",\"item\":\"https:\\\/\\\/www.kliinikum.ee\\\/aikliinik\\\/\"},{\"@type\":\"ListItem\",\"position\":2,\"name\":\"Kliinikust\",\"item\":\"https:\\\/\\\/www.kliinikum.ee\\\/aikliinik\\\/kliinikust\\\/\"},{\"@type\":\"ListItem\",\"position\":3,\"name\":\"Anestesioloogia osakond\"}]},{\"@type\":\"WebSite\",\"@id\":\"https:\\\/\\\/www.kliinikum.ee\\\/aikliinik\\\/#website\",\"url\":\"https:\\\/\\\/www.kliinikum.ee\\\/aikliinik\\\/\",\"name\":\"Anestesioloogia ja intensiivravi kliinik\",\"description\":\"Hoolivus, Uuendusmeelsus, P\u00e4devus ja Usaldusv\u00e4\u00e4rsus\",\"potentialAction\":[{\"@type\":\"SearchAction\",\"target\":{\"@type\":\"EntryPoint\",\"urlTemplate\":\"https:\\\/\\\/www.kliinikum.ee\\\/aikliinik\\\/?s={search_term_string}\"},\"query-input\":{\"@type\":\"PropertyValueSpecification\",\"valueRequired\":true,\"valueName\":\"search_term_string\"}}],\"inLanguage\":\"et\"}]}<\/script>\n<!-- \/ Yoast SEO plugin. -->","yoast_head_json":{"title":"Anestesioloogia osakond - Anestesioloogia ja intensiivravi kliinik","robots":{"index":"index","follow":"follow","max-snippet":"max-snippet:-1","max-image-preview":"max-image-preview:large","max-video-preview":"max-video-preview:-1"},"canonical":"https:\/\/www.kliinikum.ee\/aikliinik\/kliinikust\/anestesioloogia\/","og_locale":"et_EE","og_type":"article","og_title":"Anestesioloogia osakond - Anestesioloogia ja intensiivravi kliinik","og_description":"Anestesioloogia osakond L. Puusepa 8, 51014 Tartu; G1-korpus, III korrus ja C-korpus II (p\u00e4evakirurgia) ja IV korrus (k\u00f5rvakliiniku operatsioonid). Osakonna p\u00f5hi\u00fclesandeks on anestesioloogilise teenistuse tagamine kliinikumi operatsiooniteenistuse, aga samuti k\u00f5rvakliiniku, silmakliiniku ja ambulatoorse kirurgia operatsioonitubades. Osakonna personal osaleb ka perioperatiivse ravi korraldamises kirurgia-, traumatoloogia ja ortopeedia-, naiste- ja hematoloogia- onkoloogia kliiniku intensiivravi palatites. Anestesioloogi ambulatoorne [&hellip;]","og_url":"https:\/\/www.kliinikum.ee\/aikliinik\/kliinikust\/anestesioloogia\/","og_site_name":"Anestesioloogia ja intensiivravi kliinik","article_modified_time":"2025-01-02T11:52:52+00:00","og_image":[{"width":2560,"height":1706,"url":"https:\/\/www.kliinikum.ee\/aikliinik\/wp-content\/uploads\/2023\/11\/IMG_6261-scaled.jpg","type":"image\/jpeg"}],"twitter_card":"summary_large_image","twitter_misc":{"Est. reading time":"1 minut"},"schema":{"@context":"https:\/\/schema.org","@graph":[{"@type":"WebPage","@id":"https:\/\/www.kliinikum.ee\/aikliinik\/kliinikust\/anestesioloogia\/","url":"https:\/\/www.kliinikum.ee\/aikliinik\/kliinikust\/anestesioloogia\/","name":"Anestesioloogia osakond - Anestesioloogia ja intensiivravi kliinik","isPartOf":{"@id":"https:\/\/www.kliinikum.ee\/aikliinik\/#website"},"primaryImageOfPage":{"@id":"https:\/\/www.kliinikum.ee\/aikliinik\/kliinikust\/anestesioloogia\/#primaryimage"},"image":{"@id":"https:\/\/www.kliinikum.ee\/aikliinik\/kliinikust\/anestesioloogia\/#primaryimage"},"thumbnailUrl":"https:\/\/www.kliinikum.ee\/aikliinik\/wp-content\/uploads\/2023\/11\/IMG_6261-1024x683.jpg","datePublished":"2023-07-14T06:45:08+00:00","dateModified":"2025-01-02T11:52:52+00:00","breadcrumb":{"@id":"https:\/\/www.kliinikum.ee\/aikliinik\/kliinikust\/anestesioloogia\/#breadcrumb"},"inLanguage":"et","potentialAction":[{"@type":"ReadAction","target":["https:\/\/www.kliinikum.ee\/aikliinik\/kliinikust\/anestesioloogia\/"]}]},{"@type":"ImageObject","inLanguage":"et","@id":"https:\/\/www.kliinikum.ee\/aikliinik\/kliinikust\/anestesioloogia\/#primaryimage","url":"https:\/\/www.kliinikum.ee\/aikliinik\/wp-content\/uploads\/2023\/11\/IMG_6261-scaled.jpg","contentUrl":"https:\/\/www.kliinikum.ee\/aikliinik\/wp-content\/uploads\/2023\/11\/IMG_6261-scaled.jpg","width":2560,"height":1706},{"@type":"BreadcrumbList","@id":"https:\/\/www.kliinikum.ee\/aikliinik\/kliinikust\/anestesioloogia\/#breadcrumb","itemListElement":[{"@type":"ListItem","position":1,"name":"Home","item":"https:\/\/www.kliinikum.ee\/aikliinik\/"},{"@type":"ListItem","position":2,"name":"Kliinikust","item":"https:\/\/www.kliinikum.ee\/aikliinik\/kliinikust\/"},{"@type":"ListItem","position":3,"name":"Anestesioloogia osakond"}]},{"@type":"WebSite","@id":"https:\/\/www.kliinikum.ee\/aikliinik\/#website","url":"https:\/\/www.kliinikum.ee\/aikliinik\/","name":"Anestesioloogia ja intensiivravi kliinik","description":"Hoolivus, Uuendusmeelsus, P\u00e4devus ja Usaldusv\u00e4\u00e4rsus","potentialAction":[{"@type":"SearchAction","target":{"@type":"EntryPoint","urlTemplate":"https:\/\/www.kliinikum.ee\/aikliinik\/?s={search_term_string}"},"query-input":{"@type":"PropertyValueSpecification","valueRequired":true,"valueName":"search_term_string"}}],"inLanguage":"et"}]}},"uagb_featured_image_src":{"full":false,"thumbnail":false,"medium":false,"medium_large":false,"large":false,"1536x1536":false,"2048x2048":false},"uagb_author_info":{"display_name":"Jane Freimann","author_link":"https:\/\/www.kliinikum.ee\/aikliinik\/author\/janef\/"},"uagb_comment_info":0,"uagb_excerpt":"Anestesioloogia osakond L. Puusepa 8, 51014 Tartu; G1-korpus, III korrus ja C-korpus II (p\u00e4evakirurgia) ja IV korrus (k\u00f5rvakliiniku operatsioonid). Osakonna p\u00f5hi\u00fclesandeks on anestesioloogilise teenistuse tagamine kliinikumi operatsiooniteenistuse, aga samuti k\u00f5rvakliiniku, silmakliiniku ja ambulatoorse kirurgia operatsioonitubades. Osakonna personal osaleb ka perioperatiivse ravi korraldamises kirurgia-, traumatoloogia ja ortopeedia-, naiste- ja hematoloogia- onkoloogia kliiniku intensiivravi palatites. Anestesioloogi ambulatoorne&hellip;","_links":{"self":[{"href":"https:\/\/www.kliinikum.ee\/aikliinik\/wp-json\/wp\/v2\/pages\/8453","targetHints":{"allow":["GET"]}}],"collection":[{"href":"https:\/\/www.kliinikum.ee\/aikliinik\/wp-json\/wp\/v2\/pages"}],"about":[{"href":"https:\/\/www.kliinikum.ee\/aikliinik\/wp-json\/wp\/v2\/types\/page"}],"author":[{"embeddable":true,"href":"https:\/\/www.kliinikum.ee\/aikliinik\/wp-json\/wp\/v2\/users\/36"}],"replies":[{"embeddable":true,"href":"https:\/\/www.kliinikum.ee\/aikliinik\/wp-json\/wp\/v2\/comments?post=8453"}],"version-history":[{"count":0,"href":"https:\/\/www.kliinikum.ee\/aikliinik\/wp-json\/wp\/v2\/pages\/8453\/revisions"}],"up":[{"embeddable":true,"href":"https:\/\/www.kliinikum.ee\/aikliinik\/wp-json\/wp\/v2\/pages\/17"}],"wp:attachment":[{"href":"https:\/\/www.kliinikum.ee\/aikliinik\/wp-json\/wp\/v2\/media?parent=8453"}],"curies":[{"name":"wp","href":"https:\/\/api.w.org\/{rel}","templated":true}]}}