{"id":8456,"date":"2023-07-14T09:17:57","date_gmt":"2023-07-14T07:17:57","guid":{"rendered":"https:\/\/www.kliinikum.ee\/aikliinik\/?page_id=8456"},"modified":"2025-10-01T11:10:29","modified_gmt":"2025-10-01T09:10:29","slug":"lasteintensiivravi-osakond","status":"publish","type":"page","link":"https:\/\/www.kliinikum.ee\/aikliinik\/kliinikust\/lasteintensiivravi-osakond\/","title":{"rendered":"Lasteintensiivravi osakond"},"content":{"rendered":"\n<p class=\"has-medium-font-size\"><strong>L. Puusepa 8, M-korpus, III korrus<\/strong><\/p>\n\n\n\n<p class=\"has-medium-font-size\">731 9553 \u00f5ed<\/p>\n\n\n\n<p class=\"has-medium-font-size\">Lasteintensiivravi osakonnas on k\u00f5ikide patsientide ja nende l\u00e4hedaste k\u00e4sutuses perepalatid. Perepalatid on kasutusel ka vasts\u00fcndinute intensiivravis, kus moodsaima j\u00e4lgimiss\u00fcsteemi abiga on \u00f5dedel pidev \u00fclevaade v\u00e4ikse patsiendi elut\u00e4htsatest funktsioonidest.<\/p>\n\n\n\n<p class=\"has-medium-font-size\"><strong>Osakonnajuht\u00a0<\/strong>| Merle Benstr\u00f6m\u00a0 | 5331 9557 |\u00a0<a href=\"mailto:merle.benstrom@kliinikum.ee\">Merle.Benstrom@kliinikum.ee<\/a><br><strong>Osakonna \u00f5endusjuht\u00a0<\/strong>| Kertu Lepla | 731 9551 |\u00a0<a href=\"mailto:Kertu.Lepla@kliinikum.ee\">Kertu.Lepla@kliinikum.ee<\/a><br><strong>Sekret\u00e4r<\/strong>\u00a0| Anne Sogas | 731 9554 |\u00a0<a href=\"mailto:anne.sogas@kliinikum.ee\">Anne.Sogas@kliinikum.ee<\/a><\/p>\n\n\n\n<figure class=\"wp-block-image size-large\"><img loading=\"lazy\" decoding=\"async\" width=\"1024\" height=\"683\" src=\"https:\/\/www.kliinikum.ee\/aikliinik\/wp-content\/uploads\/2023\/11\/IMG_7580-1024x683.jpg\" alt=\"\" class=\"wp-image-8622\" srcset=\"https:\/\/www.kliinikum.ee\/aikliinik\/wp-content\/uploads\/2023\/11\/IMG_7580-1024x683.jpg 1024w, https:\/\/www.kliinikum.ee\/aikliinik\/wp-content\/uploads\/2023\/11\/IMG_7580-300x200.jpg 300w, https:\/\/www.kliinikum.ee\/aikliinik\/wp-content\/uploads\/2023\/11\/IMG_7580-768x512.jpg 768w, https:\/\/www.kliinikum.ee\/aikliinik\/wp-content\/uploads\/2023\/11\/IMG_7580-1536x1024.jpg 1536w, https:\/\/www.kliinikum.ee\/aikliinik\/wp-content\/uploads\/2023\/11\/IMG_7580-2048x1365.jpg 2048w, https:\/\/www.kliinikum.ee\/aikliinik\/wp-content\/uploads\/2023\/11\/IMG_7580-scaled.jpg 2560w\" sizes=\"auto, (max-width: 1024px) 100vw, 1024px\" \/><\/figure>\n","protected":false},"excerpt":{"rendered":"<p>L. Puusepa 8, M-korpus, III korrus 731 9553 \u00f5ed Lasteintensiivravi osakonnas on k\u00f5ikide patsientide ja nende l\u00e4hedaste k\u00e4sutuses perepalatid. Perepalatid on kasutusel ka vasts\u00fcndinute intensiivravis, kus moodsaima j\u00e4lgimiss\u00fcsteemi abiga on \u00f5dedel pidev \u00fclevaade v\u00e4ikse patsiendi elut\u00e4htsatest funktsioonidest. Osakonnajuht\u00a0| Merle Benstr\u00f6m\u00a0 | 5331 9557 |\u00a0Merle.Benstrom@kliinikum.eeOsakonna \u00f5endusjuht\u00a0| Kertu Lepla | 731 9551 |\u00a0Kertu.Lepla@kliinikum.eeSekret\u00e4r\u00a0| Anne Sogas | 731 [&hellip;]<\/p>\n","protected":false},"author":36,"featured_media":0,"parent":17,"menu_order":6,"comment_status":"closed","ping_status":"closed","template":"","meta":{"_acf_changed":false,"_uag_custom_page_level_css":"","footnotes":""},"class_list":["post-8456","page","type-page","status-publish","hentry"],"acf":[],"yoast_head":"<!-- This site is optimized with the Yoast SEO plugin v27.5 - https:\/\/yoast.com\/product\/yoast-seo-wordpress\/ -->\n<title>Lasteintensiivravi osakond - Anestesioloogia ja intensiivravi kliinik<\/title>\n<meta name=\"robots\" content=\"index, follow, max-snippet:-1, max-image-preview:large, max-video-preview:-1\" \/>\n<link rel=\"canonical\" href=\"https:\/\/www.kliinikum.ee\/aikliinik\/kliinikust\/lasteintensiivravi-osakond\/\" \/>\n<meta property=\"og:locale\" content=\"et_EE\" \/>\n<meta property=\"og:type\" content=\"article\" \/>\n<meta property=\"og:title\" content=\"Lasteintensiivravi osakond - Anestesioloogia ja intensiivravi kliinik\" \/>\n<meta property=\"og:description\" content=\"L. Puusepa 8, M-korpus, III korrus 731 9553 \u00f5ed Lasteintensiivravi osakonnas on k\u00f5ikide patsientide ja nende l\u00e4hedaste k\u00e4sutuses perepalatid. Perepalatid on kasutusel ka vasts\u00fcndinute intensiivravis, kus moodsaima j\u00e4lgimiss\u00fcsteemi abiga on \u00f5dedel pidev \u00fclevaade v\u00e4ikse patsiendi elut\u00e4htsatest funktsioonidest. Osakonnajuht\u00a0| Merle Benstr\u00f6m\u00a0 | 5331 9557 |\u00a0Merle.Benstrom@kliinikum.eeOsakonna \u00f5endusjuht\u00a0| Kertu Lepla | 731 9551 |\u00a0Kertu.Lepla@kliinikum.eeSekret\u00e4r\u00a0| Anne Sogas | 731 [&hellip;]\" \/>\n<meta property=\"og:url\" content=\"https:\/\/www.kliinikum.ee\/aikliinik\/kliinikust\/lasteintensiivravi-osakond\/\" \/>\n<meta property=\"og:site_name\" content=\"Anestesioloogia ja intensiivravi kliinik\" \/>\n<meta property=\"article:modified_time\" content=\"2025-10-01T09:10:29+00:00\" \/>\n<meta property=\"og:image\" content=\"https:\/\/www.kliinikum.ee\/aikliinik\/wp-content\/uploads\/2023\/11\/IMG_7580-scaled.jpg\" \/>\n\t<meta property=\"og:image:width\" content=\"2560\" \/>\n\t<meta property=\"og:image:height\" content=\"1706\" \/>\n\t<meta property=\"og:image:type\" content=\"image\/jpeg\" \/>\n<meta name=\"twitter:card\" content=\"summary_large_image\" \/>\n<meta name=\"twitter:label1\" content=\"Est. reading time\" \/>\n\t<meta name=\"twitter:data1\" content=\"1 minut\" \/>\n<script type=\"application\/ld+json\" class=\"yoast-schema-graph\">{\"@context\":\"https:\\\/\\\/schema.org\",\"@graph\":[{\"@type\":\"WebPage\",\"@id\":\"https:\\\/\\\/www.kliinikum.ee\\\/aikliinik\\\/kliinikust\\\/lasteintensiivravi-osakond\\\/\",\"url\":\"https:\\\/\\\/www.kliinikum.ee\\\/aikliinik\\\/kliinikust\\\/lasteintensiivravi-osakond\\\/\",\"name\":\"Lasteintensiivravi osakond - Anestesioloogia ja intensiivravi kliinik\",\"isPartOf\":{\"@id\":\"https:\\\/\\\/www.kliinikum.ee\\\/aikliinik\\\/#website\"},\"primaryImageOfPage\":{\"@id\":\"https:\\\/\\\/www.kliinikum.ee\\\/aikliinik\\\/kliinikust\\\/lasteintensiivravi-osakond\\\/#primaryimage\"},\"image\":{\"@id\":\"https:\\\/\\\/www.kliinikum.ee\\\/aikliinik\\\/kliinikust\\\/lasteintensiivravi-osakond\\\/#primaryimage\"},\"thumbnailUrl\":\"https:\\\/\\\/www.kliinikum.ee\\\/aikliinik\\\/wp-content\\\/uploads\\\/2023\\\/11\\\/IMG_7580-1024x683.jpg\",\"datePublished\":\"2023-07-14T07:17:57+00:00\",\"dateModified\":\"2025-10-01T09:10:29+00:00\",\"breadcrumb\":{\"@id\":\"https:\\\/\\\/www.kliinikum.ee\\\/aikliinik\\\/kliinikust\\\/lasteintensiivravi-osakond\\\/#breadcrumb\"},\"inLanguage\":\"et\",\"potentialAction\":[{\"@type\":\"ReadAction\",\"target\":[\"https:\\\/\\\/www.kliinikum.ee\\\/aikliinik\\\/kliinikust\\\/lasteintensiivravi-osakond\\\/\"]}]},{\"@type\":\"ImageObject\",\"inLanguage\":\"et\",\"@id\":\"https:\\\/\\\/www.kliinikum.ee\\\/aikliinik\\\/kliinikust\\\/lasteintensiivravi-osakond\\\/#primaryimage\",\"url\":\"https:\\\/\\\/www.kliinikum.ee\\\/aikliinik\\\/wp-content\\\/uploads\\\/2023\\\/11\\\/IMG_7580-scaled.jpg\",\"contentUrl\":\"https:\\\/\\\/www.kliinikum.ee\\\/aikliinik\\\/wp-content\\\/uploads\\\/2023\\\/11\\\/IMG_7580-scaled.jpg\",\"width\":2560,\"height\":1706},{\"@type\":\"BreadcrumbList\",\"@id\":\"https:\\\/\\\/www.kliinikum.ee\\\/aikliinik\\\/kliinikust\\\/lasteintensiivravi-osakond\\\/#breadcrumb\",\"itemListElement\":[{\"@type\":\"ListItem\",\"position\":1,\"name\":\"Home\",\"item\":\"https:\\\/\\\/www.kliinikum.ee\\\/aikliinik\\\/\"},{\"@type\":\"ListItem\",\"position\":2,\"name\":\"Kliinikust\",\"item\":\"https:\\\/\\\/www.kliinikum.ee\\\/aikliinik\\\/kliinikust\\\/\"},{\"@type\":\"ListItem\",\"position\":3,\"name\":\"Lasteintensiivravi osakond\"}]},{\"@type\":\"WebSite\",\"@id\":\"https:\\\/\\\/www.kliinikum.ee\\\/aikliinik\\\/#website\",\"url\":\"https:\\\/\\\/www.kliinikum.ee\\\/aikliinik\\\/\",\"name\":\"Anestesioloogia ja intensiivravi kliinik\",\"description\":\"Hoolivus, Uuendusmeelsus, P\u00e4devus ja Usaldusv\u00e4\u00e4rsus\",\"potentialAction\":[{\"@type\":\"SearchAction\",\"target\":{\"@type\":\"EntryPoint\",\"urlTemplate\":\"https:\\\/\\\/www.kliinikum.ee\\\/aikliinik\\\/?s={search_term_string}\"},\"query-input\":{\"@type\":\"PropertyValueSpecification\",\"valueRequired\":true,\"valueName\":\"search_term_string\"}}],\"inLanguage\":\"et\"}]}<\/script>\n<!-- \/ Yoast SEO plugin. -->","yoast_head_json":{"title":"Lasteintensiivravi osakond - Anestesioloogia ja intensiivravi kliinik","robots":{"index":"index","follow":"follow","max-snippet":"max-snippet:-1","max-image-preview":"max-image-preview:large","max-video-preview":"max-video-preview:-1"},"canonical":"https:\/\/www.kliinikum.ee\/aikliinik\/kliinikust\/lasteintensiivravi-osakond\/","og_locale":"et_EE","og_type":"article","og_title":"Lasteintensiivravi osakond - Anestesioloogia ja intensiivravi kliinik","og_description":"L. Puusepa 8, M-korpus, III korrus 731 9553 \u00f5ed Lasteintensiivravi osakonnas on k\u00f5ikide patsientide ja nende l\u00e4hedaste k\u00e4sutuses perepalatid. Perepalatid on kasutusel ka vasts\u00fcndinute intensiivravis, kus moodsaima j\u00e4lgimiss\u00fcsteemi abiga on \u00f5dedel pidev \u00fclevaade v\u00e4ikse patsiendi elut\u00e4htsatest funktsioonidest. Osakonnajuht\u00a0| Merle Benstr\u00f6m\u00a0 | 5331 9557 |\u00a0Merle.Benstrom@kliinikum.eeOsakonna \u00f5endusjuht\u00a0| Kertu Lepla | 731 9551 |\u00a0Kertu.Lepla@kliinikum.eeSekret\u00e4r\u00a0| Anne Sogas | 731 [&hellip;]","og_url":"https:\/\/www.kliinikum.ee\/aikliinik\/kliinikust\/lasteintensiivravi-osakond\/","og_site_name":"Anestesioloogia ja intensiivravi kliinik","article_modified_time":"2025-10-01T09:10:29+00:00","og_image":[{"width":2560,"height":1706,"url":"https:\/\/www.kliinikum.ee\/aikliinik\/wp-content\/uploads\/2023\/11\/IMG_7580-scaled.jpg","type":"image\/jpeg"}],"twitter_card":"summary_large_image","twitter_misc":{"Est. reading time":"1 minut"},"schema":{"@context":"https:\/\/schema.org","@graph":[{"@type":"WebPage","@id":"https:\/\/www.kliinikum.ee\/aikliinik\/kliinikust\/lasteintensiivravi-osakond\/","url":"https:\/\/www.kliinikum.ee\/aikliinik\/kliinikust\/lasteintensiivravi-osakond\/","name":"Lasteintensiivravi osakond - Anestesioloogia ja intensiivravi kliinik","isPartOf":{"@id":"https:\/\/www.kliinikum.ee\/aikliinik\/#website"},"primaryImageOfPage":{"@id":"https:\/\/www.kliinikum.ee\/aikliinik\/kliinikust\/lasteintensiivravi-osakond\/#primaryimage"},"image":{"@id":"https:\/\/www.kliinikum.ee\/aikliinik\/kliinikust\/lasteintensiivravi-osakond\/#primaryimage"},"thumbnailUrl":"https:\/\/www.kliinikum.ee\/aikliinik\/wp-content\/uploads\/2023\/11\/IMG_7580-1024x683.jpg","datePublished":"2023-07-14T07:17:57+00:00","dateModified":"2025-10-01T09:10:29+00:00","breadcrumb":{"@id":"https:\/\/www.kliinikum.ee\/aikliinik\/kliinikust\/lasteintensiivravi-osakond\/#breadcrumb"},"inLanguage":"et","potentialAction":[{"@type":"ReadAction","target":["https:\/\/www.kliinikum.ee\/aikliinik\/kliinikust\/lasteintensiivravi-osakond\/"]}]},{"@type":"ImageObject","inLanguage":"et","@id":"https:\/\/www.kliinikum.ee\/aikliinik\/kliinikust\/lasteintensiivravi-osakond\/#primaryimage","url":"https:\/\/www.kliinikum.ee\/aikliinik\/wp-content\/uploads\/2023\/11\/IMG_7580-scaled.jpg","contentUrl":"https:\/\/www.kliinikum.ee\/aikliinik\/wp-content\/uploads\/2023\/11\/IMG_7580-scaled.jpg","width":2560,"height":1706},{"@type":"BreadcrumbList","@id":"https:\/\/www.kliinikum.ee\/aikliinik\/kliinikust\/lasteintensiivravi-osakond\/#breadcrumb","itemListElement":[{"@type":"ListItem","position":1,"name":"Home","item":"https:\/\/www.kliinikum.ee\/aikliinik\/"},{"@type":"ListItem","position":2,"name":"Kliinikust","item":"https:\/\/www.kliinikum.ee\/aikliinik\/kliinikust\/"},{"@type":"ListItem","position":3,"name":"Lasteintensiivravi osakond"}]},{"@type":"WebSite","@id":"https:\/\/www.kliinikum.ee\/aikliinik\/#website","url":"https:\/\/www.kliinikum.ee\/aikliinik\/","name":"Anestesioloogia ja intensiivravi kliinik","description":"Hoolivus, Uuendusmeelsus, P\u00e4devus ja Usaldusv\u00e4\u00e4rsus","potentialAction":[{"@type":"SearchAction","target":{"@type":"EntryPoint","urlTemplate":"https:\/\/www.kliinikum.ee\/aikliinik\/?s={search_term_string}"},"query-input":{"@type":"PropertyValueSpecification","valueRequired":true,"valueName":"search_term_string"}}],"inLanguage":"et"}]}},"uagb_featured_image_src":{"full":false,"thumbnail":false,"medium":false,"medium_large":false,"large":false,"1536x1536":false,"2048x2048":false},"uagb_author_info":{"display_name":"Jane Freimann","author_link":"https:\/\/www.kliinikum.ee\/aikliinik\/author\/janef\/"},"uagb_comment_info":0,"uagb_excerpt":"L. Puusepa 8, M-korpus, III korrus 731 9553 \u00f5ed Lasteintensiivravi osakonnas on k\u00f5ikide patsientide ja nende l\u00e4hedaste k\u00e4sutuses perepalatid. Perepalatid on kasutusel ka vasts\u00fcndinute intensiivravis, kus moodsaima j\u00e4lgimiss\u00fcsteemi abiga on \u00f5dedel pidev \u00fclevaade v\u00e4ikse patsiendi elut\u00e4htsatest funktsioonidest. Osakonnajuht\u00a0| Merle Benstr\u00f6m\u00a0 | 5331 9557 |\u00a0Merle.Benstrom@kliinikum.eeOsakonna \u00f5endusjuht\u00a0| Kertu Lepla | 731 9551 |\u00a0Kertu.Lepla@kliinikum.eeSekret\u00e4r\u00a0| Anne Sogas | 731&hellip;","_links":{"self":[{"href":"https:\/\/www.kliinikum.ee\/aikliinik\/wp-json\/wp\/v2\/pages\/8456","targetHints":{"allow":["GET"]}}],"collection":[{"href":"https:\/\/www.kliinikum.ee\/aikliinik\/wp-json\/wp\/v2\/pages"}],"about":[{"href":"https:\/\/www.kliinikum.ee\/aikliinik\/wp-json\/wp\/v2\/types\/page"}],"author":[{"embeddable":true,"href":"https:\/\/www.kliinikum.ee\/aikliinik\/wp-json\/wp\/v2\/users\/36"}],"replies":[{"embeddable":true,"href":"https:\/\/www.kliinikum.ee\/aikliinik\/wp-json\/wp\/v2\/comments?post=8456"}],"version-history":[{"count":0,"href":"https:\/\/www.kliinikum.ee\/aikliinik\/wp-json\/wp\/v2\/pages\/8456\/revisions"}],"up":[{"embeddable":true,"href":"https:\/\/www.kliinikum.ee\/aikliinik\/wp-json\/wp\/v2\/pages\/17"}],"wp:attachment":[{"href":"https:\/\/www.kliinikum.ee\/aikliinik\/wp-json\/wp\/v2\/media?parent=8456"}],"curies":[{"name":"wp","href":"https:\/\/api.w.org\/{rel}","templated":true}]}}