{"id":8464,"date":"2023-07-14T09:43:07","date_gmt":"2023-07-14T07:43:07","guid":{"rendered":"https:\/\/www.kliinikum.ee\/aikliinik\/?page_id=8464"},"modified":"2023-12-15T12:58:27","modified_gmt":"2023-12-15T10:58:27","slug":"teadus-ja-oppetoo","status":"publish","type":"page","link":"https:\/\/www.kliinikum.ee\/aikliinik\/teadus-ja-oppetoo\/","title":{"rendered":"Teadus- ja \u00f5ppet\u00f6\u00f6"},"content":{"rendered":"\n<p class=\"has-medium-font-size\">\u00d5ppe- ja teadust\u00f6\u00f6 toimub tihedas koost\u00f6\u00f6s Tartu \u00dclikooli&nbsp;meditsiiniteaduste valdkonna kliinilise meditsiini instituudiga. <\/p>\n\n\n\n<p><\/p>\n\n\n\n<p class=\"has-medium-font-size\"><a href=\"https:\/\/kliinilinemeditsiin.ut.ee\/et\/sisu\/anestesioloogia-ja-intensiivravi-kliinik\" target=\"_blank\" rel=\"noreferrer noopener\">Tartu \u00dclikool. Kliinilise meditsiini instituut<\/a><\/p>\n\n\n\n<p class=\"has-medium-font-size\"><a href=\"https:\/\/www.kliinikum.ee\/teadus-ja-oppetoo\/praktika-kliinikumis\/\" target=\"_blank\" rel=\"noreferrer noopener\">Praktika kliinikumis<\/a><\/p>\n\n\n\n<p class=\"has-medium-font-size\"><a href=\"https:\/\/www.kliinikum.ee\/aikliinik\/teadus-ja-oppetoo\/residentuur\/\">Residentuur<\/a><\/p>\n\n\n\n<figure class=\"wp-block-image size-large\"><img loading=\"lazy\" decoding=\"async\" width=\"1024\" height=\"683\" src=\"https:\/\/www.kliinikum.ee\/aikliinik\/wp-content\/uploads\/2023\/12\/IMG_6824-1024x683.jpg\" alt=\"\" class=\"wp-image-8669\" srcset=\"https:\/\/www.kliinikum.ee\/aikliinik\/wp-content\/uploads\/2023\/12\/IMG_6824-1024x683.jpg 1024w, https:\/\/www.kliinikum.ee\/aikliinik\/wp-content\/uploads\/2023\/12\/IMG_6824-300x200.jpg 300w, https:\/\/www.kliinikum.ee\/aikliinik\/wp-content\/uploads\/2023\/12\/IMG_6824-768x512.jpg 768w, https:\/\/www.kliinikum.ee\/aikliinik\/wp-content\/uploads\/2023\/12\/IMG_6824-1536x1024.jpg 1536w, https:\/\/www.kliinikum.ee\/aikliinik\/wp-content\/uploads\/2023\/12\/IMG_6824-2048x1365.jpg 2048w, https:\/\/www.kliinikum.ee\/aikliinik\/wp-content\/uploads\/2023\/12\/IMG_6824-scaled.jpg 2560w\" sizes=\"auto, (max-width: 1024px) 100vw, 1024px\" \/><\/figure>\n","protected":false},"excerpt":{"rendered":"<p>\u00d5ppe- ja teadust\u00f6\u00f6 toimub tihedas koost\u00f6\u00f6s Tartu \u00dclikooli&nbsp;meditsiiniteaduste valdkonna kliinilise meditsiini instituudiga. Tartu \u00dclikool. Kliinilise meditsiini instituut Praktika kliinikumis Residentuur<\/p>\n","protected":false},"author":36,"featured_media":0,"parent":0,"menu_order":4,"comment_status":"closed","ping_status":"closed","template":"","meta":{"_acf_changed":false,"_uag_custom_page_level_css":"","footnotes":""},"class_list":["post-8464","page","type-page","status-publish","hentry"],"acf":[],"yoast_head":"<!-- This site is optimized with the Yoast SEO plugin v27.3 - https:\/\/yoast.com\/product\/yoast-seo-wordpress\/ -->\n<title>Teadus- ja \u00f5ppet\u00f6\u00f6 - Anestesioloogia ja intensiivravi kliinik<\/title>\n<meta name=\"robots\" content=\"index, follow, max-snippet:-1, max-image-preview:large, max-video-preview:-1\" \/>\n<link rel=\"canonical\" href=\"https:\/\/www.kliinikum.ee\/aikliinik\/teadus-ja-oppetoo\/\" \/>\n<meta property=\"og:locale\" content=\"et_EE\" \/>\n<meta property=\"og:type\" content=\"article\" \/>\n<meta property=\"og:title\" content=\"Teadus- ja \u00f5ppet\u00f6\u00f6 - Anestesioloogia ja intensiivravi kliinik\" \/>\n<meta property=\"og:description\" content=\"\u00d5ppe- ja teadust\u00f6\u00f6 toimub tihedas koost\u00f6\u00f6s Tartu \u00dclikooli&nbsp;meditsiiniteaduste valdkonna kliinilise meditsiini instituudiga. Tartu \u00dclikool. Kliinilise meditsiini instituut Praktika kliinikumis Residentuur\" \/>\n<meta property=\"og:url\" content=\"https:\/\/www.kliinikum.ee\/aikliinik\/teadus-ja-oppetoo\/\" \/>\n<meta property=\"og:site_name\" content=\"Anestesioloogia ja intensiivravi kliinik\" \/>\n<meta property=\"article:modified_time\" content=\"2023-12-15T10:58:27+00:00\" \/>\n<meta property=\"og:image\" content=\"https:\/\/www.kliinikum.ee\/aikliinik\/wp-content\/uploads\/2023\/12\/IMG_6824-1024x683.jpg\" \/>\n<meta name=\"twitter:card\" content=\"summary_large_image\" \/>\n<meta name=\"twitter:label1\" content=\"Est. reading time\" \/>\n\t<meta name=\"twitter:data1\" content=\"1 minut\" \/>\n<script type=\"application\/ld+json\" class=\"yoast-schema-graph\">{\"@context\":\"https:\\\/\\\/schema.org\",\"@graph\":[{\"@type\":\"WebPage\",\"@id\":\"https:\\\/\\\/www.kliinikum.ee\\\/aikliinik\\\/teadus-ja-oppetoo\\\/\",\"url\":\"https:\\\/\\\/www.kliinikum.ee\\\/aikliinik\\\/teadus-ja-oppetoo\\\/\",\"name\":\"Teadus- ja \u00f5ppet\u00f6\u00f6 - Anestesioloogia ja intensiivravi kliinik\",\"isPartOf\":{\"@id\":\"https:\\\/\\\/www.kliinikum.ee\\\/aikliinik\\\/#website\"},\"primaryImageOfPage\":{\"@id\":\"https:\\\/\\\/www.kliinikum.ee\\\/aikliinik\\\/teadus-ja-oppetoo\\\/#primaryimage\"},\"image\":{\"@id\":\"https:\\\/\\\/www.kliinikum.ee\\\/aikliinik\\\/teadus-ja-oppetoo\\\/#primaryimage\"},\"thumbnailUrl\":\"https:\\\/\\\/www.kliinikum.ee\\\/aikliinik\\\/wp-content\\\/uploads\\\/2023\\\/12\\\/IMG_6824-1024x683.jpg\",\"datePublished\":\"2023-07-14T07:43:07+00:00\",\"dateModified\":\"2023-12-15T10:58:27+00:00\",\"breadcrumb\":{\"@id\":\"https:\\\/\\\/www.kliinikum.ee\\\/aikliinik\\\/teadus-ja-oppetoo\\\/#breadcrumb\"},\"inLanguage\":\"et\",\"potentialAction\":[{\"@type\":\"ReadAction\",\"target\":[\"https:\\\/\\\/www.kliinikum.ee\\\/aikliinik\\\/teadus-ja-oppetoo\\\/\"]}]},{\"@type\":\"ImageObject\",\"inLanguage\":\"et\",\"@id\":\"https:\\\/\\\/www.kliinikum.ee\\\/aikliinik\\\/teadus-ja-oppetoo\\\/#primaryimage\",\"url\":\"https:\\\/\\\/www.kliinikum.ee\\\/aikliinik\\\/wp-content\\\/uploads\\\/2023\\\/12\\\/IMG_6824-scaled.jpg\",\"contentUrl\":\"https:\\\/\\\/www.kliinikum.ee\\\/aikliinik\\\/wp-content\\\/uploads\\\/2023\\\/12\\\/IMG_6824-scaled.jpg\",\"width\":2560,\"height\":1706},{\"@type\":\"BreadcrumbList\",\"@id\":\"https:\\\/\\\/www.kliinikum.ee\\\/aikliinik\\\/teadus-ja-oppetoo\\\/#breadcrumb\",\"itemListElement\":[{\"@type\":\"ListItem\",\"position\":1,\"name\":\"Home\",\"item\":\"https:\\\/\\\/www.kliinikum.ee\\\/aikliinik\\\/\"},{\"@type\":\"ListItem\",\"position\":2,\"name\":\"Teadus- ja \u00f5ppet\u00f6\u00f6\"}]},{\"@type\":\"WebSite\",\"@id\":\"https:\\\/\\\/www.kliinikum.ee\\\/aikliinik\\\/#website\",\"url\":\"https:\\\/\\\/www.kliinikum.ee\\\/aikliinik\\\/\",\"name\":\"Anestesioloogia ja intensiivravi kliinik\",\"description\":\"Hoolivus, Uuendusmeelsus, P\u00e4devus ja Usaldusv\u00e4\u00e4rsus\",\"potentialAction\":[{\"@type\":\"SearchAction\",\"target\":{\"@type\":\"EntryPoint\",\"urlTemplate\":\"https:\\\/\\\/www.kliinikum.ee\\\/aikliinik\\\/?s={search_term_string}\"},\"query-input\":{\"@type\":\"PropertyValueSpecification\",\"valueRequired\":true,\"valueName\":\"search_term_string\"}}],\"inLanguage\":\"et\"}]}<\/script>\n<!-- \/ Yoast SEO plugin. -->","yoast_head_json":{"title":"Teadus- ja \u00f5ppet\u00f6\u00f6 - Anestesioloogia ja intensiivravi kliinik","robots":{"index":"index","follow":"follow","max-snippet":"max-snippet:-1","max-image-preview":"max-image-preview:large","max-video-preview":"max-video-preview:-1"},"canonical":"https:\/\/www.kliinikum.ee\/aikliinik\/teadus-ja-oppetoo\/","og_locale":"et_EE","og_type":"article","og_title":"Teadus- ja \u00f5ppet\u00f6\u00f6 - Anestesioloogia ja intensiivravi kliinik","og_description":"\u00d5ppe- ja teadust\u00f6\u00f6 toimub tihedas koost\u00f6\u00f6s Tartu \u00dclikooli&nbsp;meditsiiniteaduste valdkonna kliinilise meditsiini instituudiga. Tartu \u00dclikool. Kliinilise meditsiini instituut Praktika kliinikumis Residentuur","og_url":"https:\/\/www.kliinikum.ee\/aikliinik\/teadus-ja-oppetoo\/","og_site_name":"Anestesioloogia ja intensiivravi kliinik","article_modified_time":"2023-12-15T10:58:27+00:00","og_image":[{"url":"https:\/\/www.kliinikum.ee\/aikliinik\/wp-content\/uploads\/2023\/12\/IMG_6824-1024x683.jpg","type":"","width":"","height":""}],"twitter_card":"summary_large_image","twitter_misc":{"Est. reading time":"1 minut"},"schema":{"@context":"https:\/\/schema.org","@graph":[{"@type":"WebPage","@id":"https:\/\/www.kliinikum.ee\/aikliinik\/teadus-ja-oppetoo\/","url":"https:\/\/www.kliinikum.ee\/aikliinik\/teadus-ja-oppetoo\/","name":"Teadus- ja \u00f5ppet\u00f6\u00f6 - Anestesioloogia ja intensiivravi kliinik","isPartOf":{"@id":"https:\/\/www.kliinikum.ee\/aikliinik\/#website"},"primaryImageOfPage":{"@id":"https:\/\/www.kliinikum.ee\/aikliinik\/teadus-ja-oppetoo\/#primaryimage"},"image":{"@id":"https:\/\/www.kliinikum.ee\/aikliinik\/teadus-ja-oppetoo\/#primaryimage"},"thumbnailUrl":"https:\/\/www.kliinikum.ee\/aikliinik\/wp-content\/uploads\/2023\/12\/IMG_6824-1024x683.jpg","datePublished":"2023-07-14T07:43:07+00:00","dateModified":"2023-12-15T10:58:27+00:00","breadcrumb":{"@id":"https:\/\/www.kliinikum.ee\/aikliinik\/teadus-ja-oppetoo\/#breadcrumb"},"inLanguage":"et","potentialAction":[{"@type":"ReadAction","target":["https:\/\/www.kliinikum.ee\/aikliinik\/teadus-ja-oppetoo\/"]}]},{"@type":"ImageObject","inLanguage":"et","@id":"https:\/\/www.kliinikum.ee\/aikliinik\/teadus-ja-oppetoo\/#primaryimage","url":"https:\/\/www.kliinikum.ee\/aikliinik\/wp-content\/uploads\/2023\/12\/IMG_6824-scaled.jpg","contentUrl":"https:\/\/www.kliinikum.ee\/aikliinik\/wp-content\/uploads\/2023\/12\/IMG_6824-scaled.jpg","width":2560,"height":1706},{"@type":"BreadcrumbList","@id":"https:\/\/www.kliinikum.ee\/aikliinik\/teadus-ja-oppetoo\/#breadcrumb","itemListElement":[{"@type":"ListItem","position":1,"name":"Home","item":"https:\/\/www.kliinikum.ee\/aikliinik\/"},{"@type":"ListItem","position":2,"name":"Teadus- ja \u00f5ppet\u00f6\u00f6"}]},{"@type":"WebSite","@id":"https:\/\/www.kliinikum.ee\/aikliinik\/#website","url":"https:\/\/www.kliinikum.ee\/aikliinik\/","name":"Anestesioloogia ja intensiivravi kliinik","description":"Hoolivus, Uuendusmeelsus, P\u00e4devus ja Usaldusv\u00e4\u00e4rsus","potentialAction":[{"@type":"SearchAction","target":{"@type":"EntryPoint","urlTemplate":"https:\/\/www.kliinikum.ee\/aikliinik\/?s={search_term_string}"},"query-input":{"@type":"PropertyValueSpecification","valueRequired":true,"valueName":"search_term_string"}}],"inLanguage":"et"}]}},"uagb_featured_image_src":{"full":false,"thumbnail":false,"medium":false,"medium_large":false,"large":false,"1536x1536":false,"2048x2048":false},"uagb_author_info":{"display_name":"Jane Freimann","author_link":"https:\/\/www.kliinikum.ee\/aikliinik\/author\/janef\/"},"uagb_comment_info":0,"uagb_excerpt":"\u00d5ppe- ja teadust\u00f6\u00f6 toimub tihedas koost\u00f6\u00f6s Tartu \u00dclikooli&nbsp;meditsiiniteaduste valdkonna kliinilise meditsiini instituudiga. Tartu \u00dclikool. Kliinilise meditsiini instituut Praktika kliinikumis Residentuur","_links":{"self":[{"href":"https:\/\/www.kliinikum.ee\/aikliinik\/wp-json\/wp\/v2\/pages\/8464","targetHints":{"allow":["GET"]}}],"collection":[{"href":"https:\/\/www.kliinikum.ee\/aikliinik\/wp-json\/wp\/v2\/pages"}],"about":[{"href":"https:\/\/www.kliinikum.ee\/aikliinik\/wp-json\/wp\/v2\/types\/page"}],"author":[{"embeddable":true,"href":"https:\/\/www.kliinikum.ee\/aikliinik\/wp-json\/wp\/v2\/users\/36"}],"replies":[{"embeddable":true,"href":"https:\/\/www.kliinikum.ee\/aikliinik\/wp-json\/wp\/v2\/comments?post=8464"}],"version-history":[{"count":0,"href":"https:\/\/www.kliinikum.ee\/aikliinik\/wp-json\/wp\/v2\/pages\/8464\/revisions"}],"wp:attachment":[{"href":"https:\/\/www.kliinikum.ee\/aikliinik\/wp-json\/wp\/v2\/media?parent=8464"}],"curies":[{"name":"wp","href":"https:\/\/api.w.org\/{rel}","templated":true}]}}