{"id":8499,"date":"2023-07-14T11:40:19","date_gmt":"2023-07-14T09:40:19","guid":{"rendered":"https:\/\/www.kliinikum.ee\/aikliinik\/?page_id=8499"},"modified":"2023-12-15T09:57:54","modified_gmt":"2023-12-15T07:57:54","slug":"valuravi","status":"publish","type":"page","link":"https:\/\/www.kliinikum.ee\/aikliinik\/kliinikust\/valuravi\/","title":{"rendered":"Valuravi"},"content":{"rendered":"\n<p class=\"has-medium-font-size\"><strong>Kroonilise valuravi vastuv\u00f5tt<\/strong><\/p>\n\n\n\n<p class=\"has-medium-font-size\">Vastuv\u00f5tule on v\u00f5imalik patsiente registreerida \u00fcldise registreerimise telefonil 731 9100. Vastuv\u00f5tule saavad suunata nii pere-, kui ka eriarstid, (vajalik saatekiri).<\/p>\n\n\n\n<p class=\"has-medium-font-size\"><strong>Asukoht<em>:<\/em><\/strong><br><strong>L. Puusepa 8, C-korpus, I korrus, ruum C 1083<br><\/strong>telefon 731 8845<\/p>\n\n\n\n<p class=\"has-medium-font-size\"><strong>Arstid<\/strong><em><strong>:<\/strong><\/em><br>Dr Mare Kubjas esmasp\u00e4eviti vastavalt graafikule<br>Dr Svetlana Ussova esmasp\u00e4eviti vastavalt graafikule<\/p>\n\n\n\n<p class=\"has-medium-font-size\"><strong>Valuravi meeskond (VRM)<\/strong><\/p>\n\n\n\n<p class=\"has-medium-font-size\">Arstid: Svetlana Ussova, Reet Kikas, Mare Kubjas, Liina Korpen, Katariina Laas<br>Valuravi\u00f5ed: Rita Roost, Ave \u00dcprus, Pilvi Sullan, Olga Net\u0161iporuk<br>Proviisor: Liis Kuld<br>Kliiniline proviisor: Jana Lass<\/p>\n\n\n\n<p class=\"has-medium-font-size\"><strong>T\u00f6\u00f6aeg<\/strong><em><strong>:<\/strong><\/em><br>T\u00f6\u00f6p\u00e4evadel 7:30 \u2013 15:30<br>15:30-7:30, n\u00e4dalavahetustel ja riiklikel p\u00fchadel aitab teid anestesioloogia osakonna valvepersonal +372 5331 8322 (valvearst)<\/p>\n\n\n\n<p class=\"has-medium-font-size\"><strong>Asukoht<\/strong><em><strong>:<\/strong><\/em><br>L. Puusepa 8, G1 korpus, III korrus, anestesioloogia osakond, operatsiooniblokk, ruum G1.1 316<\/p>\n\n\n\n<p class=\"has-medium-font-size\"><strong>Kontakt<\/strong><em><strong>:<\/strong><\/em><br>Lauatelefon: +372 731 8337<br>Mobiiltelefon: +372 5331 8337<br>e-mail:&nbsp;<a href=\"mailto:valuravi@kliinikum.ee\">valuravi@kliinikum.ee<\/a><\/p>\n\n\n\n<figure class=\"wp-block-image size-large\"><img loading=\"lazy\" decoding=\"async\" width=\"1024\" height=\"683\" src=\"https:\/\/www.kliinikum.ee\/aikliinik\/wp-content\/uploads\/2023\/12\/valuravi-1024x683.jpg\" alt=\"\" class=\"wp-image-8658\" srcset=\"https:\/\/www.kliinikum.ee\/aikliinik\/wp-content\/uploads\/2023\/12\/valuravi-1024x683.jpg 1024w, https:\/\/www.kliinikum.ee\/aikliinik\/wp-content\/uploads\/2023\/12\/valuravi-300x200.jpg 300w, https:\/\/www.kliinikum.ee\/aikliinik\/wp-content\/uploads\/2023\/12\/valuravi-768x512.jpg 768w, https:\/\/www.kliinikum.ee\/aikliinik\/wp-content\/uploads\/2023\/12\/valuravi-1536x1024.jpg 1536w, https:\/\/www.kliinikum.ee\/aikliinik\/wp-content\/uploads\/2023\/12\/valuravi-2048x1365.jpg 2048w, https:\/\/www.kliinikum.ee\/aikliinik\/wp-content\/uploads\/2023\/12\/valuravi-scaled.jpg 2560w\" sizes=\"auto, (max-width: 1024px) 100vw, 1024px\" \/><\/figure>\n","protected":false},"excerpt":{"rendered":"<p>Kroonilise valuravi vastuv\u00f5tt Vastuv\u00f5tule on v\u00f5imalik patsiente registreerida \u00fcldise registreerimise telefonil 731 9100. Vastuv\u00f5tule saavad suunata nii pere-, kui ka eriarstid, (vajalik saatekiri). Asukoht:L. Puusepa 8, C-korpus, I korrus, ruum C 1083telefon 731 8845 Arstid:Dr Mare Kubjas esmasp\u00e4eviti vastavalt graafikuleDr Svetlana Ussova esmasp\u00e4eviti vastavalt graafikule Valuravi meeskond (VRM) Arstid: Svetlana Ussova, Reet Kikas, Mare Kubjas, [&hellip;]<\/p>\n","protected":false},"author":36,"featured_media":0,"parent":17,"menu_order":7,"comment_status":"closed","ping_status":"closed","template":"","meta":{"_acf_changed":false,"_uag_custom_page_level_css":"","footnotes":""},"class_list":["post-8499","page","type-page","status-publish","hentry"],"acf":[],"yoast_head":"<!-- This site is optimized with the Yoast SEO plugin v27.3 - https:\/\/yoast.com\/product\/yoast-seo-wordpress\/ -->\n<title>Valuravi - Anestesioloogia ja intensiivravi kliinik<\/title>\n<meta name=\"robots\" content=\"index, follow, max-snippet:-1, max-image-preview:large, max-video-preview:-1\" \/>\n<link rel=\"canonical\" href=\"https:\/\/www.kliinikum.ee\/aikliinik\/kliinikust\/valuravi\/\" \/>\n<meta property=\"og:locale\" content=\"et_EE\" \/>\n<meta property=\"og:type\" content=\"article\" \/>\n<meta property=\"og:title\" content=\"Valuravi - Anestesioloogia ja intensiivravi kliinik\" \/>\n<meta property=\"og:description\" content=\"Kroonilise valuravi vastuv\u00f5tt Vastuv\u00f5tule on v\u00f5imalik patsiente registreerida \u00fcldise registreerimise telefonil 731 9100. Vastuv\u00f5tule saavad suunata nii pere-, kui ka eriarstid, (vajalik saatekiri). Asukoht:L. Puusepa 8, C-korpus, I korrus, ruum C 1083telefon 731 8845 Arstid:Dr Mare Kubjas esmasp\u00e4eviti vastavalt graafikuleDr Svetlana Ussova esmasp\u00e4eviti vastavalt graafikule Valuravi meeskond (VRM) Arstid: Svetlana Ussova, Reet Kikas, Mare Kubjas, [&hellip;]\" \/>\n<meta property=\"og:url\" content=\"https:\/\/www.kliinikum.ee\/aikliinik\/kliinikust\/valuravi\/\" \/>\n<meta property=\"og:site_name\" content=\"Anestesioloogia ja intensiivravi kliinik\" \/>\n<meta property=\"article:modified_time\" content=\"2023-12-15T07:57:54+00:00\" \/>\n<meta property=\"og:image\" content=\"https:\/\/www.kliinikum.ee\/aikliinik\/wp-content\/uploads\/2023\/12\/valuravi-1024x683.jpg\" \/>\n<meta name=\"twitter:card\" content=\"summary_large_image\" \/>\n<meta name=\"twitter:label1\" content=\"Est. reading time\" \/>\n\t<meta name=\"twitter:data1\" content=\"1 minut\" \/>\n<script type=\"application\/ld+json\" class=\"yoast-schema-graph\">{\"@context\":\"https:\\\/\\\/schema.org\",\"@graph\":[{\"@type\":\"WebPage\",\"@id\":\"https:\\\/\\\/www.kliinikum.ee\\\/aikliinik\\\/kliinikust\\\/valuravi\\\/\",\"url\":\"https:\\\/\\\/www.kliinikum.ee\\\/aikliinik\\\/kliinikust\\\/valuravi\\\/\",\"name\":\"Valuravi - Anestesioloogia ja intensiivravi kliinik\",\"isPartOf\":{\"@id\":\"https:\\\/\\\/www.kliinikum.ee\\\/aikliinik\\\/#website\"},\"primaryImageOfPage\":{\"@id\":\"https:\\\/\\\/www.kliinikum.ee\\\/aikliinik\\\/kliinikust\\\/valuravi\\\/#primaryimage\"},\"image\":{\"@id\":\"https:\\\/\\\/www.kliinikum.ee\\\/aikliinik\\\/kliinikust\\\/valuravi\\\/#primaryimage\"},\"thumbnailUrl\":\"https:\\\/\\\/www.kliinikum.ee\\\/aikliinik\\\/wp-content\\\/uploads\\\/2023\\\/12\\\/valuravi-1024x683.jpg\",\"datePublished\":\"2023-07-14T09:40:19+00:00\",\"dateModified\":\"2023-12-15T07:57:54+00:00\",\"breadcrumb\":{\"@id\":\"https:\\\/\\\/www.kliinikum.ee\\\/aikliinik\\\/kliinikust\\\/valuravi\\\/#breadcrumb\"},\"inLanguage\":\"et\",\"potentialAction\":[{\"@type\":\"ReadAction\",\"target\":[\"https:\\\/\\\/www.kliinikum.ee\\\/aikliinik\\\/kliinikust\\\/valuravi\\\/\"]}]},{\"@type\":\"ImageObject\",\"inLanguage\":\"et\",\"@id\":\"https:\\\/\\\/www.kliinikum.ee\\\/aikliinik\\\/kliinikust\\\/valuravi\\\/#primaryimage\",\"url\":\"https:\\\/\\\/www.kliinikum.ee\\\/aikliinik\\\/wp-content\\\/uploads\\\/2023\\\/12\\\/valuravi-scaled.jpg\",\"contentUrl\":\"https:\\\/\\\/www.kliinikum.ee\\\/aikliinik\\\/wp-content\\\/uploads\\\/2023\\\/12\\\/valuravi-scaled.jpg\",\"width\":2560,\"height\":1706},{\"@type\":\"BreadcrumbList\",\"@id\":\"https:\\\/\\\/www.kliinikum.ee\\\/aikliinik\\\/kliinikust\\\/valuravi\\\/#breadcrumb\",\"itemListElement\":[{\"@type\":\"ListItem\",\"position\":1,\"name\":\"Home\",\"item\":\"https:\\\/\\\/www.kliinikum.ee\\\/aikliinik\\\/\"},{\"@type\":\"ListItem\",\"position\":2,\"name\":\"Kliinikust\",\"item\":\"https:\\\/\\\/www.kliinikum.ee\\\/aikliinik\\\/kliinikust\\\/\"},{\"@type\":\"ListItem\",\"position\":3,\"name\":\"Valuravi\"}]},{\"@type\":\"WebSite\",\"@id\":\"https:\\\/\\\/www.kliinikum.ee\\\/aikliinik\\\/#website\",\"url\":\"https:\\\/\\\/www.kliinikum.ee\\\/aikliinik\\\/\",\"name\":\"Anestesioloogia ja intensiivravi kliinik\",\"description\":\"Hoolivus, Uuendusmeelsus, P\u00e4devus ja Usaldusv\u00e4\u00e4rsus\",\"potentialAction\":[{\"@type\":\"SearchAction\",\"target\":{\"@type\":\"EntryPoint\",\"urlTemplate\":\"https:\\\/\\\/www.kliinikum.ee\\\/aikliinik\\\/?s={search_term_string}\"},\"query-input\":{\"@type\":\"PropertyValueSpecification\",\"valueRequired\":true,\"valueName\":\"search_term_string\"}}],\"inLanguage\":\"et\"}]}<\/script>\n<!-- \/ Yoast SEO plugin. -->","yoast_head_json":{"title":"Valuravi - Anestesioloogia ja intensiivravi kliinik","robots":{"index":"index","follow":"follow","max-snippet":"max-snippet:-1","max-image-preview":"max-image-preview:large","max-video-preview":"max-video-preview:-1"},"canonical":"https:\/\/www.kliinikum.ee\/aikliinik\/kliinikust\/valuravi\/","og_locale":"et_EE","og_type":"article","og_title":"Valuravi - Anestesioloogia ja intensiivravi kliinik","og_description":"Kroonilise valuravi vastuv\u00f5tt Vastuv\u00f5tule on v\u00f5imalik patsiente registreerida \u00fcldise registreerimise telefonil 731 9100. Vastuv\u00f5tule saavad suunata nii pere-, kui ka eriarstid, (vajalik saatekiri). Asukoht:L. Puusepa 8, C-korpus, I korrus, ruum C 1083telefon 731 8845 Arstid:Dr Mare Kubjas esmasp\u00e4eviti vastavalt graafikuleDr Svetlana Ussova esmasp\u00e4eviti vastavalt graafikule Valuravi meeskond (VRM) Arstid: Svetlana Ussova, Reet Kikas, Mare Kubjas, [&hellip;]","og_url":"https:\/\/www.kliinikum.ee\/aikliinik\/kliinikust\/valuravi\/","og_site_name":"Anestesioloogia ja intensiivravi kliinik","article_modified_time":"2023-12-15T07:57:54+00:00","og_image":[{"url":"https:\/\/www.kliinikum.ee\/aikliinik\/wp-content\/uploads\/2023\/12\/valuravi-1024x683.jpg","type":"","width":"","height":""}],"twitter_card":"summary_large_image","twitter_misc":{"Est. reading time":"1 minut"},"schema":{"@context":"https:\/\/schema.org","@graph":[{"@type":"WebPage","@id":"https:\/\/www.kliinikum.ee\/aikliinik\/kliinikust\/valuravi\/","url":"https:\/\/www.kliinikum.ee\/aikliinik\/kliinikust\/valuravi\/","name":"Valuravi - Anestesioloogia ja intensiivravi kliinik","isPartOf":{"@id":"https:\/\/www.kliinikum.ee\/aikliinik\/#website"},"primaryImageOfPage":{"@id":"https:\/\/www.kliinikum.ee\/aikliinik\/kliinikust\/valuravi\/#primaryimage"},"image":{"@id":"https:\/\/www.kliinikum.ee\/aikliinik\/kliinikust\/valuravi\/#primaryimage"},"thumbnailUrl":"https:\/\/www.kliinikum.ee\/aikliinik\/wp-content\/uploads\/2023\/12\/valuravi-1024x683.jpg","datePublished":"2023-07-14T09:40:19+00:00","dateModified":"2023-12-15T07:57:54+00:00","breadcrumb":{"@id":"https:\/\/www.kliinikum.ee\/aikliinik\/kliinikust\/valuravi\/#breadcrumb"},"inLanguage":"et","potentialAction":[{"@type":"ReadAction","target":["https:\/\/www.kliinikum.ee\/aikliinik\/kliinikust\/valuravi\/"]}]},{"@type":"ImageObject","inLanguage":"et","@id":"https:\/\/www.kliinikum.ee\/aikliinik\/kliinikust\/valuravi\/#primaryimage","url":"https:\/\/www.kliinikum.ee\/aikliinik\/wp-content\/uploads\/2023\/12\/valuravi-scaled.jpg","contentUrl":"https:\/\/www.kliinikum.ee\/aikliinik\/wp-content\/uploads\/2023\/12\/valuravi-scaled.jpg","width":2560,"height":1706},{"@type":"BreadcrumbList","@id":"https:\/\/www.kliinikum.ee\/aikliinik\/kliinikust\/valuravi\/#breadcrumb","itemListElement":[{"@type":"ListItem","position":1,"name":"Home","item":"https:\/\/www.kliinikum.ee\/aikliinik\/"},{"@type":"ListItem","position":2,"name":"Kliinikust","item":"https:\/\/www.kliinikum.ee\/aikliinik\/kliinikust\/"},{"@type":"ListItem","position":3,"name":"Valuravi"}]},{"@type":"WebSite","@id":"https:\/\/www.kliinikum.ee\/aikliinik\/#website","url":"https:\/\/www.kliinikum.ee\/aikliinik\/","name":"Anestesioloogia ja intensiivravi kliinik","description":"Hoolivus, Uuendusmeelsus, P\u00e4devus ja Usaldusv\u00e4\u00e4rsus","potentialAction":[{"@type":"SearchAction","target":{"@type":"EntryPoint","urlTemplate":"https:\/\/www.kliinikum.ee\/aikliinik\/?s={search_term_string}"},"query-input":{"@type":"PropertyValueSpecification","valueRequired":true,"valueName":"search_term_string"}}],"inLanguage":"et"}]}},"uagb_featured_image_src":{"full":false,"thumbnail":false,"medium":false,"medium_large":false,"large":false,"1536x1536":false,"2048x2048":false},"uagb_author_info":{"display_name":"Jane Freimann","author_link":"https:\/\/www.kliinikum.ee\/aikliinik\/author\/janef\/"},"uagb_comment_info":0,"uagb_excerpt":"Kroonilise valuravi vastuv\u00f5tt Vastuv\u00f5tule on v\u00f5imalik patsiente registreerida \u00fcldise registreerimise telefonil 731 9100. Vastuv\u00f5tule saavad suunata nii pere-, kui ka eriarstid, (vajalik saatekiri). Asukoht:L. Puusepa 8, C-korpus, I korrus, ruum C 1083telefon 731 8845 Arstid:Dr Mare Kubjas esmasp\u00e4eviti vastavalt graafikuleDr Svetlana Ussova esmasp\u00e4eviti vastavalt graafikule Valuravi meeskond (VRM) Arstid: Svetlana Ussova, Reet Kikas, Mare Kubjas,&hellip;","_links":{"self":[{"href":"https:\/\/www.kliinikum.ee\/aikliinik\/wp-json\/wp\/v2\/pages\/8499","targetHints":{"allow":["GET"]}}],"collection":[{"href":"https:\/\/www.kliinikum.ee\/aikliinik\/wp-json\/wp\/v2\/pages"}],"about":[{"href":"https:\/\/www.kliinikum.ee\/aikliinik\/wp-json\/wp\/v2\/types\/page"}],"author":[{"embeddable":true,"href":"https:\/\/www.kliinikum.ee\/aikliinik\/wp-json\/wp\/v2\/users\/36"}],"replies":[{"embeddable":true,"href":"https:\/\/www.kliinikum.ee\/aikliinik\/wp-json\/wp\/v2\/comments?post=8499"}],"version-history":[{"count":0,"href":"https:\/\/www.kliinikum.ee\/aikliinik\/wp-json\/wp\/v2\/pages\/8499\/revisions"}],"up":[{"embeddable":true,"href":"https:\/\/www.kliinikum.ee\/aikliinik\/wp-json\/wp\/v2\/pages\/17"}],"wp:attachment":[{"href":"https:\/\/www.kliinikum.ee\/aikliinik\/wp-json\/wp\/v2\/media?parent=8499"}],"curies":[{"name":"wp","href":"https:\/\/api.w.org\/{rel}","templated":true}]}}