{"id":8501,"date":"2023-07-14T12:33:46","date_gmt":"2023-07-14T10:33:46","guid":{"rendered":"https:\/\/www.kliinikum.ee\/aikliinik\/?page_id=8501"},"modified":"2025-11-26T13:55:05","modified_gmt":"2025-11-26T11:55:05","slug":"residentuur","status":"publish","type":"page","link":"https:\/\/www.kliinikum.ee\/aikliinik\/teadus-ja-oppetoo\/residentuur\/","title":{"rendered":"Residentuur"},"content":{"rendered":"\n<p class=\"has-medium-font-size\"><strong>Residentide registreerumine vabadele kohtadele<\/strong> a<strong>nestesioloogia ja intensiivravi kliinikus<\/strong><\/p>\n\n\n\n<p class=\"has-medium-font-size\">Residendi liikumise erinevate osakondade vahel m\u00e4\u00e4rab&nbsp;individuaalne \u00f5pingukava, mis koostatakse \u00f5ppeaastale eelneva kevadsemestri jooksul. Individuaalse \u00f5pingukava koostamiseks peab resident kokku leppima residentuuri programmis etten\u00e4htud erialats\u00fcklite l\u00e4bimise.&nbsp;<\/p>\n\n\n\n<p><strong>Residentuuri ts\u00fcklitesse registreerumine<\/strong><\/p>\n\n\n\n<p class=\"has-medium-font-size\">AI-kliinikus toimuvad erakorralise meditsiini, anestesioloogia, t\u00e4iskasvanute intensiivravi ja laste intensiivravi residentuurits\u00fcklid. <\/p>\n\n\n\n<p class=\"has-medium-font-size\">Ts\u00fcklitesse registreerumine toimub allj\u00e4rgnevalt:<\/p>\n\n\n\n<p class=\"has-medium-font-size\"><strong>Erakorraline meditsiin.<\/strong>&nbsp;&nbsp;Residendil palume saata e-kiri dr Kaarel Uba (<a href=\"mailto:Kaarel.Uba@kliinikum.ee\">Kaarel.Uba@kliinikum.ee<\/a>). Residentuurits\u00fcklisse registreerumisel andke teada oma eriala, mitmenda aasta resident olete ning milline on ts\u00fckli kestvus ja soovitav ajavahemik.&nbsp;<\/p>\n\n\n\n<p class=\"has-medium-font-size\"><strong>Anestesioloogia.<\/strong>\u00a0Residendil palume saata e-kiri dr Kaie Stroole (<a href=\"mailto:Kaie.Stroo@kliinikum.ee\">Kaie.Stroo@kliinikum.ee<\/a>; tel 731 8416) ja K\u00e4tlin Eiche (<a href=\"mailto:Katlin.Eiche@ut.ee\">Katlin.Eiche@ut.ee<\/a>). Residentuurits\u00fcklisse registreerumisel andke teada oma eriala, mitmenda aasta resident olete ning milline on ts\u00fckli kestvus ja soovitav ajavahemik.\u00a0<\/p>\n\n\n\n<p class=\"has-medium-font-size\"><strong>T\u00e4iskasvanute intensiivravi.<\/strong>&nbsp;Residendil palume saata e-kiri dr Veronika Reinhardile (<a href=\"mailto:Veronika.Reinhard@kliinikum.ee\">Veronika.Reinhard@kliinikum.ee<\/a>; tel 731 8530). Residentuurits\u00fcklisse registreerumisel andke teada oma eriala, mitmenda aasta resident olete ning milline on ts\u00fckli kestvus ja soovitav ajavahemik. Kirjas v\u00f5ib v\u00e4lja tuua oma eelistuse, kas soovite ts\u00fcklit teha 1., 2. v\u00f5i 3. intensiivravi osakonnas. Nefroloogia eriala residentide v\u00e4lja\u00f5pe toimub eelistatult 1. (neeruasendusravi), neuroloogia ja neurokirurgia residentidel 2. (neurointensiivravi) ja pulmonoloogia residentidel 3. intensiivravi osakonnas. Teiste erialade residentide jaotus toimub \u00fchtlase jaotuse p\u00f5him\u00f5ttel.<\/p>\n\n\n\n<p class=\"has-medium-font-size\"><strong>Laste intensiivravi.<\/strong>\u00a0Residendil palume saata e-kiri dr Merle Benstr\u00f6m (<a href=\"mailto:Merle.Benstrom@kliinikum.ee\">Merle.Benstrom@kliinikum.ee<\/a>; tel 731 9539). Residentuurits\u00fcklisse registreerumisel andke teada oma eriala, mitmenda aasta resident olete ning milline on ts\u00fckli kestvus ja soovitav ajavahemik.\u00a0<\/p>\n\n\n\n<p class=\"has-medium-font-size\">Alates 01.09.2017 vormistatakse AI kliinikus ts\u00fcklites olevate residentide t\u00f6\u00f6lepingutes t\u00f6\u00f6tegemise kohaks AI kliinik. Kliinikujuhataja korraldusega m\u00e4\u00e4ratakse konkreetne osakond residendi t\u00f6\u00f6tegemise kohaks.<\/p>\n\n\n\n<p><\/p>\n","protected":false},"excerpt":{"rendered":"<p>Residentide registreerumine vabadele kohtadele anestesioloogia ja intensiivravi kliinikus Residendi liikumise erinevate osakondade vahel m\u00e4\u00e4rab&nbsp;individuaalne \u00f5pingukava, mis koostatakse \u00f5ppeaastale eelneva kevadsemestri jooksul. Individuaalse \u00f5pingukava koostamiseks peab resident kokku leppima residentuuri programmis etten\u00e4htud erialats\u00fcklite l\u00e4bimise.&nbsp; Residentuuri ts\u00fcklitesse registreerumine AI-kliinikus toimuvad erakorralise meditsiini, anestesioloogia, t\u00e4iskasvanute intensiivravi ja laste intensiivravi residentuurits\u00fcklid. Ts\u00fcklitesse registreerumine toimub allj\u00e4rgnevalt: Erakorraline meditsiin.&nbsp;&nbsp;Residendil palume saata [&hellip;]<\/p>\n","protected":false},"author":36,"featured_media":0,"parent":8464,"menu_order":1,"comment_status":"closed","ping_status":"closed","template":"","meta":{"_acf_changed":false,"_uag_custom_page_level_css":"","footnotes":""},"class_list":["post-8501","page","type-page","status-publish","hentry"],"acf":[],"yoast_head":"<!-- This site is optimized with the Yoast SEO plugin v27.5 - https:\/\/yoast.com\/product\/yoast-seo-wordpress\/ -->\n<title>Residentuur - Anestesioloogia ja intensiivravi kliinik<\/title>\n<meta name=\"robots\" content=\"index, follow, max-snippet:-1, max-image-preview:large, max-video-preview:-1\" \/>\n<link rel=\"canonical\" href=\"https:\/\/www.kliinikum.ee\/aikliinik\/teadus-ja-oppetoo\/residentuur\/\" \/>\n<meta property=\"og:locale\" content=\"et_EE\" \/>\n<meta property=\"og:type\" content=\"article\" \/>\n<meta property=\"og:title\" content=\"Residentuur - Anestesioloogia ja intensiivravi kliinik\" \/>\n<meta property=\"og:description\" content=\"Residentide registreerumine vabadele kohtadele anestesioloogia ja intensiivravi kliinikus Residendi liikumise erinevate osakondade vahel m\u00e4\u00e4rab&nbsp;individuaalne \u00f5pingukava, mis koostatakse \u00f5ppeaastale eelneva kevadsemestri jooksul. Individuaalse \u00f5pingukava koostamiseks peab resident kokku leppima residentuuri programmis etten\u00e4htud erialats\u00fcklite l\u00e4bimise.&nbsp; Residentuuri ts\u00fcklitesse registreerumine AI-kliinikus toimuvad erakorralise meditsiini, anestesioloogia, t\u00e4iskasvanute intensiivravi ja laste intensiivravi residentuurits\u00fcklid. Ts\u00fcklitesse registreerumine toimub allj\u00e4rgnevalt: Erakorraline meditsiin.&nbsp;&nbsp;Residendil palume saata [&hellip;]\" \/>\n<meta property=\"og:url\" content=\"https:\/\/www.kliinikum.ee\/aikliinik\/teadus-ja-oppetoo\/residentuur\/\" \/>\n<meta property=\"og:site_name\" content=\"Anestesioloogia ja intensiivravi kliinik\" \/>\n<meta property=\"article:modified_time\" content=\"2025-11-26T11:55:05+00:00\" \/>\n<meta name=\"twitter:card\" content=\"summary_large_image\" \/>\n<meta name=\"twitter:label1\" content=\"Est. reading time\" \/>\n\t<meta name=\"twitter:data1\" content=\"2 minutit\" \/>\n<script type=\"application\/ld+json\" class=\"yoast-schema-graph\">{\"@context\":\"https:\\\/\\\/schema.org\",\"@graph\":[{\"@type\":\"WebPage\",\"@id\":\"https:\\\/\\\/www.kliinikum.ee\\\/aikliinik\\\/teadus-ja-oppetoo\\\/residentuur\\\/\",\"url\":\"https:\\\/\\\/www.kliinikum.ee\\\/aikliinik\\\/teadus-ja-oppetoo\\\/residentuur\\\/\",\"name\":\"Residentuur - Anestesioloogia ja intensiivravi kliinik\",\"isPartOf\":{\"@id\":\"https:\\\/\\\/www.kliinikum.ee\\\/aikliinik\\\/#website\"},\"datePublished\":\"2023-07-14T10:33:46+00:00\",\"dateModified\":\"2025-11-26T11:55:05+00:00\",\"breadcrumb\":{\"@id\":\"https:\\\/\\\/www.kliinikum.ee\\\/aikliinik\\\/teadus-ja-oppetoo\\\/residentuur\\\/#breadcrumb\"},\"inLanguage\":\"et\",\"potentialAction\":[{\"@type\":\"ReadAction\",\"target\":[\"https:\\\/\\\/www.kliinikum.ee\\\/aikliinik\\\/teadus-ja-oppetoo\\\/residentuur\\\/\"]}]},{\"@type\":\"BreadcrumbList\",\"@id\":\"https:\\\/\\\/www.kliinikum.ee\\\/aikliinik\\\/teadus-ja-oppetoo\\\/residentuur\\\/#breadcrumb\",\"itemListElement\":[{\"@type\":\"ListItem\",\"position\":1,\"name\":\"Home\",\"item\":\"https:\\\/\\\/www.kliinikum.ee\\\/aikliinik\\\/\"},{\"@type\":\"ListItem\",\"position\":2,\"name\":\"Teadus- ja \u00f5ppet\u00f6\u00f6\",\"item\":\"https:\\\/\\\/www.kliinikum.ee\\\/aikliinik\\\/teadus-ja-oppetoo\\\/\"},{\"@type\":\"ListItem\",\"position\":3,\"name\":\"Residentuur\"}]},{\"@type\":\"WebSite\",\"@id\":\"https:\\\/\\\/www.kliinikum.ee\\\/aikliinik\\\/#website\",\"url\":\"https:\\\/\\\/www.kliinikum.ee\\\/aikliinik\\\/\",\"name\":\"Anestesioloogia ja intensiivravi kliinik\",\"description\":\"Hoolivus, Uuendusmeelsus, P\u00e4devus ja Usaldusv\u00e4\u00e4rsus\",\"potentialAction\":[{\"@type\":\"SearchAction\",\"target\":{\"@type\":\"EntryPoint\",\"urlTemplate\":\"https:\\\/\\\/www.kliinikum.ee\\\/aikliinik\\\/?s={search_term_string}\"},\"query-input\":{\"@type\":\"PropertyValueSpecification\",\"valueRequired\":true,\"valueName\":\"search_term_string\"}}],\"inLanguage\":\"et\"}]}<\/script>\n<!-- \/ Yoast SEO plugin. -->","yoast_head_json":{"title":"Residentuur - Anestesioloogia ja intensiivravi kliinik","robots":{"index":"index","follow":"follow","max-snippet":"max-snippet:-1","max-image-preview":"max-image-preview:large","max-video-preview":"max-video-preview:-1"},"canonical":"https:\/\/www.kliinikum.ee\/aikliinik\/teadus-ja-oppetoo\/residentuur\/","og_locale":"et_EE","og_type":"article","og_title":"Residentuur - Anestesioloogia ja intensiivravi kliinik","og_description":"Residentide registreerumine vabadele kohtadele anestesioloogia ja intensiivravi kliinikus Residendi liikumise erinevate osakondade vahel m\u00e4\u00e4rab&nbsp;individuaalne \u00f5pingukava, mis koostatakse \u00f5ppeaastale eelneva kevadsemestri jooksul. Individuaalse \u00f5pingukava koostamiseks peab resident kokku leppima residentuuri programmis etten\u00e4htud erialats\u00fcklite l\u00e4bimise.&nbsp; Residentuuri ts\u00fcklitesse registreerumine AI-kliinikus toimuvad erakorralise meditsiini, anestesioloogia, t\u00e4iskasvanute intensiivravi ja laste intensiivravi residentuurits\u00fcklid. Ts\u00fcklitesse registreerumine toimub allj\u00e4rgnevalt: Erakorraline meditsiin.&nbsp;&nbsp;Residendil palume saata [&hellip;]","og_url":"https:\/\/www.kliinikum.ee\/aikliinik\/teadus-ja-oppetoo\/residentuur\/","og_site_name":"Anestesioloogia ja intensiivravi kliinik","article_modified_time":"2025-11-26T11:55:05+00:00","twitter_card":"summary_large_image","twitter_misc":{"Est. reading time":"2 minutit"},"schema":{"@context":"https:\/\/schema.org","@graph":[{"@type":"WebPage","@id":"https:\/\/www.kliinikum.ee\/aikliinik\/teadus-ja-oppetoo\/residentuur\/","url":"https:\/\/www.kliinikum.ee\/aikliinik\/teadus-ja-oppetoo\/residentuur\/","name":"Residentuur - Anestesioloogia ja intensiivravi kliinik","isPartOf":{"@id":"https:\/\/www.kliinikum.ee\/aikliinik\/#website"},"datePublished":"2023-07-14T10:33:46+00:00","dateModified":"2025-11-26T11:55:05+00:00","breadcrumb":{"@id":"https:\/\/www.kliinikum.ee\/aikliinik\/teadus-ja-oppetoo\/residentuur\/#breadcrumb"},"inLanguage":"et","potentialAction":[{"@type":"ReadAction","target":["https:\/\/www.kliinikum.ee\/aikliinik\/teadus-ja-oppetoo\/residentuur\/"]}]},{"@type":"BreadcrumbList","@id":"https:\/\/www.kliinikum.ee\/aikliinik\/teadus-ja-oppetoo\/residentuur\/#breadcrumb","itemListElement":[{"@type":"ListItem","position":1,"name":"Home","item":"https:\/\/www.kliinikum.ee\/aikliinik\/"},{"@type":"ListItem","position":2,"name":"Teadus- ja \u00f5ppet\u00f6\u00f6","item":"https:\/\/www.kliinikum.ee\/aikliinik\/teadus-ja-oppetoo\/"},{"@type":"ListItem","position":3,"name":"Residentuur"}]},{"@type":"WebSite","@id":"https:\/\/www.kliinikum.ee\/aikliinik\/#website","url":"https:\/\/www.kliinikum.ee\/aikliinik\/","name":"Anestesioloogia ja intensiivravi kliinik","description":"Hoolivus, Uuendusmeelsus, P\u00e4devus ja Usaldusv\u00e4\u00e4rsus","potentialAction":[{"@type":"SearchAction","target":{"@type":"EntryPoint","urlTemplate":"https:\/\/www.kliinikum.ee\/aikliinik\/?s={search_term_string}"},"query-input":{"@type":"PropertyValueSpecification","valueRequired":true,"valueName":"search_term_string"}}],"inLanguage":"et"}]}},"uagb_featured_image_src":{"full":false,"thumbnail":false,"medium":false,"medium_large":false,"large":false,"1536x1536":false,"2048x2048":false},"uagb_author_info":{"display_name":"Jane Freimann","author_link":"https:\/\/www.kliinikum.ee\/aikliinik\/author\/janef\/"},"uagb_comment_info":0,"uagb_excerpt":"Residentide registreerumine vabadele kohtadele anestesioloogia ja intensiivravi kliinikus Residendi liikumise erinevate osakondade vahel m\u00e4\u00e4rab&nbsp;individuaalne \u00f5pingukava, mis koostatakse \u00f5ppeaastale eelneva kevadsemestri jooksul. Individuaalse \u00f5pingukava koostamiseks peab resident kokku leppima residentuuri programmis etten\u00e4htud erialats\u00fcklite l\u00e4bimise.&nbsp; Residentuuri ts\u00fcklitesse registreerumine AI-kliinikus toimuvad erakorralise meditsiini, anestesioloogia, t\u00e4iskasvanute intensiivravi ja laste intensiivravi residentuurits\u00fcklid. Ts\u00fcklitesse registreerumine toimub allj\u00e4rgnevalt: Erakorraline meditsiin.&nbsp;&nbsp;Residendil palume saata&hellip;","_links":{"self":[{"href":"https:\/\/www.kliinikum.ee\/aikliinik\/wp-json\/wp\/v2\/pages\/8501","targetHints":{"allow":["GET"]}}],"collection":[{"href":"https:\/\/www.kliinikum.ee\/aikliinik\/wp-json\/wp\/v2\/pages"}],"about":[{"href":"https:\/\/www.kliinikum.ee\/aikliinik\/wp-json\/wp\/v2\/types\/page"}],"author":[{"embeddable":true,"href":"https:\/\/www.kliinikum.ee\/aikliinik\/wp-json\/wp\/v2\/users\/36"}],"replies":[{"embeddable":true,"href":"https:\/\/www.kliinikum.ee\/aikliinik\/wp-json\/wp\/v2\/comments?post=8501"}],"version-history":[{"count":0,"href":"https:\/\/www.kliinikum.ee\/aikliinik\/wp-json\/wp\/v2\/pages\/8501\/revisions"}],"up":[{"embeddable":true,"href":"https:\/\/www.kliinikum.ee\/aikliinik\/wp-json\/wp\/v2\/pages\/8464"}],"wp:attachment":[{"href":"https:\/\/www.kliinikum.ee\/aikliinik\/wp-json\/wp\/v2\/media?parent=8501"}],"curies":[{"name":"wp","href":"https:\/\/api.w.org\/{rel}","templated":true}]}}