{"id":8559,"date":"2023-11-27T10:56:47","date_gmt":"2023-11-27T08:56:47","guid":{"rendered":"https:\/\/www.kliinikum.ee\/aikliinik\/?page_id=8559"},"modified":"2023-11-27T11:00:07","modified_gmt":"2023-11-27T09:00:07","slug":"parkimine","status":"publish","type":"page","link":"https:\/\/www.kliinikum.ee\/aikliinik\/patsiendile\/parkimine\/","title":{"rendered":"Parkimine"},"content":{"rendered":"\n<p class=\"has-medium-font-size\">Kliinikumi hoonete \u00fcmbruses on parkimine tasuline. Parkimismaja ja selle vahetus l\u00e4heduses (N. Lunini 16 kinnistu) korraldab parkimist EuroPark Estonia O\u00dc.<br>L. Puusepa 1a, 2, 4, 6, 8 ning N. Lunini 6 ja 14 ja Ravila 19 hoonete parklates korraldab parkimist AS \u00dchisteenused.<\/p>\n\n\n\n<p class=\"has-medium-font-size\"><strong>EMO parkla<\/strong><\/p>\n\n\n\n<ul class=\"wp-block-list\">\n<li class=\"has-medium-font-size\">EMO parkla on m\u00f5eldud kasutamiseks EMO patsiendile, s\u00fcnnitajale ja perele, kus arstiabi vajab vasts\u00fcndinu v\u00f5i liikumispuudega laps. EMO parkla asub M-korpuse 0 ja -1 korrusel.<\/li>\n\n\n\n<li class=\"has-medium-font-size\">Parkimine on valideeritud piletiga tasuta 72h. Iga j\u00e4rgnev tund 1\u20ac, \u00f6\u00f6p\u00e4ev 5\u20ac.<\/li>\n\n\n\n<li class=\"has-medium-font-size\">Validaatorid asuvad EMO-s, s\u00fcnnitusosakonnas, neonatoloogia osakonnas ja lastekliiniku infos.<\/li>\n\n\n\n<li class=\"has-medium-font-size\">Parkimise l\u00f5petamiseks sisestage pilet makseterminali ja tasuge sularaha v\u00f5i pangakaardiga.<\/li>\n\n\n\n<li class=\"has-medium-font-size\">Pileti kontrollimise v\u00f5i tasumise hetkest j\u00e4\u00e4b parklast v\u00e4ljumiseks aega 30 minutit.<\/li>\n\n\n\n<li class=\"has-medium-font-size\">Kaotatud v\u00f5i rikutud pileti tasu on 10\u20ac.<\/li>\n<\/ul>\n\n\n\n<p class=\"has-medium-font-size\"><strong>EMO sissep\u00e4\u00e4su ees on lubatud vaid peatuda kuni 30 minutit patsientide peale- v\u00f5i mahamineku ajaks.<\/strong>&nbsp;<strong>Kiirabihalli ees (kollane m\u00e4rgistus \u201cEMO patsient\u201d)<\/strong>&nbsp;<strong>kehtib parkimistsoon YT76.<\/strong><\/p>\n\n\n\n<p class=\"has-medium-font-size\">Parkimisest pikemalt <a href=\"https:\/\/www.kliinikum.ee\/patsiendile\/parkimine\/\">SIIN<\/a>.<\/p>\n","protected":false},"excerpt":{"rendered":"<p>Kliinikumi hoonete \u00fcmbruses on parkimine tasuline. Parkimismaja ja selle vahetus l\u00e4heduses (N. Lunini 16 kinnistu) korraldab parkimist EuroPark Estonia O\u00dc.L. Puusepa 1a, 2, 4, 6, 8 ning N. Lunini 6 ja 14 ja Ravila 19 hoonete parklates korraldab parkimist AS \u00dchisteenused. EMO parkla EMO sissep\u00e4\u00e4su ees on lubatud vaid peatuda kuni 30 minutit patsientide peale- [&hellip;]<\/p>\n","protected":false},"author":36,"featured_media":0,"parent":15,"menu_order":3,"comment_status":"closed","ping_status":"closed","template":"","meta":{"_acf_changed":false,"_uag_custom_page_level_css":"","footnotes":""},"class_list":["post-8559","page","type-page","status-publish","hentry"],"acf":[],"yoast_head":"<!-- This site is optimized with the Yoast SEO plugin v27.3 - https:\/\/yoast.com\/product\/yoast-seo-wordpress\/ -->\n<title>Parkimine - Anestesioloogia ja intensiivravi kliinik<\/title>\n<meta name=\"robots\" content=\"index, follow, max-snippet:-1, max-image-preview:large, max-video-preview:-1\" \/>\n<link rel=\"canonical\" href=\"https:\/\/www.kliinikum.ee\/aikliinik\/patsiendile\/parkimine\/\" \/>\n<meta property=\"og:locale\" content=\"et_EE\" \/>\n<meta property=\"og:type\" content=\"article\" \/>\n<meta property=\"og:title\" content=\"Parkimine - Anestesioloogia ja intensiivravi kliinik\" \/>\n<meta property=\"og:description\" content=\"Kliinikumi hoonete \u00fcmbruses on parkimine tasuline. Parkimismaja ja selle vahetus l\u00e4heduses (N. Lunini 16 kinnistu) korraldab parkimist EuroPark Estonia O\u00dc.L. Puusepa 1a, 2, 4, 6, 8 ning N. Lunini 6 ja 14 ja Ravila 19 hoonete parklates korraldab parkimist AS \u00dchisteenused. EMO parkla EMO sissep\u00e4\u00e4su ees on lubatud vaid peatuda kuni 30 minutit patsientide peale- [&hellip;]\" \/>\n<meta property=\"og:url\" content=\"https:\/\/www.kliinikum.ee\/aikliinik\/patsiendile\/parkimine\/\" \/>\n<meta property=\"og:site_name\" content=\"Anestesioloogia ja intensiivravi kliinik\" \/>\n<meta property=\"article:modified_time\" content=\"2023-11-27T09:00:07+00:00\" \/>\n<meta name=\"twitter:card\" content=\"summary_large_image\" \/>\n<meta name=\"twitter:label1\" content=\"Est. reading time\" \/>\n\t<meta name=\"twitter:data1\" content=\"1 minut\" \/>\n<script type=\"application\/ld+json\" class=\"yoast-schema-graph\">{\"@context\":\"https:\\\/\\\/schema.org\",\"@graph\":[{\"@type\":\"WebPage\",\"@id\":\"https:\\\/\\\/www.kliinikum.ee\\\/aikliinik\\\/patsiendile\\\/parkimine\\\/\",\"url\":\"https:\\\/\\\/www.kliinikum.ee\\\/aikliinik\\\/patsiendile\\\/parkimine\\\/\",\"name\":\"Parkimine - Anestesioloogia ja intensiivravi kliinik\",\"isPartOf\":{\"@id\":\"https:\\\/\\\/www.kliinikum.ee\\\/aikliinik\\\/#website\"},\"datePublished\":\"2023-11-27T08:56:47+00:00\",\"dateModified\":\"2023-11-27T09:00:07+00:00\",\"breadcrumb\":{\"@id\":\"https:\\\/\\\/www.kliinikum.ee\\\/aikliinik\\\/patsiendile\\\/parkimine\\\/#breadcrumb\"},\"inLanguage\":\"et\",\"potentialAction\":[{\"@type\":\"ReadAction\",\"target\":[\"https:\\\/\\\/www.kliinikum.ee\\\/aikliinik\\\/patsiendile\\\/parkimine\\\/\"]}]},{\"@type\":\"BreadcrumbList\",\"@id\":\"https:\\\/\\\/www.kliinikum.ee\\\/aikliinik\\\/patsiendile\\\/parkimine\\\/#breadcrumb\",\"itemListElement\":[{\"@type\":\"ListItem\",\"position\":1,\"name\":\"Home\",\"item\":\"https:\\\/\\\/www.kliinikum.ee\\\/aikliinik\\\/\"},{\"@type\":\"ListItem\",\"position\":2,\"name\":\"Patsiendile ja l\u00e4hedastele\",\"item\":\"https:\\\/\\\/www.kliinikum.ee\\\/aikliinik\\\/patsiendile\\\/\"},{\"@type\":\"ListItem\",\"position\":3,\"name\":\"Parkimine\"}]},{\"@type\":\"WebSite\",\"@id\":\"https:\\\/\\\/www.kliinikum.ee\\\/aikliinik\\\/#website\",\"url\":\"https:\\\/\\\/www.kliinikum.ee\\\/aikliinik\\\/\",\"name\":\"Anestesioloogia ja intensiivravi kliinik\",\"description\":\"Hoolivus, Uuendusmeelsus, P\u00e4devus ja Usaldusv\u00e4\u00e4rsus\",\"potentialAction\":[{\"@type\":\"SearchAction\",\"target\":{\"@type\":\"EntryPoint\",\"urlTemplate\":\"https:\\\/\\\/www.kliinikum.ee\\\/aikliinik\\\/?s={search_term_string}\"},\"query-input\":{\"@type\":\"PropertyValueSpecification\",\"valueRequired\":true,\"valueName\":\"search_term_string\"}}],\"inLanguage\":\"et\"}]}<\/script>\n<!-- \/ Yoast SEO plugin. -->","yoast_head_json":{"title":"Parkimine - Anestesioloogia ja intensiivravi kliinik","robots":{"index":"index","follow":"follow","max-snippet":"max-snippet:-1","max-image-preview":"max-image-preview:large","max-video-preview":"max-video-preview:-1"},"canonical":"https:\/\/www.kliinikum.ee\/aikliinik\/patsiendile\/parkimine\/","og_locale":"et_EE","og_type":"article","og_title":"Parkimine - Anestesioloogia ja intensiivravi kliinik","og_description":"Kliinikumi hoonete \u00fcmbruses on parkimine tasuline. Parkimismaja ja selle vahetus l\u00e4heduses (N. Lunini 16 kinnistu) korraldab parkimist EuroPark Estonia O\u00dc.L. Puusepa 1a, 2, 4, 6, 8 ning N. Lunini 6 ja 14 ja Ravila 19 hoonete parklates korraldab parkimist AS \u00dchisteenused. EMO parkla EMO sissep\u00e4\u00e4su ees on lubatud vaid peatuda kuni 30 minutit patsientide peale- [&hellip;]","og_url":"https:\/\/www.kliinikum.ee\/aikliinik\/patsiendile\/parkimine\/","og_site_name":"Anestesioloogia ja intensiivravi kliinik","article_modified_time":"2023-11-27T09:00:07+00:00","twitter_card":"summary_large_image","twitter_misc":{"Est. reading time":"1 minut"},"schema":{"@context":"https:\/\/schema.org","@graph":[{"@type":"WebPage","@id":"https:\/\/www.kliinikum.ee\/aikliinik\/patsiendile\/parkimine\/","url":"https:\/\/www.kliinikum.ee\/aikliinik\/patsiendile\/parkimine\/","name":"Parkimine - Anestesioloogia ja intensiivravi kliinik","isPartOf":{"@id":"https:\/\/www.kliinikum.ee\/aikliinik\/#website"},"datePublished":"2023-11-27T08:56:47+00:00","dateModified":"2023-11-27T09:00:07+00:00","breadcrumb":{"@id":"https:\/\/www.kliinikum.ee\/aikliinik\/patsiendile\/parkimine\/#breadcrumb"},"inLanguage":"et","potentialAction":[{"@type":"ReadAction","target":["https:\/\/www.kliinikum.ee\/aikliinik\/patsiendile\/parkimine\/"]}]},{"@type":"BreadcrumbList","@id":"https:\/\/www.kliinikum.ee\/aikliinik\/patsiendile\/parkimine\/#breadcrumb","itemListElement":[{"@type":"ListItem","position":1,"name":"Home","item":"https:\/\/www.kliinikum.ee\/aikliinik\/"},{"@type":"ListItem","position":2,"name":"Patsiendile ja l\u00e4hedastele","item":"https:\/\/www.kliinikum.ee\/aikliinik\/patsiendile\/"},{"@type":"ListItem","position":3,"name":"Parkimine"}]},{"@type":"WebSite","@id":"https:\/\/www.kliinikum.ee\/aikliinik\/#website","url":"https:\/\/www.kliinikum.ee\/aikliinik\/","name":"Anestesioloogia ja intensiivravi kliinik","description":"Hoolivus, Uuendusmeelsus, P\u00e4devus ja Usaldusv\u00e4\u00e4rsus","potentialAction":[{"@type":"SearchAction","target":{"@type":"EntryPoint","urlTemplate":"https:\/\/www.kliinikum.ee\/aikliinik\/?s={search_term_string}"},"query-input":{"@type":"PropertyValueSpecification","valueRequired":true,"valueName":"search_term_string"}}],"inLanguage":"et"}]}},"uagb_featured_image_src":{"full":false,"thumbnail":false,"medium":false,"medium_large":false,"large":false,"1536x1536":false,"2048x2048":false},"uagb_author_info":{"display_name":"Jane Freimann","author_link":"https:\/\/www.kliinikum.ee\/aikliinik\/author\/janef\/"},"uagb_comment_info":0,"uagb_excerpt":"Kliinikumi hoonete \u00fcmbruses on parkimine tasuline. Parkimismaja ja selle vahetus l\u00e4heduses (N. Lunini 16 kinnistu) korraldab parkimist EuroPark Estonia O\u00dc.L. Puusepa 1a, 2, 4, 6, 8 ning N. Lunini 6 ja 14 ja Ravila 19 hoonete parklates korraldab parkimist AS \u00dchisteenused. EMO parkla EMO sissep\u00e4\u00e4su ees on lubatud vaid peatuda kuni 30 minutit patsientide peale-&hellip;","_links":{"self":[{"href":"https:\/\/www.kliinikum.ee\/aikliinik\/wp-json\/wp\/v2\/pages\/8559","targetHints":{"allow":["GET"]}}],"collection":[{"href":"https:\/\/www.kliinikum.ee\/aikliinik\/wp-json\/wp\/v2\/pages"}],"about":[{"href":"https:\/\/www.kliinikum.ee\/aikliinik\/wp-json\/wp\/v2\/types\/page"}],"author":[{"embeddable":true,"href":"https:\/\/www.kliinikum.ee\/aikliinik\/wp-json\/wp\/v2\/users\/36"}],"replies":[{"embeddable":true,"href":"https:\/\/www.kliinikum.ee\/aikliinik\/wp-json\/wp\/v2\/comments?post=8559"}],"version-history":[{"count":3,"href":"https:\/\/www.kliinikum.ee\/aikliinik\/wp-json\/wp\/v2\/pages\/8559\/revisions"}],"predecessor-version":[{"id":8563,"href":"https:\/\/www.kliinikum.ee\/aikliinik\/wp-json\/wp\/v2\/pages\/8559\/revisions\/8563"}],"up":[{"embeddable":true,"href":"https:\/\/www.kliinikum.ee\/aikliinik\/wp-json\/wp\/v2\/pages\/15"}],"wp:attachment":[{"href":"https:\/\/www.kliinikum.ee\/aikliinik\/wp-json\/wp\/v2\/media?parent=8559"}],"curies":[{"name":"wp","href":"https:\/\/api.w.org\/{rel}","templated":true}]}}