{"id":5848,"date":"2023-04-05T13:02:32","date_gmt":"2023-04-05T11:02:32","guid":{"rendered":"https:\/\/www.kliinikum.ee\/diabeet\/?page_id=5848"},"modified":"2023-06-15T13:32:18","modified_gmt":"2023-06-15T11:32:18","slug":"elu-diabeediga","status":"publish","type":"page","link":"https:\/\/www.kliinikum.ee\/diabeet\/elu-diabeediga\/","title":{"rendered":"Elu diabeediga"},"content":{"rendered":"\n<p>Elu diabeediga v\u00f5ib olla v\u00e4ljakutsete rohke, kuid see ei t\u00e4henda, et see ei saaks olla t\u00e4isv\u00e4\u00e4rtuslik. Diabeet on k\u00fcll osa inimesest, kuid see ei m\u00e4\u00e4ratle inimest ega piira tema v\u00f5imeid. See v\u00f5ib hoopis panna avastama sisemist tugevust ja vastupidavust. Diabeet v\u00f5ib \u00f5petada enesekindlust ja eneseteadlikkust, kuulates oma keha vajadusi ning tegema teadlikke otsuseid tervisliku eluviisi osas. Kuigi diabeet toob kaasa igap\u00e4evaseid v\u00e4ljakutseid, on oluline keskenduda positiivsele.<\/p>\n\n\n\n<p>Diabeet v\u00f5ib innustada avastama uusi tervislikke retsepte, liikumisviise ja l\u00f5\u00f5gastustehnikaid, mis aitavad tervist optimeerida. See v\u00f5ib inspireerida uurima meditsiinilisi edusamme ja tehnoloogiaid, mis aitavad diabeedi haldamist mugavamaks muuta. \u00c4ra lase diabeedil takistada elamast t\u00e4isv\u00e4\u00e4rtuslikku ja r\u00f5\u00f5msat elu.<\/p>\n","protected":false},"excerpt":{"rendered":"<p>Elu diabeediga v\u00f5ib olla v\u00e4ljakutsete rohke, kuid see ei t\u00e4henda, et see ei saaks olla t\u00e4isv\u00e4\u00e4rtuslik. Diabeet on k\u00fcll osa inimesest, kuid see ei m\u00e4\u00e4ratle inimest ega piira tema v\u00f5imeid. See v\u00f5ib hoopis panna avastama sisemist tugevust ja vastupidavust. Diabeet v\u00f5ib \u00f5petada enesekindlust ja eneseteadlikkust, kuulates oma keha vajadusi ning tegema teadlikke otsuseid tervisliku eluviisi [&hellip;]<\/p>\n","protected":false},"author":34,"featured_media":0,"parent":0,"menu_order":0,"comment_status":"closed","ping_status":"closed","template":"","meta":{"_acf_changed":false,"_uag_custom_page_level_css":"","footnotes":""},"class_list":["post-5848","page","type-page","status-publish","hentry"],"acf":[],"yoast_head":"<!-- This site is optimized with the Yoast SEO plugin v27.3 - https:\/\/yoast.com\/product\/yoast-seo-wordpress\/ -->\n<title>Elu diabeediga - Diabeedikeskus<\/title>\n<meta name=\"robots\" content=\"index, follow, max-snippet:-1, max-image-preview:large, max-video-preview:-1\" \/>\n<link rel=\"canonical\" href=\"https:\/\/www.kliinikum.ee\/diabeet\/elu-diabeediga\/\" \/>\n<meta property=\"og:locale\" content=\"et_EE\" \/>\n<meta property=\"og:type\" content=\"article\" \/>\n<meta property=\"og:title\" content=\"Elu diabeediga - Diabeedikeskus\" \/>\n<meta property=\"og:description\" content=\"Elu diabeediga v\u00f5ib olla v\u00e4ljakutsete rohke, kuid see ei t\u00e4henda, et see ei saaks olla t\u00e4isv\u00e4\u00e4rtuslik. Diabeet on k\u00fcll osa inimesest, kuid see ei m\u00e4\u00e4ratle inimest ega piira tema v\u00f5imeid. See v\u00f5ib hoopis panna avastama sisemist tugevust ja vastupidavust. Diabeet v\u00f5ib \u00f5petada enesekindlust ja eneseteadlikkust, kuulates oma keha vajadusi ning tegema teadlikke otsuseid tervisliku eluviisi [&hellip;]\" \/>\n<meta property=\"og:url\" content=\"https:\/\/www.kliinikum.ee\/diabeet\/elu-diabeediga\/\" \/>\n<meta property=\"og:site_name\" content=\"Diabeedikeskus\" \/>\n<meta property=\"article:modified_time\" content=\"2023-06-15T11:32:18+00:00\" \/>\n<meta name=\"twitter:card\" content=\"summary_large_image\" \/>\n<meta name=\"twitter:label1\" content=\"Est. reading time\" \/>\n\t<meta name=\"twitter:data1\" content=\"1 minut\" \/>\n<script type=\"application\/ld+json\" class=\"yoast-schema-graph\">{\"@context\":\"https:\\\/\\\/schema.org\",\"@graph\":[{\"@type\":\"WebPage\",\"@id\":\"https:\\\/\\\/www.kliinikum.ee\\\/diabeet\\\/elu-diabeediga\\\/\",\"url\":\"https:\\\/\\\/www.kliinikum.ee\\\/diabeet\\\/elu-diabeediga\\\/\",\"name\":\"Elu diabeediga - Diabeedikeskus\",\"isPartOf\":{\"@id\":\"https:\\\/\\\/www.kliinikum.ee\\\/diabeet\\\/#website\"},\"datePublished\":\"2023-04-05T11:02:32+00:00\",\"dateModified\":\"2023-06-15T11:32:18+00:00\",\"breadcrumb\":{\"@id\":\"https:\\\/\\\/www.kliinikum.ee\\\/diabeet\\\/elu-diabeediga\\\/#breadcrumb\"},\"inLanguage\":\"et\",\"potentialAction\":[{\"@type\":\"ReadAction\",\"target\":[\"https:\\\/\\\/www.kliinikum.ee\\\/diabeet\\\/elu-diabeediga\\\/\"]}]},{\"@type\":\"BreadcrumbList\",\"@id\":\"https:\\\/\\\/www.kliinikum.ee\\\/diabeet\\\/elu-diabeediga\\\/#breadcrumb\",\"itemListElement\":[{\"@type\":\"ListItem\",\"position\":1,\"name\":\"Home\",\"item\":\"https:\\\/\\\/www.kliinikum.ee\\\/diabeet\\\/\"},{\"@type\":\"ListItem\",\"position\":2,\"name\":\"Elu diabeediga\"}]},{\"@type\":\"WebSite\",\"@id\":\"https:\\\/\\\/www.kliinikum.ee\\\/diabeet\\\/#website\",\"url\":\"https:\\\/\\\/www.kliinikum.ee\\\/diabeet\\\/\",\"name\":\"Diabeedikeskus\",\"description\":\"\",\"potentialAction\":[{\"@type\":\"SearchAction\",\"target\":{\"@type\":\"EntryPoint\",\"urlTemplate\":\"https:\\\/\\\/www.kliinikum.ee\\\/diabeet\\\/?s={search_term_string}\"},\"query-input\":{\"@type\":\"PropertyValueSpecification\",\"valueRequired\":true,\"valueName\":\"search_term_string\"}}],\"inLanguage\":\"et\"}]}<\/script>\n<!-- \/ Yoast SEO plugin. -->","yoast_head_json":{"title":"Elu diabeediga - Diabeedikeskus","robots":{"index":"index","follow":"follow","max-snippet":"max-snippet:-1","max-image-preview":"max-image-preview:large","max-video-preview":"max-video-preview:-1"},"canonical":"https:\/\/www.kliinikum.ee\/diabeet\/elu-diabeediga\/","og_locale":"et_EE","og_type":"article","og_title":"Elu diabeediga - Diabeedikeskus","og_description":"Elu diabeediga v\u00f5ib olla v\u00e4ljakutsete rohke, kuid see ei t\u00e4henda, et see ei saaks olla t\u00e4isv\u00e4\u00e4rtuslik. Diabeet on k\u00fcll osa inimesest, kuid see ei m\u00e4\u00e4ratle inimest ega piira tema v\u00f5imeid. See v\u00f5ib hoopis panna avastama sisemist tugevust ja vastupidavust. Diabeet v\u00f5ib \u00f5petada enesekindlust ja eneseteadlikkust, kuulates oma keha vajadusi ning tegema teadlikke otsuseid tervisliku eluviisi [&hellip;]","og_url":"https:\/\/www.kliinikum.ee\/diabeet\/elu-diabeediga\/","og_site_name":"Diabeedikeskus","article_modified_time":"2023-06-15T11:32:18+00:00","twitter_card":"summary_large_image","twitter_misc":{"Est. reading time":"1 minut"},"schema":{"@context":"https:\/\/schema.org","@graph":[{"@type":"WebPage","@id":"https:\/\/www.kliinikum.ee\/diabeet\/elu-diabeediga\/","url":"https:\/\/www.kliinikum.ee\/diabeet\/elu-diabeediga\/","name":"Elu diabeediga - Diabeedikeskus","isPartOf":{"@id":"https:\/\/www.kliinikum.ee\/diabeet\/#website"},"datePublished":"2023-04-05T11:02:32+00:00","dateModified":"2023-06-15T11:32:18+00:00","breadcrumb":{"@id":"https:\/\/www.kliinikum.ee\/diabeet\/elu-diabeediga\/#breadcrumb"},"inLanguage":"et","potentialAction":[{"@type":"ReadAction","target":["https:\/\/www.kliinikum.ee\/diabeet\/elu-diabeediga\/"]}]},{"@type":"BreadcrumbList","@id":"https:\/\/www.kliinikum.ee\/diabeet\/elu-diabeediga\/#breadcrumb","itemListElement":[{"@type":"ListItem","position":1,"name":"Home","item":"https:\/\/www.kliinikum.ee\/diabeet\/"},{"@type":"ListItem","position":2,"name":"Elu diabeediga"}]},{"@type":"WebSite","@id":"https:\/\/www.kliinikum.ee\/diabeet\/#website","url":"https:\/\/www.kliinikum.ee\/diabeet\/","name":"Diabeedikeskus","description":"","potentialAction":[{"@type":"SearchAction","target":{"@type":"EntryPoint","urlTemplate":"https:\/\/www.kliinikum.ee\/diabeet\/?s={search_term_string}"},"query-input":{"@type":"PropertyValueSpecification","valueRequired":true,"valueName":"search_term_string"}}],"inLanguage":"et"}]}},"uagb_featured_image_src":{"full":false,"thumbnail":false,"medium":false,"medium_large":false,"large":false,"1536x1536":false,"2048x2048":false},"uagb_author_info":{"display_name":"Jane Freimann","author_link":"https:\/\/www.kliinikum.ee\/diabeet\/author\/janef\/"},"uagb_comment_info":0,"uagb_excerpt":"Elu diabeediga v\u00f5ib olla v\u00e4ljakutsete rohke, kuid see ei t\u00e4henda, et see ei saaks olla t\u00e4isv\u00e4\u00e4rtuslik. Diabeet on k\u00fcll osa inimesest, kuid see ei m\u00e4\u00e4ratle inimest ega piira tema v\u00f5imeid. See v\u00f5ib hoopis panna avastama sisemist tugevust ja vastupidavust. Diabeet v\u00f5ib \u00f5petada enesekindlust ja eneseteadlikkust, kuulates oma keha vajadusi ning tegema teadlikke otsuseid tervisliku eluviisi&hellip;","_links":{"self":[{"href":"https:\/\/www.kliinikum.ee\/diabeet\/wp-json\/wp\/v2\/pages\/5848","targetHints":{"allow":["GET"]}}],"collection":[{"href":"https:\/\/www.kliinikum.ee\/diabeet\/wp-json\/wp\/v2\/pages"}],"about":[{"href":"https:\/\/www.kliinikum.ee\/diabeet\/wp-json\/wp\/v2\/types\/page"}],"author":[{"embeddable":true,"href":"https:\/\/www.kliinikum.ee\/diabeet\/wp-json\/wp\/v2\/users\/34"}],"replies":[{"embeddable":true,"href":"https:\/\/www.kliinikum.ee\/diabeet\/wp-json\/wp\/v2\/comments?post=5848"}],"version-history":[{"count":0,"href":"https:\/\/www.kliinikum.ee\/diabeet\/wp-json\/wp\/v2\/pages\/5848\/revisions"}],"wp:attachment":[{"href":"https:\/\/www.kliinikum.ee\/diabeet\/wp-json\/wp\/v2\/media?parent=5848"}],"curies":[{"name":"wp","href":"https:\/\/api.w.org\/{rel}","templated":true}]}}