{"id":5879,"date":"2023-04-05T14:07:10","date_gmt":"2023-04-05T12:07:10","guid":{"rendered":"https:\/\/www.kliinikum.ee\/diabeet\/?page_id=5879"},"modified":"2023-06-19T12:48:18","modified_gmt":"2023-06-19T10:48:18","slug":"reisimine","status":"publish","type":"page","link":"https:\/\/www.kliinikum.ee\/diabeet\/elu-diabeediga\/reisimine\/","title":{"rendered":"Reisimine"},"content":{"rendered":"\n<div class=\"wp-block-uagb-advanced-heading uagb-block-675635d9\"><h2 class=\"uagb-heading-text\"><strong>Reisi eelsed tegevused:<\/strong><\/h2><\/div>\n\n\n\n<ul class=\"wp-block-list\">\n<li>Teha pakkimise eelselt nimekiri vajalikest vahenditest (gl\u00fckomeeter, lantsetid, testribad, insuliini s\u00fcsten\u00f5elad, gl\u00fckoositabletid, vahepalad kui s\u00f6\u00f6gikord hilineb jms), et kiirustades midagi maha ei j\u00e4\u00e4ks.<\/li>\n\n\n\n<li>V\u00f5tta k\u00f5iki vahendeid (lantsette, testribasid, insuliini s\u00fcsten\u00f5elu) ja ravimeid (tablette, insuliine) topelt koguses kaasa, kuna ravimite ja tarvikute kasutamise kogus v\u00f5ib reisil olles erineda. Pikemale reisile minnes v\u00f5iks kaasa v\u00f5tta ka varu gl\u00fckomeetri juhuks, kui \u00fcks peaks purunema, kahjustuma, kaduma v\u00f5i see varastatakse.<\/li>\n\n\n\n<li>Insuliinipumba v\u00f5i\/ja sensori kasutamisel v\u00f5iksid samuti kaasas olla k\u00f5ik eelpool nimetatud tarvikud ning pika- ja l\u00fchitoimeline insuliin juhuks, kui tekib pumba rike.<\/li>\n\n\n\n<li>Tutvuda gl\u00fckomeetri tootjapoolse juhendiga, et saada t\u00e4psemad juhised gl\u00fckomeetriga reisimise kohta ning sellega seonduvatest v\u00f5imalikest erip\u00e4radest. Merepinnast k\u00f5rgematel asetsevates riikides ning ka lennukis n\u00e4itab gl\u00fckomeeter r\u00f5hu t\u00f5usu t\u00f5ttu ekslikult 1-2% madalamat v\u00e4\u00e4rtust iga 300 meetrise k\u00f5rgusvahe kohta.<\/li>\n\n\n\n<li>Tutvuda sensori ja\/v\u00f5i insuliinipumba tootjapoolse juhendiga, et osata lennujaama julgestuskontrolli t\u00f6\u00f6tajatele \u00f6elda, millistesse skanneritesse tohib ja ei tohi minna. N\u00e4iteks <em>Medtronicu<\/em> kodulehel on olemas <a href=\"https:\/\/www.ipag.co.uk\/medtronic-diabetes-insulin-pump-airport-security-letter\/medtronic-airport-security-letter\/\" target=\"_blank\" rel=\"noreferrer noopener\">v\u00e4ljaprinditav infokiri<\/a> lennujaamade julgestuskontrolli jaoks.<\/li>\n<\/ul>\n\n\n\n<ul class=\"wp-block-list\">\n<li>Paki tarvikud ja ravimid originaalpakendis temperatuuri kindlasse kotti, et v\u00e4ltida nende riknemist. Insuliinid ei talu k\u00fclmumist ja \u00fclekuumenemist (s\u00e4ilitus temperatuur on 2-8 C). K\u00fclmutada kindlasti kotti k\u00e4ivad&nbsp; k\u00fclmaelemendid enne reisi v\u00e4hemalt 14 tundi -18\u00b0 temperatuuril. K\u00fclmutamata k\u00fclmaelemendid k\u00e4ituvad lennujaama julgestuskontrolli turvakaamera ekraanil vedelikuna. Pool tahked k\u00fclmaelemendid eemaldatakse k\u00fclmakotist ja lastakse eraldi kandikul skannerist l\u00e4bi. Sellega l\u00fcheneb aga k\u00fclmakoti efektiivse jahutamise aeg. Kui k\u00fclmaelement on eelnevalt korralikult k\u00fclmutatud, v\u00f5ib kontroll piirduda vaid k\u00fclmakoti avamise ja sulgemisega.<\/li>\n\n\n\n<li>Paki k\u00f5ik vahendid ja ravimid k\u00e4sipagasisse. Juhul, kui \u00e4raantav pagas peaks teel reisi sihtpunkti kaduma, j\u00e4\u00e4vad teil siiski k\u00f5ik vajalikud tarvikud ja ravimid alles.<\/li>\n\n\n\n<li>Osta kindlasti meditsiiniabi kaitsega reisikindlustus.<\/li>\n\n\n\n<li>Vajadusel telli ja v\u00f5ta kaasa Euroopa ravikindlustuskaart, mille&nbsp; etten\u00e4itamisel osutatakse Eesti kindlustatutele Euroopa Liidus ja lisaks ka Liechtensteinis, Norras, Islandil ja \u0160veitsis vajaminevat arstiabi v\u00f5rdsetel tingimustel nendes riikides elavate kindlustatud inimestega. T\u00e4psem info <a href=\"https:\/\/www.haigekassa.ee\/kontaktpunkt\/arstiabi-euroopas\/euroopa-ravikindlustuskaart\" target=\"_blank\" rel=\"noreferrer noopener\">siit<\/a>.<\/li>\n\n\n\n<li>V\u00f5ta kaasa raviarsti poolt v\u00e4ljaantud inglisekeelne t\u00f5end oma haiguse ja selle ravi kohta.<\/li>\n<\/ul>\n\n\n\n<div class=\"wp-block-uagb-advanced-heading uagb-block-5aa523c4\"><h2 class=\"uagb-heading-text\"><strong>Lennujaama julgestuskontrollis:<\/strong><\/h2><\/div>\n\n\n\n<ul class=\"wp-block-list\">\n<li>N\u00f5elad, lantsetid, gl\u00fckomeetrid ja gl\u00fckomeetri testribad v\u00f5ivad j\u00e4\u00e4da k\u00e4sipagasisse ja l\u00e4bida k\u00e4sipagasi r\u00f6ntgenskanneri.<\/li>\n\n\n\n<li>Insuliini pens\u00fcstlid (m\u00e4luga, m\u00e4luta, eelt\u00e4idetud, kolbampullidega) v\u00f5ivad j\u00e4\u00e4da k\u00e4sipagasisse ja l\u00e4bida k\u00e4sipagasi r\u00f6ntgenskanneri.<\/li>\n\n\n\n<li>Gl\u00fckoosigeel v\u00f5ib olla k\u00e4sipagasis. See ei pea olema vedelike jaoks m\u00f5eldud \u00fcheliitrilises l\u00e4bipaistvas korduvsuletavas plastkotis. Piiranguid kogusele k\u00e4sipagasis ei ole.<\/li>\n\n\n\n<li>K\u00f5ik kaasav\u00f5etavad ravimid (sh insuliinid, gl\u00fckagoon) v\u00f5iksid olla originaalpakendites. Neid ei pea vedelike jaoks m\u00f5eldud \u00fcheliitrilisse l\u00e4bipaistvasse korduvsuletavasse plastkotti panema.<\/li>\n\n\n\n<li>Oma meditsiinilisest seisundist ja sellest, et kannate insuliinipumpa ja\/v\u00f5i gl\u00fckoosisensorit, teavitage julgestust\u00f6\u00f6tajat.<\/li>\n\n\n\n<li>Gl\u00fckoosisensoriga v\u00f5ib l\u00e4bida metallidetektorv\u00e4rava ehk tavalise turvav\u00e4rava. Lugeri v\u00f5ib anda julgestust\u00f6\u00f6taja k\u00e4tte enne metallidetektori l\u00e4bimist. Lugerit ei tohi lasta l\u00e4bi k\u00e4sipagasi r\u00f6ntgenskanneri. Sensoriga ei tohi l\u00e4bida <a href=\"https:\/\/www.tallinn-airport.ee\/wp-content\/uploads\/2017\/03\/kehaska-nner_a3_trykk_est.pdf\" target=\"_blank\" rel=\"noreferrer noopener\">kogu keha (<em>full-body<\/em>) skannerit.<\/a><\/li>\n\n\n\n<li>Insuliinipumbaga v\u00f5ib l\u00e4bida metallidetektorv\u00e4rava ehk tavalise turvav\u00e4rava, kuid kindluse m\u00f5ttes on soovitatav siiski v\u00f5imalusel pump eemaldada enne metallidetektori l\u00e4bimist ja anda julgestust\u00f6\u00f6taja k\u00e4tte. Insuliinipumbad ei tohi l\u00e4bida <a href=\"https:\/\/www.tallinn-airport.ee\/wp-content\/uploads\/2017\/03\/kehaska-nner_a3_trykk_est.pdf\" target=\"_blank\" rel=\"noreferrer noopener\">kogu keha (<em>full-body<\/em>) skannerit<\/a> ja k\u00e4sipagasi r\u00f6ntgenskannerit, kuna see v\u00f5ib p\u00f5hjustada rikkeid. Juhul, kui Sa ei soovi insuliinipumpa lahti \u00fchendada, siis kontakteeru julgestust\u00f6\u00f6tajaga. Vajadusel vaadatakse reisija l\u00e4bi k\u00e4sitsi. <\/li>\n\n\n\n<li>Julgestuskontrollis vaadatakse k\u00e4sipagasis olevad ravimid \u00fcle (sh k\u00fclmakotis olevad ravimid). Paki need nii, et saad need k\u00f5ik korraga julgestust\u00f6\u00f6tajale n\u00e4itamiseks kotist v\u00e4lja v\u00f5tta. K\u00f5igil ravimitel ja tarvikutel peab olema peal patsiendi nimi ning ravimid peavad olema originaalpakendis. M\u00f5ningates riikides on n\u00f5utud ka ravimiretsept ning arsti poolne kiri t\u00f5endamaks tarvikute ja ravimite vajadust. Enne reisi tuleks tutvuda iga riigi t\u00e4psete n\u00f5uetega (sh \u00fcmberistumisel l\u00e4bitavad riigid).<\/li>\n<\/ul>\n\n\n\n<div class=\"wp-block-uagb-advanced-heading uagb-block-a89f9bb2\"><h2 class=\"uagb-heading-text\"><strong>Lennukis:<\/strong><\/h2><\/div>\n\n\n\n<ul class=\"wp-block-list\">\n<li>Teavita lennuki personali diabeedi olemasolust, et nad saaksid vajadusel anda korrektset esmaabi.<\/li>\n\n\n\n<li>Hoia ravimeid k\u00e4sipagasis k\u00e4ttesaadaval kohal, nt v\u00e4ikses isiklikus kotis mitte pea kohal k\u00e4sipagasi kohvris.<\/li>\n<\/ul>\n\n\n\n<div class=\"wp-block-uagb-advanced-heading uagb-block-6fcdae1a\"><h2 class=\"uagb-heading-text\"><strong>Reisi v\u00e4ltel:<\/strong><\/h2><\/div>\n\n\n\n<ul class=\"wp-block-list\">\n<li>Toitu regulaarselt ning arvesta toitude erip\u00e4raga, kuidas need v\u00f5ivad veresuhkruv\u00e4\u00e4rtuseid muuta.<\/li>\n\n\n\n<li>M\u00f5\u00f5da regulaarselt veresuhkrut, vajadusel ja enesetunde muutuste korral tee seda tavap\u00e4rasest sagedamini. Kliimamuutused v\u00f5ivad reisimisel veresuhkruv\u00e4\u00e4rtuseid muuta ning ravimite kogus v\u00f5ib suureneda\/v\u00e4heneda.<\/li>\n<\/ul>\n","protected":false},"excerpt":{"rendered":"<p>Reisi eelsed tegevused: Lennujaama julgestuskontrollis: Lennukis: Reisi v\u00e4ltel:<\/p>\n","protected":false},"author":34,"featured_media":0,"parent":5848,"menu_order":2,"comment_status":"closed","ping_status":"closed","template":"","meta":{"_acf_changed":false,"_uag_custom_page_level_css":"","footnotes":""},"class_list":["post-5879","page","type-page","status-publish","hentry"],"acf":[],"yoast_head":"<!-- This site is optimized with the Yoast SEO plugin v27.3 - https:\/\/yoast.com\/product\/yoast-seo-wordpress\/ -->\n<title>Reisimine - Diabeedikeskus<\/title>\n<meta name=\"robots\" content=\"index, follow, max-snippet:-1, max-image-preview:large, max-video-preview:-1\" \/>\n<link rel=\"canonical\" href=\"https:\/\/www.kliinikum.ee\/diabeet\/elu-diabeediga\/reisimine\/\" \/>\n<meta property=\"og:locale\" content=\"et_EE\" \/>\n<meta property=\"og:type\" content=\"article\" \/>\n<meta property=\"og:title\" content=\"Reisimine - Diabeedikeskus\" \/>\n<meta property=\"og:description\" content=\"Reisi eelsed tegevused: Lennujaama julgestuskontrollis: Lennukis: Reisi v\u00e4ltel:\" \/>\n<meta property=\"og:url\" content=\"https:\/\/www.kliinikum.ee\/diabeet\/elu-diabeediga\/reisimine\/\" \/>\n<meta property=\"og:site_name\" content=\"Diabeedikeskus\" \/>\n<meta property=\"article:modified_time\" content=\"2023-06-19T10:48:18+00:00\" \/>\n<meta name=\"twitter:card\" content=\"summary_large_image\" \/>\n<meta name=\"twitter:label1\" content=\"Est. reading time\" \/>\n\t<meta name=\"twitter:data1\" content=\"4 minutit\" \/>\n<script type=\"application\/ld+json\" class=\"yoast-schema-graph\">{\"@context\":\"https:\\\/\\\/schema.org\",\"@graph\":[{\"@type\":\"WebPage\",\"@id\":\"https:\\\/\\\/www.kliinikum.ee\\\/diabeet\\\/elu-diabeediga\\\/reisimine\\\/\",\"url\":\"https:\\\/\\\/www.kliinikum.ee\\\/diabeet\\\/elu-diabeediga\\\/reisimine\\\/\",\"name\":\"Reisimine - Diabeedikeskus\",\"isPartOf\":{\"@id\":\"https:\\\/\\\/www.kliinikum.ee\\\/diabeet\\\/#website\"},\"datePublished\":\"2023-04-05T12:07:10+00:00\",\"dateModified\":\"2023-06-19T10:48:18+00:00\",\"breadcrumb\":{\"@id\":\"https:\\\/\\\/www.kliinikum.ee\\\/diabeet\\\/elu-diabeediga\\\/reisimine\\\/#breadcrumb\"},\"inLanguage\":\"et\",\"potentialAction\":[{\"@type\":\"ReadAction\",\"target\":[\"https:\\\/\\\/www.kliinikum.ee\\\/diabeet\\\/elu-diabeediga\\\/reisimine\\\/\"]}]},{\"@type\":\"BreadcrumbList\",\"@id\":\"https:\\\/\\\/www.kliinikum.ee\\\/diabeet\\\/elu-diabeediga\\\/reisimine\\\/#breadcrumb\",\"itemListElement\":[{\"@type\":\"ListItem\",\"position\":1,\"name\":\"Home\",\"item\":\"https:\\\/\\\/www.kliinikum.ee\\\/diabeet\\\/\"},{\"@type\":\"ListItem\",\"position\":2,\"name\":\"Elu diabeediga\",\"item\":\"https:\\\/\\\/www.kliinikum.ee\\\/diabeet\\\/elu-diabeediga\\\/\"},{\"@type\":\"ListItem\",\"position\":3,\"name\":\"Reisimine\"}]},{\"@type\":\"WebSite\",\"@id\":\"https:\\\/\\\/www.kliinikum.ee\\\/diabeet\\\/#website\",\"url\":\"https:\\\/\\\/www.kliinikum.ee\\\/diabeet\\\/\",\"name\":\"Diabeedikeskus\",\"description\":\"\",\"potentialAction\":[{\"@type\":\"SearchAction\",\"target\":{\"@type\":\"EntryPoint\",\"urlTemplate\":\"https:\\\/\\\/www.kliinikum.ee\\\/diabeet\\\/?s={search_term_string}\"},\"query-input\":{\"@type\":\"PropertyValueSpecification\",\"valueRequired\":true,\"valueName\":\"search_term_string\"}}],\"inLanguage\":\"et\"}]}<\/script>\n<!-- \/ Yoast SEO plugin. -->","yoast_head_json":{"title":"Reisimine - Diabeedikeskus","robots":{"index":"index","follow":"follow","max-snippet":"max-snippet:-1","max-image-preview":"max-image-preview:large","max-video-preview":"max-video-preview:-1"},"canonical":"https:\/\/www.kliinikum.ee\/diabeet\/elu-diabeediga\/reisimine\/","og_locale":"et_EE","og_type":"article","og_title":"Reisimine - Diabeedikeskus","og_description":"Reisi eelsed tegevused: Lennujaama julgestuskontrollis: Lennukis: Reisi v\u00e4ltel:","og_url":"https:\/\/www.kliinikum.ee\/diabeet\/elu-diabeediga\/reisimine\/","og_site_name":"Diabeedikeskus","article_modified_time":"2023-06-19T10:48:18+00:00","twitter_card":"summary_large_image","twitter_misc":{"Est. reading time":"4 minutit"},"schema":{"@context":"https:\/\/schema.org","@graph":[{"@type":"WebPage","@id":"https:\/\/www.kliinikum.ee\/diabeet\/elu-diabeediga\/reisimine\/","url":"https:\/\/www.kliinikum.ee\/diabeet\/elu-diabeediga\/reisimine\/","name":"Reisimine - Diabeedikeskus","isPartOf":{"@id":"https:\/\/www.kliinikum.ee\/diabeet\/#website"},"datePublished":"2023-04-05T12:07:10+00:00","dateModified":"2023-06-19T10:48:18+00:00","breadcrumb":{"@id":"https:\/\/www.kliinikum.ee\/diabeet\/elu-diabeediga\/reisimine\/#breadcrumb"},"inLanguage":"et","potentialAction":[{"@type":"ReadAction","target":["https:\/\/www.kliinikum.ee\/diabeet\/elu-diabeediga\/reisimine\/"]}]},{"@type":"BreadcrumbList","@id":"https:\/\/www.kliinikum.ee\/diabeet\/elu-diabeediga\/reisimine\/#breadcrumb","itemListElement":[{"@type":"ListItem","position":1,"name":"Home","item":"https:\/\/www.kliinikum.ee\/diabeet\/"},{"@type":"ListItem","position":2,"name":"Elu diabeediga","item":"https:\/\/www.kliinikum.ee\/diabeet\/elu-diabeediga\/"},{"@type":"ListItem","position":3,"name":"Reisimine"}]},{"@type":"WebSite","@id":"https:\/\/www.kliinikum.ee\/diabeet\/#website","url":"https:\/\/www.kliinikum.ee\/diabeet\/","name":"Diabeedikeskus","description":"","potentialAction":[{"@type":"SearchAction","target":{"@type":"EntryPoint","urlTemplate":"https:\/\/www.kliinikum.ee\/diabeet\/?s={search_term_string}"},"query-input":{"@type":"PropertyValueSpecification","valueRequired":true,"valueName":"search_term_string"}}],"inLanguage":"et"}]}},"uagb_featured_image_src":{"full":false,"thumbnail":false,"medium":false,"medium_large":false,"large":false,"1536x1536":false,"2048x2048":false},"uagb_author_info":{"display_name":"Jane Freimann","author_link":"https:\/\/www.kliinikum.ee\/diabeet\/author\/janef\/"},"uagb_comment_info":0,"uagb_excerpt":"Reisi eelsed tegevused: Lennujaama julgestuskontrollis: Lennukis: Reisi v\u00e4ltel:","_links":{"self":[{"href":"https:\/\/www.kliinikum.ee\/diabeet\/wp-json\/wp\/v2\/pages\/5879","targetHints":{"allow":["GET"]}}],"collection":[{"href":"https:\/\/www.kliinikum.ee\/diabeet\/wp-json\/wp\/v2\/pages"}],"about":[{"href":"https:\/\/www.kliinikum.ee\/diabeet\/wp-json\/wp\/v2\/types\/page"}],"author":[{"embeddable":true,"href":"https:\/\/www.kliinikum.ee\/diabeet\/wp-json\/wp\/v2\/users\/34"}],"replies":[{"embeddable":true,"href":"https:\/\/www.kliinikum.ee\/diabeet\/wp-json\/wp\/v2\/comments?post=5879"}],"version-history":[{"count":0,"href":"https:\/\/www.kliinikum.ee\/diabeet\/wp-json\/wp\/v2\/pages\/5879\/revisions"}],"up":[{"embeddable":true,"href":"https:\/\/www.kliinikum.ee\/diabeet\/wp-json\/wp\/v2\/pages\/5848"}],"wp:attachment":[{"href":"https:\/\/www.kliinikum.ee\/diabeet\/wp-json\/wp\/v2\/media?parent=5879"}],"curies":[{"name":"wp","href":"https:\/\/api.w.org\/{rel}","templated":true}]}}