{"id":5883,"date":"2023-04-05T14:17:58","date_gmt":"2023-04-05T12:17:58","guid":{"rendered":"https:\/\/www.kliinikum.ee\/diabeet\/?page_id=5883"},"modified":"2026-02-03T14:22:45","modified_gmt":"2026-02-03T12:22:45","slug":"diabeedioe-vastuvott","status":"publish","type":"page","link":"https:\/\/www.kliinikum.ee\/diabeet\/noustamine-ja-abi\/diabeedioe-vastuvott\/","title":{"rendered":"Diabeedi\u00f5e vastuv\u00f5tt"},"content":{"rendered":"\n<p>Diabeedi\u00f5de on eriaalaspetsialist, kelle teenus on suunatud diabeeti jt endokriins\u00fcsteemi haigusi p\u00f5devatele patsientidele. Diabeedi\u00f5de hindab diabeedihaige terviseseisundit, viib l\u00e4bi n\u00f5ustamist diabeedi ehk suhkruhaiguse olemusest, toitumisest, f\u00fc\u00fcsilisest aktiivsusest, t\u00fcsistuste ennetamisest, h\u00fcpo- ja h\u00fcpergl\u00fckeemiast ning nende esmaabist. Ta \u00f5petab kasutama gl\u00fckomeetrit, korrigeerima veresuhkru taset, s\u00fcstima insuliini ja pidama diabeetikup\u00e4evikut.<\/p>\n\n\n\n<p>Diabeedi\u00f5e vastuv\u00f5tule p\u00f6\u00f6rdumiseks on vajalik eriarsti saatekiri, millega on teenus ravikindlustatud diabeedihaigetele tasuta.&nbsp;Leia endale l\u00e4him diabeedi\u00f5de <a href=\"https:\/\/www.kliinikum.ee\/diabeet\/noustamine-ja-abi\/kontaktid\/\" target=\"_blank\" rel=\"noreferrer noopener\">siit<\/a>.<\/p>\n\n\n\n<p>Kliinikumis on diabeedi\u00f5de vastuv\u00f5tuaja broneerimiseks vajalik pere- v\u00f5i eriarsti saatekiri (sh tagasikutse saatekiri). Vastuv\u00f5tuaega saab broneerida k\u00f5nekeskuse telefonil 731 9100 v\u00f5i kodulehe\u00a0<a href=\"https:\/\/www.kliinikum.ee\/patsiendile\/eriarsti-vastuvott\/aja-broneerimine\/\">vormi<\/a>\u00a0kaudu. Kodulehek\u00fclje vormi kaudu esitatud p\u00e4ringutele vastatakse 3 t\u00f6\u00f6p\u00e4eva jooksul.<\/p>\n\n\n\n<p>Rohkem infot Kliinikumi diabeedi\u00f5e vastuv\u00f5tu kohta leiate <a href=\"https:\/\/www.kliinikum.ee\/patsiendile\/oe-vastuvott\/oe-vastuvott-endokrinoloogia-erialal-diabeet\/\">siit<\/a>.<\/p>\n\n\n\n<p><\/p>\n\n\n\n<p><\/p>\n\n\n\n<figure class=\"wp-block-gallery has-nested-images columns-default is-cropped wp-block-gallery-1 is-layout-flex wp-block-gallery-is-layout-flex\">\n<figure class=\"wp-block-image size-large\"><img loading=\"lazy\" decoding=\"async\" width=\"1024\" height=\"683\" data-id=\"7040\" src=\"https:\/\/www.kliinikum.ee\/diabeet\/wp-content\/uploads\/2026\/02\/IMG_7584-1-1024x683.jpg\" alt=\"\" class=\"wp-image-7040\" srcset=\"https:\/\/www.kliinikum.ee\/diabeet\/wp-content\/uploads\/2026\/02\/IMG_7584-1-1024x683.jpg 1024w, https:\/\/www.kliinikum.ee\/diabeet\/wp-content\/uploads\/2026\/02\/IMG_7584-1-300x200.jpg 300w, https:\/\/www.kliinikum.ee\/diabeet\/wp-content\/uploads\/2026\/02\/IMG_7584-1-768x512.jpg 768w, https:\/\/www.kliinikum.ee\/diabeet\/wp-content\/uploads\/2026\/02\/IMG_7584-1-1536x1024.jpg 1536w, https:\/\/www.kliinikum.ee\/diabeet\/wp-content\/uploads\/2026\/02\/IMG_7584-1-2048x1365.jpg 2048w, https:\/\/www.kliinikum.ee\/diabeet\/wp-content\/uploads\/2026\/02\/IMG_7584-1-scaled.jpg 2560w\" sizes=\"auto, (max-width: 1024px) 100vw, 1024px\" \/><\/figure>\n\n\n\n<figure class=\"wp-block-image size-large\"><img loading=\"lazy\" decoding=\"async\" width=\"1024\" height=\"683\" data-id=\"7042\" src=\"https:\/\/www.kliinikum.ee\/diabeet\/wp-content\/uploads\/2026\/02\/IMG_7982-1024x683.jpg\" alt=\"\" class=\"wp-image-7042\" srcset=\"https:\/\/www.kliinikum.ee\/diabeet\/wp-content\/uploads\/2026\/02\/IMG_7982-1024x683.jpg 1024w, https:\/\/www.kliinikum.ee\/diabeet\/wp-content\/uploads\/2026\/02\/IMG_7982-300x200.jpg 300w, https:\/\/www.kliinikum.ee\/diabeet\/wp-content\/uploads\/2026\/02\/IMG_7982-768x512.jpg 768w, https:\/\/www.kliinikum.ee\/diabeet\/wp-content\/uploads\/2026\/02\/IMG_7982-1536x1024.jpg 1536w, https:\/\/www.kliinikum.ee\/diabeet\/wp-content\/uploads\/2026\/02\/IMG_7982-2048x1365.jpg 2048w, https:\/\/www.kliinikum.ee\/diabeet\/wp-content\/uploads\/2026\/02\/IMG_7982-scaled.jpg 2560w\" sizes=\"auto, (max-width: 1024px) 100vw, 1024px\" \/><\/figure>\n<\/figure>\n","protected":false},"excerpt":{"rendered":"<p>Diabeedi\u00f5de on eriaalaspetsialist, kelle teenus on suunatud diabeeti jt endokriins\u00fcsteemi haigusi p\u00f5devatele patsientidele. Diabeedi\u00f5de hindab diabeedihaige terviseseisundit, viib l\u00e4bi n\u00f5ustamist diabeedi ehk suhkruhaiguse olemusest, toitumisest, f\u00fc\u00fcsilisest aktiivsusest, t\u00fcsistuste ennetamisest, h\u00fcpo- ja h\u00fcpergl\u00fckeemiast ning nende esmaabist. Ta \u00f5petab kasutama gl\u00fckomeetrit, korrigeerima veresuhkru taset, s\u00fcstima insuliini ja pidama diabeetikup\u00e4evikut. Diabeedi\u00f5e vastuv\u00f5tule p\u00f6\u00f6rdumiseks on vajalik eriarsti saatekiri, millega [&hellip;]<\/p>\n","protected":false},"author":34,"featured_media":0,"parent":5851,"menu_order":1,"comment_status":"closed","ping_status":"closed","template":"","meta":{"_acf_changed":false,"_uag_custom_page_level_css":"","footnotes":""},"class_list":["post-5883","page","type-page","status-publish","hentry"],"acf":[],"yoast_head":"<!-- This site is optimized with the Yoast SEO plugin v27.3 - https:\/\/yoast.com\/product\/yoast-seo-wordpress\/ -->\n<title>Diabeedi\u00f5e vastuv\u00f5tt - Diabeedikeskus<\/title>\n<meta name=\"robots\" content=\"index, follow, max-snippet:-1, max-image-preview:large, max-video-preview:-1\" \/>\n<link rel=\"canonical\" href=\"https:\/\/www.kliinikum.ee\/diabeet\/noustamine-ja-abi\/diabeedioe-vastuvott\/\" \/>\n<meta property=\"og:locale\" content=\"et_EE\" \/>\n<meta property=\"og:type\" content=\"article\" \/>\n<meta property=\"og:title\" content=\"Diabeedi\u00f5e vastuv\u00f5tt - Diabeedikeskus\" \/>\n<meta property=\"og:description\" content=\"Diabeedi\u00f5de on eriaalaspetsialist, kelle teenus on suunatud diabeeti jt endokriins\u00fcsteemi haigusi p\u00f5devatele patsientidele. Diabeedi\u00f5de hindab diabeedihaige terviseseisundit, viib l\u00e4bi n\u00f5ustamist diabeedi ehk suhkruhaiguse olemusest, toitumisest, f\u00fc\u00fcsilisest aktiivsusest, t\u00fcsistuste ennetamisest, h\u00fcpo- ja h\u00fcpergl\u00fckeemiast ning nende esmaabist. Ta \u00f5petab kasutama gl\u00fckomeetrit, korrigeerima veresuhkru taset, s\u00fcstima insuliini ja pidama diabeetikup\u00e4evikut. Diabeedi\u00f5e vastuv\u00f5tule p\u00f6\u00f6rdumiseks on vajalik eriarsti saatekiri, millega [&hellip;]\" \/>\n<meta property=\"og:url\" content=\"https:\/\/www.kliinikum.ee\/diabeet\/noustamine-ja-abi\/diabeedioe-vastuvott\/\" \/>\n<meta property=\"og:site_name\" content=\"Diabeedikeskus\" \/>\n<meta property=\"article:modified_time\" content=\"2026-02-03T12:22:45+00:00\" \/>\n<meta property=\"og:image\" content=\"https:\/\/www.kliinikum.ee\/diabeet\/wp-content\/uploads\/2026\/02\/IMG_7584-1-scaled.jpg\" \/>\n\t<meta property=\"og:image:width\" content=\"2560\" \/>\n\t<meta property=\"og:image:height\" content=\"1706\" \/>\n\t<meta property=\"og:image:type\" content=\"image\/jpeg\" \/>\n<meta name=\"twitter:card\" content=\"summary_large_image\" \/>\n<meta name=\"twitter:label1\" content=\"Est. reading time\" \/>\n\t<meta name=\"twitter:data1\" content=\"1 minut\" \/>\n<script type=\"application\/ld+json\" class=\"yoast-schema-graph\">{\"@context\":\"https:\\\/\\\/schema.org\",\"@graph\":[{\"@type\":\"WebPage\",\"@id\":\"https:\\\/\\\/www.kliinikum.ee\\\/diabeet\\\/noustamine-ja-abi\\\/diabeedioe-vastuvott\\\/\",\"url\":\"https:\\\/\\\/www.kliinikum.ee\\\/diabeet\\\/noustamine-ja-abi\\\/diabeedioe-vastuvott\\\/\",\"name\":\"Diabeedi\u00f5e vastuv\u00f5tt - Diabeedikeskus\",\"isPartOf\":{\"@id\":\"https:\\\/\\\/www.kliinikum.ee\\\/diabeet\\\/#website\"},\"primaryImageOfPage\":{\"@id\":\"https:\\\/\\\/www.kliinikum.ee\\\/diabeet\\\/noustamine-ja-abi\\\/diabeedioe-vastuvott\\\/#primaryimage\"},\"image\":{\"@id\":\"https:\\\/\\\/www.kliinikum.ee\\\/diabeet\\\/noustamine-ja-abi\\\/diabeedioe-vastuvott\\\/#primaryimage\"},\"thumbnailUrl\":\"https:\\\/\\\/www.kliinikum.ee\\\/diabeet\\\/wp-content\\\/uploads\\\/2026\\\/02\\\/IMG_7584-1-1024x683.jpg\",\"datePublished\":\"2023-04-05T12:17:58+00:00\",\"dateModified\":\"2026-02-03T12:22:45+00:00\",\"breadcrumb\":{\"@id\":\"https:\\\/\\\/www.kliinikum.ee\\\/diabeet\\\/noustamine-ja-abi\\\/diabeedioe-vastuvott\\\/#breadcrumb\"},\"inLanguage\":\"et\",\"potentialAction\":[{\"@type\":\"ReadAction\",\"target\":[\"https:\\\/\\\/www.kliinikum.ee\\\/diabeet\\\/noustamine-ja-abi\\\/diabeedioe-vastuvott\\\/\"]}]},{\"@type\":\"ImageObject\",\"inLanguage\":\"et\",\"@id\":\"https:\\\/\\\/www.kliinikum.ee\\\/diabeet\\\/noustamine-ja-abi\\\/diabeedioe-vastuvott\\\/#primaryimage\",\"url\":\"https:\\\/\\\/www.kliinikum.ee\\\/diabeet\\\/wp-content\\\/uploads\\\/2026\\\/02\\\/IMG_7584-1-scaled.jpg\",\"contentUrl\":\"https:\\\/\\\/www.kliinikum.ee\\\/diabeet\\\/wp-content\\\/uploads\\\/2026\\\/02\\\/IMG_7584-1-scaled.jpg\",\"width\":2560,\"height\":1706},{\"@type\":\"BreadcrumbList\",\"@id\":\"https:\\\/\\\/www.kliinikum.ee\\\/diabeet\\\/noustamine-ja-abi\\\/diabeedioe-vastuvott\\\/#breadcrumb\",\"itemListElement\":[{\"@type\":\"ListItem\",\"position\":1,\"name\":\"Home\",\"item\":\"https:\\\/\\\/www.kliinikum.ee\\\/diabeet\\\/\"},{\"@type\":\"ListItem\",\"position\":2,\"name\":\"N\u00f5ustamine ja abi\",\"item\":\"https:\\\/\\\/www.kliinikum.ee\\\/diabeet\\\/noustamine-ja-abi\\\/\"},{\"@type\":\"ListItem\",\"position\":3,\"name\":\"Diabeedi\u00f5e vastuv\u00f5tt\"}]},{\"@type\":\"WebSite\",\"@id\":\"https:\\\/\\\/www.kliinikum.ee\\\/diabeet\\\/#website\",\"url\":\"https:\\\/\\\/www.kliinikum.ee\\\/diabeet\\\/\",\"name\":\"Diabeedikeskus\",\"description\":\"\",\"potentialAction\":[{\"@type\":\"SearchAction\",\"target\":{\"@type\":\"EntryPoint\",\"urlTemplate\":\"https:\\\/\\\/www.kliinikum.ee\\\/diabeet\\\/?s={search_term_string}\"},\"query-input\":{\"@type\":\"PropertyValueSpecification\",\"valueRequired\":true,\"valueName\":\"search_term_string\"}}],\"inLanguage\":\"et\"}]}<\/script>\n<!-- \/ Yoast SEO plugin. -->","yoast_head_json":{"title":"Diabeedi\u00f5e vastuv\u00f5tt - Diabeedikeskus","robots":{"index":"index","follow":"follow","max-snippet":"max-snippet:-1","max-image-preview":"max-image-preview:large","max-video-preview":"max-video-preview:-1"},"canonical":"https:\/\/www.kliinikum.ee\/diabeet\/noustamine-ja-abi\/diabeedioe-vastuvott\/","og_locale":"et_EE","og_type":"article","og_title":"Diabeedi\u00f5e vastuv\u00f5tt - Diabeedikeskus","og_description":"Diabeedi\u00f5de on eriaalaspetsialist, kelle teenus on suunatud diabeeti jt endokriins\u00fcsteemi haigusi p\u00f5devatele patsientidele. Diabeedi\u00f5de hindab diabeedihaige terviseseisundit, viib l\u00e4bi n\u00f5ustamist diabeedi ehk suhkruhaiguse olemusest, toitumisest, f\u00fc\u00fcsilisest aktiivsusest, t\u00fcsistuste ennetamisest, h\u00fcpo- ja h\u00fcpergl\u00fckeemiast ning nende esmaabist. Ta \u00f5petab kasutama gl\u00fckomeetrit, korrigeerima veresuhkru taset, s\u00fcstima insuliini ja pidama diabeetikup\u00e4evikut. Diabeedi\u00f5e vastuv\u00f5tule p\u00f6\u00f6rdumiseks on vajalik eriarsti saatekiri, millega [&hellip;]","og_url":"https:\/\/www.kliinikum.ee\/diabeet\/noustamine-ja-abi\/diabeedioe-vastuvott\/","og_site_name":"Diabeedikeskus","article_modified_time":"2026-02-03T12:22:45+00:00","og_image":[{"width":2560,"height":1706,"url":"https:\/\/www.kliinikum.ee\/diabeet\/wp-content\/uploads\/2026\/02\/IMG_7584-1-scaled.jpg","type":"image\/jpeg"}],"twitter_card":"summary_large_image","twitter_misc":{"Est. reading time":"1 minut"},"schema":{"@context":"https:\/\/schema.org","@graph":[{"@type":"WebPage","@id":"https:\/\/www.kliinikum.ee\/diabeet\/noustamine-ja-abi\/diabeedioe-vastuvott\/","url":"https:\/\/www.kliinikum.ee\/diabeet\/noustamine-ja-abi\/diabeedioe-vastuvott\/","name":"Diabeedi\u00f5e vastuv\u00f5tt - Diabeedikeskus","isPartOf":{"@id":"https:\/\/www.kliinikum.ee\/diabeet\/#website"},"primaryImageOfPage":{"@id":"https:\/\/www.kliinikum.ee\/diabeet\/noustamine-ja-abi\/diabeedioe-vastuvott\/#primaryimage"},"image":{"@id":"https:\/\/www.kliinikum.ee\/diabeet\/noustamine-ja-abi\/diabeedioe-vastuvott\/#primaryimage"},"thumbnailUrl":"https:\/\/www.kliinikum.ee\/diabeet\/wp-content\/uploads\/2026\/02\/IMG_7584-1-1024x683.jpg","datePublished":"2023-04-05T12:17:58+00:00","dateModified":"2026-02-03T12:22:45+00:00","breadcrumb":{"@id":"https:\/\/www.kliinikum.ee\/diabeet\/noustamine-ja-abi\/diabeedioe-vastuvott\/#breadcrumb"},"inLanguage":"et","potentialAction":[{"@type":"ReadAction","target":["https:\/\/www.kliinikum.ee\/diabeet\/noustamine-ja-abi\/diabeedioe-vastuvott\/"]}]},{"@type":"ImageObject","inLanguage":"et","@id":"https:\/\/www.kliinikum.ee\/diabeet\/noustamine-ja-abi\/diabeedioe-vastuvott\/#primaryimage","url":"https:\/\/www.kliinikum.ee\/diabeet\/wp-content\/uploads\/2026\/02\/IMG_7584-1-scaled.jpg","contentUrl":"https:\/\/www.kliinikum.ee\/diabeet\/wp-content\/uploads\/2026\/02\/IMG_7584-1-scaled.jpg","width":2560,"height":1706},{"@type":"BreadcrumbList","@id":"https:\/\/www.kliinikum.ee\/diabeet\/noustamine-ja-abi\/diabeedioe-vastuvott\/#breadcrumb","itemListElement":[{"@type":"ListItem","position":1,"name":"Home","item":"https:\/\/www.kliinikum.ee\/diabeet\/"},{"@type":"ListItem","position":2,"name":"N\u00f5ustamine ja abi","item":"https:\/\/www.kliinikum.ee\/diabeet\/noustamine-ja-abi\/"},{"@type":"ListItem","position":3,"name":"Diabeedi\u00f5e vastuv\u00f5tt"}]},{"@type":"WebSite","@id":"https:\/\/www.kliinikum.ee\/diabeet\/#website","url":"https:\/\/www.kliinikum.ee\/diabeet\/","name":"Diabeedikeskus","description":"","potentialAction":[{"@type":"SearchAction","target":{"@type":"EntryPoint","urlTemplate":"https:\/\/www.kliinikum.ee\/diabeet\/?s={search_term_string}"},"query-input":{"@type":"PropertyValueSpecification","valueRequired":true,"valueName":"search_term_string"}}],"inLanguage":"et"}]}},"uagb_featured_image_src":{"full":false,"thumbnail":false,"medium":false,"medium_large":false,"large":false,"1536x1536":false,"2048x2048":false},"uagb_author_info":{"display_name":"Jane Freimann","author_link":"https:\/\/www.kliinikum.ee\/diabeet\/author\/janef\/"},"uagb_comment_info":0,"uagb_excerpt":"Diabeedi\u00f5de on eriaalaspetsialist, kelle teenus on suunatud diabeeti jt endokriins\u00fcsteemi haigusi p\u00f5devatele patsientidele. Diabeedi\u00f5de hindab diabeedihaige terviseseisundit, viib l\u00e4bi n\u00f5ustamist diabeedi ehk suhkruhaiguse olemusest, toitumisest, f\u00fc\u00fcsilisest aktiivsusest, t\u00fcsistuste ennetamisest, h\u00fcpo- ja h\u00fcpergl\u00fckeemiast ning nende esmaabist. Ta \u00f5petab kasutama gl\u00fckomeetrit, korrigeerima veresuhkru taset, s\u00fcstima insuliini ja pidama diabeetikup\u00e4evikut. Diabeedi\u00f5e vastuv\u00f5tule p\u00f6\u00f6rdumiseks on vajalik eriarsti saatekiri, millega&hellip;","_links":{"self":[{"href":"https:\/\/www.kliinikum.ee\/diabeet\/wp-json\/wp\/v2\/pages\/5883","targetHints":{"allow":["GET"]}}],"collection":[{"href":"https:\/\/www.kliinikum.ee\/diabeet\/wp-json\/wp\/v2\/pages"}],"about":[{"href":"https:\/\/www.kliinikum.ee\/diabeet\/wp-json\/wp\/v2\/types\/page"}],"author":[{"embeddable":true,"href":"https:\/\/www.kliinikum.ee\/diabeet\/wp-json\/wp\/v2\/users\/34"}],"replies":[{"embeddable":true,"href":"https:\/\/www.kliinikum.ee\/diabeet\/wp-json\/wp\/v2\/comments?post=5883"}],"version-history":[{"count":0,"href":"https:\/\/www.kliinikum.ee\/diabeet\/wp-json\/wp\/v2\/pages\/5883\/revisions"}],"up":[{"embeddable":true,"href":"https:\/\/www.kliinikum.ee\/diabeet\/wp-json\/wp\/v2\/pages\/5851"}],"wp:attachment":[{"href":"https:\/\/www.kliinikum.ee\/diabeet\/wp-json\/wp\/v2\/media?parent=5883"}],"curies":[{"name":"wp","href":"https:\/\/api.w.org\/{rel}","templated":true}]}}