{"id":5891,"date":"2023-04-05T14:27:49","date_gmt":"2023-04-05T12:27:49","guid":{"rendered":"https:\/\/www.kliinikum.ee\/diabeet\/?page_id=5891"},"modified":"2023-06-12T13:39:33","modified_gmt":"2023-06-12T11:39:33","slug":"sotsiaaltootaja-teenus","status":"publish","type":"page","link":"https:\/\/www.kliinikum.ee\/diabeet\/noustamine-ja-abi\/sotsiaaltootaja-teenus\/","title":{"rendered":"Sotsiaalt\u00f6\u00f6taja teenus"},"content":{"rendered":"\n<p>Sotsiaalt\u00f6\u00f6taja on erialase k\u00f5rgharidusega spetsialist, kelle tegevus on suunatud \u00fcksikisikute, perede ja r\u00fchmade toimetuleku toetamisele ning kogukonna ja \u00fchiskonna vastavusse viimisele tema liikmete vajadustega. Ta tegeleb nii n\u00f5ustamise kui ka konkreetse abiga v\u00f5i abi osutamisega. Sotsiaalt\u00f6\u00f6taja poole v\u00f5ib p\u00f6\u00f6rduda patsient ise, tema raviarst v\u00f5i l\u00e4hedased.<\/p>\n\n\n\n<p>Sotsiaalt\u00f6\u00f6taja teenuse kohta Kliinikumis leiad infot <a href=\"https:\/\/www.kliinikum.ee\/patsiendiinfo-andmebaas\/sotsiaaltootaja-teenus-kliinikumis\/\" target=\"_blank\" rel=\"noreferrer noopener\">siit<\/a>.<\/p>\n","protected":false},"excerpt":{"rendered":"<p>Sotsiaalt\u00f6\u00f6taja on erialase k\u00f5rgharidusega spetsialist, kelle tegevus on suunatud \u00fcksikisikute, perede ja r\u00fchmade toimetuleku toetamisele ning kogukonna ja \u00fchiskonna vastavusse viimisele tema liikmete vajadustega. Ta tegeleb nii n\u00f5ustamise kui ka konkreetse abiga v\u00f5i abi osutamisega. Sotsiaalt\u00f6\u00f6taja poole v\u00f5ib p\u00f6\u00f6rduda patsient ise, tema raviarst v\u00f5i l\u00e4hedased. Sotsiaalt\u00f6\u00f6taja teenuse kohta Kliinikumis leiad infot siit.<\/p>\n","protected":false},"author":34,"featured_media":0,"parent":5851,"menu_order":5,"comment_status":"closed","ping_status":"closed","template":"","meta":{"_acf_changed":false,"_uag_custom_page_level_css":"","footnotes":""},"class_list":["post-5891","page","type-page","status-publish","hentry"],"acf":[],"yoast_head":"<!-- This site is optimized with the Yoast SEO plugin v27.3 - https:\/\/yoast.com\/product\/yoast-seo-wordpress\/ -->\n<title>Sotsiaalt\u00f6\u00f6taja teenus - Diabeedikeskus<\/title>\n<meta name=\"robots\" content=\"index, follow, max-snippet:-1, max-image-preview:large, max-video-preview:-1\" \/>\n<link rel=\"canonical\" href=\"https:\/\/www.kliinikum.ee\/diabeet\/noustamine-ja-abi\/sotsiaaltootaja-teenus\/\" \/>\n<meta property=\"og:locale\" content=\"et_EE\" \/>\n<meta property=\"og:type\" content=\"article\" \/>\n<meta property=\"og:title\" content=\"Sotsiaalt\u00f6\u00f6taja teenus - Diabeedikeskus\" \/>\n<meta property=\"og:description\" content=\"Sotsiaalt\u00f6\u00f6taja on erialase k\u00f5rgharidusega spetsialist, kelle tegevus on suunatud \u00fcksikisikute, perede ja r\u00fchmade toimetuleku toetamisele ning kogukonna ja \u00fchiskonna vastavusse viimisele tema liikmete vajadustega. Ta tegeleb nii n\u00f5ustamise kui ka konkreetse abiga v\u00f5i abi osutamisega. Sotsiaalt\u00f6\u00f6taja poole v\u00f5ib p\u00f6\u00f6rduda patsient ise, tema raviarst v\u00f5i l\u00e4hedased. Sotsiaalt\u00f6\u00f6taja teenuse kohta Kliinikumis leiad infot siit.\" \/>\n<meta property=\"og:url\" content=\"https:\/\/www.kliinikum.ee\/diabeet\/noustamine-ja-abi\/sotsiaaltootaja-teenus\/\" \/>\n<meta property=\"og:site_name\" content=\"Diabeedikeskus\" \/>\n<meta property=\"article:modified_time\" content=\"2023-06-12T11:39:33+00:00\" \/>\n<meta name=\"twitter:card\" content=\"summary_large_image\" \/>\n<meta name=\"twitter:label1\" content=\"Est. reading time\" \/>\n\t<meta name=\"twitter:data1\" content=\"1 minut\" \/>\n<script type=\"application\/ld+json\" class=\"yoast-schema-graph\">{\"@context\":\"https:\\\/\\\/schema.org\",\"@graph\":[{\"@type\":\"WebPage\",\"@id\":\"https:\\\/\\\/www.kliinikum.ee\\\/diabeet\\\/noustamine-ja-abi\\\/sotsiaaltootaja-teenus\\\/\",\"url\":\"https:\\\/\\\/www.kliinikum.ee\\\/diabeet\\\/noustamine-ja-abi\\\/sotsiaaltootaja-teenus\\\/\",\"name\":\"Sotsiaalt\u00f6\u00f6taja teenus - Diabeedikeskus\",\"isPartOf\":{\"@id\":\"https:\\\/\\\/www.kliinikum.ee\\\/diabeet\\\/#website\"},\"datePublished\":\"2023-04-05T12:27:49+00:00\",\"dateModified\":\"2023-06-12T11:39:33+00:00\",\"breadcrumb\":{\"@id\":\"https:\\\/\\\/www.kliinikum.ee\\\/diabeet\\\/noustamine-ja-abi\\\/sotsiaaltootaja-teenus\\\/#breadcrumb\"},\"inLanguage\":\"et\",\"potentialAction\":[{\"@type\":\"ReadAction\",\"target\":[\"https:\\\/\\\/www.kliinikum.ee\\\/diabeet\\\/noustamine-ja-abi\\\/sotsiaaltootaja-teenus\\\/\"]}]},{\"@type\":\"BreadcrumbList\",\"@id\":\"https:\\\/\\\/www.kliinikum.ee\\\/diabeet\\\/noustamine-ja-abi\\\/sotsiaaltootaja-teenus\\\/#breadcrumb\",\"itemListElement\":[{\"@type\":\"ListItem\",\"position\":1,\"name\":\"Home\",\"item\":\"https:\\\/\\\/www.kliinikum.ee\\\/diabeet\\\/\"},{\"@type\":\"ListItem\",\"position\":2,\"name\":\"N\u00f5ustamine ja abi\",\"item\":\"https:\\\/\\\/www.kliinikum.ee\\\/diabeet\\\/noustamine-ja-abi\\\/\"},{\"@type\":\"ListItem\",\"position\":3,\"name\":\"Sotsiaalt\u00f6\u00f6taja teenus\"}]},{\"@type\":\"WebSite\",\"@id\":\"https:\\\/\\\/www.kliinikum.ee\\\/diabeet\\\/#website\",\"url\":\"https:\\\/\\\/www.kliinikum.ee\\\/diabeet\\\/\",\"name\":\"Diabeedikeskus\",\"description\":\"\",\"potentialAction\":[{\"@type\":\"SearchAction\",\"target\":{\"@type\":\"EntryPoint\",\"urlTemplate\":\"https:\\\/\\\/www.kliinikum.ee\\\/diabeet\\\/?s={search_term_string}\"},\"query-input\":{\"@type\":\"PropertyValueSpecification\",\"valueRequired\":true,\"valueName\":\"search_term_string\"}}],\"inLanguage\":\"et\"}]}<\/script>\n<!-- \/ Yoast SEO plugin. -->","yoast_head_json":{"title":"Sotsiaalt\u00f6\u00f6taja teenus - Diabeedikeskus","robots":{"index":"index","follow":"follow","max-snippet":"max-snippet:-1","max-image-preview":"max-image-preview:large","max-video-preview":"max-video-preview:-1"},"canonical":"https:\/\/www.kliinikum.ee\/diabeet\/noustamine-ja-abi\/sotsiaaltootaja-teenus\/","og_locale":"et_EE","og_type":"article","og_title":"Sotsiaalt\u00f6\u00f6taja teenus - Diabeedikeskus","og_description":"Sotsiaalt\u00f6\u00f6taja on erialase k\u00f5rgharidusega spetsialist, kelle tegevus on suunatud \u00fcksikisikute, perede ja r\u00fchmade toimetuleku toetamisele ning kogukonna ja \u00fchiskonna vastavusse viimisele tema liikmete vajadustega. Ta tegeleb nii n\u00f5ustamise kui ka konkreetse abiga v\u00f5i abi osutamisega. Sotsiaalt\u00f6\u00f6taja poole v\u00f5ib p\u00f6\u00f6rduda patsient ise, tema raviarst v\u00f5i l\u00e4hedased. Sotsiaalt\u00f6\u00f6taja teenuse kohta Kliinikumis leiad infot siit.","og_url":"https:\/\/www.kliinikum.ee\/diabeet\/noustamine-ja-abi\/sotsiaaltootaja-teenus\/","og_site_name":"Diabeedikeskus","article_modified_time":"2023-06-12T11:39:33+00:00","twitter_card":"summary_large_image","twitter_misc":{"Est. reading time":"1 minut"},"schema":{"@context":"https:\/\/schema.org","@graph":[{"@type":"WebPage","@id":"https:\/\/www.kliinikum.ee\/diabeet\/noustamine-ja-abi\/sotsiaaltootaja-teenus\/","url":"https:\/\/www.kliinikum.ee\/diabeet\/noustamine-ja-abi\/sotsiaaltootaja-teenus\/","name":"Sotsiaalt\u00f6\u00f6taja teenus - Diabeedikeskus","isPartOf":{"@id":"https:\/\/www.kliinikum.ee\/diabeet\/#website"},"datePublished":"2023-04-05T12:27:49+00:00","dateModified":"2023-06-12T11:39:33+00:00","breadcrumb":{"@id":"https:\/\/www.kliinikum.ee\/diabeet\/noustamine-ja-abi\/sotsiaaltootaja-teenus\/#breadcrumb"},"inLanguage":"et","potentialAction":[{"@type":"ReadAction","target":["https:\/\/www.kliinikum.ee\/diabeet\/noustamine-ja-abi\/sotsiaaltootaja-teenus\/"]}]},{"@type":"BreadcrumbList","@id":"https:\/\/www.kliinikum.ee\/diabeet\/noustamine-ja-abi\/sotsiaaltootaja-teenus\/#breadcrumb","itemListElement":[{"@type":"ListItem","position":1,"name":"Home","item":"https:\/\/www.kliinikum.ee\/diabeet\/"},{"@type":"ListItem","position":2,"name":"N\u00f5ustamine ja abi","item":"https:\/\/www.kliinikum.ee\/diabeet\/noustamine-ja-abi\/"},{"@type":"ListItem","position":3,"name":"Sotsiaalt\u00f6\u00f6taja teenus"}]},{"@type":"WebSite","@id":"https:\/\/www.kliinikum.ee\/diabeet\/#website","url":"https:\/\/www.kliinikum.ee\/diabeet\/","name":"Diabeedikeskus","description":"","potentialAction":[{"@type":"SearchAction","target":{"@type":"EntryPoint","urlTemplate":"https:\/\/www.kliinikum.ee\/diabeet\/?s={search_term_string}"},"query-input":{"@type":"PropertyValueSpecification","valueRequired":true,"valueName":"search_term_string"}}],"inLanguage":"et"}]}},"uagb_featured_image_src":{"full":false,"thumbnail":false,"medium":false,"medium_large":false,"large":false,"1536x1536":false,"2048x2048":false},"uagb_author_info":{"display_name":"Jane Freimann","author_link":"https:\/\/www.kliinikum.ee\/diabeet\/author\/janef\/"},"uagb_comment_info":0,"uagb_excerpt":"Sotsiaalt\u00f6\u00f6taja on erialase k\u00f5rgharidusega spetsialist, kelle tegevus on suunatud \u00fcksikisikute, perede ja r\u00fchmade toimetuleku toetamisele ning kogukonna ja \u00fchiskonna vastavusse viimisele tema liikmete vajadustega. Ta tegeleb nii n\u00f5ustamise kui ka konkreetse abiga v\u00f5i abi osutamisega. Sotsiaalt\u00f6\u00f6taja poole v\u00f5ib p\u00f6\u00f6rduda patsient ise, tema raviarst v\u00f5i l\u00e4hedased. Sotsiaalt\u00f6\u00f6taja teenuse kohta Kliinikumis leiad infot siit.","_links":{"self":[{"href":"https:\/\/www.kliinikum.ee\/diabeet\/wp-json\/wp\/v2\/pages\/5891","targetHints":{"allow":["GET"]}}],"collection":[{"href":"https:\/\/www.kliinikum.ee\/diabeet\/wp-json\/wp\/v2\/pages"}],"about":[{"href":"https:\/\/www.kliinikum.ee\/diabeet\/wp-json\/wp\/v2\/types\/page"}],"author":[{"embeddable":true,"href":"https:\/\/www.kliinikum.ee\/diabeet\/wp-json\/wp\/v2\/users\/34"}],"replies":[{"embeddable":true,"href":"https:\/\/www.kliinikum.ee\/diabeet\/wp-json\/wp\/v2\/comments?post=5891"}],"version-history":[{"count":0,"href":"https:\/\/www.kliinikum.ee\/diabeet\/wp-json\/wp\/v2\/pages\/5891\/revisions"}],"up":[{"embeddable":true,"href":"https:\/\/www.kliinikum.ee\/diabeet\/wp-json\/wp\/v2\/pages\/5851"}],"wp:attachment":[{"href":"https:\/\/www.kliinikum.ee\/diabeet\/wp-json\/wp\/v2\/media?parent=5891"}],"curies":[{"name":"wp","href":"https:\/\/api.w.org\/{rel}","templated":true}]}}