{"id":6564,"date":"2023-10-26T11:54:41","date_gmt":"2023-10-26T09:54:41","guid":{"rendered":"https:\/\/www.kliinikum.ee\/diabeet\/?page_id=6564"},"modified":"2026-02-03T14:19:03","modified_gmt":"2026-02-03T12:19:03","slug":"endokrinoloogi-vastuvott","status":"publish","type":"page","link":"https:\/\/www.kliinikum.ee\/diabeet\/noustamine-ja-abi\/endokrinoloogi-vastuvott\/","title":{"rendered":"Endokrinoloogi vastuv\u00f5tt"},"content":{"rendered":"\n<p>Endokrinoloog on eriarst, kes tegeleb endokriinhaiguste diagnoosimise ja raviga.<\/p>\n\n\n\n<p>Endokrinoloogi ambulatoorsele vastuv\u00f5tule suunamiseks teeb pere- v\u00f5i eriarst e-konsultatsiooni endokrinoloogile.<\/p>\n\n\n\n<p>Kui Teil on endokrinoloogi poolt antud tagasikutse saatekiri, siis&nbsp;korduvale vastuv\u00f5tule aja broneerimine toimub kodulehe&nbsp;<a href=\"https:\/\/www.kliinikum.ee\/patsiendile\/eriarsti-vastuvott\/aja-broneerimine\/\">vormi<\/a>&nbsp;kaudu. Kodulehek\u00fclje vormi kaudu esitatud p\u00e4ringutele vastatakse 3 t\u00f6\u00f6p\u00e4eva jooksul.<\/p>\n\n\n\n<p>Kui Teil ei ole v\u00f5imalik kokkulepitud ajal vastuv\u00f5tule tulla, palume sellest kindlasti teatada.<br>Vastuv\u00f5tuaja t\u00fchistamiseks v\u00f5i muutmiseks helistage palun diabeedi\u00f5e telefonil.<\/p>\n\n\n\n<p><\/p>\n\n\n\n<p><strong>Kontaktid:<\/strong><\/p>\n\n\n\n<p>5331 8632 Diabeedi raviteekonna infotelefon patsientidele E-R kell 8.00-12.00 <\/p>\n\n\n\n<p>731 9371 Diabeedi\u00f5de<\/p>\n\n\n\n<p>731 9468 Insuliinipumba paigaldamise ja kasutamise \u00f5petus (ambulatoorse osakonna \u00f5endusjuht Marilin Niilus)<\/p>\n\n\n\n<p>7319 944 Sisekliiniku ambulatoorse osakonna juht dr Anne Kirss<\/p>\n\n\n\n<p><\/p>\n","protected":false},"excerpt":{"rendered":"<p>Endokrinoloog on eriarst, kes tegeleb endokriinhaiguste diagnoosimise ja raviga. Endokrinoloogi ambulatoorsele vastuv\u00f5tule suunamiseks teeb pere- v\u00f5i eriarst e-konsultatsiooni endokrinoloogile. Kui Teil on endokrinoloogi poolt antud tagasikutse saatekiri, siis&nbsp;korduvale vastuv\u00f5tule aja broneerimine toimub kodulehe&nbsp;vormi&nbsp;kaudu. Kodulehek\u00fclje vormi kaudu esitatud p\u00e4ringutele vastatakse 3 t\u00f6\u00f6p\u00e4eva jooksul. Kui Teil ei ole v\u00f5imalik kokkulepitud ajal vastuv\u00f5tule tulla, palume sellest kindlasti teatada.Vastuv\u00f5tuaja [&hellip;]<\/p>\n","protected":false},"author":34,"featured_media":0,"parent":5851,"menu_order":0,"comment_status":"closed","ping_status":"closed","template":"","meta":{"_acf_changed":false,"_uag_custom_page_level_css":"","footnotes":""},"class_list":["post-6564","page","type-page","status-publish","hentry"],"acf":[],"yoast_head":"<!-- This site is optimized with the Yoast SEO plugin v27.3 - https:\/\/yoast.com\/product\/yoast-seo-wordpress\/ -->\n<title>Endokrinoloogi vastuv\u00f5tt - Diabeedikeskus<\/title>\n<meta name=\"robots\" content=\"index, follow, max-snippet:-1, max-image-preview:large, max-video-preview:-1\" \/>\n<link rel=\"canonical\" href=\"https:\/\/www.kliinikum.ee\/diabeet\/noustamine-ja-abi\/endokrinoloogi-vastuvott\/\" \/>\n<meta property=\"og:locale\" content=\"et_EE\" \/>\n<meta property=\"og:type\" content=\"article\" \/>\n<meta property=\"og:title\" content=\"Endokrinoloogi vastuv\u00f5tt - Diabeedikeskus\" \/>\n<meta property=\"og:description\" content=\"Endokrinoloog on eriarst, kes tegeleb endokriinhaiguste diagnoosimise ja raviga. Endokrinoloogi ambulatoorsele vastuv\u00f5tule suunamiseks teeb pere- v\u00f5i eriarst e-konsultatsiooni endokrinoloogile. Kui Teil on endokrinoloogi poolt antud tagasikutse saatekiri, siis&nbsp;korduvale vastuv\u00f5tule aja broneerimine toimub kodulehe&nbsp;vormi&nbsp;kaudu. Kodulehek\u00fclje vormi kaudu esitatud p\u00e4ringutele vastatakse 3 t\u00f6\u00f6p\u00e4eva jooksul. Kui Teil ei ole v\u00f5imalik kokkulepitud ajal vastuv\u00f5tule tulla, palume sellest kindlasti teatada.Vastuv\u00f5tuaja [&hellip;]\" \/>\n<meta property=\"og:url\" content=\"https:\/\/www.kliinikum.ee\/diabeet\/noustamine-ja-abi\/endokrinoloogi-vastuvott\/\" \/>\n<meta property=\"og:site_name\" content=\"Diabeedikeskus\" \/>\n<meta property=\"article:modified_time\" content=\"2026-02-03T12:19:03+00:00\" \/>\n<meta name=\"twitter:card\" content=\"summary_large_image\" \/>\n<meta name=\"twitter:label1\" content=\"Est. reading time\" \/>\n\t<meta name=\"twitter:data1\" content=\"1 minut\" \/>\n<script type=\"application\/ld+json\" class=\"yoast-schema-graph\">{\"@context\":\"https:\\\/\\\/schema.org\",\"@graph\":[{\"@type\":\"WebPage\",\"@id\":\"https:\\\/\\\/www.kliinikum.ee\\\/diabeet\\\/noustamine-ja-abi\\\/endokrinoloogi-vastuvott\\\/\",\"url\":\"https:\\\/\\\/www.kliinikum.ee\\\/diabeet\\\/noustamine-ja-abi\\\/endokrinoloogi-vastuvott\\\/\",\"name\":\"Endokrinoloogi vastuv\u00f5tt - Diabeedikeskus\",\"isPartOf\":{\"@id\":\"https:\\\/\\\/www.kliinikum.ee\\\/diabeet\\\/#website\"},\"datePublished\":\"2023-10-26T09:54:41+00:00\",\"dateModified\":\"2026-02-03T12:19:03+00:00\",\"breadcrumb\":{\"@id\":\"https:\\\/\\\/www.kliinikum.ee\\\/diabeet\\\/noustamine-ja-abi\\\/endokrinoloogi-vastuvott\\\/#breadcrumb\"},\"inLanguage\":\"et\",\"potentialAction\":[{\"@type\":\"ReadAction\",\"target\":[\"https:\\\/\\\/www.kliinikum.ee\\\/diabeet\\\/noustamine-ja-abi\\\/endokrinoloogi-vastuvott\\\/\"]}]},{\"@type\":\"BreadcrumbList\",\"@id\":\"https:\\\/\\\/www.kliinikum.ee\\\/diabeet\\\/noustamine-ja-abi\\\/endokrinoloogi-vastuvott\\\/#breadcrumb\",\"itemListElement\":[{\"@type\":\"ListItem\",\"position\":1,\"name\":\"Home\",\"item\":\"https:\\\/\\\/www.kliinikum.ee\\\/diabeet\\\/\"},{\"@type\":\"ListItem\",\"position\":2,\"name\":\"N\u00f5ustamine ja abi\",\"item\":\"https:\\\/\\\/www.kliinikum.ee\\\/diabeet\\\/noustamine-ja-abi\\\/\"},{\"@type\":\"ListItem\",\"position\":3,\"name\":\"Endokrinoloogi vastuv\u00f5tt\"}]},{\"@type\":\"WebSite\",\"@id\":\"https:\\\/\\\/www.kliinikum.ee\\\/diabeet\\\/#website\",\"url\":\"https:\\\/\\\/www.kliinikum.ee\\\/diabeet\\\/\",\"name\":\"Diabeedikeskus\",\"description\":\"\",\"potentialAction\":[{\"@type\":\"SearchAction\",\"target\":{\"@type\":\"EntryPoint\",\"urlTemplate\":\"https:\\\/\\\/www.kliinikum.ee\\\/diabeet\\\/?s={search_term_string}\"},\"query-input\":{\"@type\":\"PropertyValueSpecification\",\"valueRequired\":true,\"valueName\":\"search_term_string\"}}],\"inLanguage\":\"et\"}]}<\/script>\n<!-- \/ Yoast SEO plugin. -->","yoast_head_json":{"title":"Endokrinoloogi vastuv\u00f5tt - Diabeedikeskus","robots":{"index":"index","follow":"follow","max-snippet":"max-snippet:-1","max-image-preview":"max-image-preview:large","max-video-preview":"max-video-preview:-1"},"canonical":"https:\/\/www.kliinikum.ee\/diabeet\/noustamine-ja-abi\/endokrinoloogi-vastuvott\/","og_locale":"et_EE","og_type":"article","og_title":"Endokrinoloogi vastuv\u00f5tt - Diabeedikeskus","og_description":"Endokrinoloog on eriarst, kes tegeleb endokriinhaiguste diagnoosimise ja raviga. Endokrinoloogi ambulatoorsele vastuv\u00f5tule suunamiseks teeb pere- v\u00f5i eriarst e-konsultatsiooni endokrinoloogile. Kui Teil on endokrinoloogi poolt antud tagasikutse saatekiri, siis&nbsp;korduvale vastuv\u00f5tule aja broneerimine toimub kodulehe&nbsp;vormi&nbsp;kaudu. Kodulehek\u00fclje vormi kaudu esitatud p\u00e4ringutele vastatakse 3 t\u00f6\u00f6p\u00e4eva jooksul. Kui Teil ei ole v\u00f5imalik kokkulepitud ajal vastuv\u00f5tule tulla, palume sellest kindlasti teatada.Vastuv\u00f5tuaja [&hellip;]","og_url":"https:\/\/www.kliinikum.ee\/diabeet\/noustamine-ja-abi\/endokrinoloogi-vastuvott\/","og_site_name":"Diabeedikeskus","article_modified_time":"2026-02-03T12:19:03+00:00","twitter_card":"summary_large_image","twitter_misc":{"Est. reading time":"1 minut"},"schema":{"@context":"https:\/\/schema.org","@graph":[{"@type":"WebPage","@id":"https:\/\/www.kliinikum.ee\/diabeet\/noustamine-ja-abi\/endokrinoloogi-vastuvott\/","url":"https:\/\/www.kliinikum.ee\/diabeet\/noustamine-ja-abi\/endokrinoloogi-vastuvott\/","name":"Endokrinoloogi vastuv\u00f5tt - Diabeedikeskus","isPartOf":{"@id":"https:\/\/www.kliinikum.ee\/diabeet\/#website"},"datePublished":"2023-10-26T09:54:41+00:00","dateModified":"2026-02-03T12:19:03+00:00","breadcrumb":{"@id":"https:\/\/www.kliinikum.ee\/diabeet\/noustamine-ja-abi\/endokrinoloogi-vastuvott\/#breadcrumb"},"inLanguage":"et","potentialAction":[{"@type":"ReadAction","target":["https:\/\/www.kliinikum.ee\/diabeet\/noustamine-ja-abi\/endokrinoloogi-vastuvott\/"]}]},{"@type":"BreadcrumbList","@id":"https:\/\/www.kliinikum.ee\/diabeet\/noustamine-ja-abi\/endokrinoloogi-vastuvott\/#breadcrumb","itemListElement":[{"@type":"ListItem","position":1,"name":"Home","item":"https:\/\/www.kliinikum.ee\/diabeet\/"},{"@type":"ListItem","position":2,"name":"N\u00f5ustamine ja abi","item":"https:\/\/www.kliinikum.ee\/diabeet\/noustamine-ja-abi\/"},{"@type":"ListItem","position":3,"name":"Endokrinoloogi vastuv\u00f5tt"}]},{"@type":"WebSite","@id":"https:\/\/www.kliinikum.ee\/diabeet\/#website","url":"https:\/\/www.kliinikum.ee\/diabeet\/","name":"Diabeedikeskus","description":"","potentialAction":[{"@type":"SearchAction","target":{"@type":"EntryPoint","urlTemplate":"https:\/\/www.kliinikum.ee\/diabeet\/?s={search_term_string}"},"query-input":{"@type":"PropertyValueSpecification","valueRequired":true,"valueName":"search_term_string"}}],"inLanguage":"et"}]}},"uagb_featured_image_src":{"full":false,"thumbnail":false,"medium":false,"medium_large":false,"large":false,"1536x1536":false,"2048x2048":false},"uagb_author_info":{"display_name":"Jane Freimann","author_link":"https:\/\/www.kliinikum.ee\/diabeet\/author\/janef\/"},"uagb_comment_info":0,"uagb_excerpt":"Endokrinoloog on eriarst, kes tegeleb endokriinhaiguste diagnoosimise ja raviga. Endokrinoloogi ambulatoorsele vastuv\u00f5tule suunamiseks teeb pere- v\u00f5i eriarst e-konsultatsiooni endokrinoloogile. Kui Teil on endokrinoloogi poolt antud tagasikutse saatekiri, siis&nbsp;korduvale vastuv\u00f5tule aja broneerimine toimub kodulehe&nbsp;vormi&nbsp;kaudu. Kodulehek\u00fclje vormi kaudu esitatud p\u00e4ringutele vastatakse 3 t\u00f6\u00f6p\u00e4eva jooksul. Kui Teil ei ole v\u00f5imalik kokkulepitud ajal vastuv\u00f5tule tulla, palume sellest kindlasti teatada.Vastuv\u00f5tuaja&hellip;","_links":{"self":[{"href":"https:\/\/www.kliinikum.ee\/diabeet\/wp-json\/wp\/v2\/pages\/6564","targetHints":{"allow":["GET"]}}],"collection":[{"href":"https:\/\/www.kliinikum.ee\/diabeet\/wp-json\/wp\/v2\/pages"}],"about":[{"href":"https:\/\/www.kliinikum.ee\/diabeet\/wp-json\/wp\/v2\/types\/page"}],"author":[{"embeddable":true,"href":"https:\/\/www.kliinikum.ee\/diabeet\/wp-json\/wp\/v2\/users\/34"}],"replies":[{"embeddable":true,"href":"https:\/\/www.kliinikum.ee\/diabeet\/wp-json\/wp\/v2\/comments?post=6564"}],"version-history":[{"count":0,"href":"https:\/\/www.kliinikum.ee\/diabeet\/wp-json\/wp\/v2\/pages\/6564\/revisions"}],"up":[{"embeddable":true,"href":"https:\/\/www.kliinikum.ee\/diabeet\/wp-json\/wp\/v2\/pages\/5851"}],"wp:attachment":[{"href":"https:\/\/www.kliinikum.ee\/diabeet\/wp-json\/wp\/v2\/media?parent=6564"}],"curies":[{"name":"wp","href":"https:\/\/api.w.org\/{rel}","templated":true}]}}