{"id":4604,"date":"2022-11-14T10:00:52","date_gmt":"2022-11-14T10:00:52","guid":{"rendered":"https:\/\/kliinikum.ee\/eetikakomitee\/about\/"},"modified":"2022-12-21T15:23:12","modified_gmt":"2022-12-21T15:23:12","slug":"about","status":"publish","type":"page","link":"https:\/\/www.kliinikum.ee\/eetikakomitee\/en\/about\/","title":{"rendered":"About"},"content":{"rendered":"\n<p>Lorem ipsum dolor sit amet, consectetur adipiscing elit, sed do eiusmod tempor incididunt ut labore et dolore magna aliqua. Eget arcu dictum varius duis at consectetur lorem. Vel pharetra vel turpis nunc eget lorem dolor sed viverra. Euismod lacinia at quis risus. Tellus molestie nunc non blandit. Eget dolor morbi non arcu risus quis varius quam. Amet massa vitae tortor condimentum lacinia quis vel eros donec. Nisl nunc mi ipsum faucibus vitae aliquet. Amet massa vitae tortor condimentum lacinia. Vestibulum lorem sed risus ultricies. Scelerisque fermentum dui faucibus in ornare quam. Sollicitudin nibh sit amet commodo nulla facilisi nullam vehicula. Et ligula ullamcorper malesuada proin. Feugiat nisl pretium fusce id velit ut tortor pretium. Habitant morbi tristique senectus et netus. Varius morbi enim nunc faucibus a pellentesque. Augue lacus viverra vitae congue eu consequat. Vitae congue eu consequat ac felis donec et odio pellentesque.<\/p>\n\n<p>Et malesuada fames ac turpis. Pretium fusce id velit ut tortor pretium viverra suspendisse potenti. Volutpat maecenas volutpat blandit aliquam etiam. Semper feugiat nibh sed pulvinar proin gravida hendrerit lectus a. Sit amet commodo nulla facilisi nullam vehicula ipsum a. Neque ornare aenean euismod elementum nisi quis eleifend quam. Arcu dui vivamus arcu felis bibendum ut tristique et. Mauris pharetra et ultrices neque ornare aenean euismod elementum nisi. At tellus at urna condimentum mattis. Natoque penatibus et magnis dis parturient montes nascetur. Habitant morbi tristique senectus et netus et. Ullamcorper morbi tincidunt ornare massa eget egestas purus viverra. Scelerisque viverra mauris in aliquam sem. Eros donec ac odio tempor orci dapibus ultrices in. Purus ut faucibus pulvinar elementum integer. Pharetra diam sit amet nisl. Hendrerit dolor magna eget est lorem ipsum dolor. Vestibulum mattis ullamcorper velit sed ullamcorper morbi. Dignissim sodales ut eu sem integer vitae. Turpis nunc eget lorem dolor sed viverra ipsum nunc.<\/p>\n\n<p class=\"has-black-color has-text-color\">Faucibus ornare suspendisse sed nisi lacus. Urna porttitor rhoncus dolor purus non enim praesent. Dui id ornare arcu odio ut sem nulla pharetra diam. Ut placerat orci nulla pellentesque dignissim enim. Nunc sed augue lacus viverra vitae congue eu consequat. Molestie ac feugiat sed lectus vestibulum mattis ullamcorper velit. Imperdiet sed euismod nisi porta lorem mollis aliquam ut porttitor. Et odio pellentesque diam volutpat commodo sed egestas egestas. Varius vel pharetra vel turpis nunc eget lorem dolor. Nunc sed blandit libero volutpat. Phasellus egestas tellus rutrum tellus pellentesque eu tincidunt tortor aliquam. Ultrices in iaculis nunc sed augue. Tempor commodo ullamcorper a lacus vestibulum sed. At varius vel pharetra vel turpis nunc eget. Pretium lectus quam id leo in vitae turpis massa sed. Nec nam aliquam sem et tortor consequat id. Facilisis leo vel fringilla est ullamcorper eget nulla<a href=\"http:\/\/www.google.com\"> <\/a><\/p>\n\n<p class=\"has-vivid-red-color has-text-color\"><a href=\"http:\/\/www.google.com\" target=\"_blank\" rel=\"noreferrer noopener\"><mark style=\"background-color:rgba(0, 0, 0, 0)\" class=\"has-inline-color has-vivid-red-color\">facilisi etiam.<\/mark><\/a><\/p>\n\n<div class=\"wp-block-buttons is-layout-flex wp-block-buttons-is-layout-flex\">\n<div class=\"wp-block-button has-custom-font-size is-style-fill has-medium-font-size\"><a class=\"wp-block-button__link has-black-color has-vivid-green-cyan-background-color has-text-color has-background wp-element-button\" href=\"http:\/\/www.google.ee\" target=\"_blank\" rel=\"noreferrer noopener\">Test nupp<\/a><\/div>\n<\/div>\n","protected":false},"excerpt":{"rendered":"<p>Lorem ipsum dolor sit amet, consectetur adipiscing elit, sed do eiusmod tempor incididunt ut labore et dolore magna aliqua. Eget arcu dictum varius duis at consectetur lorem. Vel pharetra vel turpis nunc eget lorem dolor sed viverra. Euismod lacinia at quis risus. Tellus molestie nunc non blandit. Eget dolor morbi non arcu risus quis varius [&hellip;]<\/p>\n","protected":false},"author":30,"featured_media":0,"parent":0,"menu_order":0,"comment_status":"closed","ping_status":"closed","template":"","meta":{"_acf_changed":false,"_uag_custom_page_level_css":"","footnotes":""},"class_list":["post-4604","page","type-page","status-publish","hentry"],"acf":[],"yoast_head":"<!-- This site is optimized with the Yoast SEO plugin v27.3 - https:\/\/yoast.com\/product\/yoast-seo-wordpress\/ -->\n<title>About - Kliinilise eetika komitee<\/title>\n<meta name=\"robots\" content=\"index, follow, max-snippet:-1, max-image-preview:large, max-video-preview:-1\" \/>\n<link rel=\"canonical\" href=\"https:\/\/www.kliinikum.ee\/eetikakomitee\/en\/about\/\" \/>\n<meta property=\"og:locale\" content=\"en_US\" \/>\n<meta property=\"og:type\" content=\"article\" \/>\n<meta property=\"og:title\" content=\"About - Kliinilise eetika komitee\" \/>\n<meta property=\"og:description\" content=\"Lorem ipsum dolor sit amet, consectetur adipiscing elit, sed do eiusmod tempor incididunt ut labore et dolore magna aliqua. Eget arcu dictum varius duis at consectetur lorem. Vel pharetra vel turpis nunc eget lorem dolor sed viverra. Euismod lacinia at quis risus. Tellus molestie nunc non blandit. Eget dolor morbi non arcu risus quis varius [&hellip;]\" \/>\n<meta property=\"og:url\" content=\"https:\/\/www.kliinikum.ee\/eetikakomitee\/en\/about\/\" \/>\n<meta property=\"og:site_name\" content=\"Kliinilise eetika komitee\" \/>\n<meta property=\"article:modified_time\" content=\"2022-12-21T15:23:12+00:00\" \/>\n<meta name=\"twitter:card\" content=\"summary_large_image\" \/>\n<meta name=\"twitter:label1\" content=\"Est. reading time\" \/>\n\t<meta name=\"twitter:data1\" content=\"2 minutes\" \/>\n<script type=\"application\/ld+json\" class=\"yoast-schema-graph\">{\"@context\":\"https:\\\/\\\/schema.org\",\"@graph\":[{\"@type\":\"WebPage\",\"@id\":\"https:\\\/\\\/www.kliinikum.ee\\\/eetikakomitee\\\/en\\\/about\\\/\",\"url\":\"https:\\\/\\\/www.kliinikum.ee\\\/eetikakomitee\\\/en\\\/about\\\/\",\"name\":\"About - Kliinilise eetika komitee\",\"isPartOf\":{\"@id\":\"https:\\\/\\\/www.kliinikum.ee\\\/eetikakomitee\\\/en\\\/#website\"},\"datePublished\":\"2022-11-14T10:00:52+00:00\",\"dateModified\":\"2022-12-21T15:23:12+00:00\",\"breadcrumb\":{\"@id\":\"https:\\\/\\\/www.kliinikum.ee\\\/eetikakomitee\\\/en\\\/about\\\/#breadcrumb\"},\"inLanguage\":\"en-US\",\"potentialAction\":[{\"@type\":\"ReadAction\",\"target\":[\"https:\\\/\\\/www.kliinikum.ee\\\/eetikakomitee\\\/en\\\/about\\\/\"]}]},{\"@type\":\"BreadcrumbList\",\"@id\":\"https:\\\/\\\/www.kliinikum.ee\\\/eetikakomitee\\\/en\\\/about\\\/#breadcrumb\",\"itemListElement\":[{\"@type\":\"ListItem\",\"position\":1,\"name\":\"Home\",\"item\":\"https:\\\/\\\/www.kliinikum.ee\\\/eetikakomitee\\\/en\\\/\"},{\"@type\":\"ListItem\",\"position\":2,\"name\":\"About\"}]},{\"@type\":\"WebSite\",\"@id\":\"https:\\\/\\\/www.kliinikum.ee\\\/eetikakomitee\\\/en\\\/#website\",\"url\":\"https:\\\/\\\/www.kliinikum.ee\\\/eetikakomitee\\\/en\\\/\",\"name\":\"Kliinilise eetika komitee\",\"description\":\"Hoolivus, Uuendusmeelsus, P\u00e4devus ja Usaldusv\u00e4\u00e4rsus\",\"potentialAction\":[{\"@type\":\"SearchAction\",\"target\":{\"@type\":\"EntryPoint\",\"urlTemplate\":\"https:\\\/\\\/www.kliinikum.ee\\\/eetikakomitee\\\/en\\\/?s={search_term_string}\"},\"query-input\":{\"@type\":\"PropertyValueSpecification\",\"valueRequired\":true,\"valueName\":\"search_term_string\"}}],\"inLanguage\":\"en-US\"}]}<\/script>\n<!-- \/ Yoast SEO plugin. -->","yoast_head_json":{"title":"About - Kliinilise eetika komitee","robots":{"index":"index","follow":"follow","max-snippet":"max-snippet:-1","max-image-preview":"max-image-preview:large","max-video-preview":"max-video-preview:-1"},"canonical":"https:\/\/www.kliinikum.ee\/eetikakomitee\/en\/about\/","og_locale":"en_US","og_type":"article","og_title":"About - Kliinilise eetika komitee","og_description":"Lorem ipsum dolor sit amet, consectetur adipiscing elit, sed do eiusmod tempor incididunt ut labore et dolore magna aliqua. Eget arcu dictum varius duis at consectetur lorem. Vel pharetra vel turpis nunc eget lorem dolor sed viverra. Euismod lacinia at quis risus. Tellus molestie nunc non blandit. Eget dolor morbi non arcu risus quis varius [&hellip;]","og_url":"https:\/\/www.kliinikum.ee\/eetikakomitee\/en\/about\/","og_site_name":"Kliinilise eetika komitee","article_modified_time":"2022-12-21T15:23:12+00:00","twitter_card":"summary_large_image","twitter_misc":{"Est. reading time":"2 minutes"},"schema":{"@context":"https:\/\/schema.org","@graph":[{"@type":"WebPage","@id":"https:\/\/www.kliinikum.ee\/eetikakomitee\/en\/about\/","url":"https:\/\/www.kliinikum.ee\/eetikakomitee\/en\/about\/","name":"About - Kliinilise eetika komitee","isPartOf":{"@id":"https:\/\/www.kliinikum.ee\/eetikakomitee\/en\/#website"},"datePublished":"2022-11-14T10:00:52+00:00","dateModified":"2022-12-21T15:23:12+00:00","breadcrumb":{"@id":"https:\/\/www.kliinikum.ee\/eetikakomitee\/en\/about\/#breadcrumb"},"inLanguage":"en-US","potentialAction":[{"@type":"ReadAction","target":["https:\/\/www.kliinikum.ee\/eetikakomitee\/en\/about\/"]}]},{"@type":"BreadcrumbList","@id":"https:\/\/www.kliinikum.ee\/eetikakomitee\/en\/about\/#breadcrumb","itemListElement":[{"@type":"ListItem","position":1,"name":"Home","item":"https:\/\/www.kliinikum.ee\/eetikakomitee\/en\/"},{"@type":"ListItem","position":2,"name":"About"}]},{"@type":"WebSite","@id":"https:\/\/www.kliinikum.ee\/eetikakomitee\/en\/#website","url":"https:\/\/www.kliinikum.ee\/eetikakomitee\/en\/","name":"Kliinilise eetika komitee","description":"Hoolivus, Uuendusmeelsus, P\u00e4devus ja Usaldusv\u00e4\u00e4rsus","potentialAction":[{"@type":"SearchAction","target":{"@type":"EntryPoint","urlTemplate":"https:\/\/www.kliinikum.ee\/eetikakomitee\/en\/?s={search_term_string}"},"query-input":{"@type":"PropertyValueSpecification","valueRequired":true,"valueName":"search_term_string"}}],"inLanguage":"en-US"}]}},"uagb_featured_image_src":{"full":false,"thumbnail":false,"medium":false,"medium_large":false,"large":false,"1536x1536":false,"2048x2048":false},"uagb_author_info":{"display_name":"erkky","author_link":"https:\/\/www.kliinikum.ee\/eetikakomitee\/en\/author\/erkky\/"},"uagb_comment_info":0,"uagb_excerpt":"Lorem ipsum dolor sit amet, consectetur adipiscing elit, sed do eiusmod tempor incididunt ut labore et dolore magna aliqua. Eget arcu dictum varius duis at consectetur lorem. Vel pharetra vel turpis nunc eget lorem dolor sed viverra. Euismod lacinia at quis risus. Tellus molestie nunc non blandit. Eget dolor morbi non arcu risus quis varius&hellip;","_links":{"self":[{"href":"https:\/\/www.kliinikum.ee\/eetikakomitee\/en\/wp-json\/wp\/v2\/pages\/4604","targetHints":{"allow":["GET"]}}],"collection":[{"href":"https:\/\/www.kliinikum.ee\/eetikakomitee\/en\/wp-json\/wp\/v2\/pages"}],"about":[{"href":"https:\/\/www.kliinikum.ee\/eetikakomitee\/en\/wp-json\/wp\/v2\/types\/page"}],"author":[{"embeddable":true,"href":"https:\/\/www.kliinikum.ee\/eetikakomitee\/en\/wp-json\/wp\/v2\/users\/30"}],"replies":[{"embeddable":true,"href":"https:\/\/www.kliinikum.ee\/eetikakomitee\/en\/wp-json\/wp\/v2\/comments?post=4604"}],"version-history":[{"count":0,"href":"https:\/\/www.kliinikum.ee\/eetikakomitee\/en\/wp-json\/wp\/v2\/pages\/4604\/revisions"}],"wp:attachment":[{"href":"https:\/\/www.kliinikum.ee\/eetikakomitee\/en\/wp-json\/wp\/v2\/media?parent=4604"}],"curies":[{"name":"wp","href":"https:\/\/api.w.org\/{rel}","templated":true}]}}