{"id":5855,"date":"2023-04-26T11:27:07","date_gmt":"2023-04-26T09:27:07","guid":{"rendered":"https:\/\/www.kliinikum.ee\/eetikakomitee\/?page_id=5855"},"modified":"2025-08-21T14:08:07","modified_gmt":"2025-08-21T12:08:07","slug":"eetikakomiteed-eestis","status":"publish","type":"page","link":"https:\/\/www.kliinikum.ee\/eetikakomitee\/eetikakomiteed-eestis\/","title":{"rendered":"Eetikakomiteed Eestis"},"content":{"rendered":"\n<p><strong>1.\u00a0<a href=\"https:\/\/sm.ee\/eesti-bioeetika-ja-inimuuringute-noukogu\" target=\"_blank\" rel=\"noreferrer noopener\">Eesti bioeetika ja inimuuringute n\u00f5ukogu<\/a><\/strong><br><br><strong>2.<a href=\"http:\/\/www.arstideliit.ee\/eesti-arstide-liit\/eetikakomitee\" target=\"_blank\" rel=\"noreferrer noopener\"> Eesti Arstide Liidu eetikakomitee<\/a><\/strong>\u00a0<br><br><strong>3. <a href=\"http:\/\/www.lastehaigla.ee\" target=\"_blank\" rel=\"noreferrer noopener\">Tallinna Lastehaigla eetikakomitee<\/a><\/strong><br><br><strong>4. <a href=\"https:\/\/www.regionaalhaigla.ee\/haiglast\/meist\/eetikanoukogu\" target=\"_blank\" rel=\"noreferrer noopener\">P\u00f5hja-Eesti Regionaalhaigla eetikan\u00f5ukogu<\/a><\/strong><br><br><strong>5. <a href=\"http:\/\/www.kliinikum.ee\/eetikakomitee\" target=\"_blank\" rel=\"noreferrer noopener\">Tartu \u00dclikooli Kliinikumi kliinilise eetika komitee<\/a><\/strong><br><br><strong>6. <a href=\"https:\/\/ut.ee\/et\/sisu\/inimuuringute-eetikakomitee\" target=\"_blank\" rel=\"noreferrer noopener\">Tartu \u00dclikooli inimuuringute eetika komitee<\/a><\/strong><br><br><strong>7.\u00a0<a href=\"http:\/\/www.tai.ee\/et\/instituudist\/tai-inimuuringute-eetikakomitee\" target=\"_blank\" rel=\"noreferrer noopener\">Tervise Arengu Instituudi inimuuringute eetikakomitee<\/a><\/strong><br>\u00a0<br><strong>8.\u00a0<a href=\"http:\/\/www.ravimiamet.ee\/ravimid-ja-ohutus\/ravimiuuringud\/ravimiuuringute-eetikakomitee\" target=\"_blank\" rel=\"noreferrer noopener\">Ravimiuuringute eetikakomitee<\/a><\/strong><br><\/p>\n\n\n\n<p><\/p>\n","protected":false},"excerpt":{"rendered":"<p>1.\u00a0Eesti bioeetika ja inimuuringute n\u00f5ukogu 2. Eesti Arstide Liidu eetikakomitee\u00a0 3. Tallinna Lastehaigla eetikakomitee 4. P\u00f5hja-Eesti Regionaalhaigla eetikan\u00f5ukogu 5. Tartu \u00dclikooli Kliinikumi kliinilise eetika komitee 6. Tartu \u00dclikooli inimuuringute eetika komitee 7.\u00a0Tervise Arengu Instituudi inimuuringute eetikakomitee\u00a08.\u00a0Ravimiuuringute eetikakomitee<\/p>\n","protected":false},"author":32,"featured_media":0,"parent":0,"menu_order":0,"comment_status":"closed","ping_status":"closed","template":"","meta":{"_acf_changed":false,"_uag_custom_page_level_css":"","footnotes":""},"class_list":["post-5855","page","type-page","status-publish","hentry"],"acf":[],"yoast_head":"<!-- This site is optimized with the Yoast SEO plugin v27.3 - https:\/\/yoast.com\/product\/yoast-seo-wordpress\/ -->\n<title>Eetikakomiteed Eestis - Kliinilise eetika komitee<\/title>\n<meta name=\"robots\" content=\"index, follow, max-snippet:-1, max-image-preview:large, max-video-preview:-1\" \/>\n<link rel=\"canonical\" href=\"https:\/\/www.kliinikum.ee\/eetikakomitee\/eetikakomiteed-eestis\/\" \/>\n<meta property=\"og:locale\" content=\"et_EE\" \/>\n<meta property=\"og:type\" content=\"article\" \/>\n<meta property=\"og:title\" content=\"Eetikakomiteed Eestis - Kliinilise eetika komitee\" \/>\n<meta property=\"og:description\" content=\"1.\u00a0Eesti bioeetika ja inimuuringute n\u00f5ukogu 2. Eesti Arstide Liidu eetikakomitee\u00a0 3. Tallinna Lastehaigla eetikakomitee 4. P\u00f5hja-Eesti Regionaalhaigla eetikan\u00f5ukogu 5. Tartu \u00dclikooli Kliinikumi kliinilise eetika komitee 6. Tartu \u00dclikooli inimuuringute eetika komitee 7.\u00a0Tervise Arengu Instituudi inimuuringute eetikakomitee\u00a08.\u00a0Ravimiuuringute eetikakomitee\" \/>\n<meta property=\"og:url\" content=\"https:\/\/www.kliinikum.ee\/eetikakomitee\/eetikakomiteed-eestis\/\" \/>\n<meta property=\"og:site_name\" content=\"Kliinilise eetika komitee\" \/>\n<meta property=\"article:modified_time\" content=\"2025-08-21T12:08:07+00:00\" \/>\n<meta name=\"twitter:card\" content=\"summary_large_image\" \/>\n<meta name=\"twitter:label1\" content=\"Est. reading time\" \/>\n\t<meta name=\"twitter:data1\" content=\"1 minut\" \/>\n<script type=\"application\/ld+json\" class=\"yoast-schema-graph\">{\"@context\":\"https:\\\/\\\/schema.org\",\"@graph\":[{\"@type\":\"WebPage\",\"@id\":\"https:\\\/\\\/www.kliinikum.ee\\\/eetikakomitee\\\/eetikakomiteed-eestis\\\/\",\"url\":\"https:\\\/\\\/www.kliinikum.ee\\\/eetikakomitee\\\/eetikakomiteed-eestis\\\/\",\"name\":\"Eetikakomiteed Eestis - Kliinilise eetika komitee\",\"isPartOf\":{\"@id\":\"https:\\\/\\\/www.kliinikum.ee\\\/eetikakomitee\\\/#website\"},\"datePublished\":\"2023-04-26T09:27:07+00:00\",\"dateModified\":\"2025-08-21T12:08:07+00:00\",\"breadcrumb\":{\"@id\":\"https:\\\/\\\/www.kliinikum.ee\\\/eetikakomitee\\\/eetikakomiteed-eestis\\\/#breadcrumb\"},\"inLanguage\":\"et\",\"potentialAction\":[{\"@type\":\"ReadAction\",\"target\":[\"https:\\\/\\\/www.kliinikum.ee\\\/eetikakomitee\\\/eetikakomiteed-eestis\\\/\"]}]},{\"@type\":\"BreadcrumbList\",\"@id\":\"https:\\\/\\\/www.kliinikum.ee\\\/eetikakomitee\\\/eetikakomiteed-eestis\\\/#breadcrumb\",\"itemListElement\":[{\"@type\":\"ListItem\",\"position\":1,\"name\":\"Home\",\"item\":\"https:\\\/\\\/www.kliinikum.ee\\\/eetikakomitee\\\/\"},{\"@type\":\"ListItem\",\"position\":2,\"name\":\"Eetikakomiteed Eestis\"}]},{\"@type\":\"WebSite\",\"@id\":\"https:\\\/\\\/www.kliinikum.ee\\\/eetikakomitee\\\/#website\",\"url\":\"https:\\\/\\\/www.kliinikum.ee\\\/eetikakomitee\\\/\",\"name\":\"Kliinilise eetika komitee\",\"description\":\"Hoolivus, Uuendusmeelsus, P\u00e4devus ja Usaldusv\u00e4\u00e4rsus\",\"potentialAction\":[{\"@type\":\"SearchAction\",\"target\":{\"@type\":\"EntryPoint\",\"urlTemplate\":\"https:\\\/\\\/www.kliinikum.ee\\\/eetikakomitee\\\/?s={search_term_string}\"},\"query-input\":{\"@type\":\"PropertyValueSpecification\",\"valueRequired\":true,\"valueName\":\"search_term_string\"}}],\"inLanguage\":\"et\"}]}<\/script>\n<!-- \/ Yoast SEO plugin. -->","yoast_head_json":{"title":"Eetikakomiteed Eestis - Kliinilise eetika komitee","robots":{"index":"index","follow":"follow","max-snippet":"max-snippet:-1","max-image-preview":"max-image-preview:large","max-video-preview":"max-video-preview:-1"},"canonical":"https:\/\/www.kliinikum.ee\/eetikakomitee\/eetikakomiteed-eestis\/","og_locale":"et_EE","og_type":"article","og_title":"Eetikakomiteed Eestis - Kliinilise eetika komitee","og_description":"1.\u00a0Eesti bioeetika ja inimuuringute n\u00f5ukogu 2. Eesti Arstide Liidu eetikakomitee\u00a0 3. Tallinna Lastehaigla eetikakomitee 4. P\u00f5hja-Eesti Regionaalhaigla eetikan\u00f5ukogu 5. Tartu \u00dclikooli Kliinikumi kliinilise eetika komitee 6. Tartu \u00dclikooli inimuuringute eetika komitee 7.\u00a0Tervise Arengu Instituudi inimuuringute eetikakomitee\u00a08.\u00a0Ravimiuuringute eetikakomitee","og_url":"https:\/\/www.kliinikum.ee\/eetikakomitee\/eetikakomiteed-eestis\/","og_site_name":"Kliinilise eetika komitee","article_modified_time":"2025-08-21T12:08:07+00:00","twitter_card":"summary_large_image","twitter_misc":{"Est. reading time":"1 minut"},"schema":{"@context":"https:\/\/schema.org","@graph":[{"@type":"WebPage","@id":"https:\/\/www.kliinikum.ee\/eetikakomitee\/eetikakomiteed-eestis\/","url":"https:\/\/www.kliinikum.ee\/eetikakomitee\/eetikakomiteed-eestis\/","name":"Eetikakomiteed Eestis - Kliinilise eetika komitee","isPartOf":{"@id":"https:\/\/www.kliinikum.ee\/eetikakomitee\/#website"},"datePublished":"2023-04-26T09:27:07+00:00","dateModified":"2025-08-21T12:08:07+00:00","breadcrumb":{"@id":"https:\/\/www.kliinikum.ee\/eetikakomitee\/eetikakomiteed-eestis\/#breadcrumb"},"inLanguage":"et","potentialAction":[{"@type":"ReadAction","target":["https:\/\/www.kliinikum.ee\/eetikakomitee\/eetikakomiteed-eestis\/"]}]},{"@type":"BreadcrumbList","@id":"https:\/\/www.kliinikum.ee\/eetikakomitee\/eetikakomiteed-eestis\/#breadcrumb","itemListElement":[{"@type":"ListItem","position":1,"name":"Home","item":"https:\/\/www.kliinikum.ee\/eetikakomitee\/"},{"@type":"ListItem","position":2,"name":"Eetikakomiteed Eestis"}]},{"@type":"WebSite","@id":"https:\/\/www.kliinikum.ee\/eetikakomitee\/#website","url":"https:\/\/www.kliinikum.ee\/eetikakomitee\/","name":"Kliinilise eetika komitee","description":"Hoolivus, Uuendusmeelsus, P\u00e4devus ja Usaldusv\u00e4\u00e4rsus","potentialAction":[{"@type":"SearchAction","target":{"@type":"EntryPoint","urlTemplate":"https:\/\/www.kliinikum.ee\/eetikakomitee\/?s={search_term_string}"},"query-input":{"@type":"PropertyValueSpecification","valueRequired":true,"valueName":"search_term_string"}}],"inLanguage":"et"}]}},"uagb_featured_image_src":{"full":false,"thumbnail":false,"medium":false,"medium_large":false,"large":false,"1536x1536":false,"2048x2048":false},"uagb_author_info":{"display_name":"Jane Freimann","author_link":"https:\/\/www.kliinikum.ee\/eetikakomitee\/author\/janef\/"},"uagb_comment_info":0,"uagb_excerpt":"1.\u00a0Eesti bioeetika ja inimuuringute n\u00f5ukogu 2. Eesti Arstide Liidu eetikakomitee\u00a0 3. Tallinna Lastehaigla eetikakomitee 4. P\u00f5hja-Eesti Regionaalhaigla eetikan\u00f5ukogu 5. Tartu \u00dclikooli Kliinikumi kliinilise eetika komitee 6. Tartu \u00dclikooli inimuuringute eetika komitee 7.\u00a0Tervise Arengu Instituudi inimuuringute eetikakomitee\u00a08.\u00a0Ravimiuuringute eetikakomitee","_links":{"self":[{"href":"https:\/\/www.kliinikum.ee\/eetikakomitee\/wp-json\/wp\/v2\/pages\/5855","targetHints":{"allow":["GET"]}}],"collection":[{"href":"https:\/\/www.kliinikum.ee\/eetikakomitee\/wp-json\/wp\/v2\/pages"}],"about":[{"href":"https:\/\/www.kliinikum.ee\/eetikakomitee\/wp-json\/wp\/v2\/types\/page"}],"author":[{"embeddable":true,"href":"https:\/\/www.kliinikum.ee\/eetikakomitee\/wp-json\/wp\/v2\/users\/32"}],"replies":[{"embeddable":true,"href":"https:\/\/www.kliinikum.ee\/eetikakomitee\/wp-json\/wp\/v2\/comments?post=5855"}],"version-history":[{"count":0,"href":"https:\/\/www.kliinikum.ee\/eetikakomitee\/wp-json\/wp\/v2\/pages\/5855\/revisions"}],"wp:attachment":[{"href":"https:\/\/www.kliinikum.ee\/eetikakomitee\/wp-json\/wp\/v2\/media?parent=5855"}],"curies":[{"name":"wp","href":"https:\/\/api.w.org\/{rel}","templated":true}]}}