{"id":10893,"date":"2023-08-22T11:21:33","date_gmt":"2023-08-22T09:21:33","guid":{"rendered":"https:\/\/www.kliinikum.ee\/geneetika\/?page_id=10893"},"modified":"2026-01-08T12:40:18","modified_gmt":"2026-01-08T10:40:18","slug":"genoomi-sekveneerimine-ja-interpretatsioon","status":"publish","type":"page","link":"https:\/\/www.kliinikum.ee\/geneetika\/kolleegile\/tellimislehed\/genoomi-sekveneerimine-ja-interpretatsioon\/","title":{"rendered":"Genoomi sekveneerimine ja interpretatsioon"},"content":{"rendered":"\n<p><strong>Genoomi sekveneerimine ja interpretatsioon.<\/strong><\/p>\n\n\n\n<p>Kogu genoomi sekveneerimise anal\u00fc\u00fcsi tellimiseks on vajalik t\u00e4ita j\u00e4rgmised dokumendid ja saata need koos materjaliga SA T\u00dcK geneetika ja personaalmeditsiini kliinikusse, Puusepa tn. 2, Tartu 50406.<\/p>\n\n\n\n<ul class=\"wp-block-list\">\n<li><a href=\"https:\/\/www.kliinikum.ee\/geneetika\/tellimisleht_genoomi-sekveneerimine\/\" target=\"_blank\" rel=\"noreferrer noopener\">Tellimisleht<\/a><\/li>\n\n\n\n<li><a href=\"https:\/\/www.kliinikum.ee\/geneetika\/kliinilise-info-leht_dets2025_\/\" target=\"_blank\" rel=\"noreferrer noopener\">T\u00e4idetud kliinilise info leht koos patsiendi geneetilise sugupuuga<\/a><\/li>\n\n\n\n<li><a href=\"https:\/\/www.kliinikum.ee\/geneetika\/genoomi-sekveneerimise-nousolek-eesti-keeles_\/\" target=\"_blank\" rel=\"noreferrer noopener\">Genoomi sekveneerimise n\u00f5usoleku vorm EESTI KEELES (saata koopia, originaal s\u00e4ilitada haigusloos)<\/a><\/li>\n\n\n\n<li><a href=\"https:\/\/www.kliinikum.ee\/geneetika\/genoomi-sekveneerimise-nousolek-vene-keeles_\/\" target=\"_blank\" rel=\"noreferrer noopener\">Genoomi sekveneerimise n\u00f5usoleku vorm VENE KEELES (saata koopia, originaal s\u00e4ilitada haigusloos)<\/a><\/li>\n\n\n\n<li><a href=\"https:\/\/www.kliinikum.ee\/geneetika\/genoomi-sekveneerimise-nousolek-inglise-keeles_\/\" target=\"_blank\" rel=\"noreferrer noopener\">Genoomi sekveneerimise n\u00f5usoleku vorm INGLISE KEELES (saata koopia, originaal s\u00e4ilitada haigusloos)<\/a><\/li>\n\n\n\n<li><a href=\"https:\/\/www.kliinikum.ee\/geneetika\/genoomi-sekveneerimise-vajalikkuse-ekspertkomisjoni-otsus_\/\" target=\"_blank\" rel=\"noreferrer noopener\">Ekspertkomisjoni otsus (saata koopia, originaal s\u00e4ilitada haigusloos)<\/a><\/li>\n<\/ul>\n\n\n\n<p>Infomaterjalid:<\/p>\n\n\n\n<p><a href=\"\/geneetika\/pildid\/saatelehed\/Moldiag_saatelehed\/ACMG_juhuleiud_V3_EST.pdf\" target=\"_blank\" rel=\"noreferrer noopener\">ACMG juhiste j\u00e4rgi raporteeritavate juhuleidude nimekiri<\/a><\/p>\n\n\n\n<p><\/p>\n","protected":false},"excerpt":{"rendered":"<p>Genoomi sekveneerimine ja interpretatsioon. Kogu genoomi sekveneerimise anal\u00fc\u00fcsi tellimiseks on vajalik t\u00e4ita j\u00e4rgmised dokumendid ja saata need koos materjaliga SA T\u00dcK geneetika ja personaalmeditsiini kliinikusse, Puusepa tn. 2, Tartu 50406. Infomaterjalid: ACMG juhiste j\u00e4rgi raporteeritavate juhuleidude nimekiri<\/p>\n","protected":false},"author":26,"featured_media":0,"parent":7232,"menu_order":0,"comment_status":"closed","ping_status":"closed","template":"","meta":{"_acf_changed":false,"_uag_custom_page_level_css":"","footnotes":""},"class_list":["post-10893","page","type-page","status-publish","hentry"],"acf":[],"yoast_head":"<!-- This site is optimized with the Yoast SEO plugin v27.3 - https:\/\/yoast.com\/product\/yoast-seo-wordpress\/ -->\n<title>Genoomi sekveneerimine ja interpretatsioon - Geneetika ja personaalmeditsiini kliinik<\/title>\n<meta name=\"robots\" content=\"index, follow, max-snippet:-1, max-image-preview:large, max-video-preview:-1\" \/>\n<link rel=\"canonical\" href=\"https:\/\/www.kliinikum.ee\/geneetika\/kolleegile\/tellimislehed\/genoomi-sekveneerimine-ja-interpretatsioon\/\" \/>\n<meta property=\"og:locale\" content=\"et_EE\" \/>\n<meta property=\"og:type\" content=\"article\" \/>\n<meta property=\"og:title\" content=\"Genoomi sekveneerimine ja interpretatsioon - Geneetika ja personaalmeditsiini kliinik\" \/>\n<meta property=\"og:description\" content=\"Genoomi sekveneerimine ja interpretatsioon. Kogu genoomi sekveneerimise anal\u00fc\u00fcsi tellimiseks on vajalik t\u00e4ita j\u00e4rgmised dokumendid ja saata need koos materjaliga SA T\u00dcK geneetika ja personaalmeditsiini kliinikusse, Puusepa tn. 2, Tartu 50406. Infomaterjalid: ACMG juhiste j\u00e4rgi raporteeritavate juhuleidude nimekiri\" \/>\n<meta property=\"og:url\" content=\"https:\/\/www.kliinikum.ee\/geneetika\/kolleegile\/tellimislehed\/genoomi-sekveneerimine-ja-interpretatsioon\/\" \/>\n<meta property=\"og:site_name\" content=\"Geneetika ja personaalmeditsiini kliinik\" \/>\n<meta property=\"article:modified_time\" content=\"2026-01-08T10:40:18+00:00\" \/>\n<meta name=\"twitter:card\" content=\"summary_large_image\" \/>\n<meta name=\"twitter:label1\" content=\"Est. reading time\" \/>\n\t<meta name=\"twitter:data1\" content=\"1 minut\" \/>\n<script type=\"application\/ld+json\" class=\"yoast-schema-graph\">{\"@context\":\"https:\\\/\\\/schema.org\",\"@graph\":[{\"@type\":\"WebPage\",\"@id\":\"https:\\\/\\\/www.kliinikum.ee\\\/geneetika\\\/kolleegile\\\/tellimislehed\\\/genoomi-sekveneerimine-ja-interpretatsioon\\\/\",\"url\":\"https:\\\/\\\/www.kliinikum.ee\\\/geneetika\\\/kolleegile\\\/tellimislehed\\\/genoomi-sekveneerimine-ja-interpretatsioon\\\/\",\"name\":\"Genoomi sekveneerimine ja interpretatsioon - Geneetika ja personaalmeditsiini kliinik\",\"isPartOf\":{\"@id\":\"https:\\\/\\\/www.kliinikum.ee\\\/geneetika\\\/#website\"},\"datePublished\":\"2023-08-22T09:21:33+00:00\",\"dateModified\":\"2026-01-08T10:40:18+00:00\",\"breadcrumb\":{\"@id\":\"https:\\\/\\\/www.kliinikum.ee\\\/geneetika\\\/kolleegile\\\/tellimislehed\\\/genoomi-sekveneerimine-ja-interpretatsioon\\\/#breadcrumb\"},\"inLanguage\":\"et\",\"potentialAction\":[{\"@type\":\"ReadAction\",\"target\":[\"https:\\\/\\\/www.kliinikum.ee\\\/geneetika\\\/kolleegile\\\/tellimislehed\\\/genoomi-sekveneerimine-ja-interpretatsioon\\\/\"]}]},{\"@type\":\"BreadcrumbList\",\"@id\":\"https:\\\/\\\/www.kliinikum.ee\\\/geneetika\\\/kolleegile\\\/tellimislehed\\\/genoomi-sekveneerimine-ja-interpretatsioon\\\/#breadcrumb\",\"itemListElement\":[{\"@type\":\"ListItem\",\"position\":1,\"name\":\"Kolleegile\",\"item\":\"https:\\\/\\\/www.kliinikum.ee\\\/geneetika\\\/kolleegile\\\/\"},{\"@type\":\"ListItem\",\"position\":2,\"name\":\"Tellimislehed\",\"item\":\"https:\\\/\\\/www.kliinikum.ee\\\/geneetika\\\/kolleegile\\\/tellimislehed\\\/\"},{\"@type\":\"ListItem\",\"position\":3,\"name\":\"Genoomi sekveneerimine ja interpretatsioon\"}]},{\"@type\":\"WebSite\",\"@id\":\"https:\\\/\\\/www.kliinikum.ee\\\/geneetika\\\/#website\",\"url\":\"https:\\\/\\\/www.kliinikum.ee\\\/geneetika\\\/\",\"name\":\"Geneetika ja personaalmeditsiini kliinik\",\"description\":\"Hoolivus, Uuendusmeelsus, P\u00e4devus ja Usaldusv\u00e4\u00e4rsus\",\"potentialAction\":[{\"@type\":\"SearchAction\",\"target\":{\"@type\":\"EntryPoint\",\"urlTemplate\":\"https:\\\/\\\/www.kliinikum.ee\\\/geneetika\\\/?s={search_term_string}\"},\"query-input\":{\"@type\":\"PropertyValueSpecification\",\"valueRequired\":true,\"valueName\":\"search_term_string\"}}],\"inLanguage\":\"et\"}]}<\/script>\n<!-- \/ Yoast SEO plugin. -->","yoast_head_json":{"title":"Genoomi sekveneerimine ja interpretatsioon - Geneetika ja personaalmeditsiini kliinik","robots":{"index":"index","follow":"follow","max-snippet":"max-snippet:-1","max-image-preview":"max-image-preview:large","max-video-preview":"max-video-preview:-1"},"canonical":"https:\/\/www.kliinikum.ee\/geneetika\/kolleegile\/tellimislehed\/genoomi-sekveneerimine-ja-interpretatsioon\/","og_locale":"et_EE","og_type":"article","og_title":"Genoomi sekveneerimine ja interpretatsioon - Geneetika ja personaalmeditsiini kliinik","og_description":"Genoomi sekveneerimine ja interpretatsioon. Kogu genoomi sekveneerimise anal\u00fc\u00fcsi tellimiseks on vajalik t\u00e4ita j\u00e4rgmised dokumendid ja saata need koos materjaliga SA T\u00dcK geneetika ja personaalmeditsiini kliinikusse, Puusepa tn. 2, Tartu 50406. Infomaterjalid: ACMG juhiste j\u00e4rgi raporteeritavate juhuleidude nimekiri","og_url":"https:\/\/www.kliinikum.ee\/geneetika\/kolleegile\/tellimislehed\/genoomi-sekveneerimine-ja-interpretatsioon\/","og_site_name":"Geneetika ja personaalmeditsiini kliinik","article_modified_time":"2026-01-08T10:40:18+00:00","twitter_card":"summary_large_image","twitter_misc":{"Est. reading time":"1 minut"},"schema":{"@context":"https:\/\/schema.org","@graph":[{"@type":"WebPage","@id":"https:\/\/www.kliinikum.ee\/geneetika\/kolleegile\/tellimislehed\/genoomi-sekveneerimine-ja-interpretatsioon\/","url":"https:\/\/www.kliinikum.ee\/geneetika\/kolleegile\/tellimislehed\/genoomi-sekveneerimine-ja-interpretatsioon\/","name":"Genoomi sekveneerimine ja interpretatsioon - Geneetika ja personaalmeditsiini kliinik","isPartOf":{"@id":"https:\/\/www.kliinikum.ee\/geneetika\/#website"},"datePublished":"2023-08-22T09:21:33+00:00","dateModified":"2026-01-08T10:40:18+00:00","breadcrumb":{"@id":"https:\/\/www.kliinikum.ee\/geneetika\/kolleegile\/tellimislehed\/genoomi-sekveneerimine-ja-interpretatsioon\/#breadcrumb"},"inLanguage":"et","potentialAction":[{"@type":"ReadAction","target":["https:\/\/www.kliinikum.ee\/geneetika\/kolleegile\/tellimislehed\/genoomi-sekveneerimine-ja-interpretatsioon\/"]}]},{"@type":"BreadcrumbList","@id":"https:\/\/www.kliinikum.ee\/geneetika\/kolleegile\/tellimislehed\/genoomi-sekveneerimine-ja-interpretatsioon\/#breadcrumb","itemListElement":[{"@type":"ListItem","position":1,"name":"Kolleegile","item":"https:\/\/www.kliinikum.ee\/geneetika\/kolleegile\/"},{"@type":"ListItem","position":2,"name":"Tellimislehed","item":"https:\/\/www.kliinikum.ee\/geneetika\/kolleegile\/tellimislehed\/"},{"@type":"ListItem","position":3,"name":"Genoomi sekveneerimine ja interpretatsioon"}]},{"@type":"WebSite","@id":"https:\/\/www.kliinikum.ee\/geneetika\/#website","url":"https:\/\/www.kliinikum.ee\/geneetika\/","name":"Geneetika ja personaalmeditsiini kliinik","description":"Hoolivus, Uuendusmeelsus, P\u00e4devus ja Usaldusv\u00e4\u00e4rsus","potentialAction":[{"@type":"SearchAction","target":{"@type":"EntryPoint","urlTemplate":"https:\/\/www.kliinikum.ee\/geneetika\/?s={search_term_string}"},"query-input":{"@type":"PropertyValueSpecification","valueRequired":true,"valueName":"search_term_string"}}],"inLanguage":"et"}]}},"uagb_featured_image_src":{"full":false,"thumbnail":false,"medium":false,"medium_large":false,"large":false,"1536x1536":false,"2048x2048":false},"uagb_author_info":{"display_name":"Tarmo Sulg","author_link":"https:\/\/www.kliinikum.ee\/geneetika\/author\/tarmos\/"},"uagb_comment_info":0,"uagb_excerpt":"Genoomi sekveneerimine ja interpretatsioon. Kogu genoomi sekveneerimise anal\u00fc\u00fcsi tellimiseks on vajalik t\u00e4ita j\u00e4rgmised dokumendid ja saata need koos materjaliga SA T\u00dcK geneetika ja personaalmeditsiini kliinikusse, Puusepa tn. 2, Tartu 50406. Infomaterjalid: ACMG juhiste j\u00e4rgi raporteeritavate juhuleidude nimekiri","_links":{"self":[{"href":"https:\/\/www.kliinikum.ee\/geneetika\/wp-json\/wp\/v2\/pages\/10893","targetHints":{"allow":["GET"]}}],"collection":[{"href":"https:\/\/www.kliinikum.ee\/geneetika\/wp-json\/wp\/v2\/pages"}],"about":[{"href":"https:\/\/www.kliinikum.ee\/geneetika\/wp-json\/wp\/v2\/types\/page"}],"author":[{"embeddable":true,"href":"https:\/\/www.kliinikum.ee\/geneetika\/wp-json\/wp\/v2\/users\/26"}],"replies":[{"embeddable":true,"href":"https:\/\/www.kliinikum.ee\/geneetika\/wp-json\/wp\/v2\/comments?post=10893"}],"version-history":[{"count":0,"href":"https:\/\/www.kliinikum.ee\/geneetika\/wp-json\/wp\/v2\/pages\/10893\/revisions"}],"up":[{"embeddable":true,"href":"https:\/\/www.kliinikum.ee\/geneetika\/wp-json\/wp\/v2\/pages\/7232"}],"wp:attachment":[{"href":"https:\/\/www.kliinikum.ee\/geneetika\/wp-json\/wp\/v2\/media?parent=10893"}],"curies":[{"name":"wp","href":"https:\/\/api.w.org\/{rel}","templated":true}]}}