{"id":11744,"date":"2025-05-13T09:36:40","date_gmt":"2025-05-13T07:36:40","guid":{"rendered":"https:\/\/www.kliinikum.ee\/geneetika\/?page_id=11744"},"modified":"2025-05-13T09:56:55","modified_gmt":"2025-05-13T07:56:55","slug":"analuuside-ringlusajad","status":"publish","type":"page","link":"https:\/\/www.kliinikum.ee\/geneetika\/kolleegile\/analuuside-ringlusajad\/","title":{"rendered":"Anal\u00fc\u00fcside ringlusajad"},"content":{"rendered":"\n<p>Anal\u00fc\u00fcside ringlusajad on leitavad \u00fchendlabori kodulehelt.\u00a0\u00a0<br><i class=\"fas fa-arrow-right\"><\/i><a href=\"https:\/\/www.kliinikum.ee\/yhendlabor\/analuusid\/analuuside-ringlusajad\/\" target=\"_blank\" rel=\"noreferrer noopener\"> \u00dchendlabori koduleht<\/a><\/p>\n\n\n\n<p><\/p>\n","protected":false},"excerpt":{"rendered":"<p>Anal\u00fc\u00fcside ringlusajad on leitavad \u00fchendlabori kodulehelt.\u00a0\u00a0 \u00dchendlabori koduleht<\/p>\n","protected":false},"author":38,"featured_media":0,"parent":6651,"menu_order":5,"comment_status":"closed","ping_status":"closed","template":"","meta":{"_acf_changed":false,"_uag_custom_page_level_css":"","footnotes":""},"class_list":["post-11744","page","type-page","status-publish","hentry"],"acf":[],"yoast_head":"<!-- This site is optimized with the Yoast SEO plugin v27.3 - https:\/\/yoast.com\/product\/yoast-seo-wordpress\/ -->\n<title>Anal\u00fc\u00fcside ringlusajad - Geneetika ja personaalmeditsiini kliinik<\/title>\n<meta name=\"robots\" content=\"index, follow, max-snippet:-1, max-image-preview:large, max-video-preview:-1\" \/>\n<link rel=\"canonical\" href=\"https:\/\/www.kliinikum.ee\/geneetika\/kolleegile\/analuuside-ringlusajad\/\" \/>\n<meta property=\"og:locale\" content=\"et_EE\" \/>\n<meta property=\"og:type\" content=\"article\" \/>\n<meta property=\"og:title\" content=\"Anal\u00fc\u00fcside ringlusajad - Geneetika ja personaalmeditsiini kliinik\" \/>\n<meta property=\"og:description\" content=\"Anal\u00fc\u00fcside ringlusajad on leitavad \u00fchendlabori kodulehelt.\u00a0\u00a0 \u00dchendlabori koduleht\" \/>\n<meta property=\"og:url\" content=\"https:\/\/www.kliinikum.ee\/geneetika\/kolleegile\/analuuside-ringlusajad\/\" \/>\n<meta property=\"og:site_name\" content=\"Geneetika ja personaalmeditsiini kliinik\" \/>\n<meta property=\"article:modified_time\" content=\"2025-05-13T07:56:55+00:00\" \/>\n<meta name=\"twitter:card\" content=\"summary_large_image\" \/>\n<meta name=\"twitter:label1\" content=\"Est. reading time\" \/>\n\t<meta name=\"twitter:data1\" content=\"1 minut\" \/>\n<script type=\"application\/ld+json\" class=\"yoast-schema-graph\">{\"@context\":\"https:\\\/\\\/schema.org\",\"@graph\":[{\"@type\":\"WebPage\",\"@id\":\"https:\\\/\\\/www.kliinikum.ee\\\/geneetika\\\/kolleegile\\\/analuuside-ringlusajad\\\/\",\"url\":\"https:\\\/\\\/www.kliinikum.ee\\\/geneetika\\\/kolleegile\\\/analuuside-ringlusajad\\\/\",\"name\":\"Anal\u00fc\u00fcside ringlusajad - Geneetika ja personaalmeditsiini kliinik\",\"isPartOf\":{\"@id\":\"https:\\\/\\\/www.kliinikum.ee\\\/geneetika\\\/#website\"},\"datePublished\":\"2025-05-13T07:36:40+00:00\",\"dateModified\":\"2025-05-13T07:56:55+00:00\",\"breadcrumb\":{\"@id\":\"https:\\\/\\\/www.kliinikum.ee\\\/geneetika\\\/kolleegile\\\/analuuside-ringlusajad\\\/#breadcrumb\"},\"inLanguage\":\"et\",\"potentialAction\":[{\"@type\":\"ReadAction\",\"target\":[\"https:\\\/\\\/www.kliinikum.ee\\\/geneetika\\\/kolleegile\\\/analuuside-ringlusajad\\\/\"]}]},{\"@type\":\"BreadcrumbList\",\"@id\":\"https:\\\/\\\/www.kliinikum.ee\\\/geneetika\\\/kolleegile\\\/analuuside-ringlusajad\\\/#breadcrumb\",\"itemListElement\":[{\"@type\":\"ListItem\",\"position\":1,\"name\":\"Kolleegile\",\"item\":\"https:\\\/\\\/www.kliinikum.ee\\\/geneetika\\\/kolleegile\\\/\"},{\"@type\":\"ListItem\",\"position\":2,\"name\":\"Anal\u00fc\u00fcside ringlusajad\"}]},{\"@type\":\"WebSite\",\"@id\":\"https:\\\/\\\/www.kliinikum.ee\\\/geneetika\\\/#website\",\"url\":\"https:\\\/\\\/www.kliinikum.ee\\\/geneetika\\\/\",\"name\":\"Geneetika ja personaalmeditsiini kliinik\",\"description\":\"Hoolivus, Uuendusmeelsus, P\u00e4devus ja Usaldusv\u00e4\u00e4rsus\",\"potentialAction\":[{\"@type\":\"SearchAction\",\"target\":{\"@type\":\"EntryPoint\",\"urlTemplate\":\"https:\\\/\\\/www.kliinikum.ee\\\/geneetika\\\/?s={search_term_string}\"},\"query-input\":{\"@type\":\"PropertyValueSpecification\",\"valueRequired\":true,\"valueName\":\"search_term_string\"}}],\"inLanguage\":\"et\"}]}<\/script>\n<!-- \/ Yoast SEO plugin. -->","yoast_head_json":{"title":"Anal\u00fc\u00fcside ringlusajad - Geneetika ja personaalmeditsiini kliinik","robots":{"index":"index","follow":"follow","max-snippet":"max-snippet:-1","max-image-preview":"max-image-preview:large","max-video-preview":"max-video-preview:-1"},"canonical":"https:\/\/www.kliinikum.ee\/geneetika\/kolleegile\/analuuside-ringlusajad\/","og_locale":"et_EE","og_type":"article","og_title":"Anal\u00fc\u00fcside ringlusajad - Geneetika ja personaalmeditsiini kliinik","og_description":"Anal\u00fc\u00fcside ringlusajad on leitavad \u00fchendlabori kodulehelt.\u00a0\u00a0 \u00dchendlabori koduleht","og_url":"https:\/\/www.kliinikum.ee\/geneetika\/kolleegile\/analuuside-ringlusajad\/","og_site_name":"Geneetika ja personaalmeditsiini kliinik","article_modified_time":"2025-05-13T07:56:55+00:00","twitter_card":"summary_large_image","twitter_misc":{"Est. reading time":"1 minut"},"schema":{"@context":"https:\/\/schema.org","@graph":[{"@type":"WebPage","@id":"https:\/\/www.kliinikum.ee\/geneetika\/kolleegile\/analuuside-ringlusajad\/","url":"https:\/\/www.kliinikum.ee\/geneetika\/kolleegile\/analuuside-ringlusajad\/","name":"Anal\u00fc\u00fcside ringlusajad - Geneetika ja personaalmeditsiini kliinik","isPartOf":{"@id":"https:\/\/www.kliinikum.ee\/geneetika\/#website"},"datePublished":"2025-05-13T07:36:40+00:00","dateModified":"2025-05-13T07:56:55+00:00","breadcrumb":{"@id":"https:\/\/www.kliinikum.ee\/geneetika\/kolleegile\/analuuside-ringlusajad\/#breadcrumb"},"inLanguage":"et","potentialAction":[{"@type":"ReadAction","target":["https:\/\/www.kliinikum.ee\/geneetika\/kolleegile\/analuuside-ringlusajad\/"]}]},{"@type":"BreadcrumbList","@id":"https:\/\/www.kliinikum.ee\/geneetika\/kolleegile\/analuuside-ringlusajad\/#breadcrumb","itemListElement":[{"@type":"ListItem","position":1,"name":"Kolleegile","item":"https:\/\/www.kliinikum.ee\/geneetika\/kolleegile\/"},{"@type":"ListItem","position":2,"name":"Anal\u00fc\u00fcside ringlusajad"}]},{"@type":"WebSite","@id":"https:\/\/www.kliinikum.ee\/geneetika\/#website","url":"https:\/\/www.kliinikum.ee\/geneetika\/","name":"Geneetika ja personaalmeditsiini kliinik","description":"Hoolivus, Uuendusmeelsus, P\u00e4devus ja Usaldusv\u00e4\u00e4rsus","potentialAction":[{"@type":"SearchAction","target":{"@type":"EntryPoint","urlTemplate":"https:\/\/www.kliinikum.ee\/geneetika\/?s={search_term_string}"},"query-input":{"@type":"PropertyValueSpecification","valueRequired":true,"valueName":"search_term_string"}}],"inLanguage":"et"}]}},"uagb_featured_image_src":{"full":false,"thumbnail":false,"medium":false,"medium_large":false,"large":false,"1536x1536":false,"2048x2048":false},"uagb_author_info":{"display_name":"Marge Kask","author_link":"https:\/\/www.kliinikum.ee\/geneetika\/author\/margekask\/"},"uagb_comment_info":0,"uagb_excerpt":"Anal\u00fc\u00fcside ringlusajad on leitavad \u00fchendlabori kodulehelt.\u00a0\u00a0 \u00dchendlabori koduleht","_links":{"self":[{"href":"https:\/\/www.kliinikum.ee\/geneetika\/wp-json\/wp\/v2\/pages\/11744","targetHints":{"allow":["GET"]}}],"collection":[{"href":"https:\/\/www.kliinikum.ee\/geneetika\/wp-json\/wp\/v2\/pages"}],"about":[{"href":"https:\/\/www.kliinikum.ee\/geneetika\/wp-json\/wp\/v2\/types\/page"}],"author":[{"embeddable":true,"href":"https:\/\/www.kliinikum.ee\/geneetika\/wp-json\/wp\/v2\/users\/38"}],"replies":[{"embeddable":true,"href":"https:\/\/www.kliinikum.ee\/geneetika\/wp-json\/wp\/v2\/comments?post=11744"}],"version-history":[{"count":0,"href":"https:\/\/www.kliinikum.ee\/geneetika\/wp-json\/wp\/v2\/pages\/11744\/revisions"}],"up":[{"embeddable":true,"href":"https:\/\/www.kliinikum.ee\/geneetika\/wp-json\/wp\/v2\/pages\/6651"}],"wp:attachment":[{"href":"https:\/\/www.kliinikum.ee\/geneetika\/wp-json\/wp\/v2\/media?parent=11744"}],"curies":[{"name":"wp","href":"https:\/\/api.w.org\/{rel}","templated":true}]}}