{"id":7212,"date":"2023-03-21T12:26:56","date_gmt":"2023-03-21T10:26:56","guid":{"rendered":"https:\/\/www.kliinikum.ee\/geneetika\/?page_id=7212"},"modified":"2025-11-06T08:55:16","modified_gmt":"2025-11-06T06:55:16","slug":"kuidas-tulla","status":"publish","type":"page","link":"https:\/\/www.kliinikum.ee\/geneetika\/patsiendile\/kuidas-tulla\/","title":{"rendered":"Kuidas tulla"},"content":{"rendered":"\n<div class=\"wp-block-columns is-layout-flex wp-container-core-columns-is-layout-28f84493 wp-block-columns-is-layout-flex\">\n<div class=\"wp-block-column is-layout-flow wp-block-column-is-layout-flow\">\n<h2 class=\"wp-block-heading\">TARTU<\/h2>\n\n\n\n<figure class=\"wp-block-image size-full is-resized\"><img loading=\"lazy\" decoding=\"async\" width=\"1000\" height=\"563\" src=\"https:\/\/www.kliinikum.ee\/geneetika\/wp-content\/uploads\/2023\/03\/fassaad_Puusepa-2-edited.jpg\" alt=\"\" class=\"wp-image-7311\" style=\"width:370px;height:230px\" srcset=\"https:\/\/www.kliinikum.ee\/geneetika\/wp-content\/uploads\/2023\/03\/fassaad_Puusepa-2-edited.jpg 1000w, https:\/\/www.kliinikum.ee\/geneetika\/wp-content\/uploads\/2023\/03\/fassaad_Puusepa-2-edited-300x169.jpg 300w, https:\/\/www.kliinikum.ee\/geneetika\/wp-content\/uploads\/2023\/03\/fassaad_Puusepa-2-edited-768x432.jpg 768w\" sizes=\"auto, (max-width: 1000px) 100vw, 1000px\" \/><figcaption class=\"wp-element-caption\"><sup><sub>Foto Andres Tennus\/Tartu \u00dclikool<\/sub><\/sup><\/figcaption><\/figure>\n\n\n\n<p>Meditsiinigeneetiku vastuv\u00f5tt Tartus asub aadressil&nbsp;<a href=\"https:\/\/www.google.ee\/maps\/place\/SA+T%C3%9C+Kliinikum+%C3%9Chendlabor+Geneetikakeskus\/@58.3671629,26.7003714,17z\/data=!3m1!4b1!4m5!3m4!1s0x46eb3719ef643d27:0x21a1a17b41e733d6!8m2!3d58.3671601!4d26.7025654?hl=et\" target=\"_blank\" rel=\"noreferrer noopener\">L.Puusepa 2<\/a>, I korrusel. Vastuv\u00f5tud toimuvad eesti keeles.<br><\/p>\n\n\n\n<p>Oleme avatud E-R 8.00-16.00<\/p>\n\n\n\n<p>Registratuur\/sekret\u00e4r: <a href=\"call:+3727319491\">731 9491<\/a><\/p>\n\n\n\n<p>Ratastooli v\u00f5i vankriga saab siseneda maja paremalt k\u00fcljelt, helistades ukse avamiseks numbrile <a href=\"Call:+3727319494\">731 9494<\/a>.&nbsp;<\/p>\n\n\n\n<p>Maja \u00fcmbruses on&nbsp;<a href=\"https:\/\/www.kliinikum.ee\/patsiendile\/parkimine\/\" target=\"_blank\" rel=\"noreferrer noopener\">parkimine tasuline<\/a>.&nbsp;Puudega inimese s\u00f5iduki parkimine invakaardiga tasuta.<\/p>\n\n\n\n<p>T\u00e4psemalt&nbsp;<a href=\"https:\/\/tartu.ee\/et\/parkimine\" target=\"_blank\" rel=\"noreferrer noopener\">parkimiskorraldusest Tartus<\/a>.<\/p>\n\n\n\n<p><a href=\"https:\/\/www.kliinikum.ee\/patsiendile\/majainfo\/maarjamoisa-meditsiinilinnak\/\" target=\"_blank\" rel=\"noreferrer noopener\">Maarjam\u00f5isa meditsiinilinnaku kaart<\/a><\/p>\n\n\n\n<div style=\"height:22px\" aria-hidden=\"true\" class=\"wp-block-spacer\"><\/div>\n\n\n\n<h3 class=\"wp-block-heading\">\u00dchistransport<\/h3>\n\n\n\n<p>Leia sobivaim transpordiviis lehelt&nbsp;<a href=\"https:\/\/web.peatus.ee\/pysakit\/estonia%3A26085\" target=\"_blank\" rel=\"noreferrer noopener\">peatus.ee<\/a><\/p>\n\n\n\n<p>L\u00e4himad bussipeatused:<\/p>\n\n\n\n<ul class=\"wp-block-list\">\n<li>Kaare&nbsp;bussipeatus (Riia tn)&nbsp;<\/li>\n\n\n\n<li>Puusepa bussipeatus (Ludvig Puusepa tn)<\/li>\n\n\n\n<li>Kesk-kaar<\/li>\n\n\n\n<li>Polikliiniku<\/li>\n<\/ul>\n\n\n\n<p>Bussid: 1,2,8,10,11,12; n\u00f5udepeatus mitmetel maakonnaliinidel.<\/p>\n\n\n\n<iframe src=\"https:\/\/www.google.com\/maps\/embed?pb=!1m18!1m12!1m3!1d2092.555971410078!2d26.702565500000002!3d58.3671601!2m3!1f0!2f0!3f0!3m2!1i1024!2i768!4f13.1!3m3!1m2!1s0x46eb3719ef643d27%3A0x21a1a17b41e733d6!2sSA%20T%C3%9C%20Kliinikum%20%C3%9Chendlabor%20Geneetikakeskus!5e0!3m2!1set!2see!4v1679572516378!5m2!1set!2see\" width=\"400\" height=\"300\" style=\"border:0;\" allowfullscreen=\"\" loading=\"lazy\" referrerpolicy=\"no-referrer-when-downgrade\"><\/iframe>\n<\/div>\n\n\n\n<div class=\"wp-block-column is-layout-flow wp-block-column-is-layout-flow\">\n<h2 class=\"wp-block-heading\">TALLINN<\/h2>\n\n\n\n<figure class=\"wp-block-image size-full is-resized\"><img loading=\"lazy\" decoding=\"async\" width=\"1620\" height=\"1080\" src=\"https:\/\/www.kliinikum.ee\/geneetika\/wp-content\/uploads\/2024\/03\/shotby-marekmetslaid-mmp6516-1-1620x1080-1.jpg\" alt=\"\" class=\"wp-image-11570\" style=\"width:370px;height:230px\" srcset=\"https:\/\/www.kliinikum.ee\/geneetika\/wp-content\/uploads\/2024\/03\/shotby-marekmetslaid-mmp6516-1-1620x1080-1.jpg 1620w, https:\/\/www.kliinikum.ee\/geneetika\/wp-content\/uploads\/2024\/03\/shotby-marekmetslaid-mmp6516-1-1620x1080-1-300x200.jpg 300w, https:\/\/www.kliinikum.ee\/geneetika\/wp-content\/uploads\/2024\/03\/shotby-marekmetslaid-mmp6516-1-1620x1080-1-1024x683.jpg 1024w, https:\/\/www.kliinikum.ee\/geneetika\/wp-content\/uploads\/2024\/03\/shotby-marekmetslaid-mmp6516-1-1620x1080-1-768x512.jpg 768w, https:\/\/www.kliinikum.ee\/geneetika\/wp-content\/uploads\/2024\/03\/shotby-marekmetslaid-mmp6516-1-1620x1080-1-1536x1024.jpg 1536w\" sizes=\"auto, (max-width: 1620px) 100vw, 1620px\" \/><figcaption class=\"wp-element-caption\"><sup><sub>Foto Marek Metslaid\/ulemistecity.ee<\/sub><\/sup><\/figcaption><\/figure>\n\n\n\n<p>Meditsiinigeneetiku vastuv\u00f5tt Tallinnas asub \u00dclemiste Tervisemaja 2, aadressil <a href=\"https:\/\/www.google.ee\/maps\/place\/Hariduse+6,+10119+Tallinn\/@59.4306233,24.7392953,17z\/data=!3m1!4b1!4m5!3m4!1s0x4692949eacec9f23:0xcef837d4b9940369!8m2!3d59.4306206!4d24.7414893?hl=et\" target=\"_blank\" rel=\"noreferrer noopener\">Sepapaja12\/1<\/a>,&nbsp;VI korrusel. Vastuv\u00f5tud toimuvad eesti keeles.<\/p>\n\n\n\n<p>Oleme avatud E-R 8.00-16.00<\/p>\n\n\n\n<p><strong>Verev\u00f5tt<\/strong> VI korrusel, ruumis 01.044 (j\u00e4rgida silte)<br>Esmasp\u00e4ev: 11.00-15.00<br>Teisip\u00e4ev-reede: 08.00-15.00<\/p>\n\n\n\n<p>Registratuur\/sekret\u00e4r: <a href=\"call:+3727319170\">731 9170<\/a><\/p>\n\n\n\n<p>Maja \u00fcmbruses on registreerimisega&nbsp;<a href=\"https:\/\/www.ulemistetervisemaja.ee\/kontakt\/\" target=\"_blank\" rel=\"noreferrer noopener\">parkimine kuni 2 tundi tasuta<\/a>.&nbsp;<\/p>\n\n\n\n<div class=\"wp-block-uagb-separator uagb-block-8a7f60ab is-style-dots\"><div class=\"wp-block-uagb-separator__inner\" style=\"--my-background-image:\"><\/div><\/div>\n\n\n\n<div style=\"height:95px\" aria-hidden=\"true\" class=\"wp-block-spacer\"><\/div>\n\n\n\n<h3 class=\"wp-block-heading\">\u00dchistransport<\/h3>\n\n\n\n<p>Leia sobivaim transpordiviis <a href=\"https:\/\/web.peatus.ee\/pysakit\/estonia%3A1333\" target=\"_blank\" rel=\"noreferrer noopener\">Tallinna \u00fchistranspordi<\/a> lehelt.<\/p>\n\n\n\n<ul class=\"wp-block-list\">\n<li>Bussid: 7, 15, 45, 49, 64, 65<\/li>\n<\/ul>\n\n\n\n<iframe src=\"https:\/\/www.google.com\/maps\/embed?pb=!1m18!1m12!1m3!1d8118.662498834146!2d24.783008226467373!3d59.42197251435974!2m3!1f0!2f0!3f0!3m2!1i1024!2i768!4f13.1!3m3!1m2!1s0x4692eb567b05e9f1%3A0xfcbede7d54df19be!2sSepapaja%2012-1%2C%2011415%20Tallinn!5e0!3m2!1set!2see!4v1735806064100!5m2!1set!2see\" width=\"400\" height=\"300\" style=\"border:0;\" allowfullscreen=\"\" loading=\"lazy\" referrerpolicy=\"no-referrer-when-downgrade\"><\/iframe>\n<\/div>\n<\/div>\n","protected":false},"excerpt":{"rendered":"","protected":false},"author":30,"featured_media":0,"parent":15,"menu_order":2,"comment_status":"closed","ping_status":"closed","template":"","meta":{"_acf_changed":false,"_uag_custom_page_level_css":"","footnotes":""},"class_list":["post-7212","page","type-page","status-publish","hentry"],"acf":[],"yoast_head":"<!-- This site is optimized with the Yoast SEO plugin v27.3 - https:\/\/yoast.com\/product\/yoast-seo-wordpress\/ -->\n<title>Kuidas tulla - Geneetika ja personaalmeditsiini kliinik<\/title>\n<meta name=\"robots\" content=\"index, follow, max-snippet:-1, max-image-preview:large, max-video-preview:-1\" \/>\n<link rel=\"canonical\" href=\"https:\/\/www.kliinikum.ee\/geneetika\/patsiendile\/kuidas-tulla\/\" \/>\n<meta property=\"og:locale\" content=\"et_EE\" \/>\n<meta property=\"og:type\" content=\"article\" \/>\n<meta property=\"og:title\" content=\"Kuidas tulla - Geneetika ja personaalmeditsiini kliinik\" \/>\n<meta property=\"og:url\" content=\"https:\/\/www.kliinikum.ee\/geneetika\/patsiendile\/kuidas-tulla\/\" \/>\n<meta property=\"og:site_name\" content=\"Geneetika ja personaalmeditsiini kliinik\" \/>\n<meta property=\"article:modified_time\" content=\"2025-11-06T06:55:16+00:00\" \/>\n<meta name=\"twitter:card\" content=\"summary_large_image\" \/>\n<meta name=\"twitter:label1\" content=\"Est. reading time\" \/>\n\t<meta name=\"twitter:data1\" content=\"2 minutit\" \/>\n<script type=\"application\/ld+json\" class=\"yoast-schema-graph\">{\"@context\":\"https:\\\/\\\/schema.org\",\"@graph\":[{\"@type\":\"WebPage\",\"@id\":\"https:\\\/\\\/www.kliinikum.ee\\\/geneetika\\\/patsiendile\\\/kuidas-tulla\\\/\",\"url\":\"https:\\\/\\\/www.kliinikum.ee\\\/geneetika\\\/patsiendile\\\/kuidas-tulla\\\/\",\"name\":\"Kuidas tulla - Geneetika ja personaalmeditsiini kliinik\",\"isPartOf\":{\"@id\":\"https:\\\/\\\/www.kliinikum.ee\\\/geneetika\\\/#website\"},\"datePublished\":\"2023-03-21T10:26:56+00:00\",\"dateModified\":\"2025-11-06T06:55:16+00:00\",\"breadcrumb\":{\"@id\":\"https:\\\/\\\/www.kliinikum.ee\\\/geneetika\\\/patsiendile\\\/kuidas-tulla\\\/#breadcrumb\"},\"inLanguage\":\"et\",\"potentialAction\":[{\"@type\":\"ReadAction\",\"target\":[\"https:\\\/\\\/www.kliinikum.ee\\\/geneetika\\\/patsiendile\\\/kuidas-tulla\\\/\"]}]},{\"@type\":\"BreadcrumbList\",\"@id\":\"https:\\\/\\\/www.kliinikum.ee\\\/geneetika\\\/patsiendile\\\/kuidas-tulla\\\/#breadcrumb\",\"itemListElement\":[{\"@type\":\"ListItem\",\"position\":1,\"name\":\"Patsiendile\",\"item\":\"https:\\\/\\\/www.kliinikum.ee\\\/geneetika\\\/patsiendile\\\/\"},{\"@type\":\"ListItem\",\"position\":2,\"name\":\"Kuidas tulla\"}]},{\"@type\":\"WebSite\",\"@id\":\"https:\\\/\\\/www.kliinikum.ee\\\/geneetika\\\/#website\",\"url\":\"https:\\\/\\\/www.kliinikum.ee\\\/geneetika\\\/\",\"name\":\"Geneetika ja personaalmeditsiini kliinik\",\"description\":\"Hoolivus, Uuendusmeelsus, P\u00e4devus ja Usaldusv\u00e4\u00e4rsus\",\"potentialAction\":[{\"@type\":\"SearchAction\",\"target\":{\"@type\":\"EntryPoint\",\"urlTemplate\":\"https:\\\/\\\/www.kliinikum.ee\\\/geneetika\\\/?s={search_term_string}\"},\"query-input\":{\"@type\":\"PropertyValueSpecification\",\"valueRequired\":true,\"valueName\":\"search_term_string\"}}],\"inLanguage\":\"et\"}]}<\/script>\n<!-- \/ Yoast SEO plugin. -->","yoast_head_json":{"title":"Kuidas tulla - Geneetika ja personaalmeditsiini kliinik","robots":{"index":"index","follow":"follow","max-snippet":"max-snippet:-1","max-image-preview":"max-image-preview:large","max-video-preview":"max-video-preview:-1"},"canonical":"https:\/\/www.kliinikum.ee\/geneetika\/patsiendile\/kuidas-tulla\/","og_locale":"et_EE","og_type":"article","og_title":"Kuidas tulla - Geneetika ja personaalmeditsiini kliinik","og_url":"https:\/\/www.kliinikum.ee\/geneetika\/patsiendile\/kuidas-tulla\/","og_site_name":"Geneetika ja personaalmeditsiini kliinik","article_modified_time":"2025-11-06T06:55:16+00:00","twitter_card":"summary_large_image","twitter_misc":{"Est. reading time":"2 minutit"},"schema":{"@context":"https:\/\/schema.org","@graph":[{"@type":"WebPage","@id":"https:\/\/www.kliinikum.ee\/geneetika\/patsiendile\/kuidas-tulla\/","url":"https:\/\/www.kliinikum.ee\/geneetika\/patsiendile\/kuidas-tulla\/","name":"Kuidas tulla - Geneetika ja personaalmeditsiini kliinik","isPartOf":{"@id":"https:\/\/www.kliinikum.ee\/geneetika\/#website"},"datePublished":"2023-03-21T10:26:56+00:00","dateModified":"2025-11-06T06:55:16+00:00","breadcrumb":{"@id":"https:\/\/www.kliinikum.ee\/geneetika\/patsiendile\/kuidas-tulla\/#breadcrumb"},"inLanguage":"et","potentialAction":[{"@type":"ReadAction","target":["https:\/\/www.kliinikum.ee\/geneetika\/patsiendile\/kuidas-tulla\/"]}]},{"@type":"BreadcrumbList","@id":"https:\/\/www.kliinikum.ee\/geneetika\/patsiendile\/kuidas-tulla\/#breadcrumb","itemListElement":[{"@type":"ListItem","position":1,"name":"Patsiendile","item":"https:\/\/www.kliinikum.ee\/geneetika\/patsiendile\/"},{"@type":"ListItem","position":2,"name":"Kuidas tulla"}]},{"@type":"WebSite","@id":"https:\/\/www.kliinikum.ee\/geneetika\/#website","url":"https:\/\/www.kliinikum.ee\/geneetika\/","name":"Geneetika ja personaalmeditsiini kliinik","description":"Hoolivus, Uuendusmeelsus, P\u00e4devus ja Usaldusv\u00e4\u00e4rsus","potentialAction":[{"@type":"SearchAction","target":{"@type":"EntryPoint","urlTemplate":"https:\/\/www.kliinikum.ee\/geneetika\/?s={search_term_string}"},"query-input":{"@type":"PropertyValueSpecification","valueRequired":true,"valueName":"search_term_string"}}],"inLanguage":"et"}]}},"uagb_featured_image_src":{"full":false,"thumbnail":false,"medium":false,"medium_large":false,"large":false,"1536x1536":false,"2048x2048":false},"uagb_author_info":{"display_name":"K\u00fclli Kevv\u00e4i","author_link":"https:\/\/www.kliinikum.ee\/geneetika\/author\/kyllikev\/"},"uagb_comment_info":0,"uagb_excerpt":null,"_links":{"self":[{"href":"https:\/\/www.kliinikum.ee\/geneetika\/wp-json\/wp\/v2\/pages\/7212","targetHints":{"allow":["GET"]}}],"collection":[{"href":"https:\/\/www.kliinikum.ee\/geneetika\/wp-json\/wp\/v2\/pages"}],"about":[{"href":"https:\/\/www.kliinikum.ee\/geneetika\/wp-json\/wp\/v2\/types\/page"}],"author":[{"embeddable":true,"href":"https:\/\/www.kliinikum.ee\/geneetika\/wp-json\/wp\/v2\/users\/30"}],"replies":[{"embeddable":true,"href":"https:\/\/www.kliinikum.ee\/geneetika\/wp-json\/wp\/v2\/comments?post=7212"}],"version-history":[{"count":0,"href":"https:\/\/www.kliinikum.ee\/geneetika\/wp-json\/wp\/v2\/pages\/7212\/revisions"}],"up":[{"embeddable":true,"href":"https:\/\/www.kliinikum.ee\/geneetika\/wp-json\/wp\/v2\/pages\/15"}],"wp:attachment":[{"href":"https:\/\/www.kliinikum.ee\/geneetika\/wp-json\/wp\/v2\/media?parent=7212"}],"curies":[{"name":"wp","href":"https:\/\/api.w.org\/{rel}","templated":true}]}}