{"id":7218,"date":"2023-03-21T12:29:29","date_gmt":"2023-03-21T10:29:29","guid":{"rendered":"https:\/\/www.kliinikum.ee\/geneetika\/?page_id=7218"},"modified":"2025-09-16T11:28:56","modified_gmt":"2025-09-16T09:28:56","slug":"infomaterjalid","status":"publish","type":"page","link":"https:\/\/www.kliinikum.ee\/geneetika\/patsiendile\/infomaterjalid\/","title":{"rendered":"Infomaterjalid patsiendile"},"content":{"rendered":"\n<div class=\"wp-block-group has-global-padding\"><div class=\"wp-block-group__inner-container is-layout-constrained wp-block-group-is-layout-constrained\">\n<p><i class=\"fas fa-arrow-right\"><\/i> <a href=\"https:\/\/www.kliinikum.ee\/geneetika\/infomaterjalid\/patsiendile\/sunnieelne-diagnostika\/\">Rasedate s\u00f5eluuring ja s\u00fcnnieelne diagnostika<\/a><br><i class=\"fas fa-arrow-right\"><\/i> <a href=\"https:\/\/www.kliinikum.ee\/geneetika\/infomaterjalid-2\/amniotsentees-ja-koorionibiopsia\/\">Amniotsentees ja koorionibiopsia<\/a><\/p>\n\n\n\n<p><i class=\"fas fa-arrow-right\"><\/i> <a href=\"https:\/\/www.kliinikum.ee\/geneetika\/patsiendile\/vastsundinute-soeluuring\/\">Vasts\u00fcndinute s\u00f5eluuring<\/a><\/p>\n\n\n\n<p><i class=\"fas fa-arrow-right\"><\/i> <a href=\"https:\/\/www.kliinikum.ee\/geneetika\/kliinikust\/laboratoorse-geneetika-osakond\/tsutogeneetika-labor\/kromosoomhaigused\/\">Kromosoomhaigused<\/a><\/p>\n\n\n\n<p><i class=\"fas fa-arrow-right\"><\/i> <a href=\"https:\/\/www.kliinikum.ee\/geneetika\/infomaterjalid\/onkogeneetika\/\">Onkogeneetika<\/a><br><i class=\"fas fa-arrow-right\"><\/i> <a href=\"https:\/\/www.kliinikum.ee\/geneetika\/wp-content\/uploads\/2026\/02\/JKL-165_Pariliku_rinna-_ja_munasarjavahi_kasitlusjuhend_05.pdf\">P\u00e4riliku rinna- ja munasarjav\u00e4higa patsientide geneetilise konsulteerimise ja j\u00e4lgimise juhend<\/a><\/p>\n\n\n\n<p><i class=\"fas fa-arrow-right\"><\/i> Harvikhaiguste infolehed <a href=\"https:\/\/www.kliinikum.ee\/harvikhaigused\/infomaterjalid\" target=\"_blank\" rel=\"noreferrer noopener\">Harvikhaiguste kompetentsikeskuses.<\/a><\/p>\n\n\n\n<div style=\"height:40px\" aria-hidden=\"true\" class=\"wp-block-spacer\"><\/div>\n\n\n\n<p><i class=\"fas fa-arrow-right\"><\/i> <a href=\"https:\/\/www.kliinikum.ee\/yhendlabor\/kasiraamat\/\" target=\"_blank\" rel=\"noreferrer noopener\">Anal\u00fc\u00fcside nimekiri<\/a><br>Oleme tihedalt seotud Kliinikumi \u00fchendlaboriga. K\u00f5ik anal\u00fc\u00fcside infomaterjalid on koondatud T\u00dcK \u00dchendlabori k\u00e4siraamatusse. <\/p>\n\n\n\n<div style=\"height:40px\" aria-hidden=\"true\" class=\"wp-block-spacer\"><\/div>\n\n\n\n<p>Tr\u00fckis <a href=\"https:\/\/www.kliinikum.ee\/wp-content\/uploads\/2019\/12\/minu_eriline_laps.pdf\" target=\"_blank\" rel=\"noreferrer noopener\">\"Minu eriline laps- vastuseid k\u00fcsimustele\"<\/a><\/p>\n\n\n\n<p class=\"has-text-align-right\">Viimati uuendatud:<\/p>\n\n\n<div class=\"has-text-align-right wp-block-post-date__modified-date wp-block-post-date\"><time datetime=\"2025-09-16T11:28:56+02:00\">16. sept. 2025<\/time><\/div><\/div><\/div>\n","protected":false},"excerpt":{"rendered":"","protected":false},"author":36,"featured_media":0,"parent":15,"menu_order":5,"comment_status":"closed","ping_status":"closed","template":"","meta":{"_acf_changed":false,"_uag_custom_page_level_css":"","footnotes":""},"class_list":["post-7218","page","type-page","status-publish","hentry"],"acf":[],"yoast_head":"<!-- This site is optimized with the Yoast SEO plugin v27.3 - https:\/\/yoast.com\/product\/yoast-seo-wordpress\/ -->\n<title>Infomaterjalid patsiendile - Geneetika ja personaalmeditsiini kliinik<\/title>\n<meta name=\"robots\" content=\"index, follow, max-snippet:-1, max-image-preview:large, max-video-preview:-1\" \/>\n<link rel=\"canonical\" href=\"https:\/\/www.kliinikum.ee\/geneetika\/patsiendile\/infomaterjalid\/\" \/>\n<meta property=\"og:locale\" content=\"et_EE\" \/>\n<meta property=\"og:type\" content=\"article\" \/>\n<meta property=\"og:title\" content=\"Infomaterjalid patsiendile - Geneetika ja personaalmeditsiini kliinik\" \/>\n<meta property=\"og:url\" content=\"https:\/\/www.kliinikum.ee\/geneetika\/patsiendile\/infomaterjalid\/\" \/>\n<meta property=\"og:site_name\" content=\"Geneetika ja personaalmeditsiini kliinik\" \/>\n<meta property=\"article:modified_time\" content=\"2025-09-16T09:28:56+00:00\" \/>\n<meta name=\"twitter:card\" content=\"summary_large_image\" \/>\n<meta name=\"twitter:label1\" content=\"Est. reading time\" \/>\n\t<meta name=\"twitter:data1\" content=\"1 minut\" \/>\n<script type=\"application\/ld+json\" class=\"yoast-schema-graph\">{\"@context\":\"https:\\\/\\\/schema.org\",\"@graph\":[{\"@type\":\"WebPage\",\"@id\":\"https:\\\/\\\/www.kliinikum.ee\\\/geneetika\\\/patsiendile\\\/infomaterjalid\\\/\",\"url\":\"https:\\\/\\\/www.kliinikum.ee\\\/geneetika\\\/patsiendile\\\/infomaterjalid\\\/\",\"name\":\"Infomaterjalid patsiendile - Geneetika ja personaalmeditsiini kliinik\",\"isPartOf\":{\"@id\":\"https:\\\/\\\/www.kliinikum.ee\\\/geneetika\\\/#website\"},\"datePublished\":\"2023-03-21T10:29:29+00:00\",\"dateModified\":\"2025-09-16T09:28:56+00:00\",\"breadcrumb\":{\"@id\":\"https:\\\/\\\/www.kliinikum.ee\\\/geneetika\\\/patsiendile\\\/infomaterjalid\\\/#breadcrumb\"},\"inLanguage\":\"et\",\"potentialAction\":[{\"@type\":\"ReadAction\",\"target\":[\"https:\\\/\\\/www.kliinikum.ee\\\/geneetika\\\/patsiendile\\\/infomaterjalid\\\/\"]}]},{\"@type\":\"BreadcrumbList\",\"@id\":\"https:\\\/\\\/www.kliinikum.ee\\\/geneetika\\\/patsiendile\\\/infomaterjalid\\\/#breadcrumb\",\"itemListElement\":[{\"@type\":\"ListItem\",\"position\":1,\"name\":\"Patsiendile\",\"item\":\"https:\\\/\\\/www.kliinikum.ee\\\/geneetika\\\/patsiendile\\\/\"},{\"@type\":\"ListItem\",\"position\":2,\"name\":\"Infomaterjalid patsiendile\"}]},{\"@type\":\"WebSite\",\"@id\":\"https:\\\/\\\/www.kliinikum.ee\\\/geneetika\\\/#website\",\"url\":\"https:\\\/\\\/www.kliinikum.ee\\\/geneetika\\\/\",\"name\":\"Geneetika ja personaalmeditsiini kliinik\",\"description\":\"Hoolivus, Uuendusmeelsus, P\u00e4devus ja Usaldusv\u00e4\u00e4rsus\",\"potentialAction\":[{\"@type\":\"SearchAction\",\"target\":{\"@type\":\"EntryPoint\",\"urlTemplate\":\"https:\\\/\\\/www.kliinikum.ee\\\/geneetika\\\/?s={search_term_string}\"},\"query-input\":{\"@type\":\"PropertyValueSpecification\",\"valueRequired\":true,\"valueName\":\"search_term_string\"}}],\"inLanguage\":\"et\"}]}<\/script>\n<!-- \/ Yoast SEO plugin. -->","yoast_head_json":{"title":"Infomaterjalid patsiendile - Geneetika ja personaalmeditsiini kliinik","robots":{"index":"index","follow":"follow","max-snippet":"max-snippet:-1","max-image-preview":"max-image-preview:large","max-video-preview":"max-video-preview:-1"},"canonical":"https:\/\/www.kliinikum.ee\/geneetika\/patsiendile\/infomaterjalid\/","og_locale":"et_EE","og_type":"article","og_title":"Infomaterjalid patsiendile - Geneetika ja personaalmeditsiini kliinik","og_url":"https:\/\/www.kliinikum.ee\/geneetika\/patsiendile\/infomaterjalid\/","og_site_name":"Geneetika ja personaalmeditsiini kliinik","article_modified_time":"2025-09-16T09:28:56+00:00","twitter_card":"summary_large_image","twitter_misc":{"Est. reading time":"1 minut"},"schema":{"@context":"https:\/\/schema.org","@graph":[{"@type":"WebPage","@id":"https:\/\/www.kliinikum.ee\/geneetika\/patsiendile\/infomaterjalid\/","url":"https:\/\/www.kliinikum.ee\/geneetika\/patsiendile\/infomaterjalid\/","name":"Infomaterjalid patsiendile - Geneetika ja personaalmeditsiini kliinik","isPartOf":{"@id":"https:\/\/www.kliinikum.ee\/geneetika\/#website"},"datePublished":"2023-03-21T10:29:29+00:00","dateModified":"2025-09-16T09:28:56+00:00","breadcrumb":{"@id":"https:\/\/www.kliinikum.ee\/geneetika\/patsiendile\/infomaterjalid\/#breadcrumb"},"inLanguage":"et","potentialAction":[{"@type":"ReadAction","target":["https:\/\/www.kliinikum.ee\/geneetika\/patsiendile\/infomaterjalid\/"]}]},{"@type":"BreadcrumbList","@id":"https:\/\/www.kliinikum.ee\/geneetika\/patsiendile\/infomaterjalid\/#breadcrumb","itemListElement":[{"@type":"ListItem","position":1,"name":"Patsiendile","item":"https:\/\/www.kliinikum.ee\/geneetika\/patsiendile\/"},{"@type":"ListItem","position":2,"name":"Infomaterjalid patsiendile"}]},{"@type":"WebSite","@id":"https:\/\/www.kliinikum.ee\/geneetika\/#website","url":"https:\/\/www.kliinikum.ee\/geneetika\/","name":"Geneetika ja personaalmeditsiini kliinik","description":"Hoolivus, Uuendusmeelsus, P\u00e4devus ja Usaldusv\u00e4\u00e4rsus","potentialAction":[{"@type":"SearchAction","target":{"@type":"EntryPoint","urlTemplate":"https:\/\/www.kliinikum.ee\/geneetika\/?s={search_term_string}"},"query-input":{"@type":"PropertyValueSpecification","valueRequired":true,"valueName":"search_term_string"}}],"inLanguage":"et"}]}},"uagb_featured_image_src":{"full":false,"thumbnail":false,"medium":false,"medium_large":false,"large":false,"1536x1536":false,"2048x2048":false},"uagb_author_info":{"display_name":"Jane Freimann","author_link":"https:\/\/www.kliinikum.ee\/geneetika\/author\/janef\/"},"uagb_comment_info":0,"uagb_excerpt":null,"_links":{"self":[{"href":"https:\/\/www.kliinikum.ee\/geneetika\/wp-json\/wp\/v2\/pages\/7218","targetHints":{"allow":["GET"]}}],"collection":[{"href":"https:\/\/www.kliinikum.ee\/geneetika\/wp-json\/wp\/v2\/pages"}],"about":[{"href":"https:\/\/www.kliinikum.ee\/geneetika\/wp-json\/wp\/v2\/types\/page"}],"author":[{"embeddable":true,"href":"https:\/\/www.kliinikum.ee\/geneetika\/wp-json\/wp\/v2\/users\/36"}],"replies":[{"embeddable":true,"href":"https:\/\/www.kliinikum.ee\/geneetika\/wp-json\/wp\/v2\/comments?post=7218"}],"version-history":[{"count":0,"href":"https:\/\/www.kliinikum.ee\/geneetika\/wp-json\/wp\/v2\/pages\/7218\/revisions"}],"up":[{"embeddable":true,"href":"https:\/\/www.kliinikum.ee\/geneetika\/wp-json\/wp\/v2\/pages\/15"}],"wp:attachment":[{"href":"https:\/\/www.kliinikum.ee\/geneetika\/wp-json\/wp\/v2\/media?parent=7218"}],"curies":[{"name":"wp","href":"https:\/\/api.w.org\/{rel}","templated":true}]}}