{"id":7224,"date":"2023-03-21T12:32:11","date_gmt":"2023-03-21T10:32:11","guid":{"rendered":"https:\/\/www.kliinikum.ee\/geneetika\/?page_id=7224"},"modified":"2023-03-23T13:26:28","modified_gmt":"2023-03-23T11:26:28","slug":"teabenoue","status":"publish","type":"page","link":"https:\/\/www.kliinikum.ee\/geneetika\/patsiendile\/teabenoue\/","title":{"rendered":"Teaben\u00f5ue"},"content":{"rendered":"\n<p>Teaben\u00f5ude esitamise juhised asuvad <a href=\"https:\/\/www.kliinikum.ee\/patsiendile\/dokumendid-patsiendile\/teabenoue\/\" target=\"_blank\" rel=\"noreferrer noopener\">Tartu \u00dclikooli Kliinikumi lehel<\/a>.<\/p>\n","protected":false},"excerpt":{"rendered":"<p>Teaben\u00f5ude esitamise juhised asuvad Tartu \u00dclikooli Kliinikumi lehel.<\/p>\n","protected":false},"author":36,"featured_media":0,"parent":15,"menu_order":8,"comment_status":"closed","ping_status":"closed","template":"","meta":{"_acf_changed":false,"_uag_custom_page_level_css":"","footnotes":""},"class_list":["post-7224","page","type-page","status-publish","hentry"],"acf":[],"yoast_head":"<!-- This site is optimized with the Yoast SEO plugin v27.3 - https:\/\/yoast.com\/product\/yoast-seo-wordpress\/ -->\n<title>Teaben\u00f5ue - Geneetika ja personaalmeditsiini kliinik<\/title>\n<meta name=\"robots\" content=\"index, follow, max-snippet:-1, max-image-preview:large, max-video-preview:-1\" \/>\n<link rel=\"canonical\" href=\"https:\/\/www.kliinikum.ee\/geneetika\/patsiendile\/teabenoue\/\" \/>\n<meta property=\"og:locale\" content=\"et_EE\" \/>\n<meta property=\"og:type\" content=\"article\" \/>\n<meta property=\"og:title\" content=\"Teaben\u00f5ue - Geneetika ja personaalmeditsiini kliinik\" \/>\n<meta property=\"og:description\" content=\"Teaben\u00f5ude esitamise juhised asuvad Tartu \u00dclikooli Kliinikumi lehel.\" \/>\n<meta property=\"og:url\" content=\"https:\/\/www.kliinikum.ee\/geneetika\/patsiendile\/teabenoue\/\" \/>\n<meta property=\"og:site_name\" content=\"Geneetika ja personaalmeditsiini kliinik\" \/>\n<meta property=\"article:modified_time\" content=\"2023-03-23T11:26:28+00:00\" \/>\n<meta name=\"twitter:card\" content=\"summary_large_image\" \/>\n<meta name=\"twitter:label1\" content=\"Est. reading time\" \/>\n\t<meta name=\"twitter:data1\" content=\"1 minut\" \/>\n<script type=\"application\/ld+json\" class=\"yoast-schema-graph\">{\"@context\":\"https:\\\/\\\/schema.org\",\"@graph\":[{\"@type\":\"WebPage\",\"@id\":\"https:\\\/\\\/www.kliinikum.ee\\\/geneetika\\\/patsiendile\\\/teabenoue\\\/\",\"url\":\"https:\\\/\\\/www.kliinikum.ee\\\/geneetika\\\/patsiendile\\\/teabenoue\\\/\",\"name\":\"Teaben\u00f5ue - Geneetika ja personaalmeditsiini kliinik\",\"isPartOf\":{\"@id\":\"https:\\\/\\\/www.kliinikum.ee\\\/geneetika\\\/#website\"},\"datePublished\":\"2023-03-21T10:32:11+00:00\",\"dateModified\":\"2023-03-23T11:26:28+00:00\",\"breadcrumb\":{\"@id\":\"https:\\\/\\\/www.kliinikum.ee\\\/geneetika\\\/patsiendile\\\/teabenoue\\\/#breadcrumb\"},\"inLanguage\":\"et\",\"potentialAction\":[{\"@type\":\"ReadAction\",\"target\":[\"https:\\\/\\\/www.kliinikum.ee\\\/geneetika\\\/patsiendile\\\/teabenoue\\\/\"]}]},{\"@type\":\"BreadcrumbList\",\"@id\":\"https:\\\/\\\/www.kliinikum.ee\\\/geneetika\\\/patsiendile\\\/teabenoue\\\/#breadcrumb\",\"itemListElement\":[{\"@type\":\"ListItem\",\"position\":1,\"name\":\"Patsiendile\",\"item\":\"https:\\\/\\\/www.kliinikum.ee\\\/geneetika\\\/patsiendile\\\/\"},{\"@type\":\"ListItem\",\"position\":2,\"name\":\"Teaben\u00f5ue\"}]},{\"@type\":\"WebSite\",\"@id\":\"https:\\\/\\\/www.kliinikum.ee\\\/geneetika\\\/#website\",\"url\":\"https:\\\/\\\/www.kliinikum.ee\\\/geneetika\\\/\",\"name\":\"Geneetika ja personaalmeditsiini kliinik\",\"description\":\"Hoolivus, Uuendusmeelsus, P\u00e4devus ja Usaldusv\u00e4\u00e4rsus\",\"potentialAction\":[{\"@type\":\"SearchAction\",\"target\":{\"@type\":\"EntryPoint\",\"urlTemplate\":\"https:\\\/\\\/www.kliinikum.ee\\\/geneetika\\\/?s={search_term_string}\"},\"query-input\":{\"@type\":\"PropertyValueSpecification\",\"valueRequired\":true,\"valueName\":\"search_term_string\"}}],\"inLanguage\":\"et\"}]}<\/script>\n<!-- \/ Yoast SEO plugin. -->","yoast_head_json":{"title":"Teaben\u00f5ue - Geneetika ja personaalmeditsiini kliinik","robots":{"index":"index","follow":"follow","max-snippet":"max-snippet:-1","max-image-preview":"max-image-preview:large","max-video-preview":"max-video-preview:-1"},"canonical":"https:\/\/www.kliinikum.ee\/geneetika\/patsiendile\/teabenoue\/","og_locale":"et_EE","og_type":"article","og_title":"Teaben\u00f5ue - Geneetika ja personaalmeditsiini kliinik","og_description":"Teaben\u00f5ude esitamise juhised asuvad Tartu \u00dclikooli Kliinikumi lehel.","og_url":"https:\/\/www.kliinikum.ee\/geneetika\/patsiendile\/teabenoue\/","og_site_name":"Geneetika ja personaalmeditsiini kliinik","article_modified_time":"2023-03-23T11:26:28+00:00","twitter_card":"summary_large_image","twitter_misc":{"Est. reading time":"1 minut"},"schema":{"@context":"https:\/\/schema.org","@graph":[{"@type":"WebPage","@id":"https:\/\/www.kliinikum.ee\/geneetika\/patsiendile\/teabenoue\/","url":"https:\/\/www.kliinikum.ee\/geneetika\/patsiendile\/teabenoue\/","name":"Teaben\u00f5ue - Geneetika ja personaalmeditsiini kliinik","isPartOf":{"@id":"https:\/\/www.kliinikum.ee\/geneetika\/#website"},"datePublished":"2023-03-21T10:32:11+00:00","dateModified":"2023-03-23T11:26:28+00:00","breadcrumb":{"@id":"https:\/\/www.kliinikum.ee\/geneetika\/patsiendile\/teabenoue\/#breadcrumb"},"inLanguage":"et","potentialAction":[{"@type":"ReadAction","target":["https:\/\/www.kliinikum.ee\/geneetika\/patsiendile\/teabenoue\/"]}]},{"@type":"BreadcrumbList","@id":"https:\/\/www.kliinikum.ee\/geneetika\/patsiendile\/teabenoue\/#breadcrumb","itemListElement":[{"@type":"ListItem","position":1,"name":"Patsiendile","item":"https:\/\/www.kliinikum.ee\/geneetika\/patsiendile\/"},{"@type":"ListItem","position":2,"name":"Teaben\u00f5ue"}]},{"@type":"WebSite","@id":"https:\/\/www.kliinikum.ee\/geneetika\/#website","url":"https:\/\/www.kliinikum.ee\/geneetika\/","name":"Geneetika ja personaalmeditsiini kliinik","description":"Hoolivus, Uuendusmeelsus, P\u00e4devus ja Usaldusv\u00e4\u00e4rsus","potentialAction":[{"@type":"SearchAction","target":{"@type":"EntryPoint","urlTemplate":"https:\/\/www.kliinikum.ee\/geneetika\/?s={search_term_string}"},"query-input":{"@type":"PropertyValueSpecification","valueRequired":true,"valueName":"search_term_string"}}],"inLanguage":"et"}]}},"uagb_featured_image_src":{"full":false,"thumbnail":false,"medium":false,"medium_large":false,"large":false,"1536x1536":false,"2048x2048":false},"uagb_author_info":{"display_name":"Jane Freimann","author_link":"https:\/\/www.kliinikum.ee\/geneetika\/author\/janef\/"},"uagb_comment_info":0,"uagb_excerpt":"Teaben\u00f5ude esitamise juhised asuvad Tartu \u00dclikooli Kliinikumi lehel.","_links":{"self":[{"href":"https:\/\/www.kliinikum.ee\/geneetika\/wp-json\/wp\/v2\/pages\/7224","targetHints":{"allow":["GET"]}}],"collection":[{"href":"https:\/\/www.kliinikum.ee\/geneetika\/wp-json\/wp\/v2\/pages"}],"about":[{"href":"https:\/\/www.kliinikum.ee\/geneetika\/wp-json\/wp\/v2\/types\/page"}],"author":[{"embeddable":true,"href":"https:\/\/www.kliinikum.ee\/geneetika\/wp-json\/wp\/v2\/users\/36"}],"replies":[{"embeddable":true,"href":"https:\/\/www.kliinikum.ee\/geneetika\/wp-json\/wp\/v2\/comments?post=7224"}],"version-history":[{"count":0,"href":"https:\/\/www.kliinikum.ee\/geneetika\/wp-json\/wp\/v2\/pages\/7224\/revisions"}],"up":[{"embeddable":true,"href":"https:\/\/www.kliinikum.ee\/geneetika\/wp-json\/wp\/v2\/pages\/15"}],"wp:attachment":[{"href":"https:\/\/www.kliinikum.ee\/geneetika\/wp-json\/wp\/v2\/media?parent=7224"}],"curies":[{"name":"wp","href":"https:\/\/api.w.org\/{rel}","templated":true}]}}