{"id":7228,"date":"2023-03-21T12:38:03","date_gmt":"2023-03-21T10:38:03","guid":{"rendered":"https:\/\/www.kliinikum.ee\/geneetika\/?page_id=7228"},"modified":"2026-01-22T15:59:04","modified_gmt":"2026-01-22T13:59:04","slug":"e-konsultatsioonid","status":"publish","type":"page","link":"https:\/\/www.kliinikum.ee\/geneetika\/kolleegile\/e-konsultatsioonid\/","title":{"rendered":"Vastuv\u00f5tule suunamine"},"content":{"rendered":"\n<p>Eelistatult suunake patsiente meditsiinigeneetikule kasutades&nbsp;<strong>e-konsultatsiooni<\/strong>&nbsp;v\u00f5imalust, mis parandab arstilt arstile liikuva info kvaliteeti ning s\u00e4\u00e4stab ka patsientide aega. <strong>Suunates patsienti, palume koostada arsti erialast l\u00e4htuvalt v\u00f5imalikult detailse saatekirja.<\/strong><\/p>\n\n\n\n<p><strong>Vastuv\u00f5tule on oodatud patsiendid, kellel kahtlustatakse v\u00f5i esineb:<\/strong><\/p>\n\n\n\n<ul class=\"wp-block-list\">\n<li>vaimse ja\/v\u00f5i f\u00fc\u00fcsilise arengu mahaj\u00e4\u00e4mus<\/li>\n\n\n\n<li>k\u00e4itumish\u00e4ired, autism<\/li>\n\n\n\n<li>kaasas\u00fcndinud v\u00e4\u00e4rarengud<\/li>\n\n\n\n<li>p\u00e4rilikud ainevahetushaigused<\/li>\n\n\n\n<li>p\u00e4rilikud n\u00e4rvihaigused<\/li>\n\n\n\n<li>p\u00e4rilikud lihashaigused<\/li>\n\n\n\n<li>kaasas\u00fcndinud s\u00fcdamerikked<\/li>\n\n\n\n<li>kuulmislangus<\/li>\n\n\n\n<li>p\u00e4rilikud silmahaigused<\/li>\n\n\n\n<li>lastetus, korduvad spontaansed abordid<\/li>\n\n\n\n<li>kasvajalised haigused<\/li>\n<\/ul>\n\n\n\n<div class=\"wp-block-columns alignwide is-layout-flex wp-container-core-columns-is-layout-28f84493 wp-block-columns-is-layout-flex\">\n<div class=\"wp-block-column is-layout-flow wp-block-column-is-layout-flow\" style=\"flex-basis:50%\">\n<figure class=\"wp-block-embed is-type-video is-provider-youtube wp-block-embed-youtube wp-embed-aspect-16-9 wp-has-aspect-ratio\"><div class=\"wp-block-embed__wrapper\">\n<iframe loading=\"lazy\" title=\"E-konsultatsiooni teenus\" width=\"500\" height=\"281\" src=\"https:\/\/www.youtube.com\/embed\/NxRe1naZjNA?feature=oembed\" frameborder=\"0\" allow=\"accelerometer; autoplay; clipboard-write; encrypted-media; gyroscope; picture-in-picture; web-share\" referrerpolicy=\"strict-origin-when-cross-origin\" allowfullscreen><\/iframe>\n<\/div><figcaption class=\"wp-element-caption\"><a href=\"https:\/\/tervisekassa.ee\/tervisekassa\/e-tervise-tooted\/e-konsultatsioon\" target=\"_blank\" rel=\"noreferrer noopener\">Tervisekassa kodulehele<\/a><\/figcaption><\/figure>\n<\/div>\n\n\n\n<div class=\"wp-block-column is-layout-flow wp-block-column-is-layout-flow\" style=\"flex-basis:50%\">\n<p>E-konsultatsioon&nbsp;<strong>parandab arstilt arstile liikuva info kvaliteeti ning s\u00e4\u00e4stab ka patsientide aega.<\/strong> V\u00f5imalik on anda soovitusi edasise ravi\/j\u00e4lgimise osas v\u00f5i j\u00e4tkata ravi \u00fclev\u00f5tmisega. <br>Patsient n\u00e4eb e-konsultatsiooniga seonduvat infot&nbsp;patsiendiportaalis: teenusele suunamise saatekirju \u201eKehtivad saatekirjad\u201c ja vastuseid \u201eSaatekirjade vastused\u201c plokis.<\/p>\n<\/div>\n<\/div>\n\n\n<div class=\"wp-block-uagb-faq uagb-faq__outer-wrap uagb-block-3a69519e uagb-faq-icon-row uagb-faq-layout-accordion uagb-faq-expand-first-false uagb-faq-inactive-other-true uagb-faq__wrap uagb-buttons-layout-wrap uagb-faq-equal-height     \" data-faqtoggle=\"true\" role=\"tablist\"><div class=\"wp-block-uagb-faq-child uagb-faq-child__outer-wrap uagb-faq-item uagb-block-c45982b7 \" role=\"tab\" tabindex=\"0\"><div class=\"uagb-faq-questions-button uagb-faq-questions\">\t\t\t<span class=\"uagb-icon uagb-faq-icon-wrap\">\n\t\t\t\t\t\t\t\t<svg xmlns=\"https:\/\/www.w3.org\/2000\/svg\" viewBox= \"0 0 448 512\"><path d=\"M432 256c0 17.69-14.33 32.01-32 32.01H256v144c0 17.69-14.33 31.99-32 31.99s-32-14.3-32-31.99v-144H48c-17.67 0-32-14.32-32-32.01s14.33-31.99 32-31.99H192v-144c0-17.69 14.33-32.01 32-32.01s32 14.32 32 32.01v144h144C417.7 224 432 238.3 432 256z\"><\/path><\/svg>\n\t\t\t\t\t\t\t<\/span>\n\t\t\t\t\t\t<span class=\"uagb-icon-active uagb-faq-icon-wrap\">\n\t\t\t\t\t\t\t\t<svg xmlns=\"https:\/\/www.w3.org\/2000\/svg\" viewBox= \"0 0 448 512\"><path d=\"M400 288h-352c-17.69 0-32-14.32-32-32.01s14.31-31.99 32-31.99h352c17.69 0 32 14.3 32 31.99S417.7 288 400 288z\"><\/path><\/svg>\n\t\t\t\t\t\t\t<\/span>\n\t\t\t<span class=\"uagb-question\">Miks peaksin eelistama e-konsultatsiooni?<\/span><\/div><div class=\"uagb-faq-content\"><p>See on k\u00f5ige kiirem ja mugavam lahendus erialaspetsialisti hinnangu saamiseks. Konsultatsiooni algatanud arst saab otsuse nelja t\u00f6\u00f6p\u00e4eva jooksul. Patsiendiga tegeletakse edasi vastavalt saatekirja vastuses toodud viisile ja ajale. <br>Patsient ei pea ise aja broneerimiseks \u00fchendust v\u00f5tma, patsiendile helistatakse sobiva aja pakkumiseks.<\/p><\/div><\/div><div class=\"wp-block-uagb-faq-child uagb-faq-child__outer-wrap uagb-faq-item uagb-block-70ca362e \" role=\"tab\" tabindex=\"0\"><div class=\"uagb-faq-questions-button uagb-faq-questions\">\t\t\t<span class=\"uagb-icon uagb-faq-icon-wrap\">\n\t\t\t\t\t\t\t\t<svg xmlns=\"https:\/\/www.w3.org\/2000\/svg\" viewBox= \"0 0 448 512\"><path d=\"M432 256c0 17.69-14.33 32.01-32 32.01H256v144c0 17.69-14.33 31.99-32 31.99s-32-14.3-32-31.99v-144H48c-17.67 0-32-14.32-32-32.01s14.33-31.99 32-31.99H192v-144c0-17.69 14.33-32.01 32-32.01s32 14.32 32 32.01v144h144C417.7 224 432 238.3 432 256z\"><\/path><\/svg>\n\t\t\t\t\t\t\t<\/span>\n\t\t\t\t\t\t<span class=\"uagb-icon-active uagb-faq-icon-wrap\">\n\t\t\t\t\t\t\t\t<svg xmlns=\"https:\/\/www.w3.org\/2000\/svg\" viewBox= \"0 0 448 512\"><path d=\"M400 288h-352c-17.69 0-32-14.32-32-32.01s14.31-31.99 32-31.99h352c17.69 0 32 14.3 32 31.99S417.7 288 400 288z\"><\/path><\/svg>\n\t\t\t\t\t\t\t<\/span>\n\t\t\t<span class=\"uagb-question\">Mis erialadele saab teha e-konsultatsiooni?<\/span><\/div><div class=\"uagb-faq-content\"><p>Nimekirja <a href=\"https:\/\/tervisekassa.ee\/tervisekassa\/e-tervise-tooted\/suunamised\/erialapohised-tingimused-ja-nouded\" target=\"_blank\" rel=\"noreferrer noopener\">e-konsultatsiooniga liitunud erialadest<\/a> leiab Tervisekassa lehelt. Meditsiinigeneetiku eriala lisandus loetellu aastal 2020.<\/p><\/div><\/div><\/div>\n\n\n<div style=\"height:40px\" aria-hidden=\"true\" class=\"wp-block-spacer\"><\/div>\n\n\n\n<h3 class=\"wp-block-heading\"><strong>Statsionaaris viibivatele patsientidele meditsiinigeneetiku konsultatsioonide tellimiseks&nbsp;<\/strong>&nbsp;<\/h3>\n\n\n\n<p><strong>-TARTUS<\/strong><br>palume&nbsp;<strong>raviarstil&nbsp;<\/strong>saata e-kiri aadressile:&nbsp;<a href=\"mailto:geneetik@kliinikum.ee\">geneetik@kliinikum.ee<\/a><br>lisades j\u00e4rgmised andmed: patsiendi nimi, kliinilised probleemid, soovitav aeg konsultatsiooniks.<\/p>\n\n\n\n<p>&nbsp;<strong>-TALLINNAS<\/strong><br>palume t\u00e4ita tellimisvorm, mille leiab&nbsp;<a href=\"https:\/\/www.kliinikum.ee\/geneetika\/pildid\/saatelehed\/Meditsiinigeneetiku_konsultatsiooni_vorm_TLN_160212.docx\" target=\"_blank\" rel=\"noreferrer noopener\">SIIT<\/a><br>T\u00e4idetud vorm saata:&nbsp;<a href=\"mailto:tallinnageneetik@kliinikum.ee\">tallinnageneetik@kliinikum.ee<\/a>&nbsp;<\/p>\n","protected":false},"excerpt":{"rendered":"<p>Eelistatult suunake patsiente meditsiinigeneetikule kasutades&nbsp;e-konsultatsiooni&nbsp;v\u00f5imalust, mis parandab arstilt arstile liikuva info kvaliteeti ning s\u00e4\u00e4stab ka patsientide aega. Suunates patsienti, palume koostada arsti erialast l\u00e4htuvalt v\u00f5imalikult detailse saatekirja. Vastuv\u00f5tule on oodatud patsiendid, kellel kahtlustatakse v\u00f5i esineb: E-konsultatsioon&nbsp;parandab arstilt arstile liikuva info kvaliteeti ning s\u00e4\u00e4stab ka patsientide aega. V\u00f5imalik on anda soovitusi edasise ravi\/j\u00e4lgimise osas v\u00f5i j\u00e4tkata [&hellip;]<\/p>\n","protected":false},"author":36,"featured_media":0,"parent":6651,"menu_order":1,"comment_status":"closed","ping_status":"closed","template":"","meta":{"_acf_changed":false,"_uag_custom_page_level_css":"","footnotes":""},"class_list":["post-7228","page","type-page","status-publish","hentry"],"acf":[],"yoast_head":"<!-- This site is optimized with the Yoast SEO plugin v27.3 - https:\/\/yoast.com\/product\/yoast-seo-wordpress\/ -->\n<title>Vastuv\u00f5tule suunamine - Geneetika ja personaalmeditsiini kliinik<\/title>\n<meta name=\"robots\" content=\"index, follow, max-snippet:-1, max-image-preview:large, max-video-preview:-1\" \/>\n<link rel=\"canonical\" href=\"https:\/\/www.kliinikum.ee\/geneetika\/kolleegile\/e-konsultatsioonid\/\" \/>\n<meta property=\"og:locale\" content=\"et_EE\" \/>\n<meta property=\"og:type\" content=\"article\" \/>\n<meta property=\"og:title\" content=\"Vastuv\u00f5tule suunamine - Geneetika ja personaalmeditsiini kliinik\" \/>\n<meta property=\"og:description\" content=\"Eelistatult suunake patsiente meditsiinigeneetikule kasutades&nbsp;e-konsultatsiooni&nbsp;v\u00f5imalust, mis parandab arstilt arstile liikuva info kvaliteeti ning s\u00e4\u00e4stab ka patsientide aega. Suunates patsienti, palume koostada arsti erialast l\u00e4htuvalt v\u00f5imalikult detailse saatekirja. Vastuv\u00f5tule on oodatud patsiendid, kellel kahtlustatakse v\u00f5i esineb: E-konsultatsioon&nbsp;parandab arstilt arstile liikuva info kvaliteeti ning s\u00e4\u00e4stab ka patsientide aega. V\u00f5imalik on anda soovitusi edasise ravi\/j\u00e4lgimise osas v\u00f5i j\u00e4tkata [&hellip;]\" \/>\n<meta property=\"og:url\" content=\"https:\/\/www.kliinikum.ee\/geneetika\/kolleegile\/e-konsultatsioonid\/\" \/>\n<meta property=\"og:site_name\" content=\"Geneetika ja personaalmeditsiini kliinik\" \/>\n<meta property=\"article:modified_time\" content=\"2026-01-22T13:59:04+00:00\" \/>\n<meta name=\"twitter:card\" content=\"summary_large_image\" \/>\n<meta name=\"twitter:label1\" content=\"Est. reading time\" \/>\n\t<meta name=\"twitter:data1\" content=\"1 minut\" \/>\n<script type=\"application\/ld+json\" class=\"yoast-schema-graph\">{\"@context\":\"https:\\\/\\\/schema.org\",\"@graph\":[{\"@type\":\"WebPage\",\"@id\":\"https:\\\/\\\/www.kliinikum.ee\\\/geneetika\\\/kolleegile\\\/e-konsultatsioonid\\\/\",\"url\":\"https:\\\/\\\/www.kliinikum.ee\\\/geneetika\\\/kolleegile\\\/e-konsultatsioonid\\\/\",\"name\":\"Vastuv\u00f5tule suunamine - Geneetika ja personaalmeditsiini kliinik\",\"isPartOf\":{\"@id\":\"https:\\\/\\\/www.kliinikum.ee\\\/geneetika\\\/#website\"},\"datePublished\":\"2023-03-21T10:38:03+00:00\",\"dateModified\":\"2026-01-22T13:59:04+00:00\",\"breadcrumb\":{\"@id\":\"https:\\\/\\\/www.kliinikum.ee\\\/geneetika\\\/kolleegile\\\/e-konsultatsioonid\\\/#breadcrumb\"},\"inLanguage\":\"et\",\"potentialAction\":[{\"@type\":\"ReadAction\",\"target\":[\"https:\\\/\\\/www.kliinikum.ee\\\/geneetika\\\/kolleegile\\\/e-konsultatsioonid\\\/\"]}]},{\"@type\":\"BreadcrumbList\",\"@id\":\"https:\\\/\\\/www.kliinikum.ee\\\/geneetika\\\/kolleegile\\\/e-konsultatsioonid\\\/#breadcrumb\",\"itemListElement\":[{\"@type\":\"ListItem\",\"position\":1,\"name\":\"Kolleegile\",\"item\":\"https:\\\/\\\/www.kliinikum.ee\\\/geneetika\\\/kolleegile\\\/\"},{\"@type\":\"ListItem\",\"position\":2,\"name\":\"Vastuv\u00f5tule suunamine\"}]},{\"@type\":\"WebSite\",\"@id\":\"https:\\\/\\\/www.kliinikum.ee\\\/geneetika\\\/#website\",\"url\":\"https:\\\/\\\/www.kliinikum.ee\\\/geneetika\\\/\",\"name\":\"Geneetika ja personaalmeditsiini kliinik\",\"description\":\"Hoolivus, Uuendusmeelsus, P\u00e4devus ja Usaldusv\u00e4\u00e4rsus\",\"potentialAction\":[{\"@type\":\"SearchAction\",\"target\":{\"@type\":\"EntryPoint\",\"urlTemplate\":\"https:\\\/\\\/www.kliinikum.ee\\\/geneetika\\\/?s={search_term_string}\"},\"query-input\":{\"@type\":\"PropertyValueSpecification\",\"valueRequired\":true,\"valueName\":\"search_term_string\"}}],\"inLanguage\":\"et\"}]}<\/script>\n<!-- \/ Yoast SEO plugin. -->","yoast_head_json":{"title":"Vastuv\u00f5tule suunamine - Geneetika ja personaalmeditsiini kliinik","robots":{"index":"index","follow":"follow","max-snippet":"max-snippet:-1","max-image-preview":"max-image-preview:large","max-video-preview":"max-video-preview:-1"},"canonical":"https:\/\/www.kliinikum.ee\/geneetika\/kolleegile\/e-konsultatsioonid\/","og_locale":"et_EE","og_type":"article","og_title":"Vastuv\u00f5tule suunamine - Geneetika ja personaalmeditsiini kliinik","og_description":"Eelistatult suunake patsiente meditsiinigeneetikule kasutades&nbsp;e-konsultatsiooni&nbsp;v\u00f5imalust, mis parandab arstilt arstile liikuva info kvaliteeti ning s\u00e4\u00e4stab ka patsientide aega. Suunates patsienti, palume koostada arsti erialast l\u00e4htuvalt v\u00f5imalikult detailse saatekirja. Vastuv\u00f5tule on oodatud patsiendid, kellel kahtlustatakse v\u00f5i esineb: E-konsultatsioon&nbsp;parandab arstilt arstile liikuva info kvaliteeti ning s\u00e4\u00e4stab ka patsientide aega. V\u00f5imalik on anda soovitusi edasise ravi\/j\u00e4lgimise osas v\u00f5i j\u00e4tkata [&hellip;]","og_url":"https:\/\/www.kliinikum.ee\/geneetika\/kolleegile\/e-konsultatsioonid\/","og_site_name":"Geneetika ja personaalmeditsiini kliinik","article_modified_time":"2026-01-22T13:59:04+00:00","twitter_card":"summary_large_image","twitter_misc":{"Est. reading time":"1 minut"},"schema":{"@context":"https:\/\/schema.org","@graph":[{"@type":"WebPage","@id":"https:\/\/www.kliinikum.ee\/geneetika\/kolleegile\/e-konsultatsioonid\/","url":"https:\/\/www.kliinikum.ee\/geneetika\/kolleegile\/e-konsultatsioonid\/","name":"Vastuv\u00f5tule suunamine - Geneetika ja personaalmeditsiini kliinik","isPartOf":{"@id":"https:\/\/www.kliinikum.ee\/geneetika\/#website"},"datePublished":"2023-03-21T10:38:03+00:00","dateModified":"2026-01-22T13:59:04+00:00","breadcrumb":{"@id":"https:\/\/www.kliinikum.ee\/geneetika\/kolleegile\/e-konsultatsioonid\/#breadcrumb"},"inLanguage":"et","potentialAction":[{"@type":"ReadAction","target":["https:\/\/www.kliinikum.ee\/geneetika\/kolleegile\/e-konsultatsioonid\/"]}]},{"@type":"BreadcrumbList","@id":"https:\/\/www.kliinikum.ee\/geneetika\/kolleegile\/e-konsultatsioonid\/#breadcrumb","itemListElement":[{"@type":"ListItem","position":1,"name":"Kolleegile","item":"https:\/\/www.kliinikum.ee\/geneetika\/kolleegile\/"},{"@type":"ListItem","position":2,"name":"Vastuv\u00f5tule suunamine"}]},{"@type":"WebSite","@id":"https:\/\/www.kliinikum.ee\/geneetika\/#website","url":"https:\/\/www.kliinikum.ee\/geneetika\/","name":"Geneetika ja personaalmeditsiini kliinik","description":"Hoolivus, Uuendusmeelsus, P\u00e4devus ja Usaldusv\u00e4\u00e4rsus","potentialAction":[{"@type":"SearchAction","target":{"@type":"EntryPoint","urlTemplate":"https:\/\/www.kliinikum.ee\/geneetika\/?s={search_term_string}"},"query-input":{"@type":"PropertyValueSpecification","valueRequired":true,"valueName":"search_term_string"}}],"inLanguage":"et"}]}},"uagb_featured_image_src":{"full":false,"thumbnail":false,"medium":false,"medium_large":false,"large":false,"1536x1536":false,"2048x2048":false},"uagb_author_info":{"display_name":"Jane Freimann","author_link":"https:\/\/www.kliinikum.ee\/geneetika\/author\/janef\/"},"uagb_comment_info":0,"uagb_excerpt":"Eelistatult suunake patsiente meditsiinigeneetikule kasutades&nbsp;e-konsultatsiooni&nbsp;v\u00f5imalust, mis parandab arstilt arstile liikuva info kvaliteeti ning s\u00e4\u00e4stab ka patsientide aega. Suunates patsienti, palume koostada arsti erialast l\u00e4htuvalt v\u00f5imalikult detailse saatekirja. Vastuv\u00f5tule on oodatud patsiendid, kellel kahtlustatakse v\u00f5i esineb: E-konsultatsioon&nbsp;parandab arstilt arstile liikuva info kvaliteeti ning s\u00e4\u00e4stab ka patsientide aega. V\u00f5imalik on anda soovitusi edasise ravi\/j\u00e4lgimise osas v\u00f5i j\u00e4tkata&hellip;","_links":{"self":[{"href":"https:\/\/www.kliinikum.ee\/geneetika\/wp-json\/wp\/v2\/pages\/7228","targetHints":{"allow":["GET"]}}],"collection":[{"href":"https:\/\/www.kliinikum.ee\/geneetika\/wp-json\/wp\/v2\/pages"}],"about":[{"href":"https:\/\/www.kliinikum.ee\/geneetika\/wp-json\/wp\/v2\/types\/page"}],"author":[{"embeddable":true,"href":"https:\/\/www.kliinikum.ee\/geneetika\/wp-json\/wp\/v2\/users\/36"}],"replies":[{"embeddable":true,"href":"https:\/\/www.kliinikum.ee\/geneetika\/wp-json\/wp\/v2\/comments?post=7228"}],"version-history":[{"count":0,"href":"https:\/\/www.kliinikum.ee\/geneetika\/wp-json\/wp\/v2\/pages\/7228\/revisions"}],"up":[{"embeddable":true,"href":"https:\/\/www.kliinikum.ee\/geneetika\/wp-json\/wp\/v2\/pages\/6651"}],"wp:attachment":[{"href":"https:\/\/www.kliinikum.ee\/geneetika\/wp-json\/wp\/v2\/media?parent=7228"}],"curies":[{"name":"wp","href":"https:\/\/api.w.org\/{rel}","templated":true}]}}