{"id":7234,"date":"2023-03-21T12:40:14","date_gmt":"2023-03-21T10:40:14","guid":{"rendered":"https:\/\/www.kliinikum.ee\/geneetika\/?page_id=7234"},"modified":"2025-05-13T09:45:43","modified_gmt":"2025-05-13T07:45:43","slug":"harvikhaiguste-kompetensikeskus","status":"publish","type":"page","link":"https:\/\/www.kliinikum.ee\/geneetika\/kolleegile\/harvikhaiguste-kompetensikeskus\/","title":{"rendered":"Harvikhaiguste kompetensikeskus"},"content":{"rendered":"\n<div class=\"wp-block-group has-global-padding\"><div class=\"wp-block-group__inner-container is-layout-constrained wp-block-group-is-layout-constrained\">\n<div class=\"wp-block-group has-global-padding\"><div class=\"wp-block-group__inner-container is-layout-constrained wp-block-group-is-layout-constrained\">\n<p><a href=\"https:\/\/www.kliinikum.ee\/harvikhaigused\/\" target=\"_blank\" rel=\"noreferrer noopener\">Tartu \u00dclikooli Kliinikumi harvikhaiguste kompetentsikeskus<\/a> tegeleb haruldaste haiguste ehk harvikhaiguste diagnoosimise, j\u00e4lgimise ja raviga. Keskuse eesm\u00e4rk on koondada harvikhaiguste valdkonnas Kliinikumi parim multidistsiplinaarne kompetents. Haruldaste haiguste diagnoosimisel ja ravis tehakse koost\u00f6\u00f6d nii riiklikul kui rahvusvahelisel tasandil.&nbsp;<br><br>Lisaks on keskuse eesm\u00e4rk aidata kaasa teadust\u00f6\u00f6le, eesm\u00e4rgiga s\u00fcvendada teadmisi haigustest ning t\u00f5hustada diagnoosimisv\u00f5imalusi, hooldust ja ravi harvikhaigustega patsientidele.<\/p>\n\n\n\n<figure class=\"wp-block-embed is-type-video is-provider-youtube wp-block-embed-youtube wp-embed-aspect-16-9 wp-has-aspect-ratio\"><div class=\"wp-block-embed__wrapper\">\n<iframe loading=\"lazy\" title=\"Patsiendi teekond Harvikhaiguste kompetentsikeskuses\" width=\"500\" height=\"281\" src=\"https:\/\/www.youtube.com\/embed\/JvmyvqSEOxY?feature=oembed\" frameborder=\"0\" allow=\"accelerometer; autoplay; clipboard-write; encrypted-media; gyroscope; picture-in-picture; web-share\" referrerpolicy=\"strict-origin-when-cross-origin\" allowfullscreen><\/iframe>\n<\/div><\/figure>\n<\/div><\/div>\n<\/div><\/div>\n","protected":false},"excerpt":{"rendered":"","protected":false},"author":36,"featured_media":0,"parent":6651,"menu_order":7,"comment_status":"closed","ping_status":"closed","template":"","meta":{"_acf_changed":false,"_uag_custom_page_level_css":"","footnotes":""},"class_list":["post-7234","page","type-page","status-publish","hentry"],"acf":[],"yoast_head":"<!-- This site is optimized with the Yoast SEO plugin v27.3 - https:\/\/yoast.com\/product\/yoast-seo-wordpress\/ -->\n<title>Harvikhaiguste kompetensikeskus - Geneetika ja personaalmeditsiini kliinik<\/title>\n<meta name=\"robots\" content=\"index, follow, max-snippet:-1, max-image-preview:large, max-video-preview:-1\" \/>\n<link rel=\"canonical\" href=\"https:\/\/www.kliinikum.ee\/geneetika\/kolleegile\/harvikhaiguste-kompetensikeskus\/\" \/>\n<meta property=\"og:locale\" content=\"et_EE\" \/>\n<meta property=\"og:type\" content=\"article\" \/>\n<meta property=\"og:title\" content=\"Harvikhaiguste kompetensikeskus - Geneetika ja personaalmeditsiini kliinik\" \/>\n<meta property=\"og:url\" content=\"https:\/\/www.kliinikum.ee\/geneetika\/kolleegile\/harvikhaiguste-kompetensikeskus\/\" \/>\n<meta property=\"og:site_name\" content=\"Geneetika ja personaalmeditsiini kliinik\" \/>\n<meta property=\"article:modified_time\" content=\"2025-05-13T07:45:43+00:00\" \/>\n<meta name=\"twitter:card\" content=\"summary_large_image\" \/>\n<script type=\"application\/ld+json\" class=\"yoast-schema-graph\">{\"@context\":\"https:\\\/\\\/schema.org\",\"@graph\":[{\"@type\":\"WebPage\",\"@id\":\"https:\\\/\\\/www.kliinikum.ee\\\/geneetika\\\/kolleegile\\\/harvikhaiguste-kompetensikeskus\\\/\",\"url\":\"https:\\\/\\\/www.kliinikum.ee\\\/geneetika\\\/kolleegile\\\/harvikhaiguste-kompetensikeskus\\\/\",\"name\":\"Harvikhaiguste kompetensikeskus - Geneetika ja personaalmeditsiini kliinik\",\"isPartOf\":{\"@id\":\"https:\\\/\\\/www.kliinikum.ee\\\/geneetika\\\/#website\"},\"datePublished\":\"2023-03-21T10:40:14+00:00\",\"dateModified\":\"2025-05-13T07:45:43+00:00\",\"breadcrumb\":{\"@id\":\"https:\\\/\\\/www.kliinikum.ee\\\/geneetika\\\/kolleegile\\\/harvikhaiguste-kompetensikeskus\\\/#breadcrumb\"},\"inLanguage\":\"et\",\"potentialAction\":[{\"@type\":\"ReadAction\",\"target\":[\"https:\\\/\\\/www.kliinikum.ee\\\/geneetika\\\/kolleegile\\\/harvikhaiguste-kompetensikeskus\\\/\"]}]},{\"@type\":\"BreadcrumbList\",\"@id\":\"https:\\\/\\\/www.kliinikum.ee\\\/geneetika\\\/kolleegile\\\/harvikhaiguste-kompetensikeskus\\\/#breadcrumb\",\"itemListElement\":[{\"@type\":\"ListItem\",\"position\":1,\"name\":\"Kolleegile\",\"item\":\"https:\\\/\\\/www.kliinikum.ee\\\/geneetika\\\/kolleegile\\\/\"},{\"@type\":\"ListItem\",\"position\":2,\"name\":\"Harvikhaiguste kompetensikeskus\"}]},{\"@type\":\"WebSite\",\"@id\":\"https:\\\/\\\/www.kliinikum.ee\\\/geneetika\\\/#website\",\"url\":\"https:\\\/\\\/www.kliinikum.ee\\\/geneetika\\\/\",\"name\":\"Geneetika ja personaalmeditsiini kliinik\",\"description\":\"Hoolivus, Uuendusmeelsus, P\u00e4devus ja Usaldusv\u00e4\u00e4rsus\",\"potentialAction\":[{\"@type\":\"SearchAction\",\"target\":{\"@type\":\"EntryPoint\",\"urlTemplate\":\"https:\\\/\\\/www.kliinikum.ee\\\/geneetika\\\/?s={search_term_string}\"},\"query-input\":{\"@type\":\"PropertyValueSpecification\",\"valueRequired\":true,\"valueName\":\"search_term_string\"}}],\"inLanguage\":\"et\"}]}<\/script>\n<!-- \/ Yoast SEO plugin. -->","yoast_head_json":{"title":"Harvikhaiguste kompetensikeskus - Geneetika ja personaalmeditsiini kliinik","robots":{"index":"index","follow":"follow","max-snippet":"max-snippet:-1","max-image-preview":"max-image-preview:large","max-video-preview":"max-video-preview:-1"},"canonical":"https:\/\/www.kliinikum.ee\/geneetika\/kolleegile\/harvikhaiguste-kompetensikeskus\/","og_locale":"et_EE","og_type":"article","og_title":"Harvikhaiguste kompetensikeskus - Geneetika ja personaalmeditsiini kliinik","og_url":"https:\/\/www.kliinikum.ee\/geneetika\/kolleegile\/harvikhaiguste-kompetensikeskus\/","og_site_name":"Geneetika ja personaalmeditsiini kliinik","article_modified_time":"2025-05-13T07:45:43+00:00","twitter_card":"summary_large_image","schema":{"@context":"https:\/\/schema.org","@graph":[{"@type":"WebPage","@id":"https:\/\/www.kliinikum.ee\/geneetika\/kolleegile\/harvikhaiguste-kompetensikeskus\/","url":"https:\/\/www.kliinikum.ee\/geneetika\/kolleegile\/harvikhaiguste-kompetensikeskus\/","name":"Harvikhaiguste kompetensikeskus - Geneetika ja personaalmeditsiini kliinik","isPartOf":{"@id":"https:\/\/www.kliinikum.ee\/geneetika\/#website"},"datePublished":"2023-03-21T10:40:14+00:00","dateModified":"2025-05-13T07:45:43+00:00","breadcrumb":{"@id":"https:\/\/www.kliinikum.ee\/geneetika\/kolleegile\/harvikhaiguste-kompetensikeskus\/#breadcrumb"},"inLanguage":"et","potentialAction":[{"@type":"ReadAction","target":["https:\/\/www.kliinikum.ee\/geneetika\/kolleegile\/harvikhaiguste-kompetensikeskus\/"]}]},{"@type":"BreadcrumbList","@id":"https:\/\/www.kliinikum.ee\/geneetika\/kolleegile\/harvikhaiguste-kompetensikeskus\/#breadcrumb","itemListElement":[{"@type":"ListItem","position":1,"name":"Kolleegile","item":"https:\/\/www.kliinikum.ee\/geneetika\/kolleegile\/"},{"@type":"ListItem","position":2,"name":"Harvikhaiguste kompetensikeskus"}]},{"@type":"WebSite","@id":"https:\/\/www.kliinikum.ee\/geneetika\/#website","url":"https:\/\/www.kliinikum.ee\/geneetika\/","name":"Geneetika ja personaalmeditsiini kliinik","description":"Hoolivus, Uuendusmeelsus, P\u00e4devus ja Usaldusv\u00e4\u00e4rsus","potentialAction":[{"@type":"SearchAction","target":{"@type":"EntryPoint","urlTemplate":"https:\/\/www.kliinikum.ee\/geneetika\/?s={search_term_string}"},"query-input":{"@type":"PropertyValueSpecification","valueRequired":true,"valueName":"search_term_string"}}],"inLanguage":"et"}]}},"uagb_featured_image_src":{"full":false,"thumbnail":false,"medium":false,"medium_large":false,"large":false,"1536x1536":false,"2048x2048":false},"uagb_author_info":{"display_name":"Jane Freimann","author_link":"https:\/\/www.kliinikum.ee\/geneetika\/author\/janef\/"},"uagb_comment_info":0,"uagb_excerpt":null,"_links":{"self":[{"href":"https:\/\/www.kliinikum.ee\/geneetika\/wp-json\/wp\/v2\/pages\/7234","targetHints":{"allow":["GET"]}}],"collection":[{"href":"https:\/\/www.kliinikum.ee\/geneetika\/wp-json\/wp\/v2\/pages"}],"about":[{"href":"https:\/\/www.kliinikum.ee\/geneetika\/wp-json\/wp\/v2\/types\/page"}],"author":[{"embeddable":true,"href":"https:\/\/www.kliinikum.ee\/geneetika\/wp-json\/wp\/v2\/users\/36"}],"replies":[{"embeddable":true,"href":"https:\/\/www.kliinikum.ee\/geneetika\/wp-json\/wp\/v2\/comments?post=7234"}],"version-history":[{"count":0,"href":"https:\/\/www.kliinikum.ee\/geneetika\/wp-json\/wp\/v2\/pages\/7234\/revisions"}],"up":[{"embeddable":true,"href":"https:\/\/www.kliinikum.ee\/geneetika\/wp-json\/wp\/v2\/pages\/6651"}],"wp:attachment":[{"href":"https:\/\/www.kliinikum.ee\/geneetika\/wp-json\/wp\/v2\/media?parent=7234"}],"curies":[{"name":"wp","href":"https:\/\/api.w.org\/{rel}","templated":true}]}}