{"id":7246,"date":"2023-03-21T13:21:58","date_gmt":"2023-03-21T11:21:58","guid":{"rendered":"https:\/\/www.kliinikum.ee\/geneetika\/?page_id=7246"},"modified":"2025-07-22T07:27:57","modified_gmt":"2025-07-22T05:27:57","slug":"teadus-koostoo","status":"publish","type":"page","link":"https:\/\/www.kliinikum.ee\/geneetika\/kliinikust\/teadus-koostoo\/","title":{"rendered":"Koost\u00f6\u00f6"},"content":{"rendered":"\n<h4 class=\"wp-block-heading\">Koost\u00f6\u00f6partnerid<\/h4>\n\n\n\n<p><a href=\"https:\/\/www.kliinikum.ee\/harvikhaigused\/\" target=\"_blank\" rel=\"noreferrer noopener\">Tartu \u00dclikooli Kliinikumi harvikhaiguste kompetentsikeskus<\/a><br><a href=\"https:\/\/www.kliinikum.ee\/yhendlabor\/\" target=\"_blank\" rel=\"noreferrer noopener\">Tartu \u00dclikooli Kliinikumi \u00fchendlabor<\/a><br><a href=\"https:\/\/www.kliinikum.ee\/naistekliinik\/\" target=\"_blank\" rel=\"noreferrer noopener\">Tartu \u00dclikooli Kliinikumi naistekliinik<\/a><br><a href=\"https:\/\/www.kliinikum.ee\/patoloogia\/\">Tartu \u00dclikooli Kliinikumi patoloogia<\/a><br><a href=\"https:\/\/kliinilinemeditsiin.ut.ee\/et\/sisu\/kliinilise-geneetika-keskus\" target=\"_blank\" rel=\"noreferrer noopener\">Tartu \u00dclikooli kliinilise geneetika keskus<\/a><br><a href=\"https:\/\/www.kliinikum.ee\/teadus-ja-oppetoo\/kliiniliste-uuringute-keskus\/\">T\u00dc Kliinikumi ja Tartu \u00dclikooli kliiniliste uuringute keskus<\/a><br><a href=\"https:\/\/meditsiiniteadused.ut.ee\/et\">Tartu \u00dclikooli meditsiiniteaduste valdkond<\/a><br><a href=\"https:\/\/genomics.ut.ee\/et\">Tartu \u00dclikooli genoomika instituut<\/a><br><a href=\"https:\/\/cs.ut.ee\/et\">Tartu \u00dclikooli arvutiteaduste instituut<\/a><a href=\"https:\/\/www.kliinikum.ee\/teadus-ja-oppetoo\/kliiniliste-uuringute-keskus\/\"><br><\/a><\/p>\n\n\n\n<p><a href=\"https:\/\/www.lastefond.ee\/\">Tartu \u00dclikooli Kliinikumi Lastefond<\/a><br><a href=\"https:\/\/www.meditsiinigeneetikaselts.ee\" target=\"_blank\" rel=\"noreferrer noopener\">Eesti Meditsiinigeneetika Selts (EMGS)<\/a><br><a href=\"https:\/\/estshg.ut.ee\/\" target=\"_blank\" rel=\"noreferrer noopener\">Eesti Inimesegeneetika \u00dching<\/a><br><a href=\"https:\/\/personaalmeditsiiniselts.ee\/\">Eesti Personaalmeditsiini Selts<\/a><br><a href=\"https:\/\/www.ens.ee\/\">Eesti Naistearstide Selts<\/a><a href=\"https:\/\/personaalmeditsiiniselts.ee\/\"><br><\/a><a href=\"https:\/\/perinat.ee\/\" target=\"_blank\" rel=\"noreferrer noopener\">Eesti Perinatoloogia Selts<\/a><br><a href=\"https:\/\/elselts.ee\/\" target=\"_blank\" rel=\"noreferrer noopener\">Eesti Lastearstide Selts<\/a><br><\/p>\n\n\n\n<p><\/p>\n","protected":false},"excerpt":{"rendered":"<p>Koost\u00f6\u00f6partnerid Tartu \u00dclikooli Kliinikumi harvikhaiguste kompetentsikeskusTartu \u00dclikooli Kliinikumi \u00fchendlaborTartu \u00dclikooli Kliinikumi naistekliinikTartu \u00dclikooli Kliinikumi patoloogiaTartu \u00dclikooli kliinilise geneetika keskusT\u00dc Kliinikumi ja Tartu \u00dclikooli kliiniliste uuringute keskusTartu \u00dclikooli meditsiiniteaduste valdkondTartu \u00dclikooli genoomika instituutTartu \u00dclikooli arvutiteaduste instituut Tartu \u00dclikooli Kliinikumi LastefondEesti Meditsiinigeneetika Selts (EMGS)Eesti Inimesegeneetika \u00dchingEesti Personaalmeditsiini SeltsEesti Naistearstide SeltsEesti Perinatoloogia SeltsEesti Lastearstide Selts<\/p>\n","protected":false},"author":36,"featured_media":0,"parent":17,"menu_order":6,"comment_status":"closed","ping_status":"closed","template":"","meta":{"_acf_changed":false,"_uag_custom_page_level_css":"","footnotes":""},"class_list":["post-7246","page","type-page","status-publish","hentry"],"acf":[],"yoast_head":"<!-- This site is optimized with the Yoast SEO plugin v27.3 - https:\/\/yoast.com\/product\/yoast-seo-wordpress\/ -->\n<title>Koost\u00f6\u00f6 - Geneetika ja personaalmeditsiini kliinik<\/title>\n<meta name=\"robots\" content=\"index, follow, max-snippet:-1, max-image-preview:large, max-video-preview:-1\" \/>\n<link rel=\"canonical\" href=\"https:\/\/www.kliinikum.ee\/geneetika\/kliinikust\/teadus-koostoo\/\" \/>\n<meta property=\"og:locale\" content=\"et_EE\" \/>\n<meta property=\"og:type\" content=\"article\" \/>\n<meta property=\"og:title\" content=\"Koost\u00f6\u00f6 - Geneetika ja personaalmeditsiini kliinik\" \/>\n<meta property=\"og:description\" content=\"Koost\u00f6\u00f6partnerid Tartu \u00dclikooli Kliinikumi harvikhaiguste kompetentsikeskusTartu \u00dclikooli Kliinikumi \u00fchendlaborTartu \u00dclikooli Kliinikumi naistekliinikTartu \u00dclikooli Kliinikumi patoloogiaTartu \u00dclikooli kliinilise geneetika keskusT\u00dc Kliinikumi ja Tartu \u00dclikooli kliiniliste uuringute keskusTartu \u00dclikooli meditsiiniteaduste valdkondTartu \u00dclikooli genoomika instituutTartu \u00dclikooli arvutiteaduste instituut Tartu \u00dclikooli Kliinikumi LastefondEesti Meditsiinigeneetika Selts (EMGS)Eesti Inimesegeneetika \u00dchingEesti Personaalmeditsiini SeltsEesti Naistearstide SeltsEesti Perinatoloogia SeltsEesti Lastearstide Selts\" \/>\n<meta property=\"og:url\" content=\"https:\/\/www.kliinikum.ee\/geneetika\/kliinikust\/teadus-koostoo\/\" \/>\n<meta property=\"og:site_name\" content=\"Geneetika ja personaalmeditsiini kliinik\" \/>\n<meta property=\"article:modified_time\" content=\"2025-07-22T05:27:57+00:00\" \/>\n<meta name=\"twitter:card\" content=\"summary_large_image\" \/>\n<meta name=\"twitter:label1\" content=\"Est. reading time\" \/>\n\t<meta name=\"twitter:data1\" content=\"1 minut\" \/>\n<script type=\"application\/ld+json\" class=\"yoast-schema-graph\">{\"@context\":\"https:\\\/\\\/schema.org\",\"@graph\":[{\"@type\":\"WebPage\",\"@id\":\"https:\\\/\\\/www.kliinikum.ee\\\/geneetika\\\/kliinikust\\\/teadus-koostoo\\\/\",\"url\":\"https:\\\/\\\/www.kliinikum.ee\\\/geneetika\\\/kliinikust\\\/teadus-koostoo\\\/\",\"name\":\"Koost\u00f6\u00f6 - Geneetika ja personaalmeditsiini kliinik\",\"isPartOf\":{\"@id\":\"https:\\\/\\\/www.kliinikum.ee\\\/geneetika\\\/#website\"},\"datePublished\":\"2023-03-21T11:21:58+00:00\",\"dateModified\":\"2025-07-22T05:27:57+00:00\",\"breadcrumb\":{\"@id\":\"https:\\\/\\\/www.kliinikum.ee\\\/geneetika\\\/kliinikust\\\/teadus-koostoo\\\/#breadcrumb\"},\"inLanguage\":\"et\",\"potentialAction\":[{\"@type\":\"ReadAction\",\"target\":[\"https:\\\/\\\/www.kliinikum.ee\\\/geneetika\\\/kliinikust\\\/teadus-koostoo\\\/\"]}]},{\"@type\":\"BreadcrumbList\",\"@id\":\"https:\\\/\\\/www.kliinikum.ee\\\/geneetika\\\/kliinikust\\\/teadus-koostoo\\\/#breadcrumb\",\"itemListElement\":[{\"@type\":\"ListItem\",\"position\":1,\"name\":\"Kliinikust\",\"item\":\"https:\\\/\\\/www.kliinikum.ee\\\/geneetika\\\/kliinikust\\\/\"},{\"@type\":\"ListItem\",\"position\":2,\"name\":\"Koost\u00f6\u00f6\"}]},{\"@type\":\"WebSite\",\"@id\":\"https:\\\/\\\/www.kliinikum.ee\\\/geneetika\\\/#website\",\"url\":\"https:\\\/\\\/www.kliinikum.ee\\\/geneetika\\\/\",\"name\":\"Geneetika ja personaalmeditsiini kliinik\",\"description\":\"Hoolivus, Uuendusmeelsus, P\u00e4devus ja Usaldusv\u00e4\u00e4rsus\",\"potentialAction\":[{\"@type\":\"SearchAction\",\"target\":{\"@type\":\"EntryPoint\",\"urlTemplate\":\"https:\\\/\\\/www.kliinikum.ee\\\/geneetika\\\/?s={search_term_string}\"},\"query-input\":{\"@type\":\"PropertyValueSpecification\",\"valueRequired\":true,\"valueName\":\"search_term_string\"}}],\"inLanguage\":\"et\"}]}<\/script>\n<!-- \/ Yoast SEO plugin. -->","yoast_head_json":{"title":"Koost\u00f6\u00f6 - Geneetika ja personaalmeditsiini kliinik","robots":{"index":"index","follow":"follow","max-snippet":"max-snippet:-1","max-image-preview":"max-image-preview:large","max-video-preview":"max-video-preview:-1"},"canonical":"https:\/\/www.kliinikum.ee\/geneetika\/kliinikust\/teadus-koostoo\/","og_locale":"et_EE","og_type":"article","og_title":"Koost\u00f6\u00f6 - Geneetika ja personaalmeditsiini kliinik","og_description":"Koost\u00f6\u00f6partnerid Tartu \u00dclikooli Kliinikumi harvikhaiguste kompetentsikeskusTartu \u00dclikooli Kliinikumi \u00fchendlaborTartu \u00dclikooli Kliinikumi naistekliinikTartu \u00dclikooli Kliinikumi patoloogiaTartu \u00dclikooli kliinilise geneetika keskusT\u00dc Kliinikumi ja Tartu \u00dclikooli kliiniliste uuringute keskusTartu \u00dclikooli meditsiiniteaduste valdkondTartu \u00dclikooli genoomika instituutTartu \u00dclikooli arvutiteaduste instituut Tartu \u00dclikooli Kliinikumi LastefondEesti Meditsiinigeneetika Selts (EMGS)Eesti Inimesegeneetika \u00dchingEesti Personaalmeditsiini SeltsEesti Naistearstide SeltsEesti Perinatoloogia SeltsEesti Lastearstide Selts","og_url":"https:\/\/www.kliinikum.ee\/geneetika\/kliinikust\/teadus-koostoo\/","og_site_name":"Geneetika ja personaalmeditsiini kliinik","article_modified_time":"2025-07-22T05:27:57+00:00","twitter_card":"summary_large_image","twitter_misc":{"Est. reading time":"1 minut"},"schema":{"@context":"https:\/\/schema.org","@graph":[{"@type":"WebPage","@id":"https:\/\/www.kliinikum.ee\/geneetika\/kliinikust\/teadus-koostoo\/","url":"https:\/\/www.kliinikum.ee\/geneetika\/kliinikust\/teadus-koostoo\/","name":"Koost\u00f6\u00f6 - Geneetika ja personaalmeditsiini kliinik","isPartOf":{"@id":"https:\/\/www.kliinikum.ee\/geneetika\/#website"},"datePublished":"2023-03-21T11:21:58+00:00","dateModified":"2025-07-22T05:27:57+00:00","breadcrumb":{"@id":"https:\/\/www.kliinikum.ee\/geneetika\/kliinikust\/teadus-koostoo\/#breadcrumb"},"inLanguage":"et","potentialAction":[{"@type":"ReadAction","target":["https:\/\/www.kliinikum.ee\/geneetika\/kliinikust\/teadus-koostoo\/"]}]},{"@type":"BreadcrumbList","@id":"https:\/\/www.kliinikum.ee\/geneetika\/kliinikust\/teadus-koostoo\/#breadcrumb","itemListElement":[{"@type":"ListItem","position":1,"name":"Kliinikust","item":"https:\/\/www.kliinikum.ee\/geneetika\/kliinikust\/"},{"@type":"ListItem","position":2,"name":"Koost\u00f6\u00f6"}]},{"@type":"WebSite","@id":"https:\/\/www.kliinikum.ee\/geneetika\/#website","url":"https:\/\/www.kliinikum.ee\/geneetika\/","name":"Geneetika ja personaalmeditsiini kliinik","description":"Hoolivus, Uuendusmeelsus, P\u00e4devus ja Usaldusv\u00e4\u00e4rsus","potentialAction":[{"@type":"SearchAction","target":{"@type":"EntryPoint","urlTemplate":"https:\/\/www.kliinikum.ee\/geneetika\/?s={search_term_string}"},"query-input":{"@type":"PropertyValueSpecification","valueRequired":true,"valueName":"search_term_string"}}],"inLanguage":"et"}]}},"uagb_featured_image_src":{"full":false,"thumbnail":false,"medium":false,"medium_large":false,"large":false,"1536x1536":false,"2048x2048":false},"uagb_author_info":{"display_name":"Jane Freimann","author_link":"https:\/\/www.kliinikum.ee\/geneetika\/author\/janef\/"},"uagb_comment_info":0,"uagb_excerpt":"Koost\u00f6\u00f6partnerid Tartu \u00dclikooli Kliinikumi harvikhaiguste kompetentsikeskusTartu \u00dclikooli Kliinikumi \u00fchendlaborTartu \u00dclikooli Kliinikumi naistekliinikTartu \u00dclikooli Kliinikumi patoloogiaTartu \u00dclikooli kliinilise geneetika keskusT\u00dc Kliinikumi ja Tartu \u00dclikooli kliiniliste uuringute keskusTartu \u00dclikooli meditsiiniteaduste valdkondTartu \u00dclikooli genoomika instituutTartu \u00dclikooli arvutiteaduste instituut Tartu \u00dclikooli Kliinikumi LastefondEesti Meditsiinigeneetika Selts (EMGS)Eesti Inimesegeneetika \u00dchingEesti Personaalmeditsiini SeltsEesti Naistearstide SeltsEesti Perinatoloogia SeltsEesti Lastearstide Selts","_links":{"self":[{"href":"https:\/\/www.kliinikum.ee\/geneetika\/wp-json\/wp\/v2\/pages\/7246","targetHints":{"allow":["GET"]}}],"collection":[{"href":"https:\/\/www.kliinikum.ee\/geneetika\/wp-json\/wp\/v2\/pages"}],"about":[{"href":"https:\/\/www.kliinikum.ee\/geneetika\/wp-json\/wp\/v2\/types\/page"}],"author":[{"embeddable":true,"href":"https:\/\/www.kliinikum.ee\/geneetika\/wp-json\/wp\/v2\/users\/36"}],"replies":[{"embeddable":true,"href":"https:\/\/www.kliinikum.ee\/geneetika\/wp-json\/wp\/v2\/comments?post=7246"}],"version-history":[{"count":0,"href":"https:\/\/www.kliinikum.ee\/geneetika\/wp-json\/wp\/v2\/pages\/7246\/revisions"}],"up":[{"embeddable":true,"href":"https:\/\/www.kliinikum.ee\/geneetika\/wp-json\/wp\/v2\/pages\/17"}],"wp:attachment":[{"href":"https:\/\/www.kliinikum.ee\/geneetika\/wp-json\/wp\/v2\/media?parent=7246"}],"curies":[{"name":"wp","href":"https:\/\/api.w.org\/{rel}","templated":true}]}}