{"id":7379,"date":"2023-04-14T07:31:31","date_gmt":"2023-04-14T05:31:31","guid":{"rendered":"https:\/\/www.kliinikum.ee\/geneetika\/?page_id=7379"},"modified":"2023-08-09T12:10:29","modified_gmt":"2023-08-09T10:10:29","slug":"kliinilise-geneetika-osakond","status":"publish","type":"page","link":"https:\/\/www.kliinikum.ee\/geneetika\/kliinikust\/kliinilise-geneetika-osakond\/","title":{"rendered":"Kliinilise geneetika osakond"},"content":{"rendered":"\n<h3 class=\"wp-block-heading\">Meditsiinigeneetiku vastuv\u00f5tt<\/h3>\n\n\n\n<p><a href=\"https:\/\/www.kliinikum.ee\/geneetika\/kliinikust\/kliinilise-geneetika-osakond\/personal\/\">Meditsiinigeneetik<\/a> tegeleb patsientidega, kellel on juba diagnoositud geneetiline haigus v\u00f5i kellel seda kahtlustatakse. Vastuv\u00f5tul k\u00fcsitakse andmeid patsiendil ja tema suguv\u00f5sas esinevate haiguste ja nende diagnoosimise aja kohta ning tehakse edasine uuringute plaan. Juba kindla diagnoosiga patsientidele antakse informatsiooni diagnoositud haiguse kohta, selgitatakse, kuidas antud haigus p\u00e4randub, milline on (kordus)risk l\u00e4hisugulastele ja j\u00e4reltulijatele, millised on testimise v\u00f5imalused patsiendile ja tema l\u00e4hisugulastele ning millised on raviv\u00f5imalused. Vastuv\u00f5tule p\u00f6\u00f6rdumiseks peab perearst v\u00f5i eriarst koostama saatekirja v\u00f5i tegema e-konsultatsiooni taotluse.<br><br>Vastuv\u00f5tule on oodatud patsiendid, kellel kahtlustatakse v\u00f5i esineb:<\/p>\n\n\n\n<ul class=\"wp-block-list\">\n<li>vaimse ja\/v\u00f5i f\u00fc\u00fcsilise arengu mahaj\u00e4\u00e4mus<\/li>\n\n\n\n<li>k\u00e4itumish\u00e4ired, autism<\/li>\n\n\n\n<li>p\u00e4rilikud ainevahetushaigused<\/li>\n\n\n\n<li>p\u00e4rilikud n\u00e4rvihaigused<\/li>\n\n\n\n<li>p\u00e4rilikud lihashaigused<\/li>\n\n\n\n<li>kaasas\u00fcndinud s\u00fcdamerikked v\u00f5i teised kaasas\u00fcndinud v\u00e4\u00e4rarendid<\/li>\n\n\n\n<li>kuulmislangus<\/li>\n\n\n\n<li>p\u00e4rilikud silmahaigused<\/li>\n\n\n\n<li>lastetus, korduvad spontaansed abordid<\/li>\n\n\n\n<li>kasvajalised haigused<br><\/li>\n<\/ul>\n\n\n\n<div class=\"wp-block-group has-global-padding\"><div class=\"wp-block-group__inner-container is-layout-constrained wp-block-group-is-layout-constrained\">\n<h2 class=\"wp-block-heading\"><strong>Rasedate n\u00f5ustamine<\/strong><\/h2>\n\n\n\n<p>K\u00f5ik last ootavad vanemad igatsevad saada tervet j\u00e4rglast. Samas on igal naisel risk s\u00fcnnitada laps, kellel on m\u00f5ni p\u00e4rilik haigus. See t\u00f5en\u00e4osus on olemas isegi siis, kui me ei tea, et meie suguv\u00f5sas oleks kunagi esinenud mingeid haigusi.<br><br>Geneetiku vastuv\u00f5tule v\u00f5iks kindlasti p\u00f6\u00f6rduda rasedust planeeriv pere v\u00f5i juba lapseootel naine koos partneriga juhtudel, kui:<\/p>\n\n\n\n<ul class=\"wp-block-list\">\n<li>peres\/suguv\u00f5sas on teada konkreetse p\u00e4rilikku haigusega isik ning pere soovib teada, kas antud haigus v\u00f5iks esineda ka planeeritaval\/oodataval lapsel;<\/li>\n\n\n\n<li>esinevad probleemid rasestumisega v\u00f5i eelnevad korduvad iseeneslikud raseduste katkemised ning eelnevalt ei ole meditsiinigeneetiku konsultatsioonil viibinud;<\/li>\n\n\n\n<li>k\u00f5rvalekalded raseda I trimestri kombineeritud riskikalkulatsioonis<\/li>\n\n\n\n<li>tulevane ema on vahetult enne raseduse algust v\u00f5i\/ja raseduse ajal tarvitanud ravimeid v\u00f5i olnud pikalt haige.<\/li>\n<\/ul>\n<\/div><\/div>\n\n\n\n<p>Loe lisaks- <a href=\"https:\/\/www.kliinikum.ee\/geneetika\/infomaterjalid\/\">infomaterjalid<\/a><\/p>\n\n\n\n<h3 class=\"wp-block-heading\">Kaugvastuv\u00f5tt (korduv vastuv\u00f5tt)<\/h3>\n\n\n\n<p>Kaugvastuv\u00f5tt on tavap\u00e4rane arsti v\u00f5i spetsialisti vastuv\u00f5tt, mis toimub telefoni teel v\u00f5i veebivestlusena. Sellist v\u00f5imalust me ei paku esmaseks vastuv\u00f5tuks, kuid kokkuleppel arstiga on see igati sobilik korduvateks vastuv\u00f5ttudeks. See on mugav viis arstiga r\u00e4\u00e4kimiseks Sulle sobivas asukohas (kodus, kontoris, reisil olles, maal jne). <\/p>\n\n\n\n<p>Kaugvastuv\u00f5tu eesm\u00e4rk on v\u00f5imaldada patsiendile mugavam tervishoiuteenuse saamise viis, tagades sealjuures teenuse j\u00e4tkuvalt k\u00f5rge kvaliteedi.<\/p>\n","protected":false},"excerpt":{"rendered":"<p>Meditsiinigeneetiku vastuv\u00f5tt Meditsiinigeneetik tegeleb patsientidega, kellel on juba diagnoositud geneetiline haigus v\u00f5i kellel seda kahtlustatakse. Vastuv\u00f5tul k\u00fcsitakse andmeid patsiendil ja tema suguv\u00f5sas esinevate haiguste ja nende diagnoosimise aja kohta ning tehakse edasine uuringute plaan. Juba kindla diagnoosiga patsientidele antakse informatsiooni diagnoositud haiguse kohta, selgitatakse, kuidas antud haigus p\u00e4randub, milline on (kordus)risk l\u00e4hisugulastele ja j\u00e4reltulijatele, millised [&hellip;]<\/p>\n","protected":false},"author":30,"featured_media":0,"parent":17,"menu_order":2,"comment_status":"closed","ping_status":"closed","template":"","meta":{"_acf_changed":false,"_uag_custom_page_level_css":"","footnotes":""},"class_list":["post-7379","page","type-page","status-publish","hentry"],"acf":[],"yoast_head":"<!-- This site is optimized with the Yoast SEO plugin v27.5 - https:\/\/yoast.com\/product\/yoast-seo-wordpress\/ -->\n<title>Kliinilise geneetika osakond - Geneetika ja personaalmeditsiini kliinik<\/title>\n<meta name=\"robots\" content=\"index, follow, max-snippet:-1, max-image-preview:large, max-video-preview:-1\" \/>\n<link rel=\"canonical\" href=\"https:\/\/www.kliinikum.ee\/geneetika\/kliinikust\/kliinilise-geneetika-osakond\/\" \/>\n<meta property=\"og:locale\" content=\"et_EE\" \/>\n<meta property=\"og:type\" content=\"article\" \/>\n<meta property=\"og:title\" content=\"Kliinilise geneetika osakond - Geneetika ja personaalmeditsiini kliinik\" \/>\n<meta property=\"og:description\" content=\"Meditsiinigeneetiku vastuv\u00f5tt Meditsiinigeneetik tegeleb patsientidega, kellel on juba diagnoositud geneetiline haigus v\u00f5i kellel seda kahtlustatakse. Vastuv\u00f5tul k\u00fcsitakse andmeid patsiendil ja tema suguv\u00f5sas esinevate haiguste ja nende diagnoosimise aja kohta ning tehakse edasine uuringute plaan. Juba kindla diagnoosiga patsientidele antakse informatsiooni diagnoositud haiguse kohta, selgitatakse, kuidas antud haigus p\u00e4randub, milline on (kordus)risk l\u00e4hisugulastele ja j\u00e4reltulijatele, millised [&hellip;]\" \/>\n<meta property=\"og:url\" content=\"https:\/\/www.kliinikum.ee\/geneetika\/kliinikust\/kliinilise-geneetika-osakond\/\" \/>\n<meta property=\"og:site_name\" content=\"Geneetika ja personaalmeditsiini kliinik\" \/>\n<meta property=\"article:modified_time\" content=\"2023-08-09T10:10:29+00:00\" \/>\n<meta name=\"twitter:card\" content=\"summary_large_image\" \/>\n<meta name=\"twitter:label1\" content=\"Est. reading time\" \/>\n\t<meta name=\"twitter:data1\" content=\"1 minut\" \/>\n<script type=\"application\/ld+json\" class=\"yoast-schema-graph\">{\"@context\":\"https:\\\/\\\/schema.org\",\"@graph\":[{\"@type\":\"WebPage\",\"@id\":\"https:\\\/\\\/www.kliinikum.ee\\\/geneetika\\\/kliinikust\\\/kliinilise-geneetika-osakond\\\/\",\"url\":\"https:\\\/\\\/www.kliinikum.ee\\\/geneetika\\\/kliinikust\\\/kliinilise-geneetika-osakond\\\/\",\"name\":\"Kliinilise geneetika osakond - Geneetika ja personaalmeditsiini kliinik\",\"isPartOf\":{\"@id\":\"https:\\\/\\\/www.kliinikum.ee\\\/geneetika\\\/#website\"},\"datePublished\":\"2023-04-14T05:31:31+00:00\",\"dateModified\":\"2023-08-09T10:10:29+00:00\",\"breadcrumb\":{\"@id\":\"https:\\\/\\\/www.kliinikum.ee\\\/geneetika\\\/kliinikust\\\/kliinilise-geneetika-osakond\\\/#breadcrumb\"},\"inLanguage\":\"et\",\"potentialAction\":[{\"@type\":\"ReadAction\",\"target\":[\"https:\\\/\\\/www.kliinikum.ee\\\/geneetika\\\/kliinikust\\\/kliinilise-geneetika-osakond\\\/\"]}]},{\"@type\":\"BreadcrumbList\",\"@id\":\"https:\\\/\\\/www.kliinikum.ee\\\/geneetika\\\/kliinikust\\\/kliinilise-geneetika-osakond\\\/#breadcrumb\",\"itemListElement\":[{\"@type\":\"ListItem\",\"position\":1,\"name\":\"Kliinikust\",\"item\":\"https:\\\/\\\/www.kliinikum.ee\\\/geneetika\\\/kliinikust\\\/\"},{\"@type\":\"ListItem\",\"position\":2,\"name\":\"Kliinilise geneetika osakond\"}]},{\"@type\":\"WebSite\",\"@id\":\"https:\\\/\\\/www.kliinikum.ee\\\/geneetika\\\/#website\",\"url\":\"https:\\\/\\\/www.kliinikum.ee\\\/geneetika\\\/\",\"name\":\"Geneetika ja personaalmeditsiini kliinik\",\"description\":\"Hoolivus, Uuendusmeelsus, P\u00e4devus ja Usaldusv\u00e4\u00e4rsus\",\"potentialAction\":[{\"@type\":\"SearchAction\",\"target\":{\"@type\":\"EntryPoint\",\"urlTemplate\":\"https:\\\/\\\/www.kliinikum.ee\\\/geneetika\\\/?s={search_term_string}\"},\"query-input\":{\"@type\":\"PropertyValueSpecification\",\"valueRequired\":true,\"valueName\":\"search_term_string\"}}],\"inLanguage\":\"et\"}]}<\/script>\n<!-- \/ Yoast SEO plugin. -->","yoast_head_json":{"title":"Kliinilise geneetika osakond - Geneetika ja personaalmeditsiini kliinik","robots":{"index":"index","follow":"follow","max-snippet":"max-snippet:-1","max-image-preview":"max-image-preview:large","max-video-preview":"max-video-preview:-1"},"canonical":"https:\/\/www.kliinikum.ee\/geneetika\/kliinikust\/kliinilise-geneetika-osakond\/","og_locale":"et_EE","og_type":"article","og_title":"Kliinilise geneetika osakond - Geneetika ja personaalmeditsiini kliinik","og_description":"Meditsiinigeneetiku vastuv\u00f5tt Meditsiinigeneetik tegeleb patsientidega, kellel on juba diagnoositud geneetiline haigus v\u00f5i kellel seda kahtlustatakse. Vastuv\u00f5tul k\u00fcsitakse andmeid patsiendil ja tema suguv\u00f5sas esinevate haiguste ja nende diagnoosimise aja kohta ning tehakse edasine uuringute plaan. Juba kindla diagnoosiga patsientidele antakse informatsiooni diagnoositud haiguse kohta, selgitatakse, kuidas antud haigus p\u00e4randub, milline on (kordus)risk l\u00e4hisugulastele ja j\u00e4reltulijatele, millised [&hellip;]","og_url":"https:\/\/www.kliinikum.ee\/geneetika\/kliinikust\/kliinilise-geneetika-osakond\/","og_site_name":"Geneetika ja personaalmeditsiini kliinik","article_modified_time":"2023-08-09T10:10:29+00:00","twitter_card":"summary_large_image","twitter_misc":{"Est. reading time":"1 minut"},"schema":{"@context":"https:\/\/schema.org","@graph":[{"@type":"WebPage","@id":"https:\/\/www.kliinikum.ee\/geneetika\/kliinikust\/kliinilise-geneetika-osakond\/","url":"https:\/\/www.kliinikum.ee\/geneetika\/kliinikust\/kliinilise-geneetika-osakond\/","name":"Kliinilise geneetika osakond - Geneetika ja personaalmeditsiini kliinik","isPartOf":{"@id":"https:\/\/www.kliinikum.ee\/geneetika\/#website"},"datePublished":"2023-04-14T05:31:31+00:00","dateModified":"2023-08-09T10:10:29+00:00","breadcrumb":{"@id":"https:\/\/www.kliinikum.ee\/geneetika\/kliinikust\/kliinilise-geneetika-osakond\/#breadcrumb"},"inLanguage":"et","potentialAction":[{"@type":"ReadAction","target":["https:\/\/www.kliinikum.ee\/geneetika\/kliinikust\/kliinilise-geneetika-osakond\/"]}]},{"@type":"BreadcrumbList","@id":"https:\/\/www.kliinikum.ee\/geneetika\/kliinikust\/kliinilise-geneetika-osakond\/#breadcrumb","itemListElement":[{"@type":"ListItem","position":1,"name":"Kliinikust","item":"https:\/\/www.kliinikum.ee\/geneetika\/kliinikust\/"},{"@type":"ListItem","position":2,"name":"Kliinilise geneetika osakond"}]},{"@type":"WebSite","@id":"https:\/\/www.kliinikum.ee\/geneetika\/#website","url":"https:\/\/www.kliinikum.ee\/geneetika\/","name":"Geneetika ja personaalmeditsiini kliinik","description":"Hoolivus, Uuendusmeelsus, P\u00e4devus ja Usaldusv\u00e4\u00e4rsus","potentialAction":[{"@type":"SearchAction","target":{"@type":"EntryPoint","urlTemplate":"https:\/\/www.kliinikum.ee\/geneetika\/?s={search_term_string}"},"query-input":{"@type":"PropertyValueSpecification","valueRequired":true,"valueName":"search_term_string"}}],"inLanguage":"et"}]}},"uagb_featured_image_src":{"full":false,"thumbnail":false,"medium":false,"medium_large":false,"large":false,"1536x1536":false,"2048x2048":false},"uagb_author_info":{"display_name":"K\u00fclli Kevv\u00e4i","author_link":"https:\/\/www.kliinikum.ee\/geneetika\/author\/kyllikev\/"},"uagb_comment_info":0,"uagb_excerpt":"Meditsiinigeneetiku vastuv\u00f5tt Meditsiinigeneetik tegeleb patsientidega, kellel on juba diagnoositud geneetiline haigus v\u00f5i kellel seda kahtlustatakse. Vastuv\u00f5tul k\u00fcsitakse andmeid patsiendil ja tema suguv\u00f5sas esinevate haiguste ja nende diagnoosimise aja kohta ning tehakse edasine uuringute plaan. Juba kindla diagnoosiga patsientidele antakse informatsiooni diagnoositud haiguse kohta, selgitatakse, kuidas antud haigus p\u00e4randub, milline on (kordus)risk l\u00e4hisugulastele ja j\u00e4reltulijatele, millised&hellip;","_links":{"self":[{"href":"https:\/\/www.kliinikum.ee\/geneetika\/wp-json\/wp\/v2\/pages\/7379","targetHints":{"allow":["GET"]}}],"collection":[{"href":"https:\/\/www.kliinikum.ee\/geneetika\/wp-json\/wp\/v2\/pages"}],"about":[{"href":"https:\/\/www.kliinikum.ee\/geneetika\/wp-json\/wp\/v2\/types\/page"}],"author":[{"embeddable":true,"href":"https:\/\/www.kliinikum.ee\/geneetika\/wp-json\/wp\/v2\/users\/30"}],"replies":[{"embeddable":true,"href":"https:\/\/www.kliinikum.ee\/geneetika\/wp-json\/wp\/v2\/comments?post=7379"}],"version-history":[{"count":0,"href":"https:\/\/www.kliinikum.ee\/geneetika\/wp-json\/wp\/v2\/pages\/7379\/revisions"}],"up":[{"embeddable":true,"href":"https:\/\/www.kliinikum.ee\/geneetika\/wp-json\/wp\/v2\/pages\/17"}],"wp:attachment":[{"href":"https:\/\/www.kliinikum.ee\/geneetika\/wp-json\/wp\/v2\/media?parent=7379"}],"curies":[{"name":"wp","href":"https:\/\/api.w.org\/{rel}","templated":true}]}}