{"id":4597,"date":"2022-11-14T09:23:53","date_gmt":"2022-11-14T07:23:53","guid":{"rendered":"https:\/\/www.kliinikum.ee\/haiglaapteek\/main-page\/"},"modified":"2023-07-11T07:26:02","modified_gmt":"2023-07-11T05:26:02","slug":"main-page","status":"publish","type":"page","link":"https:\/\/www.kliinikum.ee\/haiglaapteek\/en\/","title":{"rendered":"Main page"},"content":{"rendered":"\n<div class=\"wp-block-uagb-slider uagb-block-97e22a65 uagb-slider-container\"><div class=\"uagb-slides uagb-swiper\"><div class=\"swiper-wrapper\">\n<div class=\"uagb-slider-child-wrap swiper-slide uagb-block-1dde1128-d605-427d-b141-0302d123f43d\"><div class=\"swiper-content\">\n<div class=\"wp-block-uagb-container uagb-block-8bd722ca alignfull uagb-is-root-container\"><div class=\"uagb-container-inner-blocks-wrap\">\n<div class=\"wp-block-group has-global-padding\"><div class=\"wp-block-group__inner-container is-layout-constrained wp-block-group-is-layout-constrained\">\n<div class=\"wp-block-group has-global-padding\"><div class=\"wp-block-group__inner-container is-layout-constrained wp-block-group-is-layout-constrained\">\n<figure class=\"wp-block-gallery has-nested-images columns-default is-cropped wp-block-gallery-1 is-layout-flex wp-block-gallery-is-layout-flex\">\n<figure class=\"wp-block-image size-large\"><img loading=\"lazy\" decoding=\"async\" width=\"1024\" height=\"683\" data-id=\"5975\" src=\"https:\/\/www.kliinikum.ee\/haiglaapteek\/wp-content\/uploads\/2023\/07\/IMG_7447-1024x683.jpg\" alt=\"\" class=\"wp-image-5975\" srcset=\"https:\/\/www.kliinikum.ee\/haiglaapteek\/wp-content\/uploads\/2023\/07\/IMG_7447-1024x683.jpg 1024w, https:\/\/www.kliinikum.ee\/haiglaapteek\/wp-content\/uploads\/2023\/07\/IMG_7447-300x200.jpg 300w, https:\/\/www.kliinikum.ee\/haiglaapteek\/wp-content\/uploads\/2023\/07\/IMG_7447-768x512.jpg 768w, https:\/\/www.kliinikum.ee\/haiglaapteek\/wp-content\/uploads\/2023\/07\/IMG_7447-1536x1024.jpg 1536w, https:\/\/www.kliinikum.ee\/haiglaapteek\/wp-content\/uploads\/2023\/07\/IMG_7447-2048x1365.jpg 2048w, https:\/\/www.kliinikum.ee\/haiglaapteek\/wp-content\/uploads\/2023\/07\/IMG_7447-scaled.jpg 2560w\" sizes=\"auto, (max-width: 1024px) 100vw, 1024px\" \/><\/figure>\n\n\n\n<figure class=\"wp-block-image size-large\"><img loading=\"lazy\" decoding=\"async\" width=\"1024\" height=\"683\" data-id=\"5977\" src=\"https:\/\/www.kliinikum.ee\/haiglaapteek\/wp-content\/uploads\/2023\/07\/IMG_7443-1024x683.jpg\" alt=\"\" class=\"wp-image-5977\" srcset=\"https:\/\/www.kliinikum.ee\/haiglaapteek\/wp-content\/uploads\/2023\/07\/IMG_7443-1024x683.jpg 1024w, https:\/\/www.kliinikum.ee\/haiglaapteek\/wp-content\/uploads\/2023\/07\/IMG_7443-300x200.jpg 300w, https:\/\/www.kliinikum.ee\/haiglaapteek\/wp-content\/uploads\/2023\/07\/IMG_7443-768x512.jpg 768w, https:\/\/www.kliinikum.ee\/haiglaapteek\/wp-content\/uploads\/2023\/07\/IMG_7443-1536x1024.jpg 1536w, https:\/\/www.kliinikum.ee\/haiglaapteek\/wp-content\/uploads\/2023\/07\/IMG_7443-2048x1365.jpg 2048w, https:\/\/www.kliinikum.ee\/haiglaapteek\/wp-content\/uploads\/2023\/07\/IMG_7443-scaled.jpg 2560w\" sizes=\"auto, (max-width: 1024px) 100vw, 1024px\" \/><\/figure>\n<\/figure>\n<\/div><\/div>\n<\/div><\/div>\n<\/div><\/div>\n<\/div><\/div>\n\n\n\n<div class=\"uagb-slider-child-wrap swiper-slide uagb-block-b010e893-0c4d-48d8-a78b-d471ff1dd36e\"><div class=\"swiper-content\">\n<div class=\"wp-block-uagb-container uagb-block-37ff7e10 alignfull uagb-is-root-container\"><div class=\"uagb-container-inner-blocks-wrap\">\n<figure class=\"wp-block-gallery has-nested-images columns-default is-cropped wp-block-gallery-2 is-layout-flex wp-block-gallery-is-layout-flex\">\n<figure class=\"wp-block-image size-large\"><img loading=\"lazy\" decoding=\"async\" width=\"1024\" height=\"683\" data-id=\"5979\" src=\"https:\/\/www.kliinikum.ee\/haiglaapteek\/wp-content\/uploads\/2023\/07\/IMG_7219-1024x683.jpg\" alt=\"\" class=\"wp-image-5979\" srcset=\"https:\/\/www.kliinikum.ee\/haiglaapteek\/wp-content\/uploads\/2023\/07\/IMG_7219-1024x683.jpg 1024w, https:\/\/www.kliinikum.ee\/haiglaapteek\/wp-content\/uploads\/2023\/07\/IMG_7219-300x200.jpg 300w, https:\/\/www.kliinikum.ee\/haiglaapteek\/wp-content\/uploads\/2023\/07\/IMG_7219-768x512.jpg 768w, https:\/\/www.kliinikum.ee\/haiglaapteek\/wp-content\/uploads\/2023\/07\/IMG_7219-1536x1024.jpg 1536w, https:\/\/www.kliinikum.ee\/haiglaapteek\/wp-content\/uploads\/2023\/07\/IMG_7219-2048x1365.jpg 2048w, https:\/\/www.kliinikum.ee\/haiglaapteek\/wp-content\/uploads\/2023\/07\/IMG_7219-scaled.jpg 2560w\" sizes=\"auto, (max-width: 1024px) 100vw, 1024px\" \/><\/figure>\n\n\n\n<figure class=\"wp-block-image size-large\"><img loading=\"lazy\" decoding=\"async\" width=\"1024\" height=\"683\" data-id=\"5971\" src=\"https:\/\/www.kliinikum.ee\/haiglaapteek\/wp-content\/uploads\/2023\/07\/IMG_7222-1024x683.jpg\" alt=\"\" class=\"wp-image-5971\" srcset=\"https:\/\/www.kliinikum.ee\/haiglaapteek\/wp-content\/uploads\/2023\/07\/IMG_7222-1024x683.jpg 1024w, https:\/\/www.kliinikum.ee\/haiglaapteek\/wp-content\/uploads\/2023\/07\/IMG_7222-300x200.jpg 300w, https:\/\/www.kliinikum.ee\/haiglaapteek\/wp-content\/uploads\/2023\/07\/IMG_7222-768x512.jpg 768w, https:\/\/www.kliinikum.ee\/haiglaapteek\/wp-content\/uploads\/2023\/07\/IMG_7222-1536x1024.jpg 1536w, https:\/\/www.kliinikum.ee\/haiglaapteek\/wp-content\/uploads\/2023\/07\/IMG_7222-2048x1365.jpg 2048w, https:\/\/www.kliinikum.ee\/haiglaapteek\/wp-content\/uploads\/2023\/07\/IMG_7222-scaled.jpg 2560w\" sizes=\"auto, (max-width: 1024px) 100vw, 1024px\" \/><\/figure>\n<\/figure>\n<\/div><\/div>\n<\/div><\/div>\n\n\n\n<div class=\"uagb-slider-child-wrap swiper-slide uagb-block-169dbfce-d299-497c-9f01-98b193569dd3\"><div class=\"swiper-content\">\n<div class=\"wp-block-uagb-container uagb-block-f7a8dc2d alignfull uagb-is-root-container\"><div class=\"uagb-container-inner-blocks-wrap\">\n<figure class=\"wp-block-gallery has-nested-images columns-default is-cropped wp-block-gallery-3 is-layout-flex wp-block-gallery-is-layout-flex\">\n<figure class=\"wp-block-image size-large\"><img loading=\"lazy\" decoding=\"async\" width=\"1024\" height=\"683\" data-id=\"5973\" src=\"https:\/\/www.kliinikum.ee\/haiglaapteek\/wp-content\/uploads\/2023\/07\/IMG_7340-1024x683.jpg\" alt=\"\" class=\"wp-image-5973\" srcset=\"https:\/\/www.kliinikum.ee\/haiglaapteek\/wp-content\/uploads\/2023\/07\/IMG_7340-1024x683.jpg 1024w, https:\/\/www.kliinikum.ee\/haiglaapteek\/wp-content\/uploads\/2023\/07\/IMG_7340-300x200.jpg 300w, https:\/\/www.kliinikum.ee\/haiglaapteek\/wp-content\/uploads\/2023\/07\/IMG_7340-768x512.jpg 768w, https:\/\/www.kliinikum.ee\/haiglaapteek\/wp-content\/uploads\/2023\/07\/IMG_7340-1536x1024.jpg 1536w, https:\/\/www.kliinikum.ee\/haiglaapteek\/wp-content\/uploads\/2023\/07\/IMG_7340-2048x1365.jpg 2048w, https:\/\/www.kliinikum.ee\/haiglaapteek\/wp-content\/uploads\/2023\/07\/IMG_7340-scaled.jpg 2560w\" sizes=\"auto, (max-width: 1024px) 100vw, 1024px\" \/><\/figure>\n\n\n\n<figure class=\"wp-block-image size-large\"><img loading=\"lazy\" decoding=\"async\" width=\"1024\" height=\"683\" data-id=\"5969\" src=\"https:\/\/www.kliinikum.ee\/haiglaapteek\/wp-content\/uploads\/2023\/07\/IMG_7038-1024x683.jpg\" alt=\"\" class=\"wp-image-5969\" srcset=\"https:\/\/www.kliinikum.ee\/haiglaapteek\/wp-content\/uploads\/2023\/07\/IMG_7038-1024x683.jpg 1024w, https:\/\/www.kliinikum.ee\/haiglaapteek\/wp-content\/uploads\/2023\/07\/IMG_7038-300x200.jpg 300w, https:\/\/www.kliinikum.ee\/haiglaapteek\/wp-content\/uploads\/2023\/07\/IMG_7038-768x512.jpg 768w, https:\/\/www.kliinikum.ee\/haiglaapteek\/wp-content\/uploads\/2023\/07\/IMG_7038-1536x1024.jpg 1536w, https:\/\/www.kliinikum.ee\/haiglaapteek\/wp-content\/uploads\/2023\/07\/IMG_7038-2048x1365.jpg 2048w, https:\/\/www.kliinikum.ee\/haiglaapteek\/wp-content\/uploads\/2023\/07\/IMG_7038-scaled.jpg 2560w\" sizes=\"auto, (max-width: 1024px) 100vw, 1024px\" \/><\/figure>\n<\/figure>\n<\/div><\/div>\n<\/div><\/div>\n\n\n\n<div class=\"uagb-slider-child-wrap swiper-slide uagb-block-ef0fd17d-04a5-4ad0-9822-615ed4a98eaa\"><div class=\"swiper-content\">\n<div class=\"wp-block-uagb-container uagb-block-aa83a088 alignfull uagb-is-root-container\"><div class=\"uagb-container-inner-blocks-wrap\">\n<figure class=\"wp-block-gallery has-nested-images columns-default is-cropped wp-block-gallery-4 is-layout-flex wp-block-gallery-is-layout-flex\">\n<figure class=\"wp-block-image size-large\"><img loading=\"lazy\" decoding=\"async\" width=\"1024\" height=\"683\" data-id=\"5965\" src=\"https:\/\/www.kliinikum.ee\/haiglaapteek\/wp-content\/uploads\/2023\/07\/IMG_6949-1024x683.jpg\" alt=\"\" class=\"wp-image-5965\" srcset=\"https:\/\/www.kliinikum.ee\/haiglaapteek\/wp-content\/uploads\/2023\/07\/IMG_6949-1024x683.jpg 1024w, https:\/\/www.kliinikum.ee\/haiglaapteek\/wp-content\/uploads\/2023\/07\/IMG_6949-300x200.jpg 300w, https:\/\/www.kliinikum.ee\/haiglaapteek\/wp-content\/uploads\/2023\/07\/IMG_6949-768x512.jpg 768w, https:\/\/www.kliinikum.ee\/haiglaapteek\/wp-content\/uploads\/2023\/07\/IMG_6949-1536x1024.jpg 1536w, https:\/\/www.kliinikum.ee\/haiglaapteek\/wp-content\/uploads\/2023\/07\/IMG_6949-2048x1365.jpg 2048w, https:\/\/www.kliinikum.ee\/haiglaapteek\/wp-content\/uploads\/2023\/07\/IMG_6949-scaled.jpg 2560w\" sizes=\"auto, (max-width: 1024px) 100vw, 1024px\" \/><\/figure>\n\n\n\n<figure class=\"wp-block-image size-large\"><img loading=\"lazy\" decoding=\"async\" width=\"1024\" height=\"683\" data-id=\"5995\" src=\"https:\/\/www.kliinikum.ee\/haiglaapteek\/wp-content\/uploads\/2023\/07\/IMG_6724-1024x683.jpg\" alt=\"\" class=\"wp-image-5995\" srcset=\"https:\/\/www.kliinikum.ee\/haiglaapteek\/wp-content\/uploads\/2023\/07\/IMG_6724-1024x683.jpg 1024w, https:\/\/www.kliinikum.ee\/haiglaapteek\/wp-content\/uploads\/2023\/07\/IMG_6724-300x200.jpg 300w, https:\/\/www.kliinikum.ee\/haiglaapteek\/wp-content\/uploads\/2023\/07\/IMG_6724-768x512.jpg 768w, https:\/\/www.kliinikum.ee\/haiglaapteek\/wp-content\/uploads\/2023\/07\/IMG_6724-1536x1024.jpg 1536w, https:\/\/www.kliinikum.ee\/haiglaapteek\/wp-content\/uploads\/2023\/07\/IMG_6724-2048x1365.jpg 2048w, https:\/\/www.kliinikum.ee\/haiglaapteek\/wp-content\/uploads\/2023\/07\/IMG_6724-scaled.jpg 2560w\" sizes=\"auto, (max-width: 1024px) 100vw, 1024px\" \/><\/figure>\n<\/figure>\n<\/div><\/div>\n<\/div><\/div>\n\n\n\n<div class=\"uagb-slider-child-wrap swiper-slide uagb-block-106589f6-6db9-4305-a229-9eac2a86583a\"><div class=\"swiper-content\">\n<div class=\"wp-block-uagb-container uagb-block-61baf90a alignfull uagb-is-root-container\"><div class=\"uagb-container-inner-blocks-wrap\">\n<figure class=\"wp-block-gallery has-nested-images columns-default is-cropped wp-block-gallery-5 is-layout-flex wp-block-gallery-is-layout-flex\">\n<figure class=\"wp-block-image size-large\"><img loading=\"lazy\" decoding=\"async\" width=\"1024\" height=\"683\" data-id=\"5967\" src=\"https:\/\/www.kliinikum.ee\/haiglaapteek\/wp-content\/uploads\/2023\/07\/IMG_6926-1024x683.jpg\" alt=\"\" class=\"wp-image-5967\" srcset=\"https:\/\/www.kliinikum.ee\/haiglaapteek\/wp-content\/uploads\/2023\/07\/IMG_6926-1024x683.jpg 1024w, https:\/\/www.kliinikum.ee\/haiglaapteek\/wp-content\/uploads\/2023\/07\/IMG_6926-300x200.jpg 300w, https:\/\/www.kliinikum.ee\/haiglaapteek\/wp-content\/uploads\/2023\/07\/IMG_6926-768x512.jpg 768w, https:\/\/www.kliinikum.ee\/haiglaapteek\/wp-content\/uploads\/2023\/07\/IMG_6926-1536x1024.jpg 1536w, https:\/\/www.kliinikum.ee\/haiglaapteek\/wp-content\/uploads\/2023\/07\/IMG_6926-2048x1365.jpg 2048w, https:\/\/www.kliinikum.ee\/haiglaapteek\/wp-content\/uploads\/2023\/07\/IMG_6926-scaled.jpg 2560w\" sizes=\"auto, (max-width: 1024px) 100vw, 1024px\" \/><\/figure>\n\n\n\n<figure class=\"wp-block-image size-large\"><img loading=\"lazy\" decoding=\"async\" width=\"1024\" height=\"683\" data-id=\"5997\" src=\"https:\/\/www.kliinikum.ee\/haiglaapteek\/wp-content\/uploads\/2023\/07\/IMG_6771-1024x683.jpg\" alt=\"\" class=\"wp-image-5997\" srcset=\"https:\/\/www.kliinikum.ee\/haiglaapteek\/wp-content\/uploads\/2023\/07\/IMG_6771-1024x683.jpg 1024w, https:\/\/www.kliinikum.ee\/haiglaapteek\/wp-content\/uploads\/2023\/07\/IMG_6771-300x200.jpg 300w, https:\/\/www.kliinikum.ee\/haiglaapteek\/wp-content\/uploads\/2023\/07\/IMG_6771-768x512.jpg 768w, https:\/\/www.kliinikum.ee\/haiglaapteek\/wp-content\/uploads\/2023\/07\/IMG_6771-1536x1024.jpg 1536w, https:\/\/www.kliinikum.ee\/haiglaapteek\/wp-content\/uploads\/2023\/07\/IMG_6771-2048x1365.jpg 2048w, https:\/\/www.kliinikum.ee\/haiglaapteek\/wp-content\/uploads\/2023\/07\/IMG_6771-scaled.jpg 2560w\" sizes=\"auto, (max-width: 1024px) 100vw, 1024px\" \/><\/figure>\n<\/figure>\n<\/div><\/div>\n<\/div><\/div>\n\n\n\n<div class=\"uagb-slider-child-wrap swiper-slide uagb-block-69d2a1e2-c8db-4896-b616-b6598e205db4\"><div class=\"swiper-content\">\n<div class=\"wp-block-uagb-container uagb-block-403fadee alignfull uagb-is-root-container\"><div class=\"uagb-container-inner-blocks-wrap\">\n<figure class=\"wp-block-gallery has-nested-images columns-default is-cropped wp-block-gallery-6 is-layout-flex wp-block-gallery-is-layout-flex\">\n<figure class=\"wp-block-image size-large\"><img loading=\"lazy\" decoding=\"async\" width=\"1024\" height=\"683\" data-id=\"5963\" src=\"https:\/\/www.kliinikum.ee\/haiglaapteek\/wp-content\/uploads\/2023\/07\/IMG_6387-1024x683.jpg\" alt=\"\" class=\"wp-image-5963\" srcset=\"https:\/\/www.kliinikum.ee\/haiglaapteek\/wp-content\/uploads\/2023\/07\/IMG_6387-1024x683.jpg 1024w, https:\/\/www.kliinikum.ee\/haiglaapteek\/wp-content\/uploads\/2023\/07\/IMG_6387-300x200.jpg 300w, https:\/\/www.kliinikum.ee\/haiglaapteek\/wp-content\/uploads\/2023\/07\/IMG_6387-768x512.jpg 768w, https:\/\/www.kliinikum.ee\/haiglaapteek\/wp-content\/uploads\/2023\/07\/IMG_6387-1536x1024.jpg 1536w, https:\/\/www.kliinikum.ee\/haiglaapteek\/wp-content\/uploads\/2023\/07\/IMG_6387-2048x1365.jpg 2048w, https:\/\/www.kliinikum.ee\/haiglaapteek\/wp-content\/uploads\/2023\/07\/IMG_6387-scaled.jpg 2560w\" sizes=\"auto, (max-width: 1024px) 100vw, 1024px\" \/><\/figure>\n\n\n\n<figure class=\"wp-block-image size-large\"><img loading=\"lazy\" decoding=\"async\" width=\"1024\" height=\"683\" data-id=\"5981\" src=\"https:\/\/www.kliinikum.ee\/haiglaapteek\/wp-content\/uploads\/2023\/07\/IMG_6496-1024x683.jpg\" alt=\"\" class=\"wp-image-5981\" srcset=\"https:\/\/www.kliinikum.ee\/haiglaapteek\/wp-content\/uploads\/2023\/07\/IMG_6496-1024x683.jpg 1024w, https:\/\/www.kliinikum.ee\/haiglaapteek\/wp-content\/uploads\/2023\/07\/IMG_6496-300x200.jpg 300w, https:\/\/www.kliinikum.ee\/haiglaapteek\/wp-content\/uploads\/2023\/07\/IMG_6496-768x512.jpg 768w, https:\/\/www.kliinikum.ee\/haiglaapteek\/wp-content\/uploads\/2023\/07\/IMG_6496-1536x1024.jpg 1536w, https:\/\/www.kliinikum.ee\/haiglaapteek\/wp-content\/uploads\/2023\/07\/IMG_6496-2048x1365.jpg 2048w, https:\/\/www.kliinikum.ee\/haiglaapteek\/wp-content\/uploads\/2023\/07\/IMG_6496-scaled.jpg 2560w\" sizes=\"auto, (max-width: 1024px) 100vw, 1024px\" \/><\/figure>\n<\/figure>\n<\/div><\/div>\n<\/div><\/div>\n<\/div><\/div><div class=\"swiper-pagination\"><\/div><div class=\"swiper-button-prev\"><\/div><div class=\"swiper-button-next\"><\/div><\/div>\n","protected":false},"excerpt":{"rendered":"","protected":false},"author":31,"featured_media":0,"parent":0,"menu_order":0,"comment_status":"closed","ping_status":"closed","template":"","meta":{"_acf_changed":false,"_uag_custom_page_level_css":"","footnotes":""},"class_list":["post-4597","page","type-page","status-publish","hentry"],"acf":[],"yoast_head":"<!-- This site is optimized with the Yoast SEO plugin v27.3 - https:\/\/yoast.com\/product\/yoast-seo-wordpress\/ -->\n<title>Main page - Haiglaapteek<\/title>\n<meta name=\"robots\" content=\"index, follow, max-snippet:-1, max-image-preview:large, max-video-preview:-1\" \/>\n<link rel=\"canonical\" href=\"https:\/\/www.kliinikum.ee\/haiglaapteek\/en\/\" \/>\n<meta property=\"og:locale\" content=\"en_US\" \/>\n<meta property=\"og:type\" content=\"article\" \/>\n<meta property=\"og:title\" content=\"Main page - Haiglaapteek\" \/>\n<meta property=\"og:url\" content=\"https:\/\/www.kliinikum.ee\/haiglaapteek\/en\/\" \/>\n<meta property=\"og:site_name\" content=\"Haiglaapteek\" \/>\n<meta property=\"article:modified_time\" content=\"2023-07-11T05:26:02+00:00\" \/>\n<meta name=\"twitter:card\" content=\"summary_large_image\" \/>\n<script type=\"application\/ld+json\" class=\"yoast-schema-graph\">{\"@context\":\"https:\\\/\\\/schema.org\",\"@graph\":[{\"@type\":\"WebPage\",\"@id\":\"https:\\\/\\\/www.kliinikum.ee\\\/haiglaapteek\\\/en\\\/\",\"url\":\"https:\\\/\\\/www.kliinikum.ee\\\/haiglaapteek\\\/en\\\/\",\"name\":\"Main page - Haiglaapteek\",\"isPartOf\":{\"@id\":\"https:\\\/\\\/www.kliinikum.ee\\\/haiglaapteek\\\/en\\\/#website\"},\"datePublished\":\"2022-11-14T07:23:53+00:00\",\"dateModified\":\"2023-07-11T05:26:02+00:00\",\"inLanguage\":\"en-US\",\"potentialAction\":[{\"@type\":\"ReadAction\",\"target\":[\"https:\\\/\\\/www.kliinikum.ee\\\/haiglaapteek\\\/en\\\/\"]}]},{\"@type\":\"WebSite\",\"@id\":\"https:\\\/\\\/www.kliinikum.ee\\\/haiglaapteek\\\/en\\\/#website\",\"url\":\"https:\\\/\\\/www.kliinikum.ee\\\/haiglaapteek\\\/en\\\/\",\"name\":\"Haiglaapteek\",\"description\":\"Hoolivus, Uuendusmeelsus, P\u00e4devus ja Usaldusv\u00e4\u00e4rsus\",\"potentialAction\":[{\"@type\":\"SearchAction\",\"target\":{\"@type\":\"EntryPoint\",\"urlTemplate\":\"https:\\\/\\\/www.kliinikum.ee\\\/haiglaapteek\\\/en\\\/?s={search_term_string}\"},\"query-input\":{\"@type\":\"PropertyValueSpecification\",\"valueRequired\":true,\"valueName\":\"search_term_string\"}}],\"inLanguage\":\"en-US\"}]}<\/script>\n<!-- \/ Yoast SEO plugin. -->","yoast_head_json":{"title":"Main page - Haiglaapteek","robots":{"index":"index","follow":"follow","max-snippet":"max-snippet:-1","max-image-preview":"max-image-preview:large","max-video-preview":"max-video-preview:-1"},"canonical":"https:\/\/www.kliinikum.ee\/haiglaapteek\/en\/","og_locale":"en_US","og_type":"article","og_title":"Main page - Haiglaapteek","og_url":"https:\/\/www.kliinikum.ee\/haiglaapteek\/en\/","og_site_name":"Haiglaapteek","article_modified_time":"2023-07-11T05:26:02+00:00","twitter_card":"summary_large_image","schema":{"@context":"https:\/\/schema.org","@graph":[{"@type":"WebPage","@id":"https:\/\/www.kliinikum.ee\/haiglaapteek\/en\/","url":"https:\/\/www.kliinikum.ee\/haiglaapteek\/en\/","name":"Main page - Haiglaapteek","isPartOf":{"@id":"https:\/\/www.kliinikum.ee\/haiglaapteek\/en\/#website"},"datePublished":"2022-11-14T07:23:53+00:00","dateModified":"2023-07-11T05:26:02+00:00","inLanguage":"en-US","potentialAction":[{"@type":"ReadAction","target":["https:\/\/www.kliinikum.ee\/haiglaapteek\/en\/"]}]},{"@type":"WebSite","@id":"https:\/\/www.kliinikum.ee\/haiglaapteek\/en\/#website","url":"https:\/\/www.kliinikum.ee\/haiglaapteek\/en\/","name":"Haiglaapteek","description":"Hoolivus, Uuendusmeelsus, P\u00e4devus ja Usaldusv\u00e4\u00e4rsus","potentialAction":[{"@type":"SearchAction","target":{"@type":"EntryPoint","urlTemplate":"https:\/\/www.kliinikum.ee\/haiglaapteek\/en\/?s={search_term_string}"},"query-input":{"@type":"PropertyValueSpecification","valueRequired":true,"valueName":"search_term_string"}}],"inLanguage":"en-US"}]}},"uagb_featured_image_src":{"full":false,"thumbnail":false,"medium":false,"medium_large":false,"large":false,"1536x1536":false,"2048x2048":false},"uagb_author_info":{"display_name":"Erkky Tugim","author_link":"https:\/\/www.kliinikum.ee\/haiglaapteek\/en\/author\/erkky\/"},"uagb_comment_info":0,"uagb_excerpt":null,"_links":{"self":[{"href":"https:\/\/www.kliinikum.ee\/haiglaapteek\/en\/wp-json\/wp\/v2\/pages\/4597","targetHints":{"allow":["GET"]}}],"collection":[{"href":"https:\/\/www.kliinikum.ee\/haiglaapteek\/en\/wp-json\/wp\/v2\/pages"}],"about":[{"href":"https:\/\/www.kliinikum.ee\/haiglaapteek\/en\/wp-json\/wp\/v2\/types\/page"}],"author":[{"embeddable":true,"href":"https:\/\/www.kliinikum.ee\/haiglaapteek\/en\/wp-json\/wp\/v2\/users\/31"}],"replies":[{"embeddable":true,"href":"https:\/\/www.kliinikum.ee\/haiglaapteek\/en\/wp-json\/wp\/v2\/comments?post=4597"}],"version-history":[{"count":0,"href":"https:\/\/www.kliinikum.ee\/haiglaapteek\/en\/wp-json\/wp\/v2\/pages\/4597\/revisions"}],"wp:attachment":[{"href":"https:\/\/www.kliinikum.ee\/haiglaapteek\/en\/wp-json\/wp\/v2\/media?parent=4597"}],"curies":[{"name":"wp","href":"https:\/\/api.w.org\/{rel}","templated":true}]}}