{"id":15,"date":"2022-11-14T10:00:43","date_gmt":"2022-11-14T10:00:43","guid":{"rendered":"http:\/\/localhost\/?page_id=15"},"modified":"2024-06-13T13:59:48","modified_gmt":"2024-06-13T11:59:48","slug":"patsiendile","status":"publish","type":"page","link":"https:\/\/www.kliinikum.ee\/haiglaapteek\/patsiendile\/","title":{"rendered":"Patsiendile"},"content":{"rendered":"\n<p class=\"has-text-align-center has-medium-font-size\"><strong>SA Tartu \u00dclikooli Kliinikumi apteek on Kliinikumi 6. valdkonda kuuluv meditsiiniteenistus<\/strong>, millele on <a href=\"https:\/\/rkav.tehik.ee\/rkav\/faces\/pages\/tegevuslubaForm\/tegevuslubaOtsing.xhtml\" target=\"_blank\" rel=\"noreferrer noopener\">Ravimiameti<\/a> poolt v\u00e4ljastatud haiglaapteegi tegevusluba ja mis varustab ravimite ja muu apteegikaubaga Kliinikumi kliinikuid ja vajadusel ka teisi ravi- ja hoolekandeasutusi.<\/p>\n\n\n\n<hr class=\"wp-block-separator has-alpha-channel-opacity\"\/>\n\n\n\n<p class=\"has-text-align-center\"><strong>Tartu \u00dclikooli Kliinikumi apteegi peamised \u00fclesanded on:<\/strong><\/p>\n\n\n\n<div class=\"wp-block-uagb-container uagb-block-55ce8f39 alignfull uagb-is-root-container\"><div class=\"uagb-container-inner-blocks-wrap\">\n<div class=\"wp-block-uagb-container uagb-block-53e80394 alignfull uagb-is-root-container\"><div class=\"uagb-container-inner-blocks-wrap\">\n<figure class=\"wp-block-image size-large\"><img loading=\"lazy\" decoding=\"async\" width=\"1024\" height=\"683\" src=\"https:\/\/www.kliinikum.ee\/haiglaapteek\/wp-content\/uploads\/2023\/07\/IMG_7097-1024x683.jpg\" alt=\"\" class=\"wp-image-6063\" srcset=\"https:\/\/www.kliinikum.ee\/haiglaapteek\/wp-content\/uploads\/2023\/07\/IMG_7097-1024x683.jpg 1024w, https:\/\/www.kliinikum.ee\/haiglaapteek\/wp-content\/uploads\/2023\/07\/IMG_7097-300x200.jpg 300w, https:\/\/www.kliinikum.ee\/haiglaapteek\/wp-content\/uploads\/2023\/07\/IMG_7097-768x512.jpg 768w, https:\/\/www.kliinikum.ee\/haiglaapteek\/wp-content\/uploads\/2023\/07\/IMG_7097-1536x1024.jpg 1536w, https:\/\/www.kliinikum.ee\/haiglaapteek\/wp-content\/uploads\/2023\/07\/IMG_7097-2048x1365.jpg 2048w, https:\/\/www.kliinikum.ee\/haiglaapteek\/wp-content\/uploads\/2023\/07\/IMG_7097-scaled.jpg 2560w\" sizes=\"auto, (max-width: 1024px) 100vw, 1024px\" \/><\/figure>\n\n\n\n<p class=\"has-text-align-center\"><strong>Logistika osakond<\/strong><\/p>\n\n\n\n<p class=\"has-text-align-center has-small-font-size\">Logistikaalane tegevus, mis tagab ravimite ja muu apteegikauba olemasolu ja kulut\u00f5husa kasutamise.<\/p>\n<\/div><\/div>\n\n\n\n<div class=\"wp-block-uagb-container uagb-block-fd3fe1ca alignfull uagb-is-root-container\"><div class=\"uagb-container-inner-blocks-wrap\">\n<figure class=\"wp-block-image size-medium\"><img loading=\"lazy\" decoding=\"async\" width=\"300\" height=\"200\" src=\"https:\/\/www.kliinikum.ee\/haiglaapteek\/wp-content\/uploads\/2023\/07\/IMG_6926-300x200.jpg\" alt=\"\" class=\"wp-image-5967\" style=\"object-fit:cover\" srcset=\"https:\/\/www.kliinikum.ee\/haiglaapteek\/wp-content\/uploads\/2023\/07\/IMG_6926-300x200.jpg 300w, https:\/\/www.kliinikum.ee\/haiglaapteek\/wp-content\/uploads\/2023\/07\/IMG_6926-1024x683.jpg 1024w, https:\/\/www.kliinikum.ee\/haiglaapteek\/wp-content\/uploads\/2023\/07\/IMG_6926-768x512.jpg 768w, https:\/\/www.kliinikum.ee\/haiglaapteek\/wp-content\/uploads\/2023\/07\/IMG_6926-1536x1024.jpg 1536w, https:\/\/www.kliinikum.ee\/haiglaapteek\/wp-content\/uploads\/2023\/07\/IMG_6926-2048x1365.jpg 2048w, https:\/\/www.kliinikum.ee\/haiglaapteek\/wp-content\/uploads\/2023\/07\/IMG_6926-scaled.jpg 2560w\" sizes=\"auto, (max-width: 300px) 100vw, 300px\" \/><\/figure>\n\n\n\n<p class=\"has-text-align-center\"><strong>Ravimite valmistamise osakond<\/strong><\/p>\n\n\n\n<p class=\"has-text-align-center has-small-font-size\">Ravimite valmistamine ja manustamiseks ettevalmistamine, et tagada ravimite k\u00e4ttesaadavus ja k\u00e4itlemise ohutus.<\/p>\n<\/div><\/div>\n\n\n\n<div class=\"wp-block-uagb-container uagb-block-9f27668e alignfull uagb-is-root-container\"><div class=\"uagb-container-inner-blocks-wrap\">\n<figure class=\"wp-block-image size-large\"><img loading=\"lazy\" decoding=\"async\" width=\"1024\" height=\"682\" src=\"https:\/\/www.kliinikum.ee\/haiglaapteek\/wp-content\/uploads\/2023\/07\/54ccd8b82a2997d36fc87f0c9e5b6405-1-scaled-1-1024x682.jpg\" alt=\"\" class=\"wp-image-6002\" srcset=\"https:\/\/www.kliinikum.ee\/haiglaapteek\/wp-content\/uploads\/2023\/07\/54ccd8b82a2997d36fc87f0c9e5b6405-1-scaled-1-1024x682.jpg 1024w, https:\/\/www.kliinikum.ee\/haiglaapteek\/wp-content\/uploads\/2023\/07\/54ccd8b82a2997d36fc87f0c9e5b6405-1-scaled-1-300x200.jpg 300w, https:\/\/www.kliinikum.ee\/haiglaapteek\/wp-content\/uploads\/2023\/07\/54ccd8b82a2997d36fc87f0c9e5b6405-1-scaled-1-768x512.jpg 768w, https:\/\/www.kliinikum.ee\/haiglaapteek\/wp-content\/uploads\/2023\/07\/54ccd8b82a2997d36fc87f0c9e5b6405-1-scaled-1-1536x1024.jpg 1536w, https:\/\/www.kliinikum.ee\/haiglaapteek\/wp-content\/uploads\/2023\/07\/54ccd8b82a2997d36fc87f0c9e5b6405-1-scaled-1-2048x1365.jpg 2048w, https:\/\/www.kliinikum.ee\/haiglaapteek\/wp-content\/uploads\/2023\/07\/54ccd8b82a2997d36fc87f0c9e5b6405-1-scaled-1.jpg 2560w\" sizes=\"auto, (max-width: 1024px) 100vw, 1024px\" \/><\/figure>\n\n\n\n<p class=\"has-text-align-center\"><strong>Kliinilise farmaatsia osakond<\/strong><\/p>\n\n\n\n<p class=\"has-text-align-center has-small-font-size\">Ravimi- ja patsiendiohutuse suurendamine l\u00e4bi tervishoiut\u00f6\u00f6tajate n\u00f5ustamise, koolitamise ja kontrollimise.<\/p>\n<\/div><\/div>\n<\/div><\/div>\n\n\n\n<hr class=\"wp-block-separator has-alpha-channel-opacity\"\/>\n\n\n\n<p class=\"has-text-align-center has-medium-font-size\"><strong>Kliinikumi Apteek ei oma ravimite jaem\u00fc\u00fcgi\u00f5igust, mist\u00f5ttu patsientidele apteek ravimeid ei v\u00e4ljasta.<\/strong><\/p>\n\n\n\n<p class=\"has-text-align-center has-medium-font-size\">K\u00fcll aga osalevad apteegi t\u00f6\u00f6tajad patsientidele suunatud infomaterjalide koostamises. Need on leitavad <a href=\"https:\/\/www.kliinikum.ee\/patsiendiinfo-andmebaas\/\" target=\"_blank\" rel=\"noreferrer noopener\">siit<\/a>.<\/p>\n\n\n\n<hr class=\"wp-block-separator has-alpha-channel-opacity\"\/>\n\n\n\n<p class=\"has-text-align-center has-medium-font-size\">Kui soovid haiglaapteekide kohta rohkem teada, siis k\u00fclasta <a href=\"http:\/\/www.ehas.ee\" target=\"_blank\" rel=\"noreferrer noopener\">Eesti Haiglaapteekrite Seltsi<\/a> kodulehte.<\/p>\n","protected":false},"excerpt":{"rendered":"<p>SA Tartu \u00dclikooli Kliinikumi apteek on Kliinikumi 6. valdkonda kuuluv meditsiiniteenistus, millele on Ravimiameti poolt v\u00e4ljastatud haiglaapteegi tegevusluba ja mis varustab ravimite ja muu apteegikaubaga Kliinikumi kliinikuid ja vajadusel ka teisi ravi- ja hoolekandeasutusi. Tartu \u00dclikooli Kliinikumi apteegi peamised \u00fclesanded on: Kliinikumi Apteek ei oma ravimite jaem\u00fc\u00fcgi\u00f5igust, mist\u00f5ttu patsientidele apteek ravimeid ei v\u00e4ljasta. K\u00fcll aga [&hellip;]<\/p>\n","protected":false},"author":31,"featured_media":0,"parent":0,"menu_order":0,"comment_status":"closed","ping_status":"closed","template":"","meta":{"_acf_changed":false,"_uag_custom_page_level_css":"","footnotes":""},"class_list":["post-15","page","type-page","status-publish","hentry"],"acf":[],"yoast_head":"<!-- This site is optimized with the Yoast SEO plugin v27.3 - https:\/\/yoast.com\/product\/yoast-seo-wordpress\/ -->\n<title>Patsiendile - Haiglaapteek<\/title>\n<meta name=\"robots\" content=\"index, follow, max-snippet:-1, max-image-preview:large, max-video-preview:-1\" \/>\n<link rel=\"canonical\" href=\"https:\/\/www.kliinikum.ee\/haiglaapteek\/patsiendile\/\" \/>\n<meta property=\"og:locale\" content=\"et_EE\" \/>\n<meta property=\"og:type\" content=\"article\" \/>\n<meta property=\"og:title\" content=\"Patsiendile - Haiglaapteek\" \/>\n<meta property=\"og:description\" content=\"SA Tartu \u00dclikooli Kliinikumi apteek on Kliinikumi 6. valdkonda kuuluv meditsiiniteenistus, millele on Ravimiameti poolt v\u00e4ljastatud haiglaapteegi tegevusluba ja mis varustab ravimite ja muu apteegikaubaga Kliinikumi kliinikuid ja vajadusel ka teisi ravi- ja hoolekandeasutusi. Tartu \u00dclikooli Kliinikumi apteegi peamised \u00fclesanded on: Kliinikumi Apteek ei oma ravimite jaem\u00fc\u00fcgi\u00f5igust, mist\u00f5ttu patsientidele apteek ravimeid ei v\u00e4ljasta. K\u00fcll aga [&hellip;]\" \/>\n<meta property=\"og:url\" content=\"https:\/\/www.kliinikum.ee\/haiglaapteek\/patsiendile\/\" \/>\n<meta property=\"og:site_name\" content=\"Haiglaapteek\" \/>\n<meta property=\"article:modified_time\" content=\"2024-06-13T11:59:48+00:00\" \/>\n<meta name=\"twitter:card\" content=\"summary_large_image\" \/>\n<meta name=\"twitter:label1\" content=\"Est. reading time\" \/>\n\t<meta name=\"twitter:data1\" content=\"2 minutit\" \/>\n<script type=\"application\/ld+json\" class=\"yoast-schema-graph\">{\"@context\":\"https:\\\/\\\/schema.org\",\"@graph\":[{\"@type\":\"WebPage\",\"@id\":\"https:\\\/\\\/www.kliinikum.ee\\\/haiglaapteek\\\/patsiendile\\\/\",\"url\":\"https:\\\/\\\/www.kliinikum.ee\\\/haiglaapteek\\\/patsiendile\\\/\",\"name\":\"Patsiendile - Haiglaapteek\",\"isPartOf\":{\"@id\":\"https:\\\/\\\/www.kliinikum.ee\\\/haiglaapteek\\\/#website\"},\"datePublished\":\"2022-11-14T10:00:43+00:00\",\"dateModified\":\"2024-06-13T11:59:48+00:00\",\"inLanguage\":\"et\",\"potentialAction\":[{\"@type\":\"ReadAction\",\"target\":[\"https:\\\/\\\/www.kliinikum.ee\\\/haiglaapteek\\\/patsiendile\\\/\"]}]},{\"@type\":\"WebSite\",\"@id\":\"https:\\\/\\\/www.kliinikum.ee\\\/haiglaapteek\\\/#website\",\"url\":\"https:\\\/\\\/www.kliinikum.ee\\\/haiglaapteek\\\/\",\"name\":\"Haiglaapteek\",\"description\":\"Hoolivus, Uuendusmeelsus, P\u00e4devus ja Usaldusv\u00e4\u00e4rsus\",\"potentialAction\":[{\"@type\":\"SearchAction\",\"target\":{\"@type\":\"EntryPoint\",\"urlTemplate\":\"https:\\\/\\\/www.kliinikum.ee\\\/haiglaapteek\\\/?s={search_term_string}\"},\"query-input\":{\"@type\":\"PropertyValueSpecification\",\"valueRequired\":true,\"valueName\":\"search_term_string\"}}],\"inLanguage\":\"et\"}]}<\/script>\n<!-- \/ Yoast SEO plugin. -->","yoast_head_json":{"title":"Patsiendile - Haiglaapteek","robots":{"index":"index","follow":"follow","max-snippet":"max-snippet:-1","max-image-preview":"max-image-preview:large","max-video-preview":"max-video-preview:-1"},"canonical":"https:\/\/www.kliinikum.ee\/haiglaapteek\/patsiendile\/","og_locale":"et_EE","og_type":"article","og_title":"Patsiendile - Haiglaapteek","og_description":"SA Tartu \u00dclikooli Kliinikumi apteek on Kliinikumi 6. valdkonda kuuluv meditsiiniteenistus, millele on Ravimiameti poolt v\u00e4ljastatud haiglaapteegi tegevusluba ja mis varustab ravimite ja muu apteegikaubaga Kliinikumi kliinikuid ja vajadusel ka teisi ravi- ja hoolekandeasutusi. Tartu \u00dclikooli Kliinikumi apteegi peamised \u00fclesanded on: Kliinikumi Apteek ei oma ravimite jaem\u00fc\u00fcgi\u00f5igust, mist\u00f5ttu patsientidele apteek ravimeid ei v\u00e4ljasta. K\u00fcll aga [&hellip;]","og_url":"https:\/\/www.kliinikum.ee\/haiglaapteek\/patsiendile\/","og_site_name":"Haiglaapteek","article_modified_time":"2024-06-13T11:59:48+00:00","twitter_card":"summary_large_image","twitter_misc":{"Est. reading time":"2 minutit"},"schema":{"@context":"https:\/\/schema.org","@graph":[{"@type":"WebPage","@id":"https:\/\/www.kliinikum.ee\/haiglaapteek\/patsiendile\/","url":"https:\/\/www.kliinikum.ee\/haiglaapteek\/patsiendile\/","name":"Patsiendile - Haiglaapteek","isPartOf":{"@id":"https:\/\/www.kliinikum.ee\/haiglaapteek\/#website"},"datePublished":"2022-11-14T10:00:43+00:00","dateModified":"2024-06-13T11:59:48+00:00","inLanguage":"et","potentialAction":[{"@type":"ReadAction","target":["https:\/\/www.kliinikum.ee\/haiglaapteek\/patsiendile\/"]}]},{"@type":"WebSite","@id":"https:\/\/www.kliinikum.ee\/haiglaapteek\/#website","url":"https:\/\/www.kliinikum.ee\/haiglaapteek\/","name":"Haiglaapteek","description":"Hoolivus, Uuendusmeelsus, P\u00e4devus ja Usaldusv\u00e4\u00e4rsus","potentialAction":[{"@type":"SearchAction","target":{"@type":"EntryPoint","urlTemplate":"https:\/\/www.kliinikum.ee\/haiglaapteek\/?s={search_term_string}"},"query-input":{"@type":"PropertyValueSpecification","valueRequired":true,"valueName":"search_term_string"}}],"inLanguage":"et"}]}},"uagb_featured_image_src":{"full":false,"thumbnail":false,"medium":false,"medium_large":false,"large":false,"1536x1536":false,"2048x2048":false},"uagb_author_info":{"display_name":"Erkky Tugim","author_link":"https:\/\/www.kliinikum.ee\/haiglaapteek\/author\/erkky\/"},"uagb_comment_info":0,"uagb_excerpt":"SA Tartu \u00dclikooli Kliinikumi apteek on Kliinikumi 6. valdkonda kuuluv meditsiiniteenistus, millele on Ravimiameti poolt v\u00e4ljastatud haiglaapteegi tegevusluba ja mis varustab ravimite ja muu apteegikaubaga Kliinikumi kliinikuid ja vajadusel ka teisi ravi- ja hoolekandeasutusi. Tartu \u00dclikooli Kliinikumi apteegi peamised \u00fclesanded on: Kliinikumi Apteek ei oma ravimite jaem\u00fc\u00fcgi\u00f5igust, mist\u00f5ttu patsientidele apteek ravimeid ei v\u00e4ljasta. K\u00fcll aga&hellip;","_links":{"self":[{"href":"https:\/\/www.kliinikum.ee\/haiglaapteek\/wp-json\/wp\/v2\/pages\/15","targetHints":{"allow":["GET"]}}],"collection":[{"href":"https:\/\/www.kliinikum.ee\/haiglaapteek\/wp-json\/wp\/v2\/pages"}],"about":[{"href":"https:\/\/www.kliinikum.ee\/haiglaapteek\/wp-json\/wp\/v2\/types\/page"}],"author":[{"embeddable":true,"href":"https:\/\/www.kliinikum.ee\/haiglaapteek\/wp-json\/wp\/v2\/users\/31"}],"replies":[{"embeddable":true,"href":"https:\/\/www.kliinikum.ee\/haiglaapteek\/wp-json\/wp\/v2\/comments?post=15"}],"version-history":[{"count":0,"href":"https:\/\/www.kliinikum.ee\/haiglaapteek\/wp-json\/wp\/v2\/pages\/15\/revisions"}],"wp:attachment":[{"href":"https:\/\/www.kliinikum.ee\/haiglaapteek\/wp-json\/wp\/v2\/media?parent=15"}],"curies":[{"name":"wp","href":"https:\/\/api.w.org\/{rel}","templated":true}]}}