{"id":5846,"date":"2023-04-26T08:42:25","date_gmt":"2023-04-26T06:42:25","guid":{"rendered":"https:\/\/www.kliinikum.ee\/haiglaapteek\/?page_id=5846"},"modified":"2025-07-03T14:50:40","modified_gmt":"2025-07-03T12:50:40","slug":"osakonnad","status":"publish","type":"page","link":"https:\/\/www.kliinikum.ee\/haiglaapteek\/osakonnad\/","title":{"rendered":"Osakonnad"},"content":{"rendered":"\n<p class=\"has-medium-font-size\" id=\"block-a6eccafb-d628-4f62-805b-7b0853294d99\"><strong>Apteegi eri valdkonna tegevusi viiakse l\u00e4bi kolmes osakonnas:<\/strong><\/p>\n\n\n\n<p class=\"has-medium-font-size\" id=\"block-39caccf8-d161-44bc-be64-eb6fddb36926\"><a href=\"https:\/\/www.kliinikum.ee\/haiglaapteek\/osakonnad\/logistika-osakond\/\">Logistika<\/a><\/p>\n\n\n\n<p class=\"has-medium-font-size\" id=\"block-f86acd36-9229-46e2-8249-7c39efcd588f\"><a href=\"https:\/\/www.kliinikum.ee\/haiglaapteek\/osakonnad\/valmistamise-osakond\/\">Ravimite valmistamine<\/a><\/p>\n\n\n\n<p class=\"has-medium-font-size\" id=\"block-20031a54-39a9-4979-8ddb-1e219110566c\"><a href=\"https:\/\/www.kliinikum.ee\/haiglaapteek\/osakonnad\/kliinilise-farmaatsia-osakond\/\">Kliiniline farmaatsia<\/a><\/p>\n\n\n\n<div class=\"wp-block-uagb-slider uagb-block-6156e67a uagb-slider-container\"><div class=\"uagb-slides uagb-swiper\"><div class=\"swiper-wrapper\">\n<div class=\"wp-block-uagb-slider-child uagb-slider-child-wrap swiper-slide uagb-block-91339576-5657-4deb-94ff-ebc4da4f5058\"><div class=\"swiper-content\">\n<div class=\"wp-block-uagb-container uagb-block-7349365a alignfull uagb-is-root-container\"><div class=\"uagb-container-inner-blocks-wrap\">\n<div class=\"wp-block-group has-global-padding\"><div class=\"wp-block-group__inner-container is-layout-constrained wp-block-group-is-layout-constrained\">\n<div class=\"wp-block-group has-global-padding\"><div class=\"wp-block-group__inner-container is-layout-constrained wp-block-group-is-layout-constrained\">\n<figure class=\"wp-block-gallery has-nested-images columns-default is-cropped wp-block-gallery-1 is-layout-flex wp-block-gallery-is-layout-flex\">\n<figure class=\"wp-block-image size-large\"><img loading=\"lazy\" decoding=\"async\" width=\"1024\" height=\"683\" data-id=\"5975\" src=\"https:\/\/www.kliinikum.ee\/haiglaapteek\/wp-content\/uploads\/2023\/07\/IMG_7447-1024x683.jpg\" alt=\"\" class=\"wp-image-5975\" srcset=\"https:\/\/www.kliinikum.ee\/haiglaapteek\/wp-content\/uploads\/2023\/07\/IMG_7447-1024x683.jpg 1024w, https:\/\/www.kliinikum.ee\/haiglaapteek\/wp-content\/uploads\/2023\/07\/IMG_7447-300x200.jpg 300w, https:\/\/www.kliinikum.ee\/haiglaapteek\/wp-content\/uploads\/2023\/07\/IMG_7447-768x512.jpg 768w, https:\/\/www.kliinikum.ee\/haiglaapteek\/wp-content\/uploads\/2023\/07\/IMG_7447-1536x1024.jpg 1536w, https:\/\/www.kliinikum.ee\/haiglaapteek\/wp-content\/uploads\/2023\/07\/IMG_7447-2048x1365.jpg 2048w, https:\/\/www.kliinikum.ee\/haiglaapteek\/wp-content\/uploads\/2023\/07\/IMG_7447-scaled.jpg 2560w\" sizes=\"auto, (max-width: 1024px) 100vw, 1024px\" \/><\/figure>\n\n\n\n<figure class=\"wp-block-image size-large\"><img loading=\"lazy\" decoding=\"async\" width=\"1024\" height=\"683\" data-id=\"5977\" src=\"https:\/\/www.kliinikum.ee\/haiglaapteek\/wp-content\/uploads\/2023\/07\/IMG_7443-1024x683.jpg\" alt=\"\" class=\"wp-image-5977\" srcset=\"https:\/\/www.kliinikum.ee\/haiglaapteek\/wp-content\/uploads\/2023\/07\/IMG_7443-1024x683.jpg 1024w, https:\/\/www.kliinikum.ee\/haiglaapteek\/wp-content\/uploads\/2023\/07\/IMG_7443-300x200.jpg 300w, https:\/\/www.kliinikum.ee\/haiglaapteek\/wp-content\/uploads\/2023\/07\/IMG_7443-768x512.jpg 768w, https:\/\/www.kliinikum.ee\/haiglaapteek\/wp-content\/uploads\/2023\/07\/IMG_7443-1536x1024.jpg 1536w, https:\/\/www.kliinikum.ee\/haiglaapteek\/wp-content\/uploads\/2023\/07\/IMG_7443-2048x1365.jpg 2048w, https:\/\/www.kliinikum.ee\/haiglaapteek\/wp-content\/uploads\/2023\/07\/IMG_7443-scaled.jpg 2560w\" sizes=\"auto, (max-width: 1024px) 100vw, 1024px\" \/><\/figure>\n<\/figure>\n<\/div><\/div>\n<\/div><\/div>\n<\/div><\/div>\n<\/div><\/div>\n\n\n\n<div class=\"wp-block-uagb-slider-child uagb-slider-child-wrap swiper-slide uagb-block-396d4f19-7668-45a4-bbde-310078d09a4c\"><div class=\"swiper-content\">\n<div class=\"wp-block-uagb-container uagb-block-d521aa1f alignfull uagb-is-root-container\"><div class=\"uagb-container-inner-blocks-wrap\">\n<figure class=\"wp-block-gallery has-nested-images columns-default is-cropped wp-block-gallery-2 is-layout-flex wp-block-gallery-is-layout-flex\">\n<figure class=\"wp-block-image size-large\"><img loading=\"lazy\" decoding=\"async\" width=\"1024\" height=\"683\" data-id=\"5979\" src=\"https:\/\/www.kliinikum.ee\/haiglaapteek\/wp-content\/uploads\/2023\/07\/IMG_7219-1024x683.jpg\" alt=\"\" class=\"wp-image-5979\" srcset=\"https:\/\/www.kliinikum.ee\/haiglaapteek\/wp-content\/uploads\/2023\/07\/IMG_7219-1024x683.jpg 1024w, https:\/\/www.kliinikum.ee\/haiglaapteek\/wp-content\/uploads\/2023\/07\/IMG_7219-300x200.jpg 300w, https:\/\/www.kliinikum.ee\/haiglaapteek\/wp-content\/uploads\/2023\/07\/IMG_7219-768x512.jpg 768w, https:\/\/www.kliinikum.ee\/haiglaapteek\/wp-content\/uploads\/2023\/07\/IMG_7219-1536x1024.jpg 1536w, https:\/\/www.kliinikum.ee\/haiglaapteek\/wp-content\/uploads\/2023\/07\/IMG_7219-2048x1365.jpg 2048w, https:\/\/www.kliinikum.ee\/haiglaapteek\/wp-content\/uploads\/2023\/07\/IMG_7219-scaled.jpg 2560w\" sizes=\"auto, (max-width: 1024px) 100vw, 1024px\" \/><\/figure>\n\n\n\n<figure class=\"wp-block-image size-large\"><img loading=\"lazy\" decoding=\"async\" width=\"1024\" height=\"683\" data-id=\"5971\" src=\"https:\/\/www.kliinikum.ee\/haiglaapteek\/wp-content\/uploads\/2023\/07\/IMG_7222-1024x683.jpg\" alt=\"\" class=\"wp-image-5971\" srcset=\"https:\/\/www.kliinikum.ee\/haiglaapteek\/wp-content\/uploads\/2023\/07\/IMG_7222-1024x683.jpg 1024w, https:\/\/www.kliinikum.ee\/haiglaapteek\/wp-content\/uploads\/2023\/07\/IMG_7222-300x200.jpg 300w, https:\/\/www.kliinikum.ee\/haiglaapteek\/wp-content\/uploads\/2023\/07\/IMG_7222-768x512.jpg 768w, https:\/\/www.kliinikum.ee\/haiglaapteek\/wp-content\/uploads\/2023\/07\/IMG_7222-1536x1024.jpg 1536w, https:\/\/www.kliinikum.ee\/haiglaapteek\/wp-content\/uploads\/2023\/07\/IMG_7222-2048x1365.jpg 2048w, https:\/\/www.kliinikum.ee\/haiglaapteek\/wp-content\/uploads\/2023\/07\/IMG_7222-scaled.jpg 2560w\" sizes=\"auto, (max-width: 1024px) 100vw, 1024px\" \/><\/figure>\n<\/figure>\n<\/div><\/div>\n<\/div><\/div>\n\n\n\n<div class=\"wp-block-uagb-slider-child uagb-slider-child-wrap swiper-slide uagb-block-70407377-223f-406b-ade5-af061c2ae988\"><div class=\"swiper-content\">\n<div class=\"wp-block-uagb-container uagb-block-32fd6474 alignfull uagb-is-root-container\"><div class=\"uagb-container-inner-blocks-wrap\">\n<figure class=\"wp-block-gallery has-nested-images columns-default is-cropped wp-block-gallery-3 is-layout-flex wp-block-gallery-is-layout-flex\">\n<figure class=\"wp-block-image size-large\"><img loading=\"lazy\" decoding=\"async\" width=\"1024\" height=\"683\" data-id=\"5973\" src=\"https:\/\/www.kliinikum.ee\/haiglaapteek\/wp-content\/uploads\/2023\/07\/IMG_7340-1024x683.jpg\" alt=\"\" class=\"wp-image-5973\" srcset=\"https:\/\/www.kliinikum.ee\/haiglaapteek\/wp-content\/uploads\/2023\/07\/IMG_7340-1024x683.jpg 1024w, https:\/\/www.kliinikum.ee\/haiglaapteek\/wp-content\/uploads\/2023\/07\/IMG_7340-300x200.jpg 300w, https:\/\/www.kliinikum.ee\/haiglaapteek\/wp-content\/uploads\/2023\/07\/IMG_7340-768x512.jpg 768w, https:\/\/www.kliinikum.ee\/haiglaapteek\/wp-content\/uploads\/2023\/07\/IMG_7340-1536x1024.jpg 1536w, https:\/\/www.kliinikum.ee\/haiglaapteek\/wp-content\/uploads\/2023\/07\/IMG_7340-2048x1365.jpg 2048w, https:\/\/www.kliinikum.ee\/haiglaapteek\/wp-content\/uploads\/2023\/07\/IMG_7340-scaled.jpg 2560w\" sizes=\"auto, (max-width: 1024px) 100vw, 1024px\" \/><\/figure>\n\n\n\n<figure class=\"wp-block-image size-large\"><img loading=\"lazy\" decoding=\"async\" width=\"1024\" height=\"683\" data-id=\"5969\" src=\"https:\/\/www.kliinikum.ee\/haiglaapteek\/wp-content\/uploads\/2023\/07\/IMG_7038-1024x683.jpg\" alt=\"\" class=\"wp-image-5969\" srcset=\"https:\/\/www.kliinikum.ee\/haiglaapteek\/wp-content\/uploads\/2023\/07\/IMG_7038-1024x683.jpg 1024w, https:\/\/www.kliinikum.ee\/haiglaapteek\/wp-content\/uploads\/2023\/07\/IMG_7038-300x200.jpg 300w, https:\/\/www.kliinikum.ee\/haiglaapteek\/wp-content\/uploads\/2023\/07\/IMG_7038-768x512.jpg 768w, https:\/\/www.kliinikum.ee\/haiglaapteek\/wp-content\/uploads\/2023\/07\/IMG_7038-1536x1024.jpg 1536w, https:\/\/www.kliinikum.ee\/haiglaapteek\/wp-content\/uploads\/2023\/07\/IMG_7038-2048x1365.jpg 2048w, https:\/\/www.kliinikum.ee\/haiglaapteek\/wp-content\/uploads\/2023\/07\/IMG_7038-scaled.jpg 2560w\" sizes=\"auto, (max-width: 1024px) 100vw, 1024px\" \/><\/figure>\n<\/figure>\n<\/div><\/div>\n<\/div><\/div>\n\n\n\n<div class=\"wp-block-uagb-slider-child uagb-slider-child-wrap swiper-slide uagb-block-5b785776-ed50-4850-ae3b-9a2c9abe6d42\"><div class=\"swiper-content\">\n<div class=\"wp-block-uagb-container uagb-block-24b00251 alignfull uagb-is-root-container\"><div class=\"uagb-container-inner-blocks-wrap\">\n<figure class=\"wp-block-gallery has-nested-images columns-default is-cropped wp-block-gallery-4 is-layout-flex wp-block-gallery-is-layout-flex\">\n<figure class=\"wp-block-image size-large\"><img loading=\"lazy\" decoding=\"async\" width=\"1024\" height=\"683\" data-id=\"5965\" src=\"https:\/\/www.kliinikum.ee\/haiglaapteek\/wp-content\/uploads\/2023\/07\/IMG_6949-1024x683.jpg\" alt=\"\" class=\"wp-image-5965\" srcset=\"https:\/\/www.kliinikum.ee\/haiglaapteek\/wp-content\/uploads\/2023\/07\/IMG_6949-1024x683.jpg 1024w, https:\/\/www.kliinikum.ee\/haiglaapteek\/wp-content\/uploads\/2023\/07\/IMG_6949-300x200.jpg 300w, https:\/\/www.kliinikum.ee\/haiglaapteek\/wp-content\/uploads\/2023\/07\/IMG_6949-768x512.jpg 768w, https:\/\/www.kliinikum.ee\/haiglaapteek\/wp-content\/uploads\/2023\/07\/IMG_6949-1536x1024.jpg 1536w, https:\/\/www.kliinikum.ee\/haiglaapteek\/wp-content\/uploads\/2023\/07\/IMG_6949-2048x1365.jpg 2048w, https:\/\/www.kliinikum.ee\/haiglaapteek\/wp-content\/uploads\/2023\/07\/IMG_6949-scaled.jpg 2560w\" sizes=\"auto, (max-width: 1024px) 100vw, 1024px\" \/><\/figure>\n\n\n\n<figure class=\"wp-block-image size-large\"><img loading=\"lazy\" decoding=\"async\" width=\"1024\" height=\"683\" data-id=\"5995\" src=\"https:\/\/www.kliinikum.ee\/haiglaapteek\/wp-content\/uploads\/2023\/07\/IMG_6724-1024x683.jpg\" alt=\"\" class=\"wp-image-5995\" srcset=\"https:\/\/www.kliinikum.ee\/haiglaapteek\/wp-content\/uploads\/2023\/07\/IMG_6724-1024x683.jpg 1024w, https:\/\/www.kliinikum.ee\/haiglaapteek\/wp-content\/uploads\/2023\/07\/IMG_6724-300x200.jpg 300w, https:\/\/www.kliinikum.ee\/haiglaapteek\/wp-content\/uploads\/2023\/07\/IMG_6724-768x512.jpg 768w, https:\/\/www.kliinikum.ee\/haiglaapteek\/wp-content\/uploads\/2023\/07\/IMG_6724-1536x1024.jpg 1536w, https:\/\/www.kliinikum.ee\/haiglaapteek\/wp-content\/uploads\/2023\/07\/IMG_6724-2048x1365.jpg 2048w, https:\/\/www.kliinikum.ee\/haiglaapteek\/wp-content\/uploads\/2023\/07\/IMG_6724-scaled.jpg 2560w\" sizes=\"auto, (max-width: 1024px) 100vw, 1024px\" \/><\/figure>\n<\/figure>\n<\/div><\/div>\n<\/div><\/div>\n\n\n\n<div class=\"wp-block-uagb-slider-child uagb-slider-child-wrap swiper-slide uagb-block-9b1d3008-bfaa-4c24-a8f6-cb17073171d3\"><div class=\"swiper-content\">\n<div class=\"wp-block-uagb-container uagb-block-b45f1a0b alignfull uagb-is-root-container\"><div class=\"uagb-container-inner-blocks-wrap\">\n<figure class=\"wp-block-gallery has-nested-images columns-default is-cropped wp-block-gallery-5 is-layout-flex wp-block-gallery-is-layout-flex\">\n<figure class=\"wp-block-image size-large\"><img loading=\"lazy\" decoding=\"async\" width=\"1024\" height=\"683\" data-id=\"5967\" src=\"https:\/\/www.kliinikum.ee\/haiglaapteek\/wp-content\/uploads\/2023\/07\/IMG_6926-1024x683.jpg\" alt=\"\" class=\"wp-image-5967\" srcset=\"https:\/\/www.kliinikum.ee\/haiglaapteek\/wp-content\/uploads\/2023\/07\/IMG_6926-1024x683.jpg 1024w, https:\/\/www.kliinikum.ee\/haiglaapteek\/wp-content\/uploads\/2023\/07\/IMG_6926-300x200.jpg 300w, https:\/\/www.kliinikum.ee\/haiglaapteek\/wp-content\/uploads\/2023\/07\/IMG_6926-768x512.jpg 768w, https:\/\/www.kliinikum.ee\/haiglaapteek\/wp-content\/uploads\/2023\/07\/IMG_6926-1536x1024.jpg 1536w, https:\/\/www.kliinikum.ee\/haiglaapteek\/wp-content\/uploads\/2023\/07\/IMG_6926-2048x1365.jpg 2048w, https:\/\/www.kliinikum.ee\/haiglaapteek\/wp-content\/uploads\/2023\/07\/IMG_6926-scaled.jpg 2560w\" sizes=\"auto, (max-width: 1024px) 100vw, 1024px\" \/><\/figure>\n\n\n\n<figure class=\"wp-block-image size-large\"><img loading=\"lazy\" decoding=\"async\" width=\"1024\" height=\"683\" data-id=\"5997\" src=\"https:\/\/www.kliinikum.ee\/haiglaapteek\/wp-content\/uploads\/2023\/07\/IMG_6771-1024x683.jpg\" alt=\"\" class=\"wp-image-5997\" srcset=\"https:\/\/www.kliinikum.ee\/haiglaapteek\/wp-content\/uploads\/2023\/07\/IMG_6771-1024x683.jpg 1024w, https:\/\/www.kliinikum.ee\/haiglaapteek\/wp-content\/uploads\/2023\/07\/IMG_6771-300x200.jpg 300w, https:\/\/www.kliinikum.ee\/haiglaapteek\/wp-content\/uploads\/2023\/07\/IMG_6771-768x512.jpg 768w, https:\/\/www.kliinikum.ee\/haiglaapteek\/wp-content\/uploads\/2023\/07\/IMG_6771-1536x1024.jpg 1536w, https:\/\/www.kliinikum.ee\/haiglaapteek\/wp-content\/uploads\/2023\/07\/IMG_6771-2048x1365.jpg 2048w, https:\/\/www.kliinikum.ee\/haiglaapteek\/wp-content\/uploads\/2023\/07\/IMG_6771-scaled.jpg 2560w\" sizes=\"auto, (max-width: 1024px) 100vw, 1024px\" \/><\/figure>\n<\/figure>\n<\/div><\/div>\n<\/div><\/div>\n\n\n\n<div class=\"wp-block-uagb-slider-child uagb-slider-child-wrap swiper-slide uagb-block-f20029f5-2c58-4451-8aea-0216dcd96753\"><div class=\"swiper-content\">\n<div class=\"wp-block-uagb-container uagb-block-0116d0c9 alignfull uagb-is-root-container\"><div class=\"uagb-container-inner-blocks-wrap\">\n<figure class=\"wp-block-gallery has-nested-images columns-default is-cropped wp-block-gallery-6 is-layout-flex wp-block-gallery-is-layout-flex\">\n<figure class=\"wp-block-image size-large\"><img loading=\"lazy\" decoding=\"async\" width=\"1024\" height=\"683\" data-id=\"5963\" src=\"https:\/\/www.kliinikum.ee\/haiglaapteek\/wp-content\/uploads\/2023\/07\/IMG_6387-1024x683.jpg\" alt=\"\" class=\"wp-image-5963\" srcset=\"https:\/\/www.kliinikum.ee\/haiglaapteek\/wp-content\/uploads\/2023\/07\/IMG_6387-1024x683.jpg 1024w, https:\/\/www.kliinikum.ee\/haiglaapteek\/wp-content\/uploads\/2023\/07\/IMG_6387-300x200.jpg 300w, https:\/\/www.kliinikum.ee\/haiglaapteek\/wp-content\/uploads\/2023\/07\/IMG_6387-768x512.jpg 768w, https:\/\/www.kliinikum.ee\/haiglaapteek\/wp-content\/uploads\/2023\/07\/IMG_6387-1536x1024.jpg 1536w, https:\/\/www.kliinikum.ee\/haiglaapteek\/wp-content\/uploads\/2023\/07\/IMG_6387-2048x1365.jpg 2048w, https:\/\/www.kliinikum.ee\/haiglaapteek\/wp-content\/uploads\/2023\/07\/IMG_6387-scaled.jpg 2560w\" sizes=\"auto, (max-width: 1024px) 100vw, 1024px\" \/><\/figure>\n\n\n\n<figure class=\"wp-block-image size-large\"><img loading=\"lazy\" decoding=\"async\" width=\"1024\" height=\"683\" data-id=\"5981\" src=\"https:\/\/www.kliinikum.ee\/haiglaapteek\/wp-content\/uploads\/2023\/07\/IMG_6496-1024x683.jpg\" alt=\"\" class=\"wp-image-5981\" srcset=\"https:\/\/www.kliinikum.ee\/haiglaapteek\/wp-content\/uploads\/2023\/07\/IMG_6496-1024x683.jpg 1024w, https:\/\/www.kliinikum.ee\/haiglaapteek\/wp-content\/uploads\/2023\/07\/IMG_6496-300x200.jpg 300w, https:\/\/www.kliinikum.ee\/haiglaapteek\/wp-content\/uploads\/2023\/07\/IMG_6496-768x512.jpg 768w, https:\/\/www.kliinikum.ee\/haiglaapteek\/wp-content\/uploads\/2023\/07\/IMG_6496-1536x1024.jpg 1536w, https:\/\/www.kliinikum.ee\/haiglaapteek\/wp-content\/uploads\/2023\/07\/IMG_6496-2048x1365.jpg 2048w, https:\/\/www.kliinikum.ee\/haiglaapteek\/wp-content\/uploads\/2023\/07\/IMG_6496-scaled.jpg 2560w\" sizes=\"auto, (max-width: 1024px) 100vw, 1024px\" \/><\/figure>\n<\/figure>\n<\/div><\/div>\n<\/div><\/div>\n<\/div><\/div><div class=\"swiper-pagination\"><\/div><div class=\"swiper-button-prev\"><\/div><div class=\"swiper-button-next\"><\/div><\/div>\n","protected":false},"excerpt":{"rendered":"<p>Apteegi eri valdkonna tegevusi viiakse l\u00e4bi kolmes osakonnas: Logistika Ravimite valmistamine Kliiniline farmaatsia<\/p>\n","protected":false},"author":33,"featured_media":0,"parent":0,"menu_order":0,"comment_status":"closed","ping_status":"closed","template":"","meta":{"_acf_changed":false,"_uag_custom_page_level_css":"","footnotes":""},"class_list":["post-5846","page","type-page","status-publish","hentry"],"acf":[],"yoast_head":"<!-- This site is optimized with the Yoast SEO plugin v27.3 - https:\/\/yoast.com\/product\/yoast-seo-wordpress\/ -->\n<title>Osakonnad - Haiglaapteek<\/title>\n<meta name=\"robots\" content=\"index, follow, max-snippet:-1, max-image-preview:large, max-video-preview:-1\" \/>\n<link rel=\"canonical\" href=\"https:\/\/www.kliinikum.ee\/haiglaapteek\/osakonnad\/\" \/>\n<meta property=\"og:locale\" content=\"et_EE\" \/>\n<meta property=\"og:type\" content=\"article\" \/>\n<meta property=\"og:title\" content=\"Osakonnad - Haiglaapteek\" \/>\n<meta property=\"og:description\" content=\"Apteegi eri valdkonna tegevusi viiakse l\u00e4bi kolmes osakonnas: Logistika Ravimite valmistamine Kliiniline farmaatsia\" \/>\n<meta property=\"og:url\" content=\"https:\/\/www.kliinikum.ee\/haiglaapteek\/osakonnad\/\" \/>\n<meta property=\"og:site_name\" content=\"Haiglaapteek\" \/>\n<meta property=\"article:modified_time\" content=\"2025-07-03T12:50:40+00:00\" \/>\n<meta property=\"og:image\" content=\"https:\/\/www.kliinikum.ee\/haiglaapteek\/wp-content\/uploads\/2023\/07\/IMG_7447-scaled.jpg\" \/>\n\t<meta property=\"og:image:width\" content=\"2560\" \/>\n\t<meta property=\"og:image:height\" content=\"1706\" \/>\n\t<meta property=\"og:image:type\" content=\"image\/jpeg\" \/>\n<meta name=\"twitter:card\" content=\"summary_large_image\" \/>\n<meta name=\"twitter:label1\" content=\"Est. reading time\" \/>\n\t<meta name=\"twitter:data1\" content=\"3 minutit\" \/>\n<script type=\"application\/ld+json\" class=\"yoast-schema-graph\">{\"@context\":\"https:\\\/\\\/schema.org\",\"@graph\":[{\"@type\":\"WebPage\",\"@id\":\"https:\\\/\\\/www.kliinikum.ee\\\/haiglaapteek\\\/osakonnad\\\/\",\"url\":\"https:\\\/\\\/www.kliinikum.ee\\\/haiglaapteek\\\/osakonnad\\\/\",\"name\":\"Osakonnad - Haiglaapteek\",\"isPartOf\":{\"@id\":\"https:\\\/\\\/www.kliinikum.ee\\\/haiglaapteek\\\/#website\"},\"primaryImageOfPage\":{\"@id\":\"https:\\\/\\\/www.kliinikum.ee\\\/haiglaapteek\\\/osakonnad\\\/#primaryimage\"},\"image\":{\"@id\":\"https:\\\/\\\/www.kliinikum.ee\\\/haiglaapteek\\\/osakonnad\\\/#primaryimage\"},\"thumbnailUrl\":\"https:\\\/\\\/www.kliinikum.ee\\\/haiglaapteek\\\/wp-content\\\/uploads\\\/2023\\\/07\\\/IMG_7447-1024x683.jpg\",\"datePublished\":\"2023-04-26T06:42:25+00:00\",\"dateModified\":\"2025-07-03T12:50:40+00:00\",\"inLanguage\":\"et\",\"potentialAction\":[{\"@type\":\"ReadAction\",\"target\":[\"https:\\\/\\\/www.kliinikum.ee\\\/haiglaapteek\\\/osakonnad\\\/\"]}]},{\"@type\":\"ImageObject\",\"inLanguage\":\"et\",\"@id\":\"https:\\\/\\\/www.kliinikum.ee\\\/haiglaapteek\\\/osakonnad\\\/#primaryimage\",\"url\":\"https:\\\/\\\/www.kliinikum.ee\\\/haiglaapteek\\\/wp-content\\\/uploads\\\/2023\\\/07\\\/IMG_7447-scaled.jpg\",\"contentUrl\":\"https:\\\/\\\/www.kliinikum.ee\\\/haiglaapteek\\\/wp-content\\\/uploads\\\/2023\\\/07\\\/IMG_7447-scaled.jpg\",\"width\":2560,\"height\":1706},{\"@type\":\"WebSite\",\"@id\":\"https:\\\/\\\/www.kliinikum.ee\\\/haiglaapteek\\\/#website\",\"url\":\"https:\\\/\\\/www.kliinikum.ee\\\/haiglaapteek\\\/\",\"name\":\"Haiglaapteek\",\"description\":\"Hoolivus, Uuendusmeelsus, P\u00e4devus ja Usaldusv\u00e4\u00e4rsus\",\"potentialAction\":[{\"@type\":\"SearchAction\",\"target\":{\"@type\":\"EntryPoint\",\"urlTemplate\":\"https:\\\/\\\/www.kliinikum.ee\\\/haiglaapteek\\\/?s={search_term_string}\"},\"query-input\":{\"@type\":\"PropertyValueSpecification\",\"valueRequired\":true,\"valueName\":\"search_term_string\"}}],\"inLanguage\":\"et\"}]}<\/script>\n<!-- \/ Yoast SEO plugin. -->","yoast_head_json":{"title":"Osakonnad - Haiglaapteek","robots":{"index":"index","follow":"follow","max-snippet":"max-snippet:-1","max-image-preview":"max-image-preview:large","max-video-preview":"max-video-preview:-1"},"canonical":"https:\/\/www.kliinikum.ee\/haiglaapteek\/osakonnad\/","og_locale":"et_EE","og_type":"article","og_title":"Osakonnad - Haiglaapteek","og_description":"Apteegi eri valdkonna tegevusi viiakse l\u00e4bi kolmes osakonnas: Logistika Ravimite valmistamine Kliiniline farmaatsia","og_url":"https:\/\/www.kliinikum.ee\/haiglaapteek\/osakonnad\/","og_site_name":"Haiglaapteek","article_modified_time":"2025-07-03T12:50:40+00:00","og_image":[{"width":2560,"height":1706,"url":"https:\/\/www.kliinikum.ee\/haiglaapteek\/wp-content\/uploads\/2023\/07\/IMG_7447-scaled.jpg","type":"image\/jpeg"}],"twitter_card":"summary_large_image","twitter_misc":{"Est. reading time":"3 minutit"},"schema":{"@context":"https:\/\/schema.org","@graph":[{"@type":"WebPage","@id":"https:\/\/www.kliinikum.ee\/haiglaapteek\/osakonnad\/","url":"https:\/\/www.kliinikum.ee\/haiglaapteek\/osakonnad\/","name":"Osakonnad - Haiglaapteek","isPartOf":{"@id":"https:\/\/www.kliinikum.ee\/haiglaapteek\/#website"},"primaryImageOfPage":{"@id":"https:\/\/www.kliinikum.ee\/haiglaapteek\/osakonnad\/#primaryimage"},"image":{"@id":"https:\/\/www.kliinikum.ee\/haiglaapteek\/osakonnad\/#primaryimage"},"thumbnailUrl":"https:\/\/www.kliinikum.ee\/haiglaapteek\/wp-content\/uploads\/2023\/07\/IMG_7447-1024x683.jpg","datePublished":"2023-04-26T06:42:25+00:00","dateModified":"2025-07-03T12:50:40+00:00","inLanguage":"et","potentialAction":[{"@type":"ReadAction","target":["https:\/\/www.kliinikum.ee\/haiglaapteek\/osakonnad\/"]}]},{"@type":"ImageObject","inLanguage":"et","@id":"https:\/\/www.kliinikum.ee\/haiglaapteek\/osakonnad\/#primaryimage","url":"https:\/\/www.kliinikum.ee\/haiglaapteek\/wp-content\/uploads\/2023\/07\/IMG_7447-scaled.jpg","contentUrl":"https:\/\/www.kliinikum.ee\/haiglaapteek\/wp-content\/uploads\/2023\/07\/IMG_7447-scaled.jpg","width":2560,"height":1706},{"@type":"WebSite","@id":"https:\/\/www.kliinikum.ee\/haiglaapteek\/#website","url":"https:\/\/www.kliinikum.ee\/haiglaapteek\/","name":"Haiglaapteek","description":"Hoolivus, Uuendusmeelsus, P\u00e4devus ja Usaldusv\u00e4\u00e4rsus","potentialAction":[{"@type":"SearchAction","target":{"@type":"EntryPoint","urlTemplate":"https:\/\/www.kliinikum.ee\/haiglaapteek\/?s={search_term_string}"},"query-input":{"@type":"PropertyValueSpecification","valueRequired":true,"valueName":"search_term_string"}}],"inLanguage":"et"}]}},"uagb_featured_image_src":{"full":false,"thumbnail":false,"medium":false,"medium_large":false,"large":false,"1536x1536":false,"2048x2048":false},"uagb_author_info":{"display_name":"Jane Freimann","author_link":"https:\/\/www.kliinikum.ee\/haiglaapteek\/author\/janef\/"},"uagb_comment_info":0,"uagb_excerpt":"Apteegi eri valdkonna tegevusi viiakse l\u00e4bi kolmes osakonnas: Logistika Ravimite valmistamine Kliiniline farmaatsia","_links":{"self":[{"href":"https:\/\/www.kliinikum.ee\/haiglaapteek\/wp-json\/wp\/v2\/pages\/5846","targetHints":{"allow":["GET"]}}],"collection":[{"href":"https:\/\/www.kliinikum.ee\/haiglaapteek\/wp-json\/wp\/v2\/pages"}],"about":[{"href":"https:\/\/www.kliinikum.ee\/haiglaapteek\/wp-json\/wp\/v2\/types\/page"}],"author":[{"embeddable":true,"href":"https:\/\/www.kliinikum.ee\/haiglaapteek\/wp-json\/wp\/v2\/users\/33"}],"replies":[{"embeddable":true,"href":"https:\/\/www.kliinikum.ee\/haiglaapteek\/wp-json\/wp\/v2\/comments?post=5846"}],"version-history":[{"count":0,"href":"https:\/\/www.kliinikum.ee\/haiglaapteek\/wp-json\/wp\/v2\/pages\/5846\/revisions"}],"wp:attachment":[{"href":"https:\/\/www.kliinikum.ee\/haiglaapteek\/wp-json\/wp\/v2\/media?parent=5846"}],"curies":[{"name":"wp","href":"https:\/\/api.w.org\/{rel}","templated":true}]}}