{"id":5854,"date":"2023-04-26T08:46:53","date_gmt":"2023-04-26T06:46:53","guid":{"rendered":"https:\/\/www.kliinikum.ee\/haiglaapteek\/?page_id=5854"},"modified":"2025-06-05T11:00:08","modified_gmt":"2025-06-05T09:00:08","slug":"kauba-tarnijatele","status":"publish","type":"page","link":"https:\/\/www.kliinikum.ee\/haiglaapteek\/osakonnad\/logistika-osakond\/kauba-tarnijatele\/","title":{"rendered":"Kauba tarnijatele"},"content":{"rendered":"\n<p class=\"has-medium-font-size\">Tartu \u00dclikooli Kliinikumi apteek on avatud <strong>E-R kella 8:00-16:00<\/strong> (erikokkuleppel 7:30-16:30).<\/p>\n\n\n\n<p class=\"has-large-font-size\"><strong>Aadress<\/strong><\/p>\n\n\n\n<div class=\"wp-block-columns is-layout-flex wp-container-core-columns-is-layout-28f84493 wp-block-columns-is-layout-flex\">\n<div class=\"wp-block-column is-layout-flow wp-block-column-is-layout-flow\">\n<p class=\"has-medium-font-size\"><strong>Apteek:<\/strong> Puusepa tn 8, 50406 Tartu; J-korpuse 0 korrus (L-korpuse all); laadimisala 3.<\/p>\n\n\n\t\t\t<div \n\t\t\tclass=\"wp-block-uagb-google-map uagb-google-map__wrap uagb-block-9f0c846d     \"\n\t\t\tstyle=\"\" >\n\t\t\t\t<embed\n\t\t\t\t\tclass=\"uagb-google-map__iframe\"\n\t\t\t\t\ttitle=\"Google Map for \"\n\t\t\t\t\tsrc=\"https:\/\/maps.google.com\/maps?q=L.%20Puusepa%208%20hoone%20J-korpuse%200%20korrusel%20%28L-korpuse%20all%29%2C%20laadimisala%203&z=12&hl=en&t=m&output=embed&iwloc=near\"\n\t\t\t\t\twidth=\"640\"\n\t\t\t\t\theight=\"300\"\n\t\t\t\t\tloading=\"lazy\"\n\t\t\t\t><\/embed>\n\t\t\t<\/div>\n\t\t\t\n\n\n<p>K\u00f5ige mugavam on kaupa tuua L. Puusepa 8 <strong>3. teenindusala<\/strong> kaudu (t\u00e4histatud punase t\u00e4piga, sissep\u00e4\u00e4s N. Lunini t\u00e4navalt).<\/p>\n\n\n\n<div class=\"wp-block-uagb-container uagb-block-da9ee5fd alignfull uagb-is-root-container\"><div class=\"uagb-container-inner-blocks-wrap\">\n<div class=\"wp-block-uagb-container uagb-block-38d1be15\">\n<figure class=\"wp-block-image size-full\"><img loading=\"lazy\" decoding=\"async\" width=\"874\" height=\"524\" src=\"https:\/\/www.kliinikum.ee\/haiglaapteek\/wp-content\/uploads\/2023\/05\/apteegi-asukoht.png\" alt=\"\" class=\"wp-image-5921\" srcset=\"https:\/\/www.kliinikum.ee\/haiglaapteek\/wp-content\/uploads\/2023\/05\/apteegi-asukoht.png 874w, https:\/\/www.kliinikum.ee\/haiglaapteek\/wp-content\/uploads\/2023\/05\/apteegi-asukoht-300x180.png 300w, https:\/\/www.kliinikum.ee\/haiglaapteek\/wp-content\/uploads\/2023\/05\/apteegi-asukoht-768x460.png 768w\" sizes=\"auto, (max-width: 874px) 100vw, 874px\" \/><\/figure>\n<\/div>\n\n\n\n<div class=\"wp-block-uagb-container uagb-block-11fe2884\">\n<figure class=\"wp-block-image size-large\"><img loading=\"lazy\" decoding=\"async\" width=\"1024\" height=\"683\" src=\"https:\/\/www.kliinikum.ee\/haiglaapteek\/wp-content\/uploads\/2023\/07\/IMG_7443-1024x683.jpg\" alt=\"\" class=\"wp-image-5977\" srcset=\"https:\/\/www.kliinikum.ee\/haiglaapteek\/wp-content\/uploads\/2023\/07\/IMG_7443-1024x683.jpg 1024w, https:\/\/www.kliinikum.ee\/haiglaapteek\/wp-content\/uploads\/2023\/07\/IMG_7443-300x200.jpg 300w, https:\/\/www.kliinikum.ee\/haiglaapteek\/wp-content\/uploads\/2023\/07\/IMG_7443-768x512.jpg 768w, https:\/\/www.kliinikum.ee\/haiglaapteek\/wp-content\/uploads\/2023\/07\/IMG_7443-1536x1024.jpg 1536w, https:\/\/www.kliinikum.ee\/haiglaapteek\/wp-content\/uploads\/2023\/07\/IMG_7443-2048x1365.jpg 2048w, https:\/\/www.kliinikum.ee\/haiglaapteek\/wp-content\/uploads\/2023\/07\/IMG_7443-scaled.jpg 2560w\" sizes=\"auto, (max-width: 1024px) 100vw, 1024px\" \/><\/figure>\n<\/div>\n<\/div><\/div>\n\n\n\n<p class=\"has-medium-font-size\"><strong>Haruapteek:<\/strong> Vinkli tn 4, 51014 Tartu; ladu 9.<\/p>\n<\/div>\n<\/div>\n\n\n\t\t\t<div \n\t\t\tclass=\"wp-block-uagb-google-map uagb-google-map__wrap uagb-block-4b3588d3     \"\n\t\t\tstyle=\"\" >\n\t\t\t\t<embed\n\t\t\t\t\tclass=\"uagb-google-map__iframe\"\n\t\t\t\t\ttitle=\"Google Map for \"\n\t\t\t\t\tsrc=\"https:\/\/maps.google.com\/maps?q=Vinkli%204&z=12&hl=en&t=m&output=embed&iwloc=near\"\n\t\t\t\t\twidth=\"640\"\n\t\t\t\t\theight=\"300\"\n\t\t\t\t\tloading=\"lazy\"\n\t\t\t\t><\/embed>\n\t\t\t<\/div>\n\t\t\t\n\n\n<p><\/p>\n","protected":false},"excerpt":{"rendered":"<p>Tartu \u00dclikooli Kliinikumi apteek on avatud E-R kella 8:00-16:00 (erikokkuleppel 7:30-16:30). Aadress Apteek: Puusepa tn 8, 50406 Tartu; J-korpuse 0 korrus (L-korpuse all); laadimisala 3. K\u00f5ige mugavam on kaupa tuua L. Puusepa 8 3. teenindusala kaudu (t\u00e4histatud punase t\u00e4piga, sissep\u00e4\u00e4s N. Lunini t\u00e4navalt). Haruapteek: Vinkli tn 4, 51014 Tartu; ladu 9.<\/p>\n","protected":false},"author":33,"featured_media":0,"parent":6524,"menu_order":2,"comment_status":"closed","ping_status":"closed","template":"","meta":{"_acf_changed":false,"_uag_custom_page_level_css":"","footnotes":""},"class_list":["post-5854","page","type-page","status-publish","hentry"],"acf":[],"yoast_head":"<!-- This site is optimized with the Yoast SEO plugin v27.3 - https:\/\/yoast.com\/product\/yoast-seo-wordpress\/ -->\n<title>Kauba tarnijatele - Haiglaapteek<\/title>\n<meta name=\"robots\" content=\"index, follow, max-snippet:-1, max-image-preview:large, max-video-preview:-1\" \/>\n<link rel=\"canonical\" href=\"https:\/\/www.kliinikum.ee\/haiglaapteek\/osakonnad\/logistika-osakond\/kauba-tarnijatele\/\" \/>\n<meta property=\"og:locale\" content=\"et_EE\" \/>\n<meta property=\"og:type\" content=\"article\" \/>\n<meta property=\"og:title\" content=\"Kauba tarnijatele - Haiglaapteek\" \/>\n<meta property=\"og:description\" content=\"Tartu \u00dclikooli Kliinikumi apteek on avatud E-R kella 8:00-16:00 (erikokkuleppel 7:30-16:30). Aadress Apteek: Puusepa tn 8, 50406 Tartu; J-korpuse 0 korrus (L-korpuse all); laadimisala 3. K\u00f5ige mugavam on kaupa tuua L. Puusepa 8 3. teenindusala kaudu (t\u00e4histatud punase t\u00e4piga, sissep\u00e4\u00e4s N. Lunini t\u00e4navalt). Haruapteek: Vinkli tn 4, 51014 Tartu; ladu 9.\" \/>\n<meta property=\"og:url\" content=\"https:\/\/www.kliinikum.ee\/haiglaapteek\/osakonnad\/logistika-osakond\/kauba-tarnijatele\/\" \/>\n<meta property=\"og:site_name\" content=\"Haiglaapteek\" \/>\n<meta property=\"article:modified_time\" content=\"2025-06-05T09:00:08+00:00\" \/>\n<meta property=\"og:image\" content=\"https:\/\/www.kliinikum.ee\/haiglaapteek\/wp-content\/uploads\/2023\/05\/apteegi-asukoht.png\" \/>\n\t<meta property=\"og:image:width\" content=\"874\" \/>\n\t<meta property=\"og:image:height\" content=\"524\" \/>\n\t<meta property=\"og:image:type\" content=\"image\/png\" \/>\n<meta name=\"twitter:card\" content=\"summary_large_image\" \/>\n<meta name=\"twitter:label1\" content=\"Est. reading time\" \/>\n\t<meta name=\"twitter:data1\" content=\"1 minut\" \/>\n<script type=\"application\/ld+json\" class=\"yoast-schema-graph\">{\"@context\":\"https:\\\/\\\/schema.org\",\"@graph\":[{\"@type\":\"WebPage\",\"@id\":\"https:\\\/\\\/www.kliinikum.ee\\\/haiglaapteek\\\/osakonnad\\\/logistika-osakond\\\/kauba-tarnijatele\\\/\",\"url\":\"https:\\\/\\\/www.kliinikum.ee\\\/haiglaapteek\\\/osakonnad\\\/logistika-osakond\\\/kauba-tarnijatele\\\/\",\"name\":\"Kauba tarnijatele - Haiglaapteek\",\"isPartOf\":{\"@id\":\"https:\\\/\\\/www.kliinikum.ee\\\/haiglaapteek\\\/#website\"},\"primaryImageOfPage\":{\"@id\":\"https:\\\/\\\/www.kliinikum.ee\\\/haiglaapteek\\\/osakonnad\\\/logistika-osakond\\\/kauba-tarnijatele\\\/#primaryimage\"},\"image\":{\"@id\":\"https:\\\/\\\/www.kliinikum.ee\\\/haiglaapteek\\\/osakonnad\\\/logistika-osakond\\\/kauba-tarnijatele\\\/#primaryimage\"},\"thumbnailUrl\":\"https:\\\/\\\/www.kliinikum.ee\\\/haiglaapteek\\\/wp-content\\\/uploads\\\/2023\\\/05\\\/apteegi-asukoht.png\",\"datePublished\":\"2023-04-26T06:46:53+00:00\",\"dateModified\":\"2025-06-05T09:00:08+00:00\",\"breadcrumb\":{\"@id\":\"https:\\\/\\\/www.kliinikum.ee\\\/haiglaapteek\\\/osakonnad\\\/logistika-osakond\\\/kauba-tarnijatele\\\/#breadcrumb\"},\"inLanguage\":\"et\",\"potentialAction\":[{\"@type\":\"ReadAction\",\"target\":[\"https:\\\/\\\/www.kliinikum.ee\\\/haiglaapteek\\\/osakonnad\\\/logistika-osakond\\\/kauba-tarnijatele\\\/\"]}]},{\"@type\":\"ImageObject\",\"inLanguage\":\"et\",\"@id\":\"https:\\\/\\\/www.kliinikum.ee\\\/haiglaapteek\\\/osakonnad\\\/logistika-osakond\\\/kauba-tarnijatele\\\/#primaryimage\",\"url\":\"https:\\\/\\\/www.kliinikum.ee\\\/haiglaapteek\\\/wp-content\\\/uploads\\\/2023\\\/05\\\/apteegi-asukoht.png\",\"contentUrl\":\"https:\\\/\\\/www.kliinikum.ee\\\/haiglaapteek\\\/wp-content\\\/uploads\\\/2023\\\/05\\\/apteegi-asukoht.png\",\"width\":874,\"height\":524},{\"@type\":\"BreadcrumbList\",\"@id\":\"https:\\\/\\\/www.kliinikum.ee\\\/haiglaapteek\\\/osakonnad\\\/logistika-osakond\\\/kauba-tarnijatele\\\/#breadcrumb\",\"itemListElement\":[{\"@type\":\"ListItem\",\"position\":1,\"name\":\"Osakonnad\",\"item\":\"https:\\\/\\\/www.kliinikum.ee\\\/haiglaapteek\\\/osakonnad\\\/\"},{\"@type\":\"ListItem\",\"position\":2,\"name\":\"Logistika osakond\",\"item\":\"https:\\\/\\\/www.kliinikum.ee\\\/haiglaapteek\\\/osakonnad\\\/logistika-osakond\\\/\"},{\"@type\":\"ListItem\",\"position\":3,\"name\":\"Kauba tarnijatele\"}]},{\"@type\":\"WebSite\",\"@id\":\"https:\\\/\\\/www.kliinikum.ee\\\/haiglaapteek\\\/#website\",\"url\":\"https:\\\/\\\/www.kliinikum.ee\\\/haiglaapteek\\\/\",\"name\":\"Haiglaapteek\",\"description\":\"Hoolivus, Uuendusmeelsus, P\u00e4devus ja Usaldusv\u00e4\u00e4rsus\",\"potentialAction\":[{\"@type\":\"SearchAction\",\"target\":{\"@type\":\"EntryPoint\",\"urlTemplate\":\"https:\\\/\\\/www.kliinikum.ee\\\/haiglaapteek\\\/?s={search_term_string}\"},\"query-input\":{\"@type\":\"PropertyValueSpecification\",\"valueRequired\":true,\"valueName\":\"search_term_string\"}}],\"inLanguage\":\"et\"}]}<\/script>\n<!-- \/ Yoast SEO plugin. -->","yoast_head_json":{"title":"Kauba tarnijatele - Haiglaapteek","robots":{"index":"index","follow":"follow","max-snippet":"max-snippet:-1","max-image-preview":"max-image-preview:large","max-video-preview":"max-video-preview:-1"},"canonical":"https:\/\/www.kliinikum.ee\/haiglaapteek\/osakonnad\/logistika-osakond\/kauba-tarnijatele\/","og_locale":"et_EE","og_type":"article","og_title":"Kauba tarnijatele - Haiglaapteek","og_description":"Tartu \u00dclikooli Kliinikumi apteek on avatud E-R kella 8:00-16:00 (erikokkuleppel 7:30-16:30). Aadress Apteek: Puusepa tn 8, 50406 Tartu; J-korpuse 0 korrus (L-korpuse all); laadimisala 3. K\u00f5ige mugavam on kaupa tuua L. Puusepa 8 3. teenindusala kaudu (t\u00e4histatud punase t\u00e4piga, sissep\u00e4\u00e4s N. Lunini t\u00e4navalt). Haruapteek: Vinkli tn 4, 51014 Tartu; ladu 9.","og_url":"https:\/\/www.kliinikum.ee\/haiglaapteek\/osakonnad\/logistika-osakond\/kauba-tarnijatele\/","og_site_name":"Haiglaapteek","article_modified_time":"2025-06-05T09:00:08+00:00","og_image":[{"width":874,"height":524,"url":"https:\/\/www.kliinikum.ee\/haiglaapteek\/wp-content\/uploads\/2023\/05\/apteegi-asukoht.png","type":"image\/png"}],"twitter_card":"summary_large_image","twitter_misc":{"Est. reading time":"1 minut"},"schema":{"@context":"https:\/\/schema.org","@graph":[{"@type":"WebPage","@id":"https:\/\/www.kliinikum.ee\/haiglaapteek\/osakonnad\/logistika-osakond\/kauba-tarnijatele\/","url":"https:\/\/www.kliinikum.ee\/haiglaapteek\/osakonnad\/logistika-osakond\/kauba-tarnijatele\/","name":"Kauba tarnijatele - Haiglaapteek","isPartOf":{"@id":"https:\/\/www.kliinikum.ee\/haiglaapteek\/#website"},"primaryImageOfPage":{"@id":"https:\/\/www.kliinikum.ee\/haiglaapteek\/osakonnad\/logistika-osakond\/kauba-tarnijatele\/#primaryimage"},"image":{"@id":"https:\/\/www.kliinikum.ee\/haiglaapteek\/osakonnad\/logistika-osakond\/kauba-tarnijatele\/#primaryimage"},"thumbnailUrl":"https:\/\/www.kliinikum.ee\/haiglaapteek\/wp-content\/uploads\/2023\/05\/apteegi-asukoht.png","datePublished":"2023-04-26T06:46:53+00:00","dateModified":"2025-06-05T09:00:08+00:00","breadcrumb":{"@id":"https:\/\/www.kliinikum.ee\/haiglaapteek\/osakonnad\/logistika-osakond\/kauba-tarnijatele\/#breadcrumb"},"inLanguage":"et","potentialAction":[{"@type":"ReadAction","target":["https:\/\/www.kliinikum.ee\/haiglaapteek\/osakonnad\/logistika-osakond\/kauba-tarnijatele\/"]}]},{"@type":"ImageObject","inLanguage":"et","@id":"https:\/\/www.kliinikum.ee\/haiglaapteek\/osakonnad\/logistika-osakond\/kauba-tarnijatele\/#primaryimage","url":"https:\/\/www.kliinikum.ee\/haiglaapteek\/wp-content\/uploads\/2023\/05\/apteegi-asukoht.png","contentUrl":"https:\/\/www.kliinikum.ee\/haiglaapteek\/wp-content\/uploads\/2023\/05\/apteegi-asukoht.png","width":874,"height":524},{"@type":"BreadcrumbList","@id":"https:\/\/www.kliinikum.ee\/haiglaapteek\/osakonnad\/logistika-osakond\/kauba-tarnijatele\/#breadcrumb","itemListElement":[{"@type":"ListItem","position":1,"name":"Osakonnad","item":"https:\/\/www.kliinikum.ee\/haiglaapteek\/osakonnad\/"},{"@type":"ListItem","position":2,"name":"Logistika osakond","item":"https:\/\/www.kliinikum.ee\/haiglaapteek\/osakonnad\/logistika-osakond\/"},{"@type":"ListItem","position":3,"name":"Kauba tarnijatele"}]},{"@type":"WebSite","@id":"https:\/\/www.kliinikum.ee\/haiglaapteek\/#website","url":"https:\/\/www.kliinikum.ee\/haiglaapteek\/","name":"Haiglaapteek","description":"Hoolivus, Uuendusmeelsus, P\u00e4devus ja Usaldusv\u00e4\u00e4rsus","potentialAction":[{"@type":"SearchAction","target":{"@type":"EntryPoint","urlTemplate":"https:\/\/www.kliinikum.ee\/haiglaapteek\/?s={search_term_string}"},"query-input":{"@type":"PropertyValueSpecification","valueRequired":true,"valueName":"search_term_string"}}],"inLanguage":"et"}]}},"uagb_featured_image_src":{"full":false,"thumbnail":false,"medium":false,"medium_large":false,"large":false,"1536x1536":false,"2048x2048":false},"uagb_author_info":{"display_name":"Jane Freimann","author_link":"https:\/\/www.kliinikum.ee\/haiglaapteek\/author\/janef\/"},"uagb_comment_info":0,"uagb_excerpt":"Tartu \u00dclikooli Kliinikumi apteek on avatud E-R kella 8:00-16:00 (erikokkuleppel 7:30-16:30). Aadress Apteek: Puusepa tn 8, 50406 Tartu; J-korpuse 0 korrus (L-korpuse all); laadimisala 3. K\u00f5ige mugavam on kaupa tuua L. Puusepa 8 3. teenindusala kaudu (t\u00e4histatud punase t\u00e4piga, sissep\u00e4\u00e4s N. Lunini t\u00e4navalt). Haruapteek: Vinkli tn 4, 51014 Tartu; ladu 9.","_links":{"self":[{"href":"https:\/\/www.kliinikum.ee\/haiglaapteek\/wp-json\/wp\/v2\/pages\/5854","targetHints":{"allow":["GET"]}}],"collection":[{"href":"https:\/\/www.kliinikum.ee\/haiglaapteek\/wp-json\/wp\/v2\/pages"}],"about":[{"href":"https:\/\/www.kliinikum.ee\/haiglaapteek\/wp-json\/wp\/v2\/types\/page"}],"author":[{"embeddable":true,"href":"https:\/\/www.kliinikum.ee\/haiglaapteek\/wp-json\/wp\/v2\/users\/33"}],"replies":[{"embeddable":true,"href":"https:\/\/www.kliinikum.ee\/haiglaapteek\/wp-json\/wp\/v2\/comments?post=5854"}],"version-history":[{"count":0,"href":"https:\/\/www.kliinikum.ee\/haiglaapteek\/wp-json\/wp\/v2\/pages\/5854\/revisions"}],"up":[{"embeddable":true,"href":"https:\/\/www.kliinikum.ee\/haiglaapteek\/wp-json\/wp\/v2\/pages\/6524"}],"wp:attachment":[{"href":"https:\/\/www.kliinikum.ee\/haiglaapteek\/wp-json\/wp\/v2\/media?parent=5854"}],"curies":[{"name":"wp","href":"https:\/\/api.w.org\/{rel}","templated":true}]}}