{"id":5856,"date":"2023-04-26T08:49:19","date_gmt":"2023-04-26T06:49:19","guid":{"rendered":"https:\/\/www.kliinikum.ee\/haiglaapteek\/?page_id=5856"},"modified":"2025-06-05T11:05:01","modified_gmt":"2025-06-05T09:05:01","slug":"ravimi-ja-tooteesitlejatele","status":"publish","type":"page","link":"https:\/\/www.kliinikum.ee\/haiglaapteek\/osakonnad\/logistika-osakond\/ravimi-ja-tooteesitlejatele\/","title":{"rendered":"Ravimi- ja tooteesitlejatele"},"content":{"rendered":"\n<p class=\"has-medium-font-size\">Ravimi- ja tooteesitlejatel on lubatud apteeki tulla vaid eelneval kokkuleppel.<\/p>\n\n\n\n<p class=\"has-medium-font-size\">Soovi korral v\u00f5tta \u00fchendust:<\/p>\n\n\n\n<ul class=\"wp-block-list\">\n<li class=\"has-medium-font-size\">ravimite ja desinfitseerivate ainete korral: vanemproviisor Malle M\u00e4\u00e4rmann (<a href=\"mailto:malle.maarmann@kliinikum.ee\" target=\"_blank\" rel=\"noreferrer noopener\">malle.maarmann@kliinikum.ee<\/a>; 731 8301)<\/li>\n\n\n\n<li class=\"has-medium-font-size\">meditsiiniseadmete korral: \u00f5de Egle Sarap-N\u00f6ps  (<a href=\"mailto:egle.sarap-nops@kliinikum.ee\" target=\"_blank\" rel=\"noreferrer noopener\">egle.sarap-nops@kliinikum.ee<\/a>; 731 9555)<\/li>\n\n\n\n<li class=\"has-medium-font-size\">muud teemad: apteegi juht, proviisor Kersti Teder (<a href=\"mailto:kersti.teder@kliinikum.ee\" target=\"_blank\" rel=\"noreferrer noopener\">kersti.teder@kliinikum.ee<\/a>; 731 7201; 5321 7201)<\/li>\n<\/ul>\n\n\n\n<p><\/p>\n","protected":false},"excerpt":{"rendered":"<p>Ravimi- ja tooteesitlejatel on lubatud apteeki tulla vaid eelneval kokkuleppel. Soovi korral v\u00f5tta \u00fchendust:<\/p>\n","protected":false},"author":33,"featured_media":0,"parent":6524,"menu_order":3,"comment_status":"closed","ping_status":"closed","template":"","meta":{"_acf_changed":false,"_uag_custom_page_level_css":"","footnotes":""},"class_list":["post-5856","page","type-page","status-publish","hentry"],"acf":[],"yoast_head":"<!-- This site is optimized with the Yoast SEO plugin v27.3 - https:\/\/yoast.com\/product\/yoast-seo-wordpress\/ -->\n<title>Ravimi- ja tooteesitlejatele - Haiglaapteek<\/title>\n<meta name=\"robots\" content=\"index, follow, max-snippet:-1, max-image-preview:large, max-video-preview:-1\" \/>\n<link rel=\"canonical\" href=\"https:\/\/www.kliinikum.ee\/haiglaapteek\/osakonnad\/logistika-osakond\/ravimi-ja-tooteesitlejatele\/\" \/>\n<meta property=\"og:locale\" content=\"et_EE\" \/>\n<meta property=\"og:type\" content=\"article\" \/>\n<meta property=\"og:title\" content=\"Ravimi- ja tooteesitlejatele - Haiglaapteek\" \/>\n<meta property=\"og:description\" content=\"Ravimi- ja tooteesitlejatel on lubatud apteeki tulla vaid eelneval kokkuleppel. Soovi korral v\u00f5tta \u00fchendust:\" \/>\n<meta property=\"og:url\" content=\"https:\/\/www.kliinikum.ee\/haiglaapteek\/osakonnad\/logistika-osakond\/ravimi-ja-tooteesitlejatele\/\" \/>\n<meta property=\"og:site_name\" content=\"Haiglaapteek\" \/>\n<meta property=\"article:modified_time\" content=\"2025-06-05T09:05:01+00:00\" \/>\n<meta name=\"twitter:card\" content=\"summary_large_image\" \/>\n<meta name=\"twitter:label1\" content=\"Est. reading time\" \/>\n\t<meta name=\"twitter:data1\" content=\"1 minut\" \/>\n<script type=\"application\/ld+json\" class=\"yoast-schema-graph\">{\"@context\":\"https:\\\/\\\/schema.org\",\"@graph\":[{\"@type\":\"WebPage\",\"@id\":\"https:\\\/\\\/www.kliinikum.ee\\\/haiglaapteek\\\/osakonnad\\\/logistika-osakond\\\/ravimi-ja-tooteesitlejatele\\\/\",\"url\":\"https:\\\/\\\/www.kliinikum.ee\\\/haiglaapteek\\\/osakonnad\\\/logistika-osakond\\\/ravimi-ja-tooteesitlejatele\\\/\",\"name\":\"Ravimi- ja tooteesitlejatele - Haiglaapteek\",\"isPartOf\":{\"@id\":\"https:\\\/\\\/www.kliinikum.ee\\\/haiglaapteek\\\/#website\"},\"datePublished\":\"2023-04-26T06:49:19+00:00\",\"dateModified\":\"2025-06-05T09:05:01+00:00\",\"breadcrumb\":{\"@id\":\"https:\\\/\\\/www.kliinikum.ee\\\/haiglaapteek\\\/osakonnad\\\/logistika-osakond\\\/ravimi-ja-tooteesitlejatele\\\/#breadcrumb\"},\"inLanguage\":\"et\",\"potentialAction\":[{\"@type\":\"ReadAction\",\"target\":[\"https:\\\/\\\/www.kliinikum.ee\\\/haiglaapteek\\\/osakonnad\\\/logistika-osakond\\\/ravimi-ja-tooteesitlejatele\\\/\"]}]},{\"@type\":\"BreadcrumbList\",\"@id\":\"https:\\\/\\\/www.kliinikum.ee\\\/haiglaapteek\\\/osakonnad\\\/logistika-osakond\\\/ravimi-ja-tooteesitlejatele\\\/#breadcrumb\",\"itemListElement\":[{\"@type\":\"ListItem\",\"position\":1,\"name\":\"Osakonnad\",\"item\":\"https:\\\/\\\/www.kliinikum.ee\\\/haiglaapteek\\\/osakonnad\\\/\"},{\"@type\":\"ListItem\",\"position\":2,\"name\":\"Logistika osakond\",\"item\":\"https:\\\/\\\/www.kliinikum.ee\\\/haiglaapteek\\\/osakonnad\\\/logistika-osakond\\\/\"},{\"@type\":\"ListItem\",\"position\":3,\"name\":\"Ravimi- ja tooteesitlejatele\"}]},{\"@type\":\"WebSite\",\"@id\":\"https:\\\/\\\/www.kliinikum.ee\\\/haiglaapteek\\\/#website\",\"url\":\"https:\\\/\\\/www.kliinikum.ee\\\/haiglaapteek\\\/\",\"name\":\"Haiglaapteek\",\"description\":\"Hoolivus, Uuendusmeelsus, P\u00e4devus ja Usaldusv\u00e4\u00e4rsus\",\"potentialAction\":[{\"@type\":\"SearchAction\",\"target\":{\"@type\":\"EntryPoint\",\"urlTemplate\":\"https:\\\/\\\/www.kliinikum.ee\\\/haiglaapteek\\\/?s={search_term_string}\"},\"query-input\":{\"@type\":\"PropertyValueSpecification\",\"valueRequired\":true,\"valueName\":\"search_term_string\"}}],\"inLanguage\":\"et\"}]}<\/script>\n<!-- \/ Yoast SEO plugin. -->","yoast_head_json":{"title":"Ravimi- ja tooteesitlejatele - Haiglaapteek","robots":{"index":"index","follow":"follow","max-snippet":"max-snippet:-1","max-image-preview":"max-image-preview:large","max-video-preview":"max-video-preview:-1"},"canonical":"https:\/\/www.kliinikum.ee\/haiglaapteek\/osakonnad\/logistika-osakond\/ravimi-ja-tooteesitlejatele\/","og_locale":"et_EE","og_type":"article","og_title":"Ravimi- ja tooteesitlejatele - Haiglaapteek","og_description":"Ravimi- ja tooteesitlejatel on lubatud apteeki tulla vaid eelneval kokkuleppel. Soovi korral v\u00f5tta \u00fchendust:","og_url":"https:\/\/www.kliinikum.ee\/haiglaapteek\/osakonnad\/logistika-osakond\/ravimi-ja-tooteesitlejatele\/","og_site_name":"Haiglaapteek","article_modified_time":"2025-06-05T09:05:01+00:00","twitter_card":"summary_large_image","twitter_misc":{"Est. reading time":"1 minut"},"schema":{"@context":"https:\/\/schema.org","@graph":[{"@type":"WebPage","@id":"https:\/\/www.kliinikum.ee\/haiglaapteek\/osakonnad\/logistika-osakond\/ravimi-ja-tooteesitlejatele\/","url":"https:\/\/www.kliinikum.ee\/haiglaapteek\/osakonnad\/logistika-osakond\/ravimi-ja-tooteesitlejatele\/","name":"Ravimi- ja tooteesitlejatele - Haiglaapteek","isPartOf":{"@id":"https:\/\/www.kliinikum.ee\/haiglaapteek\/#website"},"datePublished":"2023-04-26T06:49:19+00:00","dateModified":"2025-06-05T09:05:01+00:00","breadcrumb":{"@id":"https:\/\/www.kliinikum.ee\/haiglaapteek\/osakonnad\/logistika-osakond\/ravimi-ja-tooteesitlejatele\/#breadcrumb"},"inLanguage":"et","potentialAction":[{"@type":"ReadAction","target":["https:\/\/www.kliinikum.ee\/haiglaapteek\/osakonnad\/logistika-osakond\/ravimi-ja-tooteesitlejatele\/"]}]},{"@type":"BreadcrumbList","@id":"https:\/\/www.kliinikum.ee\/haiglaapteek\/osakonnad\/logistika-osakond\/ravimi-ja-tooteesitlejatele\/#breadcrumb","itemListElement":[{"@type":"ListItem","position":1,"name":"Osakonnad","item":"https:\/\/www.kliinikum.ee\/haiglaapteek\/osakonnad\/"},{"@type":"ListItem","position":2,"name":"Logistika osakond","item":"https:\/\/www.kliinikum.ee\/haiglaapteek\/osakonnad\/logistika-osakond\/"},{"@type":"ListItem","position":3,"name":"Ravimi- ja tooteesitlejatele"}]},{"@type":"WebSite","@id":"https:\/\/www.kliinikum.ee\/haiglaapteek\/#website","url":"https:\/\/www.kliinikum.ee\/haiglaapteek\/","name":"Haiglaapteek","description":"Hoolivus, Uuendusmeelsus, P\u00e4devus ja Usaldusv\u00e4\u00e4rsus","potentialAction":[{"@type":"SearchAction","target":{"@type":"EntryPoint","urlTemplate":"https:\/\/www.kliinikum.ee\/haiglaapteek\/?s={search_term_string}"},"query-input":{"@type":"PropertyValueSpecification","valueRequired":true,"valueName":"search_term_string"}}],"inLanguage":"et"}]}},"uagb_featured_image_src":{"full":false,"thumbnail":false,"medium":false,"medium_large":false,"large":false,"1536x1536":false,"2048x2048":false},"uagb_author_info":{"display_name":"Jane Freimann","author_link":"https:\/\/www.kliinikum.ee\/haiglaapteek\/author\/janef\/"},"uagb_comment_info":0,"uagb_excerpt":"Ravimi- ja tooteesitlejatel on lubatud apteeki tulla vaid eelneval kokkuleppel. Soovi korral v\u00f5tta \u00fchendust:","_links":{"self":[{"href":"https:\/\/www.kliinikum.ee\/haiglaapteek\/wp-json\/wp\/v2\/pages\/5856","targetHints":{"allow":["GET"]}}],"collection":[{"href":"https:\/\/www.kliinikum.ee\/haiglaapteek\/wp-json\/wp\/v2\/pages"}],"about":[{"href":"https:\/\/www.kliinikum.ee\/haiglaapteek\/wp-json\/wp\/v2\/types\/page"}],"author":[{"embeddable":true,"href":"https:\/\/www.kliinikum.ee\/haiglaapteek\/wp-json\/wp\/v2\/users\/33"}],"replies":[{"embeddable":true,"href":"https:\/\/www.kliinikum.ee\/haiglaapteek\/wp-json\/wp\/v2\/comments?post=5856"}],"version-history":[{"count":0,"href":"https:\/\/www.kliinikum.ee\/haiglaapteek\/wp-json\/wp\/v2\/pages\/5856\/revisions"}],"up":[{"embeddable":true,"href":"https:\/\/www.kliinikum.ee\/haiglaapteek\/wp-json\/wp\/v2\/pages\/6524"}],"wp:attachment":[{"href":"https:\/\/www.kliinikum.ee\/haiglaapteek\/wp-json\/wp\/v2\/media?parent=5856"}],"curies":[{"name":"wp","href":"https:\/\/api.w.org\/{rel}","templated":true}]}}