{"id":5860,"date":"2023-04-26T08:51:41","date_gmt":"2023-04-26T06:51:41","guid":{"rendered":"https:\/\/www.kliinikum.ee\/haiglaapteek\/?page_id=5860"},"modified":"2025-07-03T14:31:31","modified_gmt":"2025-07-03T12:31:31","slug":"tegevused","status":"publish","type":"page","link":"https:\/\/www.kliinikum.ee\/haiglaapteek\/apteegist\/tegevused\/","title":{"rendered":"Tegevused"},"content":{"rendered":"\n<p class=\"has-medium-font-size\"><strong>Apteegi peamised tegevused on:<\/strong><\/p>\n\n\n\n<p><strong>Ravimipoliitika kujundamine<\/strong><\/p>\n\n\n\n<p>Apteek kujundab Kliinikumi ravimipoliitikat koost\u00f6\u00f6s Ravimikomiteega. Kliinilised proviisorid hindavad ravimite lisamise taotluste t\u00f5endusp\u00f5hisust ja ajakohastavad ravimipoliitika dokumente.<\/p>\n\n\n\n<p><strong>Osakondade varustamine ravimite ja meditsiiniseadmetega<\/strong><\/p>\n\n\n\n<p>Apteek vastutab Kliinikumi, L\u00f5una-Eesti Haigla ja Valga Haigla ravimite, desinfitseerimisvahendite ja \u00fchekordsete meditsiiniseadmetega varustamise eest. See h\u00f5lmab hangete korraldamist, kauba esmast kontrolli ja s\u00e4ilitamist ning osakondade igap\u00e4evaste tellimuste t\u00e4itmist.<\/p>\n\n\n\n<p><strong>Tervishoiut\u00f6\u00f6tajate n\u00f5ustamine<\/strong><\/p>\n\n\n\n<p>Apteegis t\u00f6\u00f6tavad (kliinilised) proviisorid ja \u00f5ed n\u00f5ustavad tervishoiut\u00f6\u00f6tajaid ravimite ja meditsiiniseadmete korrektse ja t\u00f5endusp\u00f5hise kasutamise osas. Jagatakse infot kasutamise, s\u00e4ilitamise ja manustamiseks ettevalmistamise kohta, aidatakse optimeerida raviskeeme patsiendiohutuse suurendamiseks ning koostatakse juhendmaterjale.<\/p>\n\n\n\n<p><strong>Ravimite valmistamine ja manustamiseks ettevalmistamine<\/strong><\/p>\n\n\n\n<p>Apteek valmistab ekstemporaalseid ravimeid, kui puudub t\u00f6\u00f6stuslikult toodetud alternatiiv, n\u00e4iteks lasteravimid neile sobivas annuses ja ravimvormis. Lisaks on apteegis eraldi osakond steriilsete ravimite aseptiliseks ettevalmistamiseks, mis suurendab patsiendi-, t\u00f6\u00f6- ja keskkonnaohutust.<\/p>\n\n\n\n<p><strong>Ravimite k\u00e4itlemise j\u00e4relevalve osakondades<\/strong><\/p>\n\n\n\n<p>Apteek kontrollib ravimite \u00f5iget k\u00e4itlemist ja dokumenteerimist osakondades. Auditeeritakse ravimite s\u00e4ilitamist, et tagada kvaliteet ja patsiendiohutus, eriti arvestusele ja eriarvestusele kuuluvate ravimite puhul.<\/p>\n\n\n\n<p><strong>Osalemine ravimiuuringutes<\/strong><\/p>\n\n\n\n<p>Apteegi t\u00f6\u00f6tajad osalevad kliinilistes ja akadeemilistes ravimiuuringutes, et aidata kaasa uute ravimite ja ravimeetodite patsientideni j\u00f5udmisele ning haiglafarmaatsia valdkonna arendamisele.<\/p>\n\n\n\n<p><strong>Osalemine \u00f5ppet\u00f6\u00f6s<\/strong><\/p>\n\n\n\n<p>Apteegi proviisorid ja farmatseudid panustavad farmaatsia ja teiste meditsiinitudengite \u00f5petamisse auditoorses t\u00f6\u00f6s, praktikal ja residentuuris. Igal aastal juhendatakse proviisori\u00f5ppe \u00fcli\u00f5pilasi uurimist\u00f6\u00f6des, mis k\u00e4sitlevad erinevaid haiglafarmaatsia valdkondi. Samuti korraldatakse t\u00e4iendkoolitusi tegutsevatele tervishoiut\u00f6\u00f6tajatele.<\/p>\n\n\n\n<p><\/p>\n","protected":false},"excerpt":{"rendered":"<p>Apteegi peamised tegevused on: Ravimipoliitika kujundamine Apteek kujundab Kliinikumi ravimipoliitikat koost\u00f6\u00f6s Ravimikomiteega. Kliinilised proviisorid hindavad ravimite lisamise taotluste t\u00f5endusp\u00f5hisust ja ajakohastavad ravimipoliitika dokumente. Osakondade varustamine ravimite ja meditsiiniseadmetega Apteek vastutab Kliinikumi, L\u00f5una-Eesti Haigla ja Valga Haigla ravimite, desinfitseerimisvahendite ja \u00fchekordsete meditsiiniseadmetega varustamise eest. See h\u00f5lmab hangete korraldamist, kauba esmast kontrolli ja s\u00e4ilitamist ning osakondade igap\u00e4evaste [&hellip;]<\/p>\n","protected":false},"author":33,"featured_media":0,"parent":5842,"menu_order":2,"comment_status":"closed","ping_status":"closed","template":"","meta":{"_acf_changed":false,"_uag_custom_page_level_css":"","footnotes":""},"class_list":["post-5860","page","type-page","status-publish","hentry"],"acf":[],"yoast_head":"<!-- This site is optimized with the Yoast SEO plugin v27.5 - https:\/\/yoast.com\/product\/yoast-seo-wordpress\/ -->\n<title>Tegevused - Haiglaapteek<\/title>\n<meta name=\"robots\" content=\"index, follow, max-snippet:-1, max-image-preview:large, max-video-preview:-1\" \/>\n<link rel=\"canonical\" href=\"https:\/\/www.kliinikum.ee\/haiglaapteek\/apteegist\/tegevused\/\" \/>\n<meta property=\"og:locale\" content=\"et_EE\" \/>\n<meta property=\"og:type\" content=\"article\" \/>\n<meta property=\"og:title\" content=\"Tegevused - Haiglaapteek\" \/>\n<meta property=\"og:description\" content=\"Apteegi peamised tegevused on: Ravimipoliitika kujundamine Apteek kujundab Kliinikumi ravimipoliitikat koost\u00f6\u00f6s Ravimikomiteega. Kliinilised proviisorid hindavad ravimite lisamise taotluste t\u00f5endusp\u00f5hisust ja ajakohastavad ravimipoliitika dokumente. Osakondade varustamine ravimite ja meditsiiniseadmetega Apteek vastutab Kliinikumi, L\u00f5una-Eesti Haigla ja Valga Haigla ravimite, desinfitseerimisvahendite ja \u00fchekordsete meditsiiniseadmetega varustamise eest. See h\u00f5lmab hangete korraldamist, kauba esmast kontrolli ja s\u00e4ilitamist ning osakondade igap\u00e4evaste [&hellip;]\" \/>\n<meta property=\"og:url\" content=\"https:\/\/www.kliinikum.ee\/haiglaapteek\/apteegist\/tegevused\/\" \/>\n<meta property=\"og:site_name\" content=\"Haiglaapteek\" \/>\n<meta property=\"article:modified_time\" content=\"2025-07-03T12:31:31+00:00\" \/>\n<meta name=\"twitter:card\" content=\"summary_large_image\" \/>\n<meta name=\"twitter:label1\" content=\"Est. reading time\" \/>\n\t<meta name=\"twitter:data1\" content=\"2 minutit\" \/>\n<script type=\"application\/ld+json\" class=\"yoast-schema-graph\">{\"@context\":\"https:\\\/\\\/schema.org\",\"@graph\":[{\"@type\":\"WebPage\",\"@id\":\"https:\\\/\\\/www.kliinikum.ee\\\/haiglaapteek\\\/apteegist\\\/tegevused\\\/\",\"url\":\"https:\\\/\\\/www.kliinikum.ee\\\/haiglaapteek\\\/apteegist\\\/tegevused\\\/\",\"name\":\"Tegevused - Haiglaapteek\",\"isPartOf\":{\"@id\":\"https:\\\/\\\/www.kliinikum.ee\\\/haiglaapteek\\\/#website\"},\"datePublished\":\"2023-04-26T06:51:41+00:00\",\"dateModified\":\"2025-07-03T12:31:31+00:00\",\"breadcrumb\":{\"@id\":\"https:\\\/\\\/www.kliinikum.ee\\\/haiglaapteek\\\/apteegist\\\/tegevused\\\/#breadcrumb\"},\"inLanguage\":\"et\",\"potentialAction\":[{\"@type\":\"ReadAction\",\"target\":[\"https:\\\/\\\/www.kliinikum.ee\\\/haiglaapteek\\\/apteegist\\\/tegevused\\\/\"]}]},{\"@type\":\"BreadcrumbList\",\"@id\":\"https:\\\/\\\/www.kliinikum.ee\\\/haiglaapteek\\\/apteegist\\\/tegevused\\\/#breadcrumb\",\"itemListElement\":[{\"@type\":\"ListItem\",\"position\":1,\"name\":\"Apteegist\",\"item\":\"https:\\\/\\\/www.kliinikum.ee\\\/haiglaapteek\\\/apteegist\\\/\"},{\"@type\":\"ListItem\",\"position\":2,\"name\":\"Tegevused\"}]},{\"@type\":\"WebSite\",\"@id\":\"https:\\\/\\\/www.kliinikum.ee\\\/haiglaapteek\\\/#website\",\"url\":\"https:\\\/\\\/www.kliinikum.ee\\\/haiglaapteek\\\/\",\"name\":\"Haiglaapteek\",\"description\":\"Hoolivus, Uuendusmeelsus, P\u00e4devus ja Usaldusv\u00e4\u00e4rsus\",\"potentialAction\":[{\"@type\":\"SearchAction\",\"target\":{\"@type\":\"EntryPoint\",\"urlTemplate\":\"https:\\\/\\\/www.kliinikum.ee\\\/haiglaapteek\\\/?s={search_term_string}\"},\"query-input\":{\"@type\":\"PropertyValueSpecification\",\"valueRequired\":true,\"valueName\":\"search_term_string\"}}],\"inLanguage\":\"et\"}]}<\/script>\n<!-- \/ Yoast SEO plugin. -->","yoast_head_json":{"title":"Tegevused - Haiglaapteek","robots":{"index":"index","follow":"follow","max-snippet":"max-snippet:-1","max-image-preview":"max-image-preview:large","max-video-preview":"max-video-preview:-1"},"canonical":"https:\/\/www.kliinikum.ee\/haiglaapteek\/apteegist\/tegevused\/","og_locale":"et_EE","og_type":"article","og_title":"Tegevused - Haiglaapteek","og_description":"Apteegi peamised tegevused on: Ravimipoliitika kujundamine Apteek kujundab Kliinikumi ravimipoliitikat koost\u00f6\u00f6s Ravimikomiteega. Kliinilised proviisorid hindavad ravimite lisamise taotluste t\u00f5endusp\u00f5hisust ja ajakohastavad ravimipoliitika dokumente. Osakondade varustamine ravimite ja meditsiiniseadmetega Apteek vastutab Kliinikumi, L\u00f5una-Eesti Haigla ja Valga Haigla ravimite, desinfitseerimisvahendite ja \u00fchekordsete meditsiiniseadmetega varustamise eest. See h\u00f5lmab hangete korraldamist, kauba esmast kontrolli ja s\u00e4ilitamist ning osakondade igap\u00e4evaste [&hellip;]","og_url":"https:\/\/www.kliinikum.ee\/haiglaapteek\/apteegist\/tegevused\/","og_site_name":"Haiglaapteek","article_modified_time":"2025-07-03T12:31:31+00:00","twitter_card":"summary_large_image","twitter_misc":{"Est. reading time":"2 minutit"},"schema":{"@context":"https:\/\/schema.org","@graph":[{"@type":"WebPage","@id":"https:\/\/www.kliinikum.ee\/haiglaapteek\/apteegist\/tegevused\/","url":"https:\/\/www.kliinikum.ee\/haiglaapteek\/apteegist\/tegevused\/","name":"Tegevused - Haiglaapteek","isPartOf":{"@id":"https:\/\/www.kliinikum.ee\/haiglaapteek\/#website"},"datePublished":"2023-04-26T06:51:41+00:00","dateModified":"2025-07-03T12:31:31+00:00","breadcrumb":{"@id":"https:\/\/www.kliinikum.ee\/haiglaapteek\/apteegist\/tegevused\/#breadcrumb"},"inLanguage":"et","potentialAction":[{"@type":"ReadAction","target":["https:\/\/www.kliinikum.ee\/haiglaapteek\/apteegist\/tegevused\/"]}]},{"@type":"BreadcrumbList","@id":"https:\/\/www.kliinikum.ee\/haiglaapteek\/apteegist\/tegevused\/#breadcrumb","itemListElement":[{"@type":"ListItem","position":1,"name":"Apteegist","item":"https:\/\/www.kliinikum.ee\/haiglaapteek\/apteegist\/"},{"@type":"ListItem","position":2,"name":"Tegevused"}]},{"@type":"WebSite","@id":"https:\/\/www.kliinikum.ee\/haiglaapteek\/#website","url":"https:\/\/www.kliinikum.ee\/haiglaapteek\/","name":"Haiglaapteek","description":"Hoolivus, Uuendusmeelsus, P\u00e4devus ja Usaldusv\u00e4\u00e4rsus","potentialAction":[{"@type":"SearchAction","target":{"@type":"EntryPoint","urlTemplate":"https:\/\/www.kliinikum.ee\/haiglaapteek\/?s={search_term_string}"},"query-input":{"@type":"PropertyValueSpecification","valueRequired":true,"valueName":"search_term_string"}}],"inLanguage":"et"}]}},"uagb_featured_image_src":{"full":false,"thumbnail":false,"medium":false,"medium_large":false,"large":false,"1536x1536":false,"2048x2048":false},"uagb_author_info":{"display_name":"Jane Freimann","author_link":"https:\/\/www.kliinikum.ee\/haiglaapteek\/author\/janef\/"},"uagb_comment_info":0,"uagb_excerpt":"Apteegi peamised tegevused on: Ravimipoliitika kujundamine Apteek kujundab Kliinikumi ravimipoliitikat koost\u00f6\u00f6s Ravimikomiteega. Kliinilised proviisorid hindavad ravimite lisamise taotluste t\u00f5endusp\u00f5hisust ja ajakohastavad ravimipoliitika dokumente. Osakondade varustamine ravimite ja meditsiiniseadmetega Apteek vastutab Kliinikumi, L\u00f5una-Eesti Haigla ja Valga Haigla ravimite, desinfitseerimisvahendite ja \u00fchekordsete meditsiiniseadmetega varustamise eest. See h\u00f5lmab hangete korraldamist, kauba esmast kontrolli ja s\u00e4ilitamist ning osakondade igap\u00e4evaste&hellip;","_links":{"self":[{"href":"https:\/\/www.kliinikum.ee\/haiglaapteek\/wp-json\/wp\/v2\/pages\/5860","targetHints":{"allow":["GET"]}}],"collection":[{"href":"https:\/\/www.kliinikum.ee\/haiglaapteek\/wp-json\/wp\/v2\/pages"}],"about":[{"href":"https:\/\/www.kliinikum.ee\/haiglaapteek\/wp-json\/wp\/v2\/types\/page"}],"author":[{"embeddable":true,"href":"https:\/\/www.kliinikum.ee\/haiglaapteek\/wp-json\/wp\/v2\/users\/33"}],"replies":[{"embeddable":true,"href":"https:\/\/www.kliinikum.ee\/haiglaapteek\/wp-json\/wp\/v2\/comments?post=5860"}],"version-history":[{"count":0,"href":"https:\/\/www.kliinikum.ee\/haiglaapteek\/wp-json\/wp\/v2\/pages\/5860\/revisions"}],"up":[{"embeddable":true,"href":"https:\/\/www.kliinikum.ee\/haiglaapteek\/wp-json\/wp\/v2\/pages\/5842"}],"wp:attachment":[{"href":"https:\/\/www.kliinikum.ee\/haiglaapteek\/wp-json\/wp\/v2\/media?parent=5860"}],"curies":[{"name":"wp","href":"https:\/\/api.w.org\/{rel}","templated":true}]}}