{"id":5862,"date":"2023-04-26T08:56:29","date_gmt":"2023-04-26T06:56:29","guid":{"rendered":"https:\/\/www.kliinikum.ee\/haiglaapteek\/?page_id=5862"},"modified":"2023-07-18T10:47:41","modified_gmt":"2023-07-18T08:47:41","slug":"oppe-ja-teadustoo","status":"publish","type":"page","link":"https:\/\/www.kliinikum.ee\/haiglaapteek\/oppe-ja-teadustoo\/","title":{"rendered":"\u00d5ppe- ja teadust\u00f6\u00f6"},"content":{"rendered":"\n<p class=\"has-medium-font-size\"><strong>\u00d5ppet\u00f6\u00f6 ja koolitusalane tegevus<\/strong><\/p>\n\n\n\n<p class=\"has-medium-font-size\">Apteegis t\u00f6\u00f6tavad proviisorid ja farmatseudid&nbsp;osaleva tervishoiu\u00fcli\u00f5pilaste \u00f5petamisel ja juhendamisel&nbsp;nii auditoorses \u00f5ppet\u00f6\u00f6s kui ka praktikal\/residentuuris viibimisel ajal.<\/p>\n\n\n\n<p class=\"has-medium-font-size\">Samuti osalevad apteegi proviisorid ja farmatseudid Kliinikumi Koolituskeskuse kaudu mitmete tervishoiut\u00f6\u00f6tajate\u00a0t\u00e4iend\u00f5ppekoolituste v\u00e4ljat\u00f6\u00f6tamisel ja l\u00e4biviimisel.<\/p>\n\n\n\n<hr class=\"wp-block-separator has-alpha-channel-opacity\"\/>\n\n\n\n<p class=\"has-medium-font-size\"><strong>Teadust\u00f6\u00f6<\/strong><\/p>\n\n\n\n<p class=\"has-medium-font-size\">Teadust\u00f6\u00f6 on seotud peamiselt kliinilise ja haiglafarmaatsia valdkonna praktiliste ja teoreetiliste k\u00fcsimustega. Samuti osaletakse nii akadeemilistes kui ka sponsoreeritud ravimite kliinilistes uuringutes.<\/p>\n\n\n\n<p class=\"has-medium-font-size\"><strong>Hea tudeng, kui soovid teha uurimist\u00f6\u00f6d kliinilise v\u00f5i haiglafarmaatsia vallas ja soovid juhendajaks Tartu \u00dclikooli Kliinikumi apteegi (kliinilist) proviisorit, siis kirjutada oma soovist:&nbsp;<a href=\"mailto:marika.saar@kliinikum.ee\" target=\"_blank\" rel=\"noreferrer noopener\">marika.saar@kliinikum.ee<\/a><\/strong><\/p>\n\n\n\n<hr class=\"wp-block-separator has-alpha-channel-opacity\"\/>\n\n\n\n<p class=\"has-medium-font-size\"><strong>Ka meie \u00f5pime:<\/strong><\/p>\n\n\n\n<ul class=\"wp-block-list\">\n<li class=\"has-medium-font-size\">Marika Saar - Tartu \u00dclikool (PhD, arstiteadus)<\/li>\n\n\n\n<li class=\"has-medium-font-size\">Kersti Teder - Tartu \u00dclikool (PhD, farmaatsia)<\/li>\n<\/ul>\n","protected":false},"excerpt":{"rendered":"<p>\u00d5ppet\u00f6\u00f6 ja koolitusalane tegevus Apteegis t\u00f6\u00f6tavad proviisorid ja farmatseudid&nbsp;osaleva tervishoiu\u00fcli\u00f5pilaste \u00f5petamisel ja juhendamisel&nbsp;nii auditoorses \u00f5ppet\u00f6\u00f6s kui ka praktikal\/residentuuris viibimisel ajal. Samuti osalevad apteegi proviisorid ja farmatseudid Kliinikumi Koolituskeskuse kaudu mitmete tervishoiut\u00f6\u00f6tajate\u00a0t\u00e4iend\u00f5ppekoolituste v\u00e4ljat\u00f6\u00f6tamisel ja l\u00e4biviimisel. Teadust\u00f6\u00f6 Teadust\u00f6\u00f6 on seotud peamiselt kliinilise ja haiglafarmaatsia valdkonna praktiliste ja teoreetiliste k\u00fcsimustega. Samuti osaletakse nii akadeemilistes kui ka sponsoreeritud ravimite [&hellip;]<\/p>\n","protected":false},"author":33,"featured_media":0,"parent":0,"menu_order":0,"comment_status":"closed","ping_status":"closed","template":"","meta":{"_acf_changed":false,"_uag_custom_page_level_css":"","footnotes":""},"class_list":["post-5862","page","type-page","status-publish","hentry"],"acf":[],"yoast_head":"<!-- This site is optimized with the Yoast SEO plugin v27.3 - https:\/\/yoast.com\/product\/yoast-seo-wordpress\/ -->\n<title>\u00d5ppe- ja teadust\u00f6\u00f6 - Haiglaapteek<\/title>\n<meta name=\"robots\" content=\"index, follow, max-snippet:-1, max-image-preview:large, max-video-preview:-1\" \/>\n<link rel=\"canonical\" href=\"https:\/\/www.kliinikum.ee\/haiglaapteek\/oppe-ja-teadustoo\/\" \/>\n<meta property=\"og:locale\" content=\"et_EE\" \/>\n<meta property=\"og:type\" content=\"article\" \/>\n<meta property=\"og:title\" content=\"\u00d5ppe- ja teadust\u00f6\u00f6 - Haiglaapteek\" \/>\n<meta property=\"og:description\" content=\"\u00d5ppet\u00f6\u00f6 ja koolitusalane tegevus Apteegis t\u00f6\u00f6tavad proviisorid ja farmatseudid&nbsp;osaleva tervishoiu\u00fcli\u00f5pilaste \u00f5petamisel ja juhendamisel&nbsp;nii auditoorses \u00f5ppet\u00f6\u00f6s kui ka praktikal\/residentuuris viibimisel ajal. Samuti osalevad apteegi proviisorid ja farmatseudid Kliinikumi Koolituskeskuse kaudu mitmete tervishoiut\u00f6\u00f6tajate\u00a0t\u00e4iend\u00f5ppekoolituste v\u00e4ljat\u00f6\u00f6tamisel ja l\u00e4biviimisel. Teadust\u00f6\u00f6 Teadust\u00f6\u00f6 on seotud peamiselt kliinilise ja haiglafarmaatsia valdkonna praktiliste ja teoreetiliste k\u00fcsimustega. Samuti osaletakse nii akadeemilistes kui ka sponsoreeritud ravimite [&hellip;]\" \/>\n<meta property=\"og:url\" content=\"https:\/\/www.kliinikum.ee\/haiglaapteek\/oppe-ja-teadustoo\/\" \/>\n<meta property=\"og:site_name\" content=\"Haiglaapteek\" \/>\n<meta property=\"article:modified_time\" content=\"2023-07-18T08:47:41+00:00\" \/>\n<meta name=\"twitter:card\" content=\"summary_large_image\" \/>\n<meta name=\"twitter:label1\" content=\"Est. reading time\" \/>\n\t<meta name=\"twitter:data1\" content=\"1 minut\" \/>\n<script type=\"application\/ld+json\" class=\"yoast-schema-graph\">{\"@context\":\"https:\\\/\\\/schema.org\",\"@graph\":[{\"@type\":\"WebPage\",\"@id\":\"https:\\\/\\\/www.kliinikum.ee\\\/haiglaapteek\\\/oppe-ja-teadustoo\\\/\",\"url\":\"https:\\\/\\\/www.kliinikum.ee\\\/haiglaapteek\\\/oppe-ja-teadustoo\\\/\",\"name\":\"\u00d5ppe- ja teadust\u00f6\u00f6 - Haiglaapteek\",\"isPartOf\":{\"@id\":\"https:\\\/\\\/www.kliinikum.ee\\\/haiglaapteek\\\/#website\"},\"datePublished\":\"2023-04-26T06:56:29+00:00\",\"dateModified\":\"2023-07-18T08:47:41+00:00\",\"inLanguage\":\"et\",\"potentialAction\":[{\"@type\":\"ReadAction\",\"target\":[\"https:\\\/\\\/www.kliinikum.ee\\\/haiglaapteek\\\/oppe-ja-teadustoo\\\/\"]}]},{\"@type\":\"WebSite\",\"@id\":\"https:\\\/\\\/www.kliinikum.ee\\\/haiglaapteek\\\/#website\",\"url\":\"https:\\\/\\\/www.kliinikum.ee\\\/haiglaapteek\\\/\",\"name\":\"Haiglaapteek\",\"description\":\"Hoolivus, Uuendusmeelsus, P\u00e4devus ja Usaldusv\u00e4\u00e4rsus\",\"potentialAction\":[{\"@type\":\"SearchAction\",\"target\":{\"@type\":\"EntryPoint\",\"urlTemplate\":\"https:\\\/\\\/www.kliinikum.ee\\\/haiglaapteek\\\/?s={search_term_string}\"},\"query-input\":{\"@type\":\"PropertyValueSpecification\",\"valueRequired\":true,\"valueName\":\"search_term_string\"}}],\"inLanguage\":\"et\"}]}<\/script>\n<!-- \/ Yoast SEO plugin. -->","yoast_head_json":{"title":"\u00d5ppe- ja teadust\u00f6\u00f6 - Haiglaapteek","robots":{"index":"index","follow":"follow","max-snippet":"max-snippet:-1","max-image-preview":"max-image-preview:large","max-video-preview":"max-video-preview:-1"},"canonical":"https:\/\/www.kliinikum.ee\/haiglaapteek\/oppe-ja-teadustoo\/","og_locale":"et_EE","og_type":"article","og_title":"\u00d5ppe- ja teadust\u00f6\u00f6 - Haiglaapteek","og_description":"\u00d5ppet\u00f6\u00f6 ja koolitusalane tegevus Apteegis t\u00f6\u00f6tavad proviisorid ja farmatseudid&nbsp;osaleva tervishoiu\u00fcli\u00f5pilaste \u00f5petamisel ja juhendamisel&nbsp;nii auditoorses \u00f5ppet\u00f6\u00f6s kui ka praktikal\/residentuuris viibimisel ajal. Samuti osalevad apteegi proviisorid ja farmatseudid Kliinikumi Koolituskeskuse kaudu mitmete tervishoiut\u00f6\u00f6tajate\u00a0t\u00e4iend\u00f5ppekoolituste v\u00e4ljat\u00f6\u00f6tamisel ja l\u00e4biviimisel. Teadust\u00f6\u00f6 Teadust\u00f6\u00f6 on seotud peamiselt kliinilise ja haiglafarmaatsia valdkonna praktiliste ja teoreetiliste k\u00fcsimustega. Samuti osaletakse nii akadeemilistes kui ka sponsoreeritud ravimite [&hellip;]","og_url":"https:\/\/www.kliinikum.ee\/haiglaapteek\/oppe-ja-teadustoo\/","og_site_name":"Haiglaapteek","article_modified_time":"2023-07-18T08:47:41+00:00","twitter_card":"summary_large_image","twitter_misc":{"Est. reading time":"1 minut"},"schema":{"@context":"https:\/\/schema.org","@graph":[{"@type":"WebPage","@id":"https:\/\/www.kliinikum.ee\/haiglaapteek\/oppe-ja-teadustoo\/","url":"https:\/\/www.kliinikum.ee\/haiglaapteek\/oppe-ja-teadustoo\/","name":"\u00d5ppe- ja teadust\u00f6\u00f6 - Haiglaapteek","isPartOf":{"@id":"https:\/\/www.kliinikum.ee\/haiglaapteek\/#website"},"datePublished":"2023-04-26T06:56:29+00:00","dateModified":"2023-07-18T08:47:41+00:00","inLanguage":"et","potentialAction":[{"@type":"ReadAction","target":["https:\/\/www.kliinikum.ee\/haiglaapteek\/oppe-ja-teadustoo\/"]}]},{"@type":"WebSite","@id":"https:\/\/www.kliinikum.ee\/haiglaapteek\/#website","url":"https:\/\/www.kliinikum.ee\/haiglaapteek\/","name":"Haiglaapteek","description":"Hoolivus, Uuendusmeelsus, P\u00e4devus ja Usaldusv\u00e4\u00e4rsus","potentialAction":[{"@type":"SearchAction","target":{"@type":"EntryPoint","urlTemplate":"https:\/\/www.kliinikum.ee\/haiglaapteek\/?s={search_term_string}"},"query-input":{"@type":"PropertyValueSpecification","valueRequired":true,"valueName":"search_term_string"}}],"inLanguage":"et"}]}},"uagb_featured_image_src":{"full":false,"thumbnail":false,"medium":false,"medium_large":false,"large":false,"1536x1536":false,"2048x2048":false},"uagb_author_info":{"display_name":"Jane Freimann","author_link":"https:\/\/www.kliinikum.ee\/haiglaapteek\/author\/janef\/"},"uagb_comment_info":0,"uagb_excerpt":"\u00d5ppet\u00f6\u00f6 ja koolitusalane tegevus Apteegis t\u00f6\u00f6tavad proviisorid ja farmatseudid&nbsp;osaleva tervishoiu\u00fcli\u00f5pilaste \u00f5petamisel ja juhendamisel&nbsp;nii auditoorses \u00f5ppet\u00f6\u00f6s kui ka praktikal\/residentuuris viibimisel ajal. Samuti osalevad apteegi proviisorid ja farmatseudid Kliinikumi Koolituskeskuse kaudu mitmete tervishoiut\u00f6\u00f6tajate\u00a0t\u00e4iend\u00f5ppekoolituste v\u00e4ljat\u00f6\u00f6tamisel ja l\u00e4biviimisel. Teadust\u00f6\u00f6 Teadust\u00f6\u00f6 on seotud peamiselt kliinilise ja haiglafarmaatsia valdkonna praktiliste ja teoreetiliste k\u00fcsimustega. Samuti osaletakse nii akadeemilistes kui ka sponsoreeritud ravimite&hellip;","_links":{"self":[{"href":"https:\/\/www.kliinikum.ee\/haiglaapteek\/wp-json\/wp\/v2\/pages\/5862","targetHints":{"allow":["GET"]}}],"collection":[{"href":"https:\/\/www.kliinikum.ee\/haiglaapteek\/wp-json\/wp\/v2\/pages"}],"about":[{"href":"https:\/\/www.kliinikum.ee\/haiglaapteek\/wp-json\/wp\/v2\/types\/page"}],"author":[{"embeddable":true,"href":"https:\/\/www.kliinikum.ee\/haiglaapteek\/wp-json\/wp\/v2\/users\/33"}],"replies":[{"embeddable":true,"href":"https:\/\/www.kliinikum.ee\/haiglaapteek\/wp-json\/wp\/v2\/comments?post=5862"}],"version-history":[{"count":0,"href":"https:\/\/www.kliinikum.ee\/haiglaapteek\/wp-json\/wp\/v2\/pages\/5862\/revisions"}],"wp:attachment":[{"href":"https:\/\/www.kliinikum.ee\/haiglaapteek\/wp-json\/wp\/v2\/media?parent=5862"}],"curies":[{"name":"wp","href":"https:\/\/api.w.org\/{rel}","templated":true}]}}