{"id":5872,"date":"2023-04-26T09:20:08","date_gmt":"2023-04-26T07:20:08","guid":{"rendered":"https:\/\/www.kliinikum.ee\/haiglaapteek\/?page_id=5872"},"modified":"2025-09-09T10:38:21","modified_gmt":"2025-09-09T08:38:21","slug":"teadustoo","status":"publish","type":"page","link":"https:\/\/www.kliinikum.ee\/haiglaapteek\/oppe-ja-teadustoo\/teadustoo\/","title":{"rendered":"Teadust\u00f6\u00f6"},"content":{"rendered":"\n<p class=\"has-medium-font-size\">Sellel lehel on toodud teadus- ja uurimist\u00f6\u00f6d, mis on \u00f5ppet\u00f6\u00f6 k\u00e4igus l\u00e4bi viidud apteegi t\u00f6\u00f6tajate poolt v\u00f5i nende juhendamisel.<\/p>\n\n\n\n<p class=\"has-medium-font-size\">Apteegi t\u00f6\u00f6tajate osalusel avaldatud teaduspublikatsioonid (aastani 2022) on leitavad <a href=\"https:\/\/www.kliinikum.ee\/infokeskus\/mk_files\/kl_publikatsioon.php\" target=\"_blank\" rel=\"noreferrer noopener\">siit<\/a>.<\/p>\n\n\n\n<hr class=\"wp-block-separator has-alpha-channel-opacity\"\/>\n\n\n\n<p class=\"has-medium-font-size\"><strong>Kaitstud doktori- ja magistrit\u00f6\u00f6d<\/strong>:<\/p>\n\n\n\n<p class=\"has-medium-font-size\">2019 - <strong>Liisa J\u00f5hvik<\/strong> - MSc (Clinical Pharmacy) - Implementing medication reconciliation on hospital admission in Estonia: a pilot study in Tartu University Hospital (Queen's University Belfast)<\/p>\n\n\n\n<p class=\"has-medium-font-size\">2013 - <strong>Jana Lass<\/strong> - PhD (Medicine) - <a href=\"https:\/\/dspace.ut.ee\/bitstream\/handle\/10062\/28665\/lass_jana.pdf?sequence=1&amp;isAllowed=y\" target=\"_blank\" rel=\"noreferrer noopener\">Epidemiological and clinical aspects of medicines use in children in Estonia<\/a> (Tartu \u00dclikool)<\/p>\n\n\n\n<p class=\"has-medium-font-size\">2012 - <strong>Marika Saar<\/strong> - MSc (Clinical Pharmacy) - Identifying the need of community pharmacists for a specialised educational programme to support patients receiving oral chemotherapy (University of Strathclyde)<\/p>\n\n\n\n<p class=\"has-medium-font-size\">2006 - <strong>Jana Lass<\/strong> - MSc (Clinical Pharmacy) - Development, implementation and assessment of the guidelines for treatment of postoperative pain in the orthopaedic ward of the North Estonia Regional Hospital (Queen's University Belfast)<\/p>\n\n\n\n<hr class=\"wp-block-separator has-alpha-channel-opacity\"\/>\n\n\n\n<p class=\"has-medium-font-size\"><strong>Juhendatud proviisori\u00f5ppe uurimist\u00f6\u00f6d:<\/strong><\/p>\n\n\n\n<p class=\"has-medium-font-size\"><strong>2024<\/strong><\/p>\n\n\n\n<ul class=\"wp-block-list\">\n<li>Linda-Maria Laane - Ravimivigade anal\u00fc\u00fcs Tartu \u00dclikooli Kliinikumi patsiendiohutusjuhtumite infos\u00fcsteemi (POI) juhtumite p\u00f5hjal (Daisy Volmer, Kersti Teder)<\/li>\n\n\n\n<li>Hanna Liisa Reimann - Tartu \u00dclikooli Kliinikumi hospitaliseeritud eakate patsientide atset\u00fc\u00fclsalits\u00fc\u00fclhappe kasutamise n\u00e4idustused (Jana Lass, Marika Saar, Kairi Marlen Antoniak)<\/li>\n<\/ul>\n\n\n\n<p class=\"has-medium-font-size\"><strong>2023<\/strong><\/p>\n\n\n\n<ul class=\"wp-block-list has-medium-font-size\">\n<li>Anette Nurm - M\u00fc\u00fcgiloata ravimite kasutamine Eesti haiglates: vajadus ja ohud (Kersti Teder, Janne Sepp)<\/li>\n\n\n\n<li>Kristiina J\u00fcrgenson - K\u00e4itlejat puudutava ohutusalase info k\u00e4ttesaadavus - kasvajavastaste ja immunomoduleerivate ravimite n\u00e4itel (Kersti Teder, Marika Saar)<\/li>\n<\/ul>\n\n\n\n<p class=\"has-medium-font-size\"><strong>2021<\/strong><\/p>\n\n\n\n<ul class=\"wp-block-list\">\n<li class=\"has-medium-font-size\">Anastassia Dmitrijeva - Eesti haiglat\u00f6\u00f6tajate rahulolu haiglaapteegi teenustega (Marika Saar, Marko Urbala)<\/li>\n\n\n\n<li class=\"has-medium-font-size\">Maile Kartau - Retseptiravimite kasutamine rasedatel Eestis \u2013 2008 ja 2019 aasta andmete v\u00f5rdlus (Jana Lass)<\/li>\n\n\n\n<li class=\"has-medium-font-size\">Aleksei Morgunov - AWaRe klassifikatsiooni ravimid Tartu \u00dclikooli Kliinikumi antimikroobse ravi juhendis (Jana Lass)<\/li>\n<\/ul>\n\n\n\n<p class=\"has-medium-font-size\"><strong>2020<\/strong><\/p>\n\n\n\n<ul class=\"wp-block-list has-medium-font-size\">\n<li>Jevgenia Afanasenko - Kukkumisriski suurendavate ravimite hindamine k\u00f5rge kukkumisriskiga patsientidel Tartu \u00dclikooli Kliinikumi statsionaarse \u00f5endusabi osakonnas (Liisa J\u00f5hvik)<\/li>\n\n\n\n<li>Katrin Jaani - Proviisori pakutava patsientide ravimikasutamise n\u00f5ustamise teenuse mudeli loomine ja selle valideerimine Tartu \u00dclikooli Kliinikumi statsionaarse \u00f5endusabi osakonnas (Marika Saar, Liisa J\u00f5hvik)<\/li>\n<\/ul>\n\n\n\n<p class=\"has-medium-font-size\"><strong>2019 <\/strong><\/p>\n\n\n\n<ul class=\"wp-block-list has-medium-font-size\">\n<li>Karmen Kaljula - Prootonpumba inhibiitorite kasutamine SA Tartu \u00fclikooli kliinikumi statsionaarse \u00f5endusabi osakonna patsientidel (Marika Saar)<\/li>\n\n\n\n<li>Rasmus K\u00f5rvas - Neerufunktsiooni kirjeldamine Tartu \u00dclikooli Kliinikumi hospitaliseeritud maliigse, mittemaliigse v\u00f5i onkoloogilise diagnoosiga patsientidel vanuses 0 \u2013 25 aastat (Lenne Triin K\u00f5rgvee, Marika Saar)<\/li>\n<\/ul>\n\n\n\n<p class=\"has-medium-font-size\"><strong>2018<\/strong><\/p>\n\n\n\n<ul class=\"wp-block-list has-medium-font-size\">\n<li>Maris J\u00fcrgenson - Suukaudsete kasvajavastaste ravimite koostoimed k\u00e4sim\u00fc\u00fcgiravimite ja toidulisanditega ning patsientide teadlikkus nendest koostoimetest (Marika Saar)<\/li>\n\n\n\n<li>Kaspar Kaju - Biofosfonaatide ja denosumabi kasutamine rinnav\u00e4hi diagnoosiga patsientidel Tartu \u00dclikooli onkoloogia-hematoloogia kliinikus ja vastavus rahvusvahelistele ravijuhistele. (Marika Saar)<\/li>\n<\/ul>\n\n\n\n<p class=\"has-medium-font-size\"><strong>2017<\/strong><\/p>\n\n\n\n<ul class=\"wp-block-list has-medium-font-size\">\n<li>Kaisa Parve - Operatsioonij\u00e4rgse vedelikravi kasutamise audit Tartu \u00dclikooli Kliinikumi II astme intensiivravi palatites ravitavatel patsientidel (Jana Lass)<\/li>\n<\/ul>\n\n\n\n<p class=\"has-medium-font-size\"><strong>2016<\/strong><\/p>\n\n\n\n<ul class=\"wp-block-list has-medium-font-size\">\n<li>Kristiin Kull - Tahkete suukaudsete ravimvormide manustamine suu v\u00f5i sondi kaudu neelamisraskustega patsientidele Tartu \u00dclikooli Kliinikumi statsionaarsetes \u00f5endusabi ja taastusravi osakondades (Kersti Teder ja Anne-Grete Raadom)<\/li>\n\n\n\n<li>Anett Lillev\u00e4li - Infusioonireaktsioonid kui s\u00fcsteemse kemoteraapia t\u00fcsistus Tartu \u00dclikooli Kliinikumis kasvajavastast ravi saavatel patsientidel (Marika Saar)<\/li>\n\n\n\n<li>Olesja Re\u0161njak - Tahkete suukaudsete ravimvormide manustamine neelamisraskustega patsientidele SA Tartu \u00dclikooli Kliinikumi intensiivraviosakondades (Kersti Teder)<\/li>\n<\/ul>\n\n\n\n<p class=\"has-medium-font-size\"><strong>2015<\/strong><\/p>\n\n\n\n<ul class=\"wp-block-list has-medium-font-size\">\n<li>Kristiina Jefimova - Perioperatiivse antibiootikumiprof\u00fclatika juhendi j\u00e4rgmine Tartu \u00dclikooli Kliinikumis (Marika Saar)<\/li>\n\n\n\n<li>Evar Raid - Ampitsilliini (Standacillin) ja h\u00fcdrokortisooni (Solu-Cortef) segu s\u00e4ilivusuuring HPLC meetodil (Kersti Teder ja Andres Meos (T\u00dc farmaatsia instituut))<\/li>\n\n\n\n<li>Iti-Ingris Sei - Granulots\u00fc\u00fctide kolooniaid stimuleerivate faktorite kasutamine kasvajaliste haigustega patsientidel Tartu \u00dclikooli Kliinikumis (Marika Saar)<\/li>\n<\/ul>\n\n\n\n<p class=\"has-medium-font-size\"><strong>2013<\/strong><\/p>\n\n\n\n<ul class=\"wp-block-list has-medium-font-size\">\n<li>Stig Benstr\u00f6m - Ketoprofeeni infusioonilahuste valgustundlikkuse uurimine (Kersti Teder ja Andres Meos (T\u00dc farmaatsia instituut)<\/li>\n\n\n\n<li>Bianca-Maria Heido - Paklitakseeli ja oksaliplatiini sisaldavast keemiaravist tingitud perifeerse neuropaatia ise\u00e4rasused (Marika Saar)<\/li>\n\n\n\n<li>Alina Ovt\u0161inikova - Antibiootikumide annuste kohaldamine vastavalt neerufunktsioonile - retrospektiivne kirjeldav uuring SA Tartu \u00dclikooli Kliinikumi intensiivravi osakonda hospitaliseeritud septilise \u0161okiga patsientidel (Jana Lass)<\/li>\n\n\n\n<li>Klaara Saar - Antiemeetilise ravi kasutamine ja ravijuhisele vastavus kasvajalisi haigusi p\u00f5devatel patsientidel (Marika Saar)<\/li>\n\n\n\n<li>Natalia Tomilovych - Kodutekkese septilise \u0161oki empiiriline antibakteriaalne ravi SA Tartu \u00dclikooli Kliinikumis aastatel 2010-2012 (Jana Lass)<\/li>\n<\/ul>\n\n\n\n<p class=\"has-medium-font-size\"><strong>2012<\/strong><\/p>\n\n\n\n<ul class=\"wp-block-list has-medium-font-size\">\n<li>Liis Kruus - Ravimite aseptiline ettevalmistamine Tartu \u00dclikooli Kliinikumi intensiivraviosakondades (Kersti Teder)<\/li>\n<\/ul>\n\n\n\n<p class=\"has-medium-font-size\"><strong>2011<\/strong><\/p>\n\n\n\n<ul class=\"wp-block-list has-medium-font-size\">\n<li>Andrus Lehes -  Ohtlikud abiained vasts\u00fcndinutel ambulatoorselt kasutatud ravimites (Jana Lass)<\/li>\n\n\n\n<li>Liisa Randm\u00e4e - Retrospektiivne kirjeldav uuring hindamaks SA Tartu \u00dclikooli Kliinikumi patsientide neerufunktsiooni ja ravimkasutust (Jana Lass)<\/li>\n<\/ul>\n\n\n\n<p class=\"has-medium-font-size\"><strong>2009<\/strong><\/p>\n\n\n\n<ul class=\"wp-block-list has-medium-font-size\">\n<li>Jelena Iljuhhina - Retseptiravimite kasutamine rasedatel Eestis (Jana Lass)<\/li>\n\n\n\n<li>Diana Raudsepp - Prospektiivne vaatlusuuring hindamaks, kui suur osa SA Tartu \u00dclikooli Kliinikumi erakorralise meditsiini osakonda p\u00f6\u00f6rdumistest v\u00f5ib olla seotud ravimite k\u00f5rval- ja koostoimetega (Jana Lass)<\/li>\n<\/ul>\n\n\n\n<p class=\"has-medium-font-size\"><strong>2008<\/strong><\/p>\n\n\n\n<ul class=\"wp-block-list has-medium-font-size\">\n<li>Kaarin J\u00f5gi - SA Tartu \u00dclikooli Kliinikumis vasts\u00fcndinutel kasutatavad ravimid - milline on lastel kasutamiseks mitten\u00e4idustatud ravimite ja ravimvormide osakaal (Jana Lass)<\/li>\n\n\n\n<li>Katrin Kurvits - Tartu \u00dclikooli Kliinikumi \u00f5endushooldusosakonna eakate patsientide farmakoteraapia hindamine apteekri vaatepunktist (Jana Lass)<\/li>\n<\/ul>\n\n\n\n<p class=\"has-medium-font-size\"><strong>2007<\/strong><\/p>\n\n\n\n<ul class=\"wp-block-list has-medium-font-size\">\n<li>Agnes M\u00e4nnik - Esmaste ps\u00fchhooside farmakoteraapia P\u00f5hja-Eesti Regionaalhaigla ja Tartu \u00dclikooli Kliinikumi ps\u00fchhiaatriakliinikutes (Jana Lass)<\/li>\n<\/ul>\n","protected":false},"excerpt":{"rendered":"<p>Sellel lehel on toodud teadus- ja uurimist\u00f6\u00f6d, mis on \u00f5ppet\u00f6\u00f6 k\u00e4igus l\u00e4bi viidud apteegi t\u00f6\u00f6tajate poolt v\u00f5i nende juhendamisel. Apteegi t\u00f6\u00f6tajate osalusel avaldatud teaduspublikatsioonid (aastani 2022) on leitavad siit. Kaitstud doktori- ja magistrit\u00f6\u00f6d: 2019 - Liisa J\u00f5hvik - MSc (Clinical Pharmacy) - Implementing medication reconciliation on hospital admission in Estonia: a pilot study in Tartu [&hellip;]<\/p>\n","protected":false},"author":33,"featured_media":0,"parent":5862,"menu_order":5,"comment_status":"closed","ping_status":"closed","template":"","meta":{"_acf_changed":false,"_uag_custom_page_level_css":"","footnotes":""},"class_list":["post-5872","page","type-page","status-publish","hentry"],"acf":[],"yoast_head":"<!-- This site is optimized with the Yoast SEO plugin v27.3 - https:\/\/yoast.com\/product\/yoast-seo-wordpress\/ -->\n<title>Teadust\u00f6\u00f6 - Haiglaapteek<\/title>\n<meta name=\"robots\" content=\"index, follow, max-snippet:-1, max-image-preview:large, max-video-preview:-1\" \/>\n<link rel=\"canonical\" href=\"https:\/\/www.kliinikum.ee\/haiglaapteek\/oppe-ja-teadustoo\/teadustoo\/\" \/>\n<meta property=\"og:locale\" content=\"et_EE\" \/>\n<meta property=\"og:type\" content=\"article\" \/>\n<meta property=\"og:title\" content=\"Teadust\u00f6\u00f6 - Haiglaapteek\" \/>\n<meta property=\"og:description\" content=\"Sellel lehel on toodud teadus- ja uurimist\u00f6\u00f6d, mis on \u00f5ppet\u00f6\u00f6 k\u00e4igus l\u00e4bi viidud apteegi t\u00f6\u00f6tajate poolt v\u00f5i nende juhendamisel. Apteegi t\u00f6\u00f6tajate osalusel avaldatud teaduspublikatsioonid (aastani 2022) on leitavad siit. Kaitstud doktori- ja magistrit\u00f6\u00f6d: 2019 - Liisa J\u00f5hvik - MSc (Clinical Pharmacy) - Implementing medication reconciliation on hospital admission in Estonia: a pilot study in Tartu [&hellip;]\" \/>\n<meta property=\"og:url\" content=\"https:\/\/www.kliinikum.ee\/haiglaapteek\/oppe-ja-teadustoo\/teadustoo\/\" \/>\n<meta property=\"og:site_name\" content=\"Haiglaapteek\" \/>\n<meta property=\"article:modified_time\" content=\"2025-09-09T08:38:21+00:00\" \/>\n<meta name=\"twitter:card\" content=\"summary_large_image\" \/>\n<meta name=\"twitter:label1\" content=\"Est. reading time\" \/>\n\t<meta name=\"twitter:data1\" content=\"4 minutit\" \/>\n<script type=\"application\/ld+json\" class=\"yoast-schema-graph\">{\"@context\":\"https:\\\/\\\/schema.org\",\"@graph\":[{\"@type\":\"WebPage\",\"@id\":\"https:\\\/\\\/www.kliinikum.ee\\\/haiglaapteek\\\/oppe-ja-teadustoo\\\/teadustoo\\\/\",\"url\":\"https:\\\/\\\/www.kliinikum.ee\\\/haiglaapteek\\\/oppe-ja-teadustoo\\\/teadustoo\\\/\",\"name\":\"Teadust\u00f6\u00f6 - Haiglaapteek\",\"isPartOf\":{\"@id\":\"https:\\\/\\\/www.kliinikum.ee\\\/haiglaapteek\\\/#website\"},\"datePublished\":\"2023-04-26T07:20:08+00:00\",\"dateModified\":\"2025-09-09T08:38:21+00:00\",\"breadcrumb\":{\"@id\":\"https:\\\/\\\/www.kliinikum.ee\\\/haiglaapteek\\\/oppe-ja-teadustoo\\\/teadustoo\\\/#breadcrumb\"},\"inLanguage\":\"et\",\"potentialAction\":[{\"@type\":\"ReadAction\",\"target\":[\"https:\\\/\\\/www.kliinikum.ee\\\/haiglaapteek\\\/oppe-ja-teadustoo\\\/teadustoo\\\/\"]}]},{\"@type\":\"BreadcrumbList\",\"@id\":\"https:\\\/\\\/www.kliinikum.ee\\\/haiglaapteek\\\/oppe-ja-teadustoo\\\/teadustoo\\\/#breadcrumb\",\"itemListElement\":[{\"@type\":\"ListItem\",\"position\":1,\"name\":\"\u00d5ppe- ja teadust\u00f6\u00f6\",\"item\":\"https:\\\/\\\/www.kliinikum.ee\\\/haiglaapteek\\\/oppe-ja-teadustoo\\\/\"},{\"@type\":\"ListItem\",\"position\":2,\"name\":\"Teadust\u00f6\u00f6\"}]},{\"@type\":\"WebSite\",\"@id\":\"https:\\\/\\\/www.kliinikum.ee\\\/haiglaapteek\\\/#website\",\"url\":\"https:\\\/\\\/www.kliinikum.ee\\\/haiglaapteek\\\/\",\"name\":\"Haiglaapteek\",\"description\":\"Hoolivus, Uuendusmeelsus, P\u00e4devus ja Usaldusv\u00e4\u00e4rsus\",\"potentialAction\":[{\"@type\":\"SearchAction\",\"target\":{\"@type\":\"EntryPoint\",\"urlTemplate\":\"https:\\\/\\\/www.kliinikum.ee\\\/haiglaapteek\\\/?s={search_term_string}\"},\"query-input\":{\"@type\":\"PropertyValueSpecification\",\"valueRequired\":true,\"valueName\":\"search_term_string\"}}],\"inLanguage\":\"et\"}]}<\/script>\n<!-- \/ Yoast SEO plugin. -->","yoast_head_json":{"title":"Teadust\u00f6\u00f6 - Haiglaapteek","robots":{"index":"index","follow":"follow","max-snippet":"max-snippet:-1","max-image-preview":"max-image-preview:large","max-video-preview":"max-video-preview:-1"},"canonical":"https:\/\/www.kliinikum.ee\/haiglaapteek\/oppe-ja-teadustoo\/teadustoo\/","og_locale":"et_EE","og_type":"article","og_title":"Teadust\u00f6\u00f6 - Haiglaapteek","og_description":"Sellel lehel on toodud teadus- ja uurimist\u00f6\u00f6d, mis on \u00f5ppet\u00f6\u00f6 k\u00e4igus l\u00e4bi viidud apteegi t\u00f6\u00f6tajate poolt v\u00f5i nende juhendamisel. Apteegi t\u00f6\u00f6tajate osalusel avaldatud teaduspublikatsioonid (aastani 2022) on leitavad siit. Kaitstud doktori- ja magistrit\u00f6\u00f6d: 2019 - Liisa J\u00f5hvik - MSc (Clinical Pharmacy) - Implementing medication reconciliation on hospital admission in Estonia: a pilot study in Tartu [&hellip;]","og_url":"https:\/\/www.kliinikum.ee\/haiglaapteek\/oppe-ja-teadustoo\/teadustoo\/","og_site_name":"Haiglaapteek","article_modified_time":"2025-09-09T08:38:21+00:00","twitter_card":"summary_large_image","twitter_misc":{"Est. reading time":"4 minutit"},"schema":{"@context":"https:\/\/schema.org","@graph":[{"@type":"WebPage","@id":"https:\/\/www.kliinikum.ee\/haiglaapteek\/oppe-ja-teadustoo\/teadustoo\/","url":"https:\/\/www.kliinikum.ee\/haiglaapteek\/oppe-ja-teadustoo\/teadustoo\/","name":"Teadust\u00f6\u00f6 - Haiglaapteek","isPartOf":{"@id":"https:\/\/www.kliinikum.ee\/haiglaapteek\/#website"},"datePublished":"2023-04-26T07:20:08+00:00","dateModified":"2025-09-09T08:38:21+00:00","breadcrumb":{"@id":"https:\/\/www.kliinikum.ee\/haiglaapteek\/oppe-ja-teadustoo\/teadustoo\/#breadcrumb"},"inLanguage":"et","potentialAction":[{"@type":"ReadAction","target":["https:\/\/www.kliinikum.ee\/haiglaapteek\/oppe-ja-teadustoo\/teadustoo\/"]}]},{"@type":"BreadcrumbList","@id":"https:\/\/www.kliinikum.ee\/haiglaapteek\/oppe-ja-teadustoo\/teadustoo\/#breadcrumb","itemListElement":[{"@type":"ListItem","position":1,"name":"\u00d5ppe- ja teadust\u00f6\u00f6","item":"https:\/\/www.kliinikum.ee\/haiglaapteek\/oppe-ja-teadustoo\/"},{"@type":"ListItem","position":2,"name":"Teadust\u00f6\u00f6"}]},{"@type":"WebSite","@id":"https:\/\/www.kliinikum.ee\/haiglaapteek\/#website","url":"https:\/\/www.kliinikum.ee\/haiglaapteek\/","name":"Haiglaapteek","description":"Hoolivus, Uuendusmeelsus, P\u00e4devus ja Usaldusv\u00e4\u00e4rsus","potentialAction":[{"@type":"SearchAction","target":{"@type":"EntryPoint","urlTemplate":"https:\/\/www.kliinikum.ee\/haiglaapteek\/?s={search_term_string}"},"query-input":{"@type":"PropertyValueSpecification","valueRequired":true,"valueName":"search_term_string"}}],"inLanguage":"et"}]}},"uagb_featured_image_src":{"full":false,"thumbnail":false,"medium":false,"medium_large":false,"large":false,"1536x1536":false,"2048x2048":false},"uagb_author_info":{"display_name":"Jane Freimann","author_link":"https:\/\/www.kliinikum.ee\/haiglaapteek\/author\/janef\/"},"uagb_comment_info":0,"uagb_excerpt":"Sellel lehel on toodud teadus- ja uurimist\u00f6\u00f6d, mis on \u00f5ppet\u00f6\u00f6 k\u00e4igus l\u00e4bi viidud apteegi t\u00f6\u00f6tajate poolt v\u00f5i nende juhendamisel. Apteegi t\u00f6\u00f6tajate osalusel avaldatud teaduspublikatsioonid (aastani 2022) on leitavad siit. Kaitstud doktori- ja magistrit\u00f6\u00f6d: 2019 - Liisa J\u00f5hvik - MSc (Clinical Pharmacy) - Implementing medication reconciliation on hospital admission in Estonia: a pilot study in Tartu&hellip;","_links":{"self":[{"href":"https:\/\/www.kliinikum.ee\/haiglaapteek\/wp-json\/wp\/v2\/pages\/5872","targetHints":{"allow":["GET"]}}],"collection":[{"href":"https:\/\/www.kliinikum.ee\/haiglaapteek\/wp-json\/wp\/v2\/pages"}],"about":[{"href":"https:\/\/www.kliinikum.ee\/haiglaapteek\/wp-json\/wp\/v2\/types\/page"}],"author":[{"embeddable":true,"href":"https:\/\/www.kliinikum.ee\/haiglaapteek\/wp-json\/wp\/v2\/users\/33"}],"replies":[{"embeddable":true,"href":"https:\/\/www.kliinikum.ee\/haiglaapteek\/wp-json\/wp\/v2\/comments?post=5872"}],"version-history":[{"count":0,"href":"https:\/\/www.kliinikum.ee\/haiglaapteek\/wp-json\/wp\/v2\/pages\/5872\/revisions"}],"up":[{"embeddable":true,"href":"https:\/\/www.kliinikum.ee\/haiglaapteek\/wp-json\/wp\/v2\/pages\/5862"}],"wp:attachment":[{"href":"https:\/\/www.kliinikum.ee\/haiglaapteek\/wp-json\/wp\/v2\/media?parent=5872"}],"curies":[{"name":"wp","href":"https:\/\/api.w.org\/{rel}","templated":true}]}}