{"id":5874,"date":"2023-04-26T09:28:24","date_gmt":"2023-04-26T07:28:24","guid":{"rendered":"https:\/\/www.kliinikum.ee\/haiglaapteek\/?page_id=5874"},"modified":"2025-06-09T09:32:36","modified_gmt":"2025-06-09T07:32:36","slug":"taiendope-tervishoiutootajatele","status":"publish","type":"page","link":"https:\/\/www.kliinikum.ee\/haiglaapteek\/oppe-ja-teadustoo\/taiendope-tervishoiutootajatele\/","title":{"rendered":"T\u00e4iend\u00f5pe tervishoiut\u00f6\u00f6tajatele"},"content":{"rendered":"\n<p class=\"has-medium-font-size\"><strong>Kliinikumi kliinikutel ja osakondadel on v\u00f5imalus apteegi (kliinilisi) proviisoreid ravimitega seotud teemadel koolitama kutsuda.<\/strong><\/p>\n\n\n\n<p class=\"has-medium-font-size\">Huvi korral v\u00f5tta \u00fchendust Marika Saarega (<a href=\"mailto:marika.saar@kliinikum.ee\" target=\"_blank\" rel=\"noreferrer noopener\">marika.saar@kliinikum.ee<\/a>).<\/p>\n\n\n\n<hr class=\"wp-block-separator has-alpha-channel-opacity\"\/>\n\n\n\n<p class=\"has-medium-font-size\"><strong>Koost\u00f6\u00f6s Tartu \u00dclikooli Kliinikumi Koolituskeskusega viiakse l\u00e4bi mitmeid koolitusi, mille kohta leiab infot nende <a href=\"https:\/\/www.kliinikum.ee\/partnerile\/koolituskeskus\/\" target=\"_blank\" rel=\"noreferrer noopener\">kodulehelt<\/a><\/strong>.<\/p>\n\n\n\n<p class=\"has-medium-font-size\">Regulaarselt toimuvad e-koolitused Kliinikumi Moodle keskkonnas:<\/p>\n\n\n\n<ul class=\"wp-block-list\">\n<li class=\"has-medium-font-size\"><a href=\"https:\/\/moodle.kliinikum.ee\/enrol\/index.php?id=142\" target=\"_blank\" rel=\"noreferrer noopener\">Ravimivigade v\u00e4ltimine<\/a><\/li>\n\n\n\n<li class=\"has-medium-font-size\"><a href=\"https:\/\/moodle.kliinikum.ee\/enrol\/index.php?id=110\"><a href=\"https:\/\/moodle.kliinikum.ee\/course\/view.php?id=110\">Ravimi teekond karbist patsiendini<\/a><\/a><\/li>\n\n\n\n<li class=\"has-medium-font-size\"><a href=\"https:\/\/moodle.kliinikum.ee\/enrol\/index.php?id=136\" target=\"_blank\" rel=\"noreferrer noopener\">Ts\u00fctostaatikumide k\u00e4itlemise baaskursus<\/a><\/li>\n<\/ul>\n\n\n\n<ul class=\"wp-block-list\"><\/ul>\n\n\n\n<p><\/p>\n","protected":false},"excerpt":{"rendered":"<p>Kliinikumi kliinikutel ja osakondadel on v\u00f5imalus apteegi (kliinilisi) proviisoreid ravimitega seotud teemadel koolitama kutsuda. Huvi korral v\u00f5tta \u00fchendust Marika Saarega (marika.saar@kliinikum.ee). Koost\u00f6\u00f6s Tartu \u00dclikooli Kliinikumi Koolituskeskusega viiakse l\u00e4bi mitmeid koolitusi, mille kohta leiab infot nende kodulehelt. Regulaarselt toimuvad e-koolitused Kliinikumi Moodle keskkonnas:<\/p>\n","protected":false},"author":33,"featured_media":0,"parent":5862,"menu_order":6,"comment_status":"closed","ping_status":"closed","template":"","meta":{"_acf_changed":false,"_uag_custom_page_level_css":"","footnotes":""},"class_list":["post-5874","page","type-page","status-publish","hentry"],"acf":[],"yoast_head":"<!-- This site is optimized with the Yoast SEO plugin v27.3 - https:\/\/yoast.com\/product\/yoast-seo-wordpress\/ -->\n<title>T\u00e4iend\u00f5pe tervishoiut\u00f6\u00f6tajatele - Haiglaapteek<\/title>\n<meta name=\"robots\" content=\"index, follow, max-snippet:-1, max-image-preview:large, max-video-preview:-1\" \/>\n<link rel=\"canonical\" href=\"https:\/\/www.kliinikum.ee\/haiglaapteek\/oppe-ja-teadustoo\/taiendope-tervishoiutootajatele\/\" \/>\n<meta property=\"og:locale\" content=\"et_EE\" \/>\n<meta property=\"og:type\" content=\"article\" \/>\n<meta property=\"og:title\" content=\"T\u00e4iend\u00f5pe tervishoiut\u00f6\u00f6tajatele - Haiglaapteek\" \/>\n<meta property=\"og:description\" content=\"Kliinikumi kliinikutel ja osakondadel on v\u00f5imalus apteegi (kliinilisi) proviisoreid ravimitega seotud teemadel koolitama kutsuda. Huvi korral v\u00f5tta \u00fchendust Marika Saarega (marika.saar@kliinikum.ee). Koost\u00f6\u00f6s Tartu \u00dclikooli Kliinikumi Koolituskeskusega viiakse l\u00e4bi mitmeid koolitusi, mille kohta leiab infot nende kodulehelt. Regulaarselt toimuvad e-koolitused Kliinikumi Moodle keskkonnas:\" \/>\n<meta property=\"og:url\" content=\"https:\/\/www.kliinikum.ee\/haiglaapteek\/oppe-ja-teadustoo\/taiendope-tervishoiutootajatele\/\" \/>\n<meta property=\"og:site_name\" content=\"Haiglaapteek\" \/>\n<meta property=\"article:modified_time\" content=\"2025-06-09T07:32:36+00:00\" \/>\n<meta name=\"twitter:card\" content=\"summary_large_image\" \/>\n<meta name=\"twitter:label1\" content=\"Est. reading time\" \/>\n\t<meta name=\"twitter:data1\" content=\"1 minut\" \/>\n<script type=\"application\/ld+json\" class=\"yoast-schema-graph\">{\"@context\":\"https:\\\/\\\/schema.org\",\"@graph\":[{\"@type\":\"WebPage\",\"@id\":\"https:\\\/\\\/www.kliinikum.ee\\\/haiglaapteek\\\/oppe-ja-teadustoo\\\/taiendope-tervishoiutootajatele\\\/\",\"url\":\"https:\\\/\\\/www.kliinikum.ee\\\/haiglaapteek\\\/oppe-ja-teadustoo\\\/taiendope-tervishoiutootajatele\\\/\",\"name\":\"T\u00e4iend\u00f5pe tervishoiut\u00f6\u00f6tajatele - Haiglaapteek\",\"isPartOf\":{\"@id\":\"https:\\\/\\\/www.kliinikum.ee\\\/haiglaapteek\\\/#website\"},\"datePublished\":\"2023-04-26T07:28:24+00:00\",\"dateModified\":\"2025-06-09T07:32:36+00:00\",\"breadcrumb\":{\"@id\":\"https:\\\/\\\/www.kliinikum.ee\\\/haiglaapteek\\\/oppe-ja-teadustoo\\\/taiendope-tervishoiutootajatele\\\/#breadcrumb\"},\"inLanguage\":\"et\",\"potentialAction\":[{\"@type\":\"ReadAction\",\"target\":[\"https:\\\/\\\/www.kliinikum.ee\\\/haiglaapteek\\\/oppe-ja-teadustoo\\\/taiendope-tervishoiutootajatele\\\/\"]}]},{\"@type\":\"BreadcrumbList\",\"@id\":\"https:\\\/\\\/www.kliinikum.ee\\\/haiglaapteek\\\/oppe-ja-teadustoo\\\/taiendope-tervishoiutootajatele\\\/#breadcrumb\",\"itemListElement\":[{\"@type\":\"ListItem\",\"position\":1,\"name\":\"\u00d5ppe- ja teadust\u00f6\u00f6\",\"item\":\"https:\\\/\\\/www.kliinikum.ee\\\/haiglaapteek\\\/oppe-ja-teadustoo\\\/\"},{\"@type\":\"ListItem\",\"position\":2,\"name\":\"T\u00e4iend\u00f5pe tervishoiut\u00f6\u00f6tajatele\"}]},{\"@type\":\"WebSite\",\"@id\":\"https:\\\/\\\/www.kliinikum.ee\\\/haiglaapteek\\\/#website\",\"url\":\"https:\\\/\\\/www.kliinikum.ee\\\/haiglaapteek\\\/\",\"name\":\"Haiglaapteek\",\"description\":\"Hoolivus, Uuendusmeelsus, P\u00e4devus ja Usaldusv\u00e4\u00e4rsus\",\"potentialAction\":[{\"@type\":\"SearchAction\",\"target\":{\"@type\":\"EntryPoint\",\"urlTemplate\":\"https:\\\/\\\/www.kliinikum.ee\\\/haiglaapteek\\\/?s={search_term_string}\"},\"query-input\":{\"@type\":\"PropertyValueSpecification\",\"valueRequired\":true,\"valueName\":\"search_term_string\"}}],\"inLanguage\":\"et\"}]}<\/script>\n<!-- \/ Yoast SEO plugin. -->","yoast_head_json":{"title":"T\u00e4iend\u00f5pe tervishoiut\u00f6\u00f6tajatele - Haiglaapteek","robots":{"index":"index","follow":"follow","max-snippet":"max-snippet:-1","max-image-preview":"max-image-preview:large","max-video-preview":"max-video-preview:-1"},"canonical":"https:\/\/www.kliinikum.ee\/haiglaapteek\/oppe-ja-teadustoo\/taiendope-tervishoiutootajatele\/","og_locale":"et_EE","og_type":"article","og_title":"T\u00e4iend\u00f5pe tervishoiut\u00f6\u00f6tajatele - Haiglaapteek","og_description":"Kliinikumi kliinikutel ja osakondadel on v\u00f5imalus apteegi (kliinilisi) proviisoreid ravimitega seotud teemadel koolitama kutsuda. Huvi korral v\u00f5tta \u00fchendust Marika Saarega (marika.saar@kliinikum.ee). Koost\u00f6\u00f6s Tartu \u00dclikooli Kliinikumi Koolituskeskusega viiakse l\u00e4bi mitmeid koolitusi, mille kohta leiab infot nende kodulehelt. Regulaarselt toimuvad e-koolitused Kliinikumi Moodle keskkonnas:","og_url":"https:\/\/www.kliinikum.ee\/haiglaapteek\/oppe-ja-teadustoo\/taiendope-tervishoiutootajatele\/","og_site_name":"Haiglaapteek","article_modified_time":"2025-06-09T07:32:36+00:00","twitter_card":"summary_large_image","twitter_misc":{"Est. reading time":"1 minut"},"schema":{"@context":"https:\/\/schema.org","@graph":[{"@type":"WebPage","@id":"https:\/\/www.kliinikum.ee\/haiglaapteek\/oppe-ja-teadustoo\/taiendope-tervishoiutootajatele\/","url":"https:\/\/www.kliinikum.ee\/haiglaapteek\/oppe-ja-teadustoo\/taiendope-tervishoiutootajatele\/","name":"T\u00e4iend\u00f5pe tervishoiut\u00f6\u00f6tajatele - Haiglaapteek","isPartOf":{"@id":"https:\/\/www.kliinikum.ee\/haiglaapteek\/#website"},"datePublished":"2023-04-26T07:28:24+00:00","dateModified":"2025-06-09T07:32:36+00:00","breadcrumb":{"@id":"https:\/\/www.kliinikum.ee\/haiglaapteek\/oppe-ja-teadustoo\/taiendope-tervishoiutootajatele\/#breadcrumb"},"inLanguage":"et","potentialAction":[{"@type":"ReadAction","target":["https:\/\/www.kliinikum.ee\/haiglaapteek\/oppe-ja-teadustoo\/taiendope-tervishoiutootajatele\/"]}]},{"@type":"BreadcrumbList","@id":"https:\/\/www.kliinikum.ee\/haiglaapteek\/oppe-ja-teadustoo\/taiendope-tervishoiutootajatele\/#breadcrumb","itemListElement":[{"@type":"ListItem","position":1,"name":"\u00d5ppe- ja teadust\u00f6\u00f6","item":"https:\/\/www.kliinikum.ee\/haiglaapteek\/oppe-ja-teadustoo\/"},{"@type":"ListItem","position":2,"name":"T\u00e4iend\u00f5pe tervishoiut\u00f6\u00f6tajatele"}]},{"@type":"WebSite","@id":"https:\/\/www.kliinikum.ee\/haiglaapteek\/#website","url":"https:\/\/www.kliinikum.ee\/haiglaapteek\/","name":"Haiglaapteek","description":"Hoolivus, Uuendusmeelsus, P\u00e4devus ja Usaldusv\u00e4\u00e4rsus","potentialAction":[{"@type":"SearchAction","target":{"@type":"EntryPoint","urlTemplate":"https:\/\/www.kliinikum.ee\/haiglaapteek\/?s={search_term_string}"},"query-input":{"@type":"PropertyValueSpecification","valueRequired":true,"valueName":"search_term_string"}}],"inLanguage":"et"}]}},"uagb_featured_image_src":{"full":false,"thumbnail":false,"medium":false,"medium_large":false,"large":false,"1536x1536":false,"2048x2048":false},"uagb_author_info":{"display_name":"Jane Freimann","author_link":"https:\/\/www.kliinikum.ee\/haiglaapteek\/author\/janef\/"},"uagb_comment_info":0,"uagb_excerpt":"Kliinikumi kliinikutel ja osakondadel on v\u00f5imalus apteegi (kliinilisi) proviisoreid ravimitega seotud teemadel koolitama kutsuda. Huvi korral v\u00f5tta \u00fchendust Marika Saarega (marika.saar@kliinikum.ee). Koost\u00f6\u00f6s Tartu \u00dclikooli Kliinikumi Koolituskeskusega viiakse l\u00e4bi mitmeid koolitusi, mille kohta leiab infot nende kodulehelt. Regulaarselt toimuvad e-koolitused Kliinikumi Moodle keskkonnas:","_links":{"self":[{"href":"https:\/\/www.kliinikum.ee\/haiglaapteek\/wp-json\/wp\/v2\/pages\/5874","targetHints":{"allow":["GET"]}}],"collection":[{"href":"https:\/\/www.kliinikum.ee\/haiglaapteek\/wp-json\/wp\/v2\/pages"}],"about":[{"href":"https:\/\/www.kliinikum.ee\/haiglaapteek\/wp-json\/wp\/v2\/types\/page"}],"author":[{"embeddable":true,"href":"https:\/\/www.kliinikum.ee\/haiglaapteek\/wp-json\/wp\/v2\/users\/33"}],"replies":[{"embeddable":true,"href":"https:\/\/www.kliinikum.ee\/haiglaapteek\/wp-json\/wp\/v2\/comments?post=5874"}],"version-history":[{"count":0,"href":"https:\/\/www.kliinikum.ee\/haiglaapteek\/wp-json\/wp\/v2\/pages\/5874\/revisions"}],"up":[{"embeddable":true,"href":"https:\/\/www.kliinikum.ee\/haiglaapteek\/wp-json\/wp\/v2\/pages\/5862"}],"wp:attachment":[{"href":"https:\/\/www.kliinikum.ee\/haiglaapteek\/wp-json\/wp\/v2\/media?parent=5874"}],"curies":[{"name":"wp","href":"https:\/\/api.w.org\/{rel}","templated":true}]}}