{"id":5880,"date":"2023-04-26T09:31:04","date_gmt":"2023-04-26T07:31:04","guid":{"rendered":"https:\/\/www.kliinikum.ee\/haiglaapteek\/?page_id=5880"},"modified":"2026-01-15T14:18:33","modified_gmt":"2026-01-15T12:18:33","slug":"meditsiiniseadmed","status":"publish","type":"page","link":"https:\/\/www.kliinikum.ee\/haiglaapteek\/infomaterjalid\/meditsiiniseadmed\/","title":{"rendered":"Meditsiiniseadmed"},"content":{"rendered":"\n<p class=\"has-medium-font-size\">Lisaks ravimitele ja desinfitseerivatele ainetele varustab Kliinikumi apteek&nbsp;Kliinikumi struktuur\u00fcksusi ka&nbsp;<strong>meditsiiniseadmetega<\/strong> (nt s\u00fcstlad, n\u00f5elad, kindad, kateetrid, sidematerjal, plaastrid jne).<\/p>\n\n\n\n<p class=\"has-medium-font-size\">Eestis kasutusel olevate\u00a0meditsiiniseadmete andmekogu\u00a0on leitav\u00a0<a href=\"https:\/\/msa.sm.ee\/est\/register\/?\" target=\"_blank\" rel=\"noreferrer noopener\">siit<\/a>.<\/p>\n\n\n\n<hr class=\"wp-block-separator has-alpha-channel-opacity\"\/>\n\n\n\n<div class=\"wp-block-uagb-container uagb-block-267896e5 alignfull uagb-is-root-container\"><div class=\"uagb-container-inner-blocks-wrap\">\n<div class=\"wp-block-uagb-container uagb-block-af549d8e\">\n<p class=\"has-medium-font-size\">Ravimite ohutuks kasutamiseks on v\u00e4ga oluline ravimite korrektne m\u00e4rgistamine, seet\u00f5ttu on apteegis erinevad ravimite m\u00e4rgistamiseks kasutatavaid kleebiseid.<\/p>\n\n\n\n<p class=\"has-medium-font-size\">T\u00e4psem info kleebiste kohta on toodud <a href=\"https:\/\/www.kliinikum.ee\/haiglaapteek\/ravimikleebised\/\" target=\"_blank\" rel=\"noreferrer noopener\">siin<\/a>.<\/p>\n<\/div>\n\n\n\n<div class=\"wp-block-uagb-container uagb-block-e1249701\">\n<figure class=\"wp-block-image size-large\"><img loading=\"lazy\" decoding=\"async\" width=\"1024\" height=\"683\" src=\"https:\/\/www.kliinikum.ee\/haiglaapteek\/wp-content\/uploads\/2023\/08\/IMG_7312-1024x683.jpg\" alt=\"\" class=\"wp-image-6330\" srcset=\"https:\/\/www.kliinikum.ee\/haiglaapteek\/wp-content\/uploads\/2023\/08\/IMG_7312-1024x683.jpg 1024w, https:\/\/www.kliinikum.ee\/haiglaapteek\/wp-content\/uploads\/2023\/08\/IMG_7312-300x200.jpg 300w, https:\/\/www.kliinikum.ee\/haiglaapteek\/wp-content\/uploads\/2023\/08\/IMG_7312-768x512.jpg 768w, https:\/\/www.kliinikum.ee\/haiglaapteek\/wp-content\/uploads\/2023\/08\/IMG_7312-1536x1024.jpg 1536w, https:\/\/www.kliinikum.ee\/haiglaapteek\/wp-content\/uploads\/2023\/08\/IMG_7312-2048x1365.jpg 2048w, https:\/\/www.kliinikum.ee\/haiglaapteek\/wp-content\/uploads\/2023\/08\/IMG_7312-scaled.jpg 2560w\" sizes=\"auto, (max-width: 1024px) 100vw, 1024px\" \/><\/figure>\n<\/div>\n<\/div><\/div>\n","protected":false},"excerpt":{"rendered":"<p>Lisaks ravimitele ja desinfitseerivatele ainetele varustab Kliinikumi apteek&nbsp;Kliinikumi struktuur\u00fcksusi ka&nbsp;meditsiiniseadmetega (nt s\u00fcstlad, n\u00f5elad, kindad, kateetrid, sidematerjal, plaastrid jne). Eestis kasutusel olevate\u00a0meditsiiniseadmete andmekogu\u00a0on leitav\u00a0siit. Ravimite ohutuks kasutamiseks on v\u00e4ga oluline ravimite korrektne m\u00e4rgistamine, seet\u00f5ttu on apteegis erinevad ravimite m\u00e4rgistamiseks kasutatavaid kleebiseid. T\u00e4psem info kleebiste kohta on toodud siin.<\/p>\n","protected":false},"author":33,"featured_media":0,"parent":19,"menu_order":50,"comment_status":"closed","ping_status":"closed","template":"","meta":{"_acf_changed":false,"_uag_custom_page_level_css":"","footnotes":""},"class_list":["post-5880","page","type-page","status-publish","hentry"],"acf":[],"yoast_head":"<!-- This site is optimized with the Yoast SEO plugin v27.1.1 - https:\/\/yoast.com\/product\/yoast-seo-wordpress\/ -->\n<title>Meditsiiniseadmed - Haiglaapteek<\/title>\n<meta name=\"robots\" content=\"index, follow, max-snippet:-1, max-image-preview:large, max-video-preview:-1\" \/>\n<link rel=\"canonical\" href=\"https:\/\/www.kliinikum.ee\/haiglaapteek\/infomaterjalid\/meditsiiniseadmed\/\" \/>\n<meta property=\"og:locale\" content=\"et_EE\" \/>\n<meta property=\"og:type\" content=\"article\" \/>\n<meta property=\"og:title\" content=\"Meditsiiniseadmed - Haiglaapteek\" \/>\n<meta property=\"og:description\" content=\"Lisaks ravimitele ja desinfitseerivatele ainetele varustab Kliinikumi apteek&nbsp;Kliinikumi struktuur\u00fcksusi ka&nbsp;meditsiiniseadmetega (nt s\u00fcstlad, n\u00f5elad, kindad, kateetrid, sidematerjal, plaastrid jne). Eestis kasutusel olevate\u00a0meditsiiniseadmete andmekogu\u00a0on leitav\u00a0siit. Ravimite ohutuks kasutamiseks on v\u00e4ga oluline ravimite korrektne m\u00e4rgistamine, seet\u00f5ttu on apteegis erinevad ravimite m\u00e4rgistamiseks kasutatavaid kleebiseid. T\u00e4psem info kleebiste kohta on toodud siin.\" \/>\n<meta property=\"og:url\" content=\"https:\/\/www.kliinikum.ee\/haiglaapteek\/infomaterjalid\/meditsiiniseadmed\/\" \/>\n<meta property=\"og:site_name\" content=\"Haiglaapteek\" \/>\n<meta property=\"article:modified_time\" content=\"2026-01-15T12:18:33+00:00\" \/>\n<meta property=\"og:image\" content=\"https:\/\/www.kliinikum.ee\/haiglaapteek\/wp-content\/uploads\/2023\/08\/IMG_7312-scaled.jpg\" \/>\n\t<meta property=\"og:image:width\" content=\"2560\" \/>\n\t<meta property=\"og:image:height\" content=\"1706\" \/>\n\t<meta property=\"og:image:type\" content=\"image\/jpeg\" \/>\n<meta name=\"twitter:card\" content=\"summary_large_image\" \/>\n<meta name=\"twitter:label1\" content=\"Est. reading time\" \/>\n\t<meta name=\"twitter:data1\" content=\"1 minut\" \/>\n<script type=\"application\/ld+json\" class=\"yoast-schema-graph\">{\"@context\":\"https:\/\/schema.org\",\"@graph\":[{\"@type\":\"WebPage\",\"@id\":\"https:\/\/www.kliinikum.ee\/haiglaapteek\/infomaterjalid\/meditsiiniseadmed\/\",\"url\":\"https:\/\/www.kliinikum.ee\/haiglaapteek\/infomaterjalid\/meditsiiniseadmed\/\",\"name\":\"Meditsiiniseadmed - Haiglaapteek\",\"isPartOf\":{\"@id\":\"https:\/\/www.kliinikum.ee\/haiglaapteek\/#website\"},\"primaryImageOfPage\":{\"@id\":\"https:\/\/www.kliinikum.ee\/haiglaapteek\/infomaterjalid\/meditsiiniseadmed\/#primaryimage\"},\"image\":{\"@id\":\"https:\/\/www.kliinikum.ee\/haiglaapteek\/infomaterjalid\/meditsiiniseadmed\/#primaryimage\"},\"thumbnailUrl\":\"https:\/\/www.kliinikum.ee\/haiglaapteek\/wp-content\/uploads\/2023\/08\/IMG_7312-1024x683.jpg\",\"datePublished\":\"2023-04-26T07:31:04+00:00\",\"dateModified\":\"2026-01-15T12:18:33+00:00\",\"breadcrumb\":{\"@id\":\"https:\/\/www.kliinikum.ee\/haiglaapteek\/infomaterjalid\/meditsiiniseadmed\/#breadcrumb\"},\"inLanguage\":\"et\",\"potentialAction\":[{\"@type\":\"ReadAction\",\"target\":[\"https:\/\/www.kliinikum.ee\/haiglaapteek\/infomaterjalid\/meditsiiniseadmed\/\"]}]},{\"@type\":\"ImageObject\",\"inLanguage\":\"et\",\"@id\":\"https:\/\/www.kliinikum.ee\/haiglaapteek\/infomaterjalid\/meditsiiniseadmed\/#primaryimage\",\"url\":\"https:\/\/www.kliinikum.ee\/haiglaapteek\/wp-content\/uploads\/2023\/08\/IMG_7312-scaled.jpg\",\"contentUrl\":\"https:\/\/www.kliinikum.ee\/haiglaapteek\/wp-content\/uploads\/2023\/08\/IMG_7312-scaled.jpg\",\"width\":2560,\"height\":1706},{\"@type\":\"BreadcrumbList\",\"@id\":\"https:\/\/www.kliinikum.ee\/haiglaapteek\/infomaterjalid\/meditsiiniseadmed\/#breadcrumb\",\"itemListElement\":[{\"@type\":\"ListItem\",\"position\":1,\"name\":\"Infomaterjalid\",\"item\":\"https:\/\/www.kliinikum.ee\/haiglaapteek\/infomaterjalid\/\"},{\"@type\":\"ListItem\",\"position\":2,\"name\":\"Meditsiiniseadmed\"}]},{\"@type\":\"WebSite\",\"@id\":\"https:\/\/www.kliinikum.ee\/haiglaapteek\/#website\",\"url\":\"https:\/\/www.kliinikum.ee\/haiglaapteek\/\",\"name\":\"Haiglaapteek\",\"description\":\"Hoolivus, Uuendusmeelsus, P\u00e4devus ja Usaldusv\u00e4\u00e4rsus\",\"potentialAction\":[{\"@type\":\"SearchAction\",\"target\":{\"@type\":\"EntryPoint\",\"urlTemplate\":\"https:\/\/www.kliinikum.ee\/haiglaapteek\/?s={search_term_string}\"},\"query-input\":{\"@type\":\"PropertyValueSpecification\",\"valueRequired\":true,\"valueName\":\"search_term_string\"}}],\"inLanguage\":\"et\"}]}<\/script>\n<!-- \/ Yoast SEO plugin. -->","yoast_head_json":{"title":"Meditsiiniseadmed - Haiglaapteek","robots":{"index":"index","follow":"follow","max-snippet":"max-snippet:-1","max-image-preview":"max-image-preview:large","max-video-preview":"max-video-preview:-1"},"canonical":"https:\/\/www.kliinikum.ee\/haiglaapteek\/infomaterjalid\/meditsiiniseadmed\/","og_locale":"et_EE","og_type":"article","og_title":"Meditsiiniseadmed - Haiglaapteek","og_description":"Lisaks ravimitele ja desinfitseerivatele ainetele varustab Kliinikumi apteek&nbsp;Kliinikumi struktuur\u00fcksusi ka&nbsp;meditsiiniseadmetega (nt s\u00fcstlad, n\u00f5elad, kindad, kateetrid, sidematerjal, plaastrid jne). Eestis kasutusel olevate\u00a0meditsiiniseadmete andmekogu\u00a0on leitav\u00a0siit. Ravimite ohutuks kasutamiseks on v\u00e4ga oluline ravimite korrektne m\u00e4rgistamine, seet\u00f5ttu on apteegis erinevad ravimite m\u00e4rgistamiseks kasutatavaid kleebiseid. T\u00e4psem info kleebiste kohta on toodud siin.","og_url":"https:\/\/www.kliinikum.ee\/haiglaapteek\/infomaterjalid\/meditsiiniseadmed\/","og_site_name":"Haiglaapteek","article_modified_time":"2026-01-15T12:18:33+00:00","og_image":[{"width":2560,"height":1706,"url":"https:\/\/www.kliinikum.ee\/haiglaapteek\/wp-content\/uploads\/2023\/08\/IMG_7312-scaled.jpg","type":"image\/jpeg"}],"twitter_card":"summary_large_image","twitter_misc":{"Est. reading time":"1 minut"},"schema":{"@context":"https:\/\/schema.org","@graph":[{"@type":"WebPage","@id":"https:\/\/www.kliinikum.ee\/haiglaapteek\/infomaterjalid\/meditsiiniseadmed\/","url":"https:\/\/www.kliinikum.ee\/haiglaapteek\/infomaterjalid\/meditsiiniseadmed\/","name":"Meditsiiniseadmed - Haiglaapteek","isPartOf":{"@id":"https:\/\/www.kliinikum.ee\/haiglaapteek\/#website"},"primaryImageOfPage":{"@id":"https:\/\/www.kliinikum.ee\/haiglaapteek\/infomaterjalid\/meditsiiniseadmed\/#primaryimage"},"image":{"@id":"https:\/\/www.kliinikum.ee\/haiglaapteek\/infomaterjalid\/meditsiiniseadmed\/#primaryimage"},"thumbnailUrl":"https:\/\/www.kliinikum.ee\/haiglaapteek\/wp-content\/uploads\/2023\/08\/IMG_7312-1024x683.jpg","datePublished":"2023-04-26T07:31:04+00:00","dateModified":"2026-01-15T12:18:33+00:00","breadcrumb":{"@id":"https:\/\/www.kliinikum.ee\/haiglaapteek\/infomaterjalid\/meditsiiniseadmed\/#breadcrumb"},"inLanguage":"et","potentialAction":[{"@type":"ReadAction","target":["https:\/\/www.kliinikum.ee\/haiglaapteek\/infomaterjalid\/meditsiiniseadmed\/"]}]},{"@type":"ImageObject","inLanguage":"et","@id":"https:\/\/www.kliinikum.ee\/haiglaapteek\/infomaterjalid\/meditsiiniseadmed\/#primaryimage","url":"https:\/\/www.kliinikum.ee\/haiglaapteek\/wp-content\/uploads\/2023\/08\/IMG_7312-scaled.jpg","contentUrl":"https:\/\/www.kliinikum.ee\/haiglaapteek\/wp-content\/uploads\/2023\/08\/IMG_7312-scaled.jpg","width":2560,"height":1706},{"@type":"BreadcrumbList","@id":"https:\/\/www.kliinikum.ee\/haiglaapteek\/infomaterjalid\/meditsiiniseadmed\/#breadcrumb","itemListElement":[{"@type":"ListItem","position":1,"name":"Infomaterjalid","item":"https:\/\/www.kliinikum.ee\/haiglaapteek\/infomaterjalid\/"},{"@type":"ListItem","position":2,"name":"Meditsiiniseadmed"}]},{"@type":"WebSite","@id":"https:\/\/www.kliinikum.ee\/haiglaapteek\/#website","url":"https:\/\/www.kliinikum.ee\/haiglaapteek\/","name":"Haiglaapteek","description":"Hoolivus, Uuendusmeelsus, P\u00e4devus ja Usaldusv\u00e4\u00e4rsus","potentialAction":[{"@type":"SearchAction","target":{"@type":"EntryPoint","urlTemplate":"https:\/\/www.kliinikum.ee\/haiglaapteek\/?s={search_term_string}"},"query-input":{"@type":"PropertyValueSpecification","valueRequired":true,"valueName":"search_term_string"}}],"inLanguage":"et"}]}},"uagb_featured_image_src":{"full":false,"thumbnail":false,"medium":false,"medium_large":false,"large":false,"1536x1536":false,"2048x2048":false},"uagb_author_info":{"display_name":"Jane Freimann","author_link":"https:\/\/www.kliinikum.ee\/haiglaapteek\/author\/janef\/"},"uagb_comment_info":0,"uagb_excerpt":"Lisaks ravimitele ja desinfitseerivatele ainetele varustab Kliinikumi apteek&nbsp;Kliinikumi struktuur\u00fcksusi ka&nbsp;meditsiiniseadmetega (nt s\u00fcstlad, n\u00f5elad, kindad, kateetrid, sidematerjal, plaastrid jne). Eestis kasutusel olevate\u00a0meditsiiniseadmete andmekogu\u00a0on leitav\u00a0siit. Ravimite ohutuks kasutamiseks on v\u00e4ga oluline ravimite korrektne m\u00e4rgistamine, seet\u00f5ttu on apteegis erinevad ravimite m\u00e4rgistamiseks kasutatavaid kleebiseid. T\u00e4psem info kleebiste kohta on toodud siin.","_links":{"self":[{"href":"https:\/\/www.kliinikum.ee\/haiglaapteek\/wp-json\/wp\/v2\/pages\/5880","targetHints":{"allow":["GET"]}}],"collection":[{"href":"https:\/\/www.kliinikum.ee\/haiglaapteek\/wp-json\/wp\/v2\/pages"}],"about":[{"href":"https:\/\/www.kliinikum.ee\/haiglaapteek\/wp-json\/wp\/v2\/types\/page"}],"author":[{"embeddable":true,"href":"https:\/\/www.kliinikum.ee\/haiglaapteek\/wp-json\/wp\/v2\/users\/33"}],"replies":[{"embeddable":true,"href":"https:\/\/www.kliinikum.ee\/haiglaapteek\/wp-json\/wp\/v2\/comments?post=5880"}],"version-history":[{"count":10,"href":"https:\/\/www.kliinikum.ee\/haiglaapteek\/wp-json\/wp\/v2\/pages\/5880\/revisions"}],"predecessor-version":[{"id":6848,"href":"https:\/\/www.kliinikum.ee\/haiglaapteek\/wp-json\/wp\/v2\/pages\/5880\/revisions\/6848"}],"up":[{"embeddable":true,"href":"https:\/\/www.kliinikum.ee\/haiglaapteek\/wp-json\/wp\/v2\/pages\/19"}],"wp:attachment":[{"href":"https:\/\/www.kliinikum.ee\/haiglaapteek\/wp-json\/wp\/v2\/media?parent=5880"}],"curies":[{"name":"wp","href":"https:\/\/api.w.org\/{rel}","templated":true}]}}