{"id":6442,"date":"2024-06-25T13:08:50","date_gmt":"2024-06-25T11:08:50","guid":{"rendered":"https:\/\/www.kliinikum.ee\/haiglaapteek\/?page_id=6442"},"modified":"2025-10-23T07:29:36","modified_gmt":"2025-10-23T05:29:36","slug":"juhendid-tervishoiutootajatele","status":"publish","type":"page","link":"https:\/\/www.kliinikum.ee\/haiglaapteek\/infomaterjalid\/juhendid-tervishoiutootajatele\/","title":{"rendered":"Kliinikumi juhendid tervishoiut\u00f6\u00f6tajatele"},"content":{"rendered":"\n<p><strong>Veebirakendus<\/strong><\/p>\n\n\n\n<p><a href=\"https:\/\/www.kliinikum.ee\/abr\/app\/avaleht\">Antibakteriaalse ravi veebirakendus<\/a><\/p>\n\n\n\n<hr class=\"wp-block-separator has-alpha-channel-opacity\"\/>\n\n\n\n<p>Allj\u00e4rgnevalt on leitavad k\u00f5ik Kliinikumis ravimeid puudutavad dokumendid. Dokumendi nimele vajutades j\u00f5uab sisev\u00f5rgus asuva dokumendini.<\/p>\n\n\n\n<hr class=\"wp-block-separator has-alpha-channel-opacity\"\/>\n\n\n\n<p><strong>Protseduurid<\/strong><\/p>\n\n\n\n<p><a href=\"https:\/\/intranet.kliinikum.ee\/dokument\/jaatmekaitluseeskiri\">PKL-89 J\u00e4\u00e4tmek\u00e4itluseeskiri<\/a><\/p>\n\n\n\n<p><a href=\"https:\/\/intranet.kliinikum.ee\/dokument\/ravimite-kaitlemise-kord\">PKL-107 Ravimite k\u00e4itlemise kord<\/a><\/p>\n\n\n\n<p><a href=\"https:\/\/intranet.kliinikum.ee\/dokument\/kliinikumi-ravimipoliitika\">PKL-130 Kliinikumi ravimipoliitika<\/a><\/p>\n\n\n\n<p><a href=\"https:\/\/intranet.kliinikum.ee\/dokument\/antibiootikumide-poliitika-kliinikumis\">PKL-133 Antibiootikumide poliitika kliinikumis<\/a><\/p>\n\n\n\n<hr class=\"wp-block-separator has-alpha-channel-opacity\"\/>\n\n\n\n<p><strong>Juhendid<\/strong><\/p>\n\n\n\n<p><a href=\"https:\/\/intranet.kliinikum.ee\/dokument\/ravimite-sailitamise-juhend\">JKL-70 Ravimite s\u00e4ilitamise juhend<\/a><\/p>\n\n\n\n<p><a href=\"https:\/\/intranet.kliinikum.ee\/dokument\/perioperatiivse-antibiootikumprofulaktika-juhend\">JKL-72 Perioperatiivse antibiootikumprof\u00fclaktika juhend<\/a><\/p>\n\n\n\n<p><a href=\"https:\/\/intranet.kliinikum.ee\/dokument\/ravimite-manustamise-juhend\">JKL-124 Ravimite manustamise juhend<\/a><\/p>\n\n\n\n<p><a href=\"https:\/\/intranet.kliinikum.ee\/dokument\/ravimite-manustamiseks-ettevalmistamise-juhend\">JKL-140 Ravimite manustamiseks ettevalmistamise juhend<\/a><\/p>\n\n\n\n<p><a href=\"https:\/\/intranet.kliinikum.ee\/dokument\/tsutostaatikumide-kaitlemisel-tekkinud-saastuse-likvideerimise-juhend\">JKL-141 Ts\u00fctostaatikumide k\u00e4itlemisel tekkinud saastuse likvideerimise juhend<\/a><\/p>\n\n\n\n<p><a href=\"https:\/\/intranet.kliinikum.ee\/dokument\/tsutostaatikumide-kaitlemise-juhend\">JKL-145 Ts\u00fctostaatikumide k\u00e4itlemise juhend<\/a><\/p>\n\n\n\n<p><a href=\"https:\/\/intranet.kliinikum.ee\/dokument\/eriarvestusele-ja-arvestusele-kuuluvate-ravimite-kaitlemise-juhend\">JKL-219 Eriarvestusele ja arvestusele kuuluvate ravimite k\u00e4itlemise juhend<\/a><\/p>\n\n\n\n<p><a href=\"https:\/\/intranet.kliinikum.ee\/dokument\/suukadusete-ravimite-maaramine-ja-manustamine-neelamishairega-sh-enteraalsel-toitmisel\">JKL-227 Suukadusete ravimite m\u00e4\u00e4ramine ja manustamine neelamish\u00e4irega, sh enteraalsel toitmisel olevale, patsiendile<\/a><\/p>\n\n\n\n<p><a href=\"https:\/\/intranet.kliinikum.ee\/dokument\/parenteraalsete-ravimite-manustamine-taiskasvanud-patsientidele-0\">JKL-269 Parenteraalsete ravimite manustamine t\u00e4iskasvanud patsientidele<\/a><\/p>\n\n\n\n<hr class=\"wp-block-separator has-alpha-channel-opacity\"\/>\n\n\n\n<p><strong>Teatmestud<\/strong><\/p>\n\n\n\n<p><a href=\"https:\/\/intranet.kliinikum.ee\/dokument\/kliinikumi-ravimiformular\">TKL-79&nbsp; Ravimiformular<\/a><\/p>\n\n\n\n<p><a href=\"https:\/\/intranet.kliinikum.ee\/dokument\/antibiootikumravi-juhend\">TKL-98&nbsp; Antibiootikumiravi juhend<\/a><\/p>\n\n\n\n<p><a href=\"https:\/\/intranet.kliinikum.ee\/dokument\/intravenoosselt-manustatavate-ravimite-sobivus-infusiooniliinis\">TKL-152 Intravenoosselt manustatavate ravimite sobivus infusiooniliinis<\/a><\/p>\n\n\n\n<p><a href=\"https:\/\/intranet.kliinikum.ee\/dokument\/ohtlike-ravimite-kaitlemine\">TKL-154 Ohtlike ravimite k\u00e4itlemine<\/a><\/p>\n\n\n\n<p><a href=\"https:\/\/intranet.kliinikum.ee\/dokument\/ravimite-mitmeannuseliste-pakendite-kolblikkusaeg\">TKL-156 Ravimite mitmeannuseliste pakendite k\u00f5lblikkusaeg<\/a><\/p>\n\n\n\n<p><a href=\"https:\/\/intranet.kliinikum.ee\/dokument\/patsiendi-ravimikasutuse-info-kogumine-hospitaliseerimisel\">TKL-217 Patsiendi ravimikasutuse info kogumine hospitaliseerimisel<\/a><\/p>\n\n\n\n<p><a href=\"https:\/\/intranet.kliinikum.ee\/dokument\/parenteraalsete-ravimite-manustamine-taiskasvanud-patsientidele\">TKL-220 Parenteraalsete ravimite manustamine t\u00e4iskasvanud patsientidele<\/a><\/p>\n\n\n\n<p><a href=\"https:\/\/intranet.kliinikum.ee\/dokument\/ravimite-manustamine-neelamisraskustega-patsientidele-ja-sondi-kaudu\">TKL-227 Ravimite manustamine neelamisraskustega patsientidele ja sondi kaudu<\/a><\/p>\n\n\n\n<hr class=\"wp-block-separator has-alpha-channel-opacity\"\/>\n\n\n\n<p><strong>Vormid<\/strong><\/p>\n\n\n\n<p><a href=\"https:\/\/intranet.kliinikum.ee\/dokument\/ravimite-mahakandmise-uleandmise-akt\">VKL-106 Ravimite mahakandmise-\u00fcleandmise akt<\/a><\/p>\n\n\n\n<p><a href=\"https:\/\/intranet.kliinikum.ee\/dokument\/toenduspohine-pohjendus-uue-ravimi-kasutusele-votmiseks\">VKL-128 T\u00f5endusp\u00f5hine p\u00f5hjendus uue ravimi kasutusele v\u00f5tmiseks<\/a><\/p>\n\n\n\n<p><a href=\"https:\/\/intranet.kliinikum.ee\/dokument\/tsutostaatikumidega-toimunud-onnetusjuhtumi-raport\">VKL-277 Ts\u00fctostaatikumidega toimunud \u00f5nnetusjuhtumi raport<\/a><\/p>\n\n\n\n<p><a href=\"https:\/\/intranet.kliinikum.ee\/dokument\/ravimite-sailitustemperatuuri-dokumenteerimise-vormid\">VKL-296 Ravimite s\u00e4ilitustemperatuuri dokumenteerimise vormid<\/a><\/p>\n\n\n\n<p><a href=\"https:\/\/intranet.kliinikum.ee\/dokument\/lepinguvaliste-kaupade-taotlus-sa-tuk-apteegile\">VAP-06 Lepinguv\u00e4liste kaupade taotlus SA T\u00dcK Apteegile<\/a><\/p>\n\n\n\n<p><a href=\"https:\/\/intranet.kliinikum.ee\/dokument\/individuaalse-suukaudse-extempore-ravimi-tellimiseleht-sa-tuk-apteegile\">VAP-12 Individuaalse suukaudse extempore ravimi tellimisleht SA T\u00dcK Apteegile<\/a><\/p>\n\n\n\n<p><a href=\"https:\/\/intranet.kliinikum.ee\/dokument\/aseptiliselt-ettevalmistatava-ravimi-tellimisleht\">VAP-26 Aseptiliselt ettevalmistatava ravimi tellimisleht<\/a><\/p>\n","protected":false},"excerpt":{"rendered":"<p>Veebirakendus Antibakteriaalse ravi veebirakendus Allj\u00e4rgnevalt on leitavad k\u00f5ik Kliinikumis ravimeid puudutavad dokumendid. Dokumendi nimele vajutades j\u00f5uab sisev\u00f5rgus asuva dokumendini. Protseduurid PKL-89 J\u00e4\u00e4tmek\u00e4itluseeskiri PKL-107 Ravimite k\u00e4itlemise kord PKL-130 Kliinikumi ravimipoliitika PKL-133 Antibiootikumide poliitika kliinikumis Juhendid JKL-70 Ravimite s\u00e4ilitamise juhend JKL-72 Perioperatiivse antibiootikumprof\u00fclaktika juhend JKL-124 Ravimite manustamise juhend JKL-140 Ravimite manustamiseks ettevalmistamise juhend JKL-141 Ts\u00fctostaatikumide k\u00e4itlemisel tekkinud [&hellip;]<\/p>\n","protected":false},"author":30,"featured_media":0,"parent":19,"menu_order":10,"comment_status":"closed","ping_status":"closed","template":"","meta":{"_acf_changed":false,"_uag_custom_page_level_css":"","footnotes":""},"class_list":["post-6442","page","type-page","status-publish","hentry"],"acf":[],"yoast_head":"<!-- This site is optimized with the Yoast SEO plugin v27.3 - https:\/\/yoast.com\/product\/yoast-seo-wordpress\/ -->\n<title>Kliinikumi juhendid tervishoiut\u00f6\u00f6tajatele - Haiglaapteek<\/title>\n<meta name=\"robots\" content=\"index, follow, max-snippet:-1, max-image-preview:large, max-video-preview:-1\" \/>\n<link rel=\"canonical\" href=\"https:\/\/www.kliinikum.ee\/haiglaapteek\/infomaterjalid\/juhendid-tervishoiutootajatele\/\" \/>\n<meta property=\"og:locale\" content=\"et_EE\" \/>\n<meta property=\"og:type\" content=\"article\" \/>\n<meta property=\"og:title\" content=\"Kliinikumi juhendid tervishoiut\u00f6\u00f6tajatele - Haiglaapteek\" \/>\n<meta property=\"og:description\" content=\"Veebirakendus Antibakteriaalse ravi veebirakendus Allj\u00e4rgnevalt on leitavad k\u00f5ik Kliinikumis ravimeid puudutavad dokumendid. Dokumendi nimele vajutades j\u00f5uab sisev\u00f5rgus asuva dokumendini. Protseduurid PKL-89 J\u00e4\u00e4tmek\u00e4itluseeskiri PKL-107 Ravimite k\u00e4itlemise kord PKL-130 Kliinikumi ravimipoliitika PKL-133 Antibiootikumide poliitika kliinikumis Juhendid JKL-70 Ravimite s\u00e4ilitamise juhend JKL-72 Perioperatiivse antibiootikumprof\u00fclaktika juhend JKL-124 Ravimite manustamise juhend JKL-140 Ravimite manustamiseks ettevalmistamise juhend JKL-141 Ts\u00fctostaatikumide k\u00e4itlemisel tekkinud [&hellip;]\" \/>\n<meta property=\"og:url\" content=\"https:\/\/www.kliinikum.ee\/haiglaapteek\/infomaterjalid\/juhendid-tervishoiutootajatele\/\" \/>\n<meta property=\"og:site_name\" content=\"Haiglaapteek\" \/>\n<meta property=\"article:modified_time\" content=\"2025-10-23T05:29:36+00:00\" \/>\n<meta name=\"twitter:card\" content=\"summary_large_image\" \/>\n<meta name=\"twitter:label1\" content=\"Est. reading time\" \/>\n\t<meta name=\"twitter:data1\" content=\"1 minut\" \/>\n<script type=\"application\/ld+json\" class=\"yoast-schema-graph\">{\"@context\":\"https:\\\/\\\/schema.org\",\"@graph\":[{\"@type\":\"WebPage\",\"@id\":\"https:\\\/\\\/www.kliinikum.ee\\\/haiglaapteek\\\/infomaterjalid\\\/juhendid-tervishoiutootajatele\\\/\",\"url\":\"https:\\\/\\\/www.kliinikum.ee\\\/haiglaapteek\\\/infomaterjalid\\\/juhendid-tervishoiutootajatele\\\/\",\"name\":\"Kliinikumi juhendid tervishoiut\u00f6\u00f6tajatele - Haiglaapteek\",\"isPartOf\":{\"@id\":\"https:\\\/\\\/www.kliinikum.ee\\\/haiglaapteek\\\/#website\"},\"datePublished\":\"2024-06-25T11:08:50+00:00\",\"dateModified\":\"2025-10-23T05:29:36+00:00\",\"breadcrumb\":{\"@id\":\"https:\\\/\\\/www.kliinikum.ee\\\/haiglaapteek\\\/infomaterjalid\\\/juhendid-tervishoiutootajatele\\\/#breadcrumb\"},\"inLanguage\":\"et\",\"potentialAction\":[{\"@type\":\"ReadAction\",\"target\":[\"https:\\\/\\\/www.kliinikum.ee\\\/haiglaapteek\\\/infomaterjalid\\\/juhendid-tervishoiutootajatele\\\/\"]}]},{\"@type\":\"BreadcrumbList\",\"@id\":\"https:\\\/\\\/www.kliinikum.ee\\\/haiglaapteek\\\/infomaterjalid\\\/juhendid-tervishoiutootajatele\\\/#breadcrumb\",\"itemListElement\":[{\"@type\":\"ListItem\",\"position\":1,\"name\":\"Infomaterjalid\",\"item\":\"https:\\\/\\\/www.kliinikum.ee\\\/haiglaapteek\\\/infomaterjalid\\\/\"},{\"@type\":\"ListItem\",\"position\":2,\"name\":\"Kliinikumi juhendid tervishoiut\u00f6\u00f6tajatele\"}]},{\"@type\":\"WebSite\",\"@id\":\"https:\\\/\\\/www.kliinikum.ee\\\/haiglaapteek\\\/#website\",\"url\":\"https:\\\/\\\/www.kliinikum.ee\\\/haiglaapteek\\\/\",\"name\":\"Haiglaapteek\",\"description\":\"Hoolivus, Uuendusmeelsus, P\u00e4devus ja Usaldusv\u00e4\u00e4rsus\",\"potentialAction\":[{\"@type\":\"SearchAction\",\"target\":{\"@type\":\"EntryPoint\",\"urlTemplate\":\"https:\\\/\\\/www.kliinikum.ee\\\/haiglaapteek\\\/?s={search_term_string}\"},\"query-input\":{\"@type\":\"PropertyValueSpecification\",\"valueRequired\":true,\"valueName\":\"search_term_string\"}}],\"inLanguage\":\"et\"}]}<\/script>\n<!-- \/ Yoast SEO plugin. -->","yoast_head_json":{"title":"Kliinikumi juhendid tervishoiut\u00f6\u00f6tajatele - Haiglaapteek","robots":{"index":"index","follow":"follow","max-snippet":"max-snippet:-1","max-image-preview":"max-image-preview:large","max-video-preview":"max-video-preview:-1"},"canonical":"https:\/\/www.kliinikum.ee\/haiglaapteek\/infomaterjalid\/juhendid-tervishoiutootajatele\/","og_locale":"et_EE","og_type":"article","og_title":"Kliinikumi juhendid tervishoiut\u00f6\u00f6tajatele - Haiglaapteek","og_description":"Veebirakendus Antibakteriaalse ravi veebirakendus Allj\u00e4rgnevalt on leitavad k\u00f5ik Kliinikumis ravimeid puudutavad dokumendid. Dokumendi nimele vajutades j\u00f5uab sisev\u00f5rgus asuva dokumendini. Protseduurid PKL-89 J\u00e4\u00e4tmek\u00e4itluseeskiri PKL-107 Ravimite k\u00e4itlemise kord PKL-130 Kliinikumi ravimipoliitika PKL-133 Antibiootikumide poliitika kliinikumis Juhendid JKL-70 Ravimite s\u00e4ilitamise juhend JKL-72 Perioperatiivse antibiootikumprof\u00fclaktika juhend JKL-124 Ravimite manustamise juhend JKL-140 Ravimite manustamiseks ettevalmistamise juhend JKL-141 Ts\u00fctostaatikumide k\u00e4itlemisel tekkinud [&hellip;]","og_url":"https:\/\/www.kliinikum.ee\/haiglaapteek\/infomaterjalid\/juhendid-tervishoiutootajatele\/","og_site_name":"Haiglaapteek","article_modified_time":"2025-10-23T05:29:36+00:00","twitter_card":"summary_large_image","twitter_misc":{"Est. reading time":"1 minut"},"schema":{"@context":"https:\/\/schema.org","@graph":[{"@type":"WebPage","@id":"https:\/\/www.kliinikum.ee\/haiglaapteek\/infomaterjalid\/juhendid-tervishoiutootajatele\/","url":"https:\/\/www.kliinikum.ee\/haiglaapteek\/infomaterjalid\/juhendid-tervishoiutootajatele\/","name":"Kliinikumi juhendid tervishoiut\u00f6\u00f6tajatele - Haiglaapteek","isPartOf":{"@id":"https:\/\/www.kliinikum.ee\/haiglaapteek\/#website"},"datePublished":"2024-06-25T11:08:50+00:00","dateModified":"2025-10-23T05:29:36+00:00","breadcrumb":{"@id":"https:\/\/www.kliinikum.ee\/haiglaapteek\/infomaterjalid\/juhendid-tervishoiutootajatele\/#breadcrumb"},"inLanguage":"et","potentialAction":[{"@type":"ReadAction","target":["https:\/\/www.kliinikum.ee\/haiglaapteek\/infomaterjalid\/juhendid-tervishoiutootajatele\/"]}]},{"@type":"BreadcrumbList","@id":"https:\/\/www.kliinikum.ee\/haiglaapteek\/infomaterjalid\/juhendid-tervishoiutootajatele\/#breadcrumb","itemListElement":[{"@type":"ListItem","position":1,"name":"Infomaterjalid","item":"https:\/\/www.kliinikum.ee\/haiglaapteek\/infomaterjalid\/"},{"@type":"ListItem","position":2,"name":"Kliinikumi juhendid tervishoiut\u00f6\u00f6tajatele"}]},{"@type":"WebSite","@id":"https:\/\/www.kliinikum.ee\/haiglaapteek\/#website","url":"https:\/\/www.kliinikum.ee\/haiglaapteek\/","name":"Haiglaapteek","description":"Hoolivus, Uuendusmeelsus, P\u00e4devus ja Usaldusv\u00e4\u00e4rsus","potentialAction":[{"@type":"SearchAction","target":{"@type":"EntryPoint","urlTemplate":"https:\/\/www.kliinikum.ee\/haiglaapteek\/?s={search_term_string}"},"query-input":{"@type":"PropertyValueSpecification","valueRequired":true,"valueName":"search_term_string"}}],"inLanguage":"et"}]}},"uagb_featured_image_src":{"full":false,"thumbnail":false,"medium":false,"medium_large":false,"large":false,"1536x1536":false,"2048x2048":false},"uagb_author_info":{"display_name":"Kersti Teder","author_link":"https:\/\/www.kliinikum.ee\/haiglaapteek\/author\/kersti\/"},"uagb_comment_info":0,"uagb_excerpt":"Veebirakendus Antibakteriaalse ravi veebirakendus Allj\u00e4rgnevalt on leitavad k\u00f5ik Kliinikumis ravimeid puudutavad dokumendid. Dokumendi nimele vajutades j\u00f5uab sisev\u00f5rgus asuva dokumendini. Protseduurid PKL-89 J\u00e4\u00e4tmek\u00e4itluseeskiri PKL-107 Ravimite k\u00e4itlemise kord PKL-130 Kliinikumi ravimipoliitika PKL-133 Antibiootikumide poliitika kliinikumis Juhendid JKL-70 Ravimite s\u00e4ilitamise juhend JKL-72 Perioperatiivse antibiootikumprof\u00fclaktika juhend JKL-124 Ravimite manustamise juhend JKL-140 Ravimite manustamiseks ettevalmistamise juhend JKL-141 Ts\u00fctostaatikumide k\u00e4itlemisel tekkinud&hellip;","_links":{"self":[{"href":"https:\/\/www.kliinikum.ee\/haiglaapteek\/wp-json\/wp\/v2\/pages\/6442","targetHints":{"allow":["GET"]}}],"collection":[{"href":"https:\/\/www.kliinikum.ee\/haiglaapteek\/wp-json\/wp\/v2\/pages"}],"about":[{"href":"https:\/\/www.kliinikum.ee\/haiglaapteek\/wp-json\/wp\/v2\/types\/page"}],"author":[{"embeddable":true,"href":"https:\/\/www.kliinikum.ee\/haiglaapteek\/wp-json\/wp\/v2\/users\/30"}],"replies":[{"embeddable":true,"href":"https:\/\/www.kliinikum.ee\/haiglaapteek\/wp-json\/wp\/v2\/comments?post=6442"}],"version-history":[{"count":0,"href":"https:\/\/www.kliinikum.ee\/haiglaapteek\/wp-json\/wp\/v2\/pages\/6442\/revisions"}],"up":[{"embeddable":true,"href":"https:\/\/www.kliinikum.ee\/haiglaapteek\/wp-json\/wp\/v2\/pages\/19"}],"wp:attachment":[{"href":"https:\/\/www.kliinikum.ee\/haiglaapteek\/wp-json\/wp\/v2\/media?parent=6442"}],"curies":[{"name":"wp","href":"https:\/\/api.w.org\/{rel}","templated":true}]}}