{"id":6487,"date":"2025-06-02T13:10:11","date_gmt":"2025-06-02T11:10:11","guid":{"rendered":"https:\/\/www.kliinikum.ee\/haiglaapteek\/?page_id=6487"},"modified":"2025-09-04T07:51:34","modified_gmt":"2025-09-04T05:51:34","slug":"apteegi-korduma-kippuvad-kusimused","status":"publish","type":"page","link":"https:\/\/www.kliinikum.ee\/haiglaapteek\/infomaterjalid\/apteegi-korduma-kippuvad-kusimused\/","title":{"rendered":"Ravimialane KKK"},"content":{"rendered":"\n<p>Allolevate teemade alt avaneb ravimite k\u00e4itlemist ja manustamist puudutav info,&nbsp;mida on apteegist korduvalt k\u00fcsitud v\u00f5i millele soovitakse erilist t\u00e4helepanu p\u00f6\u00f6rata (failid avanevad juhul, kui on olemas ligip\u00e4\u00e4s sisev\u00f5rgule).<\/p>\n\n\n\n<hr class=\"wp-block-separator has-alpha-channel-opacity\"\/>\n\n\n\n<p class=\"has-medium-font-size\"><a href=\"https:\/\/intranet.kliinikum.ee\/system\/files\/2025-06\/mitmeannuseliste-pakendite-sailitamine.pdf\">Mitmeannuseliste pakendite s\u00e4ilitamine<\/a><\/p>\n\n\n\n<p class=\"has-medium-font-size\"><a href=\"https:\/\/intranet.kliinikum.ee\/system\/files\/2025-06\/termolabiilsete-ravimite-ja-lahuste-sailitamine-toatemperatuuril-voi-soojakapis.pdf\">Termolabiilsete ravimite ja lahuste s\u00e4ilitamine toatemperatuuril v\u00f5i soojakapis<\/a><\/p>\n\n\n\n<p class=\"has-medium-font-size\"><a href=\"https:\/\/intranet.kliinikum.ee\/system\/files\/2025-06\/ohtlike-ravimite-kaitlemine.pdf\">Ohtlike ravimite k\u00e4itlemine<\/a><\/p>\n\n\n\n<p class=\"has-medium-font-size\"><a href=\"https:\/\/intranet.kliinikum.ee\/system\/files\/2025-06\/miks-ei-voi-kirjutada-ravimikarpidele-teise-ravimipreparaadi-nimetust.pdf\">Miks ei v\u00f5i kirjutada ravimikarpidele teise ravimipreparaadi nimetust?<\/a><\/p>\n\n\n\n<p class=\"has-medium-font-size\"><a href=\"https:\/\/intranet.kliinikum.ee\/system\/files\/2025-06\/miks-ei-voi-kirjutada-ravimikarpidele-teise-ravimipreparaadi-nimetust.pdf\"><\/a><a href=\"https:\/\/intranet.kliinikum.ee\/system\/files\/2025-06\/takroliimuse-preparaatide-pakendite-avamisjargne-kolblikkusaeg.pdf\">Takroliimuse preparaatide pakendite avamisj\u00e4rgne k\u00f5lblikkusaeg<\/a><\/p>\n\n\n\n<p class=\"has-medium-font-size\"><a href=\"https:\/\/intranet.kliinikum.ee\/system\/files\/2025-09\/inimese-normaalimmunoglobuliini-preparaadid-intravenoosseks-manustamiseks-ivig.pdf\">Inimese normaalimmunoglobuliini preparaadid intravenoosseks manustamiseks (IVIg)<\/a><\/p>\n\n\n\n<p class=\"has-medium-font-size\"><a href=\"https:\/\/intranet.kliinikum.ee\/system\/files\/2025-06\/erutromutsiini-manustamine.pdf\">Er\u00fctrom\u00fctsiini manustamine<\/a><\/p>\n\n\n\n<p class=\"has-medium-font-size\"><a href=\"https:\/\/intranet.kliinikum.ee\/system\/files\/2025-06\/fosfaadi-manustamine-hupofosfateemia-korral.pdf\">Fosfaadi manustamine h\u00fcpofosfateemia korral<\/a><\/p>\n\n\n\n<p class=\"has-medium-font-size\"><a href=\"https:\/\/intranet.kliinikum.ee\/system\/files\/Intravenoossed_rauapreparaadid.pdf\" target=\"_blank\" rel=\"noreferrer noopener\">Parenteraalsete rauapreparaatide manustamisega seotud info<\/a><\/p>\n\n\n\n<p class=\"has-medium-font-size\"><a href=\"https:\/\/intranet.kliinikum.ee\/system\/files\/2025-06\/sorbisteriti-manustamisega-seotud-info.pdf\">Sorbisteriti manustamisega seotud info<\/a><\/p>\n\n\n\n<p class=\"has-medium-font-size\"><a href=\"https:\/\/intranet.kliinikum.ee\/system\/files\/2023-08\/parenteraalsed-toitelahused.pdf\">Parenteraalsed toitelahused<\/a><\/p>\n\n\n\n<p><\/p>\n","protected":false},"excerpt":{"rendered":"<p>Allolevate teemade alt avaneb ravimite k\u00e4itlemist ja manustamist puudutav info,&nbsp;mida on apteegist korduvalt k\u00fcsitud v\u00f5i millele soovitakse erilist t\u00e4helepanu p\u00f6\u00f6rata (failid avanevad juhul, kui on olemas ligip\u00e4\u00e4s sisev\u00f5rgule). Mitmeannuseliste pakendite s\u00e4ilitamine Termolabiilsete ravimite ja lahuste s\u00e4ilitamine toatemperatuuril v\u00f5i soojakapis Ohtlike ravimite k\u00e4itlemine Miks ei v\u00f5i kirjutada ravimikarpidele teise ravimipreparaadi nimetust? Takroliimuse preparaatide pakendite avamisj\u00e4rgne k\u00f5lblikkusaeg [&hellip;]<\/p>\n","protected":false},"author":35,"featured_media":0,"parent":19,"menu_order":30,"comment_status":"closed","ping_status":"closed","template":"","meta":{"_acf_changed":false,"_uag_custom_page_level_css":"","footnotes":""},"class_list":["post-6487","page","type-page","status-publish","hentry"],"acf":[],"yoast_head":"<!-- This site is optimized with the Yoast SEO plugin v27.3 - https:\/\/yoast.com\/product\/yoast-seo-wordpress\/ -->\n<title>Ravimialane KKK - Haiglaapteek<\/title>\n<meta name=\"robots\" content=\"index, follow, max-snippet:-1, max-image-preview:large, max-video-preview:-1\" \/>\n<link rel=\"canonical\" href=\"https:\/\/www.kliinikum.ee\/haiglaapteek\/infomaterjalid\/apteegi-korduma-kippuvad-kusimused\/\" \/>\n<meta property=\"og:locale\" content=\"et_EE\" \/>\n<meta property=\"og:type\" content=\"article\" \/>\n<meta property=\"og:title\" content=\"Ravimialane KKK - Haiglaapteek\" \/>\n<meta property=\"og:description\" content=\"Allolevate teemade alt avaneb ravimite k\u00e4itlemist ja manustamist puudutav info,&nbsp;mida on apteegist korduvalt k\u00fcsitud v\u00f5i millele soovitakse erilist t\u00e4helepanu p\u00f6\u00f6rata (failid avanevad juhul, kui on olemas ligip\u00e4\u00e4s sisev\u00f5rgule). Mitmeannuseliste pakendite s\u00e4ilitamine Termolabiilsete ravimite ja lahuste s\u00e4ilitamine toatemperatuuril v\u00f5i soojakapis Ohtlike ravimite k\u00e4itlemine Miks ei v\u00f5i kirjutada ravimikarpidele teise ravimipreparaadi nimetust? Takroliimuse preparaatide pakendite avamisj\u00e4rgne k\u00f5lblikkusaeg [&hellip;]\" \/>\n<meta property=\"og:url\" content=\"https:\/\/www.kliinikum.ee\/haiglaapteek\/infomaterjalid\/apteegi-korduma-kippuvad-kusimused\/\" \/>\n<meta property=\"og:site_name\" content=\"Haiglaapteek\" \/>\n<meta property=\"article:modified_time\" content=\"2025-09-04T05:51:34+00:00\" \/>\n<meta name=\"twitter:card\" content=\"summary_large_image\" \/>\n<meta name=\"twitter:label1\" content=\"Est. reading time\" \/>\n\t<meta name=\"twitter:data1\" content=\"1 minut\" \/>\n<script type=\"application\/ld+json\" class=\"yoast-schema-graph\">{\"@context\":\"https:\\\/\\\/schema.org\",\"@graph\":[{\"@type\":\"WebPage\",\"@id\":\"https:\\\/\\\/www.kliinikum.ee\\\/haiglaapteek\\\/infomaterjalid\\\/apteegi-korduma-kippuvad-kusimused\\\/\",\"url\":\"https:\\\/\\\/www.kliinikum.ee\\\/haiglaapteek\\\/infomaterjalid\\\/apteegi-korduma-kippuvad-kusimused\\\/\",\"name\":\"Ravimialane KKK - Haiglaapteek\",\"isPartOf\":{\"@id\":\"https:\\\/\\\/www.kliinikum.ee\\\/haiglaapteek\\\/#website\"},\"datePublished\":\"2025-06-02T11:10:11+00:00\",\"dateModified\":\"2025-09-04T05:51:34+00:00\",\"breadcrumb\":{\"@id\":\"https:\\\/\\\/www.kliinikum.ee\\\/haiglaapteek\\\/infomaterjalid\\\/apteegi-korduma-kippuvad-kusimused\\\/#breadcrumb\"},\"inLanguage\":\"et\",\"potentialAction\":[{\"@type\":\"ReadAction\",\"target\":[\"https:\\\/\\\/www.kliinikum.ee\\\/haiglaapteek\\\/infomaterjalid\\\/apteegi-korduma-kippuvad-kusimused\\\/\"]}]},{\"@type\":\"BreadcrumbList\",\"@id\":\"https:\\\/\\\/www.kliinikum.ee\\\/haiglaapteek\\\/infomaterjalid\\\/apteegi-korduma-kippuvad-kusimused\\\/#breadcrumb\",\"itemListElement\":[{\"@type\":\"ListItem\",\"position\":1,\"name\":\"Infomaterjalid\",\"item\":\"https:\\\/\\\/www.kliinikum.ee\\\/haiglaapteek\\\/infomaterjalid\\\/\"},{\"@type\":\"ListItem\",\"position\":2,\"name\":\"Ravimialane KKK\"}]},{\"@type\":\"WebSite\",\"@id\":\"https:\\\/\\\/www.kliinikum.ee\\\/haiglaapteek\\\/#website\",\"url\":\"https:\\\/\\\/www.kliinikum.ee\\\/haiglaapteek\\\/\",\"name\":\"Haiglaapteek\",\"description\":\"Hoolivus, Uuendusmeelsus, P\u00e4devus ja Usaldusv\u00e4\u00e4rsus\",\"potentialAction\":[{\"@type\":\"SearchAction\",\"target\":{\"@type\":\"EntryPoint\",\"urlTemplate\":\"https:\\\/\\\/www.kliinikum.ee\\\/haiglaapteek\\\/?s={search_term_string}\"},\"query-input\":{\"@type\":\"PropertyValueSpecification\",\"valueRequired\":true,\"valueName\":\"search_term_string\"}}],\"inLanguage\":\"et\"}]}<\/script>\n<!-- \/ Yoast SEO plugin. -->","yoast_head_json":{"title":"Ravimialane KKK - Haiglaapteek","robots":{"index":"index","follow":"follow","max-snippet":"max-snippet:-1","max-image-preview":"max-image-preview:large","max-video-preview":"max-video-preview:-1"},"canonical":"https:\/\/www.kliinikum.ee\/haiglaapteek\/infomaterjalid\/apteegi-korduma-kippuvad-kusimused\/","og_locale":"et_EE","og_type":"article","og_title":"Ravimialane KKK - Haiglaapteek","og_description":"Allolevate teemade alt avaneb ravimite k\u00e4itlemist ja manustamist puudutav info,&nbsp;mida on apteegist korduvalt k\u00fcsitud v\u00f5i millele soovitakse erilist t\u00e4helepanu p\u00f6\u00f6rata (failid avanevad juhul, kui on olemas ligip\u00e4\u00e4s sisev\u00f5rgule). Mitmeannuseliste pakendite s\u00e4ilitamine Termolabiilsete ravimite ja lahuste s\u00e4ilitamine toatemperatuuril v\u00f5i soojakapis Ohtlike ravimite k\u00e4itlemine Miks ei v\u00f5i kirjutada ravimikarpidele teise ravimipreparaadi nimetust? Takroliimuse preparaatide pakendite avamisj\u00e4rgne k\u00f5lblikkusaeg [&hellip;]","og_url":"https:\/\/www.kliinikum.ee\/haiglaapteek\/infomaterjalid\/apteegi-korduma-kippuvad-kusimused\/","og_site_name":"Haiglaapteek","article_modified_time":"2025-09-04T05:51:34+00:00","twitter_card":"summary_large_image","twitter_misc":{"Est. reading time":"1 minut"},"schema":{"@context":"https:\/\/schema.org","@graph":[{"@type":"WebPage","@id":"https:\/\/www.kliinikum.ee\/haiglaapteek\/infomaterjalid\/apteegi-korduma-kippuvad-kusimused\/","url":"https:\/\/www.kliinikum.ee\/haiglaapteek\/infomaterjalid\/apteegi-korduma-kippuvad-kusimused\/","name":"Ravimialane KKK - Haiglaapteek","isPartOf":{"@id":"https:\/\/www.kliinikum.ee\/haiglaapteek\/#website"},"datePublished":"2025-06-02T11:10:11+00:00","dateModified":"2025-09-04T05:51:34+00:00","breadcrumb":{"@id":"https:\/\/www.kliinikum.ee\/haiglaapteek\/infomaterjalid\/apteegi-korduma-kippuvad-kusimused\/#breadcrumb"},"inLanguage":"et","potentialAction":[{"@type":"ReadAction","target":["https:\/\/www.kliinikum.ee\/haiglaapteek\/infomaterjalid\/apteegi-korduma-kippuvad-kusimused\/"]}]},{"@type":"BreadcrumbList","@id":"https:\/\/www.kliinikum.ee\/haiglaapteek\/infomaterjalid\/apteegi-korduma-kippuvad-kusimused\/#breadcrumb","itemListElement":[{"@type":"ListItem","position":1,"name":"Infomaterjalid","item":"https:\/\/www.kliinikum.ee\/haiglaapteek\/infomaterjalid\/"},{"@type":"ListItem","position":2,"name":"Ravimialane KKK"}]},{"@type":"WebSite","@id":"https:\/\/www.kliinikum.ee\/haiglaapteek\/#website","url":"https:\/\/www.kliinikum.ee\/haiglaapteek\/","name":"Haiglaapteek","description":"Hoolivus, Uuendusmeelsus, P\u00e4devus ja Usaldusv\u00e4\u00e4rsus","potentialAction":[{"@type":"SearchAction","target":{"@type":"EntryPoint","urlTemplate":"https:\/\/www.kliinikum.ee\/haiglaapteek\/?s={search_term_string}"},"query-input":{"@type":"PropertyValueSpecification","valueRequired":true,"valueName":"search_term_string"}}],"inLanguage":"et"}]}},"uagb_featured_image_src":{"full":false,"thumbnail":false,"medium":false,"medium_large":false,"large":false,"1536x1536":false,"2048x2048":false},"uagb_author_info":{"display_name":"Laura M\u00e4nnaste","author_link":"https:\/\/www.kliinikum.ee\/haiglaapteek\/author\/lauramann\/"},"uagb_comment_info":0,"uagb_excerpt":"Allolevate teemade alt avaneb ravimite k\u00e4itlemist ja manustamist puudutav info,&nbsp;mida on apteegist korduvalt k\u00fcsitud v\u00f5i millele soovitakse erilist t\u00e4helepanu p\u00f6\u00f6rata (failid avanevad juhul, kui on olemas ligip\u00e4\u00e4s sisev\u00f5rgule). Mitmeannuseliste pakendite s\u00e4ilitamine Termolabiilsete ravimite ja lahuste s\u00e4ilitamine toatemperatuuril v\u00f5i soojakapis Ohtlike ravimite k\u00e4itlemine Miks ei v\u00f5i kirjutada ravimikarpidele teise ravimipreparaadi nimetust? Takroliimuse preparaatide pakendite avamisj\u00e4rgne k\u00f5lblikkusaeg&hellip;","_links":{"self":[{"href":"https:\/\/www.kliinikum.ee\/haiglaapteek\/wp-json\/wp\/v2\/pages\/6487","targetHints":{"allow":["GET"]}}],"collection":[{"href":"https:\/\/www.kliinikum.ee\/haiglaapteek\/wp-json\/wp\/v2\/pages"}],"about":[{"href":"https:\/\/www.kliinikum.ee\/haiglaapteek\/wp-json\/wp\/v2\/types\/page"}],"author":[{"embeddable":true,"href":"https:\/\/www.kliinikum.ee\/haiglaapteek\/wp-json\/wp\/v2\/users\/35"}],"replies":[{"embeddable":true,"href":"https:\/\/www.kliinikum.ee\/haiglaapteek\/wp-json\/wp\/v2\/comments?post=6487"}],"version-history":[{"count":0,"href":"https:\/\/www.kliinikum.ee\/haiglaapteek\/wp-json\/wp\/v2\/pages\/6487\/revisions"}],"up":[{"embeddable":true,"href":"https:\/\/www.kliinikum.ee\/haiglaapteek\/wp-json\/wp\/v2\/pages\/19"}],"wp:attachment":[{"href":"https:\/\/www.kliinikum.ee\/haiglaapteek\/wp-json\/wp\/v2\/media?parent=6487"}],"curies":[{"name":"wp","href":"https:\/\/api.w.org\/{rel}","templated":true}]}}