{"id":6524,"date":"2025-05-16T12:29:23","date_gmt":"2025-05-16T10:29:23","guid":{"rendered":"https:\/\/www.kliinikum.ee\/haiglaapteek\/?page_id=6524"},"modified":"2025-06-05T08:14:19","modified_gmt":"2025-06-05T06:14:19","slug":"logistika-osakond","status":"publish","type":"page","link":"https:\/\/www.kliinikum.ee\/haiglaapteek\/osakonnad\/logistika-osakond\/","title":{"rendered":"Logistika osakond"},"content":{"rendered":"\n<p class=\"has-medium-font-size\"><strong>Osakonna juht on vanemproviisor Malle M\u00e4\u00e4rmann; 731 8301.<\/strong><\/p>\n\n\n\n<p class=\"has-medium-font-size\">Haigla sujuvaks toimimiseks on kriitilise t\u00e4htsusega ravimite ja meditsiiniseadmete k\u00e4ttesaadavus. Kliinikumi apteeki hangitakse need hulgim\u00fc\u00fcjatelt riigihangete alusel. Tellitud kaubad l\u00e4bivad esmalt kontrolli apteegis, sealhulgas ravimite ehtsuse kontrolli vastavalt Euroopa direktiividele, ning neid s\u00e4ilitatakse kuni osakondadesse saatmiseni. <\/p>\n\n\n\n<p class=\"has-medium-font-size\">Igap\u00e4evane varustamine toimub tellimuste alusel, kus kaup (ravimid ja meditsiiniseadmed) kogutakse, kontrollitakse ja pakendatakse enne osakondadesse laialisaatmist.<\/p>\n\n\n\n<p class=\"has-medium-font-size\">Kliinikumi apteegist saavad oma ravimid ja desinfitseerivad ained ning suure osa meditsiiniseadmeid ka L\u00f5una-Eesti Haigla ja Valga Haigla.<\/p>\n\n\n\t\t\t\t\t<div\n\t\t\t\t\t\tclass=\"wp-block-uagb-image-gallery uagb-block-87d52a27     \"\n\t\t\t\t\t\tstyle=\"\"\n\t\t\t\t\t>\n\t\t\t\t\t\t\t\t\t\t\t<div class=\"spectra-image-gallery spectra-image-gallery__layout--grid spectra-image-gallery__layout--grid-col-3 spectra-image-gallery__layout--grid-col-tab-3 spectra-image-gallery__layout--grid-col-mob-2\">\n\t\t\t\t\t\t\t\t\t\t\t<div class='spectra-image-gallery__media-wrapper' data-spectra-gallery-image-id='6528' tabindex=\"0\">\n\t\t\t\t\t\t\t<div class=\"spectra-image-gallery__media spectra-image-gallery__media--grid\">\n\t\t\t\t<picture>\n\t\t\t\t\t<source media=\"(min-width: 1024px)\" srcset=\"https:\/\/www.kliinikum.ee\/haiglaapteek\/wp-content\/uploads\/2025\/05\/image.png\">\n\t\t\t\t\t<source media=\"(min-width: 768px)\" srcset=\"https:\/\/www.kliinikum.ee\/haiglaapteek\/wp-content\/uploads\/2025\/05\/image.png\">\n\t\t\t\t\t<img decoding=\"async\" class=\"spectra-image-gallery__media-thumbnail spectra-image-gallery__media-thumbnail--grid\" src=\"https:\/\/www.kliinikum.ee\/haiglaapteek\/wp-content\/uploads\/2025\/05\/image-300x200.png\" alt=\"\" loading=\"lazy\" \/>\n\t\t\t\t<\/picture>\n\t\t\t\t<div class=\"spectra-image-gallery__media-thumbnail-blurrer\"><\/div>\n\t\t\t\t\t\t\t\t\t\t\t<div class=\"spectra-image-gallery__media-thumbnail-caption-wrapper spectra-image-gallery__media-thumbnail-caption-wrapper--overlay\">\n\t\t\t\t\t\t\t\t\t\t\t<div class=\"spectra-image-gallery__media-thumbnail-caption spectra-image-gallery__media-thumbnail-caption--overlay\">\n\t\t\t\t\tNo Caption\t\t\t\t<\/div>\n\t\t\t\t\t\t\t\t\t\t<\/div>\n\t\t\t\t\t\t\t\t\t<\/div>\n\t\t\t\t\t\t<\/div>\n\t\t\t\t\t\t<div class='spectra-image-gallery__media-wrapper' data-spectra-gallery-image-id='6530' tabindex=\"0\">\n\t\t\t\t\t\t\t<div class=\"spectra-image-gallery__media spectra-image-gallery__media--grid\">\n\t\t\t\t<picture>\n\t\t\t\t\t<source media=\"(min-width: 1024px)\" srcset=\"https:\/\/www.kliinikum.ee\/haiglaapteek\/wp-content\/uploads\/2025\/05\/image-1.png\">\n\t\t\t\t\t<source media=\"(min-width: 768px)\" srcset=\"https:\/\/www.kliinikum.ee\/haiglaapteek\/wp-content\/uploads\/2025\/05\/image-1.png\">\n\t\t\t\t\t<img decoding=\"async\" class=\"spectra-image-gallery__media-thumbnail spectra-image-gallery__media-thumbnail--grid\" src=\"https:\/\/www.kliinikum.ee\/haiglaapteek\/wp-content\/uploads\/2025\/05\/image-1-300x200.png\" alt=\"\" loading=\"lazy\" \/>\n\t\t\t\t<\/picture>\n\t\t\t\t<div class=\"spectra-image-gallery__media-thumbnail-blurrer\"><\/div>\n\t\t\t\t\t\t\t\t\t\t\t<div class=\"spectra-image-gallery__media-thumbnail-caption-wrapper spectra-image-gallery__media-thumbnail-caption-wrapper--overlay\">\n\t\t\t\t\t\t\t\t\t\t\t<div class=\"spectra-image-gallery__media-thumbnail-caption spectra-image-gallery__media-thumbnail-caption--overlay\">\n\t\t\t\t\tNo Caption\t\t\t\t<\/div>\n\t\t\t\t\t\t\t\t\t\t<\/div>\n\t\t\t\t\t\t\t\t\t<\/div>\n\t\t\t\t\t\t<\/div>\n\t\t\t\t\t\t\t\t\t\t<\/div>\n\t\t\t\t\t\t\t\t\t\t\t\t\t\t\t\t\t\t<\/div>\n\t\t\t\t\t\t\t\t\t","protected":false},"excerpt":{"rendered":"<p>Osakonna juht on vanemproviisor Malle M\u00e4\u00e4rmann; 731 8301. Haigla sujuvaks toimimiseks on kriitilise t\u00e4htsusega ravimite ja meditsiiniseadmete k\u00e4ttesaadavus. Kliinikumi apteeki hangitakse need hulgim\u00fc\u00fcjatelt riigihangete alusel. Tellitud kaubad l\u00e4bivad esmalt kontrolli apteegis, sealhulgas ravimite ehtsuse kontrolli vastavalt Euroopa direktiividele, ning neid s\u00e4ilitatakse kuni osakondadesse saatmiseni. Igap\u00e4evane varustamine toimub tellimuste alusel, kus kaup (ravimid ja meditsiiniseadmed) kogutakse, [&hellip;]<\/p>\n","protected":false},"author":35,"featured_media":0,"parent":5846,"menu_order":0,"comment_status":"closed","ping_status":"closed","template":"","meta":{"_acf_changed":false,"_uag_custom_page_level_css":"","footnotes":""},"class_list":["post-6524","page","type-page","status-publish","hentry"],"acf":[],"yoast_head":"<!-- This site is optimized with the Yoast SEO plugin v27.3 - https:\/\/yoast.com\/product\/yoast-seo-wordpress\/ -->\n<title>Logistika osakond - Haiglaapteek<\/title>\n<meta name=\"robots\" content=\"index, follow, max-snippet:-1, max-image-preview:large, max-video-preview:-1\" \/>\n<link rel=\"canonical\" href=\"https:\/\/www.kliinikum.ee\/haiglaapteek\/osakonnad\/logistika-osakond\/\" \/>\n<meta property=\"og:locale\" content=\"et_EE\" \/>\n<meta property=\"og:type\" content=\"article\" \/>\n<meta property=\"og:title\" content=\"Logistika osakond - Haiglaapteek\" \/>\n<meta property=\"og:description\" content=\"Osakonna juht on vanemproviisor Malle M\u00e4\u00e4rmann; 731 8301. Haigla sujuvaks toimimiseks on kriitilise t\u00e4htsusega ravimite ja meditsiiniseadmete k\u00e4ttesaadavus. Kliinikumi apteeki hangitakse need hulgim\u00fc\u00fcjatelt riigihangete alusel. Tellitud kaubad l\u00e4bivad esmalt kontrolli apteegis, sealhulgas ravimite ehtsuse kontrolli vastavalt Euroopa direktiividele, ning neid s\u00e4ilitatakse kuni osakondadesse saatmiseni. Igap\u00e4evane varustamine toimub tellimuste alusel, kus kaup (ravimid ja meditsiiniseadmed) kogutakse, [&hellip;]\" \/>\n<meta property=\"og:url\" content=\"https:\/\/www.kliinikum.ee\/haiglaapteek\/osakonnad\/logistika-osakond\/\" \/>\n<meta property=\"og:site_name\" content=\"Haiglaapteek\" \/>\n<meta property=\"article:modified_time\" content=\"2025-06-05T06:14:19+00:00\" \/>\n<meta name=\"twitter:card\" content=\"summary_large_image\" \/>\n<meta name=\"twitter:label1\" content=\"Est. reading time\" \/>\n\t<meta name=\"twitter:data1\" content=\"1 minut\" \/>\n<script type=\"application\/ld+json\" class=\"yoast-schema-graph\">{\"@context\":\"https:\\\/\\\/schema.org\",\"@graph\":[{\"@type\":\"WebPage\",\"@id\":\"https:\\\/\\\/www.kliinikum.ee\\\/haiglaapteek\\\/osakonnad\\\/logistika-osakond\\\/\",\"url\":\"https:\\\/\\\/www.kliinikum.ee\\\/haiglaapteek\\\/osakonnad\\\/logistika-osakond\\\/\",\"name\":\"Logistika osakond - Haiglaapteek\",\"isPartOf\":{\"@id\":\"https:\\\/\\\/www.kliinikum.ee\\\/haiglaapteek\\\/#website\"},\"datePublished\":\"2025-05-16T10:29:23+00:00\",\"dateModified\":\"2025-06-05T06:14:19+00:00\",\"breadcrumb\":{\"@id\":\"https:\\\/\\\/www.kliinikum.ee\\\/haiglaapteek\\\/osakonnad\\\/logistika-osakond\\\/#breadcrumb\"},\"inLanguage\":\"et\",\"potentialAction\":[{\"@type\":\"ReadAction\",\"target\":[\"https:\\\/\\\/www.kliinikum.ee\\\/haiglaapteek\\\/osakonnad\\\/logistika-osakond\\\/\"]}]},{\"@type\":\"BreadcrumbList\",\"@id\":\"https:\\\/\\\/www.kliinikum.ee\\\/haiglaapteek\\\/osakonnad\\\/logistika-osakond\\\/#breadcrumb\",\"itemListElement\":[{\"@type\":\"ListItem\",\"position\":1,\"name\":\"Osakonnad\",\"item\":\"https:\\\/\\\/www.kliinikum.ee\\\/haiglaapteek\\\/osakonnad\\\/\"},{\"@type\":\"ListItem\",\"position\":2,\"name\":\"Logistika osakond\"}]},{\"@type\":\"WebSite\",\"@id\":\"https:\\\/\\\/www.kliinikum.ee\\\/haiglaapteek\\\/#website\",\"url\":\"https:\\\/\\\/www.kliinikum.ee\\\/haiglaapteek\\\/\",\"name\":\"Haiglaapteek\",\"description\":\"Hoolivus, Uuendusmeelsus, P\u00e4devus ja Usaldusv\u00e4\u00e4rsus\",\"potentialAction\":[{\"@type\":\"SearchAction\",\"target\":{\"@type\":\"EntryPoint\",\"urlTemplate\":\"https:\\\/\\\/www.kliinikum.ee\\\/haiglaapteek\\\/?s={search_term_string}\"},\"query-input\":{\"@type\":\"PropertyValueSpecification\",\"valueRequired\":true,\"valueName\":\"search_term_string\"}}],\"inLanguage\":\"et\"}]}<\/script>\n<!-- \/ Yoast SEO plugin. -->","yoast_head_json":{"title":"Logistika osakond - Haiglaapteek","robots":{"index":"index","follow":"follow","max-snippet":"max-snippet:-1","max-image-preview":"max-image-preview:large","max-video-preview":"max-video-preview:-1"},"canonical":"https:\/\/www.kliinikum.ee\/haiglaapteek\/osakonnad\/logistika-osakond\/","og_locale":"et_EE","og_type":"article","og_title":"Logistika osakond - Haiglaapteek","og_description":"Osakonna juht on vanemproviisor Malle M\u00e4\u00e4rmann; 731 8301. Haigla sujuvaks toimimiseks on kriitilise t\u00e4htsusega ravimite ja meditsiiniseadmete k\u00e4ttesaadavus. Kliinikumi apteeki hangitakse need hulgim\u00fc\u00fcjatelt riigihangete alusel. Tellitud kaubad l\u00e4bivad esmalt kontrolli apteegis, sealhulgas ravimite ehtsuse kontrolli vastavalt Euroopa direktiividele, ning neid s\u00e4ilitatakse kuni osakondadesse saatmiseni. Igap\u00e4evane varustamine toimub tellimuste alusel, kus kaup (ravimid ja meditsiiniseadmed) kogutakse, [&hellip;]","og_url":"https:\/\/www.kliinikum.ee\/haiglaapteek\/osakonnad\/logistika-osakond\/","og_site_name":"Haiglaapteek","article_modified_time":"2025-06-05T06:14:19+00:00","twitter_card":"summary_large_image","twitter_misc":{"Est. reading time":"1 minut"},"schema":{"@context":"https:\/\/schema.org","@graph":[{"@type":"WebPage","@id":"https:\/\/www.kliinikum.ee\/haiglaapteek\/osakonnad\/logistika-osakond\/","url":"https:\/\/www.kliinikum.ee\/haiglaapteek\/osakonnad\/logistika-osakond\/","name":"Logistika osakond - Haiglaapteek","isPartOf":{"@id":"https:\/\/www.kliinikum.ee\/haiglaapteek\/#website"},"datePublished":"2025-05-16T10:29:23+00:00","dateModified":"2025-06-05T06:14:19+00:00","breadcrumb":{"@id":"https:\/\/www.kliinikum.ee\/haiglaapteek\/osakonnad\/logistika-osakond\/#breadcrumb"},"inLanguage":"et","potentialAction":[{"@type":"ReadAction","target":["https:\/\/www.kliinikum.ee\/haiglaapteek\/osakonnad\/logistika-osakond\/"]}]},{"@type":"BreadcrumbList","@id":"https:\/\/www.kliinikum.ee\/haiglaapteek\/osakonnad\/logistika-osakond\/#breadcrumb","itemListElement":[{"@type":"ListItem","position":1,"name":"Osakonnad","item":"https:\/\/www.kliinikum.ee\/haiglaapteek\/osakonnad\/"},{"@type":"ListItem","position":2,"name":"Logistika osakond"}]},{"@type":"WebSite","@id":"https:\/\/www.kliinikum.ee\/haiglaapteek\/#website","url":"https:\/\/www.kliinikum.ee\/haiglaapteek\/","name":"Haiglaapteek","description":"Hoolivus, Uuendusmeelsus, P\u00e4devus ja Usaldusv\u00e4\u00e4rsus","potentialAction":[{"@type":"SearchAction","target":{"@type":"EntryPoint","urlTemplate":"https:\/\/www.kliinikum.ee\/haiglaapteek\/?s={search_term_string}"},"query-input":{"@type":"PropertyValueSpecification","valueRequired":true,"valueName":"search_term_string"}}],"inLanguage":"et"}]}},"uagb_featured_image_src":{"full":false,"thumbnail":false,"medium":false,"medium_large":false,"large":false,"1536x1536":false,"2048x2048":false},"uagb_author_info":{"display_name":"Laura M\u00e4nnaste","author_link":"https:\/\/www.kliinikum.ee\/haiglaapteek\/author\/lauramann\/"},"uagb_comment_info":0,"uagb_excerpt":"Osakonna juht on vanemproviisor Malle M\u00e4\u00e4rmann; 731 8301. Haigla sujuvaks toimimiseks on kriitilise t\u00e4htsusega ravimite ja meditsiiniseadmete k\u00e4ttesaadavus. Kliinikumi apteeki hangitakse need hulgim\u00fc\u00fcjatelt riigihangete alusel. Tellitud kaubad l\u00e4bivad esmalt kontrolli apteegis, sealhulgas ravimite ehtsuse kontrolli vastavalt Euroopa direktiividele, ning neid s\u00e4ilitatakse kuni osakondadesse saatmiseni. Igap\u00e4evane varustamine toimub tellimuste alusel, kus kaup (ravimid ja meditsiiniseadmed) kogutakse,&hellip;","_links":{"self":[{"href":"https:\/\/www.kliinikum.ee\/haiglaapteek\/wp-json\/wp\/v2\/pages\/6524","targetHints":{"allow":["GET"]}}],"collection":[{"href":"https:\/\/www.kliinikum.ee\/haiglaapteek\/wp-json\/wp\/v2\/pages"}],"about":[{"href":"https:\/\/www.kliinikum.ee\/haiglaapteek\/wp-json\/wp\/v2\/types\/page"}],"author":[{"embeddable":true,"href":"https:\/\/www.kliinikum.ee\/haiglaapteek\/wp-json\/wp\/v2\/users\/35"}],"replies":[{"embeddable":true,"href":"https:\/\/www.kliinikum.ee\/haiglaapteek\/wp-json\/wp\/v2\/comments?post=6524"}],"version-history":[{"count":0,"href":"https:\/\/www.kliinikum.ee\/haiglaapteek\/wp-json\/wp\/v2\/pages\/6524\/revisions"}],"up":[{"embeddable":true,"href":"https:\/\/www.kliinikum.ee\/haiglaapteek\/wp-json\/wp\/v2\/pages\/5846"}],"wp:attachment":[{"href":"https:\/\/www.kliinikum.ee\/haiglaapteek\/wp-json\/wp\/v2\/media?parent=6524"}],"curies":[{"name":"wp","href":"https:\/\/api.w.org\/{rel}","templated":true}]}}