{"id":6540,"date":"2025-05-26T07:23:23","date_gmt":"2025-05-26T05:23:23","guid":{"rendered":"https:\/\/www.kliinikum.ee\/haiglaapteek\/?page_id=6540"},"modified":"2025-06-09T09:32:17","modified_gmt":"2025-06-09T07:32:17","slug":"valmistamise-osakond","status":"publish","type":"page","link":"https:\/\/www.kliinikum.ee\/haiglaapteek\/osakonnad\/valmistamise-osakond\/","title":{"rendered":"Ravimite valmistamise osakond"},"content":{"rendered":"\n<p class=\"has-medium-font-size\"><strong>Osakonna juht on vanemproviisor Mari Kand; 731 8357.<\/strong><\/p>\n\n\n\n<p class=\"has-small-font-size\">Kliinikumi ravimite valmistamise osakonnas tegeletakse nii ravimite ekstemporaalse valmistamise kui ka steriilsete ravimite aseptilise ettevalmistamisega. <\/p>\n\n\n\n<p class=\"has-small-font-size\"><strong>Mittesteriilsete ravimite<\/strong> ekstemporaalne valmistamine on vajalik, kui puudub t\u00f6\u00f6tuslikult toodetud alternatiiv, n\u00e4iteks patsiendir\u00fchmadele nagu lapsed v\u00f5i raskelt haiged. See tagab ravimite k\u00e4ttesaadavuse, mida t\u00f6\u00f6stuslikult ei toodeta. <\/p>\n\n\n\n<p class=\"has-small-font-size\">Samuti on apteegis osakond <strong>steriilsete ravimite<\/strong> aseptiliseks ettevalmistamiseks, mis suurendab nii patsiendiohutust (v\u00e4hendades mikrobioloogilise saastumise riski ja tagades annuste t\u00e4psuse) kui ka t\u00f6\u00f6- ja keskkonnaohutust ohtlike ravimite k\u00e4itlemisel. <\/p>\n\n\n\n<p class=\"has-small-font-size\">Lisaks teistele valmistusviisidele on Tartu \u00dclikooli Kliinikumi apteegis kasutusel ka <strong>3D-tabletiprinter<\/strong>, mis v\u00f5imaldab valmistada v\u00e4ga t\u00e4pseid ravimiannuseid patsiendis\u00f5bralikus ravimvormis, avades uusi v\u00f5imalusi personaalsemaks raviks. T\u00e4nu 3D-printerile on v\u00f5imalik kohandada annuseid vastavalt iga patsiendi vajadusele, mis on eriti oluline laste ja neelamisraskustega patsientide puhul. Printer kasutab ravimite valmistamiseks spetsiaalset toimeainet sisaldavat ravimitinti. <\/p>\n\n\n\n<p class=\"has-small-font-size\">3D-tabletiprineri kohta saab t\u00e4psemalt lugeda <a href=\"https:\/\/www.kliinikum.ee\/euroopas-ainulaadne-3d-tabletiprinter-asub-kliinikumis\/\">siit<\/a>.<\/p>\n\n\n\n<h2 class=\"wp-block-heading\" style=\"font-size:clamp(16.293px, 1.018rem + ((1vw - 3.2px) * 0.989), 25px);\">Apteegis valmistatavate ravimite tellimine apteegist<\/h2>\n\n\n\n<hr class=\"wp-block-separator has-alpha-channel-opacity\"\/>\n\n\n\n<h3 class=\"wp-block-heading\" style=\"font-size:clamp(14px, 0.875rem + ((1vw - 3.2px) * 0.682), 20px);\">Mittesteriilsed (ekstemporaalsed) ravimid<\/h3>\n\n\n\n<p>Mittesteriilsete ravimite tellimused esitada eelmisel p\u00e4eval <strong>hiljemalt kell 14:00<\/strong> (v.a CITO, mida t\u00e4idetakse jooksvalt).<\/p>\n\n\n\n<ul class=\"wp-block-list\">\n<li><strong>Apteegi tellimiss\u00fcsteemis olevad ravimid:<\/strong> tellida s\u00fcsteemi kaudu.<\/li>\n\n\n\n<li><strong>Apteegi tellimiss\u00fcsteemis mitteolevad ravimid:<\/strong> saata t\u00e4idetud <strong>Individuaalse suukaudse extempore ravimi tellimisleht (VAP-12)<\/strong> aadressile <strong>AP-extempore@kliinikum.ee<\/strong>.<\/li>\n<\/ul>\n\n\n\n<hr class=\"wp-block-separator has-alpha-channel-opacity\"\/>\n\n\n\n<h3 class=\"wp-block-heading\" style=\"font-size:clamp(14px, 0.875rem + ((1vw - 3.2px) * 0.682), 20px);\">Aseptiliselt manustamiseks ettevalmistatavad ravimid<\/h3>\n\n\n\n<p>Parenteraalsete ravimite manustamiseks ettevalmistamist saab tellida <strong>ainult kirjaliku tellimusena<\/strong> l\u00e4bi apteegiprogrammi v\u00f5i e-maili teel (vormidega VAP-26 v\u00f5i JHO-86).<\/p>\n\n\n\n<p><strong>L\u00e4bi apteegiprogrammi:<\/strong><\/p>\n\n\n\n<ul class=\"wp-block-list\">\n<li>Anesteesia segud<\/li>\n\n\n\n<li>Infektsioonivastased ravimid<\/li>\n\n\n\n<li>Kardiopleegialahus<\/li>\n\n\n\n<li>M\u00fckofenoolhape 1000mg 170ml<\/li>\n\n\n\n<li>Norepinefriinilahus<\/li>\n<\/ul>\n\n\n\n<p><strong>E-mailiga (apkemoapteek@kliinikum.ee):<\/strong><\/p>\n\n\n\n<ul class=\"wp-block-list\">\n<li><strong>Keemiaravid:<\/strong> telli <strong>Keemiaravilehega (JHO-86)<\/strong>. Reguleerib Kliinikumi Ts\u00fctostaatikumide k\u00e4itlemise juhend (JKL-145).<\/li>\n\n\n\n<li><strong>Muud ravimid:<\/strong> telli <strong>Aseptiliselt ettevalmistatava ravimi tellimislehega (VAP-26)<\/strong>. NB! Manustamiseks ettevalmistamiseks saab tellida vaid selliseid infektsioonivastased ravimeid, mille valmistamiseks on vaja kasutada v\u00e4hem v\u00f5i rohkem kui \u00fcks viaal ravimit.<\/li>\n<\/ul>\n\n\n\n<hr class=\"wp-block-separator has-alpha-channel-opacity\"\/>\n\n\n\n<h3 class=\"wp-block-heading\">Tellimuste esitamine:<\/h3>\n\n\n\n<p><strong>Tellimus esitada v\u00f5imalusel eelmisel p\u00e4eval.<\/strong> Ravimi \u00f5igeaegseks k\u00e4ttesaamiseks:<\/p>\n\n\n\n<ul class=\"wp-block-list\">\n<li><strong>V\u00e4ljaspool Puusepa 8:<\/strong> hiljemalt <strong>samal p\u00e4eval kell 10:00<\/strong>.<\/li>\n\n\n\n<li><strong>Anesteesia lahused:<\/strong> hiljemalt <strong>samal p\u00e4eval kell 11:00<\/strong>.<\/li>\n\n\n\n<li><strong>Infektsioonivastased ravimid:<\/strong> hiljemalt <strong>samal p\u00e4eval kell 11:00<\/strong>. &nbsp;<\/li>\n<\/ul>\n\n\n\n<p><strong>K\u00f5ik muud ravimite tellimused ja CITO! tellimused<\/strong> v\u00f5etakse vastu p\u00e4eva jooksul. <strong>Sama p\u00e4eva tellimuste vastuv\u00f5tmine l\u00f5peb kell 15:00.<\/strong><\/p>\n\n\n\n<hr class=\"wp-block-separator has-alpha-channel-opacity\"\/>\n","protected":false},"excerpt":{"rendered":"<p>Osakonna juht on vanemproviisor Mari Kand; 731 8357. Kliinikumi ravimite valmistamise osakonnas tegeletakse nii ravimite ekstemporaalse valmistamise kui ka steriilsete ravimite aseptilise ettevalmistamisega. Mittesteriilsete ravimite ekstemporaalne valmistamine on vajalik, kui puudub t\u00f6\u00f6tuslikult toodetud alternatiiv, n\u00e4iteks patsiendir\u00fchmadele nagu lapsed v\u00f5i raskelt haiged. See tagab ravimite k\u00e4ttesaadavuse, mida t\u00f6\u00f6stuslikult ei toodeta. Samuti on apteegis osakond steriilsete ravimite [&hellip;]<\/p>\n","protected":false},"author":33,"featured_media":0,"parent":5846,"menu_order":20,"comment_status":"closed","ping_status":"closed","template":"","meta":{"_acf_changed":false,"_uag_custom_page_level_css":"","footnotes":""},"class_list":["post-6540","page","type-page","status-publish","hentry"],"acf":[],"yoast_head":"<!-- This site is optimized with the Yoast SEO plugin v27.3 - https:\/\/yoast.com\/product\/yoast-seo-wordpress\/ -->\n<title>Ravimite valmistamise osakond - Haiglaapteek<\/title>\n<meta name=\"robots\" content=\"index, follow, max-snippet:-1, max-image-preview:large, max-video-preview:-1\" \/>\n<link rel=\"canonical\" href=\"https:\/\/www.kliinikum.ee\/haiglaapteek\/osakonnad\/valmistamise-osakond\/\" \/>\n<meta property=\"og:locale\" content=\"et_EE\" \/>\n<meta property=\"og:type\" content=\"article\" \/>\n<meta property=\"og:title\" content=\"Ravimite valmistamise osakond - Haiglaapteek\" \/>\n<meta property=\"og:description\" content=\"Osakonna juht on vanemproviisor Mari Kand; 731 8357. Kliinikumi ravimite valmistamise osakonnas tegeletakse nii ravimite ekstemporaalse valmistamise kui ka steriilsete ravimite aseptilise ettevalmistamisega. Mittesteriilsete ravimite ekstemporaalne valmistamine on vajalik, kui puudub t\u00f6\u00f6tuslikult toodetud alternatiiv, n\u00e4iteks patsiendir\u00fchmadele nagu lapsed v\u00f5i raskelt haiged. See tagab ravimite k\u00e4ttesaadavuse, mida t\u00f6\u00f6stuslikult ei toodeta. Samuti on apteegis osakond steriilsete ravimite [&hellip;]\" \/>\n<meta property=\"og:url\" content=\"https:\/\/www.kliinikum.ee\/haiglaapteek\/osakonnad\/valmistamise-osakond\/\" \/>\n<meta property=\"og:site_name\" content=\"Haiglaapteek\" \/>\n<meta property=\"article:modified_time\" content=\"2025-06-09T07:32:17+00:00\" \/>\n<meta name=\"twitter:card\" content=\"summary_large_image\" \/>\n<meta name=\"twitter:label1\" content=\"Est. reading time\" \/>\n\t<meta name=\"twitter:data1\" content=\"2 minutit\" \/>\n<script type=\"application\/ld+json\" class=\"yoast-schema-graph\">{\"@context\":\"https:\\\/\\\/schema.org\",\"@graph\":[{\"@type\":\"WebPage\",\"@id\":\"https:\\\/\\\/www.kliinikum.ee\\\/haiglaapteek\\\/osakonnad\\\/valmistamise-osakond\\\/\",\"url\":\"https:\\\/\\\/www.kliinikum.ee\\\/haiglaapteek\\\/osakonnad\\\/valmistamise-osakond\\\/\",\"name\":\"Ravimite valmistamise osakond - Haiglaapteek\",\"isPartOf\":{\"@id\":\"https:\\\/\\\/www.kliinikum.ee\\\/haiglaapteek\\\/#website\"},\"datePublished\":\"2025-05-26T05:23:23+00:00\",\"dateModified\":\"2025-06-09T07:32:17+00:00\",\"breadcrumb\":{\"@id\":\"https:\\\/\\\/www.kliinikum.ee\\\/haiglaapteek\\\/osakonnad\\\/valmistamise-osakond\\\/#breadcrumb\"},\"inLanguage\":\"et\",\"potentialAction\":[{\"@type\":\"ReadAction\",\"target\":[\"https:\\\/\\\/www.kliinikum.ee\\\/haiglaapteek\\\/osakonnad\\\/valmistamise-osakond\\\/\"]}]},{\"@type\":\"BreadcrumbList\",\"@id\":\"https:\\\/\\\/www.kliinikum.ee\\\/haiglaapteek\\\/osakonnad\\\/valmistamise-osakond\\\/#breadcrumb\",\"itemListElement\":[{\"@type\":\"ListItem\",\"position\":1,\"name\":\"Osakonnad\",\"item\":\"https:\\\/\\\/www.kliinikum.ee\\\/haiglaapteek\\\/osakonnad\\\/\"},{\"@type\":\"ListItem\",\"position\":2,\"name\":\"Ravimite valmistamise osakond\"}]},{\"@type\":\"WebSite\",\"@id\":\"https:\\\/\\\/www.kliinikum.ee\\\/haiglaapteek\\\/#website\",\"url\":\"https:\\\/\\\/www.kliinikum.ee\\\/haiglaapteek\\\/\",\"name\":\"Haiglaapteek\",\"description\":\"Hoolivus, Uuendusmeelsus, P\u00e4devus ja Usaldusv\u00e4\u00e4rsus\",\"potentialAction\":[{\"@type\":\"SearchAction\",\"target\":{\"@type\":\"EntryPoint\",\"urlTemplate\":\"https:\\\/\\\/www.kliinikum.ee\\\/haiglaapteek\\\/?s={search_term_string}\"},\"query-input\":{\"@type\":\"PropertyValueSpecification\",\"valueRequired\":true,\"valueName\":\"search_term_string\"}}],\"inLanguage\":\"et\"}]}<\/script>\n<!-- \/ Yoast SEO plugin. -->","yoast_head_json":{"title":"Ravimite valmistamise osakond - Haiglaapteek","robots":{"index":"index","follow":"follow","max-snippet":"max-snippet:-1","max-image-preview":"max-image-preview:large","max-video-preview":"max-video-preview:-1"},"canonical":"https:\/\/www.kliinikum.ee\/haiglaapteek\/osakonnad\/valmistamise-osakond\/","og_locale":"et_EE","og_type":"article","og_title":"Ravimite valmistamise osakond - Haiglaapteek","og_description":"Osakonna juht on vanemproviisor Mari Kand; 731 8357. Kliinikumi ravimite valmistamise osakonnas tegeletakse nii ravimite ekstemporaalse valmistamise kui ka steriilsete ravimite aseptilise ettevalmistamisega. Mittesteriilsete ravimite ekstemporaalne valmistamine on vajalik, kui puudub t\u00f6\u00f6tuslikult toodetud alternatiiv, n\u00e4iteks patsiendir\u00fchmadele nagu lapsed v\u00f5i raskelt haiged. See tagab ravimite k\u00e4ttesaadavuse, mida t\u00f6\u00f6stuslikult ei toodeta. Samuti on apteegis osakond steriilsete ravimite [&hellip;]","og_url":"https:\/\/www.kliinikum.ee\/haiglaapteek\/osakonnad\/valmistamise-osakond\/","og_site_name":"Haiglaapteek","article_modified_time":"2025-06-09T07:32:17+00:00","twitter_card":"summary_large_image","twitter_misc":{"Est. reading time":"2 minutit"},"schema":{"@context":"https:\/\/schema.org","@graph":[{"@type":"WebPage","@id":"https:\/\/www.kliinikum.ee\/haiglaapteek\/osakonnad\/valmistamise-osakond\/","url":"https:\/\/www.kliinikum.ee\/haiglaapteek\/osakonnad\/valmistamise-osakond\/","name":"Ravimite valmistamise osakond - Haiglaapteek","isPartOf":{"@id":"https:\/\/www.kliinikum.ee\/haiglaapteek\/#website"},"datePublished":"2025-05-26T05:23:23+00:00","dateModified":"2025-06-09T07:32:17+00:00","breadcrumb":{"@id":"https:\/\/www.kliinikum.ee\/haiglaapteek\/osakonnad\/valmistamise-osakond\/#breadcrumb"},"inLanguage":"et","potentialAction":[{"@type":"ReadAction","target":["https:\/\/www.kliinikum.ee\/haiglaapteek\/osakonnad\/valmistamise-osakond\/"]}]},{"@type":"BreadcrumbList","@id":"https:\/\/www.kliinikum.ee\/haiglaapteek\/osakonnad\/valmistamise-osakond\/#breadcrumb","itemListElement":[{"@type":"ListItem","position":1,"name":"Osakonnad","item":"https:\/\/www.kliinikum.ee\/haiglaapteek\/osakonnad\/"},{"@type":"ListItem","position":2,"name":"Ravimite valmistamise osakond"}]},{"@type":"WebSite","@id":"https:\/\/www.kliinikum.ee\/haiglaapteek\/#website","url":"https:\/\/www.kliinikum.ee\/haiglaapteek\/","name":"Haiglaapteek","description":"Hoolivus, Uuendusmeelsus, P\u00e4devus ja Usaldusv\u00e4\u00e4rsus","potentialAction":[{"@type":"SearchAction","target":{"@type":"EntryPoint","urlTemplate":"https:\/\/www.kliinikum.ee\/haiglaapteek\/?s={search_term_string}"},"query-input":{"@type":"PropertyValueSpecification","valueRequired":true,"valueName":"search_term_string"}}],"inLanguage":"et"}]}},"uagb_featured_image_src":{"full":false,"thumbnail":false,"medium":false,"medium_large":false,"large":false,"1536x1536":false,"2048x2048":false},"uagb_author_info":{"display_name":"Jane Freimann","author_link":"https:\/\/www.kliinikum.ee\/haiglaapteek\/author\/janef\/"},"uagb_comment_info":0,"uagb_excerpt":"Osakonna juht on vanemproviisor Mari Kand; 731 8357. Kliinikumi ravimite valmistamise osakonnas tegeletakse nii ravimite ekstemporaalse valmistamise kui ka steriilsete ravimite aseptilise ettevalmistamisega. Mittesteriilsete ravimite ekstemporaalne valmistamine on vajalik, kui puudub t\u00f6\u00f6tuslikult toodetud alternatiiv, n\u00e4iteks patsiendir\u00fchmadele nagu lapsed v\u00f5i raskelt haiged. See tagab ravimite k\u00e4ttesaadavuse, mida t\u00f6\u00f6stuslikult ei toodeta. Samuti on apteegis osakond steriilsete ravimite&hellip;","_links":{"self":[{"href":"https:\/\/www.kliinikum.ee\/haiglaapteek\/wp-json\/wp\/v2\/pages\/6540","targetHints":{"allow":["GET"]}}],"collection":[{"href":"https:\/\/www.kliinikum.ee\/haiglaapteek\/wp-json\/wp\/v2\/pages"}],"about":[{"href":"https:\/\/www.kliinikum.ee\/haiglaapteek\/wp-json\/wp\/v2\/types\/page"}],"author":[{"embeddable":true,"href":"https:\/\/www.kliinikum.ee\/haiglaapteek\/wp-json\/wp\/v2\/users\/33"}],"replies":[{"embeddable":true,"href":"https:\/\/www.kliinikum.ee\/haiglaapteek\/wp-json\/wp\/v2\/comments?post=6540"}],"version-history":[{"count":0,"href":"https:\/\/www.kliinikum.ee\/haiglaapteek\/wp-json\/wp\/v2\/pages\/6540\/revisions"}],"up":[{"embeddable":true,"href":"https:\/\/www.kliinikum.ee\/haiglaapteek\/wp-json\/wp\/v2\/pages\/5846"}],"wp:attachment":[{"href":"https:\/\/www.kliinikum.ee\/haiglaapteek\/wp-json\/wp\/v2\/media?parent=6540"}],"curies":[{"name":"wp","href":"https:\/\/api.w.org\/{rel}","templated":true}]}}