{"id":6542,"date":"2025-05-26T07:24:30","date_gmt":"2025-05-26T05:24:30","guid":{"rendered":"https:\/\/www.kliinikum.ee\/haiglaapteek\/?page_id=6542"},"modified":"2025-06-06T10:20:57","modified_gmt":"2025-06-06T08:20:57","slug":"kliinilise-farmaatsia-osakond","status":"publish","type":"page","link":"https:\/\/www.kliinikum.ee\/haiglaapteek\/osakonnad\/kliinilise-farmaatsia-osakond\/","title":{"rendered":"Kliinilise farmaatsia osakond"},"content":{"rendered":"\n<p class=\"has-medium-font-size\"><strong>Osakonna juht on kliiniline proviisor Marika Saar; 731 8333.<\/strong><\/p>\n\n\n\n<p class=\"has-medium-font-size\">Kliinilise farmaatsia osakond apteegis on keskne l\u00fcli ravimite efektiivse kasutamise ja patsiendiohutuse tagamisel.<\/p>\n\n\n\n<p class=\"has-medium-font-size\">Apteegis t\u00f6\u00f6tavad kliinilised proviisorid n\u00f5ustavad ravimite korrektse kasutamise osas nii tervishoiut\u00f6\u00f6tajaid kui ka patsiente, mis h\u00f5lmab n\u00e4iteks olulise ravimialase teabe edastamist, juhendite koostamist ning koolituste l\u00e4biviimist. Samuti on kliinilised proviisorid Kliinikumi Ravimikomitee liikmed.<\/p>\n\n\n\n<p class=\"has-medium-font-size\">Kliinilised proviisorid hindavad patsientide raviskeeme, p\u00f6\u00f6rates t\u00e4helepanu n\u00e4idustustele, koos- ja k\u00f5rvaltoimetele ning ravimite manustamiseks ettevalmistamisele eesm\u00e4rgiga tagada ratsionaalne ravimikasutus. Ravisekkumised koosk\u00f5lastatakse raviarstiga ja dokumenteeritakse patsientide haigusloosse. Sekkumisi anal\u00fc\u00fcsitakse regulaarselt, et n\u00f5ustamisteenuse kvaliteeti t\u00f5sta. <\/p>\n\n\n\n<div class=\"wp-block-uagb-slider uagb-block-66f9381b uagb-slider-container\"><div class=\"uagb-slides uagb-swiper\"><div class=\"swiper-wrapper\">\n<div class=\"wp-block-uagb-slider-child uagb-slider-child-wrap swiper-slide uagb-block-4a35fcf0\"><div class=\"swiper-content\">\n<div class=\"wp-block-uagb-container uagb-block-ff6c86dc alignfull uagb-is-root-container\"><div class=\"uagb-container-inner-blocks-wrap\">\n<div class=\"wp-block-uagb-info-box uagb-block-3ac5867b uagb-infobox__content-wrap  uagb-infobox-icon-above-title uagb-infobox-image-valign-top\"><div class=\"uagb-ifb-content\"><div class=\"uagb-ifb-image-content\"><img decoding=\"async\" src=\"https:\/\/www.kliinikum.ee\/haiglaapteek\/wp-content\/uploads\/2023\/07\/54ccd8b82a2997d36fc87f0c9e5b6405-1-scaled-1-1024x682.jpg\" alt=\"\" width=\"1024\" height=\"682\" loading=\"lazy\"\/><\/div><div class=\"uagb-ifb-title-wrap\"><\/div><\/div><\/div>\n<\/div><\/div>\n<\/div><\/div>\n\n\n\n<div class=\"wp-block-uagb-slider-child uagb-slider-child-wrap swiper-slide uagb-block-21fdcc04\"><div class=\"swiper-content\">\n<div class=\"wp-block-uagb-container uagb-block-5fa7a7cd alignfull uagb-is-root-container\"><div class=\"uagb-container-inner-blocks-wrap\">\n<div class=\"wp-block-uagb-info-box uagb-block-1aa41404 uagb-infobox__content-wrap  uagb-infobox-icon-above-title uagb-infobox-image-valign-top\"><div class=\"uagb-ifb-content\"><div class=\"uagb-ifb-image-content\"><img decoding=\"async\" src=\"https:\/\/www.kliinikum.ee\/haiglaapteek\/wp-content\/uploads\/2025\/06\/54254607150_3539bb5cac_k-1024x683.jpg\" alt=\"\" width=\"1024\" height=\"683\" loading=\"lazy\"\/><\/div><div class=\"uagb-ifb-title-wrap\"><\/div><\/div><\/div>\n<\/div><\/div>\n<\/div><\/div>\n\n\n\n<div class=\"wp-block-uagb-slider-child uagb-slider-child-wrap swiper-slide uagb-block-81f85de1\"><div class=\"swiper-content\">\n<div class=\"wp-block-uagb-container uagb-block-aa781143 alignfull uagb-is-root-container\"><div class=\"uagb-container-inner-blocks-wrap\">\n<div class=\"wp-block-uagb-info-box uagb-block-3c3c1416 uagb-infobox__content-wrap  uagb-infobox-icon-above-title uagb-infobox-image-valign-top\"><div class=\"uagb-ifb-content\"><div class=\"uagb-ifb-image-content\"><img decoding=\"async\" src=\"https:\/\/www.kliinikum.ee\/haiglaapteek\/wp-content\/uploads\/2025\/06\/Kliiniline-farmaatsia-1024x683.jpg\" alt=\"\" width=\"1024\" height=\"683\" loading=\"lazy\"\/><\/div><div class=\"uagb-ifb-title-wrap\"><\/div><\/div><\/div>\n<\/div><\/div>\n<\/div><\/div>\n<\/div><\/div><div class=\"swiper-pagination\"><\/div><div class=\"swiper-button-prev\"><\/div><div class=\"swiper-button-next\"><\/div><\/div>\n","protected":false},"excerpt":{"rendered":"<p>Osakonna juht on kliiniline proviisor Marika Saar; 731 8333. Kliinilise farmaatsia osakond apteegis on keskne l\u00fcli ravimite efektiivse kasutamise ja patsiendiohutuse tagamisel. Apteegis t\u00f6\u00f6tavad kliinilised proviisorid n\u00f5ustavad ravimite korrektse kasutamise osas nii tervishoiut\u00f6\u00f6tajaid kui ka patsiente, mis h\u00f5lmab n\u00e4iteks olulise ravimialase teabe edastamist, juhendite koostamist ning koolituste l\u00e4biviimist. Samuti on kliinilised proviisorid Kliinikumi Ravimikomitee liikmed. [&hellip;]<\/p>\n","protected":false},"author":33,"featured_media":0,"parent":5846,"menu_order":30,"comment_status":"closed","ping_status":"closed","template":"","meta":{"_acf_changed":false,"_uag_custom_page_level_css":"","footnotes":""},"class_list":["post-6542","page","type-page","status-publish","hentry"],"acf":[],"yoast_head":"<!-- This site is optimized with the Yoast SEO plugin v27.3 - https:\/\/yoast.com\/product\/yoast-seo-wordpress\/ -->\n<title>Kliinilise farmaatsia osakond - Haiglaapteek<\/title>\n<meta name=\"robots\" content=\"index, follow, max-snippet:-1, max-image-preview:large, max-video-preview:-1\" \/>\n<link rel=\"canonical\" href=\"https:\/\/www.kliinikum.ee\/haiglaapteek\/osakonnad\/kliinilise-farmaatsia-osakond\/\" \/>\n<meta property=\"og:locale\" content=\"et_EE\" \/>\n<meta property=\"og:type\" content=\"article\" \/>\n<meta property=\"og:title\" content=\"Kliinilise farmaatsia osakond - Haiglaapteek\" \/>\n<meta property=\"og:description\" content=\"Osakonna juht on kliiniline proviisor Marika Saar; 731 8333. Kliinilise farmaatsia osakond apteegis on keskne l\u00fcli ravimite efektiivse kasutamise ja patsiendiohutuse tagamisel. Apteegis t\u00f6\u00f6tavad kliinilised proviisorid n\u00f5ustavad ravimite korrektse kasutamise osas nii tervishoiut\u00f6\u00f6tajaid kui ka patsiente, mis h\u00f5lmab n\u00e4iteks olulise ravimialase teabe edastamist, juhendite koostamist ning koolituste l\u00e4biviimist. Samuti on kliinilised proviisorid Kliinikumi Ravimikomitee liikmed. [&hellip;]\" \/>\n<meta property=\"og:url\" content=\"https:\/\/www.kliinikum.ee\/haiglaapteek\/osakonnad\/kliinilise-farmaatsia-osakond\/\" \/>\n<meta property=\"og:site_name\" content=\"Haiglaapteek\" \/>\n<meta property=\"article:modified_time\" content=\"2025-06-06T08:20:57+00:00\" \/>\n<meta property=\"og:image\" content=\"https:\/\/www.kliinikum.ee\/haiglaapteek\/wp-content\/uploads\/2023\/07\/54ccd8b82a2997d36fc87f0c9e5b6405-1-scaled-1-1024x682.jpg\" \/>\n<meta name=\"twitter:card\" content=\"summary_large_image\" \/>\n<meta name=\"twitter:label1\" content=\"Est. reading time\" \/>\n\t<meta name=\"twitter:data1\" content=\"2 minutit\" \/>\n<script type=\"application\/ld+json\" class=\"yoast-schema-graph\">{\"@context\":\"https:\\\/\\\/schema.org\",\"@graph\":[{\"@type\":\"WebPage\",\"@id\":\"https:\\\/\\\/www.kliinikum.ee\\\/haiglaapteek\\\/osakonnad\\\/kliinilise-farmaatsia-osakond\\\/\",\"url\":\"https:\\\/\\\/www.kliinikum.ee\\\/haiglaapteek\\\/osakonnad\\\/kliinilise-farmaatsia-osakond\\\/\",\"name\":\"Kliinilise farmaatsia osakond - Haiglaapteek\",\"isPartOf\":{\"@id\":\"https:\\\/\\\/www.kliinikum.ee\\\/haiglaapteek\\\/#website\"},\"primaryImageOfPage\":{\"@id\":\"https:\\\/\\\/www.kliinikum.ee\\\/haiglaapteek\\\/osakonnad\\\/kliinilise-farmaatsia-osakond\\\/#primaryimage\"},\"image\":{\"@id\":\"https:\\\/\\\/www.kliinikum.ee\\\/haiglaapteek\\\/osakonnad\\\/kliinilise-farmaatsia-osakond\\\/#primaryimage\"},\"thumbnailUrl\":\"https:\\\/\\\/www.kliinikum.ee\\\/haiglaapteek\\\/wp-content\\\/uploads\\\/2023\\\/07\\\/54ccd8b82a2997d36fc87f0c9e5b6405-1-scaled-1-1024x682.jpg\",\"datePublished\":\"2025-05-26T05:24:30+00:00\",\"dateModified\":\"2025-06-06T08:20:57+00:00\",\"breadcrumb\":{\"@id\":\"https:\\\/\\\/www.kliinikum.ee\\\/haiglaapteek\\\/osakonnad\\\/kliinilise-farmaatsia-osakond\\\/#breadcrumb\"},\"inLanguage\":\"et\",\"potentialAction\":[{\"@type\":\"ReadAction\",\"target\":[\"https:\\\/\\\/www.kliinikum.ee\\\/haiglaapteek\\\/osakonnad\\\/kliinilise-farmaatsia-osakond\\\/\"]}]},{\"@type\":\"ImageObject\",\"inLanguage\":\"et\",\"@id\":\"https:\\\/\\\/www.kliinikum.ee\\\/haiglaapteek\\\/osakonnad\\\/kliinilise-farmaatsia-osakond\\\/#primaryimage\",\"url\":\"https:\\\/\\\/www.kliinikum.ee\\\/haiglaapteek\\\/wp-content\\\/uploads\\\/2023\\\/07\\\/54ccd8b82a2997d36fc87f0c9e5b6405-1-scaled-1.jpg\",\"contentUrl\":\"https:\\\/\\\/www.kliinikum.ee\\\/haiglaapteek\\\/wp-content\\\/uploads\\\/2023\\\/07\\\/54ccd8b82a2997d36fc87f0c9e5b6405-1-scaled-1.jpg\",\"width\":2560,\"height\":1706},{\"@type\":\"BreadcrumbList\",\"@id\":\"https:\\\/\\\/www.kliinikum.ee\\\/haiglaapteek\\\/osakonnad\\\/kliinilise-farmaatsia-osakond\\\/#breadcrumb\",\"itemListElement\":[{\"@type\":\"ListItem\",\"position\":1,\"name\":\"Osakonnad\",\"item\":\"https:\\\/\\\/www.kliinikum.ee\\\/haiglaapteek\\\/osakonnad\\\/\"},{\"@type\":\"ListItem\",\"position\":2,\"name\":\"Kliinilise farmaatsia osakond\"}]},{\"@type\":\"WebSite\",\"@id\":\"https:\\\/\\\/www.kliinikum.ee\\\/haiglaapteek\\\/#website\",\"url\":\"https:\\\/\\\/www.kliinikum.ee\\\/haiglaapteek\\\/\",\"name\":\"Haiglaapteek\",\"description\":\"Hoolivus, Uuendusmeelsus, P\u00e4devus ja Usaldusv\u00e4\u00e4rsus\",\"potentialAction\":[{\"@type\":\"SearchAction\",\"target\":{\"@type\":\"EntryPoint\",\"urlTemplate\":\"https:\\\/\\\/www.kliinikum.ee\\\/haiglaapteek\\\/?s={search_term_string}\"},\"query-input\":{\"@type\":\"PropertyValueSpecification\",\"valueRequired\":true,\"valueName\":\"search_term_string\"}}],\"inLanguage\":\"et\"}]}<\/script>\n<!-- \/ Yoast SEO plugin. -->","yoast_head_json":{"title":"Kliinilise farmaatsia osakond - Haiglaapteek","robots":{"index":"index","follow":"follow","max-snippet":"max-snippet:-1","max-image-preview":"max-image-preview:large","max-video-preview":"max-video-preview:-1"},"canonical":"https:\/\/www.kliinikum.ee\/haiglaapteek\/osakonnad\/kliinilise-farmaatsia-osakond\/","og_locale":"et_EE","og_type":"article","og_title":"Kliinilise farmaatsia osakond - Haiglaapteek","og_description":"Osakonna juht on kliiniline proviisor Marika Saar; 731 8333. Kliinilise farmaatsia osakond apteegis on keskne l\u00fcli ravimite efektiivse kasutamise ja patsiendiohutuse tagamisel. Apteegis t\u00f6\u00f6tavad kliinilised proviisorid n\u00f5ustavad ravimite korrektse kasutamise osas nii tervishoiut\u00f6\u00f6tajaid kui ka patsiente, mis h\u00f5lmab n\u00e4iteks olulise ravimialase teabe edastamist, juhendite koostamist ning koolituste l\u00e4biviimist. Samuti on kliinilised proviisorid Kliinikumi Ravimikomitee liikmed. [&hellip;]","og_url":"https:\/\/www.kliinikum.ee\/haiglaapteek\/osakonnad\/kliinilise-farmaatsia-osakond\/","og_site_name":"Haiglaapteek","article_modified_time":"2025-06-06T08:20:57+00:00","og_image":[{"url":"https:\/\/www.kliinikum.ee\/haiglaapteek\/wp-content\/uploads\/2023\/07\/54ccd8b82a2997d36fc87f0c9e5b6405-1-scaled-1-1024x682.jpg","type":"","width":"","height":""}],"twitter_card":"summary_large_image","twitter_misc":{"Est. reading time":"2 minutit"},"schema":{"@context":"https:\/\/schema.org","@graph":[{"@type":"WebPage","@id":"https:\/\/www.kliinikum.ee\/haiglaapteek\/osakonnad\/kliinilise-farmaatsia-osakond\/","url":"https:\/\/www.kliinikum.ee\/haiglaapteek\/osakonnad\/kliinilise-farmaatsia-osakond\/","name":"Kliinilise farmaatsia osakond - Haiglaapteek","isPartOf":{"@id":"https:\/\/www.kliinikum.ee\/haiglaapteek\/#website"},"primaryImageOfPage":{"@id":"https:\/\/www.kliinikum.ee\/haiglaapteek\/osakonnad\/kliinilise-farmaatsia-osakond\/#primaryimage"},"image":{"@id":"https:\/\/www.kliinikum.ee\/haiglaapteek\/osakonnad\/kliinilise-farmaatsia-osakond\/#primaryimage"},"thumbnailUrl":"https:\/\/www.kliinikum.ee\/haiglaapteek\/wp-content\/uploads\/2023\/07\/54ccd8b82a2997d36fc87f0c9e5b6405-1-scaled-1-1024x682.jpg","datePublished":"2025-05-26T05:24:30+00:00","dateModified":"2025-06-06T08:20:57+00:00","breadcrumb":{"@id":"https:\/\/www.kliinikum.ee\/haiglaapteek\/osakonnad\/kliinilise-farmaatsia-osakond\/#breadcrumb"},"inLanguage":"et","potentialAction":[{"@type":"ReadAction","target":["https:\/\/www.kliinikum.ee\/haiglaapteek\/osakonnad\/kliinilise-farmaatsia-osakond\/"]}]},{"@type":"ImageObject","inLanguage":"et","@id":"https:\/\/www.kliinikum.ee\/haiglaapteek\/osakonnad\/kliinilise-farmaatsia-osakond\/#primaryimage","url":"https:\/\/www.kliinikum.ee\/haiglaapteek\/wp-content\/uploads\/2023\/07\/54ccd8b82a2997d36fc87f0c9e5b6405-1-scaled-1.jpg","contentUrl":"https:\/\/www.kliinikum.ee\/haiglaapteek\/wp-content\/uploads\/2023\/07\/54ccd8b82a2997d36fc87f0c9e5b6405-1-scaled-1.jpg","width":2560,"height":1706},{"@type":"BreadcrumbList","@id":"https:\/\/www.kliinikum.ee\/haiglaapteek\/osakonnad\/kliinilise-farmaatsia-osakond\/#breadcrumb","itemListElement":[{"@type":"ListItem","position":1,"name":"Osakonnad","item":"https:\/\/www.kliinikum.ee\/haiglaapteek\/osakonnad\/"},{"@type":"ListItem","position":2,"name":"Kliinilise farmaatsia osakond"}]},{"@type":"WebSite","@id":"https:\/\/www.kliinikum.ee\/haiglaapteek\/#website","url":"https:\/\/www.kliinikum.ee\/haiglaapteek\/","name":"Haiglaapteek","description":"Hoolivus, Uuendusmeelsus, P\u00e4devus ja Usaldusv\u00e4\u00e4rsus","potentialAction":[{"@type":"SearchAction","target":{"@type":"EntryPoint","urlTemplate":"https:\/\/www.kliinikum.ee\/haiglaapteek\/?s={search_term_string}"},"query-input":{"@type":"PropertyValueSpecification","valueRequired":true,"valueName":"search_term_string"}}],"inLanguage":"et"}]}},"uagb_featured_image_src":{"full":false,"thumbnail":false,"medium":false,"medium_large":false,"large":false,"1536x1536":false,"2048x2048":false},"uagb_author_info":{"display_name":"Jane Freimann","author_link":"https:\/\/www.kliinikum.ee\/haiglaapteek\/author\/janef\/"},"uagb_comment_info":0,"uagb_excerpt":"Osakonna juht on kliiniline proviisor Marika Saar; 731 8333. Kliinilise farmaatsia osakond apteegis on keskne l\u00fcli ravimite efektiivse kasutamise ja patsiendiohutuse tagamisel. Apteegis t\u00f6\u00f6tavad kliinilised proviisorid n\u00f5ustavad ravimite korrektse kasutamise osas nii tervishoiut\u00f6\u00f6tajaid kui ka patsiente, mis h\u00f5lmab n\u00e4iteks olulise ravimialase teabe edastamist, juhendite koostamist ning koolituste l\u00e4biviimist. Samuti on kliinilised proviisorid Kliinikumi Ravimikomitee liikmed.&hellip;","_links":{"self":[{"href":"https:\/\/www.kliinikum.ee\/haiglaapteek\/wp-json\/wp\/v2\/pages\/6542","targetHints":{"allow":["GET"]}}],"collection":[{"href":"https:\/\/www.kliinikum.ee\/haiglaapteek\/wp-json\/wp\/v2\/pages"}],"about":[{"href":"https:\/\/www.kliinikum.ee\/haiglaapteek\/wp-json\/wp\/v2\/types\/page"}],"author":[{"embeddable":true,"href":"https:\/\/www.kliinikum.ee\/haiglaapteek\/wp-json\/wp\/v2\/users\/33"}],"replies":[{"embeddable":true,"href":"https:\/\/www.kliinikum.ee\/haiglaapteek\/wp-json\/wp\/v2\/comments?post=6542"}],"version-history":[{"count":0,"href":"https:\/\/www.kliinikum.ee\/haiglaapteek\/wp-json\/wp\/v2\/pages\/6542\/revisions"}],"up":[{"embeddable":true,"href":"https:\/\/www.kliinikum.ee\/haiglaapteek\/wp-json\/wp\/v2\/pages\/5846"}],"wp:attachment":[{"href":"https:\/\/www.kliinikum.ee\/haiglaapteek\/wp-json\/wp\/v2\/media?parent=6542"}],"curies":[{"name":"wp","href":"https:\/\/api.w.org\/{rel}","templated":true}]}}