{"id":6699,"date":"2025-06-06T08:55:51","date_gmt":"2025-06-06T06:55:51","guid":{"rendered":"https:\/\/www.kliinikum.ee\/haiglaapteek\/?page_id=6699"},"modified":"2025-06-17T13:05:01","modified_gmt":"2025-06-17T11:05:01","slug":"ravimialased-juhendid-andmebaasid","status":"publish","type":"page","link":"https:\/\/www.kliinikum.ee\/haiglaapteek\/infomaterjalid\/ravimialased-juhendid-andmebaasid\/","title":{"rendered":"Ravimialased juhendid\/andmebaasid"},"content":{"rendered":"\n<p class=\"has-medium-font-size\"><a href=\"https:\/\/www.ravimiregister.ee\/\">Ravimiregister<\/a><\/p>\n\n\n\n<p class=\"has-medium-font-size\"><a href=\"https:\/\/ehas.ee\/juhendid\" target=\"_blank\" rel=\"noreferrer noopener\">Eesti Haiglaapteekrite Seltsi juhendid<\/a><\/p>\n\n\n\n<p class=\"has-medium-font-size\"><a href=\"https:\/\/www.ravijuhend.ee\/uldinfo\/info\">Tervisekassa ravijuhendid<\/a><\/p>\n\n\n\n<p class=\"has-medium-font-size\"><a href=\"https:\/\/app.synbase.eu\/app\/et\/account\/dashboard\">Synbase ravimite andmebaas<\/a><\/p>\n\n\n\n<p class=\"has-medium-font-size\"><a href=\"https:\/\/ravimiamet.ee\/ravimid-ja-ohutus\/ravimitest\/muugiloata-ravimid\" target=\"_blank\" rel=\"noreferrer noopener\">M\u00fc\u00fcgiloata ravimite info<\/a><\/p>\n\n\n\n<p class=\"has-medium-font-size\"><a href=\"http:\/\/www.ravimiamet.ee\/ohutusmuutused-ravimiteabes\" target=\"_blank\" rel=\"noreferrer noopener\">Ohutusmuutused ravimiteabes<\/a><\/p>\n\n\n\n<p><\/p>\n","protected":false},"excerpt":{"rendered":"<p>Ravimiregister Eesti Haiglaapteekrite Seltsi juhendid Tervisekassa ravijuhendid Synbase ravimite andmebaas M\u00fc\u00fcgiloata ravimite info Ohutusmuutused ravimiteabes<\/p>\n","protected":false},"author":35,"featured_media":0,"parent":19,"menu_order":20,"comment_status":"closed","ping_status":"closed","template":"","meta":{"_acf_changed":false,"_uag_custom_page_level_css":"","footnotes":""},"class_list":["post-6699","page","type-page","status-publish","hentry"],"acf":[],"yoast_head":"<!-- This site is optimized with the Yoast SEO plugin v27.3 - https:\/\/yoast.com\/product\/yoast-seo-wordpress\/ -->\n<title>Ravimialased juhendid\/andmebaasid - Haiglaapteek<\/title>\n<meta name=\"robots\" content=\"index, follow, max-snippet:-1, max-image-preview:large, max-video-preview:-1\" \/>\n<link rel=\"canonical\" href=\"https:\/\/www.kliinikum.ee\/haiglaapteek\/infomaterjalid\/ravimialased-juhendid-andmebaasid\/\" \/>\n<meta property=\"og:locale\" content=\"et_EE\" \/>\n<meta property=\"og:type\" content=\"article\" \/>\n<meta property=\"og:title\" content=\"Ravimialased juhendid\/andmebaasid - Haiglaapteek\" \/>\n<meta property=\"og:description\" content=\"Ravimiregister Eesti Haiglaapteekrite Seltsi juhendid Tervisekassa ravijuhendid Synbase ravimite andmebaas M\u00fc\u00fcgiloata ravimite info Ohutusmuutused ravimiteabes\" \/>\n<meta property=\"og:url\" content=\"https:\/\/www.kliinikum.ee\/haiglaapteek\/infomaterjalid\/ravimialased-juhendid-andmebaasid\/\" \/>\n<meta property=\"og:site_name\" content=\"Haiglaapteek\" \/>\n<meta property=\"article:modified_time\" content=\"2025-06-17T11:05:01+00:00\" \/>\n<meta name=\"twitter:card\" content=\"summary_large_image\" \/>\n<meta name=\"twitter:label1\" content=\"Est. reading time\" \/>\n\t<meta name=\"twitter:data1\" content=\"1 minut\" \/>\n<script type=\"application\/ld+json\" class=\"yoast-schema-graph\">{\"@context\":\"https:\\\/\\\/schema.org\",\"@graph\":[{\"@type\":\"WebPage\",\"@id\":\"https:\\\/\\\/www.kliinikum.ee\\\/haiglaapteek\\\/infomaterjalid\\\/ravimialased-juhendid-andmebaasid\\\/\",\"url\":\"https:\\\/\\\/www.kliinikum.ee\\\/haiglaapteek\\\/infomaterjalid\\\/ravimialased-juhendid-andmebaasid\\\/\",\"name\":\"Ravimialased juhendid\\\/andmebaasid - Haiglaapteek\",\"isPartOf\":{\"@id\":\"https:\\\/\\\/www.kliinikum.ee\\\/haiglaapteek\\\/#website\"},\"datePublished\":\"2025-06-06T06:55:51+00:00\",\"dateModified\":\"2025-06-17T11:05:01+00:00\",\"breadcrumb\":{\"@id\":\"https:\\\/\\\/www.kliinikum.ee\\\/haiglaapteek\\\/infomaterjalid\\\/ravimialased-juhendid-andmebaasid\\\/#breadcrumb\"},\"inLanguage\":\"et\",\"potentialAction\":[{\"@type\":\"ReadAction\",\"target\":[\"https:\\\/\\\/www.kliinikum.ee\\\/haiglaapteek\\\/infomaterjalid\\\/ravimialased-juhendid-andmebaasid\\\/\"]}]},{\"@type\":\"BreadcrumbList\",\"@id\":\"https:\\\/\\\/www.kliinikum.ee\\\/haiglaapteek\\\/infomaterjalid\\\/ravimialased-juhendid-andmebaasid\\\/#breadcrumb\",\"itemListElement\":[{\"@type\":\"ListItem\",\"position\":1,\"name\":\"Infomaterjalid\",\"item\":\"https:\\\/\\\/www.kliinikum.ee\\\/haiglaapteek\\\/infomaterjalid\\\/\"},{\"@type\":\"ListItem\",\"position\":2,\"name\":\"Ravimialased juhendid\\\/andmebaasid\"}]},{\"@type\":\"WebSite\",\"@id\":\"https:\\\/\\\/www.kliinikum.ee\\\/haiglaapteek\\\/#website\",\"url\":\"https:\\\/\\\/www.kliinikum.ee\\\/haiglaapteek\\\/\",\"name\":\"Haiglaapteek\",\"description\":\"Hoolivus, Uuendusmeelsus, P\u00e4devus ja Usaldusv\u00e4\u00e4rsus\",\"potentialAction\":[{\"@type\":\"SearchAction\",\"target\":{\"@type\":\"EntryPoint\",\"urlTemplate\":\"https:\\\/\\\/www.kliinikum.ee\\\/haiglaapteek\\\/?s={search_term_string}\"},\"query-input\":{\"@type\":\"PropertyValueSpecification\",\"valueRequired\":true,\"valueName\":\"search_term_string\"}}],\"inLanguage\":\"et\"}]}<\/script>\n<!-- \/ Yoast SEO plugin. -->","yoast_head_json":{"title":"Ravimialased juhendid\/andmebaasid - Haiglaapteek","robots":{"index":"index","follow":"follow","max-snippet":"max-snippet:-1","max-image-preview":"max-image-preview:large","max-video-preview":"max-video-preview:-1"},"canonical":"https:\/\/www.kliinikum.ee\/haiglaapteek\/infomaterjalid\/ravimialased-juhendid-andmebaasid\/","og_locale":"et_EE","og_type":"article","og_title":"Ravimialased juhendid\/andmebaasid - Haiglaapteek","og_description":"Ravimiregister Eesti Haiglaapteekrite Seltsi juhendid Tervisekassa ravijuhendid Synbase ravimite andmebaas M\u00fc\u00fcgiloata ravimite info Ohutusmuutused ravimiteabes","og_url":"https:\/\/www.kliinikum.ee\/haiglaapteek\/infomaterjalid\/ravimialased-juhendid-andmebaasid\/","og_site_name":"Haiglaapteek","article_modified_time":"2025-06-17T11:05:01+00:00","twitter_card":"summary_large_image","twitter_misc":{"Est. reading time":"1 minut"},"schema":{"@context":"https:\/\/schema.org","@graph":[{"@type":"WebPage","@id":"https:\/\/www.kliinikum.ee\/haiglaapteek\/infomaterjalid\/ravimialased-juhendid-andmebaasid\/","url":"https:\/\/www.kliinikum.ee\/haiglaapteek\/infomaterjalid\/ravimialased-juhendid-andmebaasid\/","name":"Ravimialased juhendid\/andmebaasid - Haiglaapteek","isPartOf":{"@id":"https:\/\/www.kliinikum.ee\/haiglaapteek\/#website"},"datePublished":"2025-06-06T06:55:51+00:00","dateModified":"2025-06-17T11:05:01+00:00","breadcrumb":{"@id":"https:\/\/www.kliinikum.ee\/haiglaapteek\/infomaterjalid\/ravimialased-juhendid-andmebaasid\/#breadcrumb"},"inLanguage":"et","potentialAction":[{"@type":"ReadAction","target":["https:\/\/www.kliinikum.ee\/haiglaapteek\/infomaterjalid\/ravimialased-juhendid-andmebaasid\/"]}]},{"@type":"BreadcrumbList","@id":"https:\/\/www.kliinikum.ee\/haiglaapteek\/infomaterjalid\/ravimialased-juhendid-andmebaasid\/#breadcrumb","itemListElement":[{"@type":"ListItem","position":1,"name":"Infomaterjalid","item":"https:\/\/www.kliinikum.ee\/haiglaapteek\/infomaterjalid\/"},{"@type":"ListItem","position":2,"name":"Ravimialased juhendid\/andmebaasid"}]},{"@type":"WebSite","@id":"https:\/\/www.kliinikum.ee\/haiglaapteek\/#website","url":"https:\/\/www.kliinikum.ee\/haiglaapteek\/","name":"Haiglaapteek","description":"Hoolivus, Uuendusmeelsus, P\u00e4devus ja Usaldusv\u00e4\u00e4rsus","potentialAction":[{"@type":"SearchAction","target":{"@type":"EntryPoint","urlTemplate":"https:\/\/www.kliinikum.ee\/haiglaapteek\/?s={search_term_string}"},"query-input":{"@type":"PropertyValueSpecification","valueRequired":true,"valueName":"search_term_string"}}],"inLanguage":"et"}]}},"uagb_featured_image_src":{"full":false,"thumbnail":false,"medium":false,"medium_large":false,"large":false,"1536x1536":false,"2048x2048":false},"uagb_author_info":{"display_name":"Laura M\u00e4nnaste","author_link":"https:\/\/www.kliinikum.ee\/haiglaapteek\/author\/lauramann\/"},"uagb_comment_info":0,"uagb_excerpt":"Ravimiregister Eesti Haiglaapteekrite Seltsi juhendid Tervisekassa ravijuhendid Synbase ravimite andmebaas M\u00fc\u00fcgiloata ravimite info Ohutusmuutused ravimiteabes","_links":{"self":[{"href":"https:\/\/www.kliinikum.ee\/haiglaapteek\/wp-json\/wp\/v2\/pages\/6699","targetHints":{"allow":["GET"]}}],"collection":[{"href":"https:\/\/www.kliinikum.ee\/haiglaapteek\/wp-json\/wp\/v2\/pages"}],"about":[{"href":"https:\/\/www.kliinikum.ee\/haiglaapteek\/wp-json\/wp\/v2\/types\/page"}],"author":[{"embeddable":true,"href":"https:\/\/www.kliinikum.ee\/haiglaapteek\/wp-json\/wp\/v2\/users\/35"}],"replies":[{"embeddable":true,"href":"https:\/\/www.kliinikum.ee\/haiglaapteek\/wp-json\/wp\/v2\/comments?post=6699"}],"version-history":[{"count":0,"href":"https:\/\/www.kliinikum.ee\/haiglaapteek\/wp-json\/wp\/v2\/pages\/6699\/revisions"}],"up":[{"embeddable":true,"href":"https:\/\/www.kliinikum.ee\/haiglaapteek\/wp-json\/wp\/v2\/pages\/19"}],"wp:attachment":[{"href":"https:\/\/www.kliinikum.ee\/haiglaapteek\/wp-json\/wp\/v2\/media?parent=6699"}],"curies":[{"name":"wp","href":"https:\/\/api.w.org\/{rel}","templated":true}]}}