{"id":408,"date":"2021-10-18T14:43:43","date_gmt":"2021-10-18T11:43:43","guid":{"rendered":"https:\/\/www.kliinikum.ee\/harvikhaigused\/?page_id=408"},"modified":"2025-12-17T10:22:34","modified_gmt":"2025-12-17T08:22:34","slug":"kolleegile","status":"publish","type":"page","link":"https:\/\/www.kliinikum.ee\/harvikhaigused\/kolleegile\/kolleegile\/","title":{"rendered":"Kolleegile"},"content":{"rendered":"<div id=\"acf-block-block_727c9f345e50ab12b40592431c164f3d\" class=\"acf-block-element  block-accordion\">\r\n<div class=\"accordion\" id=\"accordion-block_727c9f345e50ab12b40592431c164f3d\"><div class=\"card\"><div class=\"card-header\" id=\"heading1-block_727c9f345e50ab12b40592431c164f3d\"><button type=\"button\" class=\"collapsed\" data-toggle=\"collapse\" data-target=\"#collapse1-block_727c9f345e50ab12b40592431c164f3d\" aria-controls=\"collapse1-block_727c9f345e50ab12b40592431c164f3d\">Millal suunata harvikhaiguse kompetentsikeskusesse?<\/button><\/div><div id=\"collapse1-block_727c9f345e50ab12b40592431c164f3d\" class=\"collapse\" aria-labelledby=\"heading1-block_727c9f345e50ab12b40592431c164f3d\" data-parent=\"#accordion-block_727c9f345e50ab12b40592431c164f3d\"><div class=\"card-body\"><div class=\"gutenberg-content\"><p>Meiega saate konsulteerida, kui s\u00fcmptomid v\u00f5i terviseprobleem on harva esinev ning diagnoos seejuures ebaselge, ja s\u00fcmptomite p\u00f5hjus ei tule kindlast terviseprobleemist. Hindame saatekirjale kantud infot ja suuname patsiendi edasi vastava eksperdi vastuv\u00f5tule.<\/p>\n<\/div><\/div><\/div><\/div><div class=\"card\"><div class=\"card-header\" id=\"heading2-block_727c9f345e50ab12b40592431c164f3d\"><button type=\"button\" class=\"collapsed\" data-toggle=\"collapse\" data-target=\"#collapse2-block_727c9f345e50ab12b40592431c164f3d\" aria-controls=\"collapse2-block_727c9f345e50ab12b40592431c164f3d\">Ootused saatekirjale<\/button><\/div><div id=\"collapse2-block_727c9f345e50ab12b40592431c164f3d\" class=\"collapse\" aria-labelledby=\"heading2-block_727c9f345e50ab12b40592431c164f3d\" data-parent=\"#accordion-block_727c9f345e50ab12b40592431c164f3d\"><div class=\"card-body\"><div class=\"gutenberg-content\"><p>Palume Teil v\u00f5imalikult t\u00e4pselt kirjeldada:<\/p>\n<ul>\n<li>patsiendi probleemi;<\/li>\n<li>seniseid uuringuid ja lisada anal\u00fc\u00fcside vastused;<\/li>\n<li>andmeid suguv\u00f5sas esinevaist haigustest, kui on teada.<\/li>\n<\/ul>\n<\/div><\/div><\/div><\/div><div class=\"card\"><div class=\"card-header\" id=\"heading3-block_727c9f345e50ab12b40592431c164f3d\"><button type=\"button\" class=\"collapsed\" data-toggle=\"collapse\" data-target=\"#collapse3-block_727c9f345e50ab12b40592431c164f3d\" aria-controls=\"collapse3-block_727c9f345e50ab12b40592431c164f3d\">Multidistsiplinaarne konsiilium<\/button><\/div><div id=\"collapse3-block_727c9f345e50ab12b40592431c164f3d\" class=\"collapse\" aria-labelledby=\"heading3-block_727c9f345e50ab12b40592431c164f3d\" data-parent=\"#accordion-block_727c9f345e50ab12b40592431c164f3d\"><div class=\"card-body\"><div class=\"gutenberg-content\"><p>Harvikhaiguste kompetentsikeskus korraldab regulaarseid interdistsiplinaarseid konsiiume erinevate erialaseptsialistide osalusel keerulisemate haigusjuhtude konsultatsiooniks ja uurimiseks.<br \/>\n<span style=\"font-weight: 400;\">Multidistsiplinaarsele konsiiliumile registreerumiseks palume t\u00e4ita <a href=\"https:\/\/www.kliinikum.ee\/harvikhaigused\/kolleegile\/konsiiliumisse-poordumine\/\">konsiiliumi ankeet.<\/a><\/span><\/p>\n<\/div><\/div><\/div><\/div><div class=\"card\"><div class=\"card-header\" id=\"heading4-block_727c9f345e50ab12b40592431c164f3d\"><button type=\"button\" class=\"collapsed\" data-toggle=\"collapse\" data-target=\"#collapse4-block_727c9f345e50ab12b40592431c164f3d\" aria-controls=\"collapse4-block_727c9f345e50ab12b40592431c164f3d\">Harvikhaiguste registrikande tegemise juhend<\/button><\/div><div id=\"collapse4-block_727c9f345e50ab12b40592431c164f3d\" class=\"collapse\" aria-labelledby=\"heading4-block_727c9f345e50ab12b40592431c164f3d\" data-parent=\"#accordion-block_727c9f345e50ab12b40592431c164f3d\"><div class=\"card-body\"><div class=\"gutenberg-content\"><p>Soovid teha harvikhaiguse registrikannet, kuid ei ole kindel kuidas? Tutvu juhendmaterjaliga: <a href=\"https:\/\/www.kliinikum.ee\/harvikhaigused\/wp-content\/uploads\/2025\/12\/harvikhaiguste-register_juhend.pdf\">Harvikhaiguste register_juhend<\/a><\/p>\n<\/div><\/div><\/div><\/div><\/div><\/div>","protected":false},"excerpt":{"rendered":"","protected":false},"author":3,"featured_media":0,"parent":773,"menu_order":10,"comment_status":"closed","ping_status":"closed","template":"","meta":{"_acf_changed":false,"inline_featured_image":false,"advgb_blocks_editor_width":"","advgb_blocks_columns_visual_guide":"","footnotes":"","_links_to":"","_links_to_target":""},"class_list":["post-408","page","type-page","status-publish","hentry"],"acf":[],"featured_image_src":null,"yoast_head":"<!-- This site is optimized with the Yoast SEO plugin v27.3 - https:\/\/yoast.com\/product\/yoast-seo-wordpress\/ -->\n<title>Kolleegile - Harvikhaigused<\/title>\n<meta name=\"robots\" content=\"index, follow, max-snippet:-1, max-image-preview:large, max-video-preview:-1\" \/>\n<link rel=\"canonical\" href=\"https:\/\/www.kliinikum.ee\/harvikhaigused\/kolleegile\/kolleegile\/\" \/>\n<meta property=\"og:locale\" content=\"et_EE\" \/>\n<meta property=\"og:type\" content=\"article\" \/>\n<meta property=\"og:title\" content=\"Kolleegile - Harvikhaigused\" \/>\n<meta property=\"og:url\" content=\"https:\/\/www.kliinikum.ee\/harvikhaigused\/kolleegile\/kolleegile\/\" \/>\n<meta property=\"og:site_name\" content=\"Harvikhaigused\" \/>\n<meta property=\"article:modified_time\" content=\"2025-12-17T08:22:34+00:00\" \/>\n<meta name=\"twitter:card\" content=\"summary_large_image\" \/>\n<script type=\"application\/ld+json\" class=\"yoast-schema-graph\">{\"@context\":\"https:\\\/\\\/schema.org\",\"@graph\":[{\"@type\":\"WebPage\",\"@id\":\"https:\\\/\\\/www.kliinikum.ee\\\/harvikhaigused\\\/kolleegile\\\/kolleegile\\\/\",\"url\":\"https:\\\/\\\/www.kliinikum.ee\\\/harvikhaigused\\\/kolleegile\\\/kolleegile\\\/\",\"name\":\"Kolleegile - Harvikhaigused\",\"isPartOf\":{\"@id\":\"https:\\\/\\\/www.kliinikum.ee\\\/harvikhaigused\\\/#website\"},\"datePublished\":\"2021-10-18T11:43:43+00:00\",\"dateModified\":\"2025-12-17T08:22:34+00:00\",\"breadcrumb\":{\"@id\":\"https:\\\/\\\/www.kliinikum.ee\\\/harvikhaigused\\\/kolleegile\\\/kolleegile\\\/#breadcrumb\"},\"inLanguage\":\"et\",\"potentialAction\":[{\"@type\":\"ReadAction\",\"target\":[\"https:\\\/\\\/www.kliinikum.ee\\\/harvikhaigused\\\/kolleegile\\\/kolleegile\\\/\"]}]},{\"@type\":\"BreadcrumbList\",\"@id\":\"https:\\\/\\\/www.kliinikum.ee\\\/harvikhaigused\\\/kolleegile\\\/kolleegile\\\/#breadcrumb\",\"itemListElement\":[{\"@type\":\"ListItem\",\"position\":1,\"name\":\"Home\",\"item\":\"https:\\\/\\\/www.kliinikum.ee\\\/harvikhaigused\\\/\"},{\"@type\":\"ListItem\",\"position\":2,\"name\":\"Kolleegile\",\"item\":\"https:\\\/\\\/www.kliinikum.ee\\\/harvikhaigused\\\/kolleegile\\\/\"},{\"@type\":\"ListItem\",\"position\":3,\"name\":\"Kolleegile\"}]},{\"@type\":\"WebSite\",\"@id\":\"https:\\\/\\\/www.kliinikum.ee\\\/harvikhaigused\\\/#website\",\"url\":\"https:\\\/\\\/www.kliinikum.ee\\\/harvikhaigused\\\/\",\"name\":\"Harvikhaigused\",\"description\":\"\",\"potentialAction\":[{\"@type\":\"SearchAction\",\"target\":{\"@type\":\"EntryPoint\",\"urlTemplate\":\"https:\\\/\\\/www.kliinikum.ee\\\/harvikhaigused\\\/?s={search_term_string}\"},\"query-input\":{\"@type\":\"PropertyValueSpecification\",\"valueRequired\":true,\"valueName\":\"search_term_string\"}}],\"inLanguage\":\"et\"}]}<\/script>\n<!-- \/ Yoast SEO plugin. -->","yoast_head_json":{"title":"Kolleegile - Harvikhaigused","robots":{"index":"index","follow":"follow","max-snippet":"max-snippet:-1","max-image-preview":"max-image-preview:large","max-video-preview":"max-video-preview:-1"},"canonical":"https:\/\/www.kliinikum.ee\/harvikhaigused\/kolleegile\/kolleegile\/","og_locale":"et_EE","og_type":"article","og_title":"Kolleegile - Harvikhaigused","og_url":"https:\/\/www.kliinikum.ee\/harvikhaigused\/kolleegile\/kolleegile\/","og_site_name":"Harvikhaigused","article_modified_time":"2025-12-17T08:22:34+00:00","twitter_card":"summary_large_image","schema":{"@context":"https:\/\/schema.org","@graph":[{"@type":"WebPage","@id":"https:\/\/www.kliinikum.ee\/harvikhaigused\/kolleegile\/kolleegile\/","url":"https:\/\/www.kliinikum.ee\/harvikhaigused\/kolleegile\/kolleegile\/","name":"Kolleegile - Harvikhaigused","isPartOf":{"@id":"https:\/\/www.kliinikum.ee\/harvikhaigused\/#website"},"datePublished":"2021-10-18T11:43:43+00:00","dateModified":"2025-12-17T08:22:34+00:00","breadcrumb":{"@id":"https:\/\/www.kliinikum.ee\/harvikhaigused\/kolleegile\/kolleegile\/#breadcrumb"},"inLanguage":"et","potentialAction":[{"@type":"ReadAction","target":["https:\/\/www.kliinikum.ee\/harvikhaigused\/kolleegile\/kolleegile\/"]}]},{"@type":"BreadcrumbList","@id":"https:\/\/www.kliinikum.ee\/harvikhaigused\/kolleegile\/kolleegile\/#breadcrumb","itemListElement":[{"@type":"ListItem","position":1,"name":"Home","item":"https:\/\/www.kliinikum.ee\/harvikhaigused\/"},{"@type":"ListItem","position":2,"name":"Kolleegile","item":"https:\/\/www.kliinikum.ee\/harvikhaigused\/kolleegile\/"},{"@type":"ListItem","position":3,"name":"Kolleegile"}]},{"@type":"WebSite","@id":"https:\/\/www.kliinikum.ee\/harvikhaigused\/#website","url":"https:\/\/www.kliinikum.ee\/harvikhaigused\/","name":"Harvikhaigused","description":"","potentialAction":[{"@type":"SearchAction","target":{"@type":"EntryPoint","urlTemplate":"https:\/\/www.kliinikum.ee\/harvikhaigused\/?s={search_term_string}"},"query-input":{"@type":"PropertyValueSpecification","valueRequired":true,"valueName":"search_term_string"}}],"inLanguage":"et"}]}},"coauthors":[],"author_meta":{"author_link":"https:\/\/www.kliinikum.ee\/harvikhaigused\/author\/kulli-kevvaikliinikum-ee\/","display_name":"Kulli.Kevvai@kliinikum.ee"},"relative_dates":{"created":"Posted 5 aastat ago","modified":"Updated 5 kuud ago"},"absolute_dates":{"created":"Posted on 18. okt. 2021","modified":"Updated on 17. dets. 2025"},"absolute_dates_time":{"created":"Posted on 18. okt. 2021 02:43","modified":"Updated on 17. dets. 2025 10:22"},"featured_img_caption":"","featured_img":false,"series_order":"","_links":{"self":[{"href":"https:\/\/www.kliinikum.ee\/harvikhaigused\/wp-json\/wp\/v2\/pages\/408","targetHints":{"allow":["GET"]}}],"collection":[{"href":"https:\/\/www.kliinikum.ee\/harvikhaigused\/wp-json\/wp\/v2\/pages"}],"about":[{"href":"https:\/\/www.kliinikum.ee\/harvikhaigused\/wp-json\/wp\/v2\/types\/page"}],"author":[{"embeddable":true,"href":"https:\/\/www.kliinikum.ee\/harvikhaigused\/wp-json\/wp\/v2\/users\/3"}],"replies":[{"embeddable":true,"href":"https:\/\/www.kliinikum.ee\/harvikhaigused\/wp-json\/wp\/v2\/comments?post=408"}],"version-history":[{"count":0,"href":"https:\/\/www.kliinikum.ee\/harvikhaigused\/wp-json\/wp\/v2\/pages\/408\/revisions"}],"up":[{"embeddable":true,"href":"https:\/\/www.kliinikum.ee\/harvikhaigused\/wp-json\/wp\/v2\/pages\/773"}],"wp:attachment":[{"href":"https:\/\/www.kliinikum.ee\/harvikhaigused\/wp-json\/wp\/v2\/media?parent=408"}],"curies":[{"name":"wp","href":"https:\/\/api.w.org\/{rel}","templated":true}]}}