{"id":414,"date":"2021-10-18T14:44:20","date_gmt":"2021-10-18T11:44:20","guid":{"rendered":"https:\/\/www.kliinikum.ee\/harvikhaigused\/?page_id=414"},"modified":"2025-01-03T10:57:29","modified_gmt":"2025-01-03T08:57:29","slug":"meie-partnerid","status":"publish","type":"page","link":"https:\/\/www.kliinikum.ee\/harvikhaigused\/meie-partnerid\/","title":{"rendered":"Meie partnerid"},"content":{"rendered":"\n<div class=\"wp-block-columns alignwide is-layout-flex wp-container-core-columns-is-layout-9d6595d7 wp-block-columns-is-layout-flex\">\n<div class=\"wp-block-column is-layout-flow wp-block-column-is-layout-flow\" style=\"flex-basis:50%\"><div class=\"wp-block-image\">\n<figure class=\"aligncenter size-full is-resized\"><img loading=\"lazy\" decoding=\"async\" width=\"368\" height=\"137\" src=\"https:\/\/www.kliinikum.ee\/harvikhaigused\/wp-content\/uploads\/2021\/11\/lastefond-logo.png\" alt=\"\" class=\"wp-image-554\" style=\"width:368px;height:auto\" \/><\/figure>\n<\/div><\/div>\n\n\n\n<div class=\"wp-block-column is-layout-flow wp-block-column-is-layout-flow\" style=\"flex-basis:50%\">\n<p class=\"wp-el\"><strong><a href=\"https:\/\/www.lastefond.ee\">Kliinikumi Lastefond<\/a><\/strong> on \u00fcks suurim ja vanim haiglate juurde loodud heategevusfond. Kahek\u00fcmne tegevusaasta jooksul on fond kogunud ligi 10 miljoni euro jagu annetusi ning aidanud 2000 last \u00fcle Eesti.&nbsp;<\/p>\n\n\n\n<p class=\"wp-el\">Lastefond on ulatanud abik\u00e4e peredele, kes vajavad abi oma lapse haruldasest haigusest tulenevate kulutuste katmisel. Nii on fond t\u00e4navu toetanud ja\/v\u00f5i toetamas pea pooltsada haruldase haigusega last.&nbsp;<\/p>\n\n\n\n<p class=\"wp-el\">Lastefond on kliinikumi harvikhaiguste keskuse \u00fcks idee algatajaid, meie toetaja ning igap\u00e4evane hea koost\u00f6\u00f6partner. <\/p>\n\n\n\n<p class=\"wp-el\">Lastefondi toel on saanud esimese kolme aasta jooksul kliinikumi harvikhaiguste keskuse kaudu sotsiaalvaldkondlikku abi 124 patsienti ja ps\u00fchholoogilist tuge 80 patsienti.<\/p>\n<\/div>\n<\/div>\n\n\n\n<hr class=\"wp-block-separator has-css-opacity\"\/>\n\n\n\n<div class=\"wp-block-columns is-layout-flex wp-container-core-columns-is-layout-9d6595d7 wp-block-columns-is-layout-flex\">\n<div class=\"wp-block-column is-layout-flow wp-block-column-is-layout-flow\">\n<figure class=\"wp-block-image size-large\"><img loading=\"lazy\" decoding=\"async\" width=\"1024\" height=\"576\" src=\"https:\/\/www.kliinikum.ee\/harvikhaigused\/wp-content\/uploads\/2024\/11\/ern-osalus-kliinikumis_uus-1024x576.png\" alt=\"\" class=\"wp-image-1904\" srcset=\"https:\/\/www.kliinikum.ee\/harvikhaigused\/wp-content\/uploads\/2024\/11\/ern-osalus-kliinikumis_uus-1024x576.png 1024w, https:\/\/www.kliinikum.ee\/harvikhaigused\/wp-content\/uploads\/2024\/11\/ern-osalus-kliinikumis_uus.png 1280w\" sizes=\"auto, (max-width: 1024px) 100vw, 1024px\" \/><\/figure>\n<\/div>\n\n\n\n<div class=\"wp-block-column is-layout-flow wp-block-column-is-layout-flow\">\n<p class=\"wp-el\">SA Tartu \u00dclikooli Kliinikumi osalus ERN v\u00f5rgustikes<\/p>\n\n\n\n<p class=\"wp-el\">Klikka v\u00f5rgustiku nimel<\/p>\n\n\n\n<ul class=\"wp-block-list wp-el\">\n<li><a href=\"https:\/\/www.kliinikum.ee\/harvikhaigused\/wp-content\/uploads\/2022\/03\/ern-genturis_kokkuvote_est.pdf\">ERN GENTURIS<\/a><\/li>\n\n\n\n<li><a href=\"https:\/\/www.kliinikum.ee\/harvikhaigused\/wp-content\/uploads\/2022\/03\/ern-eye-estonian_2.pdf\">ERN EYE<\/a><\/li>\n\n\n\n<li><a href=\"https:\/\/www.kliinikum.ee\/harvikhaigused\/wp-content\/uploads\/2022\/03\/ern_metabern.pdf\">MetabERN<\/a><\/li>\n<\/ul>\n<\/div>\n<\/div>\n\n\n\n<hr class=\"wp-block-separator has-css-opacity\"\/>\n\n\n\n<div class=\"wp-block-columns alignwide is-layout-flex wp-container-core-columns-is-layout-9d6595d7 wp-block-columns-is-layout-flex\">\n<div class=\"wp-block-column is-layout-flow wp-block-column-is-layout-flow\" style=\"flex-basis:50%\"><div class=\"wp-block-image\">\n<figure class=\"aligncenter is-resized\"><img loading=\"lazy\" decoding=\"async\" width=\"957\" height=\"452\" src=\"https:\/\/www.kliinikum.ee\/harvikhaigused\/wp-content\/uploads\/2024\/07\/logo-jardin-m.5.jpg\" alt=\"\" class=\"wp-image-1714\" style=\"width:532px;height:auto\" \/><\/figure>\n<\/div><\/div>\n\n\n\n<div class=\"wp-block-column is-layout-flow wp-block-column-is-layout-flow\" style=\"flex-basis:50%\">\n<p class=\"wp-el\"><a href=\"https:\/\/jardin-ern.eu\/\" target=\"_blank\" rel=\"noreferrer noopener\"><strong>Jardin projekt<\/strong><\/a>i eesm\u00e4rk on suurendada <a href=\"https:\/\/www.kliinikum.ee\/harvikhaigused\/ernide-tutvustus-esindajad-eestis\/\"><strong>ERN<\/strong><\/a>-ide (Euroopa Referentsv\u00f5rgustike) m\u00f5ju riiklikul tasandil, parandada haruldaste haigustega patsientide ja tervishoiut\u00f6\u00f6tajate juurdep\u00e4\u00e4su \u00f5igeaegsele diagnoosile ja asjakohasele ravile ning toetada ERN-s\u00fcsteemi pikaajalist j\u00e4tkusuutlikkust, panustades ERN-ide t\u00f5husasse integreerimisse riiklikesse tervishoius\u00fcsteemidesse (samas austades liikmesriikide autonoomiat selles osas). Seda saavutatakse terviseandmete kasutamise ja taaskasutamise tugevdamise, kvaliteetse, patsiendikeskse, tulemusp\u00f5hise tervishoiu k\u00e4ttesaadavuse parandamise ning liikmesriikide vahelise integreeritud t\u00f6\u00f6 toetamise kaudu.<\/p>\n\n\n\n<p class=\"wp-el\">P\u00f5hieesm\u00e4rk on tagada kavandatud meetmete ja rakenduste pikaajaline eluj\u00f5ulisus, mis tuleks l\u00f5ppkokkuv\u00f5ttes kaasata liikmesriikide haruldaste haiguste riiklikesse plaanidesse ja strateegiatesse. Tartu \u00dclikooli Kliinikum, harvikhaiguste kompetentsikeskuse meeskonnaga, on projekti riiklik esindaja.<\/p>\n<\/div>\n<\/div>\n\n\n\n<hr class=\"wp-block-separator has-alpha-channel-opacity\"\/>\n\n\n\n<div class=\"wp-block-columns is-layout-flex wp-container-core-columns-is-layout-9d6595d7 wp-block-columns-is-layout-flex\">\n<div class=\"wp-block-column is-vertically-aligned-center is-layout-flow wp-block-column-is-layout-flow\"><div class=\"wp-block-image\">\n<figure class=\"aligncenter size-full\"><img loading=\"lazy\" decoding=\"async\" width=\"378\" height=\"133\" src=\"https:\/\/www.kliinikum.ee\/harvikhaigused\/wp-content\/uploads\/2024\/12\/erdera_logo.png\" alt=\"\" class=\"wp-image-2024\" \/><\/figure>\n<\/div><\/div>\n\n\n\n<div class=\"wp-block-column is-layout-flow wp-block-column-is-layout-flow\">\n<p class=\"wp-el\"><a href=\"https:\/\/erdera.org\/\"><strong>ERDERA<\/strong><\/a>&nbsp;projekti kaudu soovitakse toetada teadusuuringuid uute ravi- ja diagnostikaviiside v\u00e4ljat\u00f6\u00f6tamiseks, kasutades \u00e4ra teadusandmeid, tehisintellekti potentsiaali ja digitaaltehnoloogiad. Sel eesm\u00e4rgil \u00fchendab&nbsp;ERDERA&nbsp;riiklikud ja piirkondlikud teadusstrateegiad, soodustab avaliku ja erasektori \u00fclemaailmset koost\u00f6\u00f6d ning kiirendab saadud teadmiste rakendamist patsientide heaks.<\/p>\n\n\n\n<p class=\"wp-el\">ERDERA rohkem kui 1400 spetsialistist koosnev meeskond panustab oma ekspertteadmistega prekliinilisse ja kliinilisse uurimist\u00f6\u00f6sse, ravimite v\u00e4ljat\u00f6\u00f6tamisse, diagnostikasse, biostatistikasse, andmeteadusesse, sotsiaal- ja humanitaarteadustesse ning patsientide kaasamisse ja haridusse. Soov on leida igale patsiendile koht harvikhaiguste kiirelt areneval maastikul sh t\u00e4hendab see patsientide n\u00f5usoleku korral nende kaasamist kliinilistesse katsetustesse ning raviv\u00f5imaluste k\u00e4ttesaadavuse \u00fchtlustamist rahvusest s\u00f5ltumata. Tartu \u00dclikool, T\u00dcK harvikhaiguste kompetentsikeskuse meeskonnaga, on projekti riiklik esindaja.<\/p>\n<\/div>\n<\/div>\n\n\n\n<p class=\"wp-el\"><\/p>\n","protected":false},"excerpt":{"rendered":"<p>Kliinikumi Lastefond on \u00fcks suurim ja vanim haiglate juurde loodud heategevusfond. Kahek\u00fcmne tegevusaasta jooksul on fond kogunud ligi 10 miljoni&#8230;<\/p>\n","protected":false},"author":3,"featured_media":0,"parent":0,"menu_order":0,"comment_status":"closed","ping_status":"closed","template":"","meta":{"_acf_changed":false,"inline_featured_image":false,"advgb_blocks_editor_width":"","advgb_blocks_columns_visual_guide":"","footnotes":"","_links_to":"","_links_to_target":""},"class_list":["post-414","page","type-page","status-publish","hentry"],"acf":[],"featured_image_src":null,"yoast_head":"<!-- This site is optimized with the Yoast SEO plugin v27.3 - https:\/\/yoast.com\/product\/yoast-seo-wordpress\/ -->\n<title>Meie partnerid - Harvikhaigused<\/title>\n<meta name=\"robots\" content=\"index, follow, max-snippet:-1, max-image-preview:large, max-video-preview:-1\" \/>\n<link rel=\"canonical\" href=\"https:\/\/www.kliinikum.ee\/harvikhaigused\/meie-partnerid\/\" \/>\n<meta property=\"og:locale\" content=\"et_EE\" \/>\n<meta property=\"og:type\" content=\"article\" \/>\n<meta property=\"og:title\" content=\"Meie partnerid - Harvikhaigused\" \/>\n<meta property=\"og:description\" content=\"Kliinikumi Lastefond on \u00fcks suurim ja vanim haiglate juurde loodud heategevusfond. Kahek\u00fcmne tegevusaasta jooksul on fond kogunud ligi 10 miljoni...\" \/>\n<meta property=\"og:url\" content=\"https:\/\/www.kliinikum.ee\/harvikhaigused\/meie-partnerid\/\" \/>\n<meta property=\"og:site_name\" content=\"Harvikhaigused\" \/>\n<meta property=\"article:modified_time\" content=\"2025-01-03T08:57:29+00:00\" \/>\n<meta property=\"og:image\" content=\"https:\/\/www.kliinikum.ee\/harvikhaigused\/wp-content\/uploads\/2021\/11\/lastefond-logo.png\" \/>\n\t<meta property=\"og:image:width\" content=\"368\" \/>\n\t<meta property=\"og:image:height\" content=\"137\" \/>\n\t<meta property=\"og:image:type\" content=\"image\/png\" \/>\n<meta name=\"twitter:card\" content=\"summary_large_image\" \/>\n<meta name=\"twitter:label1\" content=\"Est. reading time\" \/>\n\t<meta name=\"twitter:data1\" content=\"3 minutit\" \/>\n<script type=\"application\/ld+json\" class=\"yoast-schema-graph\">{\"@context\":\"https:\\\/\\\/schema.org\",\"@graph\":[{\"@type\":\"WebPage\",\"@id\":\"https:\\\/\\\/www.kliinikum.ee\\\/harvikhaigused\\\/meie-partnerid\\\/\",\"url\":\"https:\\\/\\\/www.kliinikum.ee\\\/harvikhaigused\\\/meie-partnerid\\\/\",\"name\":\"Meie partnerid - Harvikhaigused\",\"isPartOf\":{\"@id\":\"https:\\\/\\\/www.kliinikum.ee\\\/harvikhaigused\\\/#website\"},\"primaryImageOfPage\":{\"@id\":\"https:\\\/\\\/www.kliinikum.ee\\\/harvikhaigused\\\/meie-partnerid\\\/#primaryimage\"},\"image\":{\"@id\":\"https:\\\/\\\/www.kliinikum.ee\\\/harvikhaigused\\\/meie-partnerid\\\/#primaryimage\"},\"thumbnailUrl\":\"https:\\\/\\\/www.kliinikum.ee\\\/harvikhaigused\\\/wp-content\\\/uploads\\\/2021\\\/11\\\/lastefond-logo.png\",\"datePublished\":\"2021-10-18T11:44:20+00:00\",\"dateModified\":\"2025-01-03T08:57:29+00:00\",\"breadcrumb\":{\"@id\":\"https:\\\/\\\/www.kliinikum.ee\\\/harvikhaigused\\\/meie-partnerid\\\/#breadcrumb\"},\"inLanguage\":\"et\",\"potentialAction\":[{\"@type\":\"ReadAction\",\"target\":[\"https:\\\/\\\/www.kliinikum.ee\\\/harvikhaigused\\\/meie-partnerid\\\/\"]}]},{\"@type\":\"ImageObject\",\"inLanguage\":\"et\",\"@id\":\"https:\\\/\\\/www.kliinikum.ee\\\/harvikhaigused\\\/meie-partnerid\\\/#primaryimage\",\"url\":\"https:\\\/\\\/www.kliinikum.ee\\\/harvikhaigused\\\/wp-content\\\/uploads\\\/2021\\\/11\\\/lastefond-logo.png\",\"contentUrl\":\"https:\\\/\\\/www.kliinikum.ee\\\/harvikhaigused\\\/wp-content\\\/uploads\\\/2021\\\/11\\\/lastefond-logo.png\",\"width\":368,\"height\":137},{\"@type\":\"BreadcrumbList\",\"@id\":\"https:\\\/\\\/www.kliinikum.ee\\\/harvikhaigused\\\/meie-partnerid\\\/#breadcrumb\",\"itemListElement\":[{\"@type\":\"ListItem\",\"position\":1,\"name\":\"Home\",\"item\":\"https:\\\/\\\/www.kliinikum.ee\\\/harvikhaigused\\\/\"},{\"@type\":\"ListItem\",\"position\":2,\"name\":\"Meie partnerid\"}]},{\"@type\":\"WebSite\",\"@id\":\"https:\\\/\\\/www.kliinikum.ee\\\/harvikhaigused\\\/#website\",\"url\":\"https:\\\/\\\/www.kliinikum.ee\\\/harvikhaigused\\\/\",\"name\":\"Harvikhaigused\",\"description\":\"\",\"potentialAction\":[{\"@type\":\"SearchAction\",\"target\":{\"@type\":\"EntryPoint\",\"urlTemplate\":\"https:\\\/\\\/www.kliinikum.ee\\\/harvikhaigused\\\/?s={search_term_string}\"},\"query-input\":{\"@type\":\"PropertyValueSpecification\",\"valueRequired\":true,\"valueName\":\"search_term_string\"}}],\"inLanguage\":\"et\"}]}<\/script>\n<!-- \/ Yoast SEO plugin. -->","yoast_head_json":{"title":"Meie partnerid - Harvikhaigused","robots":{"index":"index","follow":"follow","max-snippet":"max-snippet:-1","max-image-preview":"max-image-preview:large","max-video-preview":"max-video-preview:-1"},"canonical":"https:\/\/www.kliinikum.ee\/harvikhaigused\/meie-partnerid\/","og_locale":"et_EE","og_type":"article","og_title":"Meie partnerid - Harvikhaigused","og_description":"Kliinikumi Lastefond on \u00fcks suurim ja vanim haiglate juurde loodud heategevusfond. Kahek\u00fcmne tegevusaasta jooksul on fond kogunud ligi 10 miljoni...","og_url":"https:\/\/www.kliinikum.ee\/harvikhaigused\/meie-partnerid\/","og_site_name":"Harvikhaigused","article_modified_time":"2025-01-03T08:57:29+00:00","og_image":[{"width":368,"height":137,"url":"https:\/\/www.kliinikum.ee\/harvikhaigused\/wp-content\/uploads\/2021\/11\/lastefond-logo.png","type":"image\/png"}],"twitter_card":"summary_large_image","twitter_misc":{"Est. reading time":"3 minutit"},"schema":{"@context":"https:\/\/schema.org","@graph":[{"@type":"WebPage","@id":"https:\/\/www.kliinikum.ee\/harvikhaigused\/meie-partnerid\/","url":"https:\/\/www.kliinikum.ee\/harvikhaigused\/meie-partnerid\/","name":"Meie partnerid - Harvikhaigused","isPartOf":{"@id":"https:\/\/www.kliinikum.ee\/harvikhaigused\/#website"},"primaryImageOfPage":{"@id":"https:\/\/www.kliinikum.ee\/harvikhaigused\/meie-partnerid\/#primaryimage"},"image":{"@id":"https:\/\/www.kliinikum.ee\/harvikhaigused\/meie-partnerid\/#primaryimage"},"thumbnailUrl":"https:\/\/www.kliinikum.ee\/harvikhaigused\/wp-content\/uploads\/2021\/11\/lastefond-logo.png","datePublished":"2021-10-18T11:44:20+00:00","dateModified":"2025-01-03T08:57:29+00:00","breadcrumb":{"@id":"https:\/\/www.kliinikum.ee\/harvikhaigused\/meie-partnerid\/#breadcrumb"},"inLanguage":"et","potentialAction":[{"@type":"ReadAction","target":["https:\/\/www.kliinikum.ee\/harvikhaigused\/meie-partnerid\/"]}]},{"@type":"ImageObject","inLanguage":"et","@id":"https:\/\/www.kliinikum.ee\/harvikhaigused\/meie-partnerid\/#primaryimage","url":"https:\/\/www.kliinikum.ee\/harvikhaigused\/wp-content\/uploads\/2021\/11\/lastefond-logo.png","contentUrl":"https:\/\/www.kliinikum.ee\/harvikhaigused\/wp-content\/uploads\/2021\/11\/lastefond-logo.png","width":368,"height":137},{"@type":"BreadcrumbList","@id":"https:\/\/www.kliinikum.ee\/harvikhaigused\/meie-partnerid\/#breadcrumb","itemListElement":[{"@type":"ListItem","position":1,"name":"Home","item":"https:\/\/www.kliinikum.ee\/harvikhaigused\/"},{"@type":"ListItem","position":2,"name":"Meie partnerid"}]},{"@type":"WebSite","@id":"https:\/\/www.kliinikum.ee\/harvikhaigused\/#website","url":"https:\/\/www.kliinikum.ee\/harvikhaigused\/","name":"Harvikhaigused","description":"","potentialAction":[{"@type":"SearchAction","target":{"@type":"EntryPoint","urlTemplate":"https:\/\/www.kliinikum.ee\/harvikhaigused\/?s={search_term_string}"},"query-input":{"@type":"PropertyValueSpecification","valueRequired":true,"valueName":"search_term_string"}}],"inLanguage":"et"}]}},"coauthors":[],"author_meta":{"author_link":"https:\/\/www.kliinikum.ee\/harvikhaigused\/author\/kulli-kevvaikliinikum-ee\/","display_name":"Kulli.Kevvai@kliinikum.ee"},"relative_dates":{"created":"Posted 5 aastat ago","modified":"Updated 1 aasta ago"},"absolute_dates":{"created":"Posted on 18. okt. 2021","modified":"Updated on 3. jaan. 2025"},"absolute_dates_time":{"created":"Posted on 18. okt. 2021 02:44","modified":"Updated on 3. jaan. 2025 10:57"},"featured_img_caption":"","featured_img":false,"series_order":"","_links":{"self":[{"href":"https:\/\/www.kliinikum.ee\/harvikhaigused\/wp-json\/wp\/v2\/pages\/414","targetHints":{"allow":["GET"]}}],"collection":[{"href":"https:\/\/www.kliinikum.ee\/harvikhaigused\/wp-json\/wp\/v2\/pages"}],"about":[{"href":"https:\/\/www.kliinikum.ee\/harvikhaigused\/wp-json\/wp\/v2\/types\/page"}],"author":[{"embeddable":true,"href":"https:\/\/www.kliinikum.ee\/harvikhaigused\/wp-json\/wp\/v2\/users\/3"}],"replies":[{"embeddable":true,"href":"https:\/\/www.kliinikum.ee\/harvikhaigused\/wp-json\/wp\/v2\/comments?post=414"}],"version-history":[{"count":0,"href":"https:\/\/www.kliinikum.ee\/harvikhaigused\/wp-json\/wp\/v2\/pages\/414\/revisions"}],"wp:attachment":[{"href":"https:\/\/www.kliinikum.ee\/harvikhaigused\/wp-json\/wp\/v2\/media?parent=414"}],"curies":[{"name":"wp","href":"https:\/\/api.w.org\/{rel}","templated":true}]}}