{"id":477,"date":"2021-10-28T09:07:09","date_gmt":"2021-10-28T06:07:09","guid":{"rendered":"https:\/\/www.kliinikum.ee\/harvikhaigused\/?page_id=477"},"modified":"2021-10-28T09:07:10","modified_gmt":"2021-10-28T06:07:10","slug":"vota-meiega-uhendust","status":"publish","type":"page","link":"https:\/\/www.kliinikum.ee\/harvikhaigused\/kontakt\/vota-meiega-uhendust\/","title":{"rendered":"V\u00f5ta meiega \u00fchendust"},"content":{"rendered":"<div class=\"everest-forms\"><div class=\"evf-container default\" id=\"evf-472\"><form id=\"evf-form-472\" class=\"everest-form\" data-formid=\"472\" data-ajax_submission=\"0\" data-keyboard_friendly_form=\"0\" data-form_state_type=\"\" method=\"post\" enctype=\"multipart\/form-data\" action=\"\/harvikhaigused\/wp-json\/wp\/v2\/pages\/477\"><div class=\"evf-title-container\"><div class=\"everest-forms--title\">V\u00f5ta meiega \u00fchendust<\/div><div class=\"everest-forms--description\">Harvikhaiguste kompetentsikeskus areneb koost\u00f6\u00f6s inimestega, kelle jaoks keskus on loodud ja kes keskuse arengusse panustavad. Sellest tulenevalt on iga tagasiside, ettepanek ja p\u00f6\u00f6rdumine meie jaoks v\u00e4ga olulise t\u00e4htsusega. Allj\u00e4rgneva ankeedi kaudu on v\u00f5imalik registreeruda n\u00f5ustamisele, k\u00fcsida harvikhaiguste kompetentsikeskusest informatsiooni, teha ettepanekuid aga ka anda anon\u00fc\u00fcmset tagasisidet. Soovi korral v\u00f5tame ise Teiega t\u00e4psustavalt \u00fchendust. *Ankeedi kaudu edastatud andmeid ei edastata kolmandatele osapooltele ning neid s\u00e4ilitatakse vaid statistilisel eesm\u00e4rgil.<\/div><\/div><div class=\"evf-field-container\"><input type=\"hidden\" id=\"_wpnonce472\" name=\"_wpnonce472\" value=\"50b75b6150\" \/><input type=\"hidden\" name=\"_wp_http_referer\" value=\"\/harvikhaigused\/wp-json\/wp\/v2\/pages\/477\" \/><div class=\"evf-frontend-row\" data-row=\"row_1\" conditional_rules=\"[]\"><div class=\"evf-frontend-grid evf-grid-1\" data-grid=\"grid_1\"><div id=\"evf-472-field_sOAJfxP1Lf-7-container\" class=\"evf-field evf-field-checkbox form-row\" data-field-id=\"sOAJfxP1Lf-7\"><label class=\"evf-field-label\" for=\"evf-472-field_sOAJfxP1Lf-7\"><span class=\"evf-label\">Palun valige valdkond, mis iseloomustab Teie p\u00f6\u00f6rdumist k\u00f5ige enam. Juhul kui soovite anda tagasisidet mitme valiku osas, siis palun valige \u00fcks valikvastus ning kirjeldage pikemalt j\u00e4rgmises k\u00fcsimuses.<\/span> <\/label><ul id=\"evf-472-field_sOAJfxP1Lf-7\"><li class=\"choice-4 depth-1\"><input type=\"checkbox\" id=\"evf-472-field_sOAJfxP1Lf-7_4\" class=\"input-text\" name=\"everest_forms[form_fields][sOAJfxP1Lf-7][]\" value=\"Registreeruda n\u00f5ustamisele.\"  ><label class=\"everest-forms-field-label-inline\" for=\"evf-472-field_sOAJfxP1Lf-7_4\">Registreeruda n\u00f5ustamisele.<\/label><\/li><li class=\"choice-3 depth-1\"><input type=\"checkbox\" id=\"evf-472-field_sOAJfxP1Lf-7_3\" class=\"input-text\" name=\"everest_forms[form_fields][sOAJfxP1Lf-7][]\" value=\"K\u00fcsida informatsiooni.\"  ><label class=\"everest-forms-field-label-inline\" for=\"evf-472-field_sOAJfxP1Lf-7_3\">K\u00fcsida informatsiooni.<\/label><\/li><li class=\"choice-2 depth-1\"><input type=\"checkbox\" id=\"evf-472-field_sOAJfxP1Lf-7_2\" class=\"input-text\" name=\"everest_forms[form_fields][sOAJfxP1Lf-7][]\" value=\"Soovitada kodulehek\u00fcljele info lisamist v\u00f5i selle muutmist.\"  ><label class=\"everest-forms-field-label-inline\" for=\"evf-472-field_sOAJfxP1Lf-7_2\">Soovitada kodulehek\u00fcljele info lisamist v\u00f5i selle muutmist.<\/label><\/li><\/ul><\/div><div id=\"evf-472-field_YalaPcQ0DO-4-container\" class=\"evf-field evf-field-textarea form-row\" data-field-id=\"YalaPcQ0DO-4\"><label class=\"evf-field-label\" for=\"evf-472-field_YalaPcQ0DO-4\"><span class=\"evf-label\">T\u00e4psustan oma soovi, ettepanekut v\u00f5i tagasisidet:<\/span> <\/label><textarea id=\"evf-472-field_YalaPcQ0DO-4\" class=\"input-text\" name=\"everest_forms[form_fields][YalaPcQ0DO-4]\"  ><\/textarea><\/div><div id=\"evf-472-field_aaAPgbB2of-9-container\" class=\"evf-field evf-field-radio form-row\" data-field-id=\"aaAPgbB2of-9\"><label class=\"evf-field-label\" for=\"evf-472-field_aaAPgbB2of-9\"><span class=\"evf-label\">Soovin, et minuga v\u00f5etakse \u00fchendust&#8230;<\/span> <\/label><ul id=\"evf-472-field_aaAPgbB2of-9\"><li class=\"choice-1 depth-1\"><input type=\"radio\" id=\"evf-472-field_aaAPgbB2of-9_1\" class=\"input-text\" name=\"everest_forms[form_fields][aaAPgbB2of-9]\" value=\"Telefonik\u00f5nega\"  ><label class=\"everest-forms-field-label-inline\" for=\"evf-472-field_aaAPgbB2of-9_1\">Telefonik\u00f5nega<\/label><\/li><li class=\"choice-2 depth-1\"><input type=\"radio\" id=\"evf-472-field_aaAPgbB2of-9_2\" class=\"input-text\" name=\"everest_forms[form_fields][aaAPgbB2of-9]\" value=\"E-kirjaga\"  ><label class=\"everest-forms-field-label-inline\" for=\"evf-472-field_aaAPgbB2of-9_2\">E-kirjaga<\/label><\/li><li class=\"choice-3 depth-1\"><input type=\"radio\" id=\"evf-472-field_aaAPgbB2of-9_3\" class=\"input-text\" name=\"everest_forms[form_fields][aaAPgbB2of-9]\" value=\"Ei soovi kontakteerumist\"  ><label class=\"everest-forms-field-label-inline\" for=\"evf-472-field_aaAPgbB2of-9_3\">Ei soovi kontakteerumist<\/label><\/li><\/ul><\/div><div id=\"evf-472-field_lVizlNhYus-1-container\" class=\"evf-field evf-field-text form-row\" data-field-id=\"lVizlNhYus-1\"><label class=\"evf-field-label\" for=\"evf-472-field_lVizlNhYus-1\"><span class=\"evf-label\">Minu ees- ja perekonnanimi:<\/span> <\/label><input type=\"text\" id=\"evf-472-field_lVizlNhYus-1\" class=\"input-text\" name=\"everest_forms[form_fields][lVizlNhYus-1]\" ><div class=\"evf-field-description\">NB! Kui soovisite j\u00e4\u00e4da anon\u00fc\u00fcmseks, siis ei ole vajalik sellele k\u00fcsimusele vastata.<\/div><\/div><div id=\"evf-472-field_xJivsqAS2c-2-container\" class=\"evf-field evf-field-text form-row\" data-field-id=\"xJivsqAS2c-2\"><label class=\"evf-field-label\" for=\"evf-472-field_xJivsqAS2c-2\"><span class=\"evf-label\">Minu kontaktandmed:<\/span> <\/label><input type=\"text\" id=\"evf-472-field_xJivsqAS2c-2\" class=\"input-text\" name=\"everest_forms[form_fields][xJivsqAS2c-2]\" ><div class=\"evf-field-description\">Palun kirjutage oma kontaktandmed, mille kaudu Teiega v\u00f5etakse soovi korral \u00fchendust. NB! Kui soovisite j\u00e4\u00e4da anon\u00fc\u00fcmseks, siis ei ole vajalik sellele k\u00fcsimusele vastata.<\/div><\/div><\/div><\/div><\/div><div class=\"evf-honeypot-container evf-field-hp\"><label for=\"evf-472-field-hp\" class=\"evf-field-label\">Message<\/label><input type=\"text\" name=\"everest_forms[hp]\" id=\"evf-472-field-hp\" class=\"input-text\"><\/div><div class=\"evf-submit-container \" ><input type=\"hidden\" name=\"everest_forms[id]\" value=\"472\"><input type=\"hidden\" name=\"everest_forms[author]\" value=\"3\"><button type='submit' name='everest_forms[submit]' class='everest-forms-submit-button button evf-submit ' id='evf-submit-472' value='evf-submit' data-process-text=\"Toimetan\u2026\" conditional_rules='&quot;&quot;' conditional_id='evf-submit-472'  id=\"evf-submit-472\" aria-live=\"assertive\">Saada<\/button><\/div><\/form><\/div><!-- .evf-container --><\/div>","protected":false},"excerpt":{"rendered":"","protected":false},"author":3,"featured_media":0,"parent":410,"menu_order":10,"comment_status":"closed","ping_status":"closed","template":"","meta":{"_acf_changed":false,"inline_featured_image":false,"advgb_blocks_editor_width":"","advgb_blocks_columns_visual_guide":"","footnotes":"","_links_to":"","_links_to_target":""},"class_list":["post-477","page","type-page","status-publish","hentry"],"acf":[],"featured_image_src":null,"yoast_head":"<!-- This site is optimized with the Yoast SEO plugin v27.3 - https:\/\/yoast.com\/product\/yoast-seo-wordpress\/ -->\n<title>V\u00f5ta meiega \u00fchendust - Harvikhaigused<\/title>\n<meta name=\"robots\" content=\"index, follow, max-snippet:-1, max-image-preview:large, max-video-preview:-1\" \/>\n<link rel=\"canonical\" href=\"https:\/\/www.kliinikum.ee\/harvikhaigused\/kontakt\/vota-meiega-uhendust\/\" \/>\n<meta property=\"og:locale\" content=\"et_EE\" \/>\n<meta property=\"og:type\" content=\"article\" \/>\n<meta property=\"og:title\" content=\"V\u00f5ta meiega \u00fchendust - Harvikhaigused\" \/>\n<meta property=\"og:url\" content=\"https:\/\/www.kliinikum.ee\/harvikhaigused\/kontakt\/vota-meiega-uhendust\/\" \/>\n<meta property=\"og:site_name\" content=\"Harvikhaigused\" \/>\n<meta property=\"article:modified_time\" content=\"2021-10-28T06:07:10+00:00\" \/>\n<meta name=\"twitter:card\" content=\"summary_large_image\" \/>\n<script type=\"application\/ld+json\" class=\"yoast-schema-graph\">{\"@context\":\"https:\\\/\\\/schema.org\",\"@graph\":[{\"@type\":\"WebPage\",\"@id\":\"https:\\\/\\\/www.kliinikum.ee\\\/harvikhaigused\\\/kontakt\\\/vota-meiega-uhendust\\\/\",\"url\":\"https:\\\/\\\/www.kliinikum.ee\\\/harvikhaigused\\\/kontakt\\\/vota-meiega-uhendust\\\/\",\"name\":\"V\u00f5ta meiega \u00fchendust - Harvikhaigused\",\"isPartOf\":{\"@id\":\"https:\\\/\\\/www.kliinikum.ee\\\/harvikhaigused\\\/#website\"},\"datePublished\":\"2021-10-28T06:07:09+00:00\",\"dateModified\":\"2021-10-28T06:07:10+00:00\",\"breadcrumb\":{\"@id\":\"https:\\\/\\\/www.kliinikum.ee\\\/harvikhaigused\\\/kontakt\\\/vota-meiega-uhendust\\\/#breadcrumb\"},\"inLanguage\":\"et\",\"potentialAction\":[{\"@type\":\"ReadAction\",\"target\":[\"https:\\\/\\\/www.kliinikum.ee\\\/harvikhaigused\\\/kontakt\\\/vota-meiega-uhendust\\\/\"]}]},{\"@type\":\"BreadcrumbList\",\"@id\":\"https:\\\/\\\/www.kliinikum.ee\\\/harvikhaigused\\\/kontakt\\\/vota-meiega-uhendust\\\/#breadcrumb\",\"itemListElement\":[{\"@type\":\"ListItem\",\"position\":1,\"name\":\"Home\",\"item\":\"https:\\\/\\\/www.kliinikum.ee\\\/harvikhaigused\\\/\"},{\"@type\":\"ListItem\",\"position\":2,\"name\":\"Kontakt\",\"item\":\"https:\\\/\\\/www.kliinikum.ee\\\/harvikhaigused\\\/kontakt\\\/\"},{\"@type\":\"ListItem\",\"position\":3,\"name\":\"V\u0106\u00b5ta meiega \u0106\u00bchendust\"}]},{\"@type\":\"WebSite\",\"@id\":\"https:\\\/\\\/www.kliinikum.ee\\\/harvikhaigused\\\/#website\",\"url\":\"https:\\\/\\\/www.kliinikum.ee\\\/harvikhaigused\\\/\",\"name\":\"Harvikhaigused\",\"description\":\"\",\"potentialAction\":[{\"@type\":\"SearchAction\",\"target\":{\"@type\":\"EntryPoint\",\"urlTemplate\":\"https:\\\/\\\/www.kliinikum.ee\\\/harvikhaigused\\\/?s={search_term_string}\"},\"query-input\":{\"@type\":\"PropertyValueSpecification\",\"valueRequired\":true,\"valueName\":\"search_term_string\"}}],\"inLanguage\":\"et\"}]}<\/script>\n<!-- \/ Yoast SEO plugin. -->","yoast_head_json":{"title":"V\u00f5ta meiega \u00fchendust - Harvikhaigused","robots":{"index":"index","follow":"follow","max-snippet":"max-snippet:-1","max-image-preview":"max-image-preview:large","max-video-preview":"max-video-preview:-1"},"canonical":"https:\/\/www.kliinikum.ee\/harvikhaigused\/kontakt\/vota-meiega-uhendust\/","og_locale":"et_EE","og_type":"article","og_title":"V\u00f5ta meiega \u00fchendust - Harvikhaigused","og_url":"https:\/\/www.kliinikum.ee\/harvikhaigused\/kontakt\/vota-meiega-uhendust\/","og_site_name":"Harvikhaigused","article_modified_time":"2021-10-28T06:07:10+00:00","twitter_card":"summary_large_image","schema":{"@context":"https:\/\/schema.org","@graph":[{"@type":"WebPage","@id":"https:\/\/www.kliinikum.ee\/harvikhaigused\/kontakt\/vota-meiega-uhendust\/","url":"https:\/\/www.kliinikum.ee\/harvikhaigused\/kontakt\/vota-meiega-uhendust\/","name":"V\u00f5ta meiega \u00fchendust - Harvikhaigused","isPartOf":{"@id":"https:\/\/www.kliinikum.ee\/harvikhaigused\/#website"},"datePublished":"2021-10-28T06:07:09+00:00","dateModified":"2021-10-28T06:07:10+00:00","breadcrumb":{"@id":"https:\/\/www.kliinikum.ee\/harvikhaigused\/kontakt\/vota-meiega-uhendust\/#breadcrumb"},"inLanguage":"et","potentialAction":[{"@type":"ReadAction","target":["https:\/\/www.kliinikum.ee\/harvikhaigused\/kontakt\/vota-meiega-uhendust\/"]}]},{"@type":"BreadcrumbList","@id":"https:\/\/www.kliinikum.ee\/harvikhaigused\/kontakt\/vota-meiega-uhendust\/#breadcrumb","itemListElement":[{"@type":"ListItem","position":1,"name":"Home","item":"https:\/\/www.kliinikum.ee\/harvikhaigused\/"},{"@type":"ListItem","position":2,"name":"Kontakt","item":"https:\/\/www.kliinikum.ee\/harvikhaigused\/kontakt\/"},{"@type":"ListItem","position":3,"name":"V\u0106\u00b5ta meiega \u0106\u00bchendust"}]},{"@type":"WebSite","@id":"https:\/\/www.kliinikum.ee\/harvikhaigused\/#website","url":"https:\/\/www.kliinikum.ee\/harvikhaigused\/","name":"Harvikhaigused","description":"","potentialAction":[{"@type":"SearchAction","target":{"@type":"EntryPoint","urlTemplate":"https:\/\/www.kliinikum.ee\/harvikhaigused\/?s={search_term_string}"},"query-input":{"@type":"PropertyValueSpecification","valueRequired":true,"valueName":"search_term_string"}}],"inLanguage":"et"}]}},"coauthors":[],"author_meta":{"author_link":"https:\/\/www.kliinikum.ee\/harvikhaigused\/author\/kulli-kevvaikliinikum-ee\/","display_name":"Kulli.Kevvai@kliinikum.ee"},"relative_dates":{"created":"Posted 5 aastat ago","modified":"Updated 5 aastat ago"},"absolute_dates":{"created":"Posted on 28. okt. 2021","modified":"Updated on 28. okt. 2021"},"absolute_dates_time":{"created":"Posted on 28. okt. 2021 09:07","modified":"Updated on 28. okt. 2021 09:07"},"featured_img_caption":"","featured_img":false,"series_order":"","_links":{"self":[{"href":"https:\/\/www.kliinikum.ee\/harvikhaigused\/wp-json\/wp\/v2\/pages\/477","targetHints":{"allow":["GET"]}}],"collection":[{"href":"https:\/\/www.kliinikum.ee\/harvikhaigused\/wp-json\/wp\/v2\/pages"}],"about":[{"href":"https:\/\/www.kliinikum.ee\/harvikhaigused\/wp-json\/wp\/v2\/types\/page"}],"author":[{"embeddable":true,"href":"https:\/\/www.kliinikum.ee\/harvikhaigused\/wp-json\/wp\/v2\/users\/3"}],"replies":[{"embeddable":true,"href":"https:\/\/www.kliinikum.ee\/harvikhaigused\/wp-json\/wp\/v2\/comments?post=477"}],"version-history":[{"count":0,"href":"https:\/\/www.kliinikum.ee\/harvikhaigused\/wp-json\/wp\/v2\/pages\/477\/revisions"}],"up":[{"embeddable":true,"href":"https:\/\/www.kliinikum.ee\/harvikhaigused\/wp-json\/wp\/v2\/pages\/410"}],"wp:attachment":[{"href":"https:\/\/www.kliinikum.ee\/harvikhaigused\/wp-json\/wp\/v2\/media?parent=477"}],"curies":[{"name":"wp","href":"https:\/\/api.w.org\/{rel}","templated":true}]}}