{"id":708,"date":"2021-11-29T09:29:24","date_gmt":"2021-11-29T07:29:24","guid":{"rendered":"https:\/\/www.kliinikum.ee\/harvikhaigused\/?page_id=708"},"modified":"2024-12-05T16:37:22","modified_gmt":"2024-12-05T14:37:22","slug":"mis-on-kliinikumi-harvikhaiguste-kompetentsikeskus","status":"publish","type":"page","link":"https:\/\/www.kliinikum.ee\/harvikhaigused\/tutvustus\/mis-on-kliinikumi-harvikhaiguste-kompetentsikeskus\/","title":{"rendered":"Mis on Kliinikumi harvikhaiguste kompetentsikeskus?"},"content":{"rendered":"\n<p class=\"wp-el\">Tartu \u00dclikooli Kliinikumi harvikhaiguste kompetentsikeskus tegeleb haruldaste haiguste ehk harvikhaiguste diagnoosimise, j\u00e4lgimise ja raviga. Meie keskuse eesm\u00e4rk on koondada harvikhaiguste valdkonnas Kliinikumi parim multidistsiplinaarne kompetents. Teeme haruldaste haiguste diagnoosimisel ja ravis koost\u00f6\u00f6d nii riiklikul kui rahvusvahelisel tasandil.&nbsp;<\/p>\n\n\n\n<p class=\"wp-el\">Konsultatsioonil selgitame v\u00e4lja sobivaima ravi- ja rehabilitatsioonivormid ning v\u00f5imalusel meetodid s\u00fcmptomite leevendamiseks.&nbsp;<\/p>\n\n\n\n<p class=\"wp-el\">Lisaks on keskuse eesm\u00e4rk aidata kaasa teadust\u00f6\u00f6le, mille eesm\u00e4rk on s\u00fcvendada teadmisi haigustest ning t\u00f5hustada diagnoosimisv\u00f5imalusi, hooldust ja ravi harvikhaigustega patsientidele.<\/p>\n\n\n\n<p class=\"wp-el\">Meie keskuses t\u00f6\u00f6tab sotsiaalt\u00f6\u00f6 ja kliiniline koordinaator ja meditsiini\u00f5de, kelle \u00fclesanne on aidata harvikhaigusega patsiendil ja tema pereliikmeil leida parim tee tervisemuredega toimetulekuks.<\/p>\n\n\n\n<p class=\"wp-el\"><strong>Harvikhaiguste kompetentsikeskuse (HHKK) \u00fclesanded ja tegevuse ulatus<\/strong><\/p>\n\n\n\n<ol class=\"wp-block-list wp-el\">\n<li>&nbsp; Tegeleb haiguste v\u00f5i haigusseisunditega, mille puhul on diagnoosimise keerukuse t\u00f5ttu vaja erit\u00e4helepanu.<\/li>\n\n\n\n<li>&nbsp; On oskusteavet omav asutus, mis tegeleb harvikhaigusi p\u00f5devate patsientidega ja korraldab nende ravi kindlaksm\u00e4\u00e4ratud piirkonnas.<\/li>\n\n\n\n<li>&nbsp; Tegevus h\u00f5lmab k\u00f5ikide harvikhaigusi p\u00f5devate patsientide vajadusi.<\/li>\n\n\n\n<li>\u00a0 On v\u00f5imalik taotleda ps\u00fchholoogilist tuge nii patsiendile kui tema l\u00e4hedastele ning saada abi sotsiaalvaldkonnas.<\/li>\n\n\n\n<li>&nbsp; \u00dchendab ja koordineerib multidistsiplinaarseid teadmisi ja oskusi konkreetses tervishoiuasutuses (antud juhul Kliinikumis).<\/li>\n\n\n\n<li>&nbsp; Omab sidemed spetsialiseerunud laborite ja muude diagnostika asutustega.<\/li>\n\n\n\n<li>&nbsp; Koost\u00f6\u00f6s patsientide organisatsioonide koguda teavet, mis vastab konkreetsete vajadustega patsientide ja nende perede vajadustele.<\/li>\n\n\n\n<li>&nbsp; Aitab kaasa teadust\u00f6\u00f6le, mille eesm\u00e4rk on s\u00fcvendada teadmisi haigustest ning t\u00f5hustada diagnoosimisv\u00f5imalusi, hooldust ja ravi.<\/li>\n\n\n\n<li>&nbsp; Teeb koost\u00f6\u00f6d Euroopa tasandil (ERN- <em>European Reference Network<\/em>).<\/li>\n<\/ol>\n","protected":false},"excerpt":{"rendered":"<p>Tartu \u00dclikooli Kliinikumi harvikhaiguste kompetentsikeskus tegeleb haruldaste haiguste ehk harvikhaiguste diagnoosimise, j\u00e4lgimise ja raviga. Meie keskuse eesm\u00e4rk on koondada harvikhaiguste&#8230;<\/p>\n","protected":false},"author":3,"featured_media":0,"parent":402,"menu_order":20,"comment_status":"closed","ping_status":"closed","template":"","meta":{"_acf_changed":false,"inline_featured_image":false,"advgb_blocks_editor_width":"","advgb_blocks_columns_visual_guide":"","footnotes":"","_links_to":"","_links_to_target":""},"class_list":["post-708","page","type-page","status-publish","hentry"],"acf":[],"featured_image_src":null,"yoast_head":"<!-- This site is optimized with the Yoast SEO plugin v27.3 - https:\/\/yoast.com\/product\/yoast-seo-wordpress\/ -->\n<title>Mis on Kliinikumi harvikhaiguste kompetentsikeskus? - Harvikhaigused<\/title>\n<meta name=\"robots\" content=\"index, follow, max-snippet:-1, max-image-preview:large, max-video-preview:-1\" \/>\n<link rel=\"canonical\" href=\"https:\/\/www.kliinikum.ee\/harvikhaigused\/tutvustus\/mis-on-kliinikumi-harvikhaiguste-kompetentsikeskus\/\" \/>\n<meta property=\"og:locale\" content=\"et_EE\" \/>\n<meta property=\"og:type\" content=\"article\" \/>\n<meta property=\"og:title\" content=\"Mis on Kliinikumi harvikhaiguste kompetentsikeskus? - Harvikhaigused\" \/>\n<meta property=\"og:description\" content=\"Tartu \u00dclikooli Kliinikumi harvikhaiguste kompetentsikeskus tegeleb haruldaste haiguste ehk harvikhaiguste diagnoosimise, j\u00e4lgimise ja raviga. Meie keskuse eesm\u00e4rk on koondada harvikhaiguste...\" \/>\n<meta property=\"og:url\" content=\"https:\/\/www.kliinikum.ee\/harvikhaigused\/tutvustus\/mis-on-kliinikumi-harvikhaiguste-kompetentsikeskus\/\" \/>\n<meta property=\"og:site_name\" content=\"Harvikhaigused\" \/>\n<meta property=\"article:modified_time\" content=\"2024-12-05T14:37:22+00:00\" \/>\n<meta name=\"twitter:card\" content=\"summary_large_image\" \/>\n<meta name=\"twitter:label1\" content=\"Est. reading time\" \/>\n\t<meta name=\"twitter:data1\" content=\"2 minutit\" \/>\n<script type=\"application\/ld+json\" class=\"yoast-schema-graph\">{\"@context\":\"https:\\\/\\\/schema.org\",\"@graph\":[{\"@type\":\"WebPage\",\"@id\":\"https:\\\/\\\/www.kliinikum.ee\\\/harvikhaigused\\\/tutvustus\\\/mis-on-kliinikumi-harvikhaiguste-kompetentsikeskus\\\/\",\"url\":\"https:\\\/\\\/www.kliinikum.ee\\\/harvikhaigused\\\/tutvustus\\\/mis-on-kliinikumi-harvikhaiguste-kompetentsikeskus\\\/\",\"name\":\"Mis on Kliinikumi harvikhaiguste kompetentsikeskus? - Harvikhaigused\",\"isPartOf\":{\"@id\":\"https:\\\/\\\/www.kliinikum.ee\\\/harvikhaigused\\\/#website\"},\"datePublished\":\"2021-11-29T07:29:24+00:00\",\"dateModified\":\"2024-12-05T14:37:22+00:00\",\"breadcrumb\":{\"@id\":\"https:\\\/\\\/www.kliinikum.ee\\\/harvikhaigused\\\/tutvustus\\\/mis-on-kliinikumi-harvikhaiguste-kompetentsikeskus\\\/#breadcrumb\"},\"inLanguage\":\"et\",\"potentialAction\":[{\"@type\":\"ReadAction\",\"target\":[\"https:\\\/\\\/www.kliinikum.ee\\\/harvikhaigused\\\/tutvustus\\\/mis-on-kliinikumi-harvikhaiguste-kompetentsikeskus\\\/\"]}]},{\"@type\":\"BreadcrumbList\",\"@id\":\"https:\\\/\\\/www.kliinikum.ee\\\/harvikhaigused\\\/tutvustus\\\/mis-on-kliinikumi-harvikhaiguste-kompetentsikeskus\\\/#breadcrumb\",\"itemListElement\":[{\"@type\":\"ListItem\",\"position\":1,\"name\":\"Home\",\"item\":\"https:\\\/\\\/www.kliinikum.ee\\\/harvikhaigused\\\/\"},{\"@type\":\"ListItem\",\"position\":2,\"name\":\"Tutvustus\",\"item\":\"https:\\\/\\\/www.kliinikum.ee\\\/harvikhaigused\\\/tutvustus\\\/\"},{\"@type\":\"ListItem\",\"position\":3,\"name\":\"Mis on Kliinikumi harvikhaiguste kompetentsikeskus?\"}]},{\"@type\":\"WebSite\",\"@id\":\"https:\\\/\\\/www.kliinikum.ee\\\/harvikhaigused\\\/#website\",\"url\":\"https:\\\/\\\/www.kliinikum.ee\\\/harvikhaigused\\\/\",\"name\":\"Harvikhaigused\",\"description\":\"\",\"potentialAction\":[{\"@type\":\"SearchAction\",\"target\":{\"@type\":\"EntryPoint\",\"urlTemplate\":\"https:\\\/\\\/www.kliinikum.ee\\\/harvikhaigused\\\/?s={search_term_string}\"},\"query-input\":{\"@type\":\"PropertyValueSpecification\",\"valueRequired\":true,\"valueName\":\"search_term_string\"}}],\"inLanguage\":\"et\"}]}<\/script>\n<!-- \/ Yoast SEO plugin. -->","yoast_head_json":{"title":"Mis on Kliinikumi harvikhaiguste kompetentsikeskus? - Harvikhaigused","robots":{"index":"index","follow":"follow","max-snippet":"max-snippet:-1","max-image-preview":"max-image-preview:large","max-video-preview":"max-video-preview:-1"},"canonical":"https:\/\/www.kliinikum.ee\/harvikhaigused\/tutvustus\/mis-on-kliinikumi-harvikhaiguste-kompetentsikeskus\/","og_locale":"et_EE","og_type":"article","og_title":"Mis on Kliinikumi harvikhaiguste kompetentsikeskus? - Harvikhaigused","og_description":"Tartu \u00dclikooli Kliinikumi harvikhaiguste kompetentsikeskus tegeleb haruldaste haiguste ehk harvikhaiguste diagnoosimise, j\u00e4lgimise ja raviga. Meie keskuse eesm\u00e4rk on koondada harvikhaiguste...","og_url":"https:\/\/www.kliinikum.ee\/harvikhaigused\/tutvustus\/mis-on-kliinikumi-harvikhaiguste-kompetentsikeskus\/","og_site_name":"Harvikhaigused","article_modified_time":"2024-12-05T14:37:22+00:00","twitter_card":"summary_large_image","twitter_misc":{"Est. reading time":"2 minutit"},"schema":{"@context":"https:\/\/schema.org","@graph":[{"@type":"WebPage","@id":"https:\/\/www.kliinikum.ee\/harvikhaigused\/tutvustus\/mis-on-kliinikumi-harvikhaiguste-kompetentsikeskus\/","url":"https:\/\/www.kliinikum.ee\/harvikhaigused\/tutvustus\/mis-on-kliinikumi-harvikhaiguste-kompetentsikeskus\/","name":"Mis on Kliinikumi harvikhaiguste kompetentsikeskus? - Harvikhaigused","isPartOf":{"@id":"https:\/\/www.kliinikum.ee\/harvikhaigused\/#website"},"datePublished":"2021-11-29T07:29:24+00:00","dateModified":"2024-12-05T14:37:22+00:00","breadcrumb":{"@id":"https:\/\/www.kliinikum.ee\/harvikhaigused\/tutvustus\/mis-on-kliinikumi-harvikhaiguste-kompetentsikeskus\/#breadcrumb"},"inLanguage":"et","potentialAction":[{"@type":"ReadAction","target":["https:\/\/www.kliinikum.ee\/harvikhaigused\/tutvustus\/mis-on-kliinikumi-harvikhaiguste-kompetentsikeskus\/"]}]},{"@type":"BreadcrumbList","@id":"https:\/\/www.kliinikum.ee\/harvikhaigused\/tutvustus\/mis-on-kliinikumi-harvikhaiguste-kompetentsikeskus\/#breadcrumb","itemListElement":[{"@type":"ListItem","position":1,"name":"Home","item":"https:\/\/www.kliinikum.ee\/harvikhaigused\/"},{"@type":"ListItem","position":2,"name":"Tutvustus","item":"https:\/\/www.kliinikum.ee\/harvikhaigused\/tutvustus\/"},{"@type":"ListItem","position":3,"name":"Mis on Kliinikumi harvikhaiguste kompetentsikeskus?"}]},{"@type":"WebSite","@id":"https:\/\/www.kliinikum.ee\/harvikhaigused\/#website","url":"https:\/\/www.kliinikum.ee\/harvikhaigused\/","name":"Harvikhaigused","description":"","potentialAction":[{"@type":"SearchAction","target":{"@type":"EntryPoint","urlTemplate":"https:\/\/www.kliinikum.ee\/harvikhaigused\/?s={search_term_string}"},"query-input":{"@type":"PropertyValueSpecification","valueRequired":true,"valueName":"search_term_string"}}],"inLanguage":"et"}]}},"coauthors":[],"author_meta":{"author_link":"https:\/\/www.kliinikum.ee\/harvikhaigused\/author\/kulli-kevvaikliinikum-ee\/","display_name":"Kulli.Kevvai@kliinikum.ee"},"relative_dates":{"created":"Posted 4 aastat ago","modified":"Updated 1 aasta ago"},"absolute_dates":{"created":"Posted on 29. nov. 2021","modified":"Updated on 5. dets. 2024"},"absolute_dates_time":{"created":"Posted on 29. nov. 2021 09:29","modified":"Updated on 5. dets. 2024 04:37"},"featured_img_caption":"","featured_img":false,"series_order":"","_links":{"self":[{"href":"https:\/\/www.kliinikum.ee\/harvikhaigused\/wp-json\/wp\/v2\/pages\/708","targetHints":{"allow":["GET"]}}],"collection":[{"href":"https:\/\/www.kliinikum.ee\/harvikhaigused\/wp-json\/wp\/v2\/pages"}],"about":[{"href":"https:\/\/www.kliinikum.ee\/harvikhaigused\/wp-json\/wp\/v2\/types\/page"}],"author":[{"embeddable":true,"href":"https:\/\/www.kliinikum.ee\/harvikhaigused\/wp-json\/wp\/v2\/users\/3"}],"replies":[{"embeddable":true,"href":"https:\/\/www.kliinikum.ee\/harvikhaigused\/wp-json\/wp\/v2\/comments?post=708"}],"version-history":[{"count":0,"href":"https:\/\/www.kliinikum.ee\/harvikhaigused\/wp-json\/wp\/v2\/pages\/708\/revisions"}],"up":[{"embeddable":true,"href":"https:\/\/www.kliinikum.ee\/harvikhaigused\/wp-json\/wp\/v2\/pages\/402"}],"wp:attachment":[{"href":"https:\/\/www.kliinikum.ee\/harvikhaigused\/wp-json\/wp\/v2\/media?parent=708"}],"curies":[{"name":"wp","href":"https:\/\/api.w.org\/{rel}","templated":true}]}}