{"id":4597,"date":"2022-11-14T09:23:53","date_gmt":"2022-11-14T07:23:53","guid":{"rendered":"https:\/\/kliinikum.ee\/ho\/main-page\/"},"modified":"2023-10-10T10:43:25","modified_gmt":"2023-10-10T08:43:25","slug":"main-page","status":"publish","type":"page","link":"https:\/\/www.kliinikum.ee\/ho\/en\/","title":{"rendered":"Main page"},"content":{"rendered":"","protected":false},"excerpt":{"rendered":"","protected":false},"author":1,"featured_media":0,"parent":0,"menu_order":0,"comment_status":"closed","ping_status":"closed","template":"","meta":{"_acf_changed":false,"_uag_custom_page_level_css":"","footnotes":""},"class_list":["post-4597","page","type-page","status-publish","hentry"],"acf":[],"yoast_head":"<!-- This site is optimized with the Yoast SEO plugin v27.4 - https:\/\/yoast.com\/product\/yoast-seo-wordpress\/ -->\n<title>Main page - Hematoloogia-onkoloogia kliinik<\/title>\n<meta name=\"robots\" content=\"index, follow, max-snippet:-1, max-image-preview:large, max-video-preview:-1\" \/>\n<link rel=\"canonical\" href=\"https:\/\/www.kliinikum.ee\/ho\/en\/\" \/>\n<meta property=\"og:locale\" content=\"en_US\" \/>\n<meta property=\"og:type\" content=\"article\" \/>\n<meta property=\"og:title\" content=\"Main page - Hematoloogia-onkoloogia kliinik\" \/>\n<meta property=\"og:url\" content=\"https:\/\/www.kliinikum.ee\/ho\/en\/\" \/>\n<meta property=\"og:site_name\" content=\"Hematoloogia-onkoloogia kliinik\" \/>\n<meta property=\"article:modified_time\" content=\"2023-10-10T08:43:25+00:00\" \/>\n<meta name=\"twitter:card\" content=\"summary_large_image\" \/>\n<script type=\"application\/ld+json\" class=\"yoast-schema-graph\">{\"@context\":\"https:\\\/\\\/schema.org\",\"@graph\":[{\"@type\":\"WebPage\",\"@id\":\"https:\\\/\\\/www.kliinikum.ee\\\/ho\\\/en\\\/\",\"url\":\"https:\\\/\\\/www.kliinikum.ee\\\/ho\\\/en\\\/\",\"name\":\"Main page - Hematoloogia-onkoloogia kliinik\",\"isPartOf\":{\"@id\":\"https:\\\/\\\/www.kliinikum.ee\\\/ho\\\/en\\\/#website\"},\"datePublished\":\"2022-11-14T07:23:53+00:00\",\"dateModified\":\"2023-10-10T08:43:25+00:00\",\"breadcrumb\":{\"@id\":\"https:\\\/\\\/www.kliinikum.ee\\\/ho\\\/en\\\/#breadcrumb\"},\"inLanguage\":\"en-US\",\"potentialAction\":[{\"@type\":\"ReadAction\",\"target\":[\"https:\\\/\\\/www.kliinikum.ee\\\/ho\\\/en\\\/\"]}]},{\"@type\":\"BreadcrumbList\",\"@id\":\"https:\\\/\\\/www.kliinikum.ee\\\/ho\\\/en\\\/#breadcrumb\",\"itemListElement\":[{\"@type\":\"ListItem\",\"position\":1,\"name\":\"Home\",\"item\":\"https:\\\/\\\/www.kliinikum.ee\\\/ho\\\/en\\\/\"},{\"@type\":\"ListItem\",\"position\":2,\"name\":\"Main page\"}]},{\"@type\":\"WebSite\",\"@id\":\"https:\\\/\\\/www.kliinikum.ee\\\/ho\\\/en\\\/#website\",\"url\":\"https:\\\/\\\/www.kliinikum.ee\\\/ho\\\/en\\\/\",\"name\":\"Hematoloogia-onkoloogia kliinik\",\"description\":\"Hoolivus, Uuendusmeelsus, P\u00e4devus ja Usaldusv\u00e4\u00e4rsus\",\"potentialAction\":[{\"@type\":\"SearchAction\",\"target\":{\"@type\":\"EntryPoint\",\"urlTemplate\":\"https:\\\/\\\/www.kliinikum.ee\\\/ho\\\/en\\\/?s={search_term_string}\"},\"query-input\":{\"@type\":\"PropertyValueSpecification\",\"valueRequired\":true,\"valueName\":\"search_term_string\"}}],\"inLanguage\":\"en-US\"}]}<\/script>\n<!-- \/ Yoast SEO plugin. -->","yoast_head_json":{"title":"Main page - Hematoloogia-onkoloogia kliinik","robots":{"index":"index","follow":"follow","max-snippet":"max-snippet:-1","max-image-preview":"max-image-preview:large","max-video-preview":"max-video-preview:-1"},"canonical":"https:\/\/www.kliinikum.ee\/ho\/en\/","og_locale":"en_US","og_type":"article","og_title":"Main page - Hematoloogia-onkoloogia kliinik","og_url":"https:\/\/www.kliinikum.ee\/ho\/en\/","og_site_name":"Hematoloogia-onkoloogia kliinik","article_modified_time":"2023-10-10T08:43:25+00:00","twitter_card":"summary_large_image","schema":{"@context":"https:\/\/schema.org","@graph":[{"@type":"WebPage","@id":"https:\/\/www.kliinikum.ee\/ho\/en\/","url":"https:\/\/www.kliinikum.ee\/ho\/en\/","name":"Main page - Hematoloogia-onkoloogia kliinik","isPartOf":{"@id":"https:\/\/www.kliinikum.ee\/ho\/en\/#website"},"datePublished":"2022-11-14T07:23:53+00:00","dateModified":"2023-10-10T08:43:25+00:00","breadcrumb":{"@id":"https:\/\/www.kliinikum.ee\/ho\/en\/#breadcrumb"},"inLanguage":"en-US","potentialAction":[{"@type":"ReadAction","target":["https:\/\/www.kliinikum.ee\/ho\/en\/"]}]},{"@type":"BreadcrumbList","@id":"https:\/\/www.kliinikum.ee\/ho\/en\/#breadcrumb","itemListElement":[{"@type":"ListItem","position":1,"name":"Home","item":"https:\/\/www.kliinikum.ee\/ho\/en\/"},{"@type":"ListItem","position":2,"name":"Main page"}]},{"@type":"WebSite","@id":"https:\/\/www.kliinikum.ee\/ho\/en\/#website","url":"https:\/\/www.kliinikum.ee\/ho\/en\/","name":"Hematoloogia-onkoloogia kliinik","description":"Hoolivus, Uuendusmeelsus, P\u00e4devus ja Usaldusv\u00e4\u00e4rsus","potentialAction":[{"@type":"SearchAction","target":{"@type":"EntryPoint","urlTemplate":"https:\/\/www.kliinikum.ee\/ho\/en\/?s={search_term_string}"},"query-input":{"@type":"PropertyValueSpecification","valueRequired":true,"valueName":"search_term_string"}}],"inLanguage":"en-US"}]}},"uagb_featured_image_src":{"full":false,"thumbnail":false,"medium":false,"medium_large":false,"large":false,"1536x1536":false,"2048x2048":false},"uagb_author_info":{"display_name":"admin","author_link":"https:\/\/www.kliinikum.ee\/ho\/en\/author\/admin\/"},"uagb_comment_info":0,"uagb_excerpt":null,"_links":{"self":[{"href":"https:\/\/www.kliinikum.ee\/ho\/en\/wp-json\/wp\/v2\/pages\/4597","targetHints":{"allow":["GET"]}}],"collection":[{"href":"https:\/\/www.kliinikum.ee\/ho\/en\/wp-json\/wp\/v2\/pages"}],"about":[{"href":"https:\/\/www.kliinikum.ee\/ho\/en\/wp-json\/wp\/v2\/types\/page"}],"author":[{"embeddable":true,"href":"https:\/\/www.kliinikum.ee\/ho\/en\/wp-json\/wp\/v2\/users\/1"}],"replies":[{"embeddable":true,"href":"https:\/\/www.kliinikum.ee\/ho\/en\/wp-json\/wp\/v2\/comments?post=4597"}],"version-history":[{"count":0,"href":"https:\/\/www.kliinikum.ee\/ho\/en\/wp-json\/wp\/v2\/pages\/4597\/revisions"}],"wp:attachment":[{"href":"https:\/\/www.kliinikum.ee\/ho\/en\/wp-json\/wp\/v2\/media?parent=4597"}],"curies":[{"name":"wp","href":"https:\/\/api.w.org\/{rel}","templated":true}]}}