{"id":184,"date":"2022-11-27T17:26:50","date_gmt":"2022-11-27T17:26:50","guid":{"rendered":"https:\/\/kliinikum.ee\/ho\/?page_id=184"},"modified":"2026-03-20T13:54:07","modified_gmt":"2026-03-20T11:54:07","slug":"erakorraline-abi","status":"publish","type":"page","link":"https:\/\/www.kliinikum.ee\/ho\/erakorraline-abi\/","title":{"rendered":"Erakorraline abi"},"content":{"rendered":"\n<p>Erakorralist abi pakub haigla erakorralise meditsiini osakond. <br><\/p>\n\n\n\n<p>Erakorralist eriarstlikku abi vajavad j\u00e4rgmised hematoloogilised seisundid:<br>* kahtlus esmasele \u00e4gedale leukeemiale<br>* pants\u00fctopeenia<br>* krooniline m\u00fceloidleukeemia: \u25e6 Lk > 100 \u00d7 109\/l; \u25e6 H\u00fcperviskoossuse s\u00fcmptomid (peavalu, n\u00e4gemish\u00e4ired, tromboos)<br>* hulgim\u00fceloom, millega kaasneb seljaaju kompressiooni s\u00fcndroom v\u00f5i \u00e4ge<br>neerupuudulikkus<br>* neutropeenia &lt; 1,0E9\/l, kaasneb palavik, patsient vajab i\/v laia toimespektriga<br>antibakteriaalset ravi<br>* trombots\u00fctopeenia &lt; 20E9\/l<br>* kiiresti progresseeruv hemol\u00fc\u00fctiline aneemia <br>* \u00e4ge verejooks, kui on eelnevalt diagnoositud h\u00fc\u00fcbimish\u00e4ire v\u00f5i on selle kahtlus<\/p>\n\n\n\n<p>Soovitame vajadusel n\u00f5u pidada hematoloogia valvearstiga telefonil 53 319 562<\/p>\n\n\n\n<p><\/p>\n","protected":false},"excerpt":{"rendered":"<p>Erakorralist abi pakub haigla erakorralise meditsiini osakond. Erakorralist eriarstlikku abi vajavad j\u00e4rgmised hematoloogilised seisundid:* kahtlus esmasele \u00e4gedale leukeemiale* pants\u00fctopeenia* krooniline m\u00fceloidleukeemia: \u25e6 Lk > 100 \u00d7 109\/l; \u25e6 H\u00fcperviskoossuse s\u00fcmptomid (peavalu, n\u00e4gemish\u00e4ired, tromboos)* hulgim\u00fceloom, millega kaasneb seljaaju kompressiooni s\u00fcndroom v\u00f5i \u00e4geneerupuudulikkus* neutropeenia &lt; 1,0E9\/l, kaasneb palavik, patsient vajab i\/v laia toimespektrigaantibakteriaalset ravi* trombots\u00fctopeenia &lt; 20E9\/l* [&hellip;]<\/p>\n","protected":false},"author":1,"featured_media":0,"parent":0,"menu_order":0,"comment_status":"closed","ping_status":"closed","template":"","meta":{"_acf_changed":false,"_uag_custom_page_level_css":"","footnotes":""},"class_list":["post-184","page","type-page","status-publish","hentry"],"acf":[],"yoast_head":"<!-- This site is optimized with the Yoast SEO plugin v27.4 - https:\/\/yoast.com\/product\/yoast-seo-wordpress\/ -->\n<title>Erakorraline abi - Hematoloogia-onkoloogia kliinik<\/title>\n<meta name=\"robots\" content=\"index, follow, max-snippet:-1, max-image-preview:large, max-video-preview:-1\" \/>\n<link rel=\"canonical\" href=\"https:\/\/www.kliinikum.ee\/ho\/erakorraline-abi\/\" \/>\n<meta property=\"og:locale\" content=\"et_EE\" \/>\n<meta property=\"og:type\" content=\"article\" \/>\n<meta property=\"og:title\" content=\"Erakorraline abi - Hematoloogia-onkoloogia kliinik\" \/>\n<meta property=\"og:description\" content=\"Erakorralist abi pakub haigla erakorralise meditsiini osakond. Erakorralist eriarstlikku abi vajavad j\u00e4rgmised hematoloogilised seisundid:* kahtlus esmasele \u00e4gedale leukeemiale* pants\u00fctopeenia* krooniline m\u00fceloidleukeemia: \u25e6 Lk &gt; 100 \u00d7 109\/l; \u25e6 H\u00fcperviskoossuse s\u00fcmptomid (peavalu, n\u00e4gemish\u00e4ired, tromboos)* hulgim\u00fceloom, millega kaasneb seljaaju kompressiooni s\u00fcndroom v\u00f5i \u00e4geneerupuudulikkus* neutropeenia &lt; 1,0E9\/l, kaasneb palavik, patsient vajab i\/v laia toimespektrigaantibakteriaalset ravi* trombots\u00fctopeenia &lt; 20E9\/l* [&hellip;]\" \/>\n<meta property=\"og:url\" content=\"https:\/\/www.kliinikum.ee\/ho\/erakorraline-abi\/\" \/>\n<meta property=\"og:site_name\" content=\"Hematoloogia-onkoloogia kliinik\" \/>\n<meta property=\"article:modified_time\" content=\"2026-03-20T11:54:07+00:00\" \/>\n<meta name=\"twitter:card\" content=\"summary_large_image\" \/>\n<meta name=\"twitter:label1\" content=\"Est. reading time\" \/>\n\t<meta name=\"twitter:data1\" content=\"1 minut\" \/>\n<script type=\"application\/ld+json\" class=\"yoast-schema-graph\">{\"@context\":\"https:\\\/\\\/schema.org\",\"@graph\":[{\"@type\":\"WebPage\",\"@id\":\"https:\\\/\\\/www.kliinikum.ee\\\/ho\\\/erakorraline-abi\\\/\",\"url\":\"https:\\\/\\\/www.kliinikum.ee\\\/ho\\\/erakorraline-abi\\\/\",\"name\":\"Erakorraline abi - Hematoloogia-onkoloogia kliinik\",\"isPartOf\":{\"@id\":\"https:\\\/\\\/www.kliinikum.ee\\\/ho\\\/#website\"},\"datePublished\":\"2022-11-27T17:26:50+00:00\",\"dateModified\":\"2026-03-20T11:54:07+00:00\",\"breadcrumb\":{\"@id\":\"https:\\\/\\\/www.kliinikum.ee\\\/ho\\\/erakorraline-abi\\\/#breadcrumb\"},\"inLanguage\":\"et\",\"potentialAction\":[{\"@type\":\"ReadAction\",\"target\":[\"https:\\\/\\\/www.kliinikum.ee\\\/ho\\\/erakorraline-abi\\\/\"]}]},{\"@type\":\"BreadcrumbList\",\"@id\":\"https:\\\/\\\/www.kliinikum.ee\\\/ho\\\/erakorraline-abi\\\/#breadcrumb\",\"itemListElement\":[{\"@type\":\"ListItem\",\"position\":1,\"name\":\"Home\",\"item\":\"https:\\\/\\\/www.kliinikum.ee\\\/ho\\\/\"},{\"@type\":\"ListItem\",\"position\":2,\"name\":\"Erakorraline abi\"}]},{\"@type\":\"WebSite\",\"@id\":\"https:\\\/\\\/www.kliinikum.ee\\\/ho\\\/#website\",\"url\":\"https:\\\/\\\/www.kliinikum.ee\\\/ho\\\/\",\"name\":\"Hematoloogia-onkoloogia kliinik\",\"description\":\"Hoolivus, Uuendusmeelsus, P\u00e4devus ja Usaldusv\u00e4\u00e4rsus\",\"potentialAction\":[{\"@type\":\"SearchAction\",\"target\":{\"@type\":\"EntryPoint\",\"urlTemplate\":\"https:\\\/\\\/www.kliinikum.ee\\\/ho\\\/?s={search_term_string}\"},\"query-input\":{\"@type\":\"PropertyValueSpecification\",\"valueRequired\":true,\"valueName\":\"search_term_string\"}}],\"inLanguage\":\"et\"}]}<\/script>\n<!-- \/ Yoast SEO plugin. -->","yoast_head_json":{"title":"Erakorraline abi - Hematoloogia-onkoloogia kliinik","robots":{"index":"index","follow":"follow","max-snippet":"max-snippet:-1","max-image-preview":"max-image-preview:large","max-video-preview":"max-video-preview:-1"},"canonical":"https:\/\/www.kliinikum.ee\/ho\/erakorraline-abi\/","og_locale":"et_EE","og_type":"article","og_title":"Erakorraline abi - Hematoloogia-onkoloogia kliinik","og_description":"Erakorralist abi pakub haigla erakorralise meditsiini osakond. Erakorralist eriarstlikku abi vajavad j\u00e4rgmised hematoloogilised seisundid:* kahtlus esmasele \u00e4gedale leukeemiale* pants\u00fctopeenia* krooniline m\u00fceloidleukeemia: \u25e6 Lk > 100 \u00d7 109\/l; \u25e6 H\u00fcperviskoossuse s\u00fcmptomid (peavalu, n\u00e4gemish\u00e4ired, tromboos)* hulgim\u00fceloom, millega kaasneb seljaaju kompressiooni s\u00fcndroom v\u00f5i \u00e4geneerupuudulikkus* neutropeenia &lt; 1,0E9\/l, kaasneb palavik, patsient vajab i\/v laia toimespektrigaantibakteriaalset ravi* trombots\u00fctopeenia &lt; 20E9\/l* [&hellip;]","og_url":"https:\/\/www.kliinikum.ee\/ho\/erakorraline-abi\/","og_site_name":"Hematoloogia-onkoloogia kliinik","article_modified_time":"2026-03-20T11:54:07+00:00","twitter_card":"summary_large_image","twitter_misc":{"Est. reading time":"1 minut"},"schema":{"@context":"https:\/\/schema.org","@graph":[{"@type":"WebPage","@id":"https:\/\/www.kliinikum.ee\/ho\/erakorraline-abi\/","url":"https:\/\/www.kliinikum.ee\/ho\/erakorraline-abi\/","name":"Erakorraline abi - Hematoloogia-onkoloogia kliinik","isPartOf":{"@id":"https:\/\/www.kliinikum.ee\/ho\/#website"},"datePublished":"2022-11-27T17:26:50+00:00","dateModified":"2026-03-20T11:54:07+00:00","breadcrumb":{"@id":"https:\/\/www.kliinikum.ee\/ho\/erakorraline-abi\/#breadcrumb"},"inLanguage":"et","potentialAction":[{"@type":"ReadAction","target":["https:\/\/www.kliinikum.ee\/ho\/erakorraline-abi\/"]}]},{"@type":"BreadcrumbList","@id":"https:\/\/www.kliinikum.ee\/ho\/erakorraline-abi\/#breadcrumb","itemListElement":[{"@type":"ListItem","position":1,"name":"Home","item":"https:\/\/www.kliinikum.ee\/ho\/"},{"@type":"ListItem","position":2,"name":"Erakorraline abi"}]},{"@type":"WebSite","@id":"https:\/\/www.kliinikum.ee\/ho\/#website","url":"https:\/\/www.kliinikum.ee\/ho\/","name":"Hematoloogia-onkoloogia kliinik","description":"Hoolivus, Uuendusmeelsus, P\u00e4devus ja Usaldusv\u00e4\u00e4rsus","potentialAction":[{"@type":"SearchAction","target":{"@type":"EntryPoint","urlTemplate":"https:\/\/www.kliinikum.ee\/ho\/?s={search_term_string}"},"query-input":{"@type":"PropertyValueSpecification","valueRequired":true,"valueName":"search_term_string"}}],"inLanguage":"et"}]}},"uagb_featured_image_src":{"full":false,"thumbnail":false,"medium":false,"medium_large":false,"large":false,"1536x1536":false,"2048x2048":false},"uagb_author_info":{"display_name":"admin","author_link":"https:\/\/www.kliinikum.ee\/ho\/author\/admin\/"},"uagb_comment_info":0,"uagb_excerpt":"Erakorralist abi pakub haigla erakorralise meditsiini osakond. Erakorralist eriarstlikku abi vajavad j\u00e4rgmised hematoloogilised seisundid:* kahtlus esmasele \u00e4gedale leukeemiale* pants\u00fctopeenia* krooniline m\u00fceloidleukeemia: \u25e6 Lk > 100 \u00d7 109\/l; \u25e6 H\u00fcperviskoossuse s\u00fcmptomid (peavalu, n\u00e4gemish\u00e4ired, tromboos)* hulgim\u00fceloom, millega kaasneb seljaaju kompressiooni s\u00fcndroom v\u00f5i \u00e4geneerupuudulikkus* neutropeenia &lt; 1,0E9\/l, kaasneb palavik, patsient vajab i\/v laia toimespektrigaantibakteriaalset ravi* trombots\u00fctopeenia &lt; 20E9\/l*&hellip;","_links":{"self":[{"href":"https:\/\/www.kliinikum.ee\/ho\/wp-json\/wp\/v2\/pages\/184","targetHints":{"allow":["GET"]}}],"collection":[{"href":"https:\/\/www.kliinikum.ee\/ho\/wp-json\/wp\/v2\/pages"}],"about":[{"href":"https:\/\/www.kliinikum.ee\/ho\/wp-json\/wp\/v2\/types\/page"}],"author":[{"embeddable":true,"href":"https:\/\/www.kliinikum.ee\/ho\/wp-json\/wp\/v2\/users\/1"}],"replies":[{"embeddable":true,"href":"https:\/\/www.kliinikum.ee\/ho\/wp-json\/wp\/v2\/comments?post=184"}],"version-history":[{"count":0,"href":"https:\/\/www.kliinikum.ee\/ho\/wp-json\/wp\/v2\/pages\/184\/revisions"}],"wp:attachment":[{"href":"https:\/\/www.kliinikum.ee\/ho\/wp-json\/wp\/v2\/media?parent=184"}],"curies":[{"name":"wp","href":"https:\/\/api.w.org\/{rel}","templated":true}]}}