{"id":19,"date":"2022-11-14T10:01:01","date_gmt":"2022-11-14T10:01:01","guid":{"rendered":"http:\/\/localhost\/?page_id=19"},"modified":"2022-12-06T12:18:17","modified_gmt":"2022-12-06T12:18:17","slug":"infomaterjalid","status":"publish","type":"page","link":"https:\/\/www.kliinikum.ee\/ho\/infomaterjalid\/","title":{"rendered":"Infomaterjalid"},"content":{"rendered":"\n<div class=\"wp-block-query is-layout-flow wp-block-query-is-layout-flow\"><ul class=\"wp-block-post-template is-layout-flow wp-block-post-template-is-layout-flow\"><li class=\"wp-block-post post-293 uudised type-uudised status-publish has-post-thumbnail hentry\">\n<h2 class=\"wp-block-post-title\"><a href=\"https:\/\/www.kliinikum.ee\/ho\/uudised\/kliinikumi-patsientide-tagasiside-andmise-voimalused-taienesid-2\/\" target=\"_self\" >Kliinikumi patsientide tagasiside andmise v\u00f5imalused t\u00e4ienesid<\/a><\/h2>\n\n<div class=\"wp-block-post-date\"><time datetime=\"2022-11-29T06:52:09+02:00\">29. nov. 2022<\/time><\/div>\n\n<div class=\"wp-block-post-excerpt\"><p class=\"wp-block-post-excerpt__excerpt\">Kliinikumi juhatuse liikme, \u00f5enduse ja patsiendikogemuse juhi Ilona Pastaruse <\/p><\/div>\n<\/li><li class=\"wp-block-post post-289 uudised type-uudised status-publish hentry\">\n<h2 class=\"wp-block-post-title\"><a href=\"https:\/\/www.kliinikum.ee\/ho\/uudised\/kliinikumis-voeti-kasutusele-uudne-meetod-vahkkasvaja-rakkude-havitamiseks\/\" target=\"_self\" >Kliinikumis v\u00f5eti kasutusele uudne meetod v\u00e4hkkasvaja rakkude h\u00e4vitamiseks\u00a0<\/a><\/h2>\n\n<div class=\"wp-block-post-date\"><time datetime=\"2022-11-29T06:49:11+02:00\">29. nov. 2022<\/time><\/div>\n\n<div class=\"wp-block-post-excerpt\"><p class=\"wp-block-post-excerpt__excerpt\">Tartu \u00dclikooli Kliinikumi radioloogiakliinikus on v\u00f5imalik sellest aastast viia l\u00e4bi kasvajaliste haiguste t\u00e4iendava raviv\u00f5imalusena mikrolaine ablatsiooni (Microwave Ablation, (MWA)). Kliinikum on Eestis esimeseks keskuseks, kus antud tehnoloogiat kasutatakse. Mikrolaine ablatsioon on teisis\u00f5nu kasvaja koe m\u00f5jutamine mikrolainetega, mille eesm\u00e4rk on kasvaja rakkude h\u00e4vitamine. \u201eSee on turvaline ja efektiivne meetod primaarsete ja sekundaarsete kopsu, neeru, neerupealiste, maksa,&hellip; <\/p><\/div>\n<\/li><li class=\"wp-block-post post-207 uudised type-uudised status-publish hentry\">\n<h2 class=\"wp-block-post-title\"><a href=\"https:\/\/www.kliinikum.ee\/ho\/uudised\/patsiendid-hindasid-ambulatoorset-arstiabi-korgelt\/\" target=\"_self\" >Patsiendid hindasid ambulatoorset arstiabi k\u00f5rgelt<\/a><\/h2>\n\n<div class=\"wp-block-post-date\"><time datetime=\"2022-11-28T08:52:47+02:00\">28. nov. 2022<\/time><\/div>\n\n<div class=\"wp-block-post-excerpt\"><p class=\"wp-block-post-excerpt__excerpt\">Tartu \u00dclikooli Kliinikum viis ajavahemikus mai\u2013juuni l\u00e4bi patsientide rahulolu-uuringu, milles osales 9&nbsp;170 patsienti v\u00f5i l\u00e4hedast. Senini suurima vastajate arvuga uuringu tulemustest selgus, et patsiendid hindavad kliinikumi ambulatoorset arstiabi k\u00f5rgelt ja arstide, \u00f5dede ning \u00e4mmaemandate vastuv\u00f5tud vastavad patsientide ootustele. Rahulolu-uuring h\u00f5lmas ambulatoorsel vastuv\u00f5tul k\u00e4inud patsiente (vastajaid 8&nbsp;616), erakorralise meditsiini osakonda (EMO) p\u00f6\u00f6rdunud patsiente (vastajaid 352) ja&hellip; <\/p><\/div>\n<\/li><\/ul><\/div>\n","protected":false},"excerpt":{"rendered":"","protected":false},"author":1,"featured_media":0,"parent":0,"menu_order":0,"comment_status":"closed","ping_status":"closed","template":"","meta":{"_acf_changed":false,"_uag_custom_page_level_css":"","footnotes":""},"class_list":["post-19","page","type-page","status-publish","hentry"],"acf":[],"yoast_head":"<!-- This site is optimized with the Yoast SEO plugin v27.4 - https:\/\/yoast.com\/product\/yoast-seo-wordpress\/ -->\n<title>Infomaterjalid - Hematoloogia-onkoloogia kliinik<\/title>\n<meta name=\"robots\" content=\"index, follow, max-snippet:-1, max-image-preview:large, max-video-preview:-1\" \/>\n<link rel=\"canonical\" href=\"https:\/\/www.kliinikum.ee\/ho\/infomaterjalid\/\" \/>\n<meta property=\"og:locale\" content=\"et_EE\" \/>\n<meta property=\"og:type\" content=\"article\" \/>\n<meta property=\"og:title\" content=\"Infomaterjalid - Hematoloogia-onkoloogia kliinik\" \/>\n<meta property=\"og:url\" content=\"https:\/\/www.kliinikum.ee\/ho\/infomaterjalid\/\" \/>\n<meta property=\"og:site_name\" content=\"Hematoloogia-onkoloogia kliinik\" \/>\n<meta property=\"article:modified_time\" content=\"2022-12-06T12:18:17+00:00\" \/>\n<meta name=\"twitter:card\" content=\"summary_large_image\" \/>\n<script type=\"application\/ld+json\" class=\"yoast-schema-graph\">{\"@context\":\"https:\\\/\\\/schema.org\",\"@graph\":[{\"@type\":\"WebPage\",\"@id\":\"https:\\\/\\\/www.kliinikum.ee\\\/ho\\\/infomaterjalid\\\/\",\"url\":\"https:\\\/\\\/www.kliinikum.ee\\\/ho\\\/infomaterjalid\\\/\",\"name\":\"Infomaterjalid - Hematoloogia-onkoloogia kliinik\",\"isPartOf\":{\"@id\":\"https:\\\/\\\/www.kliinikum.ee\\\/ho\\\/#website\"},\"datePublished\":\"2022-11-14T10:01:01+00:00\",\"dateModified\":\"2022-12-06T12:18:17+00:00\",\"breadcrumb\":{\"@id\":\"https:\\\/\\\/www.kliinikum.ee\\\/ho\\\/infomaterjalid\\\/#breadcrumb\"},\"inLanguage\":\"et\",\"potentialAction\":[{\"@type\":\"ReadAction\",\"target\":[\"https:\\\/\\\/www.kliinikum.ee\\\/ho\\\/infomaterjalid\\\/\"]}]},{\"@type\":\"BreadcrumbList\",\"@id\":\"https:\\\/\\\/www.kliinikum.ee\\\/ho\\\/infomaterjalid\\\/#breadcrumb\",\"itemListElement\":[{\"@type\":\"ListItem\",\"position\":1,\"name\":\"Home\",\"item\":\"https:\\\/\\\/www.kliinikum.ee\\\/ho\\\/\"},{\"@type\":\"ListItem\",\"position\":2,\"name\":\"Infomaterjalid\"}]},{\"@type\":\"WebSite\",\"@id\":\"https:\\\/\\\/www.kliinikum.ee\\\/ho\\\/#website\",\"url\":\"https:\\\/\\\/www.kliinikum.ee\\\/ho\\\/\",\"name\":\"Hematoloogia-onkoloogia kliinik\",\"description\":\"Hoolivus, Uuendusmeelsus, P\u00e4devus ja Usaldusv\u00e4\u00e4rsus\",\"potentialAction\":[{\"@type\":\"SearchAction\",\"target\":{\"@type\":\"EntryPoint\",\"urlTemplate\":\"https:\\\/\\\/www.kliinikum.ee\\\/ho\\\/?s={search_term_string}\"},\"query-input\":{\"@type\":\"PropertyValueSpecification\",\"valueRequired\":true,\"valueName\":\"search_term_string\"}}],\"inLanguage\":\"et\"}]}<\/script>\n<!-- \/ Yoast SEO plugin. -->","yoast_head_json":{"title":"Infomaterjalid - Hematoloogia-onkoloogia kliinik","robots":{"index":"index","follow":"follow","max-snippet":"max-snippet:-1","max-image-preview":"max-image-preview:large","max-video-preview":"max-video-preview:-1"},"canonical":"https:\/\/www.kliinikum.ee\/ho\/infomaterjalid\/","og_locale":"et_EE","og_type":"article","og_title":"Infomaterjalid - Hematoloogia-onkoloogia kliinik","og_url":"https:\/\/www.kliinikum.ee\/ho\/infomaterjalid\/","og_site_name":"Hematoloogia-onkoloogia kliinik","article_modified_time":"2022-12-06T12:18:17+00:00","twitter_card":"summary_large_image","schema":{"@context":"https:\/\/schema.org","@graph":[{"@type":"WebPage","@id":"https:\/\/www.kliinikum.ee\/ho\/infomaterjalid\/","url":"https:\/\/www.kliinikum.ee\/ho\/infomaterjalid\/","name":"Infomaterjalid - Hematoloogia-onkoloogia kliinik","isPartOf":{"@id":"https:\/\/www.kliinikum.ee\/ho\/#website"},"datePublished":"2022-11-14T10:01:01+00:00","dateModified":"2022-12-06T12:18:17+00:00","breadcrumb":{"@id":"https:\/\/www.kliinikum.ee\/ho\/infomaterjalid\/#breadcrumb"},"inLanguage":"et","potentialAction":[{"@type":"ReadAction","target":["https:\/\/www.kliinikum.ee\/ho\/infomaterjalid\/"]}]},{"@type":"BreadcrumbList","@id":"https:\/\/www.kliinikum.ee\/ho\/infomaterjalid\/#breadcrumb","itemListElement":[{"@type":"ListItem","position":1,"name":"Home","item":"https:\/\/www.kliinikum.ee\/ho\/"},{"@type":"ListItem","position":2,"name":"Infomaterjalid"}]},{"@type":"WebSite","@id":"https:\/\/www.kliinikum.ee\/ho\/#website","url":"https:\/\/www.kliinikum.ee\/ho\/","name":"Hematoloogia-onkoloogia kliinik","description":"Hoolivus, Uuendusmeelsus, P\u00e4devus ja Usaldusv\u00e4\u00e4rsus","potentialAction":[{"@type":"SearchAction","target":{"@type":"EntryPoint","urlTemplate":"https:\/\/www.kliinikum.ee\/ho\/?s={search_term_string}"},"query-input":{"@type":"PropertyValueSpecification","valueRequired":true,"valueName":"search_term_string"}}],"inLanguage":"et"}]}},"uagb_featured_image_src":{"full":false,"thumbnail":false,"medium":false,"medium_large":false,"large":false,"1536x1536":false,"2048x2048":false},"uagb_author_info":{"display_name":"admin","author_link":"https:\/\/www.kliinikum.ee\/ho\/author\/admin\/"},"uagb_comment_info":0,"uagb_excerpt":null,"_links":{"self":[{"href":"https:\/\/www.kliinikum.ee\/ho\/wp-json\/wp\/v2\/pages\/19","targetHints":{"allow":["GET"]}}],"collection":[{"href":"https:\/\/www.kliinikum.ee\/ho\/wp-json\/wp\/v2\/pages"}],"about":[{"href":"https:\/\/www.kliinikum.ee\/ho\/wp-json\/wp\/v2\/types\/page"}],"author":[{"embeddable":true,"href":"https:\/\/www.kliinikum.ee\/ho\/wp-json\/wp\/v2\/users\/1"}],"replies":[{"embeddable":true,"href":"https:\/\/www.kliinikum.ee\/ho\/wp-json\/wp\/v2\/comments?post=19"}],"version-history":[{"count":0,"href":"https:\/\/www.kliinikum.ee\/ho\/wp-json\/wp\/v2\/pages\/19\/revisions"}],"wp:attachment":[{"href":"https:\/\/www.kliinikum.ee\/ho\/wp-json\/wp\/v2\/media?parent=19"}],"curies":[{"name":"wp","href":"https:\/\/api.w.org\/{rel}","templated":true}]}}