{"id":6420,"date":"2025-04-14T10:12:14","date_gmt":"2025-04-14T08:12:14","guid":{"rendered":"https:\/\/www.kliinikum.ee\/ho\/?page_id=6420"},"modified":"2026-03-25T21:02:30","modified_gmt":"2026-03-25T19:02:30","slug":"ambulatoorne-vastuvott","status":"publish","type":"page","link":"https:\/\/www.kliinikum.ee\/ho\/patsiendile\/ambulatoorne-vastuvott\/","title":{"rendered":"Ambulatoorne vastuv\u00f5tt"},"content":{"rendered":"\n<details class=\"wp-block-details is-layout-flow wp-block-details-is-layout-flow\" style=\"font-size:clamp(0.929rem, 0.929rem + ((1vw - 0.2rem) * 0.856), 1.4rem);\"><summary><strong>Hematoloogia<\/strong><\/summary>\n<p class=\"has-medium-font-size\">Ambulatoorse vastuv\u00f5tu kabinetid asuvad asub&nbsp; J korpuse I korrusel.<\/p>\n\n\n\n<p class=\"has-medium-font-size\">Haiglasse soovitame siseneda N.Lunini t\u00e4nava poolsest J korpuse peauksest. Kui tulete L.Puusepa 8 peauksest liikuge m\u00f6\u00f6da D, E ja A korpuse koridore J korpusse. <\/p>\n\n\n\n<p class=\"has-medium-font-size\">Palun j\u00e4tke \u00fcleriided garderoobi.<\/p>\n\n\n\n<p class=\"has-medium-font-size\">Peaukse ja garderoobide ees on infolaud, mille ees asub numbriautomaat, vajutage \u201eregistratuuri\u201c nuppu ja otsige v\u00e4lja isikut t\u00f5endav dokument.<\/p>\n\n\n\n<p class=\"has-medium-font-size\">K\u00f5ndige edasi ootealale ja j\u00e4lgige registratuuri kohal olevaid musti numbritabloosid, kuhu&nbsp; ilmuvad j\u00e4rjekorranumbrid.<\/p>\n\n\n\n<p class=\"has-medium-font-size\">Kui ekraanile ilmub teie number, p\u00f6\u00f6rduge registratuuri ja esitage isikut t\u00f5endav dokument.<\/p>\n\n\n\n<p class=\"has-medium-font-size\">\u00c4rge visake eelnevalt v\u00f5etud j\u00e4rjekorranumbrit \u00e4ra - selle alusel toimub edasine vastuv\u00f5tt hematoloogi kabinetti.<\/p>\n\n\n\n<p class=\"has-medium-font-size\">Enne hematoloogi visiiti tuleb anda vereanal\u00fc\u00fcsid (v\u00e4lja arvatud esmase visiidi korral\/ v\u00f5i kui teile ei ole \u00f6eldud teisiti).<\/p>\n\n\n\n<p class=\"has-medium-font-size\">Kliinikumis saab vereanal\u00fc\u00fcse anda J-korpuse kabinetis Jxx ja Jxx, selleks v\u00f5tta Jxx ukse k\u00f5rval asuvast numbriautomaadist \u201eveenivere v\u00f5tmine\u201c ja otsida v\u00e4lja isikut t\u00f5endav dokument.<\/p>\n\n\n\n<p class=\"has-medium-font-size\">J\u00e4rjekorranumbrid ilmuvad ukse kohal asuvale tabloole. Kui teie number ilmub tabloole, sisenege kabinetti, kus teil v\u00f5etakse vereanal\u00fc\u00fcs.<\/p>\n\n\n\n<p class=\"has-medium-font-size\">Vereanal\u00fc\u00fcse on v\u00f5imalik anda ka kodukoha haiglas p\u00e4ev varem <a href=\"https:\/\/www.kliinikum.ee\/yhendlabor\/patsiendile\/laborianaluusi-andmine-kodulahedases-haiglas\/\">https:\/\/www.kliinikum.ee\/yhendlabor<\/a><a href=\"https:\/\/www.kliinikum.ee\/yhendlabor\/patsiendile\/laborianaluusi-andmine-kodulahedases-haiglas\/\" target=\"_blank\" rel=\"noreferrer noopener\">\/patsiendile\/laborianaluusi-andmine-kodulahedases-haiglas\/<\/a><\/p>\n\n\n\n<p class=\"has-medium-font-size\">Seej\u00e4rel liikuge tagasi ootealale. J\u00e4lgige ekraanilt j\u00e4rjekorranumbreid ja sisenege kabinetti, kui teie j\u00e4rjekorranumber ilmub ekraanile. Juhul kui Teid j\u00e4rjekorranumbri ilmumise hetkel ootealal ei ole kutsutakse teid numbri alusel m\u00f5ne aja p\u00e4rast uuesti.<\/p>\n\n\n\n<p><\/p>\n<\/details>\n\n\n\n<details class=\"wp-block-details is-layout-flow wp-block-details-is-layout-flow\" style=\"font-size:clamp(0.929rem, 0.929rem + ((1vw - 0.2rem) * 0.856), 1.4rem);\"><summary><strong>Onkoloogia<\/strong><\/summary>\n<p class=\"has-medium-font-size\">Puusepa 8, Lunini tn poolsest peauksest sisenedes, j\u00e4tke \u00fcleriided garderoobi.<\/p>\n\n\n\n<p class=\"has-medium-font-size\">Peaukse ja garderoobide ees on infolaud, mille ees asub numbriautomaat, vajutage \u201eregistratuuri\u201c nuppu ja otsige v\u00e4lja isikut t\u00f5endav dokument.<\/p>\n\n\n\n<p class=\"has-medium-font-size\">K\u00f5ndige edasi ootealale ja j\u00e4lgige registratuuri kohal olevaid musti numbritabloosid, kuhu&nbsp; ilmuvad j\u00e4rjekorranumbrid.<\/p>\n\n\n\n<p class=\"has-medium-font-size\">Kui ekraanile ilmub teie number, p\u00f6\u00f6rduge registratuuri ja esitage isikut t\u00f5endav dokument.<\/p>\n\n\n\n<p class=\"has-medium-font-size\">Enne onkoloogi visiiti tuleb anda vereanal\u00fc\u00fcsid (v\u00e4lja arvatud esmase visiidi korral\/ v\u00f5i kui teile ei ole \u00f6eldud teisiti).<\/p>\n\n\n\n<p class=\"has-medium-font-size\">Vereanal\u00fc\u00fcse on v\u00f5imalik anda kodukoha haiglas p\u00e4ev varem v\u00f5i kliinikumis v\u00e4hemalt 2h enne arstivisiiti.<\/p>\n\n\n\n<p class=\"has-medium-font-size\">Vereanal\u00fc\u00fcse on v\u00f5imalik anda j\u00e4rgmistes kohtades: <a href=\"https:\/\/www.kliinikum.ee\/yhendlabor\/patsiendile\/laborianaluusi-andmine-kodulahedases-haiglas\/\">https:\/\/www.kliinikum.ee\/yhendlabor<\/a><a href=\"https:\/\/www.kliinikum.ee\/yhendlabor\/patsiendile\/laborianaluusi-andmine-kodulahedases-haiglas\/\" target=\"_blank\" rel=\"noreferrer noopener\">\/patsiendile\/laborianaluusi-andmine-kodulahedases-haiglas\/<\/a><\/p>\n\n\n\n<p class=\"has-medium-font-size\">Kliinikumis saab vereanal\u00fc\u00fcse anda J-korpuse kabinetis 32, selleks v\u00f5tta ukse k\u00f5rval asuvast numbriautomaadist \u201eveenivere v\u00f5tmine\u201c ja otsida v\u00e4lja isikut t\u00f5endav dokument.<\/p>\n\n\n\n<p class=\"has-medium-font-size\">Numbrid ilmuvad ukse kohal asuvale tabloole. Kui teie number ilmub tabloole, sisenege kabinetti, kus teil v\u00f5etakse vereanal\u00fc\u00fcs.<\/p>\n\n\n\n<p class=\"has-medium-font-size\">Seej\u00e4rel liikuge tagasi ootealale, kust saate arsti vastuv\u00f5tule.<\/p>\n<\/details>\n\n\n\n<p><\/p>\n","protected":false},"excerpt":{"rendered":"","protected":false},"author":34,"featured_media":0,"parent":15,"menu_order":0,"comment_status":"closed","ping_status":"closed","template":"","meta":{"_acf_changed":false,"_uag_custom_page_level_css":"","footnotes":""},"class_list":["post-6420","page","type-page","status-publish","hentry"],"acf":[],"yoast_head":"<!-- This site is optimized with the Yoast SEO plugin v27.4 - https:\/\/yoast.com\/product\/yoast-seo-wordpress\/ -->\n<title>Ambulatoorne vastuv\u00f5tt - Hematoloogia-onkoloogia kliinik<\/title>\n<meta name=\"robots\" content=\"index, follow, max-snippet:-1, max-image-preview:large, max-video-preview:-1\" \/>\n<link rel=\"canonical\" href=\"https:\/\/www.kliinikum.ee\/ho\/patsiendile\/ambulatoorne-vastuvott\/\" \/>\n<meta property=\"og:locale\" content=\"et_EE\" \/>\n<meta property=\"og:type\" content=\"article\" \/>\n<meta property=\"og:title\" content=\"Ambulatoorne vastuv\u00f5tt - Hematoloogia-onkoloogia kliinik\" \/>\n<meta property=\"og:url\" content=\"https:\/\/www.kliinikum.ee\/ho\/patsiendile\/ambulatoorne-vastuvott\/\" \/>\n<meta property=\"og:site_name\" content=\"Hematoloogia-onkoloogia kliinik\" \/>\n<meta property=\"article:modified_time\" content=\"2026-03-25T19:02:30+00:00\" \/>\n<meta name=\"twitter:card\" content=\"summary_large_image\" \/>\n<meta name=\"twitter:label1\" content=\"Est. reading time\" \/>\n\t<meta name=\"twitter:data1\" content=\"2 minutit\" \/>\n<script type=\"application\/ld+json\" class=\"yoast-schema-graph\">{\"@context\":\"https:\\\/\\\/schema.org\",\"@graph\":[{\"@type\":\"WebPage\",\"@id\":\"https:\\\/\\\/www.kliinikum.ee\\\/ho\\\/patsiendile\\\/ambulatoorne-vastuvott\\\/\",\"url\":\"https:\\\/\\\/www.kliinikum.ee\\\/ho\\\/patsiendile\\\/ambulatoorne-vastuvott\\\/\",\"name\":\"Ambulatoorne vastuv\u00f5tt - Hematoloogia-onkoloogia kliinik\",\"isPartOf\":{\"@id\":\"https:\\\/\\\/www.kliinikum.ee\\\/ho\\\/#website\"},\"datePublished\":\"2025-04-14T08:12:14+00:00\",\"dateModified\":\"2026-03-25T19:02:30+00:00\",\"breadcrumb\":{\"@id\":\"https:\\\/\\\/www.kliinikum.ee\\\/ho\\\/patsiendile\\\/ambulatoorne-vastuvott\\\/#breadcrumb\"},\"inLanguage\":\"et\",\"potentialAction\":[{\"@type\":\"ReadAction\",\"target\":[\"https:\\\/\\\/www.kliinikum.ee\\\/ho\\\/patsiendile\\\/ambulatoorne-vastuvott\\\/\"]}]},{\"@type\":\"BreadcrumbList\",\"@id\":\"https:\\\/\\\/www.kliinikum.ee\\\/ho\\\/patsiendile\\\/ambulatoorne-vastuvott\\\/#breadcrumb\",\"itemListElement\":[{\"@type\":\"ListItem\",\"position\":1,\"name\":\"Home\",\"item\":\"https:\\\/\\\/www.kliinikum.ee\\\/ho\\\/\"},{\"@type\":\"ListItem\",\"position\":2,\"name\":\"Patsiendile\",\"item\":\"https:\\\/\\\/www.kliinikum.ee\\\/ho\\\/patsiendile\\\/\"},{\"@type\":\"ListItem\",\"position\":3,\"name\":\"Ambulatoorne vastuv\u00f5tt\"}]},{\"@type\":\"WebSite\",\"@id\":\"https:\\\/\\\/www.kliinikum.ee\\\/ho\\\/#website\",\"url\":\"https:\\\/\\\/www.kliinikum.ee\\\/ho\\\/\",\"name\":\"Hematoloogia-onkoloogia kliinik\",\"description\":\"Hoolivus, Uuendusmeelsus, P\u00e4devus ja Usaldusv\u00e4\u00e4rsus\",\"potentialAction\":[{\"@type\":\"SearchAction\",\"target\":{\"@type\":\"EntryPoint\",\"urlTemplate\":\"https:\\\/\\\/www.kliinikum.ee\\\/ho\\\/?s={search_term_string}\"},\"query-input\":{\"@type\":\"PropertyValueSpecification\",\"valueRequired\":true,\"valueName\":\"search_term_string\"}}],\"inLanguage\":\"et\"}]}<\/script>\n<!-- \/ Yoast SEO plugin. -->","yoast_head_json":{"title":"Ambulatoorne vastuv\u00f5tt - Hematoloogia-onkoloogia kliinik","robots":{"index":"index","follow":"follow","max-snippet":"max-snippet:-1","max-image-preview":"max-image-preview:large","max-video-preview":"max-video-preview:-1"},"canonical":"https:\/\/www.kliinikum.ee\/ho\/patsiendile\/ambulatoorne-vastuvott\/","og_locale":"et_EE","og_type":"article","og_title":"Ambulatoorne vastuv\u00f5tt - Hematoloogia-onkoloogia kliinik","og_url":"https:\/\/www.kliinikum.ee\/ho\/patsiendile\/ambulatoorne-vastuvott\/","og_site_name":"Hematoloogia-onkoloogia kliinik","article_modified_time":"2026-03-25T19:02:30+00:00","twitter_card":"summary_large_image","twitter_misc":{"Est. reading time":"2 minutit"},"schema":{"@context":"https:\/\/schema.org","@graph":[{"@type":"WebPage","@id":"https:\/\/www.kliinikum.ee\/ho\/patsiendile\/ambulatoorne-vastuvott\/","url":"https:\/\/www.kliinikum.ee\/ho\/patsiendile\/ambulatoorne-vastuvott\/","name":"Ambulatoorne vastuv\u00f5tt - Hematoloogia-onkoloogia kliinik","isPartOf":{"@id":"https:\/\/www.kliinikum.ee\/ho\/#website"},"datePublished":"2025-04-14T08:12:14+00:00","dateModified":"2026-03-25T19:02:30+00:00","breadcrumb":{"@id":"https:\/\/www.kliinikum.ee\/ho\/patsiendile\/ambulatoorne-vastuvott\/#breadcrumb"},"inLanguage":"et","potentialAction":[{"@type":"ReadAction","target":["https:\/\/www.kliinikum.ee\/ho\/patsiendile\/ambulatoorne-vastuvott\/"]}]},{"@type":"BreadcrumbList","@id":"https:\/\/www.kliinikum.ee\/ho\/patsiendile\/ambulatoorne-vastuvott\/#breadcrumb","itemListElement":[{"@type":"ListItem","position":1,"name":"Home","item":"https:\/\/www.kliinikum.ee\/ho\/"},{"@type":"ListItem","position":2,"name":"Patsiendile","item":"https:\/\/www.kliinikum.ee\/ho\/patsiendile\/"},{"@type":"ListItem","position":3,"name":"Ambulatoorne vastuv\u00f5tt"}]},{"@type":"WebSite","@id":"https:\/\/www.kliinikum.ee\/ho\/#website","url":"https:\/\/www.kliinikum.ee\/ho\/","name":"Hematoloogia-onkoloogia kliinik","description":"Hoolivus, Uuendusmeelsus, P\u00e4devus ja Usaldusv\u00e4\u00e4rsus","potentialAction":[{"@type":"SearchAction","target":{"@type":"EntryPoint","urlTemplate":"https:\/\/www.kliinikum.ee\/ho\/?s={search_term_string}"},"query-input":{"@type":"PropertyValueSpecification","valueRequired":true,"valueName":"search_term_string"}}],"inLanguage":"et"}]}},"uagb_featured_image_src":{"full":false,"thumbnail":false,"medium":false,"medium_large":false,"large":false,"1536x1536":false,"2048x2048":false},"uagb_author_info":{"display_name":"Jane Freimann","author_link":"https:\/\/www.kliinikum.ee\/ho\/author\/janef\/"},"uagb_comment_info":0,"uagb_excerpt":null,"_links":{"self":[{"href":"https:\/\/www.kliinikum.ee\/ho\/wp-json\/wp\/v2\/pages\/6420","targetHints":{"allow":["GET"]}}],"collection":[{"href":"https:\/\/www.kliinikum.ee\/ho\/wp-json\/wp\/v2\/pages"}],"about":[{"href":"https:\/\/www.kliinikum.ee\/ho\/wp-json\/wp\/v2\/types\/page"}],"author":[{"embeddable":true,"href":"https:\/\/www.kliinikum.ee\/ho\/wp-json\/wp\/v2\/users\/34"}],"replies":[{"embeddable":true,"href":"https:\/\/www.kliinikum.ee\/ho\/wp-json\/wp\/v2\/comments?post=6420"}],"version-history":[{"count":0,"href":"https:\/\/www.kliinikum.ee\/ho\/wp-json\/wp\/v2\/pages\/6420\/revisions"}],"up":[{"embeddable":true,"href":"https:\/\/www.kliinikum.ee\/ho\/wp-json\/wp\/v2\/pages\/15"}],"wp:attachment":[{"href":"https:\/\/www.kliinikum.ee\/ho\/wp-json\/wp\/v2\/media?parent=6420"}],"curies":[{"name":"wp","href":"https:\/\/api.w.org\/{rel}","templated":true}]}}