{"id":6422,"date":"2025-04-14T10:13:11","date_gmt":"2025-04-14T08:13:11","guid":{"rendered":"https:\/\/www.kliinikum.ee\/ho\/?page_id=6422"},"modified":"2026-03-25T21:07:02","modified_gmt":"2026-03-25T19:07:02","slug":"haiglaravi","status":"publish","type":"page","link":"https:\/\/www.kliinikum.ee\/ho\/patsiendile\/haiglaravi\/","title":{"rendered":"Haiglaravi"},"content":{"rendered":"\n<details class=\"wp-block-details has-base-background-color has-background is-layout-flow wp-block-details-is-layout-flow\" style=\"font-size:clamp(0.929rem, 0.929rem + ((1vw - 0.2rem) * 0.856), 1.4rem);\"><summary><strong>Hematoloogia ja luu\u00fcdi transplantatsiooni osakond<\/strong><\/summary>\n<p class=\"has-medium-font-size\">Hematoloogia ja luu\u00fcdi transplantatsiooni osakonnas ravitakse patsiente, kes saavad ravi hematoloogiliste haigusseisundite korral, milleks v\u00f5ivad olla nii healoomulised kui ka pahaloomulised haigused. Osakonnas on ravil ka lapsed. Ravil viibimise aeg ja paranemine s\u00f5ltuvad patsiendi haigusest, raviskeemist ning seisundist. \u00dcldiselt viibivad patsiendid osakonnas plaaniliselt (n\u00e4iteks j\u00e4rgmine ravikuur) v\u00f5i ka erakorraliselt (infektsiooni v\u00f5i muu \u00e4geda haigusseisundi t\u00f5ttu, mille v\u00f5is p\u00f5hjustada keemiaravikuur). Kuna osakonnas puudub j\u00e4lgimispalat, on kasutusel tavapalatid, kus osad palatid on varustatud kaameraga patsientide paremaks j\u00e4lgimiseks.<\/p>\n\n\n\n<p class=\"has-medium-font-size\">Osakond asub H-korpuse kahel korrusel (H-korpuse 6. korrus ja 5. korrus).<\/p>\n\n\n\n<p class=\"has-medium-font-size\"><strong>MEESKOND OSAKONNAS<\/strong><\/p>\n\n\n\n<p class=\"has-medium-font-size\">Osakonnas on \u00f6\u00f6p\u00e4evaringne valve, mille tagavad \u00f5ed ning hooldust\u00f6\u00f6tajad. Valvearst on kas telefoni teel k\u00e4ttesaadav (t\u00f6\u00f6p\u00e4evadel) v\u00f5i n\u00e4dalavahetustel koha peal.<\/p>\n\n\n\n<p class=\"has-medium-font-size\">Patsientide eest hoolitseb meeskond, kuhu kuuluvad \u00f5ed, arstid, hooldust\u00f6\u00f6tajad, f\u00fcsioterapeudid, ps\u00fchholoogid ning lapse heaolu spetsialist. T\u00f6\u00f6tajad kannavad sarnaseid t\u00f6\u00f6riideid, neil on rinnas ametinimetusega nimesilt. \u00d5ed ja hooldajad ning f\u00fcsioterapeudid osalevad patsiendi raviprotsessis tema eluliselt t\u00e4htsaid funktsioone j\u00e4lgides ja toetades. Lisaks panustavad osakonna t\u00f6\u00f6sse teiste valdkondade konsultandid, sotsiaalt\u00f6\u00f6tajad, puhastusteenindajad, toitlustusteenindajad, hingehoidjad, \u00fcli\u00f5pilased jt.<\/p>\n\n\n\n<p class=\"has-medium-font-size\"><strong>SOOVITUSED OSAKONNA K\u00dcLASTAMISEKS<\/strong><\/p>\n\n\n\n<ul class=\"wp-block-list\">\n<li class=\"has-medium-font-size\">Palume osakonda tulla ainult siis, kui te olete terve ja tunnete end h\u00e4sti. V\u00e4hkt\u00f5vega patsientide vastuv\u00f5tlikkus haigustekitajatele on suurenenud, mist\u00f5ttu tuleb neid kaitsta.&nbsp;<\/li>\n\n\n\n<li class=\"has-medium-font-size\">Palun l\u00fclitage enda mobiiltelefon vaiksele re\u017eiimile ja v\u00e4ltige k\u00fclastuse ajal telefoniga r\u00e4\u00e4kimist. Kui see ei ole v\u00f5imalik, siis r\u00e4\u00e4kige vaiksel h\u00e4\u00e4lel. Vali h\u00e4\u00e4l v\u00f5ib segada teie l\u00e4hedast, teisi patsiente ning personali.&nbsp;<\/li>\n\n\n\n<li class=\"has-medium-font-size\">Austage teiste patsientide ja nende pereliikmete privaatsust, keskendudes ainult isikule, keda teie k\u00fclastate.<\/li>\n\n\n\n<li class=\"has-medium-font-size\">Enne palatisse sisenemist palume pesta ja desinfitseerida k\u00e4ed.&nbsp;<\/li>\n\n\n\n<li class=\"has-medium-font-size\">Erijuhtudel v\u00f5ime paluda teil l\u00e4hedase juurde minekuks kasutada kaitsevarustust (mask, p\u00f5ll v\u00f5i kittel, kindad). Sellisel juhul aidatakse teil riietuda ja peale palatist lahkumist ka kaitsevarustus eemaldada.&nbsp;<\/li>\n\n\n\n<li class=\"has-medium-font-size\">Palume teil palatisse lilli mitte tuua \u2013 erinevad taimed v\u00f5ivad olla allergeenideks.&nbsp;<\/li>\n\n\n\n<li class=\"has-medium-font-size\">Osakonnas ravil viibiva patsiendi vajaduste eest hoolitsetakse. Te ei pea l\u00e4hedasele tooma toitu v\u00f5i riideid, juhul kui ta seda ise soovib. Andke meile julgesti teada patsiendi toidueelistustest v\u00f5i -piirangutest.<\/li>\n\n\n\n<li class=\"has-medium-font-size\">Patsiendil on lubatud kaasa tuua v\u00e4iksemaid isiklikke asju, mis aitavad tal ennast osakonnas paremini tunda (mobiiltelefon, kuuldeaparaat, prillid, fotod, pesemisvahendid jne), kuid soovitame haiglasse tulles m\u00f5elda l\u00e4bi, millised vahendid ja ka ravimid on h\u00e4davajalikud. Kindlasti ei soovita v\u00f5tta kaasa suuremas summas sularaha.<\/li>\n\n\n\n<li class=\"has-medium-font-size\">Osakonnas pildistamine tuleb koosk\u00f5lastada nii patsiendi kui ka osakonna personaliga.<\/li>\n\n\n\n<li class=\"has-medium-font-size\">Soovi korral saate osaleda enda l\u00e4hedase eest hoolitsemises v\u00f5i teistes tegevustes (nt f\u00fcsioteraapia). Andke oma soovist teada, meie personal hea meelega juhendab ja kaasab teid.&nbsp;<\/li>\n<\/ul>\n\n\n\n<p class=\"has-medium-font-size\"><strong>PATSIENDI \u00dcLEVIIMINE TEISE OSAKONDA<\/strong><\/p>\n\n\n\n<ul class=\"wp-block-list\">\n<li class=\"has-medium-font-size\">Kui patsiendi terviseseisundist l\u00e4htuvalt on vajalik \u00fcleviimine teise osakonda (intensiivravi, palliatiivravi v\u00f5i hospiits), siis v\u00f5imalusel informeeritakse Teid sellest eelnevalt, aga v\u00f5ite saada selle info ka siis, kui helistate v\u00f5i tulete k\u00fclastama (nt intensiivravi).<\/li>\n\n\n\n<li class=\"has-medium-font-size\">Intensiivravi aitab kriitilises seisundis patsiente. Hoolimata ravimeeskonna pingutustest v\u00f5ib juhtuda, et Teie l\u00e4hedase tervislik seisund ei parane ja tema elukvaliteet ei taastu haiguseelsele seisundi tasemele. Sellisel juhul r\u00e4\u00e4gitakse v\u00f5imalusel nii patsiendi enda, kui ka tema l\u00e4hedastega edasistest otsustest.<\/li>\n\n\n\n<li class=\"has-medium-font-size\">Palliatiivravi osakond on m\u00f5eldud t\u00e4iskasvanud patsiendile, kellel on diagnoositud progresseeruv elu ohustav ja elukvaliteeti halvendav haigus ning kelle seisund on halvenenud p\u00f5hihaiguse v\u00f5i kaasuva haiguse \u00e4genemise t\u00f5ttu. Palliatiivravi meeskond on valmis abistama patsienti kogu haiguse v\u00e4ltel alates diagnoosi saamisest kuni elu l\u00f5puni, pakkudes talle meditsiinilist, ps\u00fchholoogilist, sotsiaalset ja vaimset tuge ning n\u00f5ustades ka patsiendi l\u00e4hedast.<\/li>\n\n\n\n<li class=\"has-medium-font-size\">Hospiits keskendub kaugele arenenud, raske haiguse all kannatava inimese ja tema l\u00e4hedase elukvaliteedile. V\u00f5imalikult t\u00e4isv\u00e4\u00e4rtuslikuks eluks pakub hospiits kaastundlikku hooldust, tagades patsiendile rahu, mugavuse ja v\u00e4\u00e4rikuse.<\/li>\n<\/ul>\n\n\n\n<p class=\"has-medium-font-size\"><strong>TAGASISIDE<\/strong><\/p>\n\n\n\n<p class=\"has-contrast-color has-base-background-color has-text-color has-background has-link-color has-medium-font-size wp-elements-ab606c21c7806f85e21be15ceea288e7\">Kui teil on osakonnale ettepanekuid, saate need edastada Kliinikumi kodulehel&nbsp;<a href=\"http:\/\/www.kliinikum.ee\/\" target=\"_blank\" rel=\"noreferrer noopener\">www.kliinikum.ee<\/a>&nbsp;tagasiside l\u00e4bi QR koodi. Samuti v\u00f5ib tagasisidet anda otse osakonna personalile.<\/p>\n<\/details>\n\n\n\n<details class=\"wp-block-details has-base-background-color has-background is-layout-flow wp-block-details-is-layout-flow\" style=\"font-size:clamp(0.929rem, 0.929rem + ((1vw - 0.2rem) * 0.856), 1.4rem);\"><summary><strong>Radio- ja onkoteraapia osakond<\/strong><\/summary>\n<p class=\"has-medium-font-size\">Radio- ja onkoteraapia statsionaarne osakond asub K korpuse 7. ja 8. korrusel, mis on oma suuruselt ja \u00fclesehituselt identsed. Osakonnas on \u00fche- ja kahekohalised palatid. \u00d5dede poolt korraldatav korruste ja palatite jaotus toimub p\u00e4eval\u00f5ikes jooksvalt ning ette v\u00f5ib tulla erisusi registratuuri poolt antud infos. Soovituslik on osakonda saabuda ajavahemikul 08:00-10:30, et tagada haigla poolt pakutav l\u00f5unas\u00f6\u00f6k.<\/p>\n\n\n\n<ul class=\"wp-block-list\">\n<li class=\"has-medium-font-size\">Palatid on varustatud \u00f5e\/ hooldaja kutsungis\u00fcsteemiga, WC ja du\u0161\u0161iga<\/li>\n\n\n\n<li class=\"has-medium-font-size\">\u00dcleriideid ning v\u00e4lisjalan\u00f5usid&nbsp; saab hoiustada palati lukustatavas kapis, kuid personal ei vastuta palatis hoitud isiklike asjade eest. V\u00f5imalus on anda v\u00e4\u00e4rtasjad hoiule.<\/li>\n\n\n\n<li class=\"has-medium-font-size\">Igas palatis on televiisor ja Wi-Fi<\/li>\n\n\n\n<li class=\"has-medium-font-size\">Patsientide puhkealal on v\u00f5imalik lugeda raamatuid ja vaadata televiisorit<\/li>\n\n\n\n<li class=\"has-medium-font-size\">Isiklikku toitu saab hoida osakonnas asuvas patsientide puhkeala k\u00fclmkapis. Toit peab olema kilekotis ja markeeritud (patsiendi nimi ja palati number). Puhkeala k\u00f6\u00f6ginurgas saab kasutada veekeetjat, mikrolaineahju ning teetasse.<\/li>\n\n\n\n<li class=\"has-medium-font-size\">Haigla poolt anname pid\u017eaama ja\/ v\u00f5i \u00f6\u00f6s\u00e4rgi, r\u00e4tikud ning vajadusel sussid v\u00f5i kukkumist ennetavad sokid<\/li>\n<\/ul>\n\n\n\n<p class=\"has-medium-font-size\"><strong>HAIGLARAVILE TULLES V\u00d5TKE KAASA:<\/strong><\/p>\n\n\n\n<ul class=\"wp-block-list\">\n<li class=\"has-medium-font-size\">isikut t\u00f5endav dokument;<\/li>\n\n\n\n<li class=\"has-medium-font-size\">isiklikud h\u00fcgieenitarbed;<\/li>\n\n\n\n<li class=\"has-medium-font-size\">igap\u00e4evaselt kasutatavad ravimid v\u00f5i&nbsp; ravimite loetelu;<\/li>\n\n\n\n<li class=\"has-medium-font-size\">vahetusjalatsid;<\/li>\n\n\n\n<li class=\"has-medium-font-size\">spetsiaalselt teie jaoks kohandatud abivahendid (nt kargud, kepp, ortoosid, rulaator, prillid, kuuldeaparaat jm);<\/li>\n\n\n\n<li class=\"has-medium-font-size\">vajadusel nutiseadmed ja nende laadijad;<\/li>\n\n\n\n<li class=\"has-medium-font-size\">aja sisustamiseks meelep\u00e4rast lugemismaterjali, rists\u00f5nu, k\u00e4sit\u00f6\u00f6 jms;<\/li>\n\n\n\n<li class=\"has-medium-font-size\">osakonnas on soovituslik kanda haiglapid\u017eaamat, kuid on v\u00f5imalik kasutada ka isiklikke riideid. Tagatud peab olema puhaste riiete vahetuskomplekt (haiglas pesu pesta ja kuivatada ei saa).<\/li>\n<\/ul>\n\n\n\n<p class=\"has-medium-font-size\"><strong>HAIGLARAVILE TULLES \u00c4RGE V\u00d5TKE KAASA:<\/strong><\/p>\n\n\n\n<ul class=\"wp-block-list\">\n<li class=\"has-medium-font-size\">suures summas sularaha;<\/li>\n\n\n\n<li class=\"has-medium-font-size\">v\u00e4\u00e4risasju (ehted, emotsionaalselt olulisi asju jne);<\/li>\n\n\n\n<li class=\"has-medium-font-size\">kergesti purunevaid asju;<\/li>\n\n\n\n<li class=\"has-medium-font-size\">tugeva l\u00f5hnaga parf\u00fc\u00fcme;<\/li>\n\n\n\n<li class=\"has-medium-font-size\">teravaid ning ohtlikke esemeid;<\/li>\n\n\n\n<li class=\"has-medium-font-size\">alkoholi, narkootikume ning tubakatooteid<\/li>\n<\/ul>\n\n\n\n<p class=\"has-medium-font-size\"><strong>MEESKOND OSAKONNAS<\/strong><\/p>\n\n\n\n<p class=\"has-medium-font-size\">Osakonnas on \u00f6\u00f6p\u00e4evaringne valve, mille tagavad \u00f5ed ning hooldust\u00f6\u00f6tajad. Valvearst on k\u00e4ttesaadav telefoni teel.<\/p>\n\n\n\n<p class=\"has-medium-font-size\">Patsientide eest hoolitseb meeskond, kuhu kuuluvad \u00f5ed, arstid, hooldust\u00f6\u00f6tajad, f\u00fcsioterapeudid ning ps\u00fchholoogid. Lisaks panustavad osakonna t\u00f6\u00f6sse ka teiste valdkondade konsultandid, sotsiaalt\u00f6\u00f6tajad, puhastusteenindajad, toitlustusteenindajad, hingehoidjad, \u00fcli\u00f5pilased jt.<\/p>\n\n\n\n<p class=\"has-medium-font-size\"><strong>SOOVITUSED OSAKONNA K\u00dcLASTAMISEKS<\/strong><\/p>\n\n\n\n<ul class=\"wp-block-list\">\n<li class=\"has-medium-font-size\">Palume osakonda tulla ainult siis, kui Teil puuduvad viirushaiguste tunnused. V\u00e4hkt\u00f5vega patsiendi vastuv\u00f5tlikkus haigustekitajatele on suurenenud, mist\u00f5ttu tuleb neid kaitsta.&nbsp;<\/li>\n\n\n\n<li class=\"has-medium-font-size\">Palun l\u00fclitage enda mobiiltelefon vaiksele re\u017eiimile ja v\u00e4ltige k\u00fclastuse ajal telefoniga r\u00e4\u00e4kimist. Kui see ei ole v\u00f5imalik, siis r\u00e4\u00e4kige vaiksel h\u00e4\u00e4lel. Vali h\u00e4\u00e4l v\u00f5ib segada teie l\u00e4hedast, teisi patsiente ning personali.&nbsp;<\/li>\n\n\n\n<li class=\"has-medium-font-size\">Austage teiste patsientide ja nende pereliikmete privaatsust.<\/li>\n\n\n\n<li class=\"has-medium-font-size\">Enne palatisse sisenemist palume pesta ja desinfitseerida k\u00e4ed.&nbsp;<\/li>\n\n\n\n<li class=\"has-medium-font-size\">Erijuhtudel v\u00f5ime paluda teil l\u00e4hedase juurde minekuks kasutada kaitsevarustust (mask, p\u00f5ll v\u00f5i kittel, kindad). Sellisel juhul aidatakse teil riietuda ja peale palatist lahkumist ka kaitsevarustus eemaldada.&nbsp;<\/li>\n\n\n\n<li class=\"has-medium-font-size\">Haiglas pildistamine tuleb koosk\u00f5lastada nii patsiendi kui ka osakonna personaliga.<\/li>\n\n\n\n<li class=\"has-medium-font-size\">Soovi korral saate osaleda enda l\u00e4hedase eest hoolitsemises v\u00f5i teistes tegevustes (nt f\u00fcsioteraapia), kuid palume arvestada personali poolt teostatavate protseduuridega ning v\u00f5imaldada selleks rahulikku \u00f5hkkonda.<\/li>\n\n\n\n<li class=\"has-medium-font-size\">V\u00f5imalusel palume l\u00e4hedastel k\u00fclastusi hajutada, et v\u00e4ltida palatite \u00fclerahvastatust.<\/li>\n<\/ul>\n\n\n\n<p class=\"has-medium-font-size\"><strong>PATSIENDI \u00dcLEVIIMINE TEISE OSAKONDA<\/strong><\/p>\n\n\n\n<ul class=\"wp-block-list\">\n<li class=\"has-medium-font-size\">Kui patsiendi terviseseisundist l\u00e4htuvalt on vajalik \u00fcleviimine teise osakonda (intensiivravi, palliatiivravi v\u00f5i hospiits), siis v\u00f5imalusel informeeritakse teid sellest eelnevalt, aga v\u00f5ite saada selle info ka siis, kui helistate v\u00f5i tulete k\u00fclastama (nt intensiivravi).<\/li>\n\n\n\n<li class=\"has-medium-font-size\">Intensiivravi aitab kriitilises seisundis patsiente. Hoolimata ravimeeskonna pingutustest v\u00f5ib juhtuda, et teie l\u00e4hedase tervislik seisund ei parane ja tema elukvaliteet ei taastu haiguseelsele seisundi tasemele. Sellisel juhul r\u00e4\u00e4gitakse v\u00f5imalusel nii patsiendi enda, kui ka tema l\u00e4hedastega edasistest otsustest.<\/li>\n\n\n\n<li class=\"has-medium-font-size\">Palliatiivravi osakond on m\u00f5eldud t\u00e4iskasvanud patsiendile, kellel on diagnoositud progresseeruv elu ohustav ja elukvaliteeti halvendav haigus ning kelle seisund on halvenenud p\u00f5hihaiguse v\u00f5i kaasuva haiguse \u00e4genemise t\u00f5ttu. Palliatiivravi meeskond on valmis abistama patsienti kogu haiguse v\u00e4ltel alates diagnoosi saamisest kuni elu l\u00f5puni, pakkudes talle meditsiinilist, ps\u00fchholoogilist, sotsiaalset ja vaimset tuge ning n\u00f5ustades ka patsiendi l\u00e4hedast.<\/li>\n\n\n\n<li class=\"has-medium-font-size\">Hospiits keskendub kaugele arenenud, raske haiguse all kannatava inimese ja tema l\u00e4hedase elukvaliteedile. V\u00f5imalikult t\u00e4isv\u00e4\u00e4rtuslikuks eluks pakub hospiits kaastundlikku hooldust, tagades patsiendile rahu, mugavuse ja v\u00e4\u00e4rikuse.<\/li>\n<\/ul>\n\n\n\n<p class=\"has-medium-font-size\"><strong>TAGASISIDE<\/strong><\/p>\n\n\n\n<p class=\"has-medium-font-size\">Radio- ja onkoteraapia osakonnas tehakse k\u00f5ik, et teie l\u00e4hedasel hakkaks parem, kuid kui teil on osakonnale ettepanekuid, saate need edastada Kliinikumi kodulehel&nbsp;<a href=\"http:\/\/www.kliinikum.ee\/\" target=\"_blank\" rel=\"noreferrer noopener\">www.kliinikum.ee<\/a>&nbsp;tagasiside l\u00e4bi QR koodi. Samuti v\u00f5ib tagasisidet anda otse osakonna personalile<\/p>\n\n\n\n<p class=\"has-medium-font-size\"><strong>VOODIP\u00c4EVATASU<\/strong> <\/p>\n\n\n\n<p class=\"has-medium-font-size\">Tartu \u00dclikooli Kliinikumis on voodip\u00e4evatasu suurus 5 eurot \u00f6\u00f6p\u00e4evas.<\/p>\n\n\n\n<ul class=\"wp-block-list\">\n<li class=\"has-medium-font-size\">Tasu tuleb maksta maksimaalselt k\u00fcmne haiglaravil oldud p\u00e4eva eest.<\/li>\n\n\n\n<li class=\"has-medium-font-size\">Maksta saab \u00fclekandearve alusel kodus v\u00f5i registratuuris (nii sularahas kui kaardi<\/li>\n<\/ul>\n<\/details>\n\n\n\n<p><\/p>\n\n\n\n<p><\/p>\n","protected":false},"excerpt":{"rendered":"","protected":false},"author":34,"featured_media":0,"parent":15,"menu_order":0,"comment_status":"closed","ping_status":"closed","template":"","meta":{"_acf_changed":false,"_uag_custom_page_level_css":"","footnotes":""},"class_list":["post-6422","page","type-page","status-publish","hentry"],"acf":[],"yoast_head":"<!-- This site is optimized with the Yoast SEO plugin v27.4 - https:\/\/yoast.com\/product\/yoast-seo-wordpress\/ -->\n<title>Haiglaravi - Hematoloogia-onkoloogia kliinik<\/title>\n<meta name=\"robots\" content=\"index, follow, max-snippet:-1, max-image-preview:large, max-video-preview:-1\" \/>\n<link rel=\"canonical\" href=\"https:\/\/www.kliinikum.ee\/ho\/patsiendile\/haiglaravi\/\" \/>\n<meta property=\"og:locale\" content=\"et_EE\" \/>\n<meta property=\"og:type\" content=\"article\" \/>\n<meta property=\"og:title\" content=\"Haiglaravi - Hematoloogia-onkoloogia kliinik\" \/>\n<meta property=\"og:url\" content=\"https:\/\/www.kliinikum.ee\/ho\/patsiendile\/haiglaravi\/\" \/>\n<meta property=\"og:site_name\" content=\"Hematoloogia-onkoloogia kliinik\" \/>\n<meta property=\"article:modified_time\" content=\"2026-03-25T19:07:02+00:00\" \/>\n<meta name=\"twitter:card\" content=\"summary_large_image\" \/>\n<meta name=\"twitter:label1\" content=\"Est. reading time\" \/>\n\t<meta name=\"twitter:data1\" content=\"7 minutit\" \/>\n<script type=\"application\/ld+json\" class=\"yoast-schema-graph\">{\"@context\":\"https:\\\/\\\/schema.org\",\"@graph\":[{\"@type\":\"WebPage\",\"@id\":\"https:\\\/\\\/www.kliinikum.ee\\\/ho\\\/patsiendile\\\/haiglaravi\\\/\",\"url\":\"https:\\\/\\\/www.kliinikum.ee\\\/ho\\\/patsiendile\\\/haiglaravi\\\/\",\"name\":\"Haiglaravi - Hematoloogia-onkoloogia kliinik\",\"isPartOf\":{\"@id\":\"https:\\\/\\\/www.kliinikum.ee\\\/ho\\\/#website\"},\"datePublished\":\"2025-04-14T08:13:11+00:00\",\"dateModified\":\"2026-03-25T19:07:02+00:00\",\"breadcrumb\":{\"@id\":\"https:\\\/\\\/www.kliinikum.ee\\\/ho\\\/patsiendile\\\/haiglaravi\\\/#breadcrumb\"},\"inLanguage\":\"et\",\"potentialAction\":[{\"@type\":\"ReadAction\",\"target\":[\"https:\\\/\\\/www.kliinikum.ee\\\/ho\\\/patsiendile\\\/haiglaravi\\\/\"]}]},{\"@type\":\"BreadcrumbList\",\"@id\":\"https:\\\/\\\/www.kliinikum.ee\\\/ho\\\/patsiendile\\\/haiglaravi\\\/#breadcrumb\",\"itemListElement\":[{\"@type\":\"ListItem\",\"position\":1,\"name\":\"Home\",\"item\":\"https:\\\/\\\/www.kliinikum.ee\\\/ho\\\/\"},{\"@type\":\"ListItem\",\"position\":2,\"name\":\"Patsiendile\",\"item\":\"https:\\\/\\\/www.kliinikum.ee\\\/ho\\\/patsiendile\\\/\"},{\"@type\":\"ListItem\",\"position\":3,\"name\":\"Haiglaravi\"}]},{\"@type\":\"WebSite\",\"@id\":\"https:\\\/\\\/www.kliinikum.ee\\\/ho\\\/#website\",\"url\":\"https:\\\/\\\/www.kliinikum.ee\\\/ho\\\/\",\"name\":\"Hematoloogia-onkoloogia kliinik\",\"description\":\"Hoolivus, Uuendusmeelsus, P\u00e4devus ja Usaldusv\u00e4\u00e4rsus\",\"potentialAction\":[{\"@type\":\"SearchAction\",\"target\":{\"@type\":\"EntryPoint\",\"urlTemplate\":\"https:\\\/\\\/www.kliinikum.ee\\\/ho\\\/?s={search_term_string}\"},\"query-input\":{\"@type\":\"PropertyValueSpecification\",\"valueRequired\":true,\"valueName\":\"search_term_string\"}}],\"inLanguage\":\"et\"}]}<\/script>\n<!-- \/ Yoast SEO plugin. -->","yoast_head_json":{"title":"Haiglaravi - Hematoloogia-onkoloogia kliinik","robots":{"index":"index","follow":"follow","max-snippet":"max-snippet:-1","max-image-preview":"max-image-preview:large","max-video-preview":"max-video-preview:-1"},"canonical":"https:\/\/www.kliinikum.ee\/ho\/patsiendile\/haiglaravi\/","og_locale":"et_EE","og_type":"article","og_title":"Haiglaravi - Hematoloogia-onkoloogia kliinik","og_url":"https:\/\/www.kliinikum.ee\/ho\/patsiendile\/haiglaravi\/","og_site_name":"Hematoloogia-onkoloogia kliinik","article_modified_time":"2026-03-25T19:07:02+00:00","twitter_card":"summary_large_image","twitter_misc":{"Est. reading time":"7 minutit"},"schema":{"@context":"https:\/\/schema.org","@graph":[{"@type":"WebPage","@id":"https:\/\/www.kliinikum.ee\/ho\/patsiendile\/haiglaravi\/","url":"https:\/\/www.kliinikum.ee\/ho\/patsiendile\/haiglaravi\/","name":"Haiglaravi - Hematoloogia-onkoloogia kliinik","isPartOf":{"@id":"https:\/\/www.kliinikum.ee\/ho\/#website"},"datePublished":"2025-04-14T08:13:11+00:00","dateModified":"2026-03-25T19:07:02+00:00","breadcrumb":{"@id":"https:\/\/www.kliinikum.ee\/ho\/patsiendile\/haiglaravi\/#breadcrumb"},"inLanguage":"et","potentialAction":[{"@type":"ReadAction","target":["https:\/\/www.kliinikum.ee\/ho\/patsiendile\/haiglaravi\/"]}]},{"@type":"BreadcrumbList","@id":"https:\/\/www.kliinikum.ee\/ho\/patsiendile\/haiglaravi\/#breadcrumb","itemListElement":[{"@type":"ListItem","position":1,"name":"Home","item":"https:\/\/www.kliinikum.ee\/ho\/"},{"@type":"ListItem","position":2,"name":"Patsiendile","item":"https:\/\/www.kliinikum.ee\/ho\/patsiendile\/"},{"@type":"ListItem","position":3,"name":"Haiglaravi"}]},{"@type":"WebSite","@id":"https:\/\/www.kliinikum.ee\/ho\/#website","url":"https:\/\/www.kliinikum.ee\/ho\/","name":"Hematoloogia-onkoloogia kliinik","description":"Hoolivus, Uuendusmeelsus, P\u00e4devus ja Usaldusv\u00e4\u00e4rsus","potentialAction":[{"@type":"SearchAction","target":{"@type":"EntryPoint","urlTemplate":"https:\/\/www.kliinikum.ee\/ho\/?s={search_term_string}"},"query-input":{"@type":"PropertyValueSpecification","valueRequired":true,"valueName":"search_term_string"}}],"inLanguage":"et"}]}},"uagb_featured_image_src":{"full":false,"thumbnail":false,"medium":false,"medium_large":false,"large":false,"1536x1536":false,"2048x2048":false},"uagb_author_info":{"display_name":"Jane Freimann","author_link":"https:\/\/www.kliinikum.ee\/ho\/author\/janef\/"},"uagb_comment_info":0,"uagb_excerpt":null,"_links":{"self":[{"href":"https:\/\/www.kliinikum.ee\/ho\/wp-json\/wp\/v2\/pages\/6422","targetHints":{"allow":["GET"]}}],"collection":[{"href":"https:\/\/www.kliinikum.ee\/ho\/wp-json\/wp\/v2\/pages"}],"about":[{"href":"https:\/\/www.kliinikum.ee\/ho\/wp-json\/wp\/v2\/types\/page"}],"author":[{"embeddable":true,"href":"https:\/\/www.kliinikum.ee\/ho\/wp-json\/wp\/v2\/users\/34"}],"replies":[{"embeddable":true,"href":"https:\/\/www.kliinikum.ee\/ho\/wp-json\/wp\/v2\/comments?post=6422"}],"version-history":[{"count":0,"href":"https:\/\/www.kliinikum.ee\/ho\/wp-json\/wp\/v2\/pages\/6422\/revisions"}],"up":[{"embeddable":true,"href":"https:\/\/www.kliinikum.ee\/ho\/wp-json\/wp\/v2\/pages\/15"}],"wp:attachment":[{"href":"https:\/\/www.kliinikum.ee\/ho\/wp-json\/wp\/v2\/media?parent=6422"}],"curies":[{"name":"wp","href":"https:\/\/api.w.org\/{rel}","templated":true}]}}