{"id":6424,"date":"2025-04-14T10:14:15","date_gmt":"2025-04-14T08:14:15","guid":{"rendered":"https:\/\/www.kliinikum.ee\/ho\/?page_id=6424"},"modified":"2026-03-25T21:08:17","modified_gmt":"2026-03-25T19:08:17","slug":"ambulatoorne-ja-paevaravi","status":"publish","type":"page","link":"https:\/\/www.kliinikum.ee\/ho\/patsiendile\/ambulatoorne-ja-paevaravi\/","title":{"rendered":"Ambulatoorne- ja p\u00e4evaravi"},"content":{"rendered":"\n<details class=\"wp-block-details is-layout-flow wp-block-details-is-layout-flow\" style=\"font-size:clamp(0.929rem, 0.929rem + ((1vw - 0.2rem) * 0.856), 1.4rem);\"><summary><strong>Hematoloogia osakond<\/strong><\/summary>\n<p class=\"has-medium-font-size\">Ambulatoorse- ja p\u00e4evaravi palatid asuvad J korpuse esimesel korrusel kabinetis J80<\/p>\n\n\n\n<p class=\"has-medium-font-size\">RAVILE TULEK<\/p>\n\n\n\n<p class=\"has-medium-font-size\">Enne ravile tulekut v\u00f5ite kodus s\u00fc\u00fca ja juua ning v\u00f5tta igap\u00e4evaselt tarvitatavaid ravimeid. Soovitav on kaasa v\u00f5tta meelep\u00e4rast jooki (vesi, mineraalvesi vms), eriti oluline on rohke vedeliku tarbimine keemiaravi saavatel patsientidel. V\u00f5tke kaasa isikutt\u00f5endav dokument. Ravile tulles j\u00e4rgige h\u00fcgieenin\u00f5udeid (sh puhas nahk, puhtad riided, jalan\u00f5ud). <\/p>\n\n\n\n<p class=\"has-medium-font-size\">Ravile tulge palun Teile \u00f6eldud kellaajal. Kui kellaaega pole kokku lepitud, siis tulge v\u00f5imalusel ajavahemikul 08.00\u201310.00. Haiglasse sisenege v\u00f5imalusel N.Lunini t\u00e4nava poolsest J korpuse peauksest ning j\u00e4tke \u00fcleriided riidehoidu. Teil ei ole vaja v\u00f5tta j\u00e4rjekorra\u00ad\u00adnumbrit ega p\u00f6\u00f6rduda registratuuri, tulge otse hematoloogia&nbsp; p\u00e4evaravisse J korpuse kabinetti J80<\/p>\n\n\n\n<p class=\"has-medium-font-size\">RAVIKS ETTEVALMISTUS<\/p>\n\n\n\n<p class=\"has-medium-font-size\">Raviks valmistab Teid ette \u00f5de. Kui Teile m\u00e4\u00e4ratud ravi eeldab&nbsp; tilkinfusiooni, paigaldab \u00f5de Teile veenikan\u00fc\u00fcli v\u00f5i punkteerib veeniporti.<\/p>\n\n\n\n<p class=\"has-medium-font-size\">Vajadusel v\u00f5tab \u00f5de Teie tervisliku seisundi hindamiseks vereproovi.&nbsp; Vereproovi anal\u00fc\u00fcsitakse haigla laboris, mis v\u00f5tab aega u 1\u20131,5h. Teile m\u00e4\u00e4ratud ravimite ettevalmistamine v\u00f5ib v\u00f5tta aega kuni 1 tund.<\/p>\n\n\n\n<p class=\"has-medium-font-size\">Kokkuleppel personaliga v\u00f5ite ooteaja jooksul k\u00fclastada n\u00e4iteks s\u00f6\u00f6klat v\u00f5i kioskit.<\/p>\n\n\n\n<p class=\"has-medium-font-size\">RAVI<\/p>\n\n\n\n<p class=\"has-medium-font-size\">Ravimeid manustatakse nahaalusi v\u00f5i eelnevalt paigaldatud veenikan\u00fc\u00fcli v\u00f5i veeniporti punkteeritud n\u00f5ela kaudu, mis eemaldatakse ravi l\u00f5ppedes. Enesetunde muudatustest ravi ajal (nt valu\/kipitus kan\u00fc\u00fclikohas, kuumatunne, iiveldus, hingamisraskus jne) andke \u00f5ele koheselt teada. Palun \u00e4rge lahkuge haiglast veenikan\u00fc\u00fcli ega veeniporti sisestatud n\u00f5elaga! Oma lahkumise teavitage p\u00e4evaravi \u00f5desid.<\/p>\n\n\n\n<p class=\"has-medium-font-size\">MUU INFO<\/p>\n\n\n\n<p class=\"has-medium-font-size\">P\u00e4evaravis toimub toitlustamine nendele patsientidele, kelle ravi kestvus on \u00fcle 4 tunni. L\u00fchema ravimi manustamise kestuse korral toitlustamist ei ole.<\/p>\n\n\n\n<p class=\"has-medium-font-size\">Kui Te ei saa kokkulepitud ajal ravile tulla, siis teavitage sellest &nbsp;p\u00e4evaravi\u00f5de v\u00f5i oma raviarsti.<\/p>\n\n\n\n<p class=\"has-medium-font-size\">Kui Teie enesetunne ravij\u00e4rgselt kodus halveneb (palavik \u00fcle 38,0\u00b0C, \u00e4ge k\u00f5hulahtisus, pikaajaline oksendamine jne), siis v\u00f5tke t\u00f6\u00f6ajal (E-R 08.00\u201316.00) \u00fchendust oma raviarstiga (hematoloog, perearst). \u00c4gedate s\u00fcmptomite tekkel v\u00e4ljaspool t\u00f6\u00f6aega v\u00f5tke \u00fchendust valvearstiga (tel. 53&nbsp;319&nbsp;563).<\/p>\n<\/details>\n\n\n\n<details class=\"wp-block-details is-layout-flow wp-block-details-is-layout-flow\" style=\"font-size:clamp(0.929rem, 0.929rem + ((1vw - 0.2rem) * 0.856), 1.4rem);\"><summary><strong>Radio- ja onkoteraapia osakond<\/strong><\/summary>\n<p class=\"has-medium-font-size\">Ambulatoorse- ja p\u00e4evaravi palatid asuvad J korpuse esimesel korrusel kabinetis J79<\/p>\n\n\n\n<ul class=\"wp-block-list\">\n<li class=\"has-medium-font-size\">Osakonnas on kokku 18 ravikohta.<\/li>\n\n\n\n<li class=\"has-medium-font-size\">Kaks ravitoolidega ruumi on varustatud WC ja televiisoriga, vooditega ruumis on samuti WC, kuid televiisor puudub.<\/li>\n\n\n\n<li class=\"has-medium-font-size\">Ooteaeg ravikabinetti 79 s\u00f5ltub: \n<ul class=\"wp-block-list\">\n<li class=\"has-medium-font-size\">ravile saabuvate patsientide arvust<\/li>\n\n\n\n<li class=\"has-medium-font-size\">vabadest ravikohtadest<\/li>\n\n\n\n<li class=\"has-medium-font-size\">t\u00f6\u00f6voost<\/li>\n\n\n\n<li class=\"has-medium-font-size\">ravilehe j\u00f5udmisest apteeki<\/li>\n\n\n\n<li class=\"has-medium-font-size\">ravimite apteegist v\u00e4ljastamise kiirusest<\/li>\n<\/ul>\n<\/li>\n<\/ul>\n\n\n\n<p class=\"has-medium-font-size\">Palume arvestada olukorraga, kus ooteaeg v\u00f5ib kesta mitu tundi. Sel juhul on v\u00f5imalus tulla ravile j\u00e4rgmise p\u00e4eva hommikul, sellest teavitada keemiaravi \u00f5de\/arsti.<\/p>\n\n\n\n<p class=\"has-medium-font-size\">P\u00e4evaravile tulles v\u00f5tke kaasa:<\/p>\n\n\n\n<ul class=\"wp-block-list\">\n<li class=\"has-medium-font-size\">isikut t\u00f5endav dokument<\/li>\n\n\n\n<li class=\"has-medium-font-size\">igap\u00e4evaselt kasutatavad ravimid<\/li>\n\n\n\n<li class=\"has-medium-font-size\">aja sisustamiseks meelep\u00e4rast lugemismaterjali, rists\u00f5nu, nutiseadmed + k\u00f5rvaklapid\/laadija&nbsp; jms<\/li>\n<\/ul>\n\n\n\n<p class=\"has-medium-font-size\">MUU INFO<\/p>\n\n\n\n<ul class=\"wp-block-list has-medium-font-size\">\n<li>Kui teil on soov esitada kaebus, ettepanek v\u00f5i t\u00e4nuavaldus, siis saab seda teha elektroonselt kliinikumi kodulehel v\u00f5i kohapeal olles paberkandjal. Avaldusel v\u00f5ite j\u00e4\u00e4da anon\u00fc\u00fcmseks. Kui soovite kirjalikku vastust, siis saate selle hiljemalt 30 kalendrip\u00e4eva jooksul.<\/li>\n\n\n\n<li>V\u00f5imalusel palume l\u00e4hedastel k\u00fclastusi v\u00e4ltida ruumide \u00fclerahvastatuse t\u00f5ttu. L\u00fchiaegne k\u00fclastus on lubatud, kui t\u00f6\u00f6voog seda v\u00f5imaldab.<\/li>\n\n\n\n<li>Ambulatoorse keemiaravi kabinet toitlustust ei paku. Kabinetti v\u00f5ib tulla oma toidu ja joogiga, mida on mugav kohapeal tarbida. Palun j\u00e4lgige, et toit ei l\u00f5hnaks v\u00e4ga tugevalt kuna see v\u00f5ib h\u00e4irida teisi patsiente.<\/li>\n\n\n\n<li>Kliinikumis on v\u00f5imalik k\u00fclastada j\u00e4rgnevaid kohvikuid: <a href=\"https:\/\/www.kliinikum.ee\/patsiendile\/majainfo\/lisateenused\/\" target=\"_blank\" rel=\"noreferrer noopener\">https:\/\/www.kliinikum.ee\/patsiendile\/majainfo\/lisateenused\/<\/a> <\/li>\n\n\n\n<li>P\u00e4evaravi osakond isiklike asjade hoiustamist ei paku ning kaasasolevad asjad on teie enda vastutusel.<\/li>\n\n\n\n<li>Kliinikumi enamikes ruumides on olemas tasuta WiFi-\u00fchendus.<\/li>\n<\/ul>\n<\/details>\n\n\n\n<div style=\"height:23px\" aria-hidden=\"true\" class=\"wp-block-spacer\"><\/div>\n\n\n\n<p><\/p>\n","protected":false},"excerpt":{"rendered":"","protected":false},"author":34,"featured_media":0,"parent":15,"menu_order":0,"comment_status":"closed","ping_status":"closed","template":"","meta":{"_acf_changed":false,"_uag_custom_page_level_css":"","footnotes":""},"class_list":["post-6424","page","type-page","status-publish","hentry"],"acf":[],"yoast_head":"<!-- This site is optimized with the Yoast SEO plugin v27.4 - https:\/\/yoast.com\/product\/yoast-seo-wordpress\/ -->\n<title>Ambulatoorne- ja p\u00e4evaravi - Hematoloogia-onkoloogia kliinik<\/title>\n<meta name=\"robots\" content=\"index, follow, max-snippet:-1, max-image-preview:large, max-video-preview:-1\" \/>\n<link rel=\"canonical\" href=\"https:\/\/www.kliinikum.ee\/ho\/patsiendile\/ambulatoorne-ja-paevaravi\/\" \/>\n<meta property=\"og:locale\" content=\"et_EE\" \/>\n<meta property=\"og:type\" content=\"article\" \/>\n<meta property=\"og:title\" content=\"Ambulatoorne- ja p\u00e4evaravi - Hematoloogia-onkoloogia kliinik\" \/>\n<meta property=\"og:url\" content=\"https:\/\/www.kliinikum.ee\/ho\/patsiendile\/ambulatoorne-ja-paevaravi\/\" \/>\n<meta property=\"og:site_name\" content=\"Hematoloogia-onkoloogia kliinik\" \/>\n<meta property=\"article:modified_time\" content=\"2026-03-25T19:08:17+00:00\" \/>\n<meta name=\"twitter:card\" content=\"summary_large_image\" \/>\n<meta name=\"twitter:label1\" content=\"Est. reading time\" \/>\n\t<meta name=\"twitter:data1\" content=\"3 minutit\" \/>\n<script type=\"application\/ld+json\" class=\"yoast-schema-graph\">{\"@context\":\"https:\\\/\\\/schema.org\",\"@graph\":[{\"@type\":\"WebPage\",\"@id\":\"https:\\\/\\\/www.kliinikum.ee\\\/ho\\\/patsiendile\\\/ambulatoorne-ja-paevaravi\\\/\",\"url\":\"https:\\\/\\\/www.kliinikum.ee\\\/ho\\\/patsiendile\\\/ambulatoorne-ja-paevaravi\\\/\",\"name\":\"Ambulatoorne- ja p\u00e4evaravi - Hematoloogia-onkoloogia kliinik\",\"isPartOf\":{\"@id\":\"https:\\\/\\\/www.kliinikum.ee\\\/ho\\\/#website\"},\"datePublished\":\"2025-04-14T08:14:15+00:00\",\"dateModified\":\"2026-03-25T19:08:17+00:00\",\"breadcrumb\":{\"@id\":\"https:\\\/\\\/www.kliinikum.ee\\\/ho\\\/patsiendile\\\/ambulatoorne-ja-paevaravi\\\/#breadcrumb\"},\"inLanguage\":\"et\",\"potentialAction\":[{\"@type\":\"ReadAction\",\"target\":[\"https:\\\/\\\/www.kliinikum.ee\\\/ho\\\/patsiendile\\\/ambulatoorne-ja-paevaravi\\\/\"]}]},{\"@type\":\"BreadcrumbList\",\"@id\":\"https:\\\/\\\/www.kliinikum.ee\\\/ho\\\/patsiendile\\\/ambulatoorne-ja-paevaravi\\\/#breadcrumb\",\"itemListElement\":[{\"@type\":\"ListItem\",\"position\":1,\"name\":\"Home\",\"item\":\"https:\\\/\\\/www.kliinikum.ee\\\/ho\\\/\"},{\"@type\":\"ListItem\",\"position\":2,\"name\":\"Patsiendile\",\"item\":\"https:\\\/\\\/www.kliinikum.ee\\\/ho\\\/patsiendile\\\/\"},{\"@type\":\"ListItem\",\"position\":3,\"name\":\"Ambulatoorne- ja p\u00e4evaravi\"}]},{\"@type\":\"WebSite\",\"@id\":\"https:\\\/\\\/www.kliinikum.ee\\\/ho\\\/#website\",\"url\":\"https:\\\/\\\/www.kliinikum.ee\\\/ho\\\/\",\"name\":\"Hematoloogia-onkoloogia kliinik\",\"description\":\"Hoolivus, Uuendusmeelsus, P\u00e4devus ja Usaldusv\u00e4\u00e4rsus\",\"potentialAction\":[{\"@type\":\"SearchAction\",\"target\":{\"@type\":\"EntryPoint\",\"urlTemplate\":\"https:\\\/\\\/www.kliinikum.ee\\\/ho\\\/?s={search_term_string}\"},\"query-input\":{\"@type\":\"PropertyValueSpecification\",\"valueRequired\":true,\"valueName\":\"search_term_string\"}}],\"inLanguage\":\"et\"}]}<\/script>\n<!-- \/ Yoast SEO plugin. -->","yoast_head_json":{"title":"Ambulatoorne- ja p\u00e4evaravi - Hematoloogia-onkoloogia kliinik","robots":{"index":"index","follow":"follow","max-snippet":"max-snippet:-1","max-image-preview":"max-image-preview:large","max-video-preview":"max-video-preview:-1"},"canonical":"https:\/\/www.kliinikum.ee\/ho\/patsiendile\/ambulatoorne-ja-paevaravi\/","og_locale":"et_EE","og_type":"article","og_title":"Ambulatoorne- ja p\u00e4evaravi - Hematoloogia-onkoloogia kliinik","og_url":"https:\/\/www.kliinikum.ee\/ho\/patsiendile\/ambulatoorne-ja-paevaravi\/","og_site_name":"Hematoloogia-onkoloogia kliinik","article_modified_time":"2026-03-25T19:08:17+00:00","twitter_card":"summary_large_image","twitter_misc":{"Est. reading time":"3 minutit"},"schema":{"@context":"https:\/\/schema.org","@graph":[{"@type":"WebPage","@id":"https:\/\/www.kliinikum.ee\/ho\/patsiendile\/ambulatoorne-ja-paevaravi\/","url":"https:\/\/www.kliinikum.ee\/ho\/patsiendile\/ambulatoorne-ja-paevaravi\/","name":"Ambulatoorne- ja p\u00e4evaravi - Hematoloogia-onkoloogia kliinik","isPartOf":{"@id":"https:\/\/www.kliinikum.ee\/ho\/#website"},"datePublished":"2025-04-14T08:14:15+00:00","dateModified":"2026-03-25T19:08:17+00:00","breadcrumb":{"@id":"https:\/\/www.kliinikum.ee\/ho\/patsiendile\/ambulatoorne-ja-paevaravi\/#breadcrumb"},"inLanguage":"et","potentialAction":[{"@type":"ReadAction","target":["https:\/\/www.kliinikum.ee\/ho\/patsiendile\/ambulatoorne-ja-paevaravi\/"]}]},{"@type":"BreadcrumbList","@id":"https:\/\/www.kliinikum.ee\/ho\/patsiendile\/ambulatoorne-ja-paevaravi\/#breadcrumb","itemListElement":[{"@type":"ListItem","position":1,"name":"Home","item":"https:\/\/www.kliinikum.ee\/ho\/"},{"@type":"ListItem","position":2,"name":"Patsiendile","item":"https:\/\/www.kliinikum.ee\/ho\/patsiendile\/"},{"@type":"ListItem","position":3,"name":"Ambulatoorne- ja p\u00e4evaravi"}]},{"@type":"WebSite","@id":"https:\/\/www.kliinikum.ee\/ho\/#website","url":"https:\/\/www.kliinikum.ee\/ho\/","name":"Hematoloogia-onkoloogia kliinik","description":"Hoolivus, Uuendusmeelsus, P\u00e4devus ja Usaldusv\u00e4\u00e4rsus","potentialAction":[{"@type":"SearchAction","target":{"@type":"EntryPoint","urlTemplate":"https:\/\/www.kliinikum.ee\/ho\/?s={search_term_string}"},"query-input":{"@type":"PropertyValueSpecification","valueRequired":true,"valueName":"search_term_string"}}],"inLanguage":"et"}]}},"uagb_featured_image_src":{"full":false,"thumbnail":false,"medium":false,"medium_large":false,"large":false,"1536x1536":false,"2048x2048":false},"uagb_author_info":{"display_name":"Jane Freimann","author_link":"https:\/\/www.kliinikum.ee\/ho\/author\/janef\/"},"uagb_comment_info":0,"uagb_excerpt":null,"_links":{"self":[{"href":"https:\/\/www.kliinikum.ee\/ho\/wp-json\/wp\/v2\/pages\/6424","targetHints":{"allow":["GET"]}}],"collection":[{"href":"https:\/\/www.kliinikum.ee\/ho\/wp-json\/wp\/v2\/pages"}],"about":[{"href":"https:\/\/www.kliinikum.ee\/ho\/wp-json\/wp\/v2\/types\/page"}],"author":[{"embeddable":true,"href":"https:\/\/www.kliinikum.ee\/ho\/wp-json\/wp\/v2\/users\/34"}],"replies":[{"embeddable":true,"href":"https:\/\/www.kliinikum.ee\/ho\/wp-json\/wp\/v2\/comments?post=6424"}],"version-history":[{"count":0,"href":"https:\/\/www.kliinikum.ee\/ho\/wp-json\/wp\/v2\/pages\/6424\/revisions"}],"up":[{"embeddable":true,"href":"https:\/\/www.kliinikum.ee\/ho\/wp-json\/wp\/v2\/pages\/15"}],"wp:attachment":[{"href":"https:\/\/www.kliinikum.ee\/ho\/wp-json\/wp\/v2\/media?parent=6424"}],"curies":[{"name":"wp","href":"https:\/\/api.w.org\/{rel}","templated":true}]}}