{"id":6426,"date":"2025-04-14T10:15:11","date_gmt":"2025-04-14T08:15:11","guid":{"rendered":"https:\/\/www.kliinikum.ee\/ho\/?page_id=6426"},"modified":"2026-01-26T11:14:27","modified_gmt":"2026-01-26T09:14:27","slug":"kiiritusravi","status":"publish","type":"page","link":"https:\/\/www.kliinikum.ee\/ho\/patsiendile\/kiiritusravi\/","title":{"rendered":"Kiiritusravi"},"content":{"rendered":"\n<p><strong>Kiiritusravi protseduurile tulles palume tulla J-korpuse 0-korrusele. Lunini tn poolsest peauksest tulles liikuda parempoolsest registratuurist m\u00f6\u00f6da ja puidust trepist alla (j\u00e4lgi viidet \u2019\u2019Kiiritusravi \u2193\u2019\u2019).<\/strong> \u00dcldregistratuuri suunduma ei pea!<\/p>\n\n\n\n<div style=\"height:14px\" aria-hidden=\"true\" class=\"wp-block-spacer\"><\/div>\n\n\n\n<h4 class=\"wp-block-heading\">SAABUMINE KIIRITUSRAVI PLANEERIMISUURINGUTELE<\/h4>\n\n\n\n<ul class=\"wp-block-list\">\n<li>V\u00f5tke kaasa isikut t\u00f5endav dokument.<\/li>\n\n\n\n<li>Riietuge lihtsasti eemaldatavatesse riietesse.<\/li>\n\n\n\n<li>J\u00e4tke koju v\u00e4\u00e4risasjad (nt ehted).<\/li>\n<\/ul>\n\n\n\n<p><strong>J-korpuse 0-korrusele saabudes andke palun oma saabumisest teada kiiritusravi sekret\u00e4rile ning j\u00e4\u00e4ge ootealale.<\/strong> Kohale palume tulla kokkulepitud ajal.<\/p>\n\n\n\n<ul class=\"wp-block-list\">\n<li>Kiiritusravi sekret\u00e4r lepib teiega kokku esmased raviajad.<\/li>\n<\/ul>\n\n\n\n<p><strong>Kiiritusravitehnikud kutsuvad teid uuringuruumi ja viivad l\u00e4bi ka protseduuri.<\/strong><\/p>\n\n\n\n<ul class=\"wp-block-list\">\n<li>Uuring tehakse ainult sellest piirkonnast, kuhu planeeritakse kiiritusravi.<\/li>\n\n\n\n<li>Uuritav ning hiljem kiiritatav piirkond peab olema paljas. See t\u00e4hendab, et peate vajadusel osaliselt lahti riietuma.<\/li>\n\n\n\n<li>Vajadusel teostatakse teile ka kontrastainega uuring. Kui teil on allergia kontrastaine vastu, siis teavitage uuringule tulles kindlasti raviarsti ja uuringut l\u00e4biviivat radioloogiatehnikut.<\/li>\n\n\n\n<li>Alates raviplaneerimise uuringust kuni kiiritusravi viimase p\u00e4evani peab teie kehaasend olema protseduuril t\u00e4pselt \u00fchesugune \u2013 ainult niimoodi tagatakse kiiritusravi t\u00e4pne teostus. Seep\u00e4rast kasutatakse kiiritusravis erinevaid keha immobiliseerimisvahendeid, mis valitakse vastavalt sellele, millist kehapiirkonda on vaja kiiritada. Need alused ei pruugi olla v\u00e4ga mugavad, kuid nad on valmistatud spetsiaalselt kiirgust l\u00e4bilaskvast materjalist ja pehmemat alust kasutada pole v\u00f5imalik. T\u00e4htis on immobiliseerimisaluse peal tunda end v\u00f5imalik l\u00f5dvestunult, mitte end liigutada ega kramplikult hoida.<\/li>\n\n\n\n<li>Juhul, kui teil kliinikus rohkem kokku lepitud kohtumisi v\u00f5i uuringuid pole, siis olete peale ravi planeerimise uuringut vaba.<\/li>\n<\/ul>\n\n\n<div class=\"wp-block-image\">\n<figure class=\"aligncenter size-full is-resized\"><img loading=\"lazy\" decoding=\"async\" width=\"945\" height=\"630\" src=\"https:\/\/www.kliinikum.ee\/ho\/wp-content\/uploads\/2026\/01\/image.png\" alt=\"\" class=\"wp-image-6705\" style=\"aspect-ratio:1.5000450734697557;width:700px;height:auto\" srcset=\"https:\/\/www.kliinikum.ee\/ho\/wp-content\/uploads\/2026\/01\/image.png 945w, https:\/\/www.kliinikum.ee\/ho\/wp-content\/uploads\/2026\/01\/image-300x200.png 300w, https:\/\/www.kliinikum.ee\/ho\/wp-content\/uploads\/2026\/01\/image-768x512.png 768w\" sizes=\"auto, (max-width: 945px) 100vw, 945px\" \/><\/figure>\n<\/div>\n\n\n<p><strong>Seej\u00e4rel hakatakse koostama teie isiklikku kiiritusraviplaani, mille koostamisest v\u00f5tavad osa kiiritusravitehnikud, raviarst ja meditsiinif\u00fc\u00fcsik.<\/strong><\/p>\n\n\n\n<ul class=\"wp-block-list\">\n<li>Plaani koostamine v\u00f5tab aega tavaliselt kuni 2 n\u00e4dalat. Kui plaan on valmis, jagatakse ravi mitmeks ravikorraks. See t\u00e4hendab, et kiiritusravile tuleb tulla s\u00f5ltuvalt ravist 1-35 korda. T\u00e4psema info oma raviplaani kohta saate raviarstilt.<\/li>\n<\/ul>\n\n\n\n<p><strong>Uuringu aja muutmiseks\/ t\u00fchistamiseks:<\/strong><\/p>\n\n\n\n<ul class=\"wp-block-list\">\n<li>helistage telefonile 731 9077 (E-R 8.00-17.00)<\/li>\n<\/ul>\n\n\n\n<div style=\"height:19px\" aria-hidden=\"true\" class=\"wp-block-spacer\"><\/div>\n\n\n\n<h4 class=\"wp-block-heading\">SAABUMINE KIIRITUSRAVI 1. P\u00c4EVALE<\/h4>\n\n\n\n<ul class=\"wp-block-list\">\n<li>Osakonda j\u00f5udes teavitage palun sekret\u00e4ri ja j\u00e4\u00e4ge ootealale.<\/li>\n<\/ul>\n\n\n\n<p><strong>Esmalt kohtute oma raviarstiga<\/strong>, kes r\u00e4\u00e4gib, mis teid ees ootab, kirjeldab, kuidas kiiritusravi v\u00e4lja n\u00e4gema hakkab ning millised v\u00f5ivad olla v\u00f5imalikud varajased ja hilised k\u00f5rvaltoimed, mis raviga kaasnevad. Samuti tutvustatakse erinevaid v\u00f5imalusi ps\u00fchholoogilise toetuse saamiseks ja nahahoolduse n\u00f5ustamisv\u00f5imalusi.<\/p>\n\n\n\n<ul class=\"wp-block-list\">\n<li>P\u00e4rast raviarstiga r\u00e4\u00e4kimist j\u00e4\u00e4te ootama kiiritusravi ootealale, kuniks teid edasi kutsutakse.<\/li>\n<\/ul>\n\n\n\n<p>Teid v\u00f5tavad vastu kiiritusravitehnikud suunates teid raviruumi.<\/p>\n\n\n\n<ul class=\"wp-block-list\">\n<li>Raviruumis palutakse teil vastavalt ravitavale piirkonnale eemaldada riided.<\/li>\n\n\n\n<li>Teie asend raviajal on samasugune nagu oli raviplaneerimise uuringu ajal.<\/li>\n\n\n\n<li>Kiiritusravitehnikud positsioneerivad teid ravi asendisse ja selgitavad protseduuri olemust. Raviajal peate lamama liikumatult. Raviajal viibite ruumis \u00fcksi.<\/li>\n\n\n\n<li>Teie kehaasendi s\u00e4ttimiseks kasutatakse spetsiaalset seadet, mis skaneerib teie nahapinda ning mille abil saab teie asendit s\u00e4ttida nii nagu see oli raviplaneerimiseuuringul.<\/li>\n\n\n\n<li>Personal j\u00e4lgib teid kogu ravi v\u00e4ltel kaamerate vahendusel ja vajadusel suhtlevad l\u00e4bi mikrofoni.<\/li>\n\n\n\n<li>Kui midagi peaks ravi protseduuri ajal h\u00e4irima, saate sellest anda m\u00e4rku k\u00e4ega viibates v\u00f5i h\u00e4\u00e4lt tehes.<\/li>\n<\/ul>\n\n\n\n<p>Kiiritusravitehnikud kontrollivad teie asendit kontrolluuringu abil ja olles veendunud asendi korrektsuses, alustatakse raviga. Patsientidel, kellele on tehtud fikseerimismask, on vajalikud m\u00e4rgistused joonistatud maski peale.&nbsp;T\u00e4psemat informatsiooni saate radioloogiatehnikutelt.<\/p>\n\n\n\n<p>Kiiritusravi on valutu ja te ei tunne sel ajal midagi. Raviaparaat kiiritab teid erinevate nurkade alt, sest nii on v\u00f5imalik maksimaalselt s\u00e4\u00e4sta terveid kudesid ja organeid, mis kasvajat \u00fcmbritsevad. Nurkade j\u00e4rjekord v\u00f5ib igap\u00e4evaselt olla erinev, sest j\u00e4rjekorra valib radioloogia\u00adtehnik, kes parasjagu aparaati juhib. Tulemus sellest ei s\u00f5ltu.<\/p>\n\n\n\n<p>Kogu kiiritusravi protseduur kestab kokku 15-30 min.<\/p>\n\n\n\n<p><strong>Kogu ravi v\u00e4ltel on teil v\u00f5imalik kohtuda raviarstiga ja vajadusel k\u00fcsida n\u00f5u ja infot kiiritusravitehnikutelt.<\/strong><\/p>\n\n\n\n<p><strong>J\u00e4rgmistel raviseanssidel&nbsp;<\/strong>teavitage samuti saabudes sekret\u00e4ri ning j\u00e4\u00e4ge ootama. Radioloogiatehnikud kutsuvad, kui k\u00e4es on Teie kord siseneda kiiritusravi ruumi.<strong><\/strong><\/p>\n\n\n\n<div style=\"height:16px\" aria-hidden=\"true\" class=\"wp-block-spacer\"><\/div>\n\n\n\n<h4 class=\"wp-block-heading\">OLULINE INFO<\/h4>\n\n\n\n<ul class=\"wp-block-list\">\n<li>Kiiritusravi teostatakse igal t\u00f6\u00f6p\u00e4eval.<\/li>\n\n\n\n<li>Juhul, kui te m\u00f5nel p\u00e4eval tulla ei saa, informeerige sellest esimesel v\u00f5imalusel telefoni teel kiiritusravi sekret\u00e4ri (731 9077). Vahele j\u00e4\u00e4nud ravikord lisandub ravi esialgsele l\u00f5pukuup\u00e4evale.<\/li>\n\n\n\n<li>Kuna kiiritusravi on t\u00e4ielikult s\u00f5ltuv aparatuuri korrasolekust, v\u00f5ib juhtuda, et teie raviseansi kellaaeg nihkub edasi v\u00f5i j\u00e4\u00e4b ravi \u00e4ra. Sellisel juhul teavitatakse teid esimesel v\u00f5imalusel telefoni teel. Aparaadi rike v\u00f5ib juhtuda ootamatult, seega palume m\u00f5istvat suhtumist ja kannatlikkust. Ravipersonal teeb k\u00f5ik endast oleneva, et normaalne t\u00f6\u00f6voog kiiresti taastada.<\/li>\n\n\n\n<li>Kiiritusravi m\u00f5ju on lokaalne, mis t\u00e4hendab seda, et kui kiiritatakse n\u00e4iteks pead, siis kiirgus ei m\u00f5ju vaagnapiirkonnale. Vastavalt kiiritatavale piirkonnale v\u00f5ivad tekkida ka raviga kaasnevad k\u00f5rvaltoimed. T\u00e4psemat informatsiooni k\u00fcsige ravipersonali k\u00e4est.<\/li>\n<\/ul>\n\n\n\n<div style=\"height:15px\" aria-hidden=\"true\" class=\"wp-block-spacer\"><\/div>\n\n\n\n<h4 class=\"wp-block-heading\">KORDUMA KIPPUVAD K\u00dcSIMUSED<\/h4>\n\n\n\n<ul class=\"wp-block-list\">\n<li><strong>Millist kiirgust kiiritusravis kasutatakse?<\/strong>&nbsp;Kasutatakse ioniseerivat kiirgust.<\/li>\n\n\n\n<li><strong>Kas olete radioaktiivne p\u00e4rast kiiritusravi?<\/strong>&nbsp;Ei, te ei ole radioaktiivne ja te ei kiirga p\u00e4rast kiiritusravi. Olete t\u00e4iesti ohutu k\u00f5ikidele teid \u00fcmbritsevatele inimestele.<\/li>\n\n\n\n<li><strong>Kas kiiritusravi k\u00f5rvaltoimed muudavad teie elure\u017eiimi?<\/strong>&nbsp;Mitte alati. Enamik patsiente on v\u00f5imelised t\u00f6\u00f6l k\u00e4ima, tegema koduseid toimetusi ja elama aktiivset elu ka kiiritusravi ajal.<\/li>\n\n\n\n<li><strong>Kas juuksed langevad v\u00e4lja?<\/strong>&nbsp;Kiiritusravi v\u00f5ib p\u00f5hjustada ajutise v\u00f5i alalise juuste v\u00e4ljalangemise ainult kiiritatud piirkonnas (peapiirkond). K\u00fcsige oma raviarstilt selle kohta lisainformatsiooni.<\/li>\n\n\n\n<li><strong>Kas kiiritusravi ajal v\u00f5ib autot juhtida?<\/strong>&nbsp;V\u00f5ib, kui te ei tunne suurt v\u00e4simust ega uimasust. Autot pole soovitatav juhtida peaaju kiiritusravi saaval patsiendil.<\/li>\n\n\n\n<li><strong>Kas ma tohin ennast pesta?<\/strong>&nbsp;Isiklik h\u00fcgieen on v\u00e4ga t\u00e4htis. Te v\u00f5ite pesta ennast nagu tavaliselt, ettevaatlik tuleb olla kiiritusravi saava piirkonnaga. J\u00e4lgige, et te ei h\u00f5\u00f5ruks maha keha peal olevaid m\u00e4rgistusi. Kiiritusravile tulge palun puhta nahaga, deodorant ja kreemid on kiiritatavas piirkonnas keelatud!<\/li>\n\n\n\n<li><strong>Kas ma saunas v\u00f5in k\u00e4ia?<\/strong>&nbsp;Tohib, aga leili ei tohi v\u00f5tta.<\/li>\n\n\n\n<li><strong>Mis saab p\u00e4rast kiiritusravi?<\/strong>&nbsp;Ravi l\u00f5ppedes m\u00e4\u00e4ratakse teile arsti vastuv\u00f5tu aeg ja vajadusel tehakse radioloogilised uuringud. Vastuv\u00f5tul hindab arst ravitulemust ning otsustab edasise ravi vajalikkuse \u00fcle.<\/li>\n<\/ul>\n\n\n<div class=\"wp-block-image\">\n<figure class=\"aligncenter size-full is-resized\"><img loading=\"lazy\" decoding=\"async\" width=\"945\" height=\"630\" src=\"https:\/\/www.kliinikum.ee\/ho\/wp-content\/uploads\/2026\/01\/image-1.png\" alt=\"\" class=\"wp-image-6718\" style=\"width:689px;height:auto\" srcset=\"https:\/\/www.kliinikum.ee\/ho\/wp-content\/uploads\/2026\/01\/image-1.png 945w, https:\/\/www.kliinikum.ee\/ho\/wp-content\/uploads\/2026\/01\/image-1-300x200.png 300w, https:\/\/www.kliinikum.ee\/ho\/wp-content\/uploads\/2026\/01\/image-1-768x512.png 768w\" sizes=\"auto, (max-width: 945px) 100vw, 945px\" \/><\/figure>\n<\/div>\n\n\n<p><\/p>\n","protected":false},"excerpt":{"rendered":"<p>Kiiritusravi protseduurile tulles palume tulla J-korpuse 0-korrusele. Lunini tn poolsest peauksest tulles liikuda parempoolsest registratuurist m\u00f6\u00f6da ja puidust trepist alla (j\u00e4lgi viidet \u2019\u2019Kiiritusravi \u2193\u2019\u2019). \u00dcldregistratuuri suunduma ei pea! SAABUMINE KIIRITUSRAVI PLANEERIMISUURINGUTELE J-korpuse 0-korrusele saabudes andke palun oma saabumisest teada kiiritusravi sekret\u00e4rile ning j\u00e4\u00e4ge ootealale. Kohale palume tulla kokkulepitud ajal. Kiiritusravitehnikud kutsuvad teid uuringuruumi ja viivad [&hellip;]<\/p>\n","protected":false},"author":34,"featured_media":0,"parent":15,"menu_order":0,"comment_status":"closed","ping_status":"closed","template":"","meta":{"_acf_changed":false,"_uag_custom_page_level_css":"","footnotes":""},"class_list":["post-6426","page","type-page","status-publish","hentry"],"acf":[],"yoast_head":"<!-- This site is optimized with the Yoast SEO plugin v27.4 - https:\/\/yoast.com\/product\/yoast-seo-wordpress\/ -->\n<title>Kiiritusravi - Hematoloogia-onkoloogia kliinik<\/title>\n<meta name=\"robots\" content=\"index, follow, max-snippet:-1, max-image-preview:large, max-video-preview:-1\" \/>\n<link rel=\"canonical\" href=\"https:\/\/www.kliinikum.ee\/ho\/patsiendile\/kiiritusravi\/\" \/>\n<meta property=\"og:locale\" content=\"et_EE\" \/>\n<meta property=\"og:type\" content=\"article\" \/>\n<meta property=\"og:title\" content=\"Kiiritusravi - Hematoloogia-onkoloogia kliinik\" \/>\n<meta property=\"og:description\" content=\"Kiiritusravi protseduurile tulles palume tulla J-korpuse 0-korrusele. Lunini tn poolsest peauksest tulles liikuda parempoolsest registratuurist m\u00f6\u00f6da ja puidust trepist alla (j\u00e4lgi viidet \u2019\u2019Kiiritusravi \u2193\u2019\u2019). \u00dcldregistratuuri suunduma ei pea! SAABUMINE KIIRITUSRAVI PLANEERIMISUURINGUTELE J-korpuse 0-korrusele saabudes andke palun oma saabumisest teada kiiritusravi sekret\u00e4rile ning j\u00e4\u00e4ge ootealale. Kohale palume tulla kokkulepitud ajal. Kiiritusravitehnikud kutsuvad teid uuringuruumi ja viivad [&hellip;]\" \/>\n<meta property=\"og:url\" content=\"https:\/\/www.kliinikum.ee\/ho\/patsiendile\/kiiritusravi\/\" \/>\n<meta property=\"og:site_name\" content=\"Hematoloogia-onkoloogia kliinik\" \/>\n<meta property=\"article:modified_time\" content=\"2026-01-26T09:14:27+00:00\" \/>\n<meta property=\"og:image\" content=\"https:\/\/www.kliinikum.ee\/ho\/wp-content\/uploads\/2026\/01\/image.png\" \/>\n\t<meta property=\"og:image:width\" content=\"945\" \/>\n\t<meta property=\"og:image:height\" content=\"630\" \/>\n\t<meta property=\"og:image:type\" content=\"image\/png\" \/>\n<meta name=\"twitter:card\" content=\"summary_large_image\" \/>\n<meta name=\"twitter:label1\" content=\"Est. reading time\" \/>\n\t<meta name=\"twitter:data1\" content=\"5 minutit\" \/>\n<script type=\"application\/ld+json\" class=\"yoast-schema-graph\">{\"@context\":\"https:\\\/\\\/schema.org\",\"@graph\":[{\"@type\":\"WebPage\",\"@id\":\"https:\\\/\\\/www.kliinikum.ee\\\/ho\\\/patsiendile\\\/kiiritusravi\\\/\",\"url\":\"https:\\\/\\\/www.kliinikum.ee\\\/ho\\\/patsiendile\\\/kiiritusravi\\\/\",\"name\":\"Kiiritusravi - Hematoloogia-onkoloogia kliinik\",\"isPartOf\":{\"@id\":\"https:\\\/\\\/www.kliinikum.ee\\\/ho\\\/#website\"},\"primaryImageOfPage\":{\"@id\":\"https:\\\/\\\/www.kliinikum.ee\\\/ho\\\/patsiendile\\\/kiiritusravi\\\/#primaryimage\"},\"image\":{\"@id\":\"https:\\\/\\\/www.kliinikum.ee\\\/ho\\\/patsiendile\\\/kiiritusravi\\\/#primaryimage\"},\"thumbnailUrl\":\"https:\\\/\\\/www.kliinikum.ee\\\/ho\\\/wp-content\\\/uploads\\\/2026\\\/01\\\/image.png\",\"datePublished\":\"2025-04-14T08:15:11+00:00\",\"dateModified\":\"2026-01-26T09:14:27+00:00\",\"breadcrumb\":{\"@id\":\"https:\\\/\\\/www.kliinikum.ee\\\/ho\\\/patsiendile\\\/kiiritusravi\\\/#breadcrumb\"},\"inLanguage\":\"et\",\"potentialAction\":[{\"@type\":\"ReadAction\",\"target\":[\"https:\\\/\\\/www.kliinikum.ee\\\/ho\\\/patsiendile\\\/kiiritusravi\\\/\"]}]},{\"@type\":\"ImageObject\",\"inLanguage\":\"et\",\"@id\":\"https:\\\/\\\/www.kliinikum.ee\\\/ho\\\/patsiendile\\\/kiiritusravi\\\/#primaryimage\",\"url\":\"https:\\\/\\\/www.kliinikum.ee\\\/ho\\\/wp-content\\\/uploads\\\/2026\\\/01\\\/image.png\",\"contentUrl\":\"https:\\\/\\\/www.kliinikum.ee\\\/ho\\\/wp-content\\\/uploads\\\/2026\\\/01\\\/image.png\",\"width\":945,\"height\":630},{\"@type\":\"BreadcrumbList\",\"@id\":\"https:\\\/\\\/www.kliinikum.ee\\\/ho\\\/patsiendile\\\/kiiritusravi\\\/#breadcrumb\",\"itemListElement\":[{\"@type\":\"ListItem\",\"position\":1,\"name\":\"Home\",\"item\":\"https:\\\/\\\/www.kliinikum.ee\\\/ho\\\/\"},{\"@type\":\"ListItem\",\"position\":2,\"name\":\"Patsiendile\",\"item\":\"https:\\\/\\\/www.kliinikum.ee\\\/ho\\\/patsiendile\\\/\"},{\"@type\":\"ListItem\",\"position\":3,\"name\":\"Kiiritusravi\"}]},{\"@type\":\"WebSite\",\"@id\":\"https:\\\/\\\/www.kliinikum.ee\\\/ho\\\/#website\",\"url\":\"https:\\\/\\\/www.kliinikum.ee\\\/ho\\\/\",\"name\":\"Hematoloogia-onkoloogia kliinik\",\"description\":\"Hoolivus, Uuendusmeelsus, P\u00e4devus ja Usaldusv\u00e4\u00e4rsus\",\"potentialAction\":[{\"@type\":\"SearchAction\",\"target\":{\"@type\":\"EntryPoint\",\"urlTemplate\":\"https:\\\/\\\/www.kliinikum.ee\\\/ho\\\/?s={search_term_string}\"},\"query-input\":{\"@type\":\"PropertyValueSpecification\",\"valueRequired\":true,\"valueName\":\"search_term_string\"}}],\"inLanguage\":\"et\"}]}<\/script>\n<!-- \/ Yoast SEO plugin. -->","yoast_head_json":{"title":"Kiiritusravi - Hematoloogia-onkoloogia kliinik","robots":{"index":"index","follow":"follow","max-snippet":"max-snippet:-1","max-image-preview":"max-image-preview:large","max-video-preview":"max-video-preview:-1"},"canonical":"https:\/\/www.kliinikum.ee\/ho\/patsiendile\/kiiritusravi\/","og_locale":"et_EE","og_type":"article","og_title":"Kiiritusravi - Hematoloogia-onkoloogia kliinik","og_description":"Kiiritusravi protseduurile tulles palume tulla J-korpuse 0-korrusele. Lunini tn poolsest peauksest tulles liikuda parempoolsest registratuurist m\u00f6\u00f6da ja puidust trepist alla (j\u00e4lgi viidet \u2019\u2019Kiiritusravi \u2193\u2019\u2019). \u00dcldregistratuuri suunduma ei pea! SAABUMINE KIIRITUSRAVI PLANEERIMISUURINGUTELE J-korpuse 0-korrusele saabudes andke palun oma saabumisest teada kiiritusravi sekret\u00e4rile ning j\u00e4\u00e4ge ootealale. Kohale palume tulla kokkulepitud ajal. Kiiritusravitehnikud kutsuvad teid uuringuruumi ja viivad [&hellip;]","og_url":"https:\/\/www.kliinikum.ee\/ho\/patsiendile\/kiiritusravi\/","og_site_name":"Hematoloogia-onkoloogia kliinik","article_modified_time":"2026-01-26T09:14:27+00:00","og_image":[{"width":945,"height":630,"url":"https:\/\/www.kliinikum.ee\/ho\/wp-content\/uploads\/2026\/01\/image.png","type":"image\/png"}],"twitter_card":"summary_large_image","twitter_misc":{"Est. reading time":"5 minutit"},"schema":{"@context":"https:\/\/schema.org","@graph":[{"@type":"WebPage","@id":"https:\/\/www.kliinikum.ee\/ho\/patsiendile\/kiiritusravi\/","url":"https:\/\/www.kliinikum.ee\/ho\/patsiendile\/kiiritusravi\/","name":"Kiiritusravi - Hematoloogia-onkoloogia kliinik","isPartOf":{"@id":"https:\/\/www.kliinikum.ee\/ho\/#website"},"primaryImageOfPage":{"@id":"https:\/\/www.kliinikum.ee\/ho\/patsiendile\/kiiritusravi\/#primaryimage"},"image":{"@id":"https:\/\/www.kliinikum.ee\/ho\/patsiendile\/kiiritusravi\/#primaryimage"},"thumbnailUrl":"https:\/\/www.kliinikum.ee\/ho\/wp-content\/uploads\/2026\/01\/image.png","datePublished":"2025-04-14T08:15:11+00:00","dateModified":"2026-01-26T09:14:27+00:00","breadcrumb":{"@id":"https:\/\/www.kliinikum.ee\/ho\/patsiendile\/kiiritusravi\/#breadcrumb"},"inLanguage":"et","potentialAction":[{"@type":"ReadAction","target":["https:\/\/www.kliinikum.ee\/ho\/patsiendile\/kiiritusravi\/"]}]},{"@type":"ImageObject","inLanguage":"et","@id":"https:\/\/www.kliinikum.ee\/ho\/patsiendile\/kiiritusravi\/#primaryimage","url":"https:\/\/www.kliinikum.ee\/ho\/wp-content\/uploads\/2026\/01\/image.png","contentUrl":"https:\/\/www.kliinikum.ee\/ho\/wp-content\/uploads\/2026\/01\/image.png","width":945,"height":630},{"@type":"BreadcrumbList","@id":"https:\/\/www.kliinikum.ee\/ho\/patsiendile\/kiiritusravi\/#breadcrumb","itemListElement":[{"@type":"ListItem","position":1,"name":"Home","item":"https:\/\/www.kliinikum.ee\/ho\/"},{"@type":"ListItem","position":2,"name":"Patsiendile","item":"https:\/\/www.kliinikum.ee\/ho\/patsiendile\/"},{"@type":"ListItem","position":3,"name":"Kiiritusravi"}]},{"@type":"WebSite","@id":"https:\/\/www.kliinikum.ee\/ho\/#website","url":"https:\/\/www.kliinikum.ee\/ho\/","name":"Hematoloogia-onkoloogia kliinik","description":"Hoolivus, Uuendusmeelsus, P\u00e4devus ja Usaldusv\u00e4\u00e4rsus","potentialAction":[{"@type":"SearchAction","target":{"@type":"EntryPoint","urlTemplate":"https:\/\/www.kliinikum.ee\/ho\/?s={search_term_string}"},"query-input":{"@type":"PropertyValueSpecification","valueRequired":true,"valueName":"search_term_string"}}],"inLanguage":"et"}]}},"uagb_featured_image_src":{"full":false,"thumbnail":false,"medium":false,"medium_large":false,"large":false,"1536x1536":false,"2048x2048":false},"uagb_author_info":{"display_name":"Jane Freimann","author_link":"https:\/\/www.kliinikum.ee\/ho\/author\/janef\/"},"uagb_comment_info":0,"uagb_excerpt":"Kiiritusravi protseduurile tulles palume tulla J-korpuse 0-korrusele. Lunini tn poolsest peauksest tulles liikuda parempoolsest registratuurist m\u00f6\u00f6da ja puidust trepist alla (j\u00e4lgi viidet \u2019\u2019Kiiritusravi \u2193\u2019\u2019). \u00dcldregistratuuri suunduma ei pea! SAABUMINE KIIRITUSRAVI PLANEERIMISUURINGUTELE J-korpuse 0-korrusele saabudes andke palun oma saabumisest teada kiiritusravi sekret\u00e4rile ning j\u00e4\u00e4ge ootealale. Kohale palume tulla kokkulepitud ajal. Kiiritusravitehnikud kutsuvad teid uuringuruumi ja viivad&hellip;","_links":{"self":[{"href":"https:\/\/www.kliinikum.ee\/ho\/wp-json\/wp\/v2\/pages\/6426","targetHints":{"allow":["GET"]}}],"collection":[{"href":"https:\/\/www.kliinikum.ee\/ho\/wp-json\/wp\/v2\/pages"}],"about":[{"href":"https:\/\/www.kliinikum.ee\/ho\/wp-json\/wp\/v2\/types\/page"}],"author":[{"embeddable":true,"href":"https:\/\/www.kliinikum.ee\/ho\/wp-json\/wp\/v2\/users\/34"}],"replies":[{"embeddable":true,"href":"https:\/\/www.kliinikum.ee\/ho\/wp-json\/wp\/v2\/comments?post=6426"}],"version-history":[{"count":0,"href":"https:\/\/www.kliinikum.ee\/ho\/wp-json\/wp\/v2\/pages\/6426\/revisions"}],"up":[{"embeddable":true,"href":"https:\/\/www.kliinikum.ee\/ho\/wp-json\/wp\/v2\/pages\/15"}],"wp:attachment":[{"href":"https:\/\/www.kliinikum.ee\/ho\/wp-json\/wp\/v2\/media?parent=6426"}],"curies":[{"name":"wp","href":"https:\/\/api.w.org\/{rel}","templated":true}]}}